{"id":1446,"date":"2021-06-23T14:23:53","date_gmt":"2021-06-23T11:23:53","guid":{"rendered":"https:\/\/kalkanci.com\/geschichte\/"},"modified":"2021-06-26T13:53:43","modified_gmt":"2021-06-26T10:53:43","slug":"geschichte","status":"publish","type":"page","link":"http:\/\/kalkanci.com\/de\/geschichte\/","title":{"rendered":"Geschichte"},"content":{"rendered":"<div class=\"wpb-content-wrapper\"><p>[vc_row bg_type=&#8220;color&#8220; padding_top_multiplier=&#8220;2x&#8220; bg_color=&#8220;#ffffff&#8220;][vc_column width=&#8220;1\/3&#8243;]<div class=\"eut-empty-space\" style=\"height: 20px;\"><\/div>[vc_column_text]<img loading=\"lazy\" decoding=\"async\" class=\"aligncenter size-large wp-image-853\" src=\"https:\/\/kalkanci.com\/wp-content\/uploads\/2021\/04\/Tarihce-19-1024x811.jpg\" alt=\"Geschichte\" width=\"1024\" height=\"811\" srcset=\"http:\/\/kalkanci.com\/wp-content\/uploads\/2021\/04\/Tarihce-19-1024x811.jpg 1024w, http:\/\/kalkanci.com\/wp-content\/uploads\/2021\/04\/Tarihce-19-300x238.jpg 300w, http:\/\/kalkanci.com\/wp-content\/uploads\/2021\/04\/Tarihce-19-768x608.jpg 768w, http:\/\/kalkanci.com\/wp-content\/uploads\/2021\/04\/Tarihce-19.jpg 1200w\" sizes=\"auto, (max-width: 1024px) 100vw, 1024px\" \/>[\/vc_column_text][\/vc_column][vc_column width=&#8220;2\/3&#8243;]<h1 class=\"eut-element eut-title eut-align-left eut-h1\" style=\"\"><span>Geschichte<\/span><\/h1>[vc_column_text]<\/p>\n<p style=\"text-align: justify;\"><strong>KALKANCI<\/strong>, das im Jahr 1981 seitens H\u00fcseyin PA\u00c7ACI in Istanbul\/Maltepe gegr\u00fcndet wurde, begann seine Aktivit\u00e4ten im Bereich Formherstellung und breitete seine Aktivit\u00e4ten im Jahr 1987 im Bereich Guss aus. Unser Unternehmen zog 1993 in das Fabrikgeb\u00e4ude in Pendik, um den steigenden Anforderungen gerecht zu werden, wonach wir im Jahr 2006 in unser integriertes Werk in Tuzla\/Istanbul zogen, das \u00fcber eine Infrastruktur, die alle Anforderungen der Metallinjektionsindustrie erf\u00fcllt, verf\u00fcgt und setzten hier unsere Aktivit\u00e4ten fort.<\/p>\n<p>[\/vc_column_text]<div class=\"eut-empty-space eut-height-1x\" style=\"\"><\/div>[vc_column_text]<\/p>\n<p style=\"text-align: justify;\"><strong>KALKANCI<\/strong> ist ein dynamisches und innovatives Unternehmen mit fortschrittlichen technischen F\u00e4higkeiten, die mit gro\u00dfer Erfahrung und qualifizierten Mitarbeitern die Anforderungen der Gesamtindustrie erf\u00fcllt und leistet Dienstleistungen f\u00fcr viele verschiedene Sektoren wie der Automobil-, Energie-, Beleuchtungs- und Bauindustrie.<\/p>\n<p>[\/vc_column_text][\/vc_column][\/vc_row][vc_row bg_type=&#8220;color&#8220; padding_top_multiplier=&#8220;custom&#8220; padding_bottom_multiplier=&#8220;custom&#8220; columns_gap=&#8220;20&#8243; bg_color=&#8220;#f7f7f7&#8243; padding_top=&#8220;50&#8243; padding_bottom=&#8220;20&#8243;][vc_column css=&#8220;.vc_custom_1617185370561{padding-right: 5% !important;padding-left: 5% !important;}&#8220;]<div class=\"eut-element eut-gallery eut-isotope eut-gallery-popup eut-with-gap\" style=\"\" data-columns=\"3\" data-columns-large-screen=\"3\" data-columns-tablet-landscape=\"3\" data-columns-tablet-portrait=\"3\" data-columns-mobile=\"2\" data-layout=\"fitRows\" data-gutter-size=\"30\">  <div class=\"eut-isotope-container\"><div class=\"eut-isotope-item eut-hover-item eut-hover-style-none\"><div class=\"eut-isotope-item-inner eut-zoom-in\">  <figure class=\"eut-image-hover\">    <a class=\"eut-item-url\" href=\"http:\/\/kalkanci.com\/wp-content\/uploads\/2021\/04\/Tarihce-05.jpg\" ><\/a>    <div class=\"eut-hover-overlay eut-bg-blue eut-opacity-30\"><\/div><div class=\"eut-media\"><img loading=\"lazy\" decoding=\"async\" width=\"560\" height=\"560\" src=\"http:\/\/kalkanci.com\/wp-content\/uploads\/2021\/04\/Tarihce-05-560x560.jpg\" class=\"attachment-fildisi-eutf-small-square size-fildisi-eutf-small-square\" alt=\"Tarih\u00e7e\" srcset=\"http:\/\/kalkanci.com\/wp-content\/uploads\/2021\/04\/Tarihce-05-560x560.jpg 560w, http:\/\/kalkanci.com\/wp-content\/uploads\/2021\/04\/Tarihce-05-300x300.jpg 300w, http:\/\/kalkanci.com\/wp-content\/uploads\/2021\/04\/Tarihce-05-1024x1024.jpg 1024w, http:\/\/kalkanci.com\/wp-content\/uploads\/2021\/04\/Tarihce-05-150x150.jpg 150w, http:\/\/kalkanci.com\/wp-content\/uploads\/2021\/04\/Tarihce-05-768x768.jpg 768w, http:\/\/kalkanci.com\/wp-content\/uploads\/2021\/04\/Tarihce-05-900x900.jpg 900w, http:\/\/kalkanci.com\/wp-content\/uploads\/2021\/04\/Tarihce-05.jpg 1200w\" sizes=\"auto, (max-width: 560px) 100vw, 560px\" \/><\/div>  <\/figure><\/div><\/div><div class=\"eut-isotope-item eut-hover-item eut-hover-style-none\"><div class=\"eut-isotope-item-inner eut-zoom-in\">  <figure class=\"eut-image-hover\">    <a class=\"eut-item-url\" href=\"http:\/\/kalkanci.com\/wp-content\/uploads\/2021\/04\/Tarihce-06.jpg\" ><\/a>    <div class=\"eut-hover-overlay eut-bg-blue eut-opacity-30\"><\/div><div class=\"eut-media\"><img loading=\"lazy\" decoding=\"async\" width=\"560\" height=\"560\" src=\"http:\/\/kalkanci.com\/wp-content\/uploads\/2021\/04\/Tarihce-06-560x560.jpg\" class=\"attachment-fildisi-eutf-small-square size-fildisi-eutf-small-square\" alt=\"Tarih\u00e7e\" srcset=\"http:\/\/kalkanci.com\/wp-content\/uploads\/2021\/04\/Tarihce-06-560x560.jpg 560w, http:\/\/kalkanci.com\/wp-content\/uploads\/2021\/04\/Tarihce-06-300x300.jpg 300w, http:\/\/kalkanci.com\/wp-content\/uploads\/2021\/04\/Tarihce-06-1024x1024.jpg 1024w, http:\/\/kalkanci.com\/wp-content\/uploads\/2021\/04\/Tarihce-06-150x150.jpg 150w, http:\/\/kalkanci.com\/wp-content\/uploads\/2021\/04\/Tarihce-06-768x768.jpg 768w, http:\/\/kalkanci.com\/wp-content\/uploads\/2021\/04\/Tarihce-06-900x900.jpg 900w, http:\/\/kalkanci.com\/wp-content\/uploads\/2021\/04\/Tarihce-06.jpg 1200w\" sizes=\"auto, (max-width: 560px) 100vw, 560px\" \/><\/div>  <\/figure><\/div><\/div><div class=\"eut-isotope-item eut-hover-item eut-hover-style-none\"><div class=\"eut-isotope-item-inner eut-zoom-in\">  <figure class=\"eut-image-hover\">    <a class=\"eut-item-url\" href=\"http:\/\/kalkanci.com\/wp-content\/uploads\/2021\/04\/Tarihce-07.jpg\" ><\/a>    <div class=\"eut-hover-overlay eut-bg-blue eut-opacity-30\"><\/div><div class=\"eut-media\"><img loading=\"lazy\" decoding=\"async\" width=\"560\" height=\"560\" src=\"http:\/\/kalkanci.com\/wp-content\/uploads\/2021\/04\/Tarihce-07-560x560.jpg\" class=\"attachment-fildisi-eutf-small-square size-fildisi-eutf-small-square\" alt=\"Tarih\u00e7e\" srcset=\"http:\/\/kalkanci.com\/wp-content\/uploads\/2021\/04\/Tarihce-07-560x560.jpg 560w, http:\/\/kalkanci.com\/wp-content\/uploads\/2021\/04\/Tarihce-07-300x300.jpg 300w, http:\/\/kalkanci.com\/wp-content\/uploads\/2021\/04\/Tarihce-07-1024x1024.jpg 1024w, http:\/\/kalkanci.com\/wp-content\/uploads\/2021\/04\/Tarihce-07-150x150.jpg 150w, http:\/\/kalkanci.com\/wp-content\/uploads\/2021\/04\/Tarihce-07-768x768.jpg 768w, http:\/\/kalkanci.com\/wp-content\/uploads\/2021\/04\/Tarihce-07-900x900.jpg 900w, http:\/\/kalkanci.com\/wp-content\/uploads\/2021\/04\/Tarihce-07.jpg 1200w\" sizes=\"auto, (max-width: 560px) 100vw, 560px\" \/><\/div>  <\/figure><\/div><\/div><div class=\"eut-isotope-item eut-hover-item eut-hover-style-none\"><div class=\"eut-isotope-item-inner eut-zoom-in\">  <figure class=\"eut-image-hover\">    <a class=\"eut-item-url\" href=\"http:\/\/kalkanci.com\/wp-content\/uploads\/2021\/04\/Tarihce-08.jpg\" ><\/a>    <div class=\"eut-hover-overlay eut-bg-blue eut-opacity-30\"><\/div><div class=\"eut-media\"><img loading=\"lazy\" decoding=\"async\" width=\"560\" height=\"560\" src=\"http:\/\/kalkanci.com\/wp-content\/uploads\/2021\/04\/Tarihce-08-560x560.jpg\" class=\"attachment-fildisi-eutf-small-square size-fildisi-eutf-small-square\" alt=\"Tarih\u00e7e\" srcset=\"http:\/\/kalkanci.com\/wp-content\/uploads\/2021\/04\/Tarihce-08-560x560.jpg 560w, http:\/\/kalkanci.com\/wp-content\/uploads\/2021\/04\/Tarihce-08-300x300.jpg 300w, http:\/\/kalkanci.com\/wp-content\/uploads\/2021\/04\/Tarihce-08-1024x1024.jpg 1024w, http:\/\/kalkanci.com\/wp-content\/uploads\/2021\/04\/Tarihce-08-150x150.jpg 150w, http:\/\/kalkanci.com\/wp-content\/uploads\/2021\/04\/Tarihce-08-768x768.jpg 768w, http:\/\/kalkanci.com\/wp-content\/uploads\/2021\/04\/Tarihce-08-900x900.jpg 900w, http:\/\/kalkanci.com\/wp-content\/uploads\/2021\/04\/Tarihce-08.jpg 1200w\" sizes=\"auto, (max-width: 560px) 100vw, 560px\" \/><\/div>  <\/figure><\/div><\/div><div class=\"eut-isotope-item eut-hover-item eut-hover-style-none\"><div class=\"eut-isotope-item-inner eut-zoom-in\">  <figure class=\"eut-image-hover\">    <a class=\"eut-item-url\" href=\"http:\/\/kalkanci.com\/wp-content\/uploads\/2021\/04\/Tarihce-09.jpg\" ><\/a>    <div class=\"eut-hover-overlay eut-bg-blue eut-opacity-30\"><\/div><div class=\"eut-media\"><img loading=\"lazy\" decoding=\"async\" width=\"560\" height=\"560\" src=\"http:\/\/kalkanci.com\/wp-content\/uploads\/2021\/04\/Tarihce-09-560x560.jpg\" class=\"attachment-fildisi-eutf-small-square size-fildisi-eutf-small-square\" alt=\"Tarih\u00e7e\" srcset=\"http:\/\/kalkanci.com\/wp-content\/uploads\/2021\/04\/Tarihce-09-560x560.jpg 560w, http:\/\/kalkanci.com\/wp-content\/uploads\/2021\/04\/Tarihce-09-300x300.jpg 300w, http:\/\/kalkanci.com\/wp-content\/uploads\/2021\/04\/Tarihce-09-1024x1024.jpg 1024w, http:\/\/kalkanci.com\/wp-content\/uploads\/2021\/04\/Tarihce-09-150x150.jpg 150w, http:\/\/kalkanci.com\/wp-content\/uploads\/2021\/04\/Tarihce-09-768x768.jpg 768w, http:\/\/kalkanci.com\/wp-content\/uploads\/2021\/04\/Tarihce-09-900x900.jpg 900w, http:\/\/kalkanci.com\/wp-content\/uploads\/2021\/04\/Tarihce-09.jpg 1200w\" sizes=\"auto, (max-width: 560px) 100vw, 560px\" \/><\/div>  <\/figure><\/div><\/div><div class=\"eut-isotope-item eut-hover-item eut-hover-style-none\"><div class=\"eut-isotope-item-inner eut-zoom-in\">  <figure class=\"eut-image-hover\">    <a class=\"eut-item-url\" href=\"http:\/\/kalkanci.com\/wp-content\/uploads\/2021\/04\/Tarihce-10.jpg\" ><\/a>    <div class=\"eut-hover-overlay eut-bg-blue eut-opacity-30\"><\/div><div class=\"eut-media\"><img loading=\"lazy\" decoding=\"async\" width=\"560\" height=\"560\" src=\"http:\/\/kalkanci.com\/wp-content\/uploads\/2021\/04\/Tarihce-10-560x560.jpg\" class=\"attachment-fildisi-eutf-small-square size-fildisi-eutf-small-square\" alt=\"Tarih\u00e7e\" srcset=\"http:\/\/kalkanci.com\/wp-content\/uploads\/2021\/04\/Tarihce-10-560x560.jpg 560w, http:\/\/kalkanci.com\/wp-content\/uploads\/2021\/04\/Tarihce-10-300x300.jpg 300w, http:\/\/kalkanci.com\/wp-content\/uploads\/2021\/04\/Tarihce-10-1024x1024.jpg 1024w, http:\/\/kalkanci.com\/wp-content\/uploads\/2021\/04\/Tarihce-10-150x150.jpg 150w, http:\/\/kalkanci.com\/wp-content\/uploads\/2021\/04\/Tarihce-10-768x768.jpg 768w, http:\/\/kalkanci.com\/wp-content\/uploads\/2021\/04\/Tarihce-10-900x900.jpg 900w, http:\/\/kalkanci.com\/wp-content\/uploads\/2021\/04\/Tarihce-10.jpg 1200w\" sizes=\"auto, (max-width: 560px) 100vw, 560px\" \/><\/div>  <\/figure><\/div><\/div><div class=\"eut-isotope-item eut-hover-item eut-hover-style-none\"><div class=\"eut-isotope-item-inner eut-zoom-in\">  <figure class=\"eut-image-hover\">    <a class=\"eut-item-url\" href=\"http:\/\/kalkanci.com\/wp-content\/uploads\/2021\/04\/Tarihce-11.jpg\" ><\/a>    <div class=\"eut-hover-overlay eut-bg-blue eut-opacity-30\"><\/div><div class=\"eut-media\"><img loading=\"lazy\" decoding=\"async\" width=\"560\" height=\"560\" src=\"http:\/\/kalkanci.com\/wp-content\/uploads\/2021\/04\/Tarihce-11-560x560.jpg\" class=\"attachment-fildisi-eutf-small-square size-fildisi-eutf-small-square\" alt=\"Tarih\u00e7e\" srcset=\"http:\/\/kalkanci.com\/wp-content\/uploads\/2021\/04\/Tarihce-11-560x560.jpg 560w, http:\/\/kalkanci.com\/wp-content\/uploads\/2021\/04\/Tarihce-11-300x300.jpg 300w, http:\/\/kalkanci.com\/wp-content\/uploads\/2021\/04\/Tarihce-11-1024x1024.jpg 1024w, http:\/\/kalkanci.com\/wp-content\/uploads\/2021\/04\/Tarihce-11-150x150.jpg 150w, http:\/\/kalkanci.com\/wp-content\/uploads\/2021\/04\/Tarihce-11-768x768.jpg 768w, http:\/\/kalkanci.com\/wp-content\/uploads\/2021\/04\/Tarihce-11-900x900.jpg 900w, http:\/\/kalkanci.com\/wp-content\/uploads\/2021\/04\/Tarihce-11.jpg 1200w\" sizes=\"auto, (max-width: 560px) 100vw, 560px\" \/><\/div>  <\/figure><\/div><\/div><div class=\"eut-isotope-item eut-hover-item eut-hover-style-none\"><div class=\"eut-isotope-item-inner eut-zoom-in\">  <figure class=\"eut-image-hover\">    <a class=\"eut-item-url\" href=\"http:\/\/kalkanci.com\/wp-content\/uploads\/2021\/04\/Tarihce-12.jpg\" ><\/a>    <div class=\"eut-hover-overlay eut-bg-blue eut-opacity-30\"><\/div><div class=\"eut-media\"><img loading=\"lazy\" decoding=\"async\" width=\"560\" height=\"560\" src=\"http:\/\/kalkanci.com\/wp-content\/uploads\/2021\/04\/Tarihce-12-560x560.jpg\" class=\"attachment-fildisi-eutf-small-square size-fildisi-eutf-small-square\" alt=\"Tarih\u00e7e\" srcset=\"http:\/\/kalkanci.com\/wp-content\/uploads\/2021\/04\/Tarihce-12-560x560.jpg 560w, http:\/\/kalkanci.com\/wp-content\/uploads\/2021\/04\/Tarihce-12-300x300.jpg 300w, http:\/\/kalkanci.com\/wp-content\/uploads\/2021\/04\/Tarihce-12-1024x1024.jpg 1024w, http:\/\/kalkanci.com\/wp-content\/uploads\/2021\/04\/Tarihce-12-150x150.jpg 150w, http:\/\/kalkanci.com\/wp-content\/uploads\/2021\/04\/Tarihce-12-768x768.jpg 768w, http:\/\/kalkanci.com\/wp-content\/uploads\/2021\/04\/Tarihce-12-900x900.jpg 900w, http:\/\/kalkanci.com\/wp-content\/uploads\/2021\/04\/Tarihce-12.jpg 1200w\" sizes=\"auto, (max-width: 560px) 100vw, 560px\" \/><\/div>  <\/figure><\/div><\/div><div class=\"eut-isotope-item eut-hover-item eut-hover-style-none\"><div class=\"eut-isotope-item-inner eut-zoom-in\">  <figure class=\"eut-image-hover\">    <a class=\"eut-item-url\" href=\"http:\/\/kalkanci.com\/wp-content\/uploads\/2021\/04\/Tarihce-13.jpg\" ><\/a>    <div class=\"eut-hover-overlay eut-bg-blue eut-opacity-30\"><\/div><div class=\"eut-media\"><img loading=\"lazy\" decoding=\"async\" width=\"560\" height=\"560\" src=\"http:\/\/kalkanci.com\/wp-content\/uploads\/2021\/04\/Tarihce-13-560x560.jpg\" class=\"attachment-fildisi-eutf-small-square size-fildisi-eutf-small-square\" alt=\"Tarih\u00e7e\" srcset=\"http:\/\/kalkanci.com\/wp-content\/uploads\/2021\/04\/Tarihce-13-560x560.jpg 560w, http:\/\/kalkanci.com\/wp-content\/uploads\/2021\/04\/Tarihce-13-300x300.jpg 300w, http:\/\/kalkanci.com\/wp-content\/uploads\/2021\/04\/Tarihce-13-1024x1024.jpg 1024w, http:\/\/kalkanci.com\/wp-content\/uploads\/2021\/04\/Tarihce-13-150x150.jpg 150w, http:\/\/kalkanci.com\/wp-content\/uploads\/2021\/04\/Tarihce-13-768x768.jpg 768w, http:\/\/kalkanci.com\/wp-content\/uploads\/2021\/04\/Tarihce-13-900x900.jpg 900w, http:\/\/kalkanci.com\/wp-content\/uploads\/2021\/04\/Tarihce-13.jpg 1200w\" sizes=\"auto, (max-width: 560px) 100vw, 560px\" \/><\/div>  <\/figure><\/div><\/div>  <\/div><\/div>[\/vc_column][\/vc_row][vc_row padding_top_multiplier=&#8220;2x&#8220;][vc_column][vc_column_text]<\/p>\n<p style=\"text-align: justfy;\"><strong>KALKANCI<\/strong>, das \u00fcber ein so gro\u00dfes Produktionspotential verf\u00fcgt, ist in der Lage seine Kunden w\u00e4hrend des gesamten Prozesses, angefangen vom Formenbau bis zur Herstellung des eigentlichen Gussteils, unter allen gew\u00fcnschten Produktionsbedingungen zu unterst\u00fctzen. Unsere Marke, die den gesamten Produktionsprozess unter einem Dach vereint, bietet seinen Kunden Formendesign und -bau, Aluminiumguss, W\u00e4rmebehandlung, Verarbeitung, Waschen, Vibration, Sandstrahlen, Qualit\u00e4tskontrolle und Fertigteilservice. Jedoch hat sich KALKANCI vor allem im Bereich des Formenbaus spezialisiert. Insbesondere der Tatsache, dass unsere Marke ihr Produktionsleben in diesem Bereich begonnen hat und dass der Formenbau ein unverzichtbarer Bestandteil der Produktion ist, l\u00e4sst KALKANCI in Sachen Formenbau herausstechen.<\/p>\n<p style=\"text-align: justfy;\">Heute realisieren wir 98% unserer Produktion f\u00fcr unsere Kunden im Ausland wie Deutschland, Tschechien, Polen, England, Mexiko, Amerika und Rum\u00e4nien. Jedoch sind wir auch im Inland aktiv. Um die Erwartungen unserer Kunden zu erf\u00fcllen und zu \u00fcbertreffen, setzen wir fortschrittliche Technologien und neue Maschinen ein und investieren weiterhin in die Modernisierung unserer Produktionsanlagen, um unsere Produktionsstrategie zu verbessern.<\/p>\n<p>[\/vc_column_text][\/vc_column][\/vc_row][vc_row padding_bottom_multiplier=&#8220;&#8220;][vc_column width=&#8220;1\/2&#8243;][vc_column_text]Wir arbeiten hart, um uns st\u00e4ndig in Bereichen wie KAPAZIT\u00c4TSSTEIGERUNG, H\u00d6HERE UND STABILE PRODUKTIVIT\u00c4T, VERBESSERTE PRODUKTIONSZEIT, H\u00d6CHSTE QUALIT\u00c4T, K\u00dcRZERE LIEFERZEITEN UND LOGISTIKKOSTEN zu verbessern.<\/p>\n<p>Unsere Marke, die f\u00fcr die weltweit f\u00fchrenden Automobil- und anderen Industrieunternehmen herstellt, ist nicht nur ein Hersteller, sondern ein aktives und innovatives Unternehmen, das strategische Partnerschaften mit seinen Kunden eingeht. Im Rahmen dieser Partnerschaften und einem solchen Arbeitsverst\u00e4ndnis bieten wir unsere Kunden folgende Dienstleistungen und L\u00f6sungen an:[\/vc_column_text][\/vc_column][vc_column width=&#8220;1\/2&#8243;][vc_column_text]<\/p>\n<ul>\n<li>Leichtgewichtl\u00f6sungen<\/li>\n<li>Erweiterte Produktfunktionen<\/li>\n<li>Erh\u00f6hte Materialeigenschaften<\/li>\n<li>Prozesssicherheit und Toleranzen<\/li>\n<li>Kosteneffizienz bei Produktdesign und -prozess<\/li>\n<li>L\u00f6sungen f\u00fcr die Lagerverwaltung<\/li>\n<li>Konsignationsbestand \/ Verwendung und Zahlung usw.<\/li>\n<\/ul>\n<p>[\/vc_column_text][\/vc_column][\/vc_row][vc_row][vc_column][vc_column_text]<\/p>\n<p style=\"text-align: justify;\">Mit diesen Dienstleistungen und Inhalten sticht <strong>KALKANCI <\/strong>wie damals auch heute noch in der T\u00fcrkei als eine der f\u00fchrenden Marken hervor. Als eine der erfolgreichen und angesehenen Organisationen der T\u00fcrkei und der Welt werden wir weiterhin in allen Bereichen, in denen wir t\u00e4tig sind, Vorreiter und Vorbild sein und durch die Entwicklung neuer T\u00e4tigkeitsfelder Arbeitspl\u00e4tze schaffen.<\/p>\n<p>[\/vc_column_text][\/vc_column][\/vc_row]<\/p>\n<\/div>","protected":false},"excerpt":{"rendered":"<p>[vc_row bg_type=&#8220;color&#8220; padding_top_multiplier=&#8220;2x&#8220; bg_color=&#8220;#ffffff&#8220;][vc_column width=&#8220;1\/3&#8243;][vc_column_text][\/vc_column_text][\/vc_column][vc_column width=&#8220;2\/3&#8243;][vc_column_text] KALKANCI, das im Jahr 1981 seitens H\u00fcseyin PA\u00c7ACI in Istanbul\/Maltepe gegr\u00fcndet wurde, begann seine Aktivit\u00e4ten im Bereich Formherstellung und breitete seine Aktivit\u00e4ten im Jahr 1987 im Bereich Guss aus. Unser Unternehmen zog 1993 in das Fabrikgeb\u00e4ude in Pendik, um den steigenden Anforderungen gerecht zu werden, wonach wir im Jahr [&hellip;]<\/p>\n","protected":false},"author":1,"featured_media":0,"parent":0,"menu_order":0,"comment_status":"closed","ping_status":"closed","template":"","meta":{"_seopress_robots_primary_cat":"","_seopress_titles_title":"Geschichte \u2502Kalkanc\u0131 Druckguss und Werkzeugbau","_seopress_titles_desc":"KALKANCI, dass im Bereich Aluminiumgussformen aktiv ist; bietet Dienstleistungen f\u00fcr viele verschiedene Branchen wie die Automobil-, Energie-, Beleuchtungs- und Bauindustrie","_seopress_robots_index":"","footnotes":""},"class_list":["post-1446","page","type-page","status-publish","hentry"],"_links":{"self":[{"href":"http:\/\/kalkanci.com\/de\/wp-json\/wp\/v2\/pages\/1446","targetHints":{"allow":["GET"]}}],"collection":[{"href":"http:\/\/kalkanci.com\/de\/wp-json\/wp\/v2\/pages"}],"about":[{"href":"http:\/\/kalkanci.com\/de\/wp-json\/wp\/v2\/types\/page"}],"author":[{"embeddable":true,"href":"http:\/\/kalkanci.com\/de\/wp-json\/wp\/v2\/users\/1"}],"replies":[{"embeddable":true,"href":"http:\/\/kalkanci.com\/de\/wp-json\/wp\/v2\/comments?post=1446"}],"version-history":[{"count":0,"href":"http:\/\/kalkanci.com\/de\/wp-json\/wp\/v2\/pages\/1446\/revisions"}],"wp:attachment":[{"href":"http:\/\/kalkanci.com\/de\/wp-json\/wp\/v2\/media?parent=1446"}],"curies":[{"name":"wp","href":"https:\/\/api.w.org\/{rel}","templated":true}]}}