{"id":1239,"date":"2021-06-16T18:01:00","date_gmt":"2021-06-16T15:01:00","guid":{"rendered":"https:\/\/kalkanci.com\/innovation-und-qualitaet\/"},"modified":"2022-11-17T21:52:45","modified_gmt":"2022-11-17T18:52:45","slug":"innovation-und-qualitaet","status":"publish","type":"page","link":"https:\/\/kalkanci.com\/de\/innovation-und-qualitaet\/","title":{"rendered":"Innovation und Qualit\u00e4t"},"content":{"rendered":"<div class=\"wpb-content-wrapper\"><p>[vc_row bg_type=&#8220;color&#8220; padding_top_multiplier=&#8220;2x&#8220; padding_bottom_multiplier=&#8220;2x&#8220; bg_color=&#8220;#ffffff&#8220;][vc_column width=&#8220;1\/3&#8243;][vc_column_text]<img loading=\"lazy\" decoding=\"async\" class=\"aligncenter wp-image-2900 size-medium\" src=\"http:\/\/kalkanci.com\/wp-content\/uploads\/2021\/12\/Kalkanci-Logo-512-Yeni-300x300.png\" alt=\"Kalkanc\u0131 Logo\" width=\"300\" height=\"300\" srcset=\"https:\/\/kalkanci.com\/wp-content\/uploads\/2021\/12\/Kalkanci-Logo-512-Yeni-300x300.png 300w, https:\/\/kalkanci.com\/wp-content\/uploads\/2021\/12\/Kalkanci-Logo-512-Yeni-150x150.png 150w, https:\/\/kalkanci.com\/wp-content\/uploads\/2021\/12\/Kalkanci-Logo-512-Yeni.png 512w\" sizes=\"auto, (max-width: 300px) 100vw, 300px\" \/>[\/vc_column_text][\/vc_column][vc_column width=&#8220;2\/3&#8243;]<h1 class=\"eut-element eut-title eut-align-left eut-h1\" style=\"\"><span>Innovation und Qualit\u00e4t<\/span><\/h1>[vc_column_text]<\/p>\n<p style=\"text-align: justify;\">Durch Innovation m\u00f6chten wir uns mit Anwendungen wie 5S, Kaizen und schlanke Produktion stets weiterentwickeln. Als KALKANCI wissen wir, dass sich unser Serviceverst\u00e4ndnis, unsere Leistung und unsere Sicht hinsichtlich Probleme durch innovative Ideen und Ans\u00e4tze verbessert haben. Wir glauben, dass Innovation der Schl\u00fcssel zu Unternehmertum und Entwicklung in einer sich schnell entwickelnden und ver\u00e4ndernden globalen Welt ist.<\/p>\n<p>[\/vc_column_text]<div class=\"eut-empty-space eut-height-1x\" style=\"\"><\/div>[vc_column_text]<\/p>\n<p style=\"text-align: justify;\">Wir haben beobachtet und erfahren, dass Diversifizierung unserer Perspektive und Denkweise unser Servicepotential verbessert. Aus diesem Grund wollen wir eine sich st\u00e4ndig weiterentwickelnde Organisation mit einem innovativen Ansatz schaffen und sicherstellen, sodass Kundenanforderungen auf h\u00f6chstem Niveau erf\u00fcllt werden und um erschwinglichere, qualitative und hochwertigere Produkte innerhalb unserer Projekte und den von uns betreuten Sektoren anzubieten.<\/p>\n<p>[\/vc_column_text][\/vc_column][\/vc_row][vc_row bg_type=&#8220;color&#8220; padding_top_multiplier=&#8220;custom&#8220; padding_bottom_multiplier=&#8220;custom&#8220; columns_gap=&#8220;20&#8243; bg_color=&#8220;#f7f7f7&#8243; padding_top=&#8220;50&#8243; padding_bottom=&#8220;20&#8243;][vc_column css=&#8220;.vc_custom_1617185370561{padding-right: 5% !important;padding-left: 5% !important;}&#8220;]<div class=\"eut-element eut-gallery eut-isotope eut-gallery-popup eut-with-gap\" style=\"\" data-columns=\"4\" data-columns-large-screen=\"4\" data-columns-tablet-landscape=\"2\" data-columns-tablet-portrait=\"2\" data-columns-mobile=\"2\" data-layout=\"fitRows\" data-gutter-size=\"30\">  <div class=\"eut-isotope-container\"><div class=\"eut-isotope-item eut-hover-item eut-hover-style-none\"><div class=\"eut-isotope-item-inner eut-zoom-in\">  <figure class=\"eut-image-hover\">    <a class=\"eut-item-url\" href=\"https:\/\/kalkanci.com\/wp-content\/uploads\/2022\/08\/Kalkanci-Building.jpg\" ><\/a>    <div class=\"eut-hover-overlay eut-bg-blue eut-opacity-30\"><\/div><div class=\"eut-media\"><img loading=\"lazy\" decoding=\"async\" width=\"560\" height=\"560\" src=\"https:\/\/kalkanci.com\/wp-content\/uploads\/2022\/08\/Kalkanci-Building-560x560.jpg\" class=\"attachment-fildisi-eutf-small-square size-fildisi-eutf-small-square\" alt=\"Kalkanc\u0131\" srcset=\"https:\/\/kalkanci.com\/wp-content\/uploads\/2022\/08\/Kalkanci-Building-560x560.jpg 560w, https:\/\/kalkanci.com\/wp-content\/uploads\/2022\/08\/Kalkanci-Building-300x300.jpg 300w, https:\/\/kalkanci.com\/wp-content\/uploads\/2022\/08\/Kalkanci-Building-1024x1024.jpg 1024w, https:\/\/kalkanci.com\/wp-content\/uploads\/2022\/08\/Kalkanci-Building-150x150.jpg 150w, https:\/\/kalkanci.com\/wp-content\/uploads\/2022\/08\/Kalkanci-Building-768x768.jpg 768w, https:\/\/kalkanci.com\/wp-content\/uploads\/2022\/08\/Kalkanci-Building-900x900.jpg 900w, https:\/\/kalkanci.com\/wp-content\/uploads\/2022\/08\/Kalkanci-Building.jpg 1200w\" sizes=\"auto, (max-width: 560px) 100vw, 560px\" \/><\/div>  <\/figure><\/div><\/div><div class=\"eut-isotope-item eut-hover-item eut-hover-style-none\"><div class=\"eut-isotope-item-inner eut-zoom-in\">  <figure class=\"eut-image-hover\">    <a class=\"eut-item-url\" href=\"https:\/\/kalkanci.com\/wp-content\/uploads\/2021\/04\/Inovasyon-ve-Kalite-02.jpg\" ><\/a>    <div class=\"eut-hover-overlay eut-bg-blue eut-opacity-30\"><\/div><div class=\"eut-media\"><img loading=\"lazy\" decoding=\"async\" width=\"560\" height=\"560\" src=\"https:\/\/kalkanci.com\/wp-content\/uploads\/2021\/04\/Inovasyon-ve-Kalite-02-560x560.jpg\" class=\"attachment-fildisi-eutf-small-square size-fildisi-eutf-small-square\" alt=\"\u0130novasyon ve Kalite\" srcset=\"https:\/\/kalkanci.com\/wp-content\/uploads\/2021\/04\/Inovasyon-ve-Kalite-02-560x560.jpg 560w, https:\/\/kalkanci.com\/wp-content\/uploads\/2021\/04\/Inovasyon-ve-Kalite-02-300x300.jpg 300w, https:\/\/kalkanci.com\/wp-content\/uploads\/2021\/04\/Inovasyon-ve-Kalite-02-1024x1024.jpg 1024w, https:\/\/kalkanci.com\/wp-content\/uploads\/2021\/04\/Inovasyon-ve-Kalite-02-150x150.jpg 150w, https:\/\/kalkanci.com\/wp-content\/uploads\/2021\/04\/Inovasyon-ve-Kalite-02-768x768.jpg 768w, https:\/\/kalkanci.com\/wp-content\/uploads\/2021\/04\/Inovasyon-ve-Kalite-02-900x900.jpg 900w, https:\/\/kalkanci.com\/wp-content\/uploads\/2021\/04\/Inovasyon-ve-Kalite-02.jpg 1200w\" sizes=\"auto, (max-width: 560px) 100vw, 560px\" \/><\/div>  <\/figure><\/div><\/div><div class=\"eut-isotope-item eut-hover-item eut-hover-style-none\"><div class=\"eut-isotope-item-inner eut-zoom-in\">  <figure class=\"eut-image-hover\">    <a class=\"eut-item-url\" href=\"https:\/\/kalkanci.com\/wp-content\/uploads\/2021\/04\/Inovasyon-ve-Kalite-03.jpg\" ><\/a>    <div class=\"eut-hover-overlay eut-bg-blue eut-opacity-30\"><\/div><div class=\"eut-media\"><img loading=\"lazy\" decoding=\"async\" width=\"560\" height=\"560\" src=\"https:\/\/kalkanci.com\/wp-content\/uploads\/2021\/04\/Inovasyon-ve-Kalite-03-560x560.jpg\" class=\"attachment-fildisi-eutf-small-square size-fildisi-eutf-small-square\" alt=\"\u0130novasyon ve Kalite\" srcset=\"https:\/\/kalkanci.com\/wp-content\/uploads\/2021\/04\/Inovasyon-ve-Kalite-03-560x560.jpg 560w, https:\/\/kalkanci.com\/wp-content\/uploads\/2021\/04\/Inovasyon-ve-Kalite-03-300x300.jpg 300w, https:\/\/kalkanci.com\/wp-content\/uploads\/2021\/04\/Inovasyon-ve-Kalite-03-1024x1024.jpg 1024w, https:\/\/kalkanci.com\/wp-content\/uploads\/2021\/04\/Inovasyon-ve-Kalite-03-150x150.jpg 150w, https:\/\/kalkanci.com\/wp-content\/uploads\/2021\/04\/Inovasyon-ve-Kalite-03-768x768.jpg 768w, https:\/\/kalkanci.com\/wp-content\/uploads\/2021\/04\/Inovasyon-ve-Kalite-03-900x900.jpg 900w, https:\/\/kalkanci.com\/wp-content\/uploads\/2021\/04\/Inovasyon-ve-Kalite-03.jpg 1200w\" sizes=\"auto, (max-width: 560px) 100vw, 560px\" \/><\/div>  <\/figure><\/div><\/div><div class=\"eut-isotope-item eut-hover-item eut-hover-style-none\"><div class=\"eut-isotope-item-inner eut-zoom-in\">  <figure class=\"eut-image-hover\">    <a class=\"eut-item-url\" href=\"https:\/\/kalkanci.com\/wp-content\/uploads\/2021\/04\/Inovasyon-ve-Kalite-05.jpg\" ><\/a>    <div class=\"eut-hover-overlay eut-bg-blue eut-opacity-30\"><\/div><div class=\"eut-media\"><img loading=\"lazy\" decoding=\"async\" width=\"560\" height=\"560\" src=\"https:\/\/kalkanci.com\/wp-content\/uploads\/2021\/04\/Inovasyon-ve-Kalite-05-560x560.jpg\" class=\"attachment-fildisi-eutf-small-square size-fildisi-eutf-small-square\" alt=\"\u0130novasyon ve Kalite\" srcset=\"https:\/\/kalkanci.com\/wp-content\/uploads\/2021\/04\/Inovasyon-ve-Kalite-05-560x560.jpg 560w, https:\/\/kalkanci.com\/wp-content\/uploads\/2021\/04\/Inovasyon-ve-Kalite-05-300x300.jpg 300w, https:\/\/kalkanci.com\/wp-content\/uploads\/2021\/04\/Inovasyon-ve-Kalite-05-1024x1024.jpg 1024w, https:\/\/kalkanci.com\/wp-content\/uploads\/2021\/04\/Inovasyon-ve-Kalite-05-150x150.jpg 150w, https:\/\/kalkanci.com\/wp-content\/uploads\/2021\/04\/Inovasyon-ve-Kalite-05-768x768.jpg 768w, https:\/\/kalkanci.com\/wp-content\/uploads\/2021\/04\/Inovasyon-ve-Kalite-05-900x900.jpg 900w, https:\/\/kalkanci.com\/wp-content\/uploads\/2021\/04\/Inovasyon-ve-Kalite-05.jpg 1200w\" sizes=\"auto, (max-width: 560px) 100vw, 560px\" \/><\/div>  <\/figure><\/div><\/div>  <\/div><\/div>[\/vc_column][\/vc_row][vc_row padding_bottom_multiplier=&#8220;&#8220;][vc_column][vc_column_text]<\/p>\n<h2><strong>Unser Qualit\u00e4tsverst\u00e4ndnis<\/strong><\/h2>\n<p style=\"text-align: justify;\">Die Qualit\u00e4t ist eines der Hauptbereiche, an denen wir als KALKANCI auf keinen Fall sparen. Als eine Marke, die \u00fcber die Qualit\u00e4tsmanagementsysteme ISO 45001, ISO 14001, IATF 16949 und ISO 9001 verf\u00fcgt und in verschiedenen Sektoren und Branchen t\u00e4tig ist, betrachten wird das Konzept der &#8222;Qualit\u00e4t&#8220; aus einer sehr breiten Perspektive, um unsere Arbeitsqualit\u00e4t unersch\u00fctterlich zu erhalten. Qualit\u00e4t ist f\u00fcr uns nicht nur die endg\u00fcltige Form des Produkts.<\/p>\n<p style=\"text-align: justify;\">Qualit\u00e4t ist f\u00fcr uns eine Sammlung von Werten, die als Ganzes angegangen werden sollten. Aus diesem Grund sollte die Qualit\u00e4t alle Prozesse, angefangen von der Rohstoffankunft bis zur Produktion, Kontrolle und Lieferung, umfassen. Dar\u00fcber hinaus geh\u00f6rt der Schutz geistiger und gewissenhafter Werte w\u00e4hrend dieses Prozesses zu den unverzichtbaren Bestandteilen unseres Qualit\u00e4tsprozesses. In Anbetracht all dieser Werte k\u00f6nnen wir das Qualit\u00e4tsverst\u00e4ndnis unserer Marke KALKANCI wie folgt auff\u00fchren;<\/p>\n<p>[\/vc_column_text][\/vc_column][\/vc_row][vc_row padding_bottom_multiplier=&#8220;&#8220; columns_gap=&#8220;25&#8243;][vc_column width=&#8220;1\/3&#8243; mobile_width=&#8220;1-2&#8243;]<div class=\"eut-element eut-align-center eut-animated-item eut-fade-in eut-duration-normal\" data-delay=\"200\"><a href=\"https:\/\/kalkanci.com\/wp-content\/uploads\/2022\/07\/45001-14001-Yeni-Sertifika.pdf\" title=\"45001\" target=\"_blank\" class=\"eut-btn eut-btn-medium eut-round eut-bg-blue eut-bg-hover-black eut-btn-line\"><span><i class=\"fas fa-file-pdf\"><\/i>DIN ISO 45001<\/span><\/a><\/div>[\/vc_column][vc_column width=&#8220;1\/3&#8243; mobile_width=&#8220;1-2&#8243;]<div class=\"eut-element eut-align-center eut-animated-item eut-fade-in eut-duration-normal\" data-delay=\"600\"><a href=\"https:\/\/kalkanci.com\/wp-content\/uploads\/2021\/06\/01_100_012853_Main_DE.pdf\" title=\"ISO 9001\" target=\"_blank\" class=\"eut-btn eut-btn-medium eut-round eut-bg-blue eut-bg-hover-black eut-btn-line\"><span><i class=\"fas fa-file-pdf\"><\/i>ISO 9001<\/span><\/a><\/div>[\/vc_column][vc_column width=&#8220;1\/3&#8243; mobile_width=&#8220;1-2&#8243;]<div class=\"eut-element eut-align-center eut-animated-item eut-fade-in eut-duration-normal\" data-delay=\"800\"><a href=\"https:\/\/kalkanci.com\/wp-content\/uploads\/2021\/06\/083500-111-D-Zert.pdf\" title=\"16949\" target=\"_blank\" class=\"eut-btn eut-btn-medium eut-round eut-bg-blue eut-bg-hover-black eut-btn-line\"><span><i class=\"fas fa-file-pdf\"><\/i>16949<\/span><\/a><\/div>[\/vc_column][\/vc_row][vc_row padding_bottom_multiplier=&#8220;&#8220;][vc_column width=&#8220;1\/2&#8243;][vc_column_text]<\/p>\n<ul>\n<li>Gew\u00e4hrleistung einer kontinuierlichen Entwicklung, durch Verfolgung sektoraler, technischer und wissenschaftlicher Entwicklungen von Industriel\u00e4ndern,<\/li>\n<li>Beibehaltung unserer modernen Unternehmens position durch Integration dieser Innovationen in unsere Systeme bei gleichzeitiger Verfolgung neuer weltweiter Innovationen,<\/li>\n<li>Konzentration auf eine Null-Fehler-Produktion, durch kontinuierliche Verbesserung der Prozesse,<\/li>\n<li>Setzen realistischer Ziele und kontinuierliche Verbesserung der Effizienz durch Erreichung dieser festgelegten Ziele, Erzielen von Ergebnissen mit unserem Serviceverst\u00e4ndnis, die die Erwartungen der Kunden \u00fcbertreffen,<\/li>\n<\/ul>\n<p>[\/vc_column_text][\/vc_column][vc_column width=&#8220;1\/2&#8243;][vc_column_text]<\/p>\n<ul>\n<li>P\u00fcnktliche Fertigstellung und Lieferung der Projekte gem\u00e4\u00df Arbeitsplan und technischen Spezifikationen,<\/li>\n<li>Erneuerung der Produktionslinien durch technologische Innovation, um \u00dcberwachung und Verbesserung der Prozesse sicherzustellen,<\/li>\n<li>Konzentration auf die Steigerung der Zufriedenheit aller relevanten Parteien,<\/li>\n<li>Ergreifung von Ma\u00dfnahmen mit systematischen Ans\u00e4tzen und Methoden, um m\u00f6gliche Probleme vor der Erstehung zu l\u00f6sen und dessen Kontinuit\u00e4t gew\u00e4hrleisten,<\/li>\n<li>Gew\u00e4hrleistung einer kontinuierlichen Entwicklung durch Erhalt nationaler und internationaler Qualit\u00e4tszertifikate,<\/li>\n<li>Dar\u00fcber hinaus streben wir danach im Rahmen von &#8222;Qualit\u00e4t&#8220;, die richtigen Arbeitsstrategien zu entwickeln, die das zuverl\u00e4ssige und etablierte Markenimage sch\u00fctzen, das die Marke KALKANCI im Laufe der Jahre erworben hat.<\/li>\n<\/ul>\n<p>[\/vc_column_text][\/vc_column][\/vc_row][vc_row padding_top_multiplier=&#8220;&#8220;][vc_column][vc_column_text]<\/p>\n<h3>Bildung und Sicherheit<\/h3>\n<p style=\"text-align: justify;\">Wir als KALKANCI glauben daran, dass Erfolg und Fortschritt durch individuelle und Teamentwicklung m\u00f6glich sind. Um von den Vorteilen zu profitieren, die der individuelle Erfolg und die individuelle Entwicklung f\u00fcr die Gruppe bringen, legen wir gro\u00dfen Wert auf interne Schulung und Entwicklung. Um Leistungssteigerung, Mitarbeiterzufriedenheit, und konsistente Ergebnisse und Erfolg zu sichern, bieten wir regelm\u00e4\u00dfig Personalschulungen im Rahmen der Unternehmenswerte an. Diese Schulungen, die sowohl technologisches Wissen als auch Unternehmenswerte beinhalten, bieten kurz- und langfristige Vorteile sowohl f\u00fcr Mitarbeiter als auch f\u00fcr unser Unternehmen.<\/p>\n<p style=\"text-align: justify;\">Wir wissen, dass Erfolg und Effizienz nur in einer sicheren Umgebung entstehen k\u00f6nnen. Wir als KALKANCI glauben daran, dass alle Unf\u00e4lle verhindert werden k\u00f6nnen. Aus diesem Grund verbessern wir st\u00e4ndig unsere Aktivit\u00e4ten in Bezug auf menschliche Gesundheit, Leistung am Arbeitsplatz und Unfallvorbeugung. Wir treffen Vorkehrungen, um sicherzustellen, dass alle Arbeits- und allgemeinen Bereiche in unserer Fabrik den Gesetzen und Vorschriften entsprechen, und um negative Arbeitsauswirkungen auf Mitarbeiter zu beseitigen.<\/p>\n<p>[\/vc_column_text][\/vc_column][\/vc_row]<\/p>\n<\/div>","protected":false},"excerpt":{"rendered":"<p>[vc_row bg_type=&#8220;color&#8220; padding_top_multiplier=&#8220;2x&#8220; padding_bottom_multiplier=&#8220;2x&#8220; bg_color=&#8220;#ffffff&#8220;][vc_column width=&#8220;1\/3&#8243;][vc_column_text][\/vc_column_text][\/vc_column][vc_column width=&#8220;2\/3&#8243;][vc_column_text] Durch Innovation m\u00f6chten wir uns mit Anwendungen wie 5S, Kaizen und schlanke Produktion stets weiterentwickeln. Als KALKANCI wissen wir, dass sich unser Serviceverst\u00e4ndnis, unsere Leistung und unsere Sicht hinsichtlich Probleme durch innovative Ideen und Ans\u00e4tze verbessert haben. Wir glauben, dass Innovation der Schl\u00fcssel zu Unternehmertum und Entwicklung in [&hellip;]<\/p>\n","protected":false},"author":1,"featured_media":0,"parent":0,"menu_order":0,"comment_status":"closed","ping_status":"closed","template":"","meta":{"_seopress_robots_primary_cat":"","_seopress_titles_title":"Innovation und Qualit\u00e4t | Kalkanc\u0131 Druckguss und Werkzeugbau","_seopress_titles_desc":"Wir glauben, dass mit innovativen Ideen im Bereich Aluminiumguss, Formenbau Qualit\u00e4tsarbeit geleistet werden kann und verbessern uns mit diesem Ansatz st\u00e4ndig.","_seopress_robots_index":"","footnotes":""},"class_list":["post-1239","page","type-page","status-publish","hentry"],"_links":{"self":[{"href":"https:\/\/kalkanci.com\/de\/wp-json\/wp\/v2\/pages\/1239","targetHints":{"allow":["GET"]}}],"collection":[{"href":"https:\/\/kalkanci.com\/de\/wp-json\/wp\/v2\/pages"}],"about":[{"href":"https:\/\/kalkanci.com\/de\/wp-json\/wp\/v2\/types\/page"}],"author":[{"embeddable":true,"href":"https:\/\/kalkanci.com\/de\/wp-json\/wp\/v2\/users\/1"}],"replies":[{"embeddable":true,"href":"https:\/\/kalkanci.com\/de\/wp-json\/wp\/v2\/comments?post=1239"}],"version-history":[{"count":4,"href":"https:\/\/kalkanci.com\/de\/wp-json\/wp\/v2\/pages\/1239\/revisions"}],"predecessor-version":[{"id":3230,"href":"https:\/\/kalkanci.com\/de\/wp-json\/wp\/v2\/pages\/1239\/revisions\/3230"}],"wp:attachment":[{"href":"https:\/\/kalkanci.com\/de\/wp-json\/wp\/v2\/media?parent=1239"}],"curies":[{"name":"wp","href":"https:\/\/api.w.org\/{rel}","templated":true}]}}