{"id":1257,"date":"2021-06-17T13:18:16","date_gmt":"2021-06-17T10:18:16","guid":{"rendered":"https:\/\/kalkanci.com\/andere-oberflaechenbehandlungen\/"},"modified":"2021-10-19T14:31:59","modified_gmt":"2021-10-19T11:31:59","slug":"andere-oberflaechenbehandlungen","status":"publish","type":"page","link":"https:\/\/kalkanci.com\/de\/kompetenzen\/andere-oberflaechenbehandlungen\/","title":{"rendered":"Andere Oberfl\u00e4chenbehandlungen"},"content":{"rendered":"<div class=\"wpb-content-wrapper\"><p>[vc_row padding_top_multiplier=&#8220;&#8220; padding_bottom_multiplier=&#8220;&#8220; margin_bottom=&#8220;40&#8243;][vc_column][vc_column_text]<\/p>\n<p style=\"text-align: justify;\">Die letzte Stufe der KALKANCI Produktionslinie sind die \u201eOberfl\u00e4chenbehandlungen\u201c, die Vibration, Waschen, Sandstrahlen und Polieren beinhalten. Diese Stufen erm\u00f6glichen es, Gussgrate und \u00d6le zu entfernen, Glanz zu verleihen und, falls anwendbar, die Oberfl\u00e4che f\u00fcr die Beschichtung oder Lackierung vorzubereiten. Durch Vibration, Waschen, Sandstrahlen und Polieren werden die Produkte best\u00e4ndiger gegen Umwelteinfl\u00fcsse und Korrosion. Dar\u00fcber hinaus beeinflussen diese angewendeten Oberfl\u00e4chenbehandlungen das Aussehen und die Leistung der Teile.<\/p>\n<p>Unser Team arbeitet mit Ihnen zusammen, um Ihre Anforderungen zu erf\u00fcllen, indem es aus einer Vielzahl von Optionen die effektivsten Oberfl\u00e4chenbehandlungsanwendungen ermittelt und ber\u00fccksichtigt bei der Entwurfsphase bestimmte Merkmale wie Trennlinie, Auswerferund Anguss.[\/vc_column_text][\/vc_column][\/vc_row][vc_row padding_top_multiplier=&#8220;&#8220; padding_bottom_multiplier=&#8220;&#8220; margin_bottom=&#8220;40&#8243;][vc_column width=&#8220;1\/2&#8243;][vc_column_text]<\/p>\n<h2>Vibration<\/h2>\n<p style=\"text-align: justify;\">Die Vibration, die in der Industrie am Ende der Produktion angewendet wird, hat verschiedene Zwecke. Durch Vibrationen verschiedener chemischer Fl\u00fcssigkeiten und Steine in einem Kessel, werden Grate, Rauheiten, Schmutz, Rost und Flecken auf der Oberfl\u00e4che des Produkts entfernt. Vibration wird auch zum Polieren der Oberfl\u00e4chen angewendet. Zwecke des Vibrationsprozesses k\u00f6nnen wie folgt aufgef\u00fchrt werden.<\/p>\n<p>[\/vc_column_text][\/vc_column][vc_column width=&#8220;1\/2&#8243;][vc_column_text]<\/p>\n<ul>\n<li><em>Gussgrafentfernung,<\/em><\/li>\n<li><em>Rostentfernung,<\/em><\/li>\n<li><em>Abscheiden,<\/em><\/li>\n<li><em>Entzunderung<\/em><\/li>\n<li><em>Polieren und<\/em><\/li>\n<li><em>Kantenbrechen.<\/em><\/li>\n<\/ul>\n<p>[\/vc_column_text][\/vc_column][\/vc_row][vc_row padding_top_multiplier=&#8220;&#8220; padding_bottom_multiplier=&#8220;&#8220; margin_bottom=&#8220;20&#8243;][vc_column][vc_column_text]<\/p>\n<p style=\"text-align: justify;\">Die im Vibrationsprozess verwendeten Abscheider sind als Keramikschleifmittel und Kunststoffschleifmittel untergeteilt. Die Abscheider haben die Aufgabe mechanische Effekte und Oberfl\u00e4chenglattheit zu erzielen. Die im Vibrationsprozess verwendet Chemikalien hingegen sind in Fl\u00fcssigkeiten und Pulver unterteilt. Aufgabe der Chemikalien im Vibrationsprozess ist es, die Reibungswirkung, also den Verschlei\u00df, durch Schmierung zu reduzieren, die Produkte zu sch\u00fctzen und alle Arten von abgetragenen Verschmutzungen von der Oberfl\u00e4che zu entfernen.<\/p>\n<p>[\/vc_column_text][\/vc_column][\/vc_row][vc_row padding_top_multiplier=&#8220;&#8220; padding_bottom_multiplier=&#8220;&#8220; margin_bottom=&#8220;20&#8243;][vc_column][vc_column_text]<\/p>\n<h3>Waschen<\/h3>\n<p style=\"text-align: justify;\">Der Waschprozess, mit dem Glanz und Schutz von Metalloberfl\u00e4chen erreicht wird, ist sowohl f\u00fcr den Schutz als auch f\u00fcr die Langlebigkeit des Produkts \u00e4u\u00dferst wichtig. Nach dem Produktionsprozesses verbleiben viele Chemikalien auf dem Produkt, welche gereinigt werden m\u00fcssen. Die beim Waschen und Sp\u00fclen verwendeten Materialien und deren Einwirkzeit sind die wichtigsten Punkte des Waschprozesses.<\/p>\n<p>[\/vc_column_text][\/vc_column][\/vc_row][vc_row padding_top_multiplier=&#8220;&#8220; padding_bottom_multiplier=&#8220;&#8220; margin_bottom=&#8220;20&#8243;][vc_column][vc_column_text]<\/p>\n<h3>Polieren<\/h3>\n<p style=\"text-align: justify;\">Beim Polieren werden Oberfl\u00e4chen mit Schleifstein, Schleifpaste oder Fl\u00fcssigkeiten poliert. Das Poliermaterial hat die Aufgabe Unreinheiten zu entfernen. Das Ziel ist es die Oberfl\u00e4che zu korrigieren und Glanz zu versichern. Dazu werden Polierpartikel mit einem bestimmten Druck auf die zu polierende Oberfl\u00e4che gedr\u00fcckt. Diese Polierpartikel befinden sich in Pasten oder Lack. In Wirklichkeit entspricht der Vorgang dem Schleifen, jedoch ist es beim Polieren das Ziel, so wenig <a title=\"Material\" href=\"https:\/\/kalkanci.com\/de\/kompetenzen\/aluminium-werkstoff\/\">Material<\/a> wie m\u00f6glich von der Oberfl\u00e4che abzutragen. Daher wird die Dicke des polierten Materials nur minimal reduziert.<\/p>\n<p>[\/vc_column_text][\/vc_column][\/vc_row][vc_row padding_top_multiplier=&#8220;&#8220; padding_bottom_multiplier=&#8220;&#8220; margin_bottom=&#8220;20&#8243;][vc_column][vc_column_text]<\/p>\n<h3>Sandstrahlen<\/h3>\n<p style=\"text-align: justify;\">Beim Sandstrahlen werden alle \u00dcberreste von \u00d6l, Schmutz, Farbe, Gussgraten, Dreck, Rost und andere Fremdstoffe gereinigt, was ein wichtiger Schritt zur Verl\u00e4ngerung der Lebensdauer des Produkts ist. Nach dem Sandstrahlen, bei dem speziell hergestellte Sandk\u00f6rner auf Mikroebene, bekannt als K\u00f6rnung, auf das Produkt gespr\u00fcht werden, werden die Produkte mit Schutzfarben und -materialien bedeckt.<\/p>\n<p>[\/vc_column_text][\/vc_column][\/vc_row][vc_row padding_top_multiplier=&#8220;&#8220; padding_bottom_multiplier=&#8220;&#8220; margin_bottom=&#8220;20&#8243;][vc_column width=&#8220;1\/2&#8243;][vc_column_text]<\/p>\n<p style=\"text-align: juetify;\">Die Auswahl der richtigen K\u00f6rnung gem\u00e4\u00df den Eigenschaften des Produkts, das f\u00fcr das Sandstrahlen auf Metallbasis verwendet werden soll, ist sehr wichtig. Es gibt verschiedene Arten, Sandstrahlung durchzuf\u00fchren. Je nach Typ, Gr\u00f6\u00dfe und Eigenschaften des Produkts, werden verschiedene Sandstrahlmethoden verwendet. Die seitens Kalkanc\u0131 verwendeten Sandstrahlmethoden sind wie folgt;<\/p>\n<p>[\/vc_column_text][\/vc_column][vc_column width=&#8220;1\/2&#8243;][vc_column_text]<\/p>\n<ul>\n<li>H\u00e4ngendes Sandstrahlen<\/li>\n<li>Trommelsandstrahlen<\/li>\n<li>Es sind jedoch maximale Rz-Wertebereiche von 60 vorgesehen<\/li>\n<\/ul>\n<p>[\/vc_column_text][\/vc_column][\/vc_row][vc_row padding_bottom_multiplier=&#8220;&#8220; margin_bottom=&#8220;20&#8243;][vc_column width=&#8220;1\/3&#8243;][vc_column_text]<\/p>\n<p style=\"text-align: justify;\">Die durch Sandstrahlverfahren erzielte Oberfl\u00e4chenreinheit wird gem\u00e4\u00df den Normen ISO 8501-1: 1998 und TSE EN ISO 8501-1 bewertet, und die Reinigungswerte werden wie folgt klassifiziert.<\/p>\n<ul>\n<li>Sa 1 &lt; %80 Leicht gereinigt<\/li>\n<li>Sa 2 %80 Gut gereinigt<\/li>\n<li>Sa 2.5 %96 Sehr gut gereinigt<\/li>\n<li>Sa 3 %99 Komplett gereinigt\u015f<\/li>\n<\/ul>\n<p>[\/vc_column_text][\/vc_column][vc_column width=&#8220;2\/3&#8243;][vc_column_text]<\/p>\n<h3><strong>Kalkanc\u0131 Oberfl\u00e4chenbehandlungen<\/strong><\/h3>\n<p style=\"text-align: justify;\">Die Oberfl\u00e4chenbehandlung, die f\u00fcr den Schutz und die Optimierung des Produkts f\u00fcr die Verarbeitung von gro\u00dfer Bedeutung ist, erh\u00f6ht die Haltbarkeit als auch die Lebensdauer des Produkts. Was langfristig wirtschaftliche Vorteile bietet. Wir als Kalkanc\u0131 legen sehr gro\u00dfen Wert auf Oberfl\u00e4chenbehandlungen und sorgen f\u00fcr eine angemessene Produktkontrolle bei jedem Schritt der Produktion.<\/p>\n<p>[\/vc_column_text][\/vc_column][\/vc_row]<\/p>\n<\/div>","protected":false},"excerpt":{"rendered":"<p>[vc_row padding_top_multiplier=&#8220;&#8220; padding_bottom_multiplier=&#8220;&#8220; margin_bottom=&#8220;40&#8243;][vc_column][vc_column_text] Die letzte Stufe der KALKANCI Produktionslinie sind die \u201eOberfl\u00e4chenbehandlungen\u201c, die Vibration, Waschen, Sandstrahlen und Polieren beinhalten. Diese Stufen erm\u00f6glichen es, Gussgrate und \u00d6le zu entfernen, Glanz zu verleihen und, falls anwendbar, die Oberfl\u00e4che f\u00fcr die Beschichtung oder Lackierung vorzubereiten. Durch Vibration, Waschen, Sandstrahlen und Polieren werden die Produkte best\u00e4ndiger gegen Umwelteinfl\u00fcsse [&hellip;]<\/p>\n","protected":false},"author":1,"featured_media":0,"parent":1392,"menu_order":0,"comment_status":"closed","ping_status":"closed","template":"","meta":{"_seopress_robots_primary_cat":"","_seopress_titles_title":"Andere Oberfl\u00e4chenbehandlungen | Kalkanc\u0131 Druckguss und Werkzeugbau","_seopress_titles_desc":"Wir wenden Oberfl\u00e4chenbehandlungsverfahren an, um unsere Produkte im Herstellungsprozess von Aluminiumgussformen perfekt zu machen.","_seopress_robots_index":"","footnotes":""},"class_list":["post-1257","page","type-page","status-publish","hentry"],"_links":{"self":[{"href":"https:\/\/kalkanci.com\/de\/wp-json\/wp\/v2\/pages\/1257","targetHints":{"allow":["GET"]}}],"collection":[{"href":"https:\/\/kalkanci.com\/de\/wp-json\/wp\/v2\/pages"}],"about":[{"href":"https:\/\/kalkanci.com\/de\/wp-json\/wp\/v2\/types\/page"}],"author":[{"embeddable":true,"href":"https:\/\/kalkanci.com\/de\/wp-json\/wp\/v2\/users\/1"}],"replies":[{"embeddable":true,"href":"https:\/\/kalkanci.com\/de\/wp-json\/wp\/v2\/comments?post=1257"}],"version-history":[{"count":1,"href":"https:\/\/kalkanci.com\/de\/wp-json\/wp\/v2\/pages\/1257\/revisions"}],"predecessor-version":[{"id":2791,"href":"https:\/\/kalkanci.com\/de\/wp-json\/wp\/v2\/pages\/1257\/revisions\/2791"}],"up":[{"embeddable":true,"href":"https:\/\/kalkanci.com\/de\/wp-json\/wp\/v2\/pages\/1392"}],"wp:attachment":[{"href":"https:\/\/kalkanci.com\/de\/wp-json\/wp\/v2\/media?parent=1257"}],"curies":[{"name":"wp","href":"https:\/\/api.w.org\/{rel}","templated":true}]}}