{"id":1270,"date":"2021-06-17T14:21:31","date_gmt":"2021-06-17T11:21:31","guid":{"rendered":"https:\/\/kalkanci.com\/aluminium-werkstoff\/"},"modified":"2021-10-19T14:35:01","modified_gmt":"2021-10-19T11:35:01","slug":"aluminium-werkstoff","status":"publish","type":"page","link":"https:\/\/kalkanci.com\/de\/kompetenzen\/aluminium-werkstoff\/","title":{"rendered":"Aluminium Werkstoff"},"content":{"rendered":"<div class=\"wpb-content-wrapper\"><p>[vc_row padding_top_multiplier=&#8220;&#8220; padding_bottom_multiplier=&#8220;&#8220; margin_bottom=&#8220;20&#8243;][vc_column][vc_column_text]<\/p>\n<h2>Werkstoff Design und Auswahl<\/h2>\n<p style=\"text-align: justify;\">Wir w\u00e4hlen entsprechend den Projekten den am besten geeigneten Werkstoff f\u00fcr Kostensenkung, hohe mechanische Eigenschaften und leichte L\u00f6sungen. Aluminium ist der Werkstoff der Zukunft und hat einen wichtigen Platz im Welthandel. Entsprechend hat der Einsatz von Aluminium in den letzten Jahren in allen Bereichen zugenommen.<\/p>\n<p>[\/vc_column_text][\/vc_column][\/vc_row][vc_row padding_top_multiplier=&#8220;&#8220; padding_bottom_multiplier=&#8220;&#8220; margin_bottom=&#8220;40&#8243;][vc_column][vc_column_text]Vorteile von Aluminium f\u00fcr den Druckguss:<\/p>\n<ul>\n<li>Es ist ein Werkstoff, mit dem Metallteile mit genauen, hochpr\u00e4zisen, glatten und\/oder strukturierten Oberfl\u00e4chen hergestellt werden k\u00f6nnen\/li&gt;<\/li>\n<li>Korrosionsbest\u00e4ndig<\/li>\n<li>Hohe Leitf\u00e4higkeit<\/li>\n<li>Besitzt eine gute st\u00e4rke und ein gutes Leistungs-Gewichtsverh\u00e4ltnis\/li&gt;<\/li>\n<li>Geeignet f\u00fcr schnelle und gro\u00dfvolumige Produktion<\/li>\n<li>Kosteng\u00fcnstiger als alternative Gie\u00dfverfahren\/li&gt;<\/li>\n<\/ul>\n<p>[\/vc_column_text][\/vc_column][\/vc_row][vc_row padding_top_multiplier=&#8220;&#8220; padding_bottom_multiplier=&#8220;&#8220; margin_bottom=&#8220;40&#8243;][vc_column width=&#8220;1\/2&#8243;][vc_column_text]<\/p>\n<p style=\"text-align: justify;\">Einer der Hauptvorteile von Aluminiumdruckguss besteht darin, dass leichtere Teile erzeugt werden, da mehr <a title=\"Oberfl\u00e4chenbehandlungs optionen\" href=\"https:\/\/kalkanci.com\/de\/kompetenzen\/aluminium-werkstoff\/\">Oberfl\u00e4chenbehandlungs optionen<\/a> als bei anderen Gusslegierungen m\u00f6glich sind. Au\u00dferdem ist Aluminium sehr vielseitig und korrosionsbest\u00e4ndig. Es beh\u00e4lt eine hohe Dimensionsstabilit\u00e4t f\u00fcr d\u00fcnnwandige Teile bei und kann in nahezu jeder Industrie eingesetzt werden.<\/p>\n<p style=\"text-align: justify;\">Aluminium ist nicht nur best\u00e4ndig, sondern auch leicht. Dies bietet gro\u00dfe Einsparungen bei der Herstellung von Teilen und beim Kraftstoff-\/Energieverbrauch der Endprodukte. Aluminium wird in vielen Industrien bevorzugt, da es die Kraftstoff-\/Energiekosten senkt, was heute einer der wichtigsten Ausgabenposten ist.<\/p>\n<p style=\"text-align: justify;\">Ein weiterer Vorteil von Aluminium ist, dass es durch verschiedene Prozesse oxidations- und korrosionsbest\u00e4ndig gemacht werden kann. Diese Best\u00e4ndigkeit gegen\u00fcber Umweltbedingungen, bietet wirtschaftlichen Nutzen durch langfristige Verwendung der Produkte.<\/p>\n<p>[\/vc_column_text][\/vc_column][vc_column width=&#8220;1\/2&#8243;][vc_column_text]<\/p>\n<p style=\"text-align: justify;\">Auch wenn meist Silizium bevorzugt wird, kann Aluminium durch Zugabe verschiedener Elemente auf unterschiedliche Weise geformt werden. Unter diesen befinden sich Metalle wie Kupfer, Silizium, Magnesium, Mangan, Zink, Titan, Eisen, Nickel, Zinn, Blei, Chrom und Bor, und je nach Verwendung kann Aluminium mit verschiedenen Vorteilen hergestellt werden.<\/p>\n<p style=\"text-align: justify;\">Aluminium, eines der Materialien mit dem h\u00f6chsten Beitrag zu Natur und Umwelt, kann bis zu fast 95% recycelt und wiederverwendet werden.<\/p>\n<p style=\"text-align: justify;\">Werkstoffe und Rohstoffe, einer der wichtigsten Faktoren beim Druckguss, m\u00fcssen von der von der Beschaffung bis zum Transport und von der Verarbeitung bis zur Lagerung mit Sorgfalt gehandhabt werden. Als KALKANCI f\u00fchren wir alle notwendigen Qualit\u00e4tskontrollen bei der Beschaffung von Werkstoffen durch und sorgen professionell f\u00fcr die notwendige Nachverfolgung von Lagerbest\u00e4nden und Produkten, um unseren Kunden das Beste zu bieten.<\/p>\n<p>[\/vc_column_text][\/vc_column][\/vc_row][vc_row padding_top_multiplier=&#8220;&#8220; padding_bottom_multiplier=&#8220;&#8220; margin_bottom=&#8220;20&#8243;][vc_column width=&#8220;1\/2&#8243;]<div class=\"eut-empty-space\" style=\"height: 25px;\"><\/div>[vc_column_text]<img loading=\"lazy\" decoding=\"async\" class=\"aligncenter size-large wp-image-1273\" src=\"https:\/\/kalkanci.com\/wp-content\/uploads\/2021\/04\/Malzeme-02-1024x1024.jpg\" alt=\"Aluminium Werkstoff\" width=\"1024\" height=\"1024\" srcset=\"https:\/\/kalkanci.com\/wp-content\/uploads\/2021\/04\/Malzeme-02-1024x1024.jpg 1024w, https:\/\/kalkanci.com\/wp-content\/uploads\/2021\/04\/Malzeme-02-300x300.jpg 300w, https:\/\/kalkanci.com\/wp-content\/uploads\/2021\/04\/Malzeme-02-150x150.jpg 150w, https:\/\/kalkanci.com\/wp-content\/uploads\/2021\/04\/Malzeme-02-768x768.jpg 768w, https:\/\/kalkanci.com\/wp-content\/uploads\/2021\/04\/Malzeme-02-560x560.jpg 560w, https:\/\/kalkanci.com\/wp-content\/uploads\/2021\/04\/Malzeme-02-900x900.jpg 900w, https:\/\/kalkanci.com\/wp-content\/uploads\/2021\/04\/Malzeme-02.jpg 1200w\" sizes=\"auto, (max-width: 1024px) 100vw, 1024px\" \/>[\/vc_column_text][\/vc_column][vc_column width=&#8220;1\/2&#8243;][vc_column_text]<\/p>\n<h3>Kalkanc\u0131 Werkstoffdesign und -auswahl<\/h3>\n<p style=\"text-align: justify;\">Als die Marke KALKANCI nutzen wir f\u00fcr die Produktion Standardwerkstoffe wie EN AC 46000, EN AC 46100, EN AC 44300, EN AC 47100, EN AC 43400, A380 und A383 aber auch spezielle Werkstoffe je nach Kundenwunsch wie 43500 und 51500. Neben all diesen Materialien verf\u00fcgt Kalkanc\u0131, aufgrund langfristiger Zusammenarbeit, \u00fcber eine sehr hohe Erfahrung und Leistungsf\u00e4higkeit in Speziallegierungen, die von Rheinfelden Alloys hergestellt werden. RHEINFELDEN ALLOYS hat sich auf neue Legierungen f\u00fcr Strukturgusskomponenten spezialisiert, die insbesondere f\u00fcr zuk\u00fcnftige Generationen in der Automobilindustrie verwendet werden.<\/p>\n<p style=\"text-align: justify;\">Kalkanc\u0131 unterst\u00fctzt seine Kunden weiterhin mit Legierungen, die f\u00fcr spezielle Kundenbed\u00fcrfnisse entwickelt wurden, insbesondere mit Magsimal\u00ae, einer Legierung f\u00fcr extrem haltbare, empfindliche Teile, die ihre Festigkeit und pr\u00e4zise Form f\u00fcr lange Zeit bewahren m\u00fcssen.<\/p>\n<p>[\/vc_column_text][\/vc_column][\/vc_row][vc_row padding_bottom_multiplier=&#8220;&#8220; margin_bottom=&#8220;20&#8243;][vc_column width=&#8220;1\/2&#8243;][vc_column_text]<\/p>\n<h3>Seitens Kalkanc\u0131 verwendeten Legierungen<\/h3>\n<p>Traditionelle Legierungen<\/p>\n<ul>\n<li>EN AC 46000,<\/li>\n<li>EN AC 46100,<\/li>\n<li>EN AC 44300,<\/li>\n<li>EN AC 47100,<\/li>\n<li>EN AC 43400,<\/li>\n<li>A380 ve A383<\/li>\n<\/ul>\n<p>[\/vc_column_text][\/vc_column][vc_column width=&#8220;1\/2&#8243;][vc_column_text]Speziallegierungen aus Prim\u00e4rmaterialien<\/p>\n<ul>\n<li>EN AC 43500<\/li>\n<li>EN AC 51500<\/li>\n<\/ul>\n<p>Rheinfelden Alloys Speziallegierungen<\/p>\n<ul>\n<li>Magsimal\u00ae<\/li>\n<li>Silafont\u00ae<\/li>\n<li>Unifont\u00ae<\/li>\n<\/ul>\n<p>[\/vc_column_text][\/vc_column][\/vc_row]<\/p>\n<\/div>","protected":false},"excerpt":{"rendered":"<p>[vc_row padding_top_multiplier=&#8220;&#8220; padding_bottom_multiplier=&#8220;&#8220; margin_bottom=&#8220;20&#8243;][vc_column][vc_column_text] Werkstoff Design und Auswahl Wir w\u00e4hlen entsprechend den Projekten den am besten geeigneten Werkstoff f\u00fcr Kostensenkung, hohe mechanische Eigenschaften und leichte L\u00f6sungen. Aluminium ist der Werkstoff der Zukunft und hat einen wichtigen Platz im Welthandel. Entsprechend hat der Einsatz von Aluminium in den letzten Jahren in allen Bereichen zugenommen. [\/vc_column_text][\/vc_column][\/vc_row][vc_row padding_top_multiplier=&#8220;&#8220; [&hellip;]<\/p>\n","protected":false},"author":1,"featured_media":0,"parent":1392,"menu_order":0,"comment_status":"closed","ping_status":"closed","template":"","meta":{"_seopress_robots_primary_cat":"","_seopress_titles_title":"Aluminium Werkstoff | Kalkanc\u0131 Druckguss und Werkzeugbau","_seopress_titles_desc":"Wir bieten unseren Kunden innovative Aluminium-Druckguss-Services unter Verwendung von Standard- und kundenspezifischem Aluminiummaterial.","_seopress_robots_index":"","footnotes":""},"class_list":["post-1270","page","type-page","status-publish","hentry"],"_links":{"self":[{"href":"https:\/\/kalkanci.com\/de\/wp-json\/wp\/v2\/pages\/1270","targetHints":{"allow":["GET"]}}],"collection":[{"href":"https:\/\/kalkanci.com\/de\/wp-json\/wp\/v2\/pages"}],"about":[{"href":"https:\/\/kalkanci.com\/de\/wp-json\/wp\/v2\/types\/page"}],"author":[{"embeddable":true,"href":"https:\/\/kalkanci.com\/de\/wp-json\/wp\/v2\/users\/1"}],"replies":[{"embeddable":true,"href":"https:\/\/kalkanci.com\/de\/wp-json\/wp\/v2\/comments?post=1270"}],"version-history":[{"count":1,"href":"https:\/\/kalkanci.com\/de\/wp-json\/wp\/v2\/pages\/1270\/revisions"}],"predecessor-version":[{"id":2792,"href":"https:\/\/kalkanci.com\/de\/wp-json\/wp\/v2\/pages\/1270\/revisions\/2792"}],"up":[{"embeddable":true,"href":"https:\/\/kalkanci.com\/de\/wp-json\/wp\/v2\/pages\/1392"}],"wp:attachment":[{"href":"https:\/\/kalkanci.com\/de\/wp-json\/wp\/v2\/media?parent=1270"}],"curies":[{"name":"wp","href":"https:\/\/api.w.org\/{rel}","templated":true}]}}