{"id":1280,"date":"2021-06-17T14:41:30","date_gmt":"2021-06-17T11:41:30","guid":{"rendered":"https:\/\/kalkanci.com\/aluminium-druckguss-werkzeugbau\/"},"modified":"2022-11-17T21:50:46","modified_gmt":"2022-11-17T18:50:46","slug":"aluminium-druckguss-werkzeugbau","status":"publish","type":"page","link":"https:\/\/kalkanci.com\/de\/kompetenzen\/aluminium-druckguss-werkzeugbau\/","title":{"rendered":"Aluminium Druckguss Werkzeugbau"},"content":{"rendered":"<div class=\"wpb-content-wrapper\"><p>[vc_row padding_top_multiplier=&#8220;&#8220; padding_bottom_multiplier=&#8220;&#8220; margin_bottom=&#8220;40&#8243;][vc_column][vc_column_text]<\/p>\n<p style=\"text-align: justify;\">Die Basis und der wichtigste Schritt des <a title=\"Aluminium Druckguss\" href=\"https:\/\/kalkanci.com\/de\/aluminium-druckguss\/\">Aluminiumspritzgusses<\/a> ist die Form. Mit einem eigenen Werkzeugbau ist Kalkanc\u0131 einer der gr\u00f6\u00dften <a title=\"Aluminium Druckguss\" href=\"https:\/\/kalkanci.com\/de\/aluminium-druckguss-hersteller\/\">Aluminiumdruckgussgusshersteller<\/a> in der T\u00fcrkei. Die Simulation aller Probleme, die w\u00e4hrend des Formenbaus in der Produktion auftreten k\u00f6nnen, das Treffen der erforderlichen Ma\u00dfnahmen und die entsprechende Auswahl des am besten geeigneten Design sind die wichtigsten Schritte des Formenbaus. Die Formproduktionsphase, die alle folgenden Prozesse beeinflusst, angefangen von Verschwendung, Recycling und Zykluszeiten bis hin zur p\u00fcnktlichen Lieferung, ist das Spezialgebiet von KALKANCI. Mit unserem mit den neuesten Technologien und Systemen ausgestatteten Werkzeugbau, sind wir in der Lage alle Bed\u00fcrfnisse unserer gesch\u00e4tzten Kunden zu erf\u00fcllen.<\/p>\n<p>[\/vc_column_text][\/vc_column][\/vc_row][vc_row padding_top_multiplier=&#8220;&#8220; padding_bottom_multiplier=&#8220;&#8220; margin_bottom=&#8220;40&#8243;][vc_column width=&#8220;1\/2&#8243;][vc_column_text]<\/p>\n<p style=\"text-align: justify;\"><strong>Alle Vorrichtungen, Messger\u00e4te und anderen Werkzeuge, die in Produktions- und Qualit\u00e4tsprozessen und insbesondere f\u00fcr die Herstellung von <strong>Druckguss,- und Stanzwerkzeuge<\/strong> verwendet werden, werden ebenfalls in den Anlagen von KALKANCI hergestellt. Dank dieses Vorteils, k\u00f6nnen wir unseren Kunden Produkte von h\u00f6chster Qualit\u00e4t zu einem wettbewerbsf\u00e4higen Preis anbieten.<\/strong><\/p>\n<p style=\"text-align: justify;\">Dar\u00fcber hinaus bietet der Werkzeugbau innerhalb unserer Struktur den Vorteil, dass der Kontrollprozess vom ersten Schritt an durchgef\u00fchrt werden kann und bei Bedarf sofort und ohne Zeitverschwendung Eingriffe gemacht werden k\u00f6nnen. Als Unternehmen mit eigenem Werkzeugbau k\u00f6nnen wir Verschwendungen im Produktionsprozess reduzieren. Dank der geringeren Kosten f\u00fcr Formteile, Verarbeitung und fertige Produkte k\u00f6nnen wir unseren Kunden wesentlich g\u00fcnstigere Preise anbieten.<\/p>\n<p>[\/vc_column_text][\/vc_column][vc_column width=&#8220;1\/2&#8243;][vc_column_text]<\/p>\n<h2>Werkzeugherstellung und Werkzeugbau<\/h2>\n<p style=\"text-align: justify;\">Ein weiterer Vorteil des Besitzes eines eigenen Werkzeugbaues spiegelt sich in unserer breiten Produktpalette wider. Wir erhalten gro\u00dfe Vorteile dank des Werkzeugbaus, der mit der Automatisierung im Produktionsprozess zusammenarbeitet. Diesen Vorteil spiegeln wir nat\u00fcrlich in der Produktvielfalt und den Preisen f\u00fcr unsere Kunden wider. W\u00e4hrend der Designphase arbeiten wir eng mit unseren Kunden zusammen, um Formbarkeit, Gewichtsreduzierung und \u00fcberlegene mechanische Eigenschaften sicherzustellen. Unser Designteam ist nicht nur Lieferant, sondern geht zusammen mit der Formabteilung von Anfang an strategische Partnerschaften mit unseren Kunden ein. W\u00e4hrend dieses gesamten Prozesses werden unsere Kunden korrekt informiert und geleitet, was unsere Kommunikation auf der Grundlage des Vertrauens mit unseren Kunden erh\u00f6ht.<\/p>\n<p>[\/vc_column_text][\/vc_column][\/vc_row][vc_row padding_top_multiplier=&#8220;&#8220; padding_bottom_multiplier=&#8220;&#8220; margin_bottom=&#8220;40&#8243;][vc_column]<div class=\"eut-element eut-gallery eut-isotope eut-gallery-popup eut-with-gap\" style=\"\" data-columns=\"4\" data-columns-large-screen=\"4\" data-columns-tablet-landscape=\"4\" data-columns-tablet-portrait=\"4\" data-columns-mobile=\"2\" data-layout=\"fitRows\" data-gutter-size=\"20\">  <div class=\"eut-isotope-container\"><div class=\"eut-isotope-item eut-hover-item eut-hover-style-none\"><div class=\"eut-isotope-item-inner eut-zoom-in\">  <figure class=\"eut-image-hover\">    <a class=\"eut-item-url\" href=\"https:\/\/kalkanci.com\/wp-content\/uploads\/2021\/04\/Kaliphane-06.jpg\" ><\/a>    <div class=\"eut-hover-overlay eut-bg-blue eut-opacity-30\"><\/div><div class=\"eut-media\"><img loading=\"lazy\" decoding=\"async\" width=\"560\" height=\"560\" src=\"https:\/\/kalkanci.com\/wp-content\/uploads\/2021\/04\/Kaliphane-06-560x560.jpg\" class=\"attachment-fildisi-eutf-small-square size-fildisi-eutf-small-square\" alt=\"Kal\u0131phane\" srcset=\"https:\/\/kalkanci.com\/wp-content\/uploads\/2021\/04\/Kaliphane-06-560x560.jpg 560w, https:\/\/kalkanci.com\/wp-content\/uploads\/2021\/04\/Kaliphane-06-300x300.jpg 300w, https:\/\/kalkanci.com\/wp-content\/uploads\/2021\/04\/Kaliphane-06-1024x1024.jpg 1024w, https:\/\/kalkanci.com\/wp-content\/uploads\/2021\/04\/Kaliphane-06-150x150.jpg 150w, https:\/\/kalkanci.com\/wp-content\/uploads\/2021\/04\/Kaliphane-06-768x768.jpg 768w, https:\/\/kalkanci.com\/wp-content\/uploads\/2021\/04\/Kaliphane-06-900x900.jpg 900w, https:\/\/kalkanci.com\/wp-content\/uploads\/2021\/04\/Kaliphane-06.jpg 1200w\" sizes=\"auto, (max-width: 560px) 100vw, 560px\" \/><\/div>  <\/figure><\/div><\/div><div class=\"eut-isotope-item eut-hover-item eut-hover-style-none\"><div class=\"eut-isotope-item-inner eut-zoom-in\">  <figure class=\"eut-image-hover\">    <a class=\"eut-item-url\" href=\"https:\/\/kalkanci.com\/wp-content\/uploads\/2021\/04\/Kaliphane-05.jpg\" ><\/a>    <div class=\"eut-hover-overlay eut-bg-blue eut-opacity-30\"><\/div><div class=\"eut-media\"><img loading=\"lazy\" decoding=\"async\" width=\"560\" height=\"560\" src=\"https:\/\/kalkanci.com\/wp-content\/uploads\/2021\/04\/Kaliphane-05-560x560.jpg\" class=\"attachment-fildisi-eutf-small-square size-fildisi-eutf-small-square\" alt=\"Kal\u0131phane\" srcset=\"https:\/\/kalkanci.com\/wp-content\/uploads\/2021\/04\/Kaliphane-05-560x560.jpg 560w, https:\/\/kalkanci.com\/wp-content\/uploads\/2021\/04\/Kaliphane-05-300x300.jpg 300w, https:\/\/kalkanci.com\/wp-content\/uploads\/2021\/04\/Kaliphane-05-1024x1024.jpg 1024w, https:\/\/kalkanci.com\/wp-content\/uploads\/2021\/04\/Kaliphane-05-150x150.jpg 150w, https:\/\/kalkanci.com\/wp-content\/uploads\/2021\/04\/Kaliphane-05-768x768.jpg 768w, https:\/\/kalkanci.com\/wp-content\/uploads\/2021\/04\/Kaliphane-05-900x900.jpg 900w, https:\/\/kalkanci.com\/wp-content\/uploads\/2021\/04\/Kaliphane-05.jpg 1200w\" sizes=\"auto, (max-width: 560px) 100vw, 560px\" \/><\/div>  <\/figure><\/div><\/div><div class=\"eut-isotope-item eut-hover-item eut-hover-style-none\"><div class=\"eut-isotope-item-inner eut-zoom-in\">  <figure class=\"eut-image-hover\">    <a class=\"eut-item-url\" href=\"https:\/\/kalkanci.com\/wp-content\/uploads\/2021\/04\/Kaliphane-04.jpg\" ><\/a>    <div class=\"eut-hover-overlay eut-bg-blue eut-opacity-30\"><\/div><div class=\"eut-media\"><img loading=\"lazy\" decoding=\"async\" width=\"560\" height=\"560\" src=\"https:\/\/kalkanci.com\/wp-content\/uploads\/2021\/04\/Kaliphane-04-560x560.jpg\" class=\"attachment-fildisi-eutf-small-square size-fildisi-eutf-small-square\" alt=\"Kal\u0131phane\" srcset=\"https:\/\/kalkanci.com\/wp-content\/uploads\/2021\/04\/Kaliphane-04-560x560.jpg 560w, https:\/\/kalkanci.com\/wp-content\/uploads\/2021\/04\/Kaliphane-04-300x300.jpg 300w, https:\/\/kalkanci.com\/wp-content\/uploads\/2021\/04\/Kaliphane-04-1024x1024.jpg 1024w, https:\/\/kalkanci.com\/wp-content\/uploads\/2021\/04\/Kaliphane-04-150x150.jpg 150w, https:\/\/kalkanci.com\/wp-content\/uploads\/2021\/04\/Kaliphane-04-768x768.jpg 768w, https:\/\/kalkanci.com\/wp-content\/uploads\/2021\/04\/Kaliphane-04-900x900.jpg 900w, https:\/\/kalkanci.com\/wp-content\/uploads\/2021\/04\/Kaliphane-04.jpg 1200w\" sizes=\"auto, (max-width: 560px) 100vw, 560px\" \/><\/div>  <\/figure><\/div><\/div><div class=\"eut-isotope-item eut-hover-item eut-hover-style-none\"><div class=\"eut-isotope-item-inner eut-zoom-in\">  <figure class=\"eut-image-hover\">    <a class=\"eut-item-url\" href=\"https:\/\/kalkanci.com\/wp-content\/uploads\/2021\/04\/Kaliphane-03.jpg\" ><\/a>    <div class=\"eut-hover-overlay eut-bg-blue eut-opacity-30\"><\/div><div class=\"eut-media\"><img loading=\"lazy\" decoding=\"async\" width=\"560\" height=\"560\" src=\"https:\/\/kalkanci.com\/wp-content\/uploads\/2021\/04\/Kaliphane-03-560x560.jpg\" class=\"attachment-fildisi-eutf-small-square size-fildisi-eutf-small-square\" alt=\"Kal\u0131phane\" srcset=\"https:\/\/kalkanci.com\/wp-content\/uploads\/2021\/04\/Kaliphane-03-560x560.jpg 560w, https:\/\/kalkanci.com\/wp-content\/uploads\/2021\/04\/Kaliphane-03-300x300.jpg 300w, https:\/\/kalkanci.com\/wp-content\/uploads\/2021\/04\/Kaliphane-03-1024x1024.jpg 1024w, https:\/\/kalkanci.com\/wp-content\/uploads\/2021\/04\/Kaliphane-03-150x150.jpg 150w, https:\/\/kalkanci.com\/wp-content\/uploads\/2021\/04\/Kaliphane-03-768x768.jpg 768w, https:\/\/kalkanci.com\/wp-content\/uploads\/2021\/04\/Kaliphane-03-900x900.jpg 900w, https:\/\/kalkanci.com\/wp-content\/uploads\/2021\/04\/Kaliphane-03.jpg 1200w\" sizes=\"auto, (max-width: 560px) 100vw, 560px\" \/><\/div>  <\/figure><\/div><\/div>  <\/div><\/div>[\/vc_column][\/vc_row][vc_row padding_top_multiplier=&#8220;&#8220; padding_bottom_multiplier=&#8220;&#8220; margin_bottom=&#8220;40&#8243;][vc_column width=&#8220;1\/2&#8243;][vc_column_text]<\/p>\n<h3>Kalkanc\u0131 Werkzeugbau<\/h3>\n<p style=\"text-align: justify;\">Als KALKANCI produzieren wir nicht nur neue Formen, sondern f\u00fchren auch Wartungs-, Reparatur- und notwendige Gussoptimierungen durch. Auf diese Weise k\u00f6nnen wir durch langfristige Gesch\u00e4ftspartnerschaften unseren Kunden nach der Produktlieferung helfen und mit wertvollen erhaltenen Statistiken, zur Entwicklung neuer Produkte beitragen.<\/p>\n<p>[\/vc_column_text][vc_column_text]<\/p>\n<p style=\"text-align: justify;\">Zus\u00e4tzlich besitzt unser Unternehmen ein Werkzeuglager, um diese zu sortieren und sicher zu lagern. Wir wissen, wie wichtig es ist den Wert der Produkte zu sch\u00fctzen und diese sicher zu lagern. In diesem Zusammenhang bieten wir als KALKANCI unseren Kunden die folgenden Dienstleistungen an:<\/p>\n<ul>\n<li>Druckgusswerkzeuge<\/li>\n<li>Stanzwerkzeuge<\/li>\n<li>CNC-Bearbeitungsvorrichtungen<\/li>\n<li>Lehren<\/li>\n<li>Pr\u00fcfger\u00e4te und alle anderen Hilfswerkzeuge<\/li>\n<\/ul>\n<p>[\/vc_column_text][\/vc_column][vc_column width=&#8220;1\/2&#8243;][vc_column_text]<img loading=\"lazy\" decoding=\"async\" class=\"aligncenter size-large wp-image-1295\" src=\"https:\/\/kalkanci.com\/wp-content\/uploads\/2021\/04\/Kaliphane-02-1024x1024.jpg\" alt=\"Aluminium Druckguss Werkzeugbau\" width=\"1024\" height=\"1024\" srcset=\"https:\/\/kalkanci.com\/wp-content\/uploads\/2021\/04\/Kaliphane-02-1024x1024.jpg 1024w, https:\/\/kalkanci.com\/wp-content\/uploads\/2021\/04\/Kaliphane-02-300x300.jpg 300w, https:\/\/kalkanci.com\/wp-content\/uploads\/2021\/04\/Kaliphane-02-150x150.jpg 150w, https:\/\/kalkanci.com\/wp-content\/uploads\/2021\/04\/Kaliphane-02-768x768.jpg 768w, https:\/\/kalkanci.com\/wp-content\/uploads\/2021\/04\/Kaliphane-02-560x560.jpg 560w, https:\/\/kalkanci.com\/wp-content\/uploads\/2021\/04\/Kaliphane-02-900x900.jpg 900w, https:\/\/kalkanci.com\/wp-content\/uploads\/2021\/04\/Kaliphane-02.jpg 1200w\" sizes=\"auto, (max-width: 1024px) 100vw, 1024px\" \/>[\/vc_column_text][\/vc_column][\/vc_row][vc_row padding_top_multiplier=&#8220;&#8220;][vc_column][vc_column_text]<\/p>\n<p style=\"text-align: justify;\">KALKANCI besitzt seit 1981 eine der renommiertesten Werkzeugbau in der T\u00fcrkei. Der Rohstoff, der als Stahlmaterial in den Lagerbestand aufgenommen wird, wird mit den vorhandenen Maschinen, technischem Wissen und einem qualifizierten Personal in eine Form mit einem durchsetzungsf\u00e4higen Produktionsprozess verwandelt. Um Ihnen, unseren gesch\u00e4tzten Kunden, einen qualitativeren Service leisten zu k\u00f6nnen und unser f\u00fchrendes Firmenprofil zu sch\u00fctzen, machen wir weiterhin Investitionen in diesem Bereich.<\/p>\n<p>[\/vc_column_text][\/vc_column][\/vc_row]<\/p>\n<\/div>","protected":false},"excerpt":{"rendered":"<p>[vc_row padding_top_multiplier=&#8220;&#8220; padding_bottom_multiplier=&#8220;&#8220; margin_bottom=&#8220;40&#8243;][vc_column][vc_column_text] Die Basis und der wichtigste Schritt des Aluminiumspritzgusses ist die Form. Mit einem eigenen Werkzeugbau ist Kalkanc\u0131 einer der gr\u00f6\u00dften Aluminiumdruckgussgusshersteller in der T\u00fcrkei. Die Simulation aller Probleme, die w\u00e4hrend des Formenbaus in der Produktion auftreten k\u00f6nnen, das Treffen der erforderlichen Ma\u00dfnahmen und die entsprechende Auswahl des am besten geeigneten Design [&hellip;]<\/p>\n","protected":false},"author":1,"featured_media":0,"parent":1392,"menu_order":0,"comment_status":"closed","ping_status":"closed","template":"","meta":{"_seopress_robots_primary_cat":"","_seopress_titles_title":"Aluminium Druckguss Werkzeugbau \u2502Kalkanc\u0131 Druckguss und Werkzeugbau","_seopress_titles_desc":"Wir bieten professionellen Service f\u00fcr verschiedene Sektoren im Bereich Aluminiumgussformprodukte f\u00fcr verschiedene Projekte","_seopress_robots_index":"","footnotes":""},"class_list":["post-1280","page","type-page","status-publish","hentry"],"_links":{"self":[{"href":"https:\/\/kalkanci.com\/de\/wp-json\/wp\/v2\/pages\/1280","targetHints":{"allow":["GET"]}}],"collection":[{"href":"https:\/\/kalkanci.com\/de\/wp-json\/wp\/v2\/pages"}],"about":[{"href":"https:\/\/kalkanci.com\/de\/wp-json\/wp\/v2\/types\/page"}],"author":[{"embeddable":true,"href":"https:\/\/kalkanci.com\/de\/wp-json\/wp\/v2\/users\/1"}],"replies":[{"embeddable":true,"href":"https:\/\/kalkanci.com\/de\/wp-json\/wp\/v2\/comments?post=1280"}],"version-history":[{"count":2,"href":"https:\/\/kalkanci.com\/de\/wp-json\/wp\/v2\/pages\/1280\/revisions"}],"predecessor-version":[{"id":3017,"href":"https:\/\/kalkanci.com\/de\/wp-json\/wp\/v2\/pages\/1280\/revisions\/3017"}],"up":[{"embeddable":true,"href":"https:\/\/kalkanci.com\/de\/wp-json\/wp\/v2\/pages\/1392"}],"wp:attachment":[{"href":"https:\/\/kalkanci.com\/de\/wp-json\/wp\/v2\/media?parent=1280"}],"curies":[{"name":"wp","href":"https:\/\/api.w.org\/{rel}","templated":true}]}}