{"id":1311,"date":"2021-06-17T15:06:20","date_gmt":"2021-06-17T12:06:20","guid":{"rendered":"https:\/\/kalkanci.com\/aluminium-waermebehandlung\/"},"modified":"2021-06-26T14:14:20","modified_gmt":"2021-06-26T11:14:20","slug":"aluminium-waermebehandlung","status":"publish","type":"page","link":"https:\/\/kalkanci.com\/de\/kompetenzen\/aluminium-waermebehandlung\/","title":{"rendered":"Aluminium W\u00e4rmebehandlung"},"content":{"rendered":"<div class=\"wpb-content-wrapper\"><p>[vc_row padding_top_multiplier=&#8220;&#8220; padding_bottom_multiplier=&#8220;&#8220; margin_bottom=&#8220;40&#8243;][vc_column][vc_column_text]<\/p>\n<p style=\"text-align: justify;\">In ihrer allgemeinsten Definition ist W\u00e4rmebehandlung der allgemeine Name jener Verfahren, die angewendet werden, um die H\u00e4rte, Festigkeit und \u00e4hnliche mechanische Eigenschaften von Metallen zu erh\u00f6hen, um diese haltbarer zu machen. Hierbei werden die Mikrostrukturen der Metalle ver\u00e4ndert, wonach sie an Best\u00e4ndigkeit in Sachen Haltbarkeit, Abriebfestigkeit, Bildsamkeit und Temperatur gewinnen. Die W\u00e4rmebehandlung, die uns eigentlich allen bekannt ist, wird schon seit sehr langer Zeit angewendet. W\u00e4rmebehandlung, deren Praxis und Nutzen bereits in der Antike bekannt war (wenn auch nur auf sehr einfachem Niveau), wurde von Schmieden verwendet, um Waffen wie \u00c4xte, Pfeilspitzen und Schwerter herzustellen. Heutzutage wird die W\u00e4rmebehandlung mit einer Technik namens Verkohlung in atmosph\u00e4rengesteuerten \u00d6fen mit fortschrittlicher Technologie und f\u00fcr jedes Metall geeignete Stufen durchgef\u00fchrt.<\/p>\n<p>[\/vc_column_text][\/vc_column][\/vc_row][vc_row padding_top_multiplier=&#8220;&#8220; padding_bottom_multiplier=&#8220;&#8220; margin_bottom=&#8220;20&#8243;][vc_column][vc_column_text]<\/p>\n<h2>Was ist W\u00e4rmebehandlung?<\/h2>\n<p style=\"text-align: justify;\">Entgegen der landl\u00e4ufigen Meinung wird die W\u00e4rmebehandlung nicht nur zum H\u00e4rten von Metall verwendet. Je nach Anfragen und Bed\u00fcrfnissen, wird W\u00e4rmebehandlung auch verwendet, um Produkten Elastizit\u00e4t und Weichheit zu verleihen. Aus diesem Grund ben\u00f6tigt die W\u00e4rmebehandlung, obwohl sie als einfach erscheint, ein sehr empfindliches Gleichgewicht und eine sehr empfindliche Kontrolle. Denn nach der W\u00e4rmebehandlung nimmt die H\u00e4rte des Metalls zu und gewinnt an Abriebfestigkeit. Jedoch wird das Material nach der W\u00e4rmebehandlung spr\u00f6der. Es ist ein sehr delikates Verfahren, die Materialien, die durch den Verlust ihrer Dehnungsgrenze eine erh\u00f6hte Zerbrechlichkeit aufweisen, einem optimalen Erhitzen und Abk\u00fchlen auszusetzen. Daher ist es sehr wichtig die optimale Temperatur, Atmosph\u00e4rendruck und Einwirkungszeit f\u00fcr das Metall zu kennen.<\/p>\n<p>Je nach Bedarf und Metall, besteht die W\u00e4rmebehandlung im Wesentlichen aus 4 Stufen.<\/p>\n<ul>\n<li>&#8222;Erhitzen&#8220; bis zu einer eingestellten Mindesttemperatur.<\/li>\n<li>&#8222;Warten&#8220; bei dieser Temperatur, je nach Bedarf.<\/li>\n<li>&#8222;Abschrecken&#8220; je nach Bedarf des Metalls.<\/li>\n<li>\u201c<strong>Alterung<\/strong>\u201d<\/li>\n<\/ul>\n<p>[\/vc_column_text][\/vc_column][\/vc_row][vc_row padding_top_multiplier=&#8220;&#8220; padding_bottom_multiplier=&#8220;&#8220; margin_bottom=&#8220;20&#8243;][vc_column][vc_column_text]<\/p>\n<h3>Aluminium-W\u00e4rmebehandlung<\/h3>\n<p style=\"text-align: justify;\">Das Aluminium-W\u00e4rmebehandlungsverfahren wird mit den oben genannten 4 Grundstufen durchgef\u00fchrt. Im Rahmen dieses Verfahrens k\u00f6nnen wir als KALKANCI die folgenden Arten der W\u00e4rmebehandlung im Aluminium-W\u00e4rmebehandlungsverfahren mit unseren Maschinen anwenden. (T: W\u00e4rmebehandelt)<\/p>\n<ul>\n<li><strong><strong>T4:<\/strong> Stabile Produkte, dessen L\u00f6sungseinlegung abgeschlossen und dem Kaltauslagern \u00fcberlassen wurden,<\/strong><\/li>\n<li><strong>T5:<\/strong> Produkte, die nach Abschluss des W\u00e4rmeformverfahrens gek\u00fchlt und k\u00fcnstlich gealtert werden,<\/li>\n<li><strong>T6:<\/strong> Produkte, dessen L\u00f6sungseinlegung abgeschlossen und der k\u00fcnstlichen Alterung \u00fcberlassen wurden.<\/li>\n<li><strong>T7:<\/strong> Produkte, dessen L\u00f6sungseinlegung abgeschlossen und der \u00dcberalterung \u00fcberlassen wurden.<\/li>\n<\/ul>\n<p style=\"text-align: justify;\">Mit unseren \u00d6fen und anderen W\u00e4rmebehandlungsanlagen in unserer Produktionslinie k\u00f6nnen wir Ihnen, unseren gesch\u00e4tzten Kunden, Produkte mit hoher Temperaturtoleranz und h\u00f6herer Konsistenz und Effizienz bieten. Mit dem W\u00e4rmebehandlungsprozess, den wir gem\u00e4\u00df allen Standards verwalten und mit unseren erfahrenen Ingenieuren und Technikern durchf\u00fchren, produzieren wir Produkte mit maximaler Haltbarkeit.<\/p>\n<p>[\/vc_column_text][\/vc_column][\/vc_row]<\/p>\n<\/div>","protected":false},"excerpt":{"rendered":"<p>[vc_row padding_top_multiplier=&#8220;&#8220; padding_bottom_multiplier=&#8220;&#8220; margin_bottom=&#8220;40&#8243;][vc_column][vc_column_text] In ihrer allgemeinsten Definition ist W\u00e4rmebehandlung der allgemeine Name jener Verfahren, die angewendet werden, um die H\u00e4rte, Festigkeit und \u00e4hnliche mechanische Eigenschaften von Metallen zu erh\u00f6hen, um diese haltbarer zu machen. Hierbei werden die Mikrostrukturen der Metalle ver\u00e4ndert, wonach sie an Best\u00e4ndigkeit in Sachen Haltbarkeit, Abriebfestigkeit, Bildsamkeit und Temperatur gewinnen. Die [&hellip;]<\/p>\n","protected":false},"author":1,"featured_media":0,"parent":1392,"menu_order":0,"comment_status":"closed","ping_status":"closed","template":"","meta":{"_seopress_robots_primary_cat":"","_seopress_titles_title":"Aluminium W\u00e4rmebehandlung \u2502Kalkanc\u0131 Druckguss und Werkzeugbau","_seopress_titles_desc":"Im Rahmen unserer Produktion von Aluminium Gussformen setzen wir erfolgreich Aluminium-W\u00e4rmebehandlungsverfahren ein.","_seopress_robots_index":"","footnotes":""},"class_list":["post-1311","page","type-page","status-publish","hentry"],"_links":{"self":[{"href":"https:\/\/kalkanci.com\/de\/wp-json\/wp\/v2\/pages\/1311","targetHints":{"allow":["GET"]}}],"collection":[{"href":"https:\/\/kalkanci.com\/de\/wp-json\/wp\/v2\/pages"}],"about":[{"href":"https:\/\/kalkanci.com\/de\/wp-json\/wp\/v2\/types\/page"}],"author":[{"embeddable":true,"href":"https:\/\/kalkanci.com\/de\/wp-json\/wp\/v2\/users\/1"}],"replies":[{"embeddable":true,"href":"https:\/\/kalkanci.com\/de\/wp-json\/wp\/v2\/comments?post=1311"}],"version-history":[{"count":0,"href":"https:\/\/kalkanci.com\/de\/wp-json\/wp\/v2\/pages\/1311\/revisions"}],"up":[{"embeddable":true,"href":"https:\/\/kalkanci.com\/de\/wp-json\/wp\/v2\/pages\/1392"}],"wp:attachment":[{"href":"https:\/\/kalkanci.com\/de\/wp-json\/wp\/v2\/media?parent=1311"}],"curies":[{"name":"wp","href":"https:\/\/api.w.org\/{rel}","templated":true}]}}