{"id":1317,"date":"2021-06-17T15:19:31","date_gmt":"2021-06-17T12:19:31","guid":{"rendered":"https:\/\/kalkanci.com\/aluminiumschmelzen\/"},"modified":"2021-06-26T14:01:27","modified_gmt":"2021-06-26T11:01:27","slug":"aluminiumschmelzen","status":"publish","type":"page","link":"https:\/\/kalkanci.com\/de\/kompetenzen\/aluminiumschmelzen\/","title":{"rendered":"Aluminiumschmelzen"},"content":{"rendered":"<div class=\"wpb-content-wrapper\"><p>[vc_row padding_top_multiplier=&#8220;&#8220; padding_bottom_multiplier=&#8220;&#8220; margin_bottom=&#8220;40&#8243;][vc_column][vc_column_text]<strong>Effizienz und Kosteneinsparungen beginnen mit dem Schmelzen.<\/strong>[\/vc_column_text][vc_column_text]<\/p>\n<p style=\"text-align: justify;\">K\u00fcl\u00e7eden eriyik metali elde etme s\u00fcreci olan \u201c<strong>SCHMELZEN<\/strong>\u201d, as Verfahren zum Erhalten von geschmolzenem Metall aus Barren, wird durch Aufbringen von W\u00e4rme auf den Barren erreicht. Das Schmelzen ist die erste Phase der Massenproduktion. Das Metall, das hier die ausreichende Temperatur erreicht, wird in diesem Stadium f\u00fcr den n\u00e4chsten Prozess das \u201eGie\u00dfen&#8220;, vorbereitet. Obwohl der Vorgang in Bezug auf Definition und Wahrnehmung sehr einfach aussieht, ist der Schmelzprozess komplizierter und technologiebasierter als erwartet. Auf einfachste Weise erkl\u00e4rt, gibt es zwei Methoden zum Schmelzen. Die erste beruht auf \u201eW\u00e4rme\u201c und die andere auf \u201eDruck\u201c.<\/p>\n<p style=\"text-align: justify;\">Um unseren Kunden die besten Preise anbieten zu k\u00f6nnen, wissen wir, dass die Kosten einer Gie\u00dferei stark von der Effizienz der Schmelzabteilung beeinflusst wird. Aufgrund der steigenden Preise f\u00fcr Aluminium, das in der Schmelzerei verarbeitet wird, ist der Metallverlust ein wesentlicher Kostenfaktor. Mit unseren Effizienzstudien versuchen wir, unsere Schmelzkosten zu senken, weniger Schrott zu produzieren und die h\u00f6chsten Qualit\u00e4tsstandards f\u00fcr unsere Produkte zu erreichen.<\/p>\n<p>[\/vc_column_text][\/vc_column][\/vc_row][vc_row padding_top_multiplier=&#8220;&#8220; padding_bottom_multiplier=&#8220;&#8220; margin_bottom=&#8220;40&#8243;][vc_column][vc_column_text]<\/p>\n<div style=\"width: 1080px;\" class=\"wp-video\"><video class=\"wp-video-shortcode\" id=\"video-1317-1\" width=\"1080\" height=\"810\" preload=\"metadata\" controls=\"controls\"><source type=\"video\/mp4\" src=\"https:\/\/kalkanci.com\/wp-content\/uploads\/2021\/04\/ergitme.mp4?_=1\" \/><a href=\"https:\/\/kalkanci.com\/wp-content\/uploads\/2021\/04\/ergitme.mp4\">https:\/\/kalkanci.com\/wp-content\/uploads\/2021\/04\/ergitme.mp4<\/a><\/video><\/div>\n<p>[\/vc_column_text][\/vc_column][\/vc_row][vc_row padding_top_multiplier=&#8220;&#8220; padding_bottom_multiplier=&#8220;&#8220; margin_bottom=&#8220;20&#8243;][vc_column][vc_column_text]<\/p>\n<h2>Was ist Schmelzen?<\/h2>\n<p style=\"text-align: justify;\">Das Schmelzen, einer der wichtigsten Schritte der Produktionslinie, ist nicht nur das Schmelzen des Produkts. W\u00e4hrend des Schmelzens wird die Zusammensetzung bestimmt, das Pfropfen und das Entfernen von Verunreinigungen und Gasen durchgef\u00fchrt. Mit anderen Worten, w\u00e4hrend dieses Verfahrens wird die Haltbarkeit des Produkts erh\u00f6ht und die Zusammensetzung perfektioniert und gebrauchsfertig gemacht. Wenn man beachtet, dass das h\u00e4ufigste Problem beim Schmelzprozess die \u00c4nderungen der Metallkomponenten sind und diese nicht immer die gew\u00fcnschten Eigenschaften aufweisen, ist die Bedeutung des Schmelzprozesses besser zu verstehen.<\/p>\n<p style=\"text-align: justify;\">Aus diesen und anderen Gr\u00fcnden spielt die Entwicklung der Technologie im Schmelzprozess eine sehr wichtige Rolle. Denn der Schmelzprozess variiert je nach den Eigenschaften des Metalls und des zu verarbeitenden Materials. Wie bereits erw\u00e4hnt, bei einigen Metallen und Mineralien sind sehr hohe Temperaturen notwendig. Um Ger\u00e4te zu entwickeln, die diese Temperatur unterst\u00fctzten, musste die Technologie auf ein bestimmtes Niveau gebracht werden. Dank entwickelter Technologie wurde der Schmelzprozess beschleunigt und perfektioniert, indem der Umgebungsdruck ge\u00e4ndert oder sehr schnell hohe Temperaturen erreicht werden. Mit den Vorteilen der Technologie wird ein homogeneres Produkt und folglich perfektere Endprodukte erhalten.<\/p>\n<p><strong>Als Kalkanc\u0131 wissen wir, wie wichtig der Schmelzprozess f\u00fcr unsere Produkte ist.<\/strong><\/p>\n<ul>\n<li>Eine verbesserte Material-Fluidit\u00e4t f\u00fchrt zu einer besseren Formf\u00fcllung und weniger Vorschubfehlern.<\/li>\n<li>Viele mechanische Eigenschaften, wie z. B. eine h\u00f6here Dehnung, sind h\u00e4ufig eine kritische Voraussetzung f\u00fcr strukturelle oder technische Aluminiumgussteile und gute mechanische Eigenschaften sind mit der Perfektion des Schmelzprozesses verbunden.<\/li>\n<li>Eine erh\u00f6hte Schmelzreinigung f\u00fchrt zu weniger Problemen mit der Mikroporosit\u00e4t.<\/li>\n<li>Ein perfektionierter Schmelzvorgang bedeutet weniger Schrott und bessere Verarbeitung.<\/li>\n<\/ul>\n<h3>Schmelzofen<\/h3>\n<p style=\"text-align: justify;\">Als KALKANCI kenn wir die Details f\u00fcr einen schnellen und effektiven Schmelzprozess und besitzen in diesem Zusammenhang 5 Schmelz\u00f6fen. Mit diesen innovativen Schmelz\u00f6fen neuester Technologie haben wir eine gro\u00dfe Schmelzkapazit\u00e4t und sind in der Lage Anfragen und Bestellungen schnell zu erf\u00fcllen.<\/p>\n<p>[\/vc_column_text][\/vc_column][\/vc_row][vc_row padding_top_multiplier=&#8220;&#8220; padding_bottom_multiplier=&#8220;&#8220; margin_bottom=&#8220;20&#8243;][vc_column width=&#8220;1\/2&#8243;][vc_column_text]<\/p>\n<p style=\"text-align: justify;\">Die t\u00e4gliche Schmelzkapazit\u00e4t der KALKANCI Gie\u00dferei betr\u00e4gt \u00fcber 50 Tonnen. In unserer Gie\u00dferei verwenden wir f\u00fcnf Hochleistungs\u00f6fen, in denen wir 5 verschiedene Materialien gleichzeitig schmelzen k\u00f6nnen, um unseren Kunden schnelle Lieferungen zu gew\u00e4hrleisten und einen effektiven Arbeitsprozess durchzuf\u00fchren.<\/p>\n<p>[\/vc_column_text][\/vc_column][vc_column width=&#8220;1\/2&#8243;][vc_column_text]Kalkanc\u0131 Schmelz\u00f6fen<\/p>\n<ul>\n<li>1 x 3.000 kg(1.500kg\/h)<\/li>\n<li>2 x 1.500 kg\u00a0(500kg\/h)<\/li>\n<li>1 x 1.000kg(150kg\/h)<\/li>\n<li>1 x 1.000kg(150kg\/h)<\/li>\n<\/ul>\n<p>[\/vc_column_text][\/vc_column][\/vc_row]<\/p>\n<\/div>","protected":false},"excerpt":{"rendered":"<p>[vc_row padding_top_multiplier=&#8220;&#8220; padding_bottom_multiplier=&#8220;&#8220; margin_bottom=&#8220;40&#8243;][vc_column][vc_column_text]Effizienz und Kosteneinsparungen beginnen mit dem Schmelzen.[\/vc_column_text][vc_column_text] K\u00fcl\u00e7eden eriyik metali elde etme s\u00fcreci olan \u201cSCHMELZEN\u201d, as Verfahren zum Erhalten von geschmolzenem Metall aus Barren, wird durch Aufbringen von W\u00e4rme auf den Barren erreicht. Das Schmelzen ist die erste Phase der Massenproduktion. Das Metall, das hier die ausreichende Temperatur erreicht, wird in diesem [&hellip;]<\/p>\n","protected":false},"author":1,"featured_media":0,"parent":1392,"menu_order":0,"comment_status":"closed","ping_status":"closed","template":"","meta":{"_seopress_robots_primary_cat":"","_seopress_titles_title":"Aluminiumschmelzen \u2502Kalkanc\u0131 Druckguss und Werkzeugbau","_seopress_titles_desc":"Wir stehen Ihnen mit unseren Schmelz\u00f6fen zur Verf\u00fcgung, die alle Arten von Auftr\u00e4gen und Anforderungen f\u00fcr Aluminiumgussformen erf\u00fcllen k\u00f6nnen","_seopress_robots_index":"","footnotes":""},"class_list":["post-1317","page","type-page","status-publish","hentry"],"_links":{"self":[{"href":"https:\/\/kalkanci.com\/de\/wp-json\/wp\/v2\/pages\/1317","targetHints":{"allow":["GET"]}}],"collection":[{"href":"https:\/\/kalkanci.com\/de\/wp-json\/wp\/v2\/pages"}],"about":[{"href":"https:\/\/kalkanci.com\/de\/wp-json\/wp\/v2\/types\/page"}],"author":[{"embeddable":true,"href":"https:\/\/kalkanci.com\/de\/wp-json\/wp\/v2\/users\/1"}],"replies":[{"embeddable":true,"href":"https:\/\/kalkanci.com\/de\/wp-json\/wp\/v2\/comments?post=1317"}],"version-history":[{"count":0,"href":"https:\/\/kalkanci.com\/de\/wp-json\/wp\/v2\/pages\/1317\/revisions"}],"up":[{"embeddable":true,"href":"https:\/\/kalkanci.com\/de\/wp-json\/wp\/v2\/pages\/1392"}],"wp:attachment":[{"href":"https:\/\/kalkanci.com\/de\/wp-json\/wp\/v2\/media?parent=1317"}],"curies":[{"name":"wp","href":"https:\/\/api.w.org\/{rel}","templated":true}]}}