{"id":1326,"date":"2021-06-17T16:15:38","date_gmt":"2021-06-17T13:15:38","guid":{"rendered":"https:\/\/kalkanci.com\/aluminiumguss\/"},"modified":"2024-10-30T19:08:37","modified_gmt":"2024-10-30T16:08:37","slug":"aluminiumguss","status":"publish","type":"page","link":"https:\/\/kalkanci.com\/de\/kompetenzen\/aluminiumguss\/","title":{"rendered":"Aluminiumguss"},"content":{"rendered":"<div class=\"wpb-content-wrapper\"><p>[vc_row padding_top_multiplier=&#8220;&#8220; padding_bottom_multiplier=&#8220;&#8220; margin_bottom=&#8220;40&#8243;][vc_column][vc_column_text]<\/p>\n<p style=\"text-align: justify;\">Das Wort Guss, das vom Verb \u201egie\u00dfen\u201c abstammt, ist einfach ausgedr\u00fcckt, der Prozess des Formens von geschmolzenem Material oder Metallen durch das Gie\u00dfen in eine Form. Das ultimative Ziel beim Gie\u00dfen ist es Materialien zu Schmelzen und diese in verwendbare Produkte zu verwandeln. <strong>Metallspritzgie\u00dfen <\/strong>oder Druckguss ist ein Metallgussverfahren, bei dem geschmolzenesMetall unter hohem Druck in eine Formh\u00f6hlung gedr\u00fcckt wird. Die Formh\u00f6hlung wird unter Verwendung von zwei geh\u00e4rteten Werkzeug-Stahl-Formteilen, die w\u00e4hrend der Bearbeitung auf \u00e4hnliche Weise in einer Spritzgussform geformt werden, erstellt. Die meisten Druckgussverfahren werden mit Nichteisenmetallen wie zum Beispiel Zink, Kupfer, Aliminium, Magnesium, Blei, Zinn und Zinnlegierungen durchgef\u00fchrt. Abh\u00e4ngig von der Art des verwendeten Metalls, werden Warmkammermaschinen oder Kaltkammermaschinen verwendet. Aluminium, Zamak (eine Zink-Aluminiumlegierung), Messing, Magnesium und Blei sind die beim Metallspritzgie\u00dfen am h\u00e4ufigsten verwendeten Metalle und Legierungen.<\/p>\n<p>[\/vc_column_text][\/vc_column][\/vc_row][vc_row padding_top_multiplier=&#8220;&#8220; padding_bottom_multiplier=&#8220;&#8220; margin_bottom=&#8220;40&#8243;][vc_column width=&#8220;1\/2&#8243;][vc_column_text]<\/p>\n<h2>Gie\u00dferei<\/h2>\n<p style=\"text-align: justify;\"><strong>Gie\u00dferei<\/strong>, ist der Ort, an der der Gie\u00dfprozess stattfindet. Hier werden die geschmolzenen und verfl\u00fcssigten Metalle in eine gew\u00fcnschte Form gegossen und nach dem Abk\u00fchlen in qualitativ hochwertige Produkte verwandelt.<\/p>\n<p>[\/vc_column_text][\/vc_column][vc_column width=&#8220;1\/2&#8243;][vc_column_text]<\/p>\n<h2>Druckguss<\/h2>\n<p style=\"text-align: justify;\"><strong>Der <strong>Druckguss<\/strong>, die am meisten bevorzugte Methode in der <strong>Herstellung von<\/strong> <strong>Aluminiumteilen<\/strong>, bietet nicht nur einen Preisvorteil f\u00fcr die Massenproduktion, sondern bietet ebenfalls die M\u00f6glichkeit komplex geformte Produkte mit hoher Qualit\u00e4t herzustellen.<\/strong><\/p>\n<p>[\/vc_column_text][\/vc_column][\/vc_row][vc_row padding_top_multiplier=&#8220;&#8220; padding_bottom_multiplier=&#8220;&#8220; margin_bottom=&#8220;20&#8243;][vc_column width=&#8220;1\/2&#8243;][vc_column_text]<img loading=\"lazy\" decoding=\"async\" class=\"aligncenter size-large wp-image-3331\" src=\"https:\/\/kalkanci.com\/wp-content\/uploads\/2022\/09\/Dokumhane-1024x1024.jpg\" alt=\"Aluminiumguss\" width=\"1024\" height=\"1024\" srcset=\"https:\/\/kalkanci.com\/wp-content\/uploads\/2022\/09\/Dokumhane-1024x1024.jpg 1024w, https:\/\/kalkanci.com\/wp-content\/uploads\/2022\/09\/Dokumhane-300x300.jpg 300w, https:\/\/kalkanci.com\/wp-content\/uploads\/2022\/09\/Dokumhane-150x150.jpg 150w, https:\/\/kalkanci.com\/wp-content\/uploads\/2022\/09\/Dokumhane-768x768.jpg 768w, https:\/\/kalkanci.com\/wp-content\/uploads\/2022\/09\/Dokumhane-560x560.jpg 560w, https:\/\/kalkanci.com\/wp-content\/uploads\/2022\/09\/Dokumhane-900x900.jpg 900w, https:\/\/kalkanci.com\/wp-content\/uploads\/2022\/09\/Dokumhane.jpg 1200w\" sizes=\"auto, (max-width: 1024px) 100vw, 1024px\" \/>[\/vc_column_text][\/vc_column][vc_column width=&#8220;1\/2&#8243;][vc_column_text]<\/p>\n<p style=\"text-align: justify;\"><strong>KALKANCI <\/strong>besitzt insgesamt 18 <strong>Aluminium-Kaltkammerdruckguss maschine<\/strong> mit Prozessreglern und einer Schliesskraft von 4000 kN bis 20.000 kN. Acht von diesen Maschinen sind mit Industrierobotern ausgestattet, die auch bei hohen St\u00fcckzahlen eine gleichbleibende Qualit\u00e4t garantieren. Das Online-Produktionsmanagementsystem und Online-\u00dcberwachung und Planung sind 24 Stunden am Tag aktiv und Daten werden automatisch gesammelt. In diesem Zusammenhang besitzen wir folgende Ausr\u00fcstung:<\/p>\n<ul>\n<li>Alle unsere Maschinen sind mit einem automatischen Form-Spr\u00fchroboter ausgestattet.<\/li>\n<li>Alle unsere Maschinen, von denen 7 mit Dosier\u00f6fen ausgestattet sind, werden mit einem vollautomatischen Sch\u00f6pfger\u00e4t mit Material versorgt.<\/li>\n<li>Wir produzieren mit acht 6-Achs-Gie\u00dfrobotern, die in \u00dcbereinstimmung mit dem Zellensystem operieren und den besten Preisvorteil und die h\u00f6chsten Qualit\u00e4tsstandards bei gro\u00dfen Mengen bieten.<\/li>\n<\/ul>\n<p>[\/vc_column_text][\/vc_column][\/vc_row][vc_row padding_top_multiplier=&#8220;&#8220; padding_bottom_multiplier=&#8220;&#8220; margin_bottom=&#8220;20&#8243;][vc_column][vc_column_text]<\/p>\n<p style=\"text-align: justify;\">Wir als Kalkanc\u0131, haben vor Kurzem alle unsere Maschinen an das Zellensystem angepasst und uns somit das Ziel gesetzt, unsere Effizienz und unseren Preisvorteil weiter zu erh\u00f6hen.<\/p>\n<p>[\/vc_column_text][\/vc_column][\/vc_row][vc_row padding_top_multiplier=&#8220;&#8220; padding_bottom_multiplier=&#8220;&#8220; margin_bottom=&#8220;20&#8243;][vc_column]<div class=\"eut-element eut-gallery eut-isotope eut-gallery-popup eut-with-gap\" style=\"\" data-columns=\"3\" data-columns-large-screen=\"3\" data-columns-tablet-landscape=\"3\" data-columns-tablet-portrait=\"3\" data-columns-mobile=\"2\" data-layout=\"fitRows\" data-gutter-size=\"40\">  <div class=\"eut-isotope-container\"><div class=\"eut-isotope-item eut-hover-item eut-hover-style-none\"><div class=\"eut-isotope-item-inner eut-zoom-in\">  <figure class=\"eut-image-hover\">    <a class=\"eut-item-url\" href=\"https:\/\/kalkanci.com\/wp-content\/uploads\/2021\/04\/Dokum-Dokumhane-09.jpg\" ><\/a>    <div class=\"eut-hover-overlay eut-bg-blue eut-opacity-30\"><\/div><div class=\"eut-media\"><img loading=\"lazy\" decoding=\"async\" width=\"560\" height=\"560\" src=\"https:\/\/kalkanci.com\/wp-content\/uploads\/2021\/04\/Dokum-Dokumhane-09-560x560.jpg\" class=\"attachment-fildisi-eutf-small-square size-fildisi-eutf-small-square\" alt=\"D\u00f6k\u00fcm ve D\u00f6k\u00fcmhane\" srcset=\"https:\/\/kalkanci.com\/wp-content\/uploads\/2021\/04\/Dokum-Dokumhane-09-560x560.jpg 560w, https:\/\/kalkanci.com\/wp-content\/uploads\/2021\/04\/Dokum-Dokumhane-09-300x300.jpg 300w, https:\/\/kalkanci.com\/wp-content\/uploads\/2021\/04\/Dokum-Dokumhane-09-1024x1024.jpg 1024w, https:\/\/kalkanci.com\/wp-content\/uploads\/2021\/04\/Dokum-Dokumhane-09-150x150.jpg 150w, https:\/\/kalkanci.com\/wp-content\/uploads\/2021\/04\/Dokum-Dokumhane-09-768x768.jpg 768w, https:\/\/kalkanci.com\/wp-content\/uploads\/2021\/04\/Dokum-Dokumhane-09-900x900.jpg 900w, https:\/\/kalkanci.com\/wp-content\/uploads\/2021\/04\/Dokum-Dokumhane-09.jpg 1200w\" sizes=\"auto, (max-width: 560px) 100vw, 560px\" \/><\/div>  <\/figure><\/div><\/div><div class=\"eut-isotope-item eut-hover-item eut-hover-style-none\"><div class=\"eut-isotope-item-inner eut-zoom-in\">  <figure class=\"eut-image-hover\">    <a class=\"eut-item-url\" href=\"https:\/\/kalkanci.com\/wp-content\/uploads\/2021\/04\/Dokum-Dokumhane-06.jpg\" ><\/a>    <div class=\"eut-hover-overlay eut-bg-blue eut-opacity-30\"><\/div><div class=\"eut-media\"><img loading=\"lazy\" decoding=\"async\" width=\"560\" height=\"560\" src=\"https:\/\/kalkanci.com\/wp-content\/uploads\/2021\/04\/Dokum-Dokumhane-06-560x560.jpg\" class=\"attachment-fildisi-eutf-small-square size-fildisi-eutf-small-square\" alt=\"D\u00f6k\u00fcm ve D\u00f6k\u00fcmhane\" srcset=\"https:\/\/kalkanci.com\/wp-content\/uploads\/2021\/04\/Dokum-Dokumhane-06-560x560.jpg 560w, https:\/\/kalkanci.com\/wp-content\/uploads\/2021\/04\/Dokum-Dokumhane-06-300x300.jpg 300w, https:\/\/kalkanci.com\/wp-content\/uploads\/2021\/04\/Dokum-Dokumhane-06-1024x1024.jpg 1024w, https:\/\/kalkanci.com\/wp-content\/uploads\/2021\/04\/Dokum-Dokumhane-06-150x150.jpg 150w, https:\/\/kalkanci.com\/wp-content\/uploads\/2021\/04\/Dokum-Dokumhane-06-768x768.jpg 768w, https:\/\/kalkanci.com\/wp-content\/uploads\/2021\/04\/Dokum-Dokumhane-06-900x900.jpg 900w, https:\/\/kalkanci.com\/wp-content\/uploads\/2021\/04\/Dokum-Dokumhane-06.jpg 1200w\" sizes=\"auto, (max-width: 560px) 100vw, 560px\" \/><\/div>  <\/figure><\/div><\/div><div class=\"eut-isotope-item eut-hover-item eut-hover-style-none\"><div class=\"eut-isotope-item-inner eut-zoom-in\">  <figure class=\"eut-image-hover\">    <a class=\"eut-item-url\" href=\"https:\/\/kalkanci.com\/wp-content\/uploads\/2021\/04\/Dokum-Dokumhane-05.jpg\" ><\/a>    <div class=\"eut-hover-overlay eut-bg-blue eut-opacity-30\"><\/div><div class=\"eut-media\"><img loading=\"lazy\" decoding=\"async\" width=\"560\" height=\"560\" src=\"https:\/\/kalkanci.com\/wp-content\/uploads\/2021\/04\/Dokum-Dokumhane-05-560x560.jpg\" class=\"attachment-fildisi-eutf-small-square size-fildisi-eutf-small-square\" alt=\"D\u00f6k\u00fcm ve D\u00f6k\u00fcmhane\" srcset=\"https:\/\/kalkanci.com\/wp-content\/uploads\/2021\/04\/Dokum-Dokumhane-05-560x560.jpg 560w, https:\/\/kalkanci.com\/wp-content\/uploads\/2021\/04\/Dokum-Dokumhane-05-300x300.jpg 300w, https:\/\/kalkanci.com\/wp-content\/uploads\/2021\/04\/Dokum-Dokumhane-05-1024x1024.jpg 1024w, https:\/\/kalkanci.com\/wp-content\/uploads\/2021\/04\/Dokum-Dokumhane-05-150x150.jpg 150w, https:\/\/kalkanci.com\/wp-content\/uploads\/2021\/04\/Dokum-Dokumhane-05-768x768.jpg 768w, https:\/\/kalkanci.com\/wp-content\/uploads\/2021\/04\/Dokum-Dokumhane-05-900x900.jpg 900w, https:\/\/kalkanci.com\/wp-content\/uploads\/2021\/04\/Dokum-Dokumhane-05.jpg 1200w\" sizes=\"auto, (max-width: 560px) 100vw, 560px\" \/><\/div>  <\/figure><\/div><\/div><div class=\"eut-isotope-item eut-hover-item eut-hover-style-none\"><div class=\"eut-isotope-item-inner eut-zoom-in\">  <figure class=\"eut-image-hover\">    <a class=\"eut-item-url\" href=\"https:\/\/kalkanci.com\/wp-content\/uploads\/2021\/04\/Dokum-Dokumhane-04.jpg\" ><\/a>    <div class=\"eut-hover-overlay eut-bg-blue eut-opacity-30\"><\/div><div class=\"eut-media\"><img loading=\"lazy\" decoding=\"async\" width=\"560\" height=\"560\" src=\"https:\/\/kalkanci.com\/wp-content\/uploads\/2021\/04\/Dokum-Dokumhane-04-560x560.jpg\" class=\"attachment-fildisi-eutf-small-square size-fildisi-eutf-small-square\" alt=\"D\u00f6k\u00fcm ve D\u00f6k\u00fcmhane\" srcset=\"https:\/\/kalkanci.com\/wp-content\/uploads\/2021\/04\/Dokum-Dokumhane-04-560x560.jpg 560w, https:\/\/kalkanci.com\/wp-content\/uploads\/2021\/04\/Dokum-Dokumhane-04-300x300.jpg 300w, https:\/\/kalkanci.com\/wp-content\/uploads\/2021\/04\/Dokum-Dokumhane-04-1024x1024.jpg 1024w, https:\/\/kalkanci.com\/wp-content\/uploads\/2021\/04\/Dokum-Dokumhane-04-150x150.jpg 150w, https:\/\/kalkanci.com\/wp-content\/uploads\/2021\/04\/Dokum-Dokumhane-04-768x768.jpg 768w, https:\/\/kalkanci.com\/wp-content\/uploads\/2021\/04\/Dokum-Dokumhane-04-900x900.jpg 900w, https:\/\/kalkanci.com\/wp-content\/uploads\/2021\/04\/Dokum-Dokumhane-04.jpg 1200w\" sizes=\"auto, (max-width: 560px) 100vw, 560px\" \/><\/div>  <\/figure><\/div><\/div><div class=\"eut-isotope-item eut-hover-item eut-hover-style-none\"><div class=\"eut-isotope-item-inner eut-zoom-in\">  <figure class=\"eut-image-hover\">    <a class=\"eut-item-url\" href=\"https:\/\/kalkanci.com\/wp-content\/uploads\/2021\/04\/Dokum-Dokumhane-03.jpg\" ><\/a>    <div class=\"eut-hover-overlay eut-bg-blue eut-opacity-30\"><\/div><div class=\"eut-media\"><img loading=\"lazy\" decoding=\"async\" width=\"560\" height=\"560\" src=\"https:\/\/kalkanci.com\/wp-content\/uploads\/2021\/04\/Dokum-Dokumhane-03-560x560.jpg\" class=\"attachment-fildisi-eutf-small-square size-fildisi-eutf-small-square\" alt=\"D\u00f6k\u00fcm ve D\u00f6k\u00fcmhane\" srcset=\"https:\/\/kalkanci.com\/wp-content\/uploads\/2021\/04\/Dokum-Dokumhane-03-560x560.jpg 560w, https:\/\/kalkanci.com\/wp-content\/uploads\/2021\/04\/Dokum-Dokumhane-03-300x300.jpg 300w, https:\/\/kalkanci.com\/wp-content\/uploads\/2021\/04\/Dokum-Dokumhane-03-1024x1024.jpg 1024w, https:\/\/kalkanci.com\/wp-content\/uploads\/2021\/04\/Dokum-Dokumhane-03-150x150.jpg 150w, https:\/\/kalkanci.com\/wp-content\/uploads\/2021\/04\/Dokum-Dokumhane-03-768x768.jpg 768w, https:\/\/kalkanci.com\/wp-content\/uploads\/2021\/04\/Dokum-Dokumhane-03-900x900.jpg 900w, https:\/\/kalkanci.com\/wp-content\/uploads\/2021\/04\/Dokum-Dokumhane-03.jpg 1200w\" sizes=\"auto, (max-width: 560px) 100vw, 560px\" \/><\/div>  <\/figure><\/div><\/div><div class=\"eut-isotope-item eut-hover-item eut-hover-style-none\"><div class=\"eut-isotope-item-inner eut-zoom-in\">  <figure class=\"eut-image-hover\">    <a class=\"eut-item-url\" href=\"https:\/\/kalkanci.com\/wp-content\/uploads\/2021\/04\/Dokum-Dokumhane-02.jpg\" ><\/a>    <div class=\"eut-hover-overlay eut-bg-blue eut-opacity-30\"><\/div><div class=\"eut-media\"><img loading=\"lazy\" decoding=\"async\" width=\"560\" height=\"560\" src=\"https:\/\/kalkanci.com\/wp-content\/uploads\/2021\/04\/Dokum-Dokumhane-02-560x560.jpg\" class=\"attachment-fildisi-eutf-small-square size-fildisi-eutf-small-square\" alt=\"D\u00f6k\u00fcm ve D\u00f6k\u00fcmhane\" srcset=\"https:\/\/kalkanci.com\/wp-content\/uploads\/2021\/04\/Dokum-Dokumhane-02-560x560.jpg 560w, https:\/\/kalkanci.com\/wp-content\/uploads\/2021\/04\/Dokum-Dokumhane-02-300x300.jpg 300w, https:\/\/kalkanci.com\/wp-content\/uploads\/2021\/04\/Dokum-Dokumhane-02-1024x1024.jpg 1024w, https:\/\/kalkanci.com\/wp-content\/uploads\/2021\/04\/Dokum-Dokumhane-02-150x150.jpg 150w, https:\/\/kalkanci.com\/wp-content\/uploads\/2021\/04\/Dokum-Dokumhane-02-768x768.jpg 768w, https:\/\/kalkanci.com\/wp-content\/uploads\/2021\/04\/Dokum-Dokumhane-02-900x900.jpg 900w, https:\/\/kalkanci.com\/wp-content\/uploads\/2021\/04\/Dokum-Dokumhane-02.jpg 1200w\" sizes=\"auto, (max-width: 560px) 100vw, 560px\" \/><\/div>  <\/figure><\/div><\/div>  <\/div><\/div>[\/vc_column][\/vc_row][vc_row padding_top_multiplier=&#8220;&#8220; padding_bottom_multiplier=&#8220;&#8220; margin_bottom=&#8220;20&#8243;][vc_column width=&#8220;1\/2&#8243;][vc_column_text]<\/p>\n<p style=\"text-align: justify;\">Als KALKANCI, nehmen wir w\u00e4hrend des Legierungs- und Billet-Verfahrens nach dem Guss Proben und f\u00fchren Kontrollen aus, um Produktqualit\u00e4t und Kundenzufriedenheit auf h\u00f6chstem Niveau zu gew\u00e4hrleisten.<\/p>\n<h3>\u00dcberwachungsprozess des Produktionsmanagements<\/h3>\n<p style=\"text-align: justify;\">Dank unserer engen Zusammenarbeit mit dem Unternehmen, das die f\u00fchrenden Produktionsmanagementsysteme der T\u00fcrkei implementiert, erfassen wir rund um die Uhr online Daten von allen unseren Maschinen und CNC-Bearbeitungszentren.<\/p>\n<p style=\"text-align: justify;\">Wir haben unsere Effizienz und Benutzerfreundlichkeit gesteigert, indem wir unsere Abl\u00e4ufe stets \u00fcberwachen und nach bestimmten Kriterien ein kontinuierliches Feedback zu unserer Produktion erhalten.<\/p>\n<p>[\/vc_column_text][\/vc_column][vc_column width=&#8220;1\/2&#8243;][vc_column_text]<img loading=\"lazy\" decoding=\"async\" class=\"aligncenter size-large wp-image-1335\" src=\"https:\/\/kalkanci.com\/wp-content\/uploads\/2021\/04\/Dokum-Dokumhane-07-1024x1024.jpg\" alt=\"Aluminiumguss\" width=\"1024\" height=\"1024\" srcset=\"https:\/\/kalkanci.com\/wp-content\/uploads\/2021\/04\/Dokum-Dokumhane-07-1024x1024.jpg 1024w, https:\/\/kalkanci.com\/wp-content\/uploads\/2021\/04\/Dokum-Dokumhane-07-300x300.jpg 300w, https:\/\/kalkanci.com\/wp-content\/uploads\/2021\/04\/Dokum-Dokumhane-07-150x150.jpg 150w, https:\/\/kalkanci.com\/wp-content\/uploads\/2021\/04\/Dokum-Dokumhane-07-768x768.jpg 768w, https:\/\/kalkanci.com\/wp-content\/uploads\/2021\/04\/Dokum-Dokumhane-07-560x560.jpg 560w, https:\/\/kalkanci.com\/wp-content\/uploads\/2021\/04\/Dokum-Dokumhane-07-900x900.jpg 900w, https:\/\/kalkanci.com\/wp-content\/uploads\/2021\/04\/Dokum-Dokumhane-07.jpg 1200w\" sizes=\"auto, (max-width: 1024px) 100vw, 1024px\" \/>[\/vc_column_text][\/vc_column][\/vc_row][vc_row padding_top_multiplier=&#8220;&#8220; padding_bottom_multiplier=&#8220;&#8220; margin_bottom=&#8220;20&#8243;][vc_column][vc_column_text]<\/p>\n<p style=\"text-align: justify;\">Zus\u00e4tzlich zu unserer sofortigen Produktionsorganisation sind wir in der Lage eine reibungslosere Produktion zu gew\u00e4hrleisten, indem wir normalerweise nicht wahrnehmbare Geschwindigkeitsabf\u00e4lle, Stopps, Fehlfunktion, Wartezeiten, und Qualit\u00e4tsverluste zusammen mit ihren Gr\u00fcnden sichtbar machen und die Grundursachen daf\u00fcr analysieren. Mit all unseren Investitionen und Verbesserungen setzen wir unsere intelligenten und digitalen Fabriktransformationen im Rahmen von Industrie 4.0 fort.<\/p>\n<p>[\/vc_column_text][\/vc_column][\/vc_row]<\/p>\n<\/div>","protected":false},"excerpt":{"rendered":"<p>[vc_row padding_top_multiplier=&#8220;&#8220; padding_bottom_multiplier=&#8220;&#8220; margin_bottom=&#8220;40&#8243;][vc_column][vc_column_text] Das Wort Guss, das vom Verb \u201egie\u00dfen\u201c abstammt, ist einfach ausgedr\u00fcckt, der Prozess des Formens von geschmolzenem Material oder Metallen durch das Gie\u00dfen in eine Form. Das ultimative Ziel beim Gie\u00dfen ist es Materialien zu Schmelzen und diese in verwendbare Produkte zu verwandeln. Metallspritzgie\u00dfen oder Druckguss ist ein Metallgussverfahren, bei dem [&hellip;]<\/p>\n","protected":false},"author":1,"featured_media":0,"parent":1392,"menu_order":0,"comment_status":"closed","ping_status":"closed","template":"","meta":{"_seopress_robots_primary_cat":"","_seopress_titles_title":"Aluminiumguss \u2502Kalkanc\u0131 Druckguss und Werkzeugbau","_seopress_titles_desc":"Mit den Aluminium-K\u00e4ltekammermaschinen in unserem Hause bieten wir schnelle L\u00f6sungen im Bereich Aluminium-Gussformen.","_seopress_robots_index":"","footnotes":""},"class_list":["post-1326","page","type-page","status-publish","hentry"],"_links":{"self":[{"href":"https:\/\/kalkanci.com\/de\/wp-json\/wp\/v2\/pages\/1326","targetHints":{"allow":["GET"]}}],"collection":[{"href":"https:\/\/kalkanci.com\/de\/wp-json\/wp\/v2\/pages"}],"about":[{"href":"https:\/\/kalkanci.com\/de\/wp-json\/wp\/v2\/types\/page"}],"author":[{"embeddable":true,"href":"https:\/\/kalkanci.com\/de\/wp-json\/wp\/v2\/users\/1"}],"replies":[{"embeddable":true,"href":"https:\/\/kalkanci.com\/de\/wp-json\/wp\/v2\/comments?post=1326"}],"version-history":[{"count":6,"href":"https:\/\/kalkanci.com\/de\/wp-json\/wp\/v2\/pages\/1326\/revisions"}],"predecessor-version":[{"id":3718,"href":"https:\/\/kalkanci.com\/de\/wp-json\/wp\/v2\/pages\/1326\/revisions\/3718"}],"up":[{"embeddable":true,"href":"https:\/\/kalkanci.com\/de\/wp-json\/wp\/v2\/pages\/1392"}],"wp:attachment":[{"href":"https:\/\/kalkanci.com\/de\/wp-json\/wp\/v2\/media?parent=1326"}],"curies":[{"name":"wp","href":"https:\/\/api.w.org\/{rel}","templated":true}]}}