{"id":1358,"date":"2021-06-18T14:50:25","date_gmt":"2021-06-18T11:50:25","guid":{"rendered":"https:\/\/kalkanci.com\/aluminium-cnc-bearbeitung\/"},"modified":"2022-11-17T21:47:59","modified_gmt":"2022-11-17T18:47:59","slug":"aluminium-cnc-bearbeitung","status":"publish","type":"page","link":"https:\/\/kalkanci.com\/de\/kompetenzen\/aluminium-cnc-bearbeitung\/","title":{"rendered":"Aluminium CNC-Bearbeitung"},"content":{"rendered":"<div class=\"wpb-content-wrapper\"><p>[vc_row padding_top_multiplier=&#8220;&#8220; padding_bottom_multiplier=&#8220;&#8220; margin_bottom=&#8220;40&#8243;][vc_column][vc_column_text]<\/p>\n<p style=\"text-align: justify;\">CNC-Maschinen und CNC-Bearbeitung haben f\u00fcr alle Industrien im Rahmen des Herstellungsprozess einen unverzichtbaren Platz und werden in vielen verschiedenen Sektoren wie Automobil, Luftfahrt, Weltraumtechnologien, Verteidigungsindustrie, industrielle Maschinen und Energie und Medizin verwendet. Auch bei KALKANCI ist die CNC-Bearbeitung von gro\u00dfer Bedeutung.<\/p>\n<p>[\/vc_column_text][\/vc_column][\/vc_row][vc_row padding_top_multiplier=&#8220;&#8220; padding_bottom_multiplier=&#8220;&#8220; margin_bottom=&#8220;10&#8243;][vc_column]<div class=\"eut-element eut-gallery eut-isotope eut-gallery-popup eut-with-gap\" style=\"\" data-columns=\"4\" data-columns-large-screen=\"4\" data-columns-tablet-landscape=\"4\" data-columns-tablet-portrait=\"4\" data-columns-mobile=\"2\" data-layout=\"fitRows\" data-gutter-size=\"40\">  <div class=\"eut-isotope-container\"><div class=\"eut-isotope-item eut-hover-item eut-hover-style-none\"><div class=\"eut-isotope-item-inner eut-zoom-in\">  <figure class=\"eut-image-hover\">    <a class=\"eut-item-url\" href=\"https:\/\/kalkanci.com\/wp-content\/uploads\/2021\/04\/CNC-Isleme-02.jpg\" ><\/a>    <div class=\"eut-hover-overlay eut-bg-blue eut-opacity-30\"><\/div><div class=\"eut-media\"><img loading=\"lazy\" decoding=\"async\" width=\"560\" height=\"560\" src=\"https:\/\/kalkanci.com\/wp-content\/uploads\/2021\/04\/CNC-Isleme-02-560x560.jpg\" class=\"attachment-fildisi-eutf-small-square size-fildisi-eutf-small-square\" alt=\"CNC \u0130\u015fleme Nedir?\" srcset=\"https:\/\/kalkanci.com\/wp-content\/uploads\/2021\/04\/CNC-Isleme-02-560x560.jpg 560w, https:\/\/kalkanci.com\/wp-content\/uploads\/2021\/04\/CNC-Isleme-02-150x150.jpg 150w, https:\/\/kalkanci.com\/wp-content\/uploads\/2021\/04\/CNC-Isleme-02-900x900.jpg 900w\" sizes=\"auto, (max-width: 560px) 100vw, 560px\" \/><\/div>  <\/figure><\/div><\/div><div class=\"eut-isotope-item eut-hover-item eut-hover-style-none\"><div class=\"eut-isotope-item-inner eut-zoom-in\">  <figure class=\"eut-image-hover\">    <a class=\"eut-item-url\" href=\"https:\/\/kalkanci.com\/wp-content\/uploads\/2022\/09\/CNC.jpg\" ><\/a>    <div class=\"eut-hover-overlay eut-bg-blue eut-opacity-30\"><\/div><div class=\"eut-media\"><img loading=\"lazy\" decoding=\"async\" width=\"560\" height=\"560\" src=\"https:\/\/kalkanci.com\/wp-content\/uploads\/2022\/09\/CNC-560x560.jpg\" class=\"attachment-fildisi-eutf-small-square size-fildisi-eutf-small-square\" alt=\"CNC\" srcset=\"https:\/\/kalkanci.com\/wp-content\/uploads\/2022\/09\/CNC-560x560.jpg 560w, https:\/\/kalkanci.com\/wp-content\/uploads\/2022\/09\/CNC-150x150.jpg 150w, https:\/\/kalkanci.com\/wp-content\/uploads\/2022\/09\/CNC-900x900.jpg 900w\" sizes=\"auto, (max-width: 560px) 100vw, 560px\" \/><\/div>  <\/figure><\/div><\/div><div class=\"eut-isotope-item eut-hover-item eut-hover-style-none\"><div class=\"eut-isotope-item-inner eut-zoom-in\">  <figure class=\"eut-image-hover\">    <a class=\"eut-item-url\" href=\"https:\/\/kalkanci.com\/wp-content\/uploads\/2021\/04\/CNC-Isleme-04.jpg\" ><\/a>    <div class=\"eut-hover-overlay eut-bg-blue eut-opacity-30\"><\/div><div class=\"eut-media\"><img loading=\"lazy\" decoding=\"async\" width=\"560\" height=\"560\" src=\"https:\/\/kalkanci.com\/wp-content\/uploads\/2021\/04\/CNC-Isleme-04-560x560.jpg\" class=\"attachment-fildisi-eutf-small-square size-fildisi-eutf-small-square\" alt=\"CNC \u0130\u015fleme Nedir?\" srcset=\"https:\/\/kalkanci.com\/wp-content\/uploads\/2021\/04\/CNC-Isleme-04-560x560.jpg 560w, https:\/\/kalkanci.com\/wp-content\/uploads\/2021\/04\/CNC-Isleme-04-150x150.jpg 150w, https:\/\/kalkanci.com\/wp-content\/uploads\/2021\/04\/CNC-Isleme-04-900x900.jpg 900w\" sizes=\"auto, (max-width: 560px) 100vw, 560px\" \/><\/div>  <\/figure><\/div><\/div><div class=\"eut-isotope-item eut-hover-item eut-hover-style-none\"><div class=\"eut-isotope-item-inner eut-zoom-in\">  <figure class=\"eut-image-hover\">    <a class=\"eut-item-url\" href=\"https:\/\/kalkanci.com\/wp-content\/uploads\/2021\/04\/CNC-Isleme-05.jpg\" ><\/a>    <div class=\"eut-hover-overlay eut-bg-blue eut-opacity-30\"><\/div><div class=\"eut-media\"><img loading=\"lazy\" decoding=\"async\" width=\"560\" height=\"560\" src=\"https:\/\/kalkanci.com\/wp-content\/uploads\/2021\/04\/CNC-Isleme-05-560x560.jpg\" class=\"attachment-fildisi-eutf-small-square size-fildisi-eutf-small-square\" alt=\"CNC \u0130\u015fleme Nedir?\" srcset=\"https:\/\/kalkanci.com\/wp-content\/uploads\/2021\/04\/CNC-Isleme-05-560x560.jpg 560w, https:\/\/kalkanci.com\/wp-content\/uploads\/2021\/04\/CNC-Isleme-05-150x150.jpg 150w, https:\/\/kalkanci.com\/wp-content\/uploads\/2021\/04\/CNC-Isleme-05-900x900.jpg 900w\" sizes=\"auto, (max-width: 560px) 100vw, 560px\" \/><\/div>  <\/figure><\/div><\/div><div class=\"eut-isotope-item eut-hover-item eut-hover-style-none\"><div class=\"eut-isotope-item-inner eut-zoom-in\">  <figure class=\"eut-image-hover\">    <a class=\"eut-item-url\" href=\"https:\/\/kalkanci.com\/wp-content\/uploads\/2021\/04\/CNC-Isleme-06.jpg\" ><\/a>    <div class=\"eut-hover-overlay eut-bg-blue eut-opacity-30\"><\/div><div class=\"eut-media\"><img loading=\"lazy\" decoding=\"async\" width=\"560\" height=\"560\" src=\"https:\/\/kalkanci.com\/wp-content\/uploads\/2021\/04\/CNC-Isleme-06-560x560.jpg\" class=\"attachment-fildisi-eutf-small-square size-fildisi-eutf-small-square\" alt=\"CNC \u0130\u015fleme Nedir?\" srcset=\"https:\/\/kalkanci.com\/wp-content\/uploads\/2021\/04\/CNC-Isleme-06-560x560.jpg 560w, https:\/\/kalkanci.com\/wp-content\/uploads\/2021\/04\/CNC-Isleme-06-150x150.jpg 150w, https:\/\/kalkanci.com\/wp-content\/uploads\/2021\/04\/CNC-Isleme-06-900x900.jpg 900w\" sizes=\"auto, (max-width: 560px) 100vw, 560px\" \/><\/div>  <\/figure><\/div><\/div><div class=\"eut-isotope-item eut-hover-item eut-hover-style-none\"><div class=\"eut-isotope-item-inner eut-zoom-in\">  <figure class=\"eut-image-hover\">    <a class=\"eut-item-url\" href=\"https:\/\/kalkanci.com\/wp-content\/uploads\/2021\/04\/CNC-Isleme-07.jpg\" ><\/a>    <div class=\"eut-hover-overlay eut-bg-blue eut-opacity-30\"><\/div><div class=\"eut-media\"><img loading=\"lazy\" decoding=\"async\" width=\"560\" height=\"560\" src=\"https:\/\/kalkanci.com\/wp-content\/uploads\/2021\/04\/CNC-Isleme-07-560x560.jpg\" class=\"attachment-fildisi-eutf-small-square size-fildisi-eutf-small-square\" alt=\"CNC \u0130\u015fleme Nedir?\" srcset=\"https:\/\/kalkanci.com\/wp-content\/uploads\/2021\/04\/CNC-Isleme-07-560x560.jpg 560w, https:\/\/kalkanci.com\/wp-content\/uploads\/2021\/04\/CNC-Isleme-07-150x150.jpg 150w, https:\/\/kalkanci.com\/wp-content\/uploads\/2021\/04\/CNC-Isleme-07-900x900.jpg 900w\" sizes=\"auto, (max-width: 560px) 100vw, 560px\" \/><\/div>  <\/figure><\/div><\/div><div class=\"eut-isotope-item eut-hover-item eut-hover-style-none\"><div class=\"eut-isotope-item-inner eut-zoom-in\">  <figure class=\"eut-image-hover\">    <a class=\"eut-item-url\" href=\"https:\/\/kalkanci.com\/wp-content\/uploads\/2021\/04\/CNC-Isleme-08.jpg\" ><\/a>    <div class=\"eut-hover-overlay eut-bg-blue eut-opacity-30\"><\/div><div class=\"eut-media\"><img loading=\"lazy\" decoding=\"async\" width=\"560\" height=\"560\" src=\"https:\/\/kalkanci.com\/wp-content\/uploads\/2021\/04\/CNC-Isleme-08-560x560.jpg\" class=\"attachment-fildisi-eutf-small-square size-fildisi-eutf-small-square\" alt=\"CNC \u0130\u015fleme Nedir?\" srcset=\"https:\/\/kalkanci.com\/wp-content\/uploads\/2021\/04\/CNC-Isleme-08-560x560.jpg 560w, https:\/\/kalkanci.com\/wp-content\/uploads\/2021\/04\/CNC-Isleme-08-150x150.jpg 150w, https:\/\/kalkanci.com\/wp-content\/uploads\/2021\/04\/CNC-Isleme-08-900x900.jpg 900w\" sizes=\"auto, (max-width: 560px) 100vw, 560px\" \/><\/div>  <\/figure><\/div><\/div><div class=\"eut-isotope-item eut-hover-item eut-hover-style-none\"><div class=\"eut-isotope-item-inner eut-zoom-in\">  <figure class=\"eut-image-hover\">    <a class=\"eut-item-url\" href=\"https:\/\/kalkanci.com\/wp-content\/uploads\/2021\/04\/CNC-Isleme-09.jpg\" ><\/a>    <div class=\"eut-hover-overlay eut-bg-blue eut-opacity-30\"><\/div><div class=\"eut-media\"><img loading=\"lazy\" decoding=\"async\" width=\"560\" height=\"560\" src=\"https:\/\/kalkanci.com\/wp-content\/uploads\/2021\/04\/CNC-Isleme-09-560x560.jpg\" class=\"attachment-fildisi-eutf-small-square size-fildisi-eutf-small-square\" alt=\"CNC \u0130\u015fleme Nedir?\" srcset=\"https:\/\/kalkanci.com\/wp-content\/uploads\/2021\/04\/CNC-Isleme-09-560x560.jpg 560w, https:\/\/kalkanci.com\/wp-content\/uploads\/2021\/04\/CNC-Isleme-09-150x150.jpg 150w, https:\/\/kalkanci.com\/wp-content\/uploads\/2021\/04\/CNC-Isleme-09-900x900.jpg 900w\" sizes=\"auto, (max-width: 560px) 100vw, 560px\" \/><\/div>  <\/figure><\/div><\/div>  <\/div><\/div>[\/vc_column][\/vc_row][vc_row padding_top_multiplier=&#8220;&#8220; padding_bottom_multiplier=&#8220;&#8220; margin_bottom=&#8220;20&#8243;][vc_column][vc_column_text]<\/p>\n<h2>Was ist CNC?<\/h2>\n<p style=\"text-align: justify;\">CNC ist eine Abk\u00fcrzung f\u00fcr das Englische \u201eComputer Numerical Control\u201c, was auf Deutsch \u201erechnergest\u00fctzte numerische Steuerung\u201c bedeutet. CNC, einer der wichtigsten Beitr\u00e4ge der Technologie zum Produktionsprozess, ist der Vorgang der Produkterstellung durch Befolgen der Koordinaten der Spindel auf der Werkbank. Die Maschine verf\u00fcgt \u00fcber verschiedene Schneid- und Bohrwerkzeuge und bearbeitet die Werkst\u00fccke oder Platten mit hoher Pr\u00e4zision.<\/p>\n<p style=\"text-align: justify;\"><strong><strong>CNC-Maschinen<\/strong> und -Technologie reduzieren sowohl die Produktionszeit als auch die Abfallrate erheblich.<\/strong><\/p>\n<p style=\"text-align: justify;\">Integriert in Computertechnologie und Programmierung machen <strong>CNC-Maschinen<\/strong> den Produktionsprozess schneller, zuverl\u00e4ssiger und effizienter. Auch im Angebots-Nachfrage-Gleichgewicht sind CNC-Maschinen von gro\u00dfer Bedeutung, da sie den Vorteil einer serien- und fehlerfreien Fertigung bieten.<\/p>\n<p>[\/vc_column_text][\/vc_column][\/vc_row][vc_row padding_top_multiplier=&#8220;&#8220; padding_bottom_multiplier=&#8220;&#8220; margin_bottom=&#8220;20&#8243;][vc_column][vc_column_text]<\/p>\n<h3>Unsere CNC-Dienstleistungen<\/h3>\n<p style=\"text-align: justify;\">Mit unseren mehrachsigen CNC-Maschinen k\u00f6nnen wir Endprodukte in jeder Form, Gr\u00f6\u00dfe und Pr\u00e4zision herstellen, unabh\u00e4ngig davon, ob sie komplex oder einfach sind. Mit unseren hochleistungsf\u00e4higen CNC-Maschinen, unserem Fachpersonal und jahrelanger Erfahrung sind wir als KALKANCI in der Lage Ihnen, unseren gesch\u00e4tzten Kunden, pr\u00e4zise hergestellte Aluminiumteile zu bieten.<\/p>\n<p>Mit den CNC-Maschinen innerhalb unserer Produktionslinie bieten wir Ihnen, unseren w\u00e4hrten Kunden, die folgenden Vorteile:<\/p>\n<ul>\n<li>Die mechanische und Hitzebest\u00e4ndigkeit der durch CNC-Bearbeitung hergestellten Produkte ist sehr hoch.<\/li>\n<li>Selbst Designs, die eine feine Verarbeitung erfordern, k\u00f6nnen mit CNC-Maschinen mit hoher Pr\u00e4zision sehr effektiv erstellt werden.<\/li>\n<li>Dienstleistungen k\u00f6nnen f\u00fcr zwei verschiedene Zwecke, z. Bsp. Prototyp-Erstellung und Massenproduktion, geboten werden.<\/li>\n<li>Dank unserer mehrachsigen Maschinen k\u00f6nnen selbst komplexe Produkte einfach produziert werden.<\/li>\n<\/ul>\n<p>[\/vc_column_text][\/vc_column][\/vc_row]<\/p>\n<\/div>","protected":false},"excerpt":{"rendered":"<p>[vc_row padding_top_multiplier=&#8220;&#8220; padding_bottom_multiplier=&#8220;&#8220; margin_bottom=&#8220;40&#8243;][vc_column][vc_column_text] CNC-Maschinen und CNC-Bearbeitung haben f\u00fcr alle Industrien im Rahmen des Herstellungsprozess einen unverzichtbaren Platz und werden in vielen verschiedenen Sektoren wie Automobil, Luftfahrt, Weltraumtechnologien, Verteidigungsindustrie, industrielle Maschinen und Energie und Medizin verwendet. Auch bei KALKANCI ist die CNC-Bearbeitung von gro\u00dfer Bedeutung. [\/vc_column_text][\/vc_column][\/vc_row][vc_row padding_top_multiplier=&#8220;&#8220; padding_bottom_multiplier=&#8220;&#8220; margin_bottom=&#8220;10&#8243;][vc_column][\/vc_column][\/vc_row][vc_row padding_top_multiplier=&#8220;&#8220; padding_bottom_multiplier=&#8220;&#8220; margin_bottom=&#8220;20&#8243;][vc_column][vc_column_text] Was ist CNC? [&hellip;]<\/p>\n","protected":false},"author":1,"featured_media":0,"parent":1392,"menu_order":0,"comment_status":"closed","ping_status":"closed","template":"","meta":{"_seopress_robots_primary_cat":"","_seopress_titles_title":"Aluminium CNC-Bearbeitung \u2502Kalkanc\u0131 Druckguss und Werkzeugbau","_seopress_titles_desc":"Mit unseren CNC-Maschinen wind wir in der Lage alle Arten von Aluminiumguss-Produkten zu verarbeiten und Dienstleistungen in verschiedenen Branchen zu erbringen","_seopress_robots_index":"","footnotes":""},"class_list":["post-1358","page","type-page","status-publish","hentry"],"_links":{"self":[{"href":"https:\/\/kalkanci.com\/de\/wp-json\/wp\/v2\/pages\/1358","targetHints":{"allow":["GET"]}}],"collection":[{"href":"https:\/\/kalkanci.com\/de\/wp-json\/wp\/v2\/pages"}],"about":[{"href":"https:\/\/kalkanci.com\/de\/wp-json\/wp\/v2\/types\/page"}],"author":[{"embeddable":true,"href":"https:\/\/kalkanci.com\/de\/wp-json\/wp\/v2\/users\/1"}],"replies":[{"embeddable":true,"href":"https:\/\/kalkanci.com\/de\/wp-json\/wp\/v2\/comments?post=1358"}],"version-history":[{"count":1,"href":"https:\/\/kalkanci.com\/de\/wp-json\/wp\/v2\/pages\/1358\/revisions"}],"predecessor-version":[{"id":3343,"href":"https:\/\/kalkanci.com\/de\/wp-json\/wp\/v2\/pages\/1358\/revisions\/3343"}],"up":[{"embeddable":true,"href":"https:\/\/kalkanci.com\/de\/wp-json\/wp\/v2\/pages\/1392"}],"wp:attachment":[{"href":"https:\/\/kalkanci.com\/de\/wp-json\/wp\/v2\/media?parent=1358"}],"curies":[{"name":"wp","href":"https:\/\/api.w.org\/{rel}","templated":true}]}}