{"id":1392,"date":"2021-06-18T15:21:28","date_gmt":"2021-06-18T12:21:28","guid":{"rendered":"https:\/\/kalkanci.com\/kompetenzen\/"},"modified":"2022-11-17T21:45:44","modified_gmt":"2022-11-17T18:45:44","slug":"kompetenzen","status":"publish","type":"page","link":"https:\/\/kalkanci.com\/de\/kompetenzen\/","title":{"rendered":"Kompetenzen"},"content":{"rendered":"<div class=\"wpb-content-wrapper\"><p>[vc_row bg_type=&#8220;color&#8220; bg_color=&#8220;#f7f7f7&#8243;][vc_column]<div class=\"eut-empty-space eut-height-3x\" style=\"\"><\/div><h1 class=\"eut-element eut-title eut-align-center eut-h1\" style=\"\"><span>Kompetenzen<\/span><\/h1>[\/vc_column][\/vc_row][vc_row bg_type=&#8220;color&#8220; bg_color=&#8220;#f0f0f0&#8243;][vc_column]<div class=\"eut-empty-space eut-height-1x\" style=\"\"><\/div><video class=\"eut-element eut-embed-video\"  controls loop=\"loop\" autoplay=\"autoplay\"><source src=\"https:\/\/kalkanci.com\/wp-content\/uploads\/2021\/04\/Kalkanci-Yetenekler.mp4\" type=\"video\/mp4\"><\/video><div class=\"eut-empty-space eut-height-1x\" style=\"\"><\/div>[vc_row_inner][vc_column_inner width=&#8220;1\/4&#8243;]<div class=\"eut-element eut-box eut-align-center\" style=\"\"><a href=\"https:\/\/kalkanci.com\/de\/fue-und-projektentwicklung\/\" title=\"FuE und Projektentwicklung\"><figure class=\"eut-image-hover eut-zoom-none\">\t<div class=\"eut-media\">\t\t<div class=\"eut-bg-light eut-hover-overlay eut-opacity-20\"><\/div><img loading=\"lazy\" decoding=\"async\" width=\"1200\" height=\"1200\" src=\"https:\/\/kalkanci.com\/wp-content\/uploads\/2021\/04\/Ar-Ge-ve-Proje-Gelistirme-03.jpg\" class=\"attachment-full size-full\" alt=\"Arge ve Proje\" srcset=\"https:\/\/kalkanci.com\/wp-content\/uploads\/2021\/04\/Ar-Ge-ve-Proje-Gelistirme-03.jpg 1200w, https:\/\/kalkanci.com\/wp-content\/uploads\/2021\/04\/Ar-Ge-ve-Proje-Gelistirme-03-300x300.jpg 300w, https:\/\/kalkanci.com\/wp-content\/uploads\/2021\/04\/Ar-Ge-ve-Proje-Gelistirme-03-1024x1024.jpg 1024w, https:\/\/kalkanci.com\/wp-content\/uploads\/2021\/04\/Ar-Ge-ve-Proje-Gelistirme-03-150x150.jpg 150w, https:\/\/kalkanci.com\/wp-content\/uploads\/2021\/04\/Ar-Ge-ve-Proje-Gelistirme-03-768x768.jpg 768w, https:\/\/kalkanci.com\/wp-content\/uploads\/2021\/04\/Ar-Ge-ve-Proje-Gelistirme-03-560x560.jpg 560w, https:\/\/kalkanci.com\/wp-content\/uploads\/2021\/04\/Ar-Ge-ve-Proje-Gelistirme-03-900x900.jpg 900w\" sizes=\"auto, (max-width: 1200px) 100vw, 1200px\" \/>\t<\/div><\/figure><\/a>  <div class=\"eut-box-content\"><a href=\"https:\/\/kalkanci.com\/de\/fue-und-projektentwicklung\/\" title=\"FuE und Projektentwicklung\"><h3 class=\"eut-box-title eut-h3\">FuE UND Projekt<\/h3>    <\/a>    <p><\/p>  <\/div><\/div>[\/vc_column_inner][vc_column_inner width=&#8220;1\/4&#8243;]<div class=\"eut-element eut-box eut-align-center\" style=\"\"><a href=\"https:\/\/kalkanci.com\/de\/aluminium-druckguss-werkzeugbau\/\" title=\"Werkzeugbau\"><figure class=\"eut-image-hover eut-zoom-none\">\t<div class=\"eut-media\">\t\t<div class=\"eut-bg-light eut-hover-overlay eut-opacity-20\"><\/div><img loading=\"lazy\" decoding=\"async\" width=\"1200\" height=\"1200\" src=\"https:\/\/kalkanci.com\/wp-content\/uploads\/2021\/04\/Kaliphane-07.jpg\" class=\"attachment-full size-full\" alt=\"Kal\u0131phane\" srcset=\"https:\/\/kalkanci.com\/wp-content\/uploads\/2021\/04\/Kaliphane-07.jpg 1200w, https:\/\/kalkanci.com\/wp-content\/uploads\/2021\/04\/Kaliphane-07-300x300.jpg 300w, https:\/\/kalkanci.com\/wp-content\/uploads\/2021\/04\/Kaliphane-07-1024x1024.jpg 1024w, https:\/\/kalkanci.com\/wp-content\/uploads\/2021\/04\/Kaliphane-07-150x150.jpg 150w, https:\/\/kalkanci.com\/wp-content\/uploads\/2021\/04\/Kaliphane-07-768x768.jpg 768w, https:\/\/kalkanci.com\/wp-content\/uploads\/2021\/04\/Kaliphane-07-560x560.jpg 560w, https:\/\/kalkanci.com\/wp-content\/uploads\/2021\/04\/Kaliphane-07-900x900.jpg 900w\" sizes=\"auto, (max-width: 1200px) 100vw, 1200px\" \/>\t<\/div><\/figure><\/a>  <div class=\"eut-box-content\"><a href=\"https:\/\/kalkanci.com\/de\/aluminium-druckguss-werkzeugbau\/\" title=\"Werkzeugbau\"><h3 class=\"eut-box-title eut-h3\">Werkzeugbau<\/h3>    <\/a>    <p><\/p>  <\/div><\/div>[\/vc_column_inner][vc_column_inner width=&#8220;1\/4&#8243;]<div class=\"eut-element eut-box eut-align-center\" style=\"margin-bottom: 1px;\"><a href=\"https:\/\/kalkanci.com\/de\/aluminium-werkstoff\/\" title=\"Werkstoff\"><figure class=\"eut-image-hover eut-zoom-none\">\t<div class=\"eut-media\">\t\t<div class=\"eut-bg-light eut-hover-overlay eut-opacity-20\"><\/div><img loading=\"lazy\" decoding=\"async\" width=\"1200\" height=\"1200\" src=\"https:\/\/kalkanci.com\/wp-content\/uploads\/2021\/04\/Malzeme-03.jpg\" class=\"attachment-full size-full\" alt=\"Malzeme\" srcset=\"https:\/\/kalkanci.com\/wp-content\/uploads\/2021\/04\/Malzeme-03.jpg 1200w, https:\/\/kalkanci.com\/wp-content\/uploads\/2021\/04\/Malzeme-03-300x300.jpg 300w, https:\/\/kalkanci.com\/wp-content\/uploads\/2021\/04\/Malzeme-03-1024x1024.jpg 1024w, https:\/\/kalkanci.com\/wp-content\/uploads\/2021\/04\/Malzeme-03-150x150.jpg 150w, https:\/\/kalkanci.com\/wp-content\/uploads\/2021\/04\/Malzeme-03-768x768.jpg 768w, https:\/\/kalkanci.com\/wp-content\/uploads\/2021\/04\/Malzeme-03-560x560.jpg 560w, https:\/\/kalkanci.com\/wp-content\/uploads\/2021\/04\/Malzeme-03-900x900.jpg 900w\" sizes=\"auto, (max-width: 1200px) 100vw, 1200px\" \/>\t<\/div><\/figure><\/a>  <div class=\"eut-box-content\"><a href=\"https:\/\/kalkanci.com\/de\/aluminium-werkstoff\/\" title=\"Werkstoff\"><h3 class=\"eut-box-title eut-h3\">Werkstoff<\/h3>    <\/a>    <p><\/p>  <\/div><\/div>[\/vc_column_inner][vc_column_inner width=&#8220;1\/4&#8243;]<div class=\"eut-element eut-box eut-align-center\" style=\"margin-bottom: 1px;\"><a href=\"https:\/\/kalkanci.com\/de\/aluminyum-ergitme\/\" title=\"Schmelzen\"><figure class=\"eut-image-hover eut-zoom-none\">\t<div class=\"eut-media\">\t\t<div class=\"eut-bg-light eut-hover-overlay eut-opacity-20\"><\/div><img loading=\"lazy\" decoding=\"async\" width=\"1200\" height=\"1200\" src=\"https:\/\/kalkanci.com\/wp-content\/uploads\/2021\/04\/Ergitme-02.jpg\" class=\"attachment-full size-full\" alt=\"Ergitme\" srcset=\"https:\/\/kalkanci.com\/wp-content\/uploads\/2021\/04\/Ergitme-02.jpg 1200w, https:\/\/kalkanci.com\/wp-content\/uploads\/2021\/04\/Ergitme-02-300x300.jpg 300w, https:\/\/kalkanci.com\/wp-content\/uploads\/2021\/04\/Ergitme-02-1024x1024.jpg 1024w, https:\/\/kalkanci.com\/wp-content\/uploads\/2021\/04\/Ergitme-02-150x150.jpg 150w, https:\/\/kalkanci.com\/wp-content\/uploads\/2021\/04\/Ergitme-02-768x768.jpg 768w, https:\/\/kalkanci.com\/wp-content\/uploads\/2021\/04\/Ergitme-02-560x560.jpg 560w, https:\/\/kalkanci.com\/wp-content\/uploads\/2021\/04\/Ergitme-02-900x900.jpg 900w\" sizes=\"auto, (max-width: 1200px) 100vw, 1200px\" \/>\t<\/div><\/figure><\/a>  <div class=\"eut-box-content\"><a href=\"https:\/\/kalkanci.com\/de\/aluminyum-ergitme\/\" title=\"Schmelzen\"><h3 class=\"eut-box-title eut-h3\">Schmelzen<\/h3>    <\/a>    <p><\/p>  <\/div><\/div>[\/vc_column_inner][\/vc_row_inner]<div class=\"eut-empty-space eut-height-1x\" style=\"\"><\/div>[vc_row_inner][vc_column_inner width=&#8220;1\/4&#8243;]<div class=\"eut-element eut-box eut-align-center\" style=\"margin-bottom: 1px;\"><a href=\"https:\/\/kalkanci.com\/de\/aluminiumguss\/\" title=\"Gie\u00dferei\"><figure class=\"eut-image-hover eut-zoom-none\">\t<div class=\"eut-media\">\t\t<div class=\"eut-bg-light eut-hover-overlay eut-opacity-20\"><\/div><img loading=\"lazy\" decoding=\"async\" width=\"1200\" height=\"1200\" src=\"https:\/\/kalkanci.com\/wp-content\/uploads\/2021\/04\/Dokum-Dokumhane-10.jpg\" class=\"attachment-full size-full\" alt=\"D\u00f6k\u00fcm ve D\u00f6k\u00fcmhane\" srcset=\"https:\/\/kalkanci.com\/wp-content\/uploads\/2021\/04\/Dokum-Dokumhane-10.jpg 1200w, https:\/\/kalkanci.com\/wp-content\/uploads\/2021\/04\/Dokum-Dokumhane-10-300x300.jpg 300w, https:\/\/kalkanci.com\/wp-content\/uploads\/2021\/04\/Dokum-Dokumhane-10-1024x1024.jpg 1024w, https:\/\/kalkanci.com\/wp-content\/uploads\/2021\/04\/Dokum-Dokumhane-10-150x150.jpg 150w, https:\/\/kalkanci.com\/wp-content\/uploads\/2021\/04\/Dokum-Dokumhane-10-768x768.jpg 768w, https:\/\/kalkanci.com\/wp-content\/uploads\/2021\/04\/Dokum-Dokumhane-10-560x560.jpg 560w, https:\/\/kalkanci.com\/wp-content\/uploads\/2021\/04\/Dokum-Dokumhane-10-900x900.jpg 900w\" sizes=\"auto, (max-width: 1200px) 100vw, 1200px\" \/>\t<\/div><\/figure><\/a>  <div class=\"eut-box-content\"><a href=\"https:\/\/kalkanci.com\/de\/aluminiumguss\/\" title=\"Gie\u00dferei\"><h3 class=\"eut-box-title eut-h3\">Gie\u00dferei<\/h3>    <\/a>    <p><\/p>  <\/div><\/div>[\/vc_column_inner][vc_column_inner width=&#8220;1\/4&#8243;]<div class=\"eut-element eut-box eut-align-center\" style=\"margin-bottom: 1px;\"><a href=\"https:\/\/kalkanci.com\/de\/aluminium-cnc-bearbeitung\/\" title=\"CNC-Bearbeitung\"><figure class=\"eut-image-hover eut-zoom-none\">\t<div class=\"eut-media\">\t\t<div class=\"eut-bg-light eut-hover-overlay eut-opacity-20\"><\/div><img loading=\"lazy\" decoding=\"async\" width=\"1200\" height=\"1200\" src=\"https:\/\/kalkanci.com\/wp-content\/uploads\/2021\/04\/CNC-Isleme-10.jpg\" class=\"attachment-full size-full\" alt=\"CNC \u0130\u015fleme\" srcset=\"https:\/\/kalkanci.com\/wp-content\/uploads\/2021\/04\/CNC-Isleme-10.jpg 1200w, https:\/\/kalkanci.com\/wp-content\/uploads\/2021\/04\/CNC-Isleme-10-300x300.jpg 300w, https:\/\/kalkanci.com\/wp-content\/uploads\/2021\/04\/CNC-Isleme-10-1024x1024.jpg 1024w, https:\/\/kalkanci.com\/wp-content\/uploads\/2021\/04\/CNC-Isleme-10-150x150.jpg 150w, https:\/\/kalkanci.com\/wp-content\/uploads\/2021\/04\/CNC-Isleme-10-768x768.jpg 768w, https:\/\/kalkanci.com\/wp-content\/uploads\/2021\/04\/CNC-Isleme-10-560x560.jpg 560w, https:\/\/kalkanci.com\/wp-content\/uploads\/2021\/04\/CNC-Isleme-10-900x900.jpg 900w\" sizes=\"auto, (max-width: 1200px) 100vw, 1200px\" \/>\t<\/div><\/figure><\/a>  <div class=\"eut-box-content\"><a href=\"https:\/\/kalkanci.com\/de\/aluminium-cnc-bearbeitung\/\" title=\"CNC-Bearbeitung\"><h3 class=\"eut-box-title eut-h3\">CNC-Bearbeitung<\/h3>    <\/a>    <p><\/p>  <\/div><\/div>[\/vc_column_inner][vc_column_inner width=&#8220;1\/4&#8243;]<div class=\"eut-element eut-box eut-align-center\" style=\"margin-bottom: 1px;\"><a href=\"https:\/\/kalkanci.com\/de\/aluminium-waermebehandlung\/\" title=\"W\u00e4rmebehandlung\"><figure class=\"eut-image-hover eut-zoom-none\">\t<div class=\"eut-media\">\t\t<div class=\"eut-bg-light eut-hover-overlay eut-opacity-20\"><\/div><img loading=\"lazy\" decoding=\"async\" width=\"1200\" height=\"1200\" src=\"https:\/\/kalkanci.com\/wp-content\/uploads\/2021\/04\/Isil-Islem-01.jpg\" class=\"attachment-full size-full\" alt=\"Is\u0131l \u0130\u015flem\" srcset=\"https:\/\/kalkanci.com\/wp-content\/uploads\/2021\/04\/Isil-Islem-01.jpg 1200w, https:\/\/kalkanci.com\/wp-content\/uploads\/2021\/04\/Isil-Islem-01-300x300.jpg 300w, https:\/\/kalkanci.com\/wp-content\/uploads\/2021\/04\/Isil-Islem-01-1024x1024.jpg 1024w, https:\/\/kalkanci.com\/wp-content\/uploads\/2021\/04\/Isil-Islem-01-150x150.jpg 150w, https:\/\/kalkanci.com\/wp-content\/uploads\/2021\/04\/Isil-Islem-01-768x768.jpg 768w, https:\/\/kalkanci.com\/wp-content\/uploads\/2021\/04\/Isil-Islem-01-560x560.jpg 560w, https:\/\/kalkanci.com\/wp-content\/uploads\/2021\/04\/Isil-Islem-01-900x900.jpg 900w\" sizes=\"auto, (max-width: 1200px) 100vw, 1200px\" \/>\t<\/div><\/figure><\/a>  <div class=\"eut-box-content\"><a href=\"https:\/\/kalkanci.com\/de\/aluminium-waermebehandlung\/\" title=\"W\u00e4rmebehandlung\"><h3 class=\"eut-box-title eut-h3\">W\u00e4rmebehandlung<\/h3>    <\/a>    <p><\/p>  <\/div><\/div>[\/vc_column_inner][vc_column_inner width=&#8220;1\/4&#8243;]<div class=\"eut-element eut-box eut-align-center\" style=\"margin-bottom: 1px;\"><a href=\"https:\/\/kalkanci.com\/de\/andere-oberflaechenbehandlungen\/\" title=\"Andere Oberfl\u00e4chenbehandlungen\"><figure class=\"eut-image-hover eut-zoom-none\">\t<div class=\"eut-media\">\t\t<div class=\"eut-bg-light eut-hover-overlay eut-opacity-20\"><\/div><img loading=\"lazy\" decoding=\"async\" width=\"1200\" height=\"1200\" src=\"https:\/\/kalkanci.com\/wp-content\/uploads\/2021\/04\/Diger-Yuzey-Islemleri-04.jpg\" class=\"attachment-full size-full\" alt=\"Diger Yuzey Islemleri\" srcset=\"https:\/\/kalkanci.com\/wp-content\/uploads\/2021\/04\/Diger-Yuzey-Islemleri-04.jpg 1200w, https:\/\/kalkanci.com\/wp-content\/uploads\/2021\/04\/Diger-Yuzey-Islemleri-04-300x300.jpg 300w, https:\/\/kalkanci.com\/wp-content\/uploads\/2021\/04\/Diger-Yuzey-Islemleri-04-1024x1024.jpg 1024w, https:\/\/kalkanci.com\/wp-content\/uploads\/2021\/04\/Diger-Yuzey-Islemleri-04-150x150.jpg 150w, https:\/\/kalkanci.com\/wp-content\/uploads\/2021\/04\/Diger-Yuzey-Islemleri-04-768x768.jpg 768w, https:\/\/kalkanci.com\/wp-content\/uploads\/2021\/04\/Diger-Yuzey-Islemleri-04-560x560.jpg 560w, https:\/\/kalkanci.com\/wp-content\/uploads\/2021\/04\/Diger-Yuzey-Islemleri-04-900x900.jpg 900w\" sizes=\"auto, (max-width: 1200px) 100vw, 1200px\" \/>\t<\/div><\/figure><\/a>  <div class=\"eut-box-content\"><a href=\"https:\/\/kalkanci.com\/de\/andere-oberflaechenbehandlungen\/\" title=\"Andere Oberfl\u00e4chenbehandlungen\"><h3 class=\"eut-box-title eut-h3\">Andere Oberfl\u00e4chenbehandlungen<\/h3>    <\/a>    <p><\/p>  <\/div><\/div>[\/vc_column_inner][\/vc_row_inner]<div class=\"eut-empty-space eut-height-1x\" style=\"\"><\/div>[\/vc_column][\/vc_row]<\/p>\n<\/div>","protected":false},"excerpt":{"rendered":"<p>[vc_row bg_type=&#8220;color&#8220; bg_color=&#8220;#f7f7f7&#8243;][vc_column][\/vc_column][\/vc_row][vc_row bg_type=&#8220;color&#8220; bg_color=&#8220;#f0f0f0&#8243;][vc_column][vc_row_inner][vc_column_inner width=&#8220;1\/4&#8243;][\/vc_column_inner][vc_column_inner width=&#8220;1\/4&#8243;][\/vc_column_inner][vc_column_inner width=&#8220;1\/4&#8243;][\/vc_column_inner][vc_column_inner width=&#8220;1\/4&#8243;][\/vc_column_inner][\/vc_row_inner][vc_row_inner][vc_column_inner width=&#8220;1\/4&#8243;][\/vc_column_inner][vc_column_inner width=&#8220;1\/4&#8243;][\/vc_column_inner][vc_column_inner width=&#8220;1\/4&#8243;][\/vc_column_inner][vc_column_inner width=&#8220;1\/4&#8243;][\/vc_column_inner][\/vc_row_inner][\/vc_column][\/vc_row]<\/p>\n","protected":false},"author":1,"featured_media":0,"parent":0,"menu_order":0,"comment_status":"closed","ping_status":"closed","template":"","meta":{"_seopress_robots_primary_cat":"","_seopress_titles_title":"Kompetenzen \u2502Kalkanc\u0131 Druckguss und Werkzeugbau","_seopress_titles_desc":"Im Rahmen unserer Produktionskompetenzen sind wir in den Bereichen FuE und Projekt, Werkzeugbau, Materialien, Schmelzen, Guss, CNC-Bearbeitung, W\u00e4rmebehandlung und andere Oberfl\u00e4chenbehandlungen t\u00e4tig","_seopress_robots_index":"","footnotes":""},"class_list":["post-1392","page","type-page","status-publish","hentry"],"_links":{"self":[{"href":"https:\/\/kalkanci.com\/de\/wp-json\/wp\/v2\/pages\/1392","targetHints":{"allow":["GET"]}}],"collection":[{"href":"https:\/\/kalkanci.com\/de\/wp-json\/wp\/v2\/pages"}],"about":[{"href":"https:\/\/kalkanci.com\/de\/wp-json\/wp\/v2\/types\/page"}],"author":[{"embeddable":true,"href":"https:\/\/kalkanci.com\/de\/wp-json\/wp\/v2\/users\/1"}],"replies":[{"embeddable":true,"href":"https:\/\/kalkanci.com\/de\/wp-json\/wp\/v2\/comments?post=1392"}],"version-history":[{"count":2,"href":"https:\/\/kalkanci.com\/de\/wp-json\/wp\/v2\/pages\/1392\/revisions"}],"predecessor-version":[{"id":2980,"href":"https:\/\/kalkanci.com\/de\/wp-json\/wp\/v2\/pages\/1392\/revisions\/2980"}],"wp:attachment":[{"href":"https:\/\/kalkanci.com\/de\/wp-json\/wp\/v2\/media?parent=1392"}],"curies":[{"name":"wp","href":"https:\/\/api.w.org\/{rel}","templated":true}]}}