{"id":1437,"date":"2021-06-18T16:48:04","date_gmt":"2021-06-18T13:48:04","guid":{"rendered":"https:\/\/kalkanci.com\/unsere-werte\/"},"modified":"2026-02-23T17:28:43","modified_gmt":"2026-02-23T14:28:43","slug":"unsere-werte","status":"publish","type":"page","link":"https:\/\/kalkanci.com\/de\/unsere-werte\/","title":{"rendered":"Unsere Werte"},"content":{"rendered":"<div class=\"wpb-content-wrapper\"><p>[vc_row bg_type=&#8220;color&#8220; padding_top_multiplier=&#8220;2x&#8220; padding_bottom_multiplier=&#8220;2x&#8220; bg_color=&#8220;#ffffff&#8220;][vc_column width=&#8220;1\/3&#8243;][vc_column_text]<img loading=\"lazy\" decoding=\"async\" class=\"aligncenter wp-image-2900 size-medium\" src=\"https:\/\/kalkanci.com\/wp-content\/uploads\/2021\/12\/Kalkanci-Logo-512-Yeni-300x300.png\" alt=\"Kalkanc\u0131 Logo\" width=\"300\" height=\"300\" srcset=\"https:\/\/kalkanci.com\/wp-content\/uploads\/2021\/12\/Kalkanci-Logo-512-Yeni-300x300.png 300w, https:\/\/kalkanci.com\/wp-content\/uploads\/2021\/12\/Kalkanci-Logo-512-Yeni-150x150.png 150w, https:\/\/kalkanci.com\/wp-content\/uploads\/2021\/12\/Kalkanci-Logo-512-Yeni.png 512w\" sizes=\"auto, (max-width: 300px) 100vw, 300px\" \/>[\/vc_column_text][\/vc_column][vc_column width=&#8220;2\/3&#8243;]<h1 class=\"eut-element eut-title eut-align-left eut-h1\" style=\"\"><span>Unsere Werte<\/span><\/h1>[vc_column_text css=&#8220;&#8220;]Als Aluminiumgussunternehmen, das eine Vielzahl von Branchen wie Automobil, Energie, Beleuchtung und Bauwesen bedient, bieten wir mit unserem Expertenteam branchenspezifische, hochwertige und innovative L\u00f6sungen an.<\/p>\n<p>Um die Bed\u00fcrfnisse und Erwartungen unserer Kunden auf h\u00f6chstem Niveau zu erf\u00fcllen, halten wir unsere Zusagen konsequent ein und arbeiten gemeinsam mit unseren Mitarbeitenden daran, eine starke und integrierte Servicekette aufzubauen.[\/vc_column_text]<div class=\"eut-empty-space eut-height-1x\" style=\"\"><\/div>[vc_column_text css=&#8220;&#8220;]Diesen Erfolg verdanken wir unseren Grundwerten, die wir von der Vergangenheit bis in die Gegenwart getragen haben und die unsere Unternehmenskultur pr\u00e4gen. Diese Werte bilden die wichtigsten Bausteine f\u00fcr das Wachstum von KALKANCI im Einklang mit seiner Nachhaltigkeitsvision.<\/p>\n<p><strong>Unsere grundlegenden Werte, die unsere Unternehmenshaltung und unsere Art zu arbeiten definieren, sind<\/strong>:[\/vc_column_text][\/vc_column][\/vc_row][vc_row bg_type=&#8220;color&#8220; padding_top_multiplier=&#8220;custom&#8220; padding_bottom_multiplier=&#8220;custom&#8220; columns_gap=&#8220;20&#8243; bg_color=&#8220;#f7f7f7&#8243; padding_top=&#8220;50&#8243; padding_bottom=&#8220;20&#8243;][vc_column css=&#8220;.vc_custom_1617185370561{padding-right: 5% !important;padding-left: 5% !important;}&#8220;]<div class=\"eut-element eut-gallery eut-isotope eut-gallery-popup eut-with-gap\" style=\"\" data-columns=\"2\" data-columns-large-screen=\"2\" data-columns-tablet-landscape=\"2\" data-columns-tablet-portrait=\"2\" data-columns-mobile=\"2\" data-layout=\"fitRows\" data-gutter-size=\"30\">  <div class=\"eut-isotope-container\"><div class=\"eut-isotope-item eut-hover-item eut-hover-style-none\"><div class=\"eut-isotope-item-inner eut-zoom-in\">  <figure class=\"eut-image-hover\">    <a class=\"eut-item-url\" href=\"https:\/\/kalkanci.com\/wp-content\/uploads\/2021\/04\/Degerlerimiz-01.jpg\" ><\/a>    <div class=\"eut-hover-overlay eut-bg-blue eut-opacity-30\"><\/div><div class=\"eut-media\"><img loading=\"lazy\" decoding=\"async\" width=\"900\" height=\"675\" src=\"https:\/\/kalkanci.com\/wp-content\/uploads\/2021\/04\/Degerlerimiz-01-900x675.jpg\" class=\"attachment-fildisi-eutf-medium-rect-horizontal size-fildisi-eutf-medium-rect-horizontal\" alt=\"Degerlerimiz\" srcset=\"https:\/\/kalkanci.com\/wp-content\/uploads\/2021\/04\/Degerlerimiz-01-900x675.jpg 900w, https:\/\/kalkanci.com\/wp-content\/uploads\/2021\/04\/Degerlerimiz-01-560x420.jpg 560w\" sizes=\"auto, (max-width: 900px) 100vw, 900px\" \/><\/div>  <\/figure><\/div><\/div><div class=\"eut-isotope-item eut-hover-item eut-hover-style-none\"><div class=\"eut-isotope-item-inner eut-zoom-in\">  <figure class=\"eut-image-hover\">    <a class=\"eut-item-url\" href=\"https:\/\/kalkanci.com\/wp-content\/uploads\/2022\/08\/Kalkanci-Building-02.jpg\" ><\/a>    <div class=\"eut-hover-overlay eut-bg-blue eut-opacity-30\"><\/div><div class=\"eut-media\"><img loading=\"lazy\" decoding=\"async\" width=\"900\" height=\"675\" src=\"https:\/\/kalkanci.com\/wp-content\/uploads\/2022\/08\/Kalkanci-Building-02-900x675.jpg\" class=\"attachment-fildisi-eutf-medium-rect-horizontal size-fildisi-eutf-medium-rect-horizontal\" alt=\"Kalkanci\" srcset=\"https:\/\/kalkanci.com\/wp-content\/uploads\/2022\/08\/Kalkanci-Building-02-900x675.jpg 900w, https:\/\/kalkanci.com\/wp-content\/uploads\/2022\/08\/Kalkanci-Building-02-560x420.jpg 560w\" sizes=\"auto, (max-width: 900px) 100vw, 900px\" \/><\/div>  <\/figure><\/div><\/div>  <\/div><\/div>[\/vc_column][\/vc_row][vc_row][vc_column width=&#8220;1\/3&#8243;][vc_column_text css=&#8220;&#8220;]<strong>Integrit\u00e4t:<\/strong> In all unseren Beziehungen handeln wir transparent, ehrlich und zuverl\u00e4ssig.[\/vc_column_text][\/vc_column][vc_column width=&#8220;1\/3&#8243;][vc_column_text css=&#8220;&#8220;]<strong>Respekt<\/strong><b>:<\/b> Wir gestalten unsere Beziehungen \u2013 von unseren Mitarbeitenden bis hin zu unseren Gesch\u00e4ftspartnern \u2013 auf der Grundlage von gegenseitigem Verst\u00e4ndnis und Wertsch\u00e4tzung.[\/vc_column_text][\/vc_column][vc_column width=&#8220;1\/3&#8243;][vc_column_text css=&#8220;&#8220;]<strong>Fairness:<\/strong> In unseren Entscheidungsprozessen halten wir konsequent an den Prinzipien der Gerechtigkeit und Unparteilichkeit fest. Diese Werte sind die leitenden Prinzipien, die sowohl unsere internen Prozesse als auch s\u00e4mtliche Beziehungen zu unseren Gesch\u00e4ftspartnern pr\u00e4gen.[\/vc_column_text][\/vc_column][\/vc_row]<\/p>\n<\/div>","protected":false},"excerpt":{"rendered":"<p>[vc_row bg_type=&#8220;color&#8220; padding_top_multiplier=&#8220;2x&#8220; padding_bottom_multiplier=&#8220;2x&#8220; bg_color=&#8220;#ffffff&#8220;][vc_column width=&#8220;1\/3&#8243;][vc_column_text][\/vc_column_text][\/vc_column][vc_column width=&#8220;2\/3&#8243;][vc_column_text css=&#8220;&#8220;]Als Aluminiumgussunternehmen, das eine Vielzahl von Branchen wie Automobil, Energie, Beleuchtung und Bauwesen bedient, bieten wir mit unserem Expertenteam branchenspezifische, hochwertige und innovative L\u00f6sungen an. Um die Bed\u00fcrfnisse und Erwartungen unserer Kunden auf h\u00f6chstem Niveau zu erf\u00fcllen, halten wir unsere Zusagen konsequent ein und arbeiten gemeinsam mit unseren [&hellip;]<\/p>\n","protected":false},"author":1,"featured_media":0,"parent":0,"menu_order":0,"comment_status":"closed","ping_status":"closed","template":"","meta":{"_seopress_robots_primary_cat":"","_seopress_titles_title":"Unsere Werte \u2502Kalkanc\u0131 Druckguss und Werkzeugbau","_seopress_titles_desc":"Mit unserer Mission und Vision, die unsere Hauptwerte widerspiegeln, agieren wir als Pionier in unserem T\u00e4tigkeitsbereich Aluminiumdruckguss","_seopress_robots_index":"","footnotes":""},"class_list":["post-1437","page","type-page","status-publish","hentry"],"_links":{"self":[{"href":"https:\/\/kalkanci.com\/de\/wp-json\/wp\/v2\/pages\/1437","targetHints":{"allow":["GET"]}}],"collection":[{"href":"https:\/\/kalkanci.com\/de\/wp-json\/wp\/v2\/pages"}],"about":[{"href":"https:\/\/kalkanci.com\/de\/wp-json\/wp\/v2\/types\/page"}],"author":[{"embeddable":true,"href":"https:\/\/kalkanci.com\/de\/wp-json\/wp\/v2\/users\/1"}],"replies":[{"embeddable":true,"href":"https:\/\/kalkanci.com\/de\/wp-json\/wp\/v2\/comments?post=1437"}],"version-history":[{"count":4,"href":"https:\/\/kalkanci.com\/de\/wp-json\/wp\/v2\/pages\/1437\/revisions"}],"predecessor-version":[{"id":4281,"href":"https:\/\/kalkanci.com\/de\/wp-json\/wp\/v2\/pages\/1437\/revisions\/4281"}],"wp:attachment":[{"href":"https:\/\/kalkanci.com\/de\/wp-json\/wp\/v2\/media?parent=1437"}],"curies":[{"name":"wp","href":"https:\/\/api.w.org\/{rel}","templated":true}]}}