{"id":1501,"date":"2021-06-23T14:30:40","date_gmt":"2021-06-23T11:30:40","guid":{"rendered":"https:\/\/kalkanci.com\/praesentation-anfordern\/"},"modified":"2022-11-17T21:56:45","modified_gmt":"2022-11-17T18:56:45","slug":"praesentation-anfordern","status":"publish","type":"page","link":"https:\/\/kalkanci.com\/de\/praesentation-anfordern\/","title":{"rendered":"Pr\u00e4sentation Anfordern"},"content":{"rendered":"<div class=\"wpb-content-wrapper\"><p>[vc_row bg_type=&#8220;color&#8220; padding_top_multiplier=&#8220;2x&#8220; bg_color=&#8220;#ffffff&#8220;][vc_column]<h1 class=\"eut-element eut-title eut-align-center eut-h1\" style=\"\"><span>Pr\u00e4sentation Anfordern<\/span><\/h1><div class=\"eut-empty-space\" style=\"height: 15px;\"><\/div><style type=\"text\/css\">.super-form:not(.super-initialized) *:not(.super-load-icon) { visibility: hidden !important; }<\/style><div id=\"super-form-1497\" style=\"margin:0px 0px 0px 0px;\" class=\"super-form super-form-1497  super-default-squared super-field-size-medium super-adaptive\" data-hide=\"true\" data-overlay=\"true\" data-field-size=\"medium\"><span class=\"super-load-icon\"><\/span><form tabindex=\"0\" autocomplete=\"on\" enctype=\"multipart\/form-data\"><input type=\"hidden\" name=\"sf_nonce\" value=\"\" \/><input type=\"text\" name=\"super_hp\" size=\"25\" value=\"\" \/><div class=\"super-shortcode super-field super-hidden\"><input class=\"super-shortcode-field\" type=\"hidden\" value=\"1497\" name=\"hidden_form_id\" \/><\/div><div class=\"super-grid super-shortcode\"><div class=\"super-shortcode super_one_half super-column grid-level-0 column-number-1 first-column \"><div class=\"super-shortcode super-field super-text   super-ungrouped  \"><div class=\"super-field-wrapper \"><input tabindex=\"-1\" class=\"super-shortcode-field\" type=\"text\" name=\"Firmenname\" data-oname=\"Firmenname\" data-validation=\"empty\" data-email=\"Firmenname\" data-exclude=\"0\" data-absolute-default=\"\" data-default-value=\"\" \/><span class=\"super-adaptive-placeholder\" data-placeholder=\"Firmenname\" data-placeholderFilled=\"Firmenname\"><span>Firmenname<\/span><\/span><\/div><div class=\"super-error-msg\">Pflichtfeld!<\/div><div class=\"super-empty-error-msg\">Pflichtfeld!<\/div><\/div><\/div><div class=\"super-shortcode super_one_half super-column grid-level-0 column-number-2  \"><div class=\"super-shortcode super-field super-text   super-ungrouped  \"><div class=\"super-field-wrapper \"><input tabindex=\"-1\" class=\"super-shortcode-field\" type=\"text\" name=\"Name_Nachname\" data-oname=\"Name_Nachname\" data-validation=\"empty\" data-email=\"Name Nachname\" data-exclude=\"0\" data-absolute-default=\"\" data-default-value=\"\" \/><span class=\"super-adaptive-placeholder\" data-placeholder=\"Name Nachname\" data-placeholderFilled=\"Name Nachname\"><span>Name Nachname<\/span><\/span><\/div><div class=\"super-error-msg\">Pflichtfeld!<\/div><div class=\"super-empty-error-msg\">Pflichtfeld!<\/div><\/div><\/div><\/div><div class=\"super-grid super-shortcode\"><div class=\"super-shortcode super_one_half super-column grid-level-0 column-number-1 first-column \"><div class=\"super-shortcode super-field super-text   super-ungrouped  \"><div class=\"super-field-wrapper \"><input tabindex=\"-1\" class=\"super-shortcode-field\" type=\"text\" name=\"Titel\" data-oname=\"Titel\" data-validation=\"empty\" data-email=\"Titel\" data-exclude=\"0\" data-absolute-default=\"\" data-default-value=\"\" \/><span class=\"super-adaptive-placeholder\" data-placeholder=\"Titel\" data-placeholderFilled=\"Titel\"><span>Titel<\/span><\/span><\/div><div class=\"super-error-msg\">Pflichtfeld!<\/div><div class=\"super-empty-error-msg\">Pflichtfeld!<\/div><\/div><\/div><div class=\"super-shortcode super_one_half super-column grid-level-0 column-number-2  \"><div class=\"super-shortcode super-field super-text   super-ungrouped  \"><div class=\"super-field-wrapper \"><input tabindex=\"-1\" class=\"super-shortcode-field\" type=\"email\" name=\"E-Mail\" data-oname=\"E-Mail\" data-validation=\"email\" data-email=\"E-Mail\" data-exclude=\"0\" data-absolute-default=\"\" data-default-value=\"\" \/><span class=\"super-adaptive-placeholder\" data-placeholder=\"E-Mail\" data-placeholderFilled=\"E-Mail\"><span>E-Mail<\/span><\/span><\/div><div class=\"super-error-msg\">Pflichtfeld!<\/div><div class=\"super-empty-error-msg\">Pflichtfeld!<\/div><\/div><\/div><\/div><div class=\"super-grid super-shortcode\"><div class=\"super-shortcode super_one_full super-column grid-level-0 column-number-1 first-column \"><div class=\"super-shortcode super-field super-textarea   super-ungrouped  \"><div class=\"super-field-wrapper \"><textarea tabindex=\"-1\" class=\"super-shortcode-field\" name=\"Nachricht_\" style=\"min-height:200px;\"  data-oname=\"Nachricht_\" data-email=\"Nachricht...\" data-exclude=\"0\" data-absolute-default=\"\" data-default-value=\"\" ><\/textarea><span class=\"super-adaptive-placeholder\" data-placeholder=\"Nachricht...\" data-placeholderFilled=\"Mesaj \"><span>Nachricht...<\/span><\/span><\/div><div class=\"super-error-msg\">Pflichtfeld!<\/div><div class=\"super-empty-error-msg\">Pflichtfeld!<\/div><\/div><\/div><\/div><div data-color=\"#f26c68\" data-light=\"#ff807c\" data-dark=\"#d44e4a\" data-hover-color=\"#444444\" data-hover-light=\"#585858\" data-hover-dark=\"#262626\" data-font=\"#ffffff\" data-font-hover=\"#ffffff\" data-radius=\"rounded\" data-type=\"flat\" class=\"super-extra-shortcode super-shortcode super-field super-button super-clear-none super-form-button super-radius-rounded super-type-flat super-button-medium super-button-align-left super-button-width-auto\"><div data-href=\"\" class=\"super-button-wrap no_link\"><div class=\"super-button-name\" data-action=\"submit\" data-normal=\"Senden\" data-loading=\"Wird geladen...\">Senden<\/div><span class=\"super-after\"><\/span><\/div><\/div><\/form><\/div>[\/vc_column][\/vc_row]<\/p>\n<\/div>","protected":false},"excerpt":{"rendered":"<p>[vc_row bg_type=&#8220;color&#8220; padding_top_multiplier=&#8220;2x&#8220; bg_color=&#8220;#ffffff&#8220;][vc_column][\/vc_column][\/vc_row]<\/p>\n","protected":false},"author":1,"featured_media":0,"parent":0,"menu_order":0,"comment_status":"closed","ping_status":"closed","template":"","meta":{"_seopress_robots_primary_cat":"","_seopress_titles_title":"Pr\u00e4sentation Anfordern \u2502Kalkanc\u0131 Druckguss und Werkzeugbau","_seopress_titles_desc":"Wenn Sie sich \u00fcber die Dienstleistungen und Angebote der Marke Kalkanc\u0131 informieren m\u00f6chten, k\u00f6nnen Sie das Formular zur Anforderung einer Pr\u00e4sentation ausf\u00fcllen","_seopress_robots_index":"","footnotes":""},"class_list":["post-1501","page","type-page","status-publish","hentry"],"_links":{"self":[{"href":"https:\/\/kalkanci.com\/de\/wp-json\/wp\/v2\/pages\/1501","targetHints":{"allow":["GET"]}}],"collection":[{"href":"https:\/\/kalkanci.com\/de\/wp-json\/wp\/v2\/pages"}],"about":[{"href":"https:\/\/kalkanci.com\/de\/wp-json\/wp\/v2\/types\/page"}],"author":[{"embeddable":true,"href":"https:\/\/kalkanci.com\/de\/wp-json\/wp\/v2\/users\/1"}],"replies":[{"embeddable":true,"href":"https:\/\/kalkanci.com\/de\/wp-json\/wp\/v2\/comments?post=1501"}],"version-history":[{"count":1,"href":"https:\/\/kalkanci.com\/de\/wp-json\/wp\/v2\/pages\/1501\/revisions"}],"predecessor-version":[{"id":3404,"href":"https:\/\/kalkanci.com\/de\/wp-json\/wp\/v2\/pages\/1501\/revisions\/3404"}],"wp:attachment":[{"href":"https:\/\/kalkanci.com\/de\/wp-json\/wp\/v2\/media?parent=1501"}],"curies":[{"name":"wp","href":"https:\/\/api.w.org\/{rel}","templated":true}]}}