{"id":1802,"date":"2021-06-23T14:54:33","date_gmt":"2021-06-23T11:54:33","guid":{"rendered":"https:\/\/kalkanci.com\/oberflaechenrauheit-test\/"},"modified":"2021-06-26T13:52:25","modified_gmt":"2021-06-26T10:52:25","slug":"oberflaechenrauheit-test","status":"publish","type":"page","link":"https:\/\/kalkanci.com\/de\/qualitaet\/oberflaechenrauheit-test\/","title":{"rendered":"Oberfl\u00e4chenrauheit Test"},"content":{"rendered":"<div class=\"wpb-content-wrapper\"><p>[vc_row padding_top_multiplier=&#8220;&#8220; padding_bottom_multiplier=&#8220;&#8220; margin_bottom=&#8220;25&#8243;][vc_column width=&#8220;1\/2&#8243;][vc_column_text css=&#8220;.vc_custom_1617533668341{margin-top: 10px !important;}&#8220;]<img loading=\"lazy\" decoding=\"async\" class=\"aligncenter size-large wp-image-470\" src=\"https:\/\/kalkanci.com\/wp-content\/uploads\/2021\/04\/Yuzey-Puruzluluk-Testi-03-1024x683.jpg\" alt=\"Oberfl\u00e4chenrauheit Test\" width=\"1024\" height=\"683\" srcset=\"https:\/\/kalkanci.com\/wp-content\/uploads\/2021\/04\/Yuzey-Puruzluluk-Testi-03-1024x683.jpg 1024w, https:\/\/kalkanci.com\/wp-content\/uploads\/2021\/04\/Yuzey-Puruzluluk-Testi-03-300x200.jpg 300w, https:\/\/kalkanci.com\/wp-content\/uploads\/2021\/04\/Yuzey-Puruzluluk-Testi-03-768x512.jpg 768w, https:\/\/kalkanci.com\/wp-content\/uploads\/2021\/04\/Yuzey-Puruzluluk-Testi-03.jpg 1200w\" sizes=\"auto, (max-width: 1024px) 100vw, 1024px\" \/>[\/vc_column_text][\/vc_column][vc_column width=&#8220;1\/2&#8243;][vc_column_text]Die Oberfl\u00e4chenrauheit bezieht sich auf die spezifische Tiefe und Kontur der Grate auf einer Oberfl\u00e4che. Warum ist es wichtig Oberfl\u00e4chenrauheit zu testen? Da es keine \u201eNull\u201c-Oberfl\u00e4chenrauheit gibt (eine ganz glatte Oberfl\u00e4che), weist jedes Projekt eine zu messende Oberfl\u00e4chenrauheit auf. Nicht auf die absolute Oberfl\u00e4chenrauheit zu achten, kann erhebliche Auswirkungen auf die Gesamtqualit\u00e4t eines Produkts haben. Oberfl\u00e4chenrauheit kann zum Beispiel folgendes beeinflussen:<\/p>\n<ul>\n<li>Wie sieht eine Oberfl\u00e4che aus?<\/li>\n<li>Wie arbeitet eine Oberfl\u00e4che?<\/li>\n<li>Wie gut heftet eine Beschichtung an die Oberfl\u00e4che an?<\/li>\n<\/ul>\n<p>[\/vc_column_text][\/vc_column][\/vc_row][vc_row padding_top_multiplier=&#8220;&#8220; padding_bottom_multiplier=&#8220;&#8220; margin_bottom=&#8220;40&#8243;][vc_column][vc_column_text]Denken Sie an die Wichtigkeit der Oberfl\u00e4chenrauheit bei der Herstellung von Autoteilen. Automotoren haben Teile, die st\u00e4ndig aneinander reiben, oder Teile, die perfekt zusammenpassen m\u00fcssen. Eine zu raue oder nicht ausreichend raue Oberfl\u00e4che kann dazu f\u00fchren, dass sich Teile zu fr\u00fch abnutzen oder unerw\u00fcnschte L\u00fccken auftreten, dies die Funktionalit\u00e4t des Motors beeintr\u00e4chtigen.<\/p>\n<p>Sie k\u00f6nnen auch ein Oberfl\u00e4chenrauheitsmessger\u00e4t verwenden, um Anomalien und Defekte in einem Produkt zu erkennen. Daher k\u00f6nnen Oberfl\u00e4chenrauheitstests in den Produktions- und Kontrollphasen von Relevanz sein.<\/p>\n<p>Jedes Projekt muss auf Oberfl\u00e4chenrauheit gemessen werden und wenn Teile auf gr\u00f6\u00dfere Teile passen, wird die erforderliche Oberfl\u00e4chenrauheit wahrscheinlich von Anfang an in einem Plan angegeben.[\/vc_column_text][\/vc_column][\/vc_row][vc_row padding_top_multiplier=&#8220;&#8220; padding_bottom_multiplier=&#8220;&#8220; margin_bottom=&#8220;40&#8243;][vc_column width=&#8220;1\/2&#8243;][vc_column_text]<\/p>\n<h2>Wie wird ein Oberfl\u00e4chenrauheitstest durchgef\u00fchrt?<\/h2>\n<p><strong>Messung der Oberfl\u00e4chenrauheit<\/strong><\/p>\n<p>Bei der Messung von Oberfl\u00e4chenrauheit werden H\u00f6he, Tiefe und Abst\u00e4nde der Grate untersucht. Es gibt verschiedene Oberfl\u00e4chenrauheitenf\u00fcr verschiedene Werkstoffe und ideale Werte f\u00fcr jeden Werkstoff. Beispielsweise behalten verschiedene Stahlsorten unterschiedliche Oberfl\u00e4chenrauheiten bei.[\/vc_column_text][\/vc_column][vc_column width=&#8220;1\/2&#8243;][vc_column_text]<img loading=\"lazy\" decoding=\"async\" class=\"aligncenter size-large wp-image-469\" src=\"https:\/\/kalkanci.com\/wp-content\/uploads\/2021\/04\/Yuzey-Puruzluluk-Testi-02-1024x683.jpg\" alt=\"Oberfl\u00e4chenrauheit Test\" width=\"1024\" height=\"683\" srcset=\"https:\/\/kalkanci.com\/wp-content\/uploads\/2021\/04\/Yuzey-Puruzluluk-Testi-02-1024x683.jpg 1024w, https:\/\/kalkanci.com\/wp-content\/uploads\/2021\/04\/Yuzey-Puruzluluk-Testi-02-300x200.jpg 300w, https:\/\/kalkanci.com\/wp-content\/uploads\/2021\/04\/Yuzey-Puruzluluk-Testi-02-768x512.jpg 768w, https:\/\/kalkanci.com\/wp-content\/uploads\/2021\/04\/Yuzey-Puruzluluk-Testi-02.jpg 1200w\" sizes=\"auto, (max-width: 1024px) 100vw, 1024px\" \/>[\/vc_column_text][\/vc_column][\/vc_row][vc_row padding_top_multiplier=&#8220;&#8220; padding_bottom_multiplier=&#8220;&#8220; margin_bottom=&#8220;40&#8243;][vc_column][vc_column_text]Die Oberfl\u00e4chenrauheit kann durch die Variable Ra ausgedr\u00fcckt werden. Je gr\u00f6\u00dfer Ra, desto rauer die Oberfl\u00e4che. Ra wird h\u00e4ufig von Herstellern verwendet, um aufzuzeigen, wie sich unterschiedliche Bearbeitungstechniken auf die Oberfl\u00e4chenrauheit auswirken. Ra erfasst die durchschnittliche Rauheit (arithmetischer Mittelwert des Abweichungsgrades \u00fcber und unter dem als Oberfl\u00e4che betrachteten Niveau).[\/vc_column_text][\/vc_column][\/vc_row][vc_row padding_top_multiplier=&#8220;&#8220; padding_bottom_multiplier=&#8220;&#8220; margin_bottom=&#8220;40&#8243;][vc_column width=&#8220;1\/2&#8243;][vc_column_text]Eine andere M\u00f6glichkeit, die Oberfl\u00e4chenrauheit zu messen, ist Rz, dass die maximale H\u00f6he des Profils einer Oberfl\u00e4che ausdr\u00fcckt. Es gibt auch Rq, was die quadratische mittlere Abweichung eines Profils bezeichnet. Bevor Sie sich zu viele Gedanken \u00fcber die Mathematik machen, sollten Sie wissen, dass diese Variablen mithilfe von Ger\u00e4ten erstellt werden k\u00f6nnen.<\/p>\n<p>Sie k\u00f6nnen Oberfl\u00e4chenrauheit mit einer \u201eKontaktmethode\u201c (mit der Spitze eines Pr\u00fcfers) oder \u201ekontaktlosen Methode\u201c (Lichtmessung) messen. Stylus-Profilhersteller ber\u00fchren die Oberfl\u00e4che physisch und verwenden eine Diamantspitze und einen Stabilisator, um in einer geraden Linie \u00fcber die Oberfl\u00e4che zu fahren. Wenn der Stylus auf einen Grat trifft, spiegelt die Linie die Auslenkung wider und der Ra-Wert wird basierend auf dem Grad der Abweichung von der geraden Linie berechnet. Nat\u00fcrlich kann nicht jeder Werkstoff mit einer solchen direkten Kontaktmethode gemessen werden, und sie ist nicht immer die einfachste, schnellste oder genaueste Methode zur Messung von Oberfl\u00e4chenrauheit.[\/vc_column_text][\/vc_column][vc_column width=&#8220;1\/2&#8243;][vc_column_text]Eine der beliebtesten Arten ber\u00fchrungsloser Methoden ist die optische Profilerstellung, bei der Millionen von Datenpunkten erfasst werden, indem die Wellenl\u00e4ngen des von einer Oberfl\u00e4che reflektierten Lichts gemessen werden. Dies erfordert die Verwendung einer optischen Profilierungsmaschine, die f\u00fcr viele unterschiedliche Projektgr\u00f6\u00dfen und Messanforderungen konfiguriert werden kann.<\/p>\n<p>Unabh\u00e4ngig davon, ob Ihr Projekt eine Kontakt- oder ber\u00fchrungslose Messung erfordert, ist es wichtig, dass diese jedes Mal konsistent, genau und pr\u00e4zise durchgef\u00fchrt wird. Ungenaue Messungen k\u00f6nnen zu erfolglosen Beschichtungsanwendungen, inkonsistenter Produktleistung, verminderter Leistungsqualit\u00e4t und beeintr\u00e4chtigter Haltbarkeit f\u00fchren.[\/vc_column_text][\/vc_column][\/vc_row][vc_row padding_top_multiplier=&#8220;&#8220; padding_bottom_multiplier=&#8220;&#8220; margin_bottom=&#8220;40&#8243;][vc_column][vc_column_text]<\/p>\n<h3><strong>Kalkanc\u0131 Oberfl\u00e4chenrauheitstest<\/strong><\/h3>\n<p style=\"text-align: justify;\">Der Oberfl\u00e4chenrauheitstest, ein weiterer Teil unseres Qualit\u00e4tskontrollprozesses, ist einer der wichtigsten Prozesse, die die Leistung, Lebensdauer und Qualit\u00e4t unserer Produkte bestimmen. Unsere Produkte, die qualitative und quantitative Bewertungen bestehen, werden mit den zuverl\u00e4ssigsten und genauesten Kontrollen gepr\u00fcft.<\/p>\n<p style=\"text-align: justify;\">Als Kalkanc\u0131 bevorzugen wir die &#8222;Fl\u00fcssigkeit-Eindringpr\u00fcfung&#8220; (auch als Liquid-Penetrant Test bekannt), eine der empfindlichsten und sensibelsten Untersuchungsmethoden zur Erkennung von Oberfl\u00e4chenfehlern. Gr\u00fcnde f\u00fcr unsere Auswahl dieser Methode sind wie folgt:<\/p>\n<ul>\n<li>Es ist eine sehr sensitive Methode,<\/li>\n<li>Sie ist sehr einfach durchzuf\u00fchren,<\/li>\n<li>Sie ist im Gegensatz zu anderen relativ g\u00fcnstig,<\/li>\n<li>Sie kann an verschiedene Werkstoffe angewendet werden,<\/li>\n<li>Sie ist sehr schnell, da alle Oberfl\u00e4chentests mit einem Prozess gemacht werden k\u00f6nnen.<\/li>\n<\/ul>\n<p>[\/vc_column_text][\/vc_column][\/vc_row]<\/p>\n<\/div>","protected":false},"excerpt":{"rendered":"<p>[vc_row padding_top_multiplier=&#8220;&#8220; padding_bottom_multiplier=&#8220;&#8220; margin_bottom=&#8220;25&#8243;][vc_column width=&#8220;1\/2&#8243;][vc_column_text css=&#8220;.vc_custom_1617533668341{margin-top: 10px !important;}&#8220;][\/vc_column_text][\/vc_column][vc_column width=&#8220;1\/2&#8243;][vc_column_text]Die Oberfl\u00e4chenrauheit bezieht sich auf die spezifische Tiefe und Kontur der Grate auf einer Oberfl\u00e4che. Warum ist es wichtig Oberfl\u00e4chenrauheit zu testen? Da es keine \u201eNull\u201c-Oberfl\u00e4chenrauheit gibt (eine ganz glatte Oberfl\u00e4che), weist jedes Projekt eine zu messende Oberfl\u00e4chenrauheit auf. Nicht auf die absolute Oberfl\u00e4chenrauheit zu achten, kann [&hellip;]<\/p>\n","protected":false},"author":1,"featured_media":0,"parent":1889,"menu_order":0,"comment_status":"closed","ping_status":"closed","template":"","meta":{"_seopress_robots_primary_cat":"","_seopress_titles_title":"Oberfl\u00e4chenrauheit Test \u2502Kalkanc\u0131 Druckguss und Werkzeugbau","_seopress_titles_desc":"Herstellungsprozesses von Aluminiumdruck gussformen wenden wir eine Fl\u00fcssigkeitseindringpr\u00fcfung an unseren Produkten an, bei der wir Oberfl\u00e4chenrauheitstests durchf\u00fchren","_seopress_robots_index":"","footnotes":""},"class_list":["post-1802","page","type-page","status-publish","hentry"],"_links":{"self":[{"href":"https:\/\/kalkanci.com\/de\/wp-json\/wp\/v2\/pages\/1802","targetHints":{"allow":["GET"]}}],"collection":[{"href":"https:\/\/kalkanci.com\/de\/wp-json\/wp\/v2\/pages"}],"about":[{"href":"https:\/\/kalkanci.com\/de\/wp-json\/wp\/v2\/types\/page"}],"author":[{"embeddable":true,"href":"https:\/\/kalkanci.com\/de\/wp-json\/wp\/v2\/users\/1"}],"replies":[{"embeddable":true,"href":"https:\/\/kalkanci.com\/de\/wp-json\/wp\/v2\/comments?post=1802"}],"version-history":[{"count":0,"href":"https:\/\/kalkanci.com\/de\/wp-json\/wp\/v2\/pages\/1802\/revisions"}],"up":[{"embeddable":true,"href":"https:\/\/kalkanci.com\/de\/wp-json\/wp\/v2\/pages\/1889"}],"wp:attachment":[{"href":"https:\/\/kalkanci.com\/de\/wp-json\/wp\/v2\/media?parent=1802"}],"curies":[{"name":"wp","href":"https:\/\/api.w.org\/{rel}","templated":true}]}}