{"id":1835,"date":"2021-06-23T15:23:37","date_gmt":"2021-06-23T12:23:37","guid":{"rendered":"https:\/\/kalkanci.com\/mikroskop-tests\/"},"modified":"2021-06-26T13:51:11","modified_gmt":"2021-06-26T10:51:11","slug":"mikroskopische-analyse","status":"publish","type":"page","link":"https:\/\/kalkanci.com\/de\/qualitaet\/mikroskopische-analyse\/","title":{"rendered":"Mikroskopische Analyse"},"content":{"rendered":"<div class=\"wpb-content-wrapper\"><p>[vc_row padding_top_multiplier=&#8220;&#8220; padding_bottom_multiplier=&#8220;&#8220; margin_bottom=&#8220;40&#8243;][vc_column width=&#8220;1\/2&#8243;][vc_column_text css=&#8220;.vc_custom_1617534542494{margin-top: 10px !important;}&#8220;]<img loading=\"lazy\" decoding=\"async\" class=\"aligncenter size-large wp-image-483\" src=\"https:\/\/kalkanci.com\/wp-content\/uploads\/2021\/04\/Mikroskop-Testleri-02-1024x683.jpg\" alt=\"Mikroskop Tests\" width=\"1024\" height=\"683\" srcset=\"https:\/\/kalkanci.com\/wp-content\/uploads\/2021\/04\/Mikroskop-Testleri-02-1024x683.jpg 1024w, https:\/\/kalkanci.com\/wp-content\/uploads\/2021\/04\/Mikroskop-Testleri-02-300x200.jpg 300w, https:\/\/kalkanci.com\/wp-content\/uploads\/2021\/04\/Mikroskop-Testleri-02-768x512.jpg 768w, https:\/\/kalkanci.com\/wp-content\/uploads\/2021\/04\/Mikroskop-Testleri-02.jpg 1200w\" sizes=\"auto, (max-width: 1024px) 100vw, 1024px\" \/>[\/vc_column_text][\/vc_column][vc_column width=&#8220;1\/2&#8243;][vc_column_text]Das Rasterelektronenmikroskop ist ein leistungsstarkes Vergr\u00f6\u00dferungswerkzeug, das fokussierte Elektronenstrahlen verwendet, um Informationen zu liefern. Diese Mikroskope, die ungef\u00e4hr 2 Personen gro\u00df sind, liefern hochaufl\u00f6sende dreidimensionale Bilder mit topografischen, morphologischen und kompositorischen Informationen und sind daher f\u00fcr eine Vielzahl von wissenschaftlichen und industriellen Anwendungen von unsch\u00e4tzbarem Wert.<\/p>\n<p><strong>Eigenschaften des Mikroskops<\/strong><\/p>\n<p>Das Rasterelektronenmikroskop, das in den 1950er Jahren von Professor Charles Oatley mit Hilfe von Doktoranden entwickelt wurde, ist eine von drei Arten der Elektronenmikroskopie (EM).[\/vc_column_text][\/vc_column][\/vc_row][vc_row padding_top_multiplier=&#8220;&#8220; padding_bottom_multiplier=&#8220;&#8220; margin_bottom=&#8220;40&#8243;][vc_column][vc_column_text]Elektronenmikroskope verwenden dieselben Grundprinzipien wie Lichtmikroskope, fokussieren jedoch energetische Elektronenstrahlen anstelle von Photonen, um ein Objekt zu vergr\u00f6\u00dfern.<\/p>\n<p>Der Hauptgrund f\u00fcr die Verwendung von Elektronen anstelle von Licht ist, dass in der Elektronenmikroskopie bessere Ergebnisse erzielt werden, da Lichtmikroskope abh\u00e4ngig von Wellenl\u00e4ngen, Lichtqualit\u00e4t und Situation variieren k\u00f6nnen. Um die besten Ergebnisse bei Elektronenmikroskopen zu erzielen, sind ein Vakuumsystem, ein K\u00fchlsystem, ein fester\/ebener Boden, ein Testraum ohne magnetische Umgebung und eine unterbrechungsfreie Stromversorgung erforderlich.[\/vc_column_text][\/vc_column][\/vc_row][vc_row padding_top_multiplier=&#8220;&#8220; padding_bottom_multiplier=&#8220;&#8220; margin_bottom=&#8220;40&#8243;][vc_column width=&#8220;1\/2&#8243;][vc_column_text]<\/p>\n<h2>Was machen Mikroskoptests?<\/h2>\n<p>Die Rasterelektronenmikroskopie liefert detaillierte Oberfl\u00e4cheninformationen, indem eine Probe mit einem Elektronenstrahl in einem Abtastmuster gescannt wird. Der Prozess beginnt mit einer Elektronenkanone, die einen energetischen Elektronenstrahl entlang der S\u00e4ule auf eine Reihe elektromagnetischer Linsen bildet.<\/p>\n<p>Diese Linsen sind R\u00f6hren, die in eine Helix gewickelt sind und als Magnetspulen bezeichnet werden. Die Spulen werden so eingestellt, dass der einfallende Elektronenstrahl auf die Probe fokussiert wird. Diese Einstellungen verursachen Spannungsschwankungen und erh\u00f6hen\/verringern die Geschwindigkeit, mit der die Elektronen mit der Probenoberfl\u00e4che in Kontakt kommen.<\/p>\n<p>Mit dem vom Computer gesteuerten SEM-Bediener kann der Strahl angepasst werden, um die Vergr\u00f6\u00dferung zu steuern und die zu scannende Oberfl\u00e4che zu bestimmen. Der Strahl fokussiert sich auf den Platz, wo eine feste Probe platziert wird. Die meisten Proben erfordern eine gewisse Vorbereitung, bevor sie in die Vakuumkammer kommen.<\/p>\n<p>Unter den verschiedenen Herstellungsverfahren sind die beiden bei der SEM-Analyse am h\u00e4ufigsten verwendeten Methoden die Spr\u00fchbeschichtung f\u00fcr nichtleitende Proben und die Dehydratisierung f\u00fcr die meisten biologischen Proben.<\/p>\n<p>Dar\u00fcber hinaus m\u00fcssen alle Proben in der Lage sein, dem niedrigen Druck in der Vakuumkammer zu bestehen.[\/vc_column_text][\/vc_column][vc_column width=&#8220;1\/2&#8243;][vc_column_text]Die Wechselwirkung zwischen den einfallenden Elektronen und der Oberfl\u00e4che der Probe wird durch die Beschleunigungsrate der einfallenden Elektronen bestimmt, die eine erhebliche Menge kinetischer Energie tragen, bevor sie sich auf die Probe konzentrieren.<\/p>\n<p>Wenn einfallende Elektronen mit der Probe in Kontakt kommen, werden energetische Elektronen von der Oberfl\u00e4che der Probe freigesetzt. Die durch die Wechselwirkung erzeugten Streumuster liefern Informationen \u00fcber die Gr\u00f6\u00dfe, Form, Textur und Zusammensetzung der Probe.<\/p>\n<p>Es werden verschiedene Detektoren verwendet, um verschiedene Arten von gestreuten Elektronen anzuziehen, einschlie\u00dflich Sekund\u00e4r- und R\u00fcckstreuelektronen und R\u00f6ntgenstrahlen. Brechungsr\u00fcckstreuelektronen bestimmen die Richtung von Mineralien und Mikrogeweben sowie Kristallstrukturen.<\/p>\n<p>Unter der Probenoberfl\u00e4che emittierte R\u00f6ntgenstrahlen k\u00f6nnen Informationen zu Elementen und Mineralien liefern.<\/p>\n<p>Rasterelektronenmikroskope erzeugen dreidimensionale Schwarzwei\u00dfbilder.<\/p>\n<p>Die Bildvergr\u00f6\u00dferung kann bis zu 10 Nanometer betragen und die intensiven Wechselwirkungen auf der Oberfl\u00e4che der Probe erzeugen eine gr\u00f6\u00dfere Sichttiefe, eine h\u00f6here Aufl\u00f6sung und letztendlich ein detaillierteres Oberfl\u00e4chenbild.[\/vc_column_text][\/vc_column][\/vc_row][vc_row padding_top_multiplier=&#8220;&#8220; padding_bottom_multiplier=&#8220;&#8220; margin_bottom=&#8220;40&#8243;][vc_column][vc_column_text]<\/p>\n<h2>Wo werden Mikroskoptests Verwendet?<\/h2>\n<p>Rasterelektronenmikroskope haben eine Vielzahl von Anwendungen in einer Reihe von wissenschaftlichen und industriellen Bereichen, in denen die Charakterisierung fester Werkstoffe besonders n\u00fctzlich ist. Zus\u00e4tzlich zu topografischen, morphologischen und Zusammensetzungsinformationen kann das Rasterelektronenmikroskop Oberfl\u00e4chenbr\u00fcche erkennen und analysieren. Es kann Informationen \u00fcber Mikrostrukturen liefern, Oberfl\u00e4chenverunreinigungen untersuchen, r\u00e4umliche \u00c4nderungen der chemischen Zusammensetzung aufdecken, qualitative chemische Analysen liefern und Kristallstrukturen definieren. Es kann auch f\u00fcr lebenden und weichen Organismen verwendet werden, diese m\u00fcssen jedoch gut stabilisiert sein und es muss eine chemische Fixierung verwendet werden. Die Rasterelektronenmikroskopie wird f\u00fcr lebende und weichen Organismen nicht h\u00e4ufig eingesetzt, da hier nicht so gute und genaue Ergebnisse wie bei festen Werkstoffen geliefert werden.<\/p>\n<p>Rasterelektronenmikroskope sind ein grundlegendes Forschungsinstrument in Bereichen wie Biowissenschaften, Biologie, Gemmologie, Medizin und Forensik sowie Metallurgie. Dar\u00fcber hinaus haben Rasterelektronenmikroskope praktische industrielle und technologische Anwendungen wie f\u00fcr Leiterinspektion, Produktionslinien kleiner Produkte und bei der Montage von Mikrochips f\u00fcr Computer.<\/p>\n<h3><strong>Kalkanc\u0131mikroskopische Analyse<\/strong><\/h3>\n<p>Um die Kompetenz, Qualit\u00e4t und Haltbarkeit unserer Produkte zu kontrollieren, bieten wir Qualit\u00e4tskontrollen f\u00fcr Mikroskoptests innerhalb unserem Qualit\u00e4tskontrollprozess in Mikrodimensionen an. Mit unseren Kalkanc\u0131Mikroskoptests bieten wir Verfahren zur Inspektion, Verbesserung und Entwicklung unserer Produktqualit\u00e4t.[\/vc_column_text][\/vc_column][\/vc_row]<\/p>\n<\/div>","protected":false},"excerpt":{"rendered":"<p>[vc_row padding_top_multiplier=&#8220;&#8220; padding_bottom_multiplier=&#8220;&#8220; margin_bottom=&#8220;40&#8243;][vc_column width=&#8220;1\/2&#8243;][vc_column_text css=&#8220;.vc_custom_1617534542494{margin-top: 10px !important;}&#8220;][\/vc_column_text][\/vc_column][vc_column width=&#8220;1\/2&#8243;][vc_column_text]Das Rasterelektronenmikroskop ist ein leistungsstarkes Vergr\u00f6\u00dferungswerkzeug, das fokussierte Elektronenstrahlen verwendet, um Informationen zu liefern. Diese Mikroskope, die ungef\u00e4hr 2 Personen gro\u00df sind, liefern hochaufl\u00f6sende dreidimensionale Bilder mit topografischen, morphologischen und kompositorischen Informationen und sind daher f\u00fcr eine Vielzahl von wissenschaftlichen und industriellen Anwendungen von unsch\u00e4tzbarem Wert. Eigenschaften [&hellip;]<\/p>\n","protected":false},"author":1,"featured_media":0,"parent":1889,"menu_order":0,"comment_status":"closed","ping_status":"closed","template":"","meta":{"_seopress_robots_primary_cat":"","_seopress_titles_title":"Mikroskopische Analyse \u2502Kalkanc\u0131 Druckguss und Werkzeugbau","_seopress_titles_desc":"Mit mikroskopischen Analysen, bei denen wir Kompetenz, Qualit\u00e4t und Langlebigkeit kontrollieren, sind wir in der Lage Perfektion bei der Herstellung von Aluminiumgussformen zu erreichen","_seopress_robots_index":"","footnotes":""},"class_list":["post-1835","page","type-page","status-publish","hentry"],"_links":{"self":[{"href":"https:\/\/kalkanci.com\/de\/wp-json\/wp\/v2\/pages\/1835","targetHints":{"allow":["GET"]}}],"collection":[{"href":"https:\/\/kalkanci.com\/de\/wp-json\/wp\/v2\/pages"}],"about":[{"href":"https:\/\/kalkanci.com\/de\/wp-json\/wp\/v2\/types\/page"}],"author":[{"embeddable":true,"href":"https:\/\/kalkanci.com\/de\/wp-json\/wp\/v2\/users\/1"}],"replies":[{"embeddable":true,"href":"https:\/\/kalkanci.com\/de\/wp-json\/wp\/v2\/comments?post=1835"}],"version-history":[{"count":0,"href":"https:\/\/kalkanci.com\/de\/wp-json\/wp\/v2\/pages\/1835\/revisions"}],"up":[{"embeddable":true,"href":"https:\/\/kalkanci.com\/de\/wp-json\/wp\/v2\/pages\/1889"}],"wp:attachment":[{"href":"https:\/\/kalkanci.com\/de\/wp-json\/wp\/v2\/media?parent=1835"}],"curies":[{"name":"wp","href":"https:\/\/api.w.org\/{rel}","templated":true}]}}