{"id":1844,"date":"2021-06-23T15:31:23","date_gmt":"2021-06-23T12:31:23","guid":{"rendered":"https:\/\/kalkanci.com\/massstab-augenkontrolle\/"},"modified":"2021-06-26T13:50:35","modified_gmt":"2021-06-26T10:50:35","slug":"massstab-augenkontrolle","status":"publish","type":"page","link":"https:\/\/kalkanci.com\/de\/qualitaet\/massstab-augenkontrolle\/","title":{"rendered":"Ma\u00dfstab \/ Augenkontrolle"},"content":{"rendered":"<div class=\"wpb-content-wrapper\"><p>[vc_row padding_top_multiplier=&#8220;&#8220; padding_bottom_multiplier=&#8220;&#8220; margin_bottom=&#8220;40&#8243;][vc_column width=&#8220;1\/2&#8243;][vc_column_text css=&#8220;.vc_custom_1617536453070{margin-top: 10px !important;}&#8220;][\/vc_column_text][\/vc_column][vc_column width=&#8220;1\/2&#8243;][vc_column_text]Es gibt bestimmte Verfahren, die alle Unternehmen, die Produkte innerhalb der Qualit\u00e4tsstandards herstellen, in jeder Produktionsphase durchf\u00fchren m\u00fcssen. Ma\u00dfstab \/ Augenkontrolle ist eine dieser Prozeduren.<\/p>\n<h2>Augenkontrolle Test<\/h2>\n<p>Die Augenkontrolle, eine der \u00e4ltesten und klassischsten Kontrollmethoden f\u00fcr Endprodukte, beinhaltet die Pr\u00fcfung des Produkts mit dem Auge oder einem Ger\u00e4t.[\/vc_column_text][\/vc_column][\/vc_row][vc_row padding_top_multiplier=&#8220;&#8220; padding_bottom_multiplier=&#8220;&#8220; margin_bottom=&#8220;40&#8243;][vc_column][vc_column_text]<\/p>\n<ul>\n<li>Ein Arbeitsbereich, in dem Teile befestigt werden, ein Sensor zum Erkennen von Teileoberfl\u00e4chen und eine mechanische Baugruppe zum Bewegen eines Teilesensors im Arbeitsbereich<\/li>\n<li>Computermessungen mit Software zur Berechnung der Teilegr\u00f6\u00dfen nach Sensor<\/li>\n<\/ul>\n<p>[\/vc_column_text][\/vc_column][\/vc_row][vc_row padding_top_multiplier=&#8220;&#8220; padding_bottom_multiplier=&#8220;&#8220; margin_bottom=&#8220;40&#8243;][vc_column]<div class=\"eut-element eut-gallery eut-isotope eut-gallery-popup eut-with-gap\" style=\"\" data-columns=\"3\" data-columns-large-screen=\"3\" data-columns-tablet-landscape=\"3\" data-columns-tablet-portrait=\"3\" data-columns-mobile=\"1\" data-layout=\"fitRows\" data-gutter-size=\"20\">  <div class=\"eut-isotope-container\"><div class=\"eut-isotope-item eut-hover-item eut-hover-style-none\"><div class=\"eut-isotope-item-inner eut-zoom-in\">  <figure class=\"eut-image-hover\">    <a class=\"eut-item-url\" href=\"\" ><\/a>    <div class=\"eut-hover-overlay eut-bg-blue eut-opacity-30\"><\/div><div class=\"eut-media\"><\/div>  <\/figure><\/div><\/div>  <\/div><\/div>[\/vc_column][\/vc_row][vc_row padding_top_multiplier=&#8220;&#8220; padding_bottom_multiplier=&#8220;&#8220; margin_bottom=&#8220;40&#8243;][vc_column width=&#8220;1\/2&#8243;][vc_column_text]<\/p>\n<h3><strong>Kontrolle vor Produktionsbeginn<\/strong><\/h3>\n<p>Die Kontrolle vor Produktionsbeginn ist eine Qualit\u00e4tskontrolle, die vor dem Produktionsprozess ausgef\u00fchrt wird, um die Menge und Qualit\u00e4t der Rohstoffe und Komponenten zu bewerten und festzustellen, ob sie den Produktspezifikationen entsprechen. Kontrolle von Rohstoffen und Zubeh\u00f6r vor Produktionsbeginn: Das Qualit\u00e4tskontrollteam \u00fcberpr\u00fcft die f\u00fcr die Produktion erforderlichen Rohstoffe und Komponenten.<\/p>\n<h3><strong>Fertigungsbegleitende Pr\u00fcfung<\/strong><\/h3>\n<p>Die fertigungsbegleitende Pr\u00fcfung, auch als DUPRO bekannt, ist eine Qualit\u00e4tskontrolle, die w\u00e4hrend der Produktion stattfindet und ist besonders gut f\u00fcr Produkte geeignet, die kontinuierlich produziert werden und strenge Anforderungen f\u00fcr p\u00fcnktliche Lieferungen und Folgema\u00dfnahmen erf\u00fcllen m\u00fcssen. Es ist sehr wichtig rechtzeitig einzugreifen, falls Qualit\u00e4tsprobleme w\u00e4hrend der Kontrolle vor Produktionsbeginn festgestellt werden.<\/p>\n<p>In jeder Phase des Herstellungsprozesses erstellen die Pr\u00fcfer einen vollst\u00e4ndigen und detaillierten Inspektionsbericht, um Ihnen die umfassenden Informationen und Daten zu liefern, die Sie ben\u00f6tigen.[\/vc_column_text][\/vc_column][vc_column width=&#8220;1\/2&#8243;][vc_column_text]<\/p>\n<h3><strong>Kontrolle vor dem Versand<\/strong><\/h3>\n<p>Die Kontrolle vor dem Versand ist eine seitens der vielen Qualit\u00e4tskontrollen, die seitens der HQTS durchgef\u00fchrt wird. Dies ist ein wichtiger Schritt im Qualit\u00e4tskontrollprozess und eine Methode zur \u00dcberpr\u00fcfung der Qualit\u00e4t der Produkte vor dem Versand. Die Kontrolle vor dem Versand (auch PSI-Kontrolle genannt), stellt sicher, dass die Produktion den Spezifikationen des K\u00e4ufers und\/oder den Bedingungen einer Bestellung oder eines Akkreditivs entspricht. Diese Kontrolle wird an fertigen Produkten durchgef\u00fchrt, wenn mindestens 80% der Bestellung f\u00fcr den Versand verpackt sind. Diese \u00dcberpr\u00fcfung erfolgt anhand der Standardspezifikationen f\u00fcr akzeptable Qualit\u00e4tsgrenzen (AQL) f\u00fcr das Produkt.<\/p>\n<p>Mit Hilfe einer Reihe von Werkzeugen, testen Mitarbeiter der Qualit\u00e4tskontrolle Produkte, um diese korrekt und mit fast Null-Fehlern an den Verbraucher zu bringen. Hierbei werden herk\u00f6mmliche Werkzeuge aber auch spezielle Testmaschinen wie CMM-Maschinen verwendet. Um elektrische Ger\u00e4te zu testen, k\u00f6nnen Voltmeter, Amperemeter und Ohmmeter verwendet werden, um Potentialdifferenz, Stromfluss oder Widerstand zu testen.[\/vc_column_text][\/vc_column][\/vc_row][vc_row padding_top_multiplier=&#8220;&#8220; padding_bottom_multiplier=&#8220;&#8220; margin_bottom=&#8220;40&#8243;][vc_column][vc_column_text]Mitarbeiter der Qualit\u00e4tskontrolle sind verpflichtet die Ergebnisse in einem Bericht darzustellen. Verantwortliche Mitarbeiter der Qualit\u00e4tskontrolle informieren dann die Vorgesetzten \u00fcber fehlerhafte Produkte und helfen bei der Analyse und Korrektur von Produktionsproblemen. Einige Unternehmen haben diese Prozesse mit Unterst\u00fctzung gro\u00dfer Steuerungsmaschinen automatisiert. Das Personal der Qualit\u00e4tskontrolle in diesen Unternehmen \u00fcberwacht die Ausr\u00fcstung, \u00fcberpr\u00fcft die Ausgabe und f\u00fchrt zuf\u00e4llige Produktpr\u00fcfungen durch.<\/p>\n<h2>Kalkanc\u0131 Lehren, &#8211; und Sichtkontrolle<\/h2>\n<p>Die Lehren,- und Sichtkontrolle ist eine der \u00e4ltesten aber schnellsten und kosteng\u00fcnstigsten Methoden. Als Kalkanc\u0131 f\u00fchren wir f\u00fcr unsere Produkte alle technologieunterst\u00fctzten Kontrollen durch, einschlie\u00dflich einer Ma\u00dfstab- \/ Augenkontrolle, um die Pr\u00fcfung von Stellen ohne Sch\u00e4den zu verursachen zu gew\u00e4hrleisten, die schwer oder nicht zug\u00e4nglich sind.[\/vc_column_text][\/vc_column][\/vc_row]<\/p>\n<\/div>","protected":false},"excerpt":{"rendered":"<p>[vc_row padding_top_multiplier=&#8220;&#8220; padding_bottom_multiplier=&#8220;&#8220; margin_bottom=&#8220;40&#8243;][vc_column width=&#8220;1\/2&#8243;][vc_column_text css=&#8220;.vc_custom_1617536453070{margin-top: 10px !important;}&#8220;][\/vc_column_text][\/vc_column][vc_column width=&#8220;1\/2&#8243;][vc_column_text]Es gibt bestimmte Verfahren, die alle Unternehmen, die Produkte innerhalb der Qualit\u00e4tsstandards herstellen, in jeder Produktionsphase durchf\u00fchren m\u00fcssen. Ma\u00dfstab \/ Augenkontrolle ist eine dieser Prozeduren. Augenkontrolle Test Die Augenkontrolle, eine der \u00e4ltesten und klassischsten Kontrollmethoden f\u00fcr Endprodukte, beinhaltet die Pr\u00fcfung des Produkts mit dem Auge oder einem [&hellip;]<\/p>\n","protected":false},"author":1,"featured_media":0,"parent":1889,"menu_order":0,"comment_status":"closed","ping_status":"closed","template":"","meta":{"_seopress_robots_primary_cat":"","_seopress_titles_title":"Ma\u00dfstab \/ Augenkontrolle \u2502Kalkanc\u0131 Druckguss und Werkzeugbau","_seopress_titles_desc":"Um einen vollst\u00e4ndigen Produktionsprozess von Aluminiumgussformen zu gew\u00e4hrleisten, durchlaufen unsere Produkte schlie\u00dflich eine Lehren-\/ Augenkontrollen","_seopress_robots_index":"","footnotes":""},"class_list":["post-1844","page","type-page","status-publish","hentry"],"_links":{"self":[{"href":"https:\/\/kalkanci.com\/de\/wp-json\/wp\/v2\/pages\/1844","targetHints":{"allow":["GET"]}}],"collection":[{"href":"https:\/\/kalkanci.com\/de\/wp-json\/wp\/v2\/pages"}],"about":[{"href":"https:\/\/kalkanci.com\/de\/wp-json\/wp\/v2\/types\/page"}],"author":[{"embeddable":true,"href":"https:\/\/kalkanci.com\/de\/wp-json\/wp\/v2\/users\/1"}],"replies":[{"embeddable":true,"href":"https:\/\/kalkanci.com\/de\/wp-json\/wp\/v2\/comments?post=1844"}],"version-history":[{"count":0,"href":"https:\/\/kalkanci.com\/de\/wp-json\/wp\/v2\/pages\/1844\/revisions"}],"up":[{"embeddable":true,"href":"https:\/\/kalkanci.com\/de\/wp-json\/wp\/v2\/pages\/1889"}],"wp:attachment":[{"href":"https:\/\/kalkanci.com\/de\/wp-json\/wp\/v2\/media?parent=1844"}],"curies":[{"name":"wp","href":"https:\/\/api.w.org\/{rel}","templated":true}]}}