{"id":1847,"date":"2021-06-23T15:39:58","date_gmt":"2021-06-23T12:39:58","guid":{"rendered":"https:\/\/kalkanci.com\/werkstoffanalyse-spektrometer\/"},"modified":"2021-06-26T13:49:48","modified_gmt":"2021-06-26T10:49:48","slug":"werkstoffanalyse-spektrometer","status":"publish","type":"page","link":"https:\/\/kalkanci.com\/de\/qualitaet\/werkstoffanalyse-spektrometer\/","title":{"rendered":"Werkstoffanalyse | Spektrometer"},"content":{"rendered":"<div class=\"wpb-content-wrapper\"><p>[vc_row padding_top_multiplier=&#8220;&#8220; padding_bottom_multiplier=&#8220;&#8220; margin_bottom=&#8220;40&#8243;][vc_column][vc_column_text]Die Werkstoffanalyse, bei der die Eigenschaften der herzustellenden Produkte und Werkstoffe, aus denen die Produkte hergestellt werden, analysiert und kontrolliert werden, konzentriert sich auf die physikalischen und chemischen Eigenschaften des zu verwendenden Werkstoffs.<\/p>\n<h2><strong>Wie wird Werkstoffanalyse durchgef\u00fchrt?<\/strong><\/h2>\n<p>Dieser Prozess wird mit hochtechnologischen Spektrometer-Ger\u00e4ten durchgef\u00fchrt. Ein Spektrometer ist eine Maschine, die verwendet wird, um Werkstoffe zu analysieren. Man muss zun\u00e4chst wissen, wie Spektrometer messen und Ergebnisse liefern, bevor man die bereitgestellten Daten analysieren kann. W\u00e4hrend ein gro\u00dfer Teil der Daten relativ einfach ist, erfordern die Ma\u00dfeinheiten f\u00fcr ein Spektrometer m\u00f6glicherweise etwas mehr Wissen, um diese vollst\u00e4ndig verstehen zu k\u00f6nnen. Es ist nicht allzu schwer die Ma\u00dfeinheiten zu verstehen, jedoch werden die Ergebnisse wahrscheinlich nicht so dargestellt, wie Sie sie an anderer Stelle antreffen.[\/vc_column_text][\/vc_column][\/vc_row][vc_row padding_top_multiplier=&#8220;&#8220; padding_bottom_multiplier=&#8220;&#8220; margin_bottom=&#8220;40&#8243;][vc_column width=&#8220;1\/2&#8243;][vc_column_text]<\/p>\n<h2>Was ist ein Spektrometer?<\/h2>\n<p>Um die Ma\u00dfeinheiten zu verstehen, m\u00fcssen Sie zun\u00e4chst wissen, was ein Spektrometer misst.<\/p>\n<p>Ein Spektrometer ist eine spektroskopische Methode. Dies bedeutet, dass das Spektrometer die von der Materie absorbierte Energiemenge und das Licht misst, das sie w\u00e4hrend des Prozesses erzeugt. Im Wesentlichen wird jede Materie Licht durchlassen oder absorbieren, und die Frequenz, mit der die Materie dies tut, bestimmt, um welche Materie es sich handelt.<\/p>\n<p>Spektrometer messen die von der analysierten Substanz emittierte Frequenz. Es ist nicht so einfach wie das Messen von Entfernungs- oder Gewichtseinheiten. Hierbei werden eigene Einheiten verwendet, um die Frequenz zu bestimmen.<\/p>\n<p>Viele Arten von Spektrometern verwenden Strahlung (z. B. R\u00f6ntgenstrahlen), um eine Reaktion auszul\u00f6sen, die die Zusammensetzung der Probe definiert.<\/p>\n<p>Diese Art von Reaktionen sind nicht sichtbar und k\u00f6nnen daher nicht beobachtet werden. Dies bedeutet, dass dazu Ger\u00e4te notwendig sind.[\/vc_column_text][\/vc_column][vc_column width=&#8220;1\/2&#8243;][vc_column_text]<\/p>\n<h3>Absorption Ma\u00dfeinheiten<\/h3>\n<p>Da es sich bei der Lichtmessung um Methoden handelt, die deutlich \u00fcber das hinausgehen, was das menschliche Auge sehen kann, spiegeln die Einheiten des Spektrometers die Komplexit\u00e4t der gemessenen Daten wider.<\/p>\n<h3>Wellenl\u00e4nge<\/h3>\n<p>Die Wellenl\u00e4nge der Lichtabsorption oder -durchl\u00e4ssigkeit wird relativ zur Wellenl\u00e4nge in Nanometern gemessen. Auch wenn sich dies einfach anh\u00f6rt, ist eine Maschine erforderlich, da das menschliche Auge die H\u00e4ufigkeit der Absorption oder Durchl\u00e4ssigkeit einer so kleinen L\u00e4nge nicht wahrnehmen kann.<\/p>\n<h3>Lichtst\u00e4rke<\/h3>\n<p>Ein Spektrometer gibt auch Informationen \u00fcber die Dichte des Lichts. Zur Berechnung der spektralen Durchl\u00e4ssigkeit der untersuchten Probe oder des untersuchten Objekts werden mehrere komplexe Formeln verwendet.<\/p>\n<p>Obwohl sie mehr als nur Informationen \u00fcber Spektrometer enthalten, bieten die Chemistry LibreTexts Details dar\u00fcber, wie Spektrophotometrie Licht misst, einschlie\u00dflich eines sehr detaillierten Abdrucks und einer sehr detaillierten Brechung.[\/vc_column_text][\/vc_column][\/vc_row][vc_row padding_top_multiplier=&#8220;&#8220; padding_bottom_multiplier=&#8220;&#8220; margin_bottom=&#8220;40&#8243;][vc_column][vc_column_text]<img loading=\"lazy\" decoding=\"async\" class=\"aligncenter size-large wp-image-404\" src=\"https:\/\/kalkanci.com\/wp-content\/uploads\/2021\/04\/Malzeme-Analizi-02-1024x683.jpg\" alt=\"Werkstoffanalyse | Spektrometer\" width=\"1024\" height=\"683\" srcset=\"https:\/\/kalkanci.com\/wp-content\/uploads\/2021\/04\/Malzeme-Analizi-02-1024x683.jpg 1024w, https:\/\/kalkanci.com\/wp-content\/uploads\/2021\/04\/Malzeme-Analizi-02-300x200.jpg 300w, https:\/\/kalkanci.com\/wp-content\/uploads\/2021\/04\/Malzeme-Analizi-02-768x512.jpg 768w, https:\/\/kalkanci.com\/wp-content\/uploads\/2021\/04\/Malzeme-Analizi-02.jpg 1200w\" sizes=\"auto, (max-width: 1024px) 100vw, 1024px\" \/>[\/vc_column_text][\/vc_column][\/vc_row][vc_row padding_top_multiplier=&#8220;&#8220; padding_bottom_multiplier=&#8220;&#8220; margin_bottom=&#8220;40&#8243;][vc_column][vc_column_text]<\/p>\n<h3>Chemie LibreText<\/h3>\n<p style=\"text-align: justify;\">Es ist nicht notwendig die gesamte Mathematik hinter den Messungen zu verstehen, kann jedoch f\u00fcr Interessierte sehr aufregend sein. Zus\u00e4tzliche Informationen geben Ihnen ebenfalls einen tieferen Einblick, wie verschiedene Methoden bessere L\u00f6sungen f\u00fcr verschiedene Anforderungen sind.<\/p>\n<p style=\"text-align: justify;\">Vergessen Sie nicht, dass Spektrometer einen viel gr\u00f6\u00dferen Bereich messen als nur sichtbares Licht, das nur einen Bruchteil der Wellenl\u00e4ngen des Lichts ausmacht. Die gesamte Wellenl\u00e4nge des Lichts reicht von Gammastrahlen (10-5 Nanometer) bis zu Radiowellen (1013 Nanometer). W\u00e4hrend Radiowellen tausende von Metern lang sein k\u00f6nnen, sind Gammastrahlen sehr kurz und k\u00f6nnen nicht vom menschlichen Auge erfasst werden.<\/p>\n<h3>Optisches Emissionsspektrometer (OES)<\/h3>\n<p style=\"text-align: justify;\">Optische Emissionsspektrometer (OES) beinhalten die Erzeugung elektrischer Energie in Form eines Funkens, der zwischen einer Elektrode und einer Metallprobe erzeugt wird. Infolgedessen werden die Atome, die verdampfen, in einen Zustand hoher Energie innerhalb des sogenannten Entladungsplasmas versetzt. Dann erzeugen diese angeregten Atome und Ionen innerhalb des Entladungsplasmas ein spezifisches Emissionsspektrum, das f\u00fcr jedes Element einzigartig ist. Ein einzelnes Element kann eine gro\u00dfe Anzahl charakteristischer Emissionsspektrallinien erzeugen.<\/p>\n<p style=\"text-align: justify;\">In anderen Worten, jedes durch die Entladung erzeugte Licht ist eine Sammlung von Spektrallinien, die von den Elementen in der Probe erzeugt werden. Dieses Licht kann durch ein Beugungsgitter geteilt werden. Dies wird durchgef\u00fchrt, um das Emissionsspektrum f\u00fcr Zielelemente abzuleiten. Die Konzentration des Elements in der Probe bestimmt die Intensit\u00e4t jedes Emissionsspektrums. Dabei wird elektrische Energie in Form eines erzeugten Funkens zwischen einer Elektrode und einer Metallprobe angelegt. Infolgedessen werden die Atome, die verdampfen, in einen Zustand hoher Energie innerhalb des sogenannten Entladungsplasmas versetzt. Dann erzeugen diese angeregten Atome und Ionen innerhalb des Entladungsplasmas ein spezifisches Emissionsspektrum, das f\u00fcr jedes Element einzigartig ist. Ein einzelnes Element kann eine gro\u00dfe Anzahl charakteristischer Emissionsspektrallinien erzeugen.<\/p>\n<h2>Kalkanc\u0131 Werkstoffanalyse<\/h2>\n<p style=\"text-align: justify;\">Die Werkstoffanalyse, die im Qualit\u00e4tskontrollprozess jedes modernen industriellen Produktionsunternehmens enthalten sein sollte, ist auch bei Kalkanc\u0131 ein wichtiger Kontrollschritt. Dieser Prozess, der f\u00fcr die Qualit\u00e4t und Zuverl\u00e4ssigkeit der Endprodukte unverzichtbar ist, enth\u00e4lt viele zus\u00e4tzliche Kontrollpunkte in Abh\u00e4ngigkeit von Morphologie, Gr\u00f6\u00dfe, Reinheit und Herstellungsverfahren.<\/p>\n<p style=\"text-align: justify;\">In unserem Labor werden Ger\u00e4te weltweit f\u00fchrender H\u00e4ndler eingesetzt. Mit Ger\u00e4ten von Marken wie Spectromax, ZwickNikon, Affri und Mitutoyo erhalten wir beste Leistung und Bewertung und verwalten unsere Prozesse mit minimalen Betriebskosten.<\/p>\n<p style=\"text-align: justify;\">Wir verf\u00fcgen \u00fcber Ger\u00e4te wie Spektrometer f\u00fcr metallographische Analysen, Makroanalyse f\u00fcr H\u00e4rtemessung, Mikroskope f\u00fcr Oberfl\u00e4chenrauheit und Ger\u00e4te f\u00fcr Funktionskontrollen wie Schneiden, Polieren, und Zug-Druck-Biege-Tests. Dar\u00fcber hinaus werden in jeder Phase, vom Rohstoffeingang bis zur Produktausgangskontrolle, Rohstoff- und Produktkontrollen durchgef\u00fchrt.<\/p>\n<p>[\/vc_column_text][\/vc_column][\/vc_row]<\/p>\n<\/div>","protected":false},"excerpt":{"rendered":"<p>[vc_row padding_top_multiplier=&#8220;&#8220; padding_bottom_multiplier=&#8220;&#8220; margin_bottom=&#8220;40&#8243;][vc_column][vc_column_text]Die Werkstoffanalyse, bei der die Eigenschaften der herzustellenden Produkte und Werkstoffe, aus denen die Produkte hergestellt werden, analysiert und kontrolliert werden, konzentriert sich auf die physikalischen und chemischen Eigenschaften des zu verwendenden Werkstoffs. Wie wird Werkstoffanalyse durchgef\u00fchrt? Dieser Prozess wird mit hochtechnologischen Spektrometer-Ger\u00e4ten durchgef\u00fchrt. Ein Spektrometer ist eine Maschine, die verwendet wird, [&hellip;]<\/p>\n","protected":false},"author":1,"featured_media":0,"parent":1889,"menu_order":0,"comment_status":"closed","ping_status":"closed","template":"","meta":{"_seopress_robots_primary_cat":"","_seopress_titles_title":"Werkstoffanalyse \u2502Kalkanc\u0131 Druckguss und Werkzeugbau","_seopress_titles_desc":"Bei der Aluminiumgussformherstellung f\u00fchren wir unsere Analysen mit Ger\u00e4ten von Spectromax, Zwick Nikon, Affri und Mitutoyo durch.","_seopress_robots_index":"","footnotes":""},"class_list":["post-1847","page","type-page","status-publish","hentry"],"_links":{"self":[{"href":"https:\/\/kalkanci.com\/de\/wp-json\/wp\/v2\/pages\/1847","targetHints":{"allow":["GET"]}}],"collection":[{"href":"https:\/\/kalkanci.com\/de\/wp-json\/wp\/v2\/pages"}],"about":[{"href":"https:\/\/kalkanci.com\/de\/wp-json\/wp\/v2\/types\/page"}],"author":[{"embeddable":true,"href":"https:\/\/kalkanci.com\/de\/wp-json\/wp\/v2\/users\/1"}],"replies":[{"embeddable":true,"href":"https:\/\/kalkanci.com\/de\/wp-json\/wp\/v2\/comments?post=1847"}],"version-history":[{"count":0,"href":"https:\/\/kalkanci.com\/de\/wp-json\/wp\/v2\/pages\/1847\/revisions"}],"up":[{"embeddable":true,"href":"https:\/\/kalkanci.com\/de\/wp-json\/wp\/v2\/pages\/1889"}],"wp:attachment":[{"href":"https:\/\/kalkanci.com\/de\/wp-json\/wp\/v2\/media?parent=1847"}],"curies":[{"name":"wp","href":"https:\/\/api.w.org\/{rel}","templated":true}]}}