{"id":1856,"date":"2021-06-23T15:42:06","date_gmt":"2021-06-23T12:42:06","guid":{"rendered":"https:\/\/kalkanci.com\/kompressionstest\/"},"modified":"2021-06-26T13:48:23","modified_gmt":"2021-06-26T10:48:23","slug":"kompressionstest","status":"publish","type":"page","link":"https:\/\/kalkanci.com\/de\/qualitaet\/kompressionstest\/","title":{"rendered":"Kompressionstest"},"content":{"rendered":"<div class=\"wpb-content-wrapper\"><p>[vc_row padding_top_multiplier=&#8220;&#8220; padding_bottom_multiplier=&#8220;&#8220; margin_bottom=&#8220;40&#8243;][vc_column width=&#8220;1\/2&#8243;][vc_column_text]<img loading=\"lazy\" decoding=\"async\" class=\"aligncenter size-large wp-image-385\" src=\"https:\/\/kalkanci.com\/wp-content\/uploads\/2021\/04\/Basma-Cekme-Testi-02-1024x683.jpg\" alt=\"Kompressionstest\" width=\"1024\" height=\"683\" srcset=\"https:\/\/kalkanci.com\/wp-content\/uploads\/2021\/04\/Basma-Cekme-Testi-02-1024x683.jpg 1024w, https:\/\/kalkanci.com\/wp-content\/uploads\/2021\/04\/Basma-Cekme-Testi-02-300x200.jpg 300w, https:\/\/kalkanci.com\/wp-content\/uploads\/2021\/04\/Basma-Cekme-Testi-02-768x512.jpg 768w, https:\/\/kalkanci.com\/wp-content\/uploads\/2021\/04\/Basma-Cekme-Testi-02.jpg 1200w\" sizes=\"auto, (max-width: 1024px) 100vw, 1024px\" \/>[\/vc_column_text][\/vc_column][vc_column width=&#8220;1\/2&#8243;][vc_column_text]Die Standfestigkeitspr\u00fcfung wird verwendet, um zu bestimmen, wie ein Produkt oder Werkstoff beim Komprimieren, Zerkleinern oder Abflachen reagiert, indem Schl\u00fcsselparameter gemessen werden, die das Verhalten der Probe unter Druckbelastung bestimmen.<\/p>\n<p>Diese Grundparameter sind die Elastizit\u00e4tsgrenze, der Elastizit\u00e4tsmodul (diese k\u00f6nnen Druckanaloga aufweisen, obwohl sie meistens mit Zugtests verbunden sind) und die Druckfestigkeit, die ungef\u00e4hr der proportionalen Grenze f\u00fcr Werkstoffen entspricht und auch als Streckgrenze bezeichnet wird.[\/vc_column_text][\/vc_column][\/vc_row][vc_row padding_top_multiplier=&#8220;&#8220; padding_bottom_multiplier=&#8220;&#8220; margin_bottom=&#8220;40&#8243;][vc_column][vc_column_text]<\/p>\n<h2><strong>Standfestigkeitspr\u00fcfung<\/strong><\/h2>\n<p>Standfestigkeitspr\u00fcfungen k\u00f6nnen als Teil des Designprozesses, in der Produktionsumgebung oder in einem Qualit\u00e4tskontrolllabor durchgef\u00fchrt werden und werden f\u00fcr folgende Zwecke verwendet:<\/p>\n<ul>\n<li>Bewertung der Festigkeit der Komponenten. Zum Beispiel: Steuerschalter f\u00fcr die Automobilindustrie und Luft- und Raumfahrt, Druckfedern, B\u00e4lge, Tastaturen, Verpackungsdichtungen, PET-Beh\u00e4lter, PVC\/ABS-Rohre, Magnetspulen usw.<\/li>\n<li>Charakterisierung der Kompressionseigenschaften von Werkstoffen. Zum Beispiel: Schaum, Metall, PET und andere Kunststoffe und Gummi.<\/li>\n<li>Bewertung der Produktleistung. Zum Beispiel: die Ausdruckskraft einer Spritze oder die Last-Weg-Eigenschaften eines Tennisballs.<\/li>\n<\/ul>\n<p>[\/vc_column_text][\/vc_column][\/vc_row][vc_row padding_top_multiplier=&#8220;&#8220; padding_bottom_multiplier=&#8220;&#8220; margin_bottom=&#8220;40&#8243;][vc_column width=&#8220;1\/2&#8243;][vc_column_text]<\/p>\n<h3><strong>Was sind Arten der Standfestigkeitspr\u00fcfung?<\/strong><\/h3>\n<p>Arten der Standfestigkeitspr\u00fcfung sind wie folgt.<\/p>\n<ul>\n<li>Biegen \/ Verdrehen<\/li>\n<li>H\u00f6chstbelastung \/ Zerquetschung<\/li>\n<\/ul>\n<h3><strong>Was sind Vorteile der Standfestigkeitspr\u00fcfung?<\/strong><\/h3>\n<p>Die Standfestigkeitspr\u00fcfung liefert Daten zur Integrit\u00e4t und Sicherheit von Werkstoffen, Komponenten und Produkten und hilft Herstellern sicherzustellen, dass fertige Produkte zweckm\u00e4\u00dfig und von h\u00f6chster Qualit\u00e4t sind.<\/p>\n<p><strong>Die bei einer Standfestigkeitspr\u00fcfung erstellten Daten k\u00f6nnen wie folgt auf viele Weisen verwendet werden:<\/strong><\/p>\n<ul>\n<li>Zur Bestimmung der Lotqualit\u00e4t<\/li>\n<li>Zur Bestimmung der Konsistenz in der Produktion<\/li>\n<li>Hilfestellung beim Designprozess<\/li>\n<li>Reduzierung der Werkstoffkosten und Erreichung schlanker Produktionsziele<\/li>\n<li>Sicherstellung der Einhaltung internationaler und industrieller Standards<\/li>\n<\/ul>\n<p>[\/vc_column_text][\/vc_column][vc_column width=&#8220;1\/2&#8243;][vc_column_text]<img loading=\"lazy\" decoding=\"async\" class=\"aligncenter size-large wp-image-391\" src=\"https:\/\/kalkanci.com\/wp-content\/uploads\/2021\/04\/Basma-Cekme-Testi-05-756x1024.jpg\" alt=\"Kompressionstest\" width=\"756\" height=\"1024\" srcset=\"https:\/\/kalkanci.com\/wp-content\/uploads\/2021\/04\/Basma-Cekme-Testi-05-756x1024.jpg 756w, https:\/\/kalkanci.com\/wp-content\/uploads\/2021\/04\/Basma-Cekme-Testi-05-222x300.jpg 222w, https:\/\/kalkanci.com\/wp-content\/uploads\/2021\/04\/Basma-Cekme-Testi-05-768x1040.jpg 768w, https:\/\/kalkanci.com\/wp-content\/uploads\/2021\/04\/Basma-Cekme-Testi-05.jpg 960w\" sizes=\"auto, (max-width: 756px) 100vw, 756px\" \/>[\/vc_column_text][\/vc_column][\/vc_row][vc_row padding_top_multiplier=&#8220;&#8220; padding_bottom_multiplier=&#8220;&#8220; margin_bottom=&#8220;40&#8243;][vc_column width=&#8220;1\/2&#8243;][vc_column_text]<\/p>\n<h3><strong>Werkstoffen, die Druck ausgesetzt sind<\/strong><\/h3>\n<p>Einige Werkstoffe, die einer Druckkraft ausgesetzt werden, zeigen zun\u00e4chst eine lineare Beziehung zwischen Spannung und Dehnung. Dies ist die physische Manifestation des Hookeschen Gesetzes und dr\u00fcckt folgendes aus:<\/p>\n<p><strong>E = Spannung(en) \/ Dehnung(en)<\/strong><\/p>\n<p>E ist als Youngscher Kompressionsmodul bekannt. Dieser Wert gibt an, wie stark sich der Werkstoff unter der aufgebrachten Druckbelastung verformt, bevor eine plastische Verformung auftritt. Die F\u00e4higkeit eines Werkstoffs, nach einer Verformung in seine urspr\u00fcngliche Form zur\u00fcckzukehren, wird als Elastizit\u00e4t bezeichnet.<\/p>\n<p>Beispielsweise wird vulkanisierter Kautschuk als sehr elastisch bezeichnet, da er wieder in seine urspr\u00fcngliche Form zur\u00fcckkehrt nachdem er einer erheblichen Druckkraft ausgesetzt wurde.[\/vc_column_text][\/vc_column][vc_column width=&#8220;1\/2&#8243;][vc_column_text]Wenn eine bestimmte Kraft- oder Spannungsschwelle erreicht ist, tritt eine bleibende oder plastische Verformung auf und wird in Diagrammen als der Punkt angezeigt, an dem das lineare Verhalten aufh\u00f6rt.<\/p>\n<p>Diese Schwelle ist als Proportionalit\u00e4tsgrenze bekannt, und die Kraft, bei der der Werkstoff dieses Verhalten zu zeigen beginnt, wird als Streckgrenze bezeichnet. Ein Werkstoff zeigt dann eines von zwei Verhalten: er wird sich entweder weiter verformen, bis er schlie\u00dflich bricht, oder er wird sich verformen, bis er flach ist. In beiden F\u00e4llen gibt es eine maximale Spannung oder Kraft, die den endg\u00fcltigen Druckfestigkeitswert liefert.<\/p>\n<p>Jeder dieser Parameter liefert n\u00fctzliche Informationen zu den physikalischen Eigenschaften des betreffenden Werkstoffs.<\/p>\n<p>Einige Werkstoffe, wie z. B. PET-Flaschen, verformen sich w\u00e4hrend eines Kompressionstests und werden anhand des Defektgrades gemessen, w\u00e4hrend andere br\u00fcchige Werkstoffe wie Keramik einen pr\u00e4zisen Druckfestigkeitswert erzeugen.[\/vc_column_text][\/vc_column][\/vc_row][vc_row padding_top_multiplier=&#8220;&#8220; padding_bottom_multiplier=&#8220;&#8220; margin_bottom=&#8220;40&#8243;][vc_column width=&#8220;1\/2&#8243;][vc_column_text]<\/p>\n<h2><strong>Anwendungen der Standfestigkeitspr\u00fcfung<\/strong><\/h2>\n<p>Standfestigkeitspr\u00fcfungen werden angewendet, um die Qualit\u00e4t von Bauteilen, Werkstoffen und Fertigprodukten in einer Vielzahl von Sektoren zu gew\u00e4hrleisten. Typische Standfestigkeitspr\u00fcfungsanwendungen werden in den folgenden Sektoren hervorgehoben:<\/p>\n<ul>\n<li>Luftfahr- und Automobilindustrie<\/li>\n<li>Bauindustrie<\/li>\n<li>Kosmetikindustrie<\/li>\n<li>Elektrik- und Elektronikindustrie<\/li>\n<li>Medizinprodukteindustrie<\/li>\n<li>Verpackungsindustrie<\/li>\n<li>Papier- und Kartonindustrie<\/li>\n<li>Kunststoff-, Gummi- und Elastomerindustrie<\/li>\n<li>Sicherheit-, Gesundheits- und Fitnessindustrie<\/li>\n<\/ul>\n<p>[\/vc_column_text][\/vc_column][vc_column width=&#8220;1\/2&#8243;][vc_column_text]<\/p>\n<h3><strong>KALKANCI Standfestigkeitspr\u00fcfung<\/strong><\/h3>\n<p>Als Kalkanc\u0131 unterziehen wir unsere Produkte den h\u00e4rtesten Tests und testen diese st\u00e4ndig, um sie so langlebig wie m\u00f6glich zu machen. Als Kalkanc\u0131 sind wir stolz auf unsere Produkte, die selbst h\u00e4rteste Tests wie die Standfestigkeitspr\u00fcfung bestehen.[\/vc_column_text][vc_column_text css=&#8220;.vc_custom_1617367392843{margin-top: 40px !important;}&#8220;]<img loading=\"lazy\" decoding=\"async\" class=\"aligncenter size-large wp-image-393\" src=\"https:\/\/kalkanci.com\/wp-content\/uploads\/2021\/04\/Basma-Cekme-Testi-06-1024x683.jpg\" alt=\"BStandfestigkeitspr\u00fcfung\" width=\"1024\" height=\"683\" srcset=\"https:\/\/kalkanci.com\/wp-content\/uploads\/2021\/04\/Basma-Cekme-Testi-06-1024x683.jpg 1024w, https:\/\/kalkanci.com\/wp-content\/uploads\/2021\/04\/Basma-Cekme-Testi-06-300x200.jpg 300w, https:\/\/kalkanci.com\/wp-content\/uploads\/2021\/04\/Basma-Cekme-Testi-06-768x512.jpg 768w, https:\/\/kalkanci.com\/wp-content\/uploads\/2021\/04\/Basma-Cekme-Testi-06.jpg 1200w\" sizes=\"auto, (max-width: 1024px) 100vw, 1024px\" \/>[\/vc_column_text][\/vc_column][\/vc_row]<\/p>\n<\/div>","protected":false},"excerpt":{"rendered":"<p>[vc_row padding_top_multiplier=&#8220;&#8220; padding_bottom_multiplier=&#8220;&#8220; margin_bottom=&#8220;40&#8243;][vc_column width=&#8220;1\/2&#8243;][vc_column_text][\/vc_column_text][\/vc_column][vc_column width=&#8220;1\/2&#8243;][vc_column_text]Die Standfestigkeitspr\u00fcfung wird verwendet, um zu bestimmen, wie ein Produkt oder Werkstoff beim Komprimieren, Zerkleinern oder Abflachen reagiert, indem Schl\u00fcsselparameter gemessen werden, die das Verhalten der Probe unter Druckbelastung bestimmen. Diese Grundparameter sind die Elastizit\u00e4tsgrenze, der Elastizit\u00e4tsmodul (diese k\u00f6nnen Druckanaloga aufweisen, obwohl sie meistens mit Zugtests verbunden sind) und die [&hellip;]<\/p>\n","protected":false},"author":1,"featured_media":0,"parent":1889,"menu_order":0,"comment_status":"closed","ping_status":"closed","template":"","meta":{"_seopress_robots_primary_cat":"","_seopress_titles_title":"Kompressionstest | Kalkanc\u0131 Druckguss und Werkzeugbau","_seopress_titles_desc":"Wir setzen unsere Produkte w\u00e4hrend des Produktionsprozesses von Aluminium Druckguss, Formenbau harten Bedingungen aus und bieten Kompressionstest kontrollen an","_seopress_robots_index":"","footnotes":""},"class_list":["post-1856","page","type-page","status-publish","hentry"],"_links":{"self":[{"href":"https:\/\/kalkanci.com\/de\/wp-json\/wp\/v2\/pages\/1856","targetHints":{"allow":["GET"]}}],"collection":[{"href":"https:\/\/kalkanci.com\/de\/wp-json\/wp\/v2\/pages"}],"about":[{"href":"https:\/\/kalkanci.com\/de\/wp-json\/wp\/v2\/types\/page"}],"author":[{"embeddable":true,"href":"https:\/\/kalkanci.com\/de\/wp-json\/wp\/v2\/users\/1"}],"replies":[{"embeddable":true,"href":"https:\/\/kalkanci.com\/de\/wp-json\/wp\/v2\/comments?post=1856"}],"version-history":[{"count":0,"href":"https:\/\/kalkanci.com\/de\/wp-json\/wp\/v2\/pages\/1856\/revisions"}],"up":[{"embeddable":true,"href":"https:\/\/kalkanci.com\/de\/wp-json\/wp\/v2\/pages\/1889"}],"wp:attachment":[{"href":"https:\/\/kalkanci.com\/de\/wp-json\/wp\/v2\/media?parent=1856"}],"curies":[{"name":"wp","href":"https:\/\/api.w.org\/{rel}","templated":true}]}}