{"id":1871,"date":"2021-06-23T15:48:20","date_gmt":"2021-06-23T12:48:20","guid":{"rendered":"https:\/\/kalkanci.com\/cmm-test\/"},"modified":"2021-06-26T13:49:01","modified_gmt":"2021-06-26T10:49:01","slug":"cmm-test","status":"publish","type":"page","link":"https:\/\/kalkanci.com\/de\/qualitaet\/cmm-test\/","title":{"rendered":"CMM-Test"},"content":{"rendered":"<div class=\"wpb-content-wrapper\"><p>[vc_row padding_top_multiplier=&#8220;&#8220; padding_bottom_multiplier=&#8220;&#8220; margin_bottom=&#8220;40&#8243;][vc_column width=&#8220;1\/2&#8243;][vc_column_text css=&#8220;.vc_custom_1617535522842{margin-top: 10px !important;}&#8220;]<img loading=\"lazy\" decoding=\"async\" class=\"aligncenter size-large wp-image-498\" src=\"https:\/\/kalkanci.com\/wp-content\/uploads\/2021\/04\/CMM-Testi-05-1024x683.jpg\" alt=\"CMM-Test\" width=\"1024\" height=\"683\" srcset=\"https:\/\/kalkanci.com\/wp-content\/uploads\/2021\/04\/CMM-Testi-05-1024x683.jpg 1024w, https:\/\/kalkanci.com\/wp-content\/uploads\/2021\/04\/CMM-Testi-05-300x200.jpg 300w, https:\/\/kalkanci.com\/wp-content\/uploads\/2021\/04\/CMM-Testi-05-768x512.jpg 768w, https:\/\/kalkanci.com\/wp-content\/uploads\/2021\/04\/CMM-Testi-05.jpg 1200w\" sizes=\"auto, (max-width: 1024px) 100vw, 1024px\" \/>[\/vc_column_text][\/vc_column][vc_column width=&#8220;1\/2&#8243;][vc_column_text]<strong>CMM<\/strong>, ist Abk\u00fcrzung f\u00fcr <strong>Coordinate Measuring Machine<\/strong>, was \u201eKoordinatenmessger\u00e4t\u201d auf Deutsch bedeutet. CMM ist ein Ger\u00e4t zum Messen der physikalischen geometrischen Eigenschaften eines Objekts. Die Ma\u00dfpr\u00fcfung wird in der Prozesssteuerung verwendet und legt die Parameter der Ergebnisse fest. Der Herstellungsprozess zur Erzielung der gew\u00fcnschten Ergebnisse, wird typischerweise mit einer computergesteuerten Koordinatenmessmaschine durchgef\u00fchrt. Oder es wird eine die CMM-Sonde, ein sehr pr\u00e4zises mechanisches System zum Bewegen einer Messung, verwendet, um die Koordinaten von Punkten auf einer Werkst\u00fcckoberfl\u00e4che zu bestimmen. Eine CMM-Maschine besteht aus den folgenden Teilen:[\/vc_column_text][\/vc_column][\/vc_row][vc_row padding_top_multiplier=&#8220;&#8220; padding_bottom_multiplier=&#8220;&#8220; margin_bottom=&#8220;40&#8243;][vc_column][vc_column_text]<\/p>\n<ul>\n<li>Ein Arbeitsbereich, in dem Teile befestigt werden, ein Sensor zum Erkennen von Teileoberfl\u00e4chen und eine mechanische Baugruppe zum Bewegen eines Teilesensors im Arbeitsbereich<\/li>\n<li>Computermessungen mit Software zur Berechnung der Teilegr\u00f6\u00dfen nach Sensor<\/li>\n<\/ul>\n<p>[\/vc_column_text][\/vc_column][\/vc_row][vc_row padding_top_multiplier=&#8220;&#8220; padding_bottom_multiplier=&#8220;&#8220; margin_bottom=&#8220;40&#8243;][vc_column]<div class=\"eut-element eut-gallery eut-isotope eut-gallery-popup eut-with-gap\" style=\"\" data-columns=\"3\" data-columns-large-screen=\"3\" data-columns-tablet-landscape=\"3\" data-columns-tablet-portrait=\"3\" data-columns-mobile=\"1\" data-layout=\"fitRows\" data-gutter-size=\"20\">  <div class=\"eut-isotope-container\"><div class=\"eut-isotope-item eut-hover-item eut-hover-style-none\"><div class=\"eut-isotope-item-inner eut-zoom-in\">  <figure class=\"eut-image-hover\">    <a class=\"eut-item-url\" href=\"https:\/\/kalkanci.com\/wp-content\/uploads\/2021\/04\/CMM-Testi-04.jpg\" ><\/a>    <div class=\"eut-hover-overlay eut-bg-blue eut-opacity-30\"><\/div><div class=\"eut-media\"><img loading=\"lazy\" decoding=\"async\" width=\"840\" height=\"800\" src=\"https:\/\/kalkanci.com\/wp-content\/uploads\/2021\/04\/CMM-Testi-04-840x800.jpg\" class=\"attachment-fildisi-eutf-medium-rect-vertical size-fildisi-eutf-medium-rect-vertical\" alt=\"CMM Testi\" \/><\/div>  <\/figure><\/div><\/div><div class=\"eut-isotope-item eut-hover-item eut-hover-style-none\"><div class=\"eut-isotope-item-inner eut-zoom-in\">  <figure class=\"eut-image-hover\">    <a class=\"eut-item-url\" href=\"https:\/\/kalkanci.com\/wp-content\/uploads\/2021\/04\/CMM-Testi-03.jpg\" ><\/a>    <div class=\"eut-hover-overlay eut-bg-blue eut-opacity-30\"><\/div><div class=\"eut-media\"><img loading=\"lazy\" decoding=\"async\" width=\"840\" height=\"800\" src=\"https:\/\/kalkanci.com\/wp-content\/uploads\/2021\/04\/CMM-Testi-03-840x800.jpg\" class=\"attachment-fildisi-eutf-medium-rect-vertical size-fildisi-eutf-medium-rect-vertical\" alt=\"CMM Testi\" \/><\/div>  <\/figure><\/div><\/div><div class=\"eut-isotope-item eut-hover-item eut-hover-style-none\"><div class=\"eut-isotope-item-inner eut-zoom-in\">  <figure class=\"eut-image-hover\">    <a class=\"eut-item-url\" href=\"https:\/\/kalkanci.com\/wp-content\/uploads\/2021\/04\/CMM-Testi-02.jpg\" ><\/a>    <div class=\"eut-hover-overlay eut-bg-blue eut-opacity-30\"><\/div><div class=\"eut-media\"><img loading=\"lazy\" decoding=\"async\" width=\"840\" height=\"800\" src=\"https:\/\/kalkanci.com\/wp-content\/uploads\/2021\/04\/CMM-Testi-02-840x800.jpg\" class=\"attachment-fildisi-eutf-medium-rect-vertical size-fildisi-eutf-medium-rect-vertical\" alt=\"CMM Testi\" \/><\/div>  <\/figure><\/div><\/div>  <\/div><\/div>[\/vc_column][\/vc_row][vc_row padding_top_multiplier=&#8220;&#8220; padding_bottom_multiplier=&#8220;&#8220; margin_bottom=&#8220;40&#8243;][vc_column width=&#8220;1\/2&#8243;][vc_column_text]<\/p>\n<h2>Wie funktioniert CMM?<\/h2>\n<p>Koordinatenmessmaschinen, auch CMM genannt, werden in der Regel verwendet, um die Abmessungen von gefertigten Teilen bei der Darstellung von aerodynamischen und h\u00e4ufig automatisierten manuellen QC-Steuerungen zu \u00fcberpr\u00fcfen, die mit herk\u00f6mmlichen Messinstrumenten wie Mikrometern und H\u00f6henmessger\u00e4ten durchgef\u00fchrt werden. Es gibt verschiedene Arten von CMMs, aber alle verwenden im Wesentlichen Rubinstifte oder \u00e4hnliche Spitzenstifte oder Laser oder \u00e4hnliche ber\u00fchrungslose Sonden. Diese bewegen sich um das Teil herum und nehmen die Koordinaten von Oberfl\u00e4chen und Merkmalen w\u00e4hrend der Bewegung auf. Diese werden dann mit der CAD-Datei verglichen, die f\u00fcr das Teil entworfen wurde. CMMs k\u00f6nnen manuell oder vollautomatisch sein.<\/p>\n<p>Die Dimensionsf\u00e4higkeiten von CMMs umfassen im Allgemeinen Position, Rundheit, Rechtwinkligkeit, Parallelit\u00e4t, Ebenheit, Winkligkeit, Oberfl\u00e4chenprofil, Linienprofil, Symmetrie, Konzentrizit\u00e4t, Linearit\u00e4t und Datenquantisierung.[\/vc_column_text][\/vc_column][vc_column width=&#8220;1\/2&#8243;][vc_column_text]<strong>In welchen Sektoren werden CMM Messungenben\u00f6tigt?<\/strong><\/p>\n<p>Das Messen der physikalischen geometrischen Eigenschaften eines Objekts erm\u00f6glicht den Vergleich mit genehmigten Produkteigenschaften. Die Bewertungen umfassen die Bewertung der ersten Teile und Messungen des kritischen Dimensionsprofils. Feststellen, ob Produkte vor der Produktion und\/oder dem Versand den Spezifikationsanforderungen entsprechen kann kostspielige Nacharbeiten und Verz\u00f6gerungen reduzieren.<\/p>\n<p>Wie bereits gesagt, CMM Messungen k\u00f6nnen vor-Ort oder innerhalb des Unternehmens gemacht werden. Genauigkeit ist ein wichtiger Faktor bei CMM-Messung daher bevorzugen viele Kunden die Zusammenarbeit mit Dritten, anstatt Ger\u00e4te zu verwenden, die m\u00f6glicherweise im Werk installiert sind. Maschinen selbst unterscheiden sich in Bezug auf Genauigkeit, aber ebenso wichtig sind die Erfahrung und das K\u00f6nnen des Bedieners.[\/vc_column_text][\/vc_column][\/vc_row][vc_row padding_top_multiplier=&#8220;&#8220; padding_bottom_multiplier=&#8220;&#8220; margin_bottom=&#8220;40&#8243;][vc_column][vc_column_text]<\/p>\n<h3>Kalkanc\u0131 CMM Messung<\/h3>\n<p style=\"text-align: justify;\">CMM Messungen, die in nahezu allen Bereichen der industriellen Produktion eingesetzt werden und f\u00fcr die Endkontrolle der Endprodukte von gro\u00dfer Bedeutung sind, spielen eine wichtige Rolle in der Qualit\u00e4tskontrolle. CMM, eine der praktischsten und bekanntesten Steuerungsmethoden, ist auch im Hinblick auf eine hochpr\u00e4zise Steuerung von gro\u00dfer Bedeutung. Um unseren gesch\u00e4tzten Kunden das Beste zu bieten, geh\u00f6ren Messungen an der drei dimensionalen Messgeraetenebenfalls zu den Qualit\u00e4tskontrollprozessen der Marke Kalkanc\u0131.In h\u00f6chster Pr\u00e4zision k\u00f6nnen wir mit der CMM Messung eine hohe Genauigkeit \u00fcber das gesamte Messvolumen der komplexen Objekte bieten.<\/p>\n<p style=\"text-align: justify;\">Unser Labor verf\u00fcgt \u00fcber 3 verschiedene CMM Maschinen der Marken <strong>ZEISS<\/strong>, <strong>Mahr <\/strong>und <strong>Mora<\/strong>. Diese Ger\u00e4te, die die Projekt- und Massenproduktionsteile akribisch und schnell messen, messen mit gro\u00dfem Erfolg die physikalischen geometrischen Eigenschaften der Produkte. Au\u00dferdem haben die gut entworfene Software, benutzerfreundliche Schnittstellen und Best\u00e4ndigkeit der Maschinen die Auswahl von Kalkanc\u0131 beeinflusst.<\/p>\n<p>[\/vc_column_text][\/vc_column][\/vc_row]<\/p>\n<\/div>","protected":false},"excerpt":{"rendered":"<p>[vc_row padding_top_multiplier=&#8220;&#8220; padding_bottom_multiplier=&#8220;&#8220; margin_bottom=&#8220;40&#8243;][vc_column width=&#8220;1\/2&#8243;][vc_column_text css=&#8220;.vc_custom_1617535522842{margin-top: 10px !important;}&#8220;][\/vc_column_text][\/vc_column][vc_column width=&#8220;1\/2&#8243;][vc_column_text]CMM, ist Abk\u00fcrzung f\u00fcr Coordinate Measuring Machine, was \u201eKoordinatenmessger\u00e4t\u201d auf Deutsch bedeutet. CMM ist ein Ger\u00e4t zum Messen der physikalischen geometrischen Eigenschaften eines Objekts. Die Ma\u00dfpr\u00fcfung wird in der Prozesssteuerung verwendet und legt die Parameter der Ergebnisse fest. Der Herstellungsprozess zur Erzielung der gew\u00fcnschten Ergebnisse, wird typischerweise [&hellip;]<\/p>\n","protected":false},"author":1,"featured_media":0,"parent":1889,"menu_order":0,"comment_status":"closed","ping_status":"closed","template":"","meta":{"_seopress_robots_primary_cat":"","_seopress_titles_title":"CMM-Test \u2502Kalkanc\u0131 Druckguss und Werkzeugbau","_seopress_titles_desc":"Wir bieten maximale Kontrolle mit der CMM-Messung, bei der wir unsere Aluminiumgussformen akribisch messen","_seopress_robots_index":"","footnotes":""},"class_list":["post-1871","page","type-page","status-publish","hentry"],"_links":{"self":[{"href":"https:\/\/kalkanci.com\/de\/wp-json\/wp\/v2\/pages\/1871","targetHints":{"allow":["GET"]}}],"collection":[{"href":"https:\/\/kalkanci.com\/de\/wp-json\/wp\/v2\/pages"}],"about":[{"href":"https:\/\/kalkanci.com\/de\/wp-json\/wp\/v2\/types\/page"}],"author":[{"embeddable":true,"href":"https:\/\/kalkanci.com\/de\/wp-json\/wp\/v2\/users\/1"}],"replies":[{"embeddable":true,"href":"https:\/\/kalkanci.com\/de\/wp-json\/wp\/v2\/comments?post=1871"}],"version-history":[{"count":0,"href":"https:\/\/kalkanci.com\/de\/wp-json\/wp\/v2\/pages\/1871\/revisions"}],"up":[{"embeddable":true,"href":"https:\/\/kalkanci.com\/de\/wp-json\/wp\/v2\/pages\/1889"}],"wp:attachment":[{"href":"https:\/\/kalkanci.com\/de\/wp-json\/wp\/v2\/media?parent=1871"}],"curies":[{"name":"wp","href":"https:\/\/api.w.org\/{rel}","templated":true}]}}