{"id":1889,"date":"2021-06-23T15:52:22","date_gmt":"2021-06-23T12:52:22","guid":{"rendered":"https:\/\/kalkanci.com\/qualitaet\/"},"modified":"2024-08-15T18:21:36","modified_gmt":"2024-08-15T15:21:36","slug":"qualitaet","status":"publish","type":"page","link":"https:\/\/kalkanci.com\/de\/qualitaet\/","title":{"rendered":"Qualit\u00e4t"},"content":{"rendered":"<div class=\"wpb-content-wrapper\"><p>[vc_row bg_type=&#8220;color&#8220; bg_color=&#8220;#f7f7f7&#8243;][vc_column]<div class=\"eut-empty-space eut-height-3x\" style=\"\"><\/div><h1 class=\"eut-element eut-title eut-align-center eut-h1\" style=\"\"><span>Qualit\u00e4t<\/span><\/h1>[\/vc_column][\/vc_row][vc_row bg_type=&#8220;color&#8220; bg_color=&#8220;#f0f0f0&#8243;][vc_column]<div class=\"eut-empty-space eut-height-1x\" style=\"\"><\/div>[vc_row_inner][vc_column_inner width=&#8220;1\/4&#8243;]<div class=\"eut-element eut-box eut-align-center\" style=\"\"><a href=\"https:\/\/kalkanci.com\/de\/qualitaet\/roentgenkontrolle\/\" title=\"R\u00f6ntgen Kontrolle\"><figure class=\"eut-image-hover eut-zoom-none\">\t<div class=\"eut-media\">\t\t<div class=\"eut-bg-light eut-hover-overlay eut-opacity-20\"><\/div><img loading=\"lazy\" decoding=\"async\" width=\"1200\" height=\"1200\" src=\"https:\/\/kalkanci.com\/wp-content\/uploads\/2024\/08\/X-Ray-Inspections-01.jpg\" class=\"attachment-full size-full\" alt=\"R\u00f6ntgen Kontrolle\" srcset=\"https:\/\/kalkanci.com\/wp-content\/uploads\/2024\/08\/X-Ray-Inspections-01.jpg 1200w, https:\/\/kalkanci.com\/wp-content\/uploads\/2024\/08\/X-Ray-Inspections-01-300x300.jpg 300w, https:\/\/kalkanci.com\/wp-content\/uploads\/2024\/08\/X-Ray-Inspections-01-1024x1024.jpg 1024w, https:\/\/kalkanci.com\/wp-content\/uploads\/2024\/08\/X-Ray-Inspections-01-150x150.jpg 150w, https:\/\/kalkanci.com\/wp-content\/uploads\/2024\/08\/X-Ray-Inspections-01-768x768.jpg 768w, https:\/\/kalkanci.com\/wp-content\/uploads\/2024\/08\/X-Ray-Inspections-01-560x560.jpg 560w, https:\/\/kalkanci.com\/wp-content\/uploads\/2024\/08\/X-Ray-Inspections-01-900x900.jpg 900w\" sizes=\"auto, (max-width: 1200px) 100vw, 1200px\" \/>\t<\/div><\/figure><\/a>  <div class=\"eut-box-content\"><a href=\"https:\/\/kalkanci.com\/de\/qualitaet\/roentgenkontrolle\/\" title=\"R\u00f6ntgen Kontrolle\"><h3 class=\"eut-box-title eut-h3\">R\u00f6ntgen Kontrolle<\/h3>    <\/a>    <p><\/p>  <\/div><\/div>[\/vc_column_inner][vc_column_inner width=&#8220;1\/4&#8243;]<div class=\"eut-element eut-box eut-align-center\" style=\"\"><a href=\"https:\/\/kalkanci.com\/de\/qualitaet\/kompressionstest\/\" title=\"Kompressions Test\"><figure class=\"eut-image-hover eut-zoom-none\">\t<div class=\"eut-media\">\t\t<div class=\"eut-bg-light eut-hover-overlay eut-opacity-20\"><\/div><img loading=\"lazy\" decoding=\"async\" width=\"1200\" height=\"1200\" src=\"https:\/\/kalkanci.com\/wp-content\/uploads\/2021\/04\/Basma-Cekme-Testi-08.jpg\" class=\"attachment-full size-full\" alt=\"Basma Testi\" srcset=\"https:\/\/kalkanci.com\/wp-content\/uploads\/2021\/04\/Basma-Cekme-Testi-08.jpg 1200w, https:\/\/kalkanci.com\/wp-content\/uploads\/2021\/04\/Basma-Cekme-Testi-08-300x300.jpg 300w, https:\/\/kalkanci.com\/wp-content\/uploads\/2021\/04\/Basma-Cekme-Testi-08-1024x1024.jpg 1024w, https:\/\/kalkanci.com\/wp-content\/uploads\/2021\/04\/Basma-Cekme-Testi-08-150x150.jpg 150w, https:\/\/kalkanci.com\/wp-content\/uploads\/2021\/04\/Basma-Cekme-Testi-08-768x768.jpg 768w, https:\/\/kalkanci.com\/wp-content\/uploads\/2021\/04\/Basma-Cekme-Testi-08-560x560.jpg 560w, https:\/\/kalkanci.com\/wp-content\/uploads\/2021\/04\/Basma-Cekme-Testi-08-900x900.jpg 900w\" sizes=\"auto, (max-width: 1200px) 100vw, 1200px\" \/>\t<\/div><\/figure><\/a>  <div class=\"eut-box-content\"><a href=\"https:\/\/kalkanci.com\/de\/qualitaet\/kompressionstest\/\" title=\"Kompressions Test\"><h3 class=\"eut-box-title eut-h3\">Kompressions Test<\/h3>    <\/a>    <p><\/p>  <\/div><\/div>[\/vc_column_inner][vc_column_inner width=&#8220;1\/4&#8243;]<div class=\"eut-element eut-box eut-align-center\" style=\"\"><a href=\"https:\/\/kalkanci.com\/de\/qualitaet\/werkstoffanalyse-spektrometer\/\" title=\"Werkstoffan Alyse\"><figure class=\"eut-image-hover eut-zoom-none\">\t<div class=\"eut-media\">\t\t<div class=\"eut-bg-light eut-hover-overlay eut-opacity-20\"><\/div><img loading=\"lazy\" decoding=\"async\" width=\"1200\" height=\"1200\" src=\"https:\/\/kalkanci.com\/wp-content\/uploads\/2021\/04\/Malzeme-Analizi-03.jpg\" class=\"attachment-full size-full\" alt=\"Malzeme Analizi\" srcset=\"https:\/\/kalkanci.com\/wp-content\/uploads\/2021\/04\/Malzeme-Analizi-03.jpg 1200w, https:\/\/kalkanci.com\/wp-content\/uploads\/2021\/04\/Malzeme-Analizi-03-300x300.jpg 300w, https:\/\/kalkanci.com\/wp-content\/uploads\/2021\/04\/Malzeme-Analizi-03-1024x1024.jpg 1024w, https:\/\/kalkanci.com\/wp-content\/uploads\/2021\/04\/Malzeme-Analizi-03-150x150.jpg 150w, https:\/\/kalkanci.com\/wp-content\/uploads\/2021\/04\/Malzeme-Analizi-03-768x768.jpg 768w, https:\/\/kalkanci.com\/wp-content\/uploads\/2021\/04\/Malzeme-Analizi-03-560x560.jpg 560w, https:\/\/kalkanci.com\/wp-content\/uploads\/2021\/04\/Malzeme-Analizi-03-900x900.jpg 900w\" sizes=\"auto, (max-width: 1200px) 100vw, 1200px\" \/>\t<\/div><\/figure><\/a>  <div class=\"eut-box-content\"><a href=\"https:\/\/kalkanci.com\/de\/qualitaet\/werkstoffanalyse-spektrometer\/\" title=\"Werkstoffan Alyse\"><h3 class=\"eut-box-title eut-h3\">Werkstoffan Alyse<\/h3>    <\/a>    <p><\/p>  <\/div><\/div>[\/vc_column_inner][vc_column_inner width=&#8220;1\/4&#8243;]<div class=\"eut-element eut-box eut-align-center\" style=\"\"><a href=\"https:\/\/kalkanci.com\/de\/qualitaet\/oberflaechenrauheit-test\/\" title=\"Rauheits Test\"><figure class=\"eut-image-hover eut-zoom-none\">\t<div class=\"eut-media\">\t\t<div class=\"eut-bg-light eut-hover-overlay eut-opacity-20\"><\/div><img loading=\"lazy\" decoding=\"async\" width=\"1200\" height=\"1200\" src=\"https:\/\/kalkanci.com\/wp-content\/uploads\/2021\/04\/Yuzey-Puruzluluk-Testi-04.jpg\" class=\"attachment-full size-full\" alt=\"P\u00fcr\u00fczl\u00fcl\u00fck Testi\" srcset=\"https:\/\/kalkanci.com\/wp-content\/uploads\/2021\/04\/Yuzey-Puruzluluk-Testi-04.jpg 1200w, https:\/\/kalkanci.com\/wp-content\/uploads\/2021\/04\/Yuzey-Puruzluluk-Testi-04-300x300.jpg 300w, https:\/\/kalkanci.com\/wp-content\/uploads\/2021\/04\/Yuzey-Puruzluluk-Testi-04-1024x1024.jpg 1024w, https:\/\/kalkanci.com\/wp-content\/uploads\/2021\/04\/Yuzey-Puruzluluk-Testi-04-150x150.jpg 150w, https:\/\/kalkanci.com\/wp-content\/uploads\/2021\/04\/Yuzey-Puruzluluk-Testi-04-768x768.jpg 768w, https:\/\/kalkanci.com\/wp-content\/uploads\/2021\/04\/Yuzey-Puruzluluk-Testi-04-560x560.jpg 560w, https:\/\/kalkanci.com\/wp-content\/uploads\/2021\/04\/Yuzey-Puruzluluk-Testi-04-900x900.jpg 900w\" sizes=\"auto, (max-width: 1200px) 100vw, 1200px\" \/>\t<\/div><\/figure><\/a>  <div class=\"eut-box-content\"><a href=\"https:\/\/kalkanci.com\/de\/qualitaet\/oberflaechenrauheit-test\/\" title=\"Rauheits Test\"><h3 class=\"eut-box-title eut-h3\">Rauheits Test<\/h3>    <\/a>    <p><\/p>  <\/div><\/div>[\/vc_column_inner][\/vc_row_inner]<div class=\"eut-empty-space eut-height-1x\" style=\"\"><\/div>[vc_row_inner][vc_column_inner width=&#8220;1\/4&#8243;]<div class=\"eut-element eut-box eut-align-center\" style=\"\"><a href=\"https:\/\/kalkanci.com\/de\/qualitaet\/mikroskopische-analyse\/\" title=\"Mikroskopische Analyse\"><figure class=\"eut-image-hover eut-zoom-none\">\t<div class=\"eut-media\">\t\t<div class=\"eut-bg-light eut-hover-overlay eut-opacity-20\"><\/div><img loading=\"lazy\" decoding=\"async\" width=\"1200\" height=\"1200\" src=\"https:\/\/kalkanci.com\/wp-content\/uploads\/2021\/04\/Mikroskop-Testleri-03.jpg\" class=\"attachment-full size-full\" alt=\"Mikroskop Testleri\" srcset=\"https:\/\/kalkanci.com\/wp-content\/uploads\/2021\/04\/Mikroskop-Testleri-03.jpg 1200w, https:\/\/kalkanci.com\/wp-content\/uploads\/2021\/04\/Mikroskop-Testleri-03-300x300.jpg 300w, https:\/\/kalkanci.com\/wp-content\/uploads\/2021\/04\/Mikroskop-Testleri-03-1024x1024.jpg 1024w, https:\/\/kalkanci.com\/wp-content\/uploads\/2021\/04\/Mikroskop-Testleri-03-150x150.jpg 150w, https:\/\/kalkanci.com\/wp-content\/uploads\/2021\/04\/Mikroskop-Testleri-03-768x768.jpg 768w, https:\/\/kalkanci.com\/wp-content\/uploads\/2021\/04\/Mikroskop-Testleri-03-560x560.jpg 560w, https:\/\/kalkanci.com\/wp-content\/uploads\/2021\/04\/Mikroskop-Testleri-03-900x900.jpg 900w\" sizes=\"auto, (max-width: 1200px) 100vw, 1200px\" \/>\t<\/div><\/figure><\/a>  <div class=\"eut-box-content\"><a href=\"https:\/\/kalkanci.com\/de\/qualitaet\/mikroskopische-analyse\/\" title=\"Mikroskopische Analyse\"><h3 class=\"eut-box-title eut-h3\">Mikroskopische Analyse<\/h3>    <\/a>    <p><\/p>  <\/div><\/div>[\/vc_column_inner][vc_column_inner width=&#8220;1\/4&#8243;]<div class=\"eut-element eut-box eut-align-center\" style=\"\"><a href=\"https:\/\/kalkanci.com\/de\/qualitaet\/cmm-test\/\" title=\"CMM Test\"><figure class=\"eut-image-hover eut-zoom-none\">\t<div class=\"eut-media\">\t\t<div class=\"eut-bg-light eut-hover-overlay eut-opacity-20\"><\/div><img loading=\"lazy\" decoding=\"async\" width=\"1200\" height=\"1200\" src=\"https:\/\/kalkanci.com\/wp-content\/uploads\/2021\/04\/CMM-Testi-06.jpg\" class=\"attachment-full size-full\" alt=\"CMM Testi\" srcset=\"https:\/\/kalkanci.com\/wp-content\/uploads\/2021\/04\/CMM-Testi-06.jpg 1200w, https:\/\/kalkanci.com\/wp-content\/uploads\/2021\/04\/CMM-Testi-06-300x300.jpg 300w, https:\/\/kalkanci.com\/wp-content\/uploads\/2021\/04\/CMM-Testi-06-1024x1024.jpg 1024w, https:\/\/kalkanci.com\/wp-content\/uploads\/2021\/04\/CMM-Testi-06-150x150.jpg 150w, https:\/\/kalkanci.com\/wp-content\/uploads\/2021\/04\/CMM-Testi-06-768x768.jpg 768w, https:\/\/kalkanci.com\/wp-content\/uploads\/2021\/04\/CMM-Testi-06-560x560.jpg 560w, https:\/\/kalkanci.com\/wp-content\/uploads\/2021\/04\/CMM-Testi-06-900x900.jpg 900w\" sizes=\"auto, (max-width: 1200px) 100vw, 1200px\" \/>\t<\/div><\/figure><\/a>  <div class=\"eut-box-content\"><a href=\"https:\/\/kalkanci.com\/de\/qualitaet\/cmm-test\/\" title=\"CMM Test\"><h3 class=\"eut-box-title eut-h3\">CMM Test<\/h3>    <\/a>    <p><\/p>  <\/div><\/div>[\/vc_column_inner][vc_column_inner width=&#8220;1\/4&#8243;]<div class=\"eut-element eut-box eut-align-center\" style=\"\"><a href=\"https:\/\/kalkanci.com\/de\/qualitaet\/massstab-augenkontrolle\/\" title=\"Ma\u00dfstab \/ Augenkontrolle\"><figure class=\"eut-image-hover eut-zoom-none\">\t<div class=\"eut-media\">\t\t<div class=\"eut-bg-light eut-hover-overlay eut-opacity-20\"><\/div><img loading=\"lazy\" decoding=\"async\" width=\"1200\" height=\"1200\" src=\"https:\/\/kalkanci.com\/wp-content\/uploads\/2021\/04\/CMM-Testi-06.jpg\" class=\"attachment-full size-full\" alt=\"CMM Testi\" srcset=\"https:\/\/kalkanci.com\/wp-content\/uploads\/2021\/04\/CMM-Testi-06.jpg 1200w, https:\/\/kalkanci.com\/wp-content\/uploads\/2021\/04\/CMM-Testi-06-300x300.jpg 300w, https:\/\/kalkanci.com\/wp-content\/uploads\/2021\/04\/CMM-Testi-06-1024x1024.jpg 1024w, https:\/\/kalkanci.com\/wp-content\/uploads\/2021\/04\/CMM-Testi-06-150x150.jpg 150w, https:\/\/kalkanci.com\/wp-content\/uploads\/2021\/04\/CMM-Testi-06-768x768.jpg 768w, https:\/\/kalkanci.com\/wp-content\/uploads\/2021\/04\/CMM-Testi-06-560x560.jpg 560w, https:\/\/kalkanci.com\/wp-content\/uploads\/2021\/04\/CMM-Testi-06-900x900.jpg 900w\" sizes=\"auto, (max-width: 1200px) 100vw, 1200px\" \/>\t<\/div><\/figure><\/a>  <div class=\"eut-box-content\"><a href=\"https:\/\/kalkanci.com\/de\/qualitaet\/massstab-augenkontrolle\/\" title=\"Ma\u00dfstab \/ Augenkontrolle\"><h3 class=\"eut-box-title eut-h3\">Ma\u00dfstab \/ Augenkontrolle<\/h3>    <\/a>    <p><\/p>  <\/div><\/div>[\/vc_column_inner][vc_column_inner width=&#8220;1\/4&#8243;][\/vc_column_inner][\/vc_row_inner]<div class=\"eut-empty-space eut-height-1x\" style=\"\"><\/div>[\/vc_column][\/vc_row]<\/p>\n<\/div>","protected":false},"excerpt":{"rendered":"<p>[vc_row bg_type=&#8220;color&#8220; bg_color=&#8220;#f7f7f7&#8243;][vc_column][\/vc_column][\/vc_row][vc_row bg_type=&#8220;color&#8220; bg_color=&#8220;#f0f0f0&#8243;][vc_column][vc_row_inner][vc_column_inner width=&#8220;1\/4&#8243;][\/vc_column_inner][vc_column_inner width=&#8220;1\/4&#8243;][\/vc_column_inner][vc_column_inner width=&#8220;1\/4&#8243;][\/vc_column_inner][vc_column_inner width=&#8220;1\/4&#8243;][\/vc_column_inner][\/vc_row_inner][vc_row_inner][vc_column_inner width=&#8220;1\/4&#8243;][\/vc_column_inner][vc_column_inner width=&#8220;1\/4&#8243;][\/vc_column_inner][vc_column_inner width=&#8220;1\/4&#8243;][\/vc_column_inner][vc_column_inner width=&#8220;1\/4&#8243;][\/vc_column_inner][\/vc_row_inner][\/vc_column][\/vc_row]<\/p>\n","protected":false},"author":1,"featured_media":0,"parent":0,"menu_order":0,"comment_status":"closed","ping_status":"closed","template":"","meta":{"_seopress_robots_primary_cat":"","_seopress_titles_title":"Qualit\u00e4t | Kalkanc\u0131 Druckguss und Werkzeugbau","_seopress_titles_desc":"Im Rahmen unserer Qualit\u00e4tskontrollen f\u00fchren wir R\u00f6ntgenkontrolle, Kompressionstests, Materialanalyse, Oberfl\u00e4chenrauheitstest, mikroskopische Analysen, CMM-Messungen und Lehren-\/ Augenkontrollen durch","_seopress_robots_index":"","footnotes":""},"class_list":["post-1889","page","type-page","status-publish","hentry"],"_links":{"self":[{"href":"https:\/\/kalkanci.com\/de\/wp-json\/wp\/v2\/pages\/1889","targetHints":{"allow":["GET"]}}],"collection":[{"href":"https:\/\/kalkanci.com\/de\/wp-json\/wp\/v2\/pages"}],"about":[{"href":"https:\/\/kalkanci.com\/de\/wp-json\/wp\/v2\/types\/page"}],"author":[{"embeddable":true,"href":"https:\/\/kalkanci.com\/de\/wp-json\/wp\/v2\/users\/1"}],"replies":[{"embeddable":true,"href":"https:\/\/kalkanci.com\/de\/wp-json\/wp\/v2\/comments?post=1889"}],"version-history":[{"count":3,"href":"https:\/\/kalkanci.com\/de\/wp-json\/wp\/v2\/pages\/1889\/revisions"}],"predecessor-version":[{"id":3697,"href":"https:\/\/kalkanci.com\/de\/wp-json\/wp\/v2\/pages\/1889\/revisions\/3697"}],"wp:attachment":[{"href":"https:\/\/kalkanci.com\/de\/wp-json\/wp\/v2\/media?parent=1889"}],"curies":[{"name":"wp","href":"https:\/\/api.w.org\/{rel}","templated":true}]}}