{"id":3883,"date":"2025-03-11T19:24:22","date_gmt":"2025-03-11T16:24:22","guid":{"rendered":"https:\/\/kalkanci.com\/aluminium-druckguss-fuer-unterhaltungselektronik\/"},"modified":"2025-03-11T19:24:23","modified_gmt":"2025-03-11T16:24:23","slug":"aluminium-druckguss-fuer-unterhaltungselektronik","status":"publish","type":"page","link":"https:\/\/kalkanci.com\/de\/aluminium-druckguss-fuer-unterhaltungselektronik\/","title":{"rendered":"Aluminium-Druckguss f\u00fcr Unterhaltungselektronik"},"content":{"rendered":"<div class=\"wpb-content-wrapper\"><p>[vc_row padding_top_multiplier=&#8220;&#8220;][vc_column][vc_custom_heading text=&#8220;Aluminium-Druckgussl\u00f6sungen f\u00fcr Unterhaltungselektronik&#8220; use_theme_fonts=&#8220;yes&#8220; css=&#8220;&#8220;][vc_column_text css=&#8220;&#8220;]Bei <strong>Kalkanci<\/strong> bieten wir Aluminium-Druckgussdienstleistungen an, die speziell auf die dynamischen Anforderungen der Unterhaltungselektronikbranche zugeschnitten sind. Dank unserer Expertise und modernster Technologie produzieren wir leichte, langlebige und pr\u00e4zise gestaltete Komponenten f\u00fcr Ger\u00e4te wie Smartphones, Laptops, Spielekonsolen und Smart-Home-Anwendungen. Mit unserem Fokus auf Pr\u00e4zision und Qualit\u00e4t liefern wir Bauteile, die sowohl die Funktionalit\u00e4t als auch die \u00c4sthetik Ihrer Produkte verbessern.[\/vc_column_text][\/vc_column][\/vc_row][vc_row][vc_column][vc_custom_heading text=&#8220;Waru Aluminium-Druckguss f\u00fcr Unterhaltungselektronik?&#8220; font_container=&#8220;tag:h3|text_align:left&#8220; use_theme_fonts=&#8220;yes&#8220; css=&#8220;&#8220;][vc_column_text css=&#8220;&#8220;]Aluminium-Druckguss ist eine ideale Fertigungsl\u00f6sung f\u00fcr Unterhaltungselektronik dank seiner zahlreichen Vorteile:[\/vc_column_text][\/vc_column][\/vc_row][vc_row padding_top_multiplier=&#8220;&#8220;][vc_column width=&#8220;1\/3&#8243;][vc_column_text css=&#8220;&#8220;]<strong>Leicht, aber stabil:<\/strong> Aluminiumkomponenten bieten hohe Stabilit\u00e4t, ohne das Gewicht der Ger\u00e4te wesentlich zu erh\u00f6hen \u2013 ideal f\u00fcr tragbare Elektronik.[\/vc_column_text][\/vc_column][vc_column width=&#8220;1\/3&#8243;][vc_column_text css=&#8220;&#8220;]<strong>Leicht, aber stabil:<\/strong> Aluminiumkomponenten bieten hohe Stabilit\u00e4t, ohne das Gewicht der Ger\u00e4te wesentlich zu erh\u00f6hen \u2013 ideal f\u00fcr tragbare Elektronik.[\/vc_column_text][\/vc_column][vc_column width=&#8220;1\/3&#8243;][vc_column_text css=&#8220;&#8220;]<strong>Korrosionsbest\u00e4ndigkeit:<\/strong> Die nat\u00fcrliche Widerstandsf\u00e4higkeit von Aluminium gegen Rost und Umwelteinfl\u00fcsse gew\u00e4hrleistet eine lange Lebensdauer.[\/vc_column_text][\/vc_column][\/vc_row][vc_row padding_top_multiplier=&#8220;&#8220;][vc_column width=&#8220;1\/2&#8243;][vc_column_text css=&#8220;&#8220;]<strong>Pr\u00e4zision und Designflexibilit\u00e4t:<\/strong> Der Hochdruck-Druckguss erm\u00f6glicht komplexe Designs und enge Toleranzen, sodass sich die Komponenten nahtlos in elektronische Ger\u00e4te integrieren lassen.[\/vc_column_text][\/vc_column][vc_column width=&#8220;1\/2&#8243;][vc_column_text css=&#8220;&#8220;]<strong>Kosteneffizient f\u00fcr die Massenproduktion:<\/strong> Hochdruck-Druckguss ist ideal f\u00fcr die Serienfertigung und garantiert gleichbleibende Qualit\u00e4t bei reduzierten St\u00fcckkosten.[\/vc_column_text][\/vc_column][\/vc_row][vc_row][vc_column][vc_single_image image=&#8220;3873&#8243; img_size=&#8220;full&#8220; alignment=&#8220;center&#8220; css=&#8220;&#8220;][\/vc_column][\/vc_row][vc_row padding_top_multiplier=&#8220;&#8220;][vc_column][vc_custom_heading text=&#8220;Anwendungen von Aluminium-Druckguss in der Unterhaltungselektronik&#8220; use_theme_fonts=&#8220;yes&#8220; css=&#8220;&#8220;][vc_column_text css=&#8220;&#8220;]Unsere Aluminium-Druckguss-Expertise unterst\u00fctzt eine Vielzahl von Anwendungen in der Unterhaltungselektronik, darunter:[\/vc_column_text][\/vc_column][\/vc_row][vc_row padding_top_multiplier=&#8220;&#8220; padding_bottom_multiplier=&#8220;&#8220;][vc_column width=&#8220;1\/4&#8243;][vc_column_text css=&#8220;&#8220;]<\/p>\n<h4><strong>Smartphones und Tablets<\/strong><\/h4>\n<ul>\n<li>Interne Rahmen und Geh\u00e4use<\/li>\n<li>K\u00fchlk\u00f6rper<\/li>\n<li>Strukturelle Komponenten f\u00fcr erh\u00f6hte Haltbarkeit<\/li>\n<\/ul>\n<p>[\/vc_column_text][\/vc_column][vc_column width=&#8220;1\/4&#8243;][vc_column_text css=&#8220;&#8220;]<\/p>\n<h4><strong>Laptops und Spielekonsolen<\/strong><\/h4>\n<ul>\n<li>Geh\u00e4use und Chassis<\/li>\n<li>Komponenten f\u00fcr K\u00fchlsysteme<\/li>\n<li>Steckverbinder und Halterungen<\/li>\n<\/ul>\n<p>[\/vc_column_text][\/vc_column][vc_column width=&#8220;1\/4&#8243;][vc_column_text css=&#8220;&#8220;]<\/p>\n<h4><strong>Smart-Home-Ger\u00e4te<\/strong><\/h4>\n<ul>\n<li>Geh\u00e4use f\u00fcr smarte Lautsprecher und Displays<\/li>\n<li>Interne Strukturverst\u00e4rkungen<\/li>\n<li>W\u00e4rmeableitende Komponenten<\/li>\n<\/ul>\n<p>[\/vc_column_text][\/vc_column][vc_column width=&#8220;1\/4&#8243;][vc_column_text css=&#8220;&#8220;]<\/p>\n<h4><strong>Wearable Technology (Tragbare Technologie)<\/strong><\/h4>\n<ul>\n<li>Rahmen und Geh\u00e4use f\u00fcr Smartwatches<\/li>\n<li>Leichte und langlebige Strukturteile<\/li>\n<li>Hitzebest\u00e4ndige Komponenten<\/li>\n<\/ul>\n<p>[\/vc_column_text][\/vc_column][\/vc_row][vc_row padding_top_multiplier=&#8220;&#8220;][vc_column css=&#8220;.vc_custom_1741628333075{padding-right: 5% !important;padding-left: 5% !important;}&#8220;]<blockquote class=\"eut-element eut-animated-item eut-fade-in-up eut-duration-normal eut-align-center\" style=\"\" data-delay=\"200\"><p>Durch die Wahl von Kalkanci f\u00fcr Ihren Aluminium-Druckgussbedarf stellen Sie sicher, dass jede Komponente in Bezug auf Leistung, Haltbarkeit und Design optimiert ist.<\/p><\/blockquote>[\/vc_column][\/vc_row][vc_row][vc_column width=&#8220;1\/2&#8243;][vc_custom_heading text=&#8220;Unser Aluminium-Druckgussverfahren&#8220; font_container=&#8220;tag:h3|text_align:left&#8220; use_theme_fonts=&#8220;yes&#8220; css=&#8220;&#8220;][vc_column_text css=&#8220;&#8220;]Bei <strong>Kalkanci<\/strong> setzen wir fortschrittliche Hochdruck-Druckgusstechniken ein, um erstklassige Ergebnisse zu erzielen:<\/p>\n<ol>\n<li><strong>Design und Zusammenarbeit:<\/strong> Unser Team arbeitet eng mit unseren Kunden zusammen, um Komponenten zu entwickeln, die exakt den Spezifikationen entsprechen.<\/li>\n<li><strong>Druckguss:<\/strong> Mit modernster Ausr\u00fcstung fertigen wir Bauteile mit herausragender Oberfl\u00e4chenqualit\u00e4t und pr\u00e4zisen Toleranzen.<\/li>\n<li><strong>Nachbearbeitungsservices:<\/strong> Von Entgraten und Polieren bis hin zu speziellen Beschichtungen bieten wir eine breite Palette an Veredelungsdienstleistungen an, die den Anforderungen Ihres Produkts entsprechen.<\/li>\n<li><strong>Qualit\u00e4tssicherung:<\/strong> Jede Komponente durchl\u00e4uft strenge Qualit\u00e4tskontrollen, um die Einhaltung der Branchenstandards und Ihrer Erwartungen zu gew\u00e4hrleisten.<\/li>\n<\/ol>\n<p>[\/vc_column_text][\/vc_column][vc_column width=&#8220;1\/2&#8243;][vc_custom_heading text=&#8220;Warum mit Kalkanci zusammenarbeiten?&#8220; font_container=&#8220;tag:h3|text_align:left&#8220; use_theme_fonts=&#8220;yes&#8220; css=&#8220;&#8220;][vc_column_text css=&#8220;&#8220;]<\/p>\n<ul>\n<li><strong>Spezialisierte Expertise:<\/strong> Mit jahrelanger Erfahrung im Aluminium-Druckguss verstehen wir die einzigartigen Anforderungen der Unterhaltungselektronikbranche.<\/li>\n<li><strong>Individuelle L\u00f6sungen:<\/strong> Wir passen unsere Prozesse an, um Komponenten zu liefern, die perfekt auf die Funktionalit\u00e4t und das Design Ihrer Produkte abgestimmt sind.<\/li>\n<li><strong>Modernste Technologie:<\/strong> Unsere hochentwickelten Fertigungssysteme garantieren Pr\u00e4zision, Skalierbarkeit und Effizienz.<\/li>\n<li><strong>Nachhaltigkeitsengagement:<\/strong> Wir legen gro\u00dfen Wert auf umweltfreundliche Verfahren, verwenden recycelbares Aluminium und minimieren Abfall.<\/li>\n<li><strong>Zuverl\u00e4ssige Lieferung:<\/strong> Unsere optimierten Prozesse sorgen f\u00fcr p\u00fcnktliche Lieferungen und helfen Ihnen, Ihre Produktionszeitpl\u00e4ne einzuhalten.<\/li>\n<\/ul>\n<p>[\/vc_column_text][\/vc_column][\/vc_row][vc_row padding_top_multiplier=&#8220;&#8220;][vc_column][vc_custom_heading text=&#8220;Ihr Partner f\u00fcr Aluminium-Druckguss in der Unterhaltungselektronik&#8220; use_theme_fonts=&#8220;yes&#8220; css=&#8220;&#8220;][vc_column_text css=&#8220;&#8220;]Suchen Sie einen zuverl\u00e4ssigen Partner f\u00fcr Aluminium-Druckguss in der Unterhaltungselektronikbranche? Kalkanci bietet Hochdruck-Druckgussl\u00f6sungen, die die Qualit\u00e4t und Innovationskraft Ihrer Produkte steigern. Kontaktieren Sie uns noch heute, um Ihre Projektanforderungen zu besprechen und ein ma\u00dfgeschneidertes Angebot zu erhalten. Lassen Sie Kalkanci Ihre Vision mit pr\u00e4zise gefertigten Aluminiumkomponenten zum Leben erwecken.[\/vc_column_text][\/vc_column][\/vc_row]<\/p>\n<\/div>","protected":false},"excerpt":{"rendered":"<p>[vc_row padding_top_multiplier=&#8220;&#8220;][vc_column][vc_custom_heading text=&#8220;Aluminium-Druckgussl\u00f6sungen f\u00fcr Unterhaltungselektronik&#8220; use_theme_fonts=&#8220;yes&#8220; css=&#8220;&#8220;][vc_column_text css=&#8220;&#8220;]Bei Kalkanci bieten wir Aluminium-Druckgussdienstleistungen an, die speziell auf die dynamischen Anforderungen der Unterhaltungselektronikbranche zugeschnitten sind. Dank unserer Expertise und modernster Technologie produzieren wir leichte, langlebige und pr\u00e4zise gestaltete Komponenten f\u00fcr Ger\u00e4te wie Smartphones, Laptops, Spielekonsolen und Smart-Home-Anwendungen. Mit unserem Fokus auf Pr\u00e4zision und Qualit\u00e4t liefern wir Bauteile, [&hellip;]<\/p>\n","protected":false},"author":1,"featured_media":0,"parent":0,"menu_order":0,"comment_status":"closed","ping_status":"closed","template":"","meta":{"_seopress_robots_primary_cat":"","_seopress_titles_title":"Aluminium-Druckguss f\u00fcr Unterhaltungselektronik | KALKANCI","_seopress_titles_desc":"Aluminium-Druckguss f\u00fcr Unterhaltungselektronik, Aluminium-Druckgussl\u00f6sungen f\u00fcr Unterhaltungselektronik, Unser Aluminium-Druckgussverfahren.","_seopress_robots_index":"","footnotes":""},"class_list":["post-3883","page","type-page","status-publish","hentry"],"_links":{"self":[{"href":"https:\/\/kalkanci.com\/de\/wp-json\/wp\/v2\/pages\/3883","targetHints":{"allow":["GET"]}}],"collection":[{"href":"https:\/\/kalkanci.com\/de\/wp-json\/wp\/v2\/pages"}],"about":[{"href":"https:\/\/kalkanci.com\/de\/wp-json\/wp\/v2\/types\/page"}],"author":[{"embeddable":true,"href":"https:\/\/kalkanci.com\/de\/wp-json\/wp\/v2\/users\/1"}],"replies":[{"embeddable":true,"href":"https:\/\/kalkanci.com\/de\/wp-json\/wp\/v2\/comments?post=3883"}],"version-history":[{"count":3,"href":"https:\/\/kalkanci.com\/de\/wp-json\/wp\/v2\/pages\/3883\/revisions"}],"predecessor-version":[{"id":3886,"href":"https:\/\/kalkanci.com\/de\/wp-json\/wp\/v2\/pages\/3883\/revisions\/3886"}],"wp:attachment":[{"href":"https:\/\/kalkanci.com\/de\/wp-json\/wp\/v2\/media?parent=3883"}],"curies":[{"name":"wp","href":"https:\/\/api.w.org\/{rel}","templated":true}]}}