{"id":212,"date":"2021-03-29T17:09:50","date_gmt":"2021-03-29T14:09:50","guid":{"rendered":"http:\/\/kreabazsunum.com\/kalkanci\/?page_id=212"},"modified":"2026-02-25T13:23:36","modified_gmt":"2026-02-25T10:23:36","slug":"iletisim","status":"publish","type":"page","link":"https:\/\/kalkanci.com\/tr\/iletisim\/","title":{"rendered":"\u0130leti\u015fim"},"content":{"rendered":"<div class=\"wpb-content-wrapper\"><p>[vc_row bg_type=&#8221;color&#8221; bg_color=&#8221;#f7f7f7&#8243;][vc_column]<h1 class=\"eut-element eut-title eut-align-center eut-h1\" style=\"\"><span>Kalkanc\u0131 Pres D\u00f6k\u00fcm ve Kal\u0131p San. Tic. A.\u015e.<\/span><\/h1>[vc_row_inner css=&#8221;.vc_custom_1647860975010{padding-right: 5% !important;padding-left: 5% !important;}&#8221;][vc_column_inner width=&#8221;1\/3&#8243;]<div class=\"eut-element eut-box-icon eut-extra-small eut-side-icon eut-align-left\" style=\"\"><a href=\"mailto:info@kalkanci.com\" title=\"info@kalkanci.com\"><div class=\"eut-wrapper-icon eut-no-shape eut-text-grey\"><i class=\"eut-text-primary-1 entypo-icon entypo-icon-mail\"><\/i><\/div><div class=\"eut-box-content\">  <p class=\"\">info@kalkanci.com<\/p><\/div><\/a><\/div><div class=\"eut-element eut-box-icon eut-extra-small eut-side-icon eut-align-left\" style=\"\"><a href=\"mailto:info@kalkanci.com\" title=\"info@kalkanci.com\"><div class=\"eut-wrapper-icon eut-no-shape eut-text-grey\"><i class=\"eut-text-primary-1 entypo-icon entypo-icon-mail\"><\/i><\/div><div class=\"eut-box-content\">  <p class=\"\">etik@kalkanci.com<\/p><\/div><\/a><\/div>[\/vc_column_inner][vc_column_inner width=&#8221;1\/3&#8243;]<div class=\"eut-element eut-box-icon eut-extra-small eut-side-icon eut-align-left\" style=\"\"><a href=\"mailto:sales@kalkanci.com\" title=\"sales@kalkanci.com\" target=\"_blank\"><div class=\"eut-wrapper-icon eut-no-shape eut-text-grey\"><i class=\"eut-text-primary-1 entypo-icon entypo-icon-mail\"><\/i><\/div><div class=\"eut-box-content\">  <p class=\"\">sales@kalkanci.com<\/p><\/div><\/a><\/div>[\/vc_column_inner][vc_column_inner width=&#8221;1\/3&#8243;]<div class=\"eut-element eut-box-icon eut-extra-small eut-side-icon eut-align-left\" style=\"\"><a href=\"tel:+90%20216%20593%2007%2055\" title=\"+90 216 593 07 55\" target=\"_blank\"><div class=\"eut-wrapper-icon eut-no-shape eut-text-grey\"><i class=\"eut-text-primary-1 entypo-icon entypo-icon-phone\"><\/i><\/div><div class=\"eut-box-content\">  <p class=\"\">+90 216 593 07 55<\/p><\/div><\/a><\/div>[\/vc_column_inner][\/vc_row_inner][\/vc_column][\/vc_row][vc_row padding_top_multiplier=&#8221;custom&#8221; padding_bottom_multiplier=&#8221;&#8221; padding_top=&#8221;15px&#8221;][vc_column]<h3 class=\"eut-element eut-title eut-align-center eut-h3\" style=\"\"><span><br>\n<p style=\"text-align: center;\">ITOSB (Istanbul Tuzla OSB) Recep Bilal Hanci Cad. No:17 Tepe\u00f6ren TUZLA &#8211; ISTANBUL<br>\n<\/span><\/h3><div class=\"eut-empty-space\" style=\"height: 10px;\"><\/div>[vc_row_inner][vc_column_inner width=&#8221;1\/2&#8243;][vc_column_text]<iframe loading=\"lazy\" style=\"border: 0;\" src=\"https:\/\/www.google.com\/maps\/embed?pb=!1m18!1m12!1m3!1d3016.5444731185353!2d29.407982315364325!3d40.88186997931373!2m3!1f0!2f0!3f0!3m2!1i1024!2i768!4f13.1!3m3!1m2!1s0x14cadb9d00d37d91%3A0x4a2a487d20e100ad!2zS2Fsa2FuY8SxIFByZXMgRMO2a8O8bQ!5e0!3m2!1str!2str!4v1617030023041!5m2!1str!2str\" width=\"100%\" height=\"450\" allowfullscreen=\"allowfullscreen\"><\/iframe>[\/vc_column_text][\/vc_column_inner][vc_column_inner width=&#8221;1\/2&#8243;][vc_column_text css=&#8221;&#8221;]<\/p>\n<h4><strong>\u0130leti\u015fim Formu<\/strong><\/h4>\n<p>[\/vc_column_text][vc_column_text css=&#8221;&#8221;]<style type=\"text\/css\">.super-form:not(.super-initialized) *:not(.super-load-icon) { visibility: hidden !important; }<\/style><div id=\"super-form-4114\" style=\"margin:0px 0px 0px 0px;\" class=\"super-form super-form-4114  super-default-squared super-field-size-medium super-adaptive\" data-hide=\"true\" data-overlay=\"true\" data-field-size=\"medium\"><span class=\"super-load-icon\"><\/span><form tabindex=\"0\" autocomplete=\"on\" enctype=\"multipart\/form-data\"><input type=\"hidden\" name=\"sf_nonce\" value=\"\" \/><input type=\"text\" name=\"super_hp\" size=\"25\" value=\"\" \/><div class=\"super-shortcode super-field super-hidden\"><input class=\"super-shortcode-field\" type=\"hidden\" value=\"4114\" name=\"hidden_form_id\" \/><\/div><div class=\"super-grid super-shortcode\"><div class=\"super-shortcode super_one_half super-column grid-level-0 column-number-1 first-column \"><div class=\"super-shortcode super-field super-text   super-ungrouped  \"><div class=\"super-field-wrapper \"><input tabindex=\"-1\" class=\"super-shortcode-field\" type=\"text\" name=\"Name_Surname\" data-oname=\"Name_Surname\" data-validation=\"empty\" data-email=\"Name Surname\" data-exclude=\"0\" data-absolute-default=\"\" data-default-value=\"\" \/><span class=\"super-adaptive-placeholder\" data-placeholder=\"Ad Soyad\" data-placeholderFilled=\"Ad Soyad\"><span>Ad Soyad<\/span><\/span><\/div><div class=\"super-error-msg\">Alan gereklidir!<\/div><div class=\"super-empty-error-msg\">Alan gereklidir!<\/div><\/div><\/div><div class=\"super-shortcode super_one_half super-column grid-level-0 column-number-2  \"><div class=\"super-shortcode super-field super-text   super-ungrouped  \"><div class=\"super-field-wrapper \"><input tabindex=\"-1\" class=\"super-shortcode-field\" type=\"email\" name=\"E-mail_Address\" data-oname=\"E-mail_Address\" data-validation=\"email\" data-email=\"E-mail Address\" data-exclude=\"0\" data-absolute-default=\"\" data-default-value=\"\" \/><span class=\"super-adaptive-placeholder\" data-placeholder=\"E-Posta Adresi\" data-placeholderFilled=\"E-Posta Adresi\"><span>E-Posta Adresi<\/span><\/span><\/div><div class=\"super-error-msg\">Alan gereklidir!<\/div><div class=\"super-empty-error-msg\">Alan gereklidir!<\/div><\/div><\/div><\/div><div class=\"super-grid super-shortcode\"><div class=\"super-shortcode super_one_half super-column grid-level-0 column-number-1 first-column \"><div class=\"super-shortcode super-field super-text   super-ungrouped   super-int-phone-field\"><div class=\"super-field-wrapper \"><input tabindex=\"-1\" class=\"super-shortcode-field\" type=\"int-phone\" name=\"phonenumber\" data-oname=\"phonenumber\" data-message=\"Ge\u00e7ersiz telefon numaras\u0131!\" data-validation=\"empty\" data-email=\"Phonenumber:\" data-exclude=\"0\" data-int-phone=\"{&quot;preferredCountries&quot;:&quot;tr&quot;,&quot;onlyCountries&quot;:&quot;&quot;,&quot;placeholderNumberType&quot;:&quot;MOBILE&quot;,&quot;localizedCountries&quot;:&quot;&quot;}\" data-absolute-default=\"\" data-default-value=\"\" \/><span class=\"super-adaptive-placeholder\" data-placeholder=\"Telefon Numaras\u0131\" data-placeholderFilled=\"Telefon Numaras\u0131\"><span>Telefon Numaras\u0131<\/span><\/span><\/div><div class=\"super-error-msg\">Ge\u00e7ersiz telefon numaras\u0131!<\/div><div class=\"super-empty-error-msg\">Ge\u00e7ersiz telefon numaras\u0131!<\/div><\/div><\/div><div class=\"super-shortcode super_one_half super-column grid-level-0 column-number-2  \"><div class=\"super-shortcode super-field super-text   super-ungrouped  \"><div class=\"super-field-wrapper \"><input tabindex=\"-1\" class=\"super-shortcode-field\" type=\"text\" name=\"Title\" data-oname=\"Title\" data-validation=\"empty\" data-email=\"Title\" data-exclude=\"0\" data-absolute-default=\"\" data-default-value=\"\" \/><span class=\"super-adaptive-placeholder\" data-placeholder=\"Konu\" data-placeholderFilled=\"Konu\"><span>Konu<\/span><\/span><\/div><div class=\"super-error-msg\">Alan gereklidir!<\/div><div class=\"super-empty-error-msg\">Alan gereklidir!<\/div><\/div><\/div><\/div><div class=\"super-grid super-shortcode\"><div class=\"super-shortcode super_one_full super-column grid-level-0 column-number-1 first-column \"><div class=\"super-shortcode super-field super-textarea   super-ungrouped  \"><div class=\"super-field-wrapper \"><textarea tabindex=\"-1\" class=\"super-shortcode-field\" name=\"Message_\" style=\"min-height:200px;\"  data-oname=\"Message_\" data-email=\"Message...\" data-exclude=\"0\" data-absolute-default=\"\" data-default-value=\"\" ><\/textarea><span class=\"super-adaptive-placeholder\" data-placeholder=\"Mesaj...\" data-placeholderFilled=\"Mesaj...\"><span>Mesaj...<\/span><\/span><\/div><div class=\"super-error-msg\">Alan gereklidir!<\/div><div class=\"super-empty-error-msg\">Alan gereklidir!<\/div><\/div><\/div><\/div><div data-color=\"#f26c68\" data-light=\"#ff807c\" data-dark=\"#d44e4a\" data-hover-color=\"#444444\" data-hover-light=\"#585858\" data-hover-dark=\"#262626\" data-font=\"#ffffff\" data-font-hover=\"#ffffff\" data-radius=\"rounded\" data-type=\"flat\" class=\"super-extra-shortcode super-shortcode super-field super-button super-clear-none super-form-button super-radius-rounded super-type-flat super-button-medium super-button-align-left super-button-width-auto\"><div data-href=\"\" class=\"super-button-wrap no_link\"><div class=\"super-button-name\" data-action=\"submit\" data-normal=\"G\u00f6nder\" data-loading=\"g\u00f6nderiyor...\">G\u00f6nder<\/div><span class=\"super-after\"><\/span><\/div><\/div><\/form><\/div>[\/vc_column_text][\/vc_column_inner][\/vc_row_inner]<div class=\"eut-empty-space\" style=\"height: 25px;\"><\/div>[\/vc_column][\/vc_row][vc_row bg_type=&#8221;color&#8221; padding_top_multiplier=&#8221;&#8221; bg_color=&#8221;#f7f7f7&#8243;][vc_column width=&#8221;1\/2&#8243;]<div class=\"eut-empty-space eut-height-2x\" style=\"\"><\/div>[vc_column_text]<img loading=\"lazy\" decoding=\"async\" class=\"aligncenter wp-image-2901 size-thumbnail\" src=\"https:\/\/kalkanci.com\/wp-content\/uploads\/2021\/12\/Kalkanci-Logo-512-Yeni-150x150.png\" alt=\"Kalkanc\u0131 Logo\" width=\"150\" height=\"150\" srcset=\"https:\/\/kalkanci.com\/wp-content\/uploads\/2021\/12\/Kalkanci-Logo-512-Yeni-150x150.png 150w, https:\/\/kalkanci.com\/wp-content\/uploads\/2021\/12\/Kalkanci-Logo-512-Yeni-300x300.png 300w, https:\/\/kalkanci.com\/wp-content\/uploads\/2021\/12\/Kalkanci-Logo-512-Yeni.png 512w\" sizes=\"auto, (max-width: 150px) 100vw, 150px\" \/>[\/vc_column_text]<h2 class=\"eut-element eut-title eut-align-center eut-h2\" style=\"\"><span><br>\n<h2>Kalkanci US<\/h2>\n<\/span><\/h2><h3 class=\"eut-element eut-title eut-align-center eut-h3\" style=\"\"><span><br>\n<h3>Sales and Business Development<\/h3>\n<\/span><\/h3>[vc_row_inner css=&#8221;.vc_custom_1617030224607{padding-right: 10% !important;padding-left: 10% !important;}&#8221;][vc_column_inner width=&#8221;1\/2&#8243;]<div class=\"eut-element eut-box-icon eut-extra-small eut-side-icon eut-align-left\" style=\"\"><div class=\"eut-wrapper-icon eut-no-shape eut-text-grey\"><i class=\"eut-text-primary-1 entypo-icon entypo-icon-address\"><\/i><\/div><div class=\"eut-box-content\">  <p class=\"\">2603 Camino Ramon Suite 280 \u2013 282 San Ramon CA 94583<\/p><\/div><\/div>[\/vc_column_inner][vc_column_inner width=&#8221;1\/2&#8243;]<div class=\"eut-element eut-box-icon eut-extra-small eut-side-icon eut-align-left\" style=\"\"><a href=\"tel:+90%20553%20047%2043%2015\" title=\"+90 553 047 43 15\" target=\"_blank\"><div class=\"eut-wrapper-icon eut-no-shape eut-text-grey\"><i class=\"eut-text-primary-1 entypo-icon entypo-icon-phone\"><\/i><\/div><div class=\"eut-box-content\">  <p class=\"\">+90 553 047 43 15<\/p><\/div><\/a><\/div>[\/vc_column_inner][\/vc_row_inner][\/vc_column][vc_column width=&#8221;1\/2&#8243;]<div class=\"eut-empty-space eut-height-2x\" style=\"\"><\/div>[vc_column_text]<img loading=\"lazy\" decoding=\"async\" class=\"aligncenter wp-image-2901 size-thumbnail\" src=\"https:\/\/kalkanci.com\/wp-content\/uploads\/2021\/12\/Kalkanci-Logo-512-Yeni-150x150.png\" alt=\"Kalkanc\u0131 Logo\" width=\"150\" height=\"150\" srcset=\"https:\/\/kalkanci.com\/wp-content\/uploads\/2021\/12\/Kalkanci-Logo-512-Yeni-150x150.png 150w, https:\/\/kalkanci.com\/wp-content\/uploads\/2021\/12\/Kalkanci-Logo-512-Yeni-300x300.png 300w, https:\/\/kalkanci.com\/wp-content\/uploads\/2021\/12\/Kalkanci-Logo-512-Yeni.png 512w\" sizes=\"auto, (max-width: 150px) 100vw, 150px\" \/>[\/vc_column_text]<h2 class=\"eut-element eut-title eut-align-center eut-h2\" style=\"\"><span><br>\n<h2>Kalkanci UK Ltd<\/h2>\n<\/span><\/h2>[vc_row_inner css=&#8221;.vc_custom_1617030224607{padding-right: 10% !important;padding-left: 10% !important;}&#8221;][vc_column_inner]<div class=\"eut-element eut-box-icon eut-extra-small eut-side-icon eut-align-left\" style=\"\"><div class=\"eut-wrapper-icon eut-no-shape eut-text-grey\"><i class=\"eut-text-primary-1 entypo-icon entypo-icon-address\"><\/i><\/div><div class=\"eut-box-content\">  <p class=\"\">Sales and Logistics 261 Green Lanes, Palmers Green London<\/p><\/div><\/div>[\/vc_column_inner][\/vc_row_inner][\/vc_column][\/vc_row]<\/p>\n<\/div>","protected":false},"excerpt":{"rendered":"<p>[vc_row bg_type=&#8221;color&#8221; bg_color=&#8221;#f7f7f7&#8243;][vc_column][vc_row_inner css=&#8221;.vc_custom_1647860975010{padding-right: 5% !important;padding-left: 5% !important;}&#8221;][vc_column_inner width=&#8221;1\/3&#8243;][\/vc_column_inner][vc_column_inner width=&#8221;1\/3&#8243;][\/vc_column_inner][vc_column_inner width=&#8221;1\/3&#8243;][\/vc_column_inner][\/vc_row_inner][\/vc_column][\/vc_row][vc_row padding_top_multiplier=&#8221;custom&#8221; padding_bottom_multiplier=&#8221;&#8221; padding_top=&#8221;15px&#8221;][vc_column][vc_row_inner][vc_column_inner width=&#8221;1\/2&#8243;][vc_column_text][\/vc_column_text][\/vc_column_inner][vc_column_inner width=&#8221;1\/2&#8243;][vc_column_text css=&#8221;&#8221;] \u0130leti\u015fim Formu [\/vc_column_text][vc_column_text css=&#8221;&#8221;][\/vc_column_text][\/vc_column_inner][\/vc_row_inner][\/vc_column][\/vc_row][vc_row bg_type=&#8221;color&#8221; padding_top_multiplier=&#8221;&#8221; bg_color=&#8221;#f7f7f7&#8243;][vc_column width=&#8221;1\/2&#8243;][vc_column_text][\/vc_column_text][vc_row_inner css=&#8221;.vc_custom_1617030224607{padding-right: 10% !important;padding-left: 10% !important;}&#8221;][vc_column_inner width=&#8221;1\/2&#8243;][\/vc_column_inner][vc_column_inner width=&#8221;1\/2&#8243;][\/vc_column_inner][\/vc_row_inner][\/vc_column][vc_column width=&#8221;1\/2&#8243;][vc_column_text][\/vc_column_text][vc_row_inner css=&#8221;.vc_custom_1617030224607{padding-right: 10% !important;padding-left: 10% !important;}&#8221;][vc_column_inner][\/vc_column_inner][\/vc_row_inner][\/vc_column][\/vc_row]<\/p>\n","protected":false},"author":1,"featured_media":0,"parent":0,"menu_order":0,"comment_status":"closed","ping_status":"closed","template":"","meta":{"_seopress_robots_primary_cat":"","_seopress_titles_title":"\u0130leti\u015fim | Kalkanc\u0131 Pres D\u00f6k\u00fcm ve Kal\u0131p","_seopress_titles_desc":"Al\u00fcminyum D\u00f6k\u00fcm Kal\u0131p hizmetlerimiz hakk\u0131nda bilgi ve fiyat almak i\u00e7in bizimle ileti\u015fime ge\u00e7ebilirsiniz.","_seopress_robots_index":"","footnotes":""},"class_list":["post-212","page","type-page","status-publish","hentry"],"_links":{"self":[{"href":"https:\/\/kalkanci.com\/tr\/wp-json\/wp\/v2\/pages\/212","targetHints":{"allow":["GET"]}}],"collection":[{"href":"https:\/\/kalkanci.com\/tr\/wp-json\/wp\/v2\/pages"}],"about":[{"href":"https:\/\/kalkanci.com\/tr\/wp-json\/wp\/v2\/types\/page"}],"author":[{"embeddable":true,"href":"https:\/\/kalkanci.com\/tr\/wp-json\/wp\/v2\/users\/1"}],"replies":[{"embeddable":true,"href":"https:\/\/kalkanci.com\/tr\/wp-json\/wp\/v2\/comments?post=212"}],"version-history":[{"count":14,"href":"https:\/\/kalkanci.com\/tr\/wp-json\/wp\/v2\/pages\/212\/revisions"}],"predecessor-version":[{"id":4286,"href":"https:\/\/kalkanci.com\/tr\/wp-json\/wp\/v2\/pages\/212\/revisions\/4286"}],"wp:attachment":[{"href":"https:\/\/kalkanci.com\/tr\/wp-json\/wp\/v2\/media?parent=212"}],"curies":[{"name":"wp","href":"https:\/\/api.w.org\/{rel}","templated":true}]}}