{"id":3105,"date":"2022-04-23T18:18:05","date_gmt":"2022-04-23T15:18:05","guid":{"rendered":"https:\/\/kalkanci.com\/partnerler-tedarikciler\/"},"modified":"2024-06-28T15:53:45","modified_gmt":"2024-06-28T12:53:45","slug":"partnerler-tedarikciler","status":"publish","type":"page","link":"https:\/\/kalkanci.com\/tr\/partnerler-tedarikciler\/","title":{"rendered":"Partnerler \/ Tedarik\u00e7iler"},"content":{"rendered":"<div class=\"wpb-content-wrapper\"><p>[vc_row bg_type=&#8221;color&#8221; columns_gap=&#8221;none&#8221; bg_color=&#8221;#f7f7f7&#8243;][vc_column css=&#8221;.vc_custom_1650726161857{margin-top: 0px !important;}&#8221;]<h1 class=\"eut-element eut-title eut-align-center eut-h1\" style=\"\"><span>Partnerler \/ Tedarik\u00e7iler<\/span><\/h1>[\/vc_column][\/vc_row][vc_row][vc_column width=&#8221;1\/4&#8243;][vc_column_text]<img loading=\"lazy\" decoding=\"async\" class=\"aligncenter wp-image-3090 size-full\" src=\"https:\/\/kalkanci.com\/wp-content\/uploads\/2022\/04\/buhler.jpg\" alt=\"buhler\" width=\"200\" height=\"125\" \/>[\/vc_column_text][\/vc_column][vc_column width=&#8221;1\/4&#8243;][vc_column_text]<img loading=\"lazy\" decoding=\"async\" class=\"aligncenter size-full wp-image-3111\" src=\"https:\/\/kalkanci.com\/wp-content\/uploads\/2022\/04\/Chiron.jpg\" alt=\"chiron\" width=\"200\" height=\"125\" \/>[\/vc_column_text][\/vc_column][vc_column width=&#8221;1\/4&#8243;][vc_column_text]<img loading=\"lazy\" decoding=\"async\" class=\"aligncenter size-full wp-image-3114\" src=\"https:\/\/kalkanci.com\/wp-content\/uploads\/2022\/04\/Fondarex.jpg\" alt=\"fondarex\" width=\"200\" height=\"125\" \/>[\/vc_column_text][\/vc_column][vc_column width=&#8221;1\/4&#8243;][vc_column_text]<a href=\"https:\/\/lethiguel.com\/\"><img loading=\"lazy\" decoding=\"async\" class=\"aligncenter size-full wp-image-3117\" src=\"https:\/\/kalkanci.com\/wp-content\/uploads\/2022\/04\/Lethiguel.jpg\" alt=\"lethiguel\" width=\"200\" height=\"125\" \/><\/a>[\/vc_column_text][\/vc_column][\/vc_row][vc_row][vc_column width=&#8221;1\/4&#8243;][vc_column_text]<a href=\"https:\/\/www.cciist.com\/\"><img loading=\"lazy\" decoding=\"async\" class=\"aligncenter size-full wp-image-3461\" src=\"https:\/\/kalkanci.com\/wp-content\/uploads\/2023\/06\/cciist-logo-200x125-1.png\" alt=\"cciist\" width=\"200\" height=\"125\" \/><\/a>[\/vc_column_text][\/vc_column][vc_column width=&#8221;1\/4&#8243;][vc_column_text]<a href=\"https:\/\/www.magmasoft.de\/en\/\"><img loading=\"lazy\" decoding=\"async\" class=\"aligncenter size-full wp-image-3120\" src=\"https:\/\/kalkanci.com\/wp-content\/uploads\/2022\/04\/Magma.jpg\" alt=\"magma\" width=\"200\" height=\"125\" \/><\/a>[\/vc_column_text][\/vc_column][vc_column width=&#8221;1\/4&#8243;][vc_column_text]<img loading=\"lazy\" decoding=\"async\" class=\"aligncenter size-full wp-image-3126\" src=\"https:\/\/kalkanci.com\/wp-content\/uploads\/2022\/04\/ProManage.jpg\" alt=\"promanage\" width=\"200\" height=\"125\" \/>[\/vc_column_text][\/vc_column][vc_column width=&#8221;1\/4&#8243;][vc_column_text]<img loading=\"lazy\" decoding=\"async\" class=\"aligncenter size-full wp-image-3129\" src=\"https:\/\/kalkanci.com\/wp-content\/uploads\/2022\/04\/Wollin.jpg\" alt=\"wollin\" width=\"200\" height=\"125\" \/>[\/vc_column_text][\/vc_column][\/vc_row][vc_row][vc_column width=&#8221;1\/4&#8243;][vc_column_text]<img loading=\"lazy\" decoding=\"async\" class=\"aligncenter size-full wp-image-3125\" src=\"https:\/\/kalkanci.com\/wp-content\/uploads\/2022\/04\/Petrofer.jpg\" alt=\"\" width=\"200\" height=\"125\" \/>[\/vc_column_text][\/vc_column][vc_column width=&#8221;1\/4&#8243;][vc_column_text]<img loading=\"lazy\" decoding=\"async\" class=\"aligncenter size-full wp-image-3139\" src=\"https:\/\/kalkanci.com\/wp-content\/uploads\/2022\/05\/stotek.jpg\" alt=\"stotek\" width=\"200\" height=\"125\" \/>[\/vc_column_text][\/vc_column][vc_column width=&#8221;1\/4&#8243;][vc_column_text]<img loading=\"lazy\" decoding=\"async\" class=\"aligncenter size-full wp-image-3148\" src=\"https:\/\/kalkanci.com\/wp-content\/uploads\/2022\/05\/krown.jpg\" alt=\"krown\" width=\"200\" height=\"125\" \/>[\/vc_column_text][\/vc_column][vc_column width=&#8221;1\/4&#8243;][vc_column_text]<img loading=\"lazy\" decoding=\"async\" class=\"aligncenter size-full wp-image-3154\" src=\"https:\/\/kalkanci.com\/wp-content\/uploads\/2022\/05\/brondolin.jpg\" alt=\"brondolin\" width=\"200\" height=\"125\" \/>[\/vc_column_text][\/vc_column][\/vc_row][vc_row][vc_column width=&#8221;1\/4&#8243;][vc_column_text]<img loading=\"lazy\" decoding=\"async\" class=\"aligncenter size-full wp-image-3467\" src=\"https:\/\/kalkanci.com\/wp-content\/uploads\/2023\/07\/sciencebasedtargets.jpg\" alt=\"\" width=\"200\" height=\"125\" \/>[\/vc_column_text][\/vc_column][vc_column width=&#8221;1\/4&#8243;][vc_column_text]<a href=\"https:\/\/www.dtr-ihk.de\/tr\/\"><img loading=\"lazy\" decoding=\"async\" class=\"aligncenter size-full wp-image-3650\" src=\"https:\/\/kalkanci.com\/wp-content\/uploads\/2024\/06\/Alman-Turk-Sanayi-Odasi-200x125-1.ico\" alt=\"alman turk sanayi odas\u0131 200x125\" width=\"200\" height=\"54\" \/><\/a>[\/vc_column_text][\/vc_column][\/vc_row]<\/p>\n<\/div>","protected":false},"excerpt":{"rendered":"<p>[vc_row bg_type=&#8221;color&#8221; columns_gap=&#8221;none&#8221; bg_color=&#8221;#f7f7f7&#8243;][vc_column css=&#8221;.vc_custom_1650726161857{margin-top: 0px !important;}&#8221;][\/vc_column][\/vc_row][vc_row][vc_column width=&#8221;1\/4&#8243;][vc_column_text][\/vc_column_text][\/vc_column][vc_column width=&#8221;1\/4&#8243;][vc_column_text][\/vc_column_text][\/vc_column][vc_column width=&#8221;1\/4&#8243;][vc_column_text][\/vc_column_text][\/vc_column][vc_column width=&#8221;1\/4&#8243;][vc_column_text][\/vc_column_text][\/vc_column][\/vc_row][vc_row][vc_column width=&#8221;1\/4&#8243;][vc_column_text][\/vc_column_text][\/vc_column][vc_column width=&#8221;1\/4&#8243;][vc_column_text][\/vc_column_text][\/vc_column][vc_column width=&#8221;1\/4&#8243;][vc_column_text][\/vc_column_text][\/vc_column][vc_column width=&#8221;1\/4&#8243;][vc_column_text][\/vc_column_text][\/vc_column][\/vc_row][vc_row][vc_column width=&#8221;1\/4&#8243;][vc_column_text][\/vc_column_text][\/vc_column][vc_column width=&#8221;1\/4&#8243;][vc_column_text][\/vc_column_text][\/vc_column][vc_column width=&#8221;1\/4&#8243;][vc_column_text][\/vc_column_text][\/vc_column][vc_column width=&#8221;1\/4&#8243;][vc_column_text][\/vc_column_text][\/vc_column][\/vc_row][vc_row][vc_column width=&#8221;1\/4&#8243;][vc_column_text][\/vc_column_text][\/vc_column][vc_column width=&#8221;1\/4&#8243;][vc_column_text][\/vc_column_text][\/vc_column][\/vc_row]<\/p>\n","protected":false},"author":1,"featured_media":0,"parent":0,"menu_order":0,"comment_status":"closed","ping_status":"closed","template":"","meta":{"_seopress_robots_primary_cat":"","_seopress_titles_title":"Partnerler \/ Tedarik\u00e7iler | Kalkanc\u0131 Pres D\u00f6k\u00fcm","_seopress_titles_desc":"Partnerler \/ Tedarik\u00e7iler","_seopress_robots_index":"","footnotes":""},"class_list":["post-3105","page","type-page","status-publish","hentry"],"_links":{"self":[{"href":"https:\/\/kalkanci.com\/tr\/wp-json\/wp\/v2\/pages\/3105","targetHints":{"allow":["GET"]}}],"collection":[{"href":"https:\/\/kalkanci.com\/tr\/wp-json\/wp\/v2\/pages"}],"about":[{"href":"https:\/\/kalkanci.com\/tr\/wp-json\/wp\/v2\/types\/page"}],"author":[{"embeddable":true,"href":"https:\/\/kalkanci.com\/tr\/wp-json\/wp\/v2\/users\/1"}],"replies":[{"embeddable":true,"href":"https:\/\/kalkanci.com\/tr\/wp-json\/wp\/v2\/comments?post=3105"}],"version-history":[{"count":10,"href":"https:\/\/kalkanci.com\/tr\/wp-json\/wp\/v2\/pages\/3105\/revisions"}],"predecessor-version":[{"id":3662,"href":"https:\/\/kalkanci.com\/tr\/wp-json\/wp\/v2\/pages\/3105\/revisions\/3662"}],"wp:attachment":[{"href":"https:\/\/kalkanci.com\/tr\/wp-json\/wp\/v2\/media?parent=3105"}],"curies":[{"name":"wp","href":"https:\/\/api.w.org\/{rel}","templated":true}]}}