{"id":339,"date":"2021-03-31T19:04:40","date_gmt":"2021-03-31T16:04:40","guid":{"rendered":"http:\/\/kreabazsunum.com\/kalkanci\/?page_id=339"},"modified":"2024-08-15T18:36:12","modified_gmt":"2024-08-15T15:36:12","slug":"x-ray-kontrolu","status":"publish","type":"page","link":"https:\/\/kalkanci.com\/tr\/kalite\/x-ray-kontrolu\/","title":{"rendered":"X-Ray Kontrol\u00fc"},"content":{"rendered":"<div class=\"wpb-content-wrapper\"><p>[vc_row padding_top_multiplier=&#8221;&#8221; padding_bottom_multiplier=&#8221;&#8221; margin_bottom=&#8221;40&#8243;][vc_column width=&#8221;1\/2&#8243;][vc_column_text]<img loading=\"lazy\" decoding=\"async\" class=\"aligncenter size-large wp-image-3346\" src=\"https:\/\/kalkanci.com\/wp-content\/uploads\/2022\/09\/Bosello-XRAY-1024x683.jpg\" alt=\"Bosello XRAY\" width=\"1024\" height=\"683\" srcset=\"https:\/\/kalkanci.com\/wp-content\/uploads\/2022\/09\/Bosello-XRAY-1024x683.jpg 1024w, https:\/\/kalkanci.com\/wp-content\/uploads\/2022\/09\/Bosello-XRAY-300x200.jpg 300w, https:\/\/kalkanci.com\/wp-content\/uploads\/2022\/09\/Bosello-XRAY-768x512.jpg 768w, https:\/\/kalkanci.com\/wp-content\/uploads\/2022\/09\/Bosello-XRAY.jpg 1200w\" sizes=\"auto, (max-width: 1024px) 100vw, 1024px\" \/>[\/vc_column_text][\/vc_column][vc_column width=&#8221;1\/2&#8243;][vc_column_text]End\u00fcstriyel \u00fcr\u00fcnlerde yap\u0131lan testlerin ba\u015f\u0131nda <strong><u>X-Ray kontrol testleri<\/u><\/strong> gelmektedir. X-Ray kontrol\u00fc, \u00fcr\u00fcn\u00fcn b\u00fct\u00fcnl\u00fc\u011f\u00fcn\u00fc inceler. <strong><u>X-Ray Kontrol\u00fc<\/u><\/strong>, genellikle sekt\u00f6rde radyoskopi ya da floroskopi olarak da bilinmektedir.<\/p>\n<h2><strong>X-ray Kontrol G\u00f6r\u00fcnt\u00fclemenin Temelleri<\/strong><\/h2>\n<p>Bir X-\u0131\u015f\u0131n\u0131 t\u00fcp\u00fc vas\u0131tas\u0131yla yay\u0131lan radyasyon \u0131\u015f\u0131nlar\u0131, d\u00f6k\u00fcm \u00fcr\u00fcnlerin \u00fczerinden ge\u00e7erek dijital g\u00f6r\u00fcnt\u00fclemeye d\u00fc\u015fer. \u00dcr\u00fcn \u00fczerinde herhangi bir sorun ya da g\u00f6zeneklilik gibi bir bo\u015flu\u011fun varl\u0131\u011f\u0131, X-Ray kontrol\u00fc ile ortaya \u00e7\u0131kar.[\/vc_column_text][\/vc_column][\/vc_row][vc_row padding_top_multiplier=&#8221;&#8221; padding_bottom_multiplier=&#8221;&#8221; margin_bottom=&#8221;40&#8243;][vc_column][vc_column_text]<\/p>\n<h3><strong>X-ray Muayene Teknikleri<\/strong><\/h3>\n<p>X-Ray G\u00f6r\u00fcnt\u00fcleme, \u00e7ok say\u0131da 2 boyutlu X-\u0131\u015f\u0131n\u0131 g\u00f6r\u00fcnt\u00fcs\u00fcn\u00fcn al\u0131nmas\u0131yla ba\u015flar. Edinim, bile\u015fen k\u00fc\u00e7\u00fck a\u00e7\u0131sal ad\u0131mlarla d\u00f6nd\u00fcr\u00fcl\u00fcrken ve fan \u0131\u015f\u0131n\u0131 boyunca do\u011frusal olarak hareket ettirilirken ayr\u0131 dilimlerin radyografinin \u00e7ekildi\u011fi bir fan \u0131\u015f\u0131n\u0131 arac\u0131l\u0131\u011f\u0131yla olabilir. Sonu\u00e7 olarak, toplanan veriler, bile\u015fen boyunca bir dizi dilimdir. Alternatif olarak, bir radyasyon konisinin radyografiye al\u0131nacak \u00f6\u011feyi yakalad\u0131\u011f\u0131 ve bile\u015fen k\u00fc\u00e7\u00fck ad\u0131mlarla 360\u00b0 d\u00f6nd\u00fcr\u00fcl\u00fcrken ayr\u0131 2 boyutlu g\u00f6r\u00fcnt\u00fcler ald\u0131\u011f\u0131 bir koni kiri\u015f arac\u0131l\u0131\u011f\u0131yla da olabilir. Her iki durumda da, biriken ham veriler daha sonra hacim verilerini hesaplamak ve g\u00f6rselle\u015ftirmek i\u00e7in yeniden yap\u0131land\u0131rma algoritmalar\u0131 i\u00e7in kullan\u0131l\u0131r.<\/p>\n<p>Esasen, bir <strong>X-Ray<\/strong> kontrol\u00fcnde temel veri toplama donan\u0131m bile\u015fenleri \u015funlard\u0131r: y\u00fcksek g\u00fc\u00e7te bir radyasyon kayna\u011f\u0131; bir manip\u00fclasyon tablosu veya mekanizmas\u0131; ve bir X-\u0131\u015f\u0131n\u0131 detekt\u00f6r\u00fc. Ham verilerin kalitesi ve sonraki t\u00fcm de\u011ferlendirmelerin do\u011frulu\u011fu, X-\u0131\u015f\u0131n\u0131 g\u00f6r\u00fcnt\u00fclerinin keskinli\u011finden \u00f6nemli \u00f6l\u00e7\u00fcde etkilenir ve bu, b\u00fcy\u00fck \u00f6l\u00e7\u00fcde kayna\u011f\u0131n ve detekt\u00f6r\u00fcn kalitesine ve manip\u00fclasyon mekanizmas\u0131n\u0131n kararl\u0131l\u0131\u011f\u0131na ve hassasiyetine ba\u011fl\u0131d\u0131r.[\/vc_column_text][\/vc_column][\/vc_row][vc_row padding_top_multiplier=&#8221;&#8221; padding_bottom_multiplier=&#8221;&#8221; margin_bottom=&#8221;40&#8243;][vc_column width=&#8221;1\/3&#8243;][vc_column_text]<img loading=\"lazy\" decoding=\"async\" class=\"aligncenter size-large wp-image-3680\" src=\"https:\/\/kalkanci.com\/wp-content\/uploads\/2024\/08\/X-Ray-Inspections-02-1024x683.jpg\" alt=\"X-Ray Kontrol\u00fc\" width=\"1024\" height=\"683\" srcset=\"https:\/\/kalkanci.com\/wp-content\/uploads\/2024\/08\/X-Ray-Inspections-02-1024x683.jpg 1024w, https:\/\/kalkanci.com\/wp-content\/uploads\/2024\/08\/X-Ray-Inspections-02-300x200.jpg 300w, https:\/\/kalkanci.com\/wp-content\/uploads\/2024\/08\/X-Ray-Inspections-02-768x512.jpg 768w, https:\/\/kalkanci.com\/wp-content\/uploads\/2024\/08\/X-Ray-Inspections-02.jpg 1200w\" sizes=\"auto, (max-width: 1024px) 100vw, 1024px\" \/>[\/vc_column_text][\/vc_column][vc_column width=&#8221;1\/3&#8243;][vc_column_text]<img loading=\"lazy\" decoding=\"async\" class=\"aligncenter size-large wp-image-3684\" src=\"https:\/\/kalkanci.com\/wp-content\/uploads\/2024\/08\/X-Ray-Inspections-03-1024x683.jpg\" alt=\"X-Ray Kontrol\u00fc\" width=\"1024\" height=\"683\" srcset=\"https:\/\/kalkanci.com\/wp-content\/uploads\/2024\/08\/X-Ray-Inspections-03-1024x683.jpg 1024w, https:\/\/kalkanci.com\/wp-content\/uploads\/2024\/08\/X-Ray-Inspections-03-300x200.jpg 300w, https:\/\/kalkanci.com\/wp-content\/uploads\/2024\/08\/X-Ray-Inspections-03-768x512.jpg 768w, https:\/\/kalkanci.com\/wp-content\/uploads\/2024\/08\/X-Ray-Inspections-03.jpg 1200w\" sizes=\"auto, (max-width: 1024px) 100vw, 1024px\" \/>[\/vc_column_text][\/vc_column][vc_column width=&#8221;1\/3&#8243;][vc_column_text]<img loading=\"lazy\" decoding=\"async\" class=\"aligncenter size-large wp-image-3687\" src=\"https:\/\/kalkanci.com\/wp-content\/uploads\/2024\/08\/X-Ray-Inspections-04-1024x683.jpg\" alt=\"X-Ray Kontrol\u00fc\" width=\"1024\" height=\"683\" srcset=\"https:\/\/kalkanci.com\/wp-content\/uploads\/2024\/08\/X-Ray-Inspections-04-1024x683.jpg 1024w, https:\/\/kalkanci.com\/wp-content\/uploads\/2024\/08\/X-Ray-Inspections-04-300x200.jpg 300w, https:\/\/kalkanci.com\/wp-content\/uploads\/2024\/08\/X-Ray-Inspections-04-768x512.jpg 768w, https:\/\/kalkanci.com\/wp-content\/uploads\/2024\/08\/X-Ray-Inspections-04.jpg 1200w\" sizes=\"auto, (max-width: 1024px) 100vw, 1024px\" \/>[\/vc_column_text][\/vc_column][\/vc_row][vc_row padding_top_multiplier=&#8221;&#8221; padding_bottom_multiplier=&#8221;&#8221; margin_bottom=&#8221;40&#8243;][vc_column width=&#8221;1\/2&#8243;][vc_column_text]<\/p>\n<h3><strong>Otomotiv ve \u0130malat Sekt\u00f6r\u00fcnde X-Ray Kontrol\u00fc<\/strong><\/h3>\n<p>Otomotiv ve imalat sekt\u00f6rlerindeki X-Ray kontrol\u00fc, havac\u0131l\u0131k sekt\u00f6r\u00fcndekilerden biraz farkl\u0131d\u0131r. \u00dcr\u00fcn g\u00fcvenli\u011fi hala \u00e7ok \u00f6nemli olsa da, herhangi bir kalite kontrol prosed\u00fcr\u00fcn\u00fcn h\u0131zl\u0131 ve do\u011fru sonu\u00e7lar verebilmesi ve b\u00f6ylece \u00fcretimde minimum kesinti olmas\u0131 hayati \u00f6nem ta\u015f\u0131maktad\u0131r. Burada genellikle dijital 2 boyutlu radyografi kullan\u0131l\u0131r, ancak 2 boyutlu incelemenin yeterli olmad\u0131\u011f\u0131 durumlar vard\u0131r.<\/p>\n<p>Benzer \u015fekilde, geleneksel mekanik dilimleme y\u0131k\u0131c\u0131 tekniklerin kullan\u0131ld\u0131\u011f\u0131 ar\u0131za analizi \u00e7ok zaman al\u0131r. Ayr\u0131ca, otomotiv ve imalat sekt\u00f6rlerindeki bir\u00e7ok kalite kontrol prosed\u00fcr\u00fc, genellikle nihai \u00fcr\u00fcn\u00fc orijinal CAD \u00e7izimiyle kar\u015f\u0131la\u015ft\u0131rarak boyut toleranslar\u0131na bakar. Geleneksel olarak bu, dokunsal veya optik koordinat \u00f6l\u00e7\u00fcm makineleri (CMM&#8217;ler) ile ger\u00e7ekle\u015ftirilir. Bunlar bazen, \u00f6zellikle bu t\u00fcr \u00fcr\u00fcnler eri\u015filmesi zor i\u00e7 y\u00fczeylere sahip oldu\u011funda veya dokunsal \u00f6l\u00e7\u00fcmle deforme olabilen yumu\u015fak d\u0131\u015f y\u00fczeylere sahip oldu\u011funda, baz\u0131 \u00fcr\u00fcnler i\u00e7in gereken metrolojiyi ger\u00e7ekle\u015ftiremeyebilir.[\/vc_column_text][\/vc_column][vc_column width=&#8221;1\/2&#8243;][vc_column_text]<\/p>\n<h3><strong>Elektronik Sekt\u00f6r\u00fc ve X-Ray Kontrol\u00fc<\/strong><\/h3>\n<p>\u0130ki boyutlu X-Ray kontrol\u00fc, elektronik imalat sekt\u00f6r\u00fcnde 20 y\u0131l\u0131 a\u015fk\u0131n bir s\u00fcredir ve petrol ve gaz ile genel m\u00fchendislikte \u00e7ok daha uzun s\u00fcredir kullan\u0131lan tahribats\u0131z bir teknolojidir. Bununla birlikte, 3D end\u00fcstriyel bilgisayarl\u0131 tomografi (CT), Ar-Ge ortam\u0131yla \u00e7ok s\u0131n\u0131rl\u0131 kalm\u0131\u015ft\u0131r ve imalat sekt\u00f6r\u00fcnde, uygulamas\u0131 genellikle y\u00fcksek de\u011ferli ve karma\u015f\u0131k bile\u015fenlerin yap\u0131 ve kusur analizi ile s\u0131n\u0131rland\u0131r\u0131lm\u0131\u015ft\u0131r.<\/p>\n<p>Bununla birlikte, son otomasyon, h\u0131z ve do\u011fruluk geli\u015fmeleri art\u0131k CT teknolojisinin \u00fcretim alan\u0131na ta\u015f\u0131nmas\u0131na izin vermi\u015ftir. Burada, CMM&#8217;ler veya geleneksel radyografi kullan\u0131larak incelenmesi zor olan bile\u015fenlerin h\u0131zl\u0131 ve do\u011fru bir \u015fekilde incelenmesini ve \u00f6l\u00e7\u00fclmesini sa\u011flayan g\u00fc\u00e7l\u00fc bir kalite kontrol ve proses optimizasyon arac\u0131 olarak kullan\u0131labilir.[\/vc_column_text][\/vc_column][\/vc_row][vc_row padding_top_multiplier=&#8221;&#8221; padding_bottom_multiplier=&#8221;&#8221; margin_bottom=&#8221;40&#8243;][vc_column width=&#8221;1\/2&#8243;][vc_column_text]<img loading=\"lazy\" decoding=\"async\" class=\"aligncenter size-large wp-image-3690\" src=\"https:\/\/kalkanci.com\/wp-content\/uploads\/2024\/08\/X-Ray-Inspections-05-1024x683.jpg\" alt=\"X-Ray Kontrol\u00fc\" width=\"1024\" height=\"683\" srcset=\"https:\/\/kalkanci.com\/wp-content\/uploads\/2024\/08\/X-Ray-Inspections-05-1024x683.jpg 1024w, https:\/\/kalkanci.com\/wp-content\/uploads\/2024\/08\/X-Ray-Inspections-05-300x200.jpg 300w, https:\/\/kalkanci.com\/wp-content\/uploads\/2024\/08\/X-Ray-Inspections-05-768x512.jpg 768w, https:\/\/kalkanci.com\/wp-content\/uploads\/2024\/08\/X-Ray-Inspections-05.jpg 1200w\" sizes=\"auto, (max-width: 1024px) 100vw, 1024px\" \/>[\/vc_column_text][\/vc_column][vc_column width=&#8221;1\/2&#8243;][vc_column_text]<\/p>\n<h3><strong>\u00dcretim Hatt\u0131nda X-Ray Kontrol\u00fc<\/strong><\/h3>\n<p>X-Ray kontrol\u00fcndeki en son yenilik, teknolojiyi do\u011frudan \u00fcretim hatt\u0131na getiriyor. Kan\u0131tlanm\u0131\u015f t\u0131bbi teknolojiye dayal\u0131 olarak, \u00fcretim s\u00fcreci kontrol\u00fc i\u00e7in yeni bir i\u015f ak\u0131\u015f\u0131 konsepti sunar. Y\u00fcksek h\u0131zl\u0131, otomatik sarmal CT \u00f6zelli\u011fine sahiptir. Burada X-\u0131\u015f\u0131n\u0131 t\u00fcp\u00fc ve buna kar\u015f\u0131l\u0131k gelen 64 kanall\u0131 bir portal, \u00e7ok hatl\u0131 detekt\u00f6r bir konvey\u00f6r band\u0131 \u00fczerinde ta\u015f\u0131nan i\u015f par\u00e7as\u0131n\u0131n etraf\u0131nda d\u00f6nmektedir. \u0130ncelenmekte olan par\u00e7an\u0131n yeniden yap\u0131land\u0131r\u0131lm\u0131\u015f CT verileri, bir sonraki par\u00e7a sisteme y\u00fcklenirken otomatik olarak de\u011ferlendirilir.[\/vc_column_text][\/vc_column][\/vc_row][vc_row padding_top_multiplier=&#8221;&#8221; padding_bottom_multiplier=&#8221;&#8221; margin_bottom=&#8221;20&#8243;][vc_column][vc_column_text]\u00d6rne\u011fin, geleneksel fan \u0131\u015f\u0131n\u0131 CT ile birka\u00e7 saat yerine 15 saniyede bir silindir kafas\u0131n\u0131 tarayarak, bu, nicel \u00fcretim kalitesi verilerinin art\u0131k hemen hemen hemen kullan\u0131labilir oldu\u011fu anlam\u0131na gelir ve herhangi bir ciddi kusur tespit edilirse veya herhangi bir boyut yoksa, \u00fcretim parametrelerinin h\u0131zl\u0131 bir \u015fekilde ayarlanmas\u0131na olanak tan\u0131r.<\/p>\n<h2><strong>Kalkanc\u0131 X-Ray Kontrol\u00fc<\/strong><\/h2>\n<p style=\"text-align: justify;\">KALKANCI olarak \u00fcretim hatt\u0131ndan \u00e7\u0131kan \u00fcr\u00fcnlerin beklenen de\u011ferler ve kalitede olmas\u0131 bizler i\u00e7in \u00e7ok \u00f6nemlidir. Bu sebeple geni\u015f bir <strong>Kalite Kontrol Prosesimizin<\/strong> ilk basama\u011f\u0131n\u0131 olu\u015fturan X-Ray Kontrol\u00fc, olas\u0131 ar\u0131zalar\u0131, \u00e7atlaklar\u0131 ya da kusurlar\u0131 hemen ortaya \u00e7\u0131karmaktad\u0131r.<\/p>\n<p style=\"text-align: justify;\">Firmam\u0131z b\u00fcnyesindeki X-Ray kontrolleri; proje ve seri \u00fcretim kontrolleri y\u00fcksek olan <strong>YXLON X-Ray Makinesi <\/strong>ile yap\u0131lmaktad\u0131r. Hizmet kalitemize ve proseslerimize uygun oldu\u011fu i\u00e7in se\u00e7ti\u011fimiz bu \u00fcr\u00fcn\u00fc se\u00e7memizdeki nedenler ise \u015fu \u015fekilde s\u0131ralanabilir;<\/p>\n<ul>\n<li>\u00c7ok k\u0131sa s\u00fcrelerde 2D ve 3D g\u00f6r\u00fcnt\u00fc<\/li>\n<li>Y\u00fcksek \u00e7\u00f6z\u00fcn\u00fcrl\u00fckte g\u00f6r\u00fcnt\u00fcler sayesinde tutarl\u0131 hata analizleri<\/li>\n<li>Kullan\u0131c\u0131 dostu ara y\u00fcz\u00fc<\/li>\n<li>Y\u00fcksek teknolojiler i\u00e7in inceleme opsiyonu<\/li>\n<li>Y\u00fcksek performansl\u0131 CT inceleme<\/li>\n<li>Y\u00fcksek end\u00fcstri CT rekonstr\u00fcksiyonu<\/li>\n<\/ul>\n<p>[\/vc_column_text][\/vc_column][\/vc_row]<\/p>\n<\/div>","protected":false},"excerpt":{"rendered":"<p>[vc_row padding_top_multiplier=&#8221;&#8221; padding_bottom_multiplier=&#8221;&#8221; margin_bottom=&#8221;40&#8243;][vc_column width=&#8221;1\/2&#8243;][vc_column_text][\/vc_column_text][\/vc_column][vc_column width=&#8221;1\/2&#8243;][vc_column_text]End\u00fcstriyel \u00fcr\u00fcnlerde yap\u0131lan testlerin ba\u015f\u0131nda X-Ray kontrol testleri gelmektedir. X-Ray kontrol\u00fc, \u00fcr\u00fcn\u00fcn b\u00fct\u00fcnl\u00fc\u011f\u00fcn\u00fc inceler. X-Ray Kontrol\u00fc, genellikle sekt\u00f6rde radyoskopi ya da floroskopi olarak da bilinmektedir. X-ray Kontrol G\u00f6r\u00fcnt\u00fclemenin Temelleri Bir X-\u0131\u015f\u0131n\u0131 t\u00fcp\u00fc vas\u0131tas\u0131yla yay\u0131lan radyasyon \u0131\u015f\u0131nlar\u0131, d\u00f6k\u00fcm \u00fcr\u00fcnlerin \u00fczerinden ge\u00e7erek dijital g\u00f6r\u00fcnt\u00fclemeye d\u00fc\u015fer. \u00dcr\u00fcn \u00fczerinde herhangi bir sorun ya da [&hellip;]<\/p>\n","protected":false},"author":1,"featured_media":0,"parent":369,"menu_order":0,"comment_status":"closed","ping_status":"closed","template":"","meta":{"_seopress_robots_primary_cat":"","_seopress_titles_title":"X-Ray Kontrol\u00fc | Kalkanc\u0131 Pres D\u00f6k\u00fcm ve Kal\u0131p","_seopress_titles_desc":"Al\u00fcminyum D\u00f6k\u00fcm Kal\u0131p \u00fcretimi s\u00fcrecindeki ilk kontrol aya\u011f\u0131m\u0131z\u0131 X-Ray Kontrolleri olu\u015fturmaktad\u0131r.","_seopress_robots_index":"","footnotes":""},"class_list":["post-339","page","type-page","status-publish","hentry"],"_links":{"self":[{"href":"https:\/\/kalkanci.com\/tr\/wp-json\/wp\/v2\/pages\/339","targetHints":{"allow":["GET"]}}],"collection":[{"href":"https:\/\/kalkanci.com\/tr\/wp-json\/wp\/v2\/pages"}],"about":[{"href":"https:\/\/kalkanci.com\/tr\/wp-json\/wp\/v2\/types\/page"}],"author":[{"embeddable":true,"href":"https:\/\/kalkanci.com\/tr\/wp-json\/wp\/v2\/users\/1"}],"replies":[{"embeddable":true,"href":"https:\/\/kalkanci.com\/tr\/wp-json\/wp\/v2\/comments?post=339"}],"version-history":[{"count":3,"href":"https:\/\/kalkanci.com\/tr\/wp-json\/wp\/v2\/pages\/339\/revisions"}],"predecessor-version":[{"id":3695,"href":"https:\/\/kalkanci.com\/tr\/wp-json\/wp\/v2\/pages\/339\/revisions\/3695"}],"up":[{"embeddable":true,"href":"https:\/\/kalkanci.com\/tr\/wp-json\/wp\/v2\/pages\/369"}],"wp:attachment":[{"href":"https:\/\/kalkanci.com\/tr\/wp-json\/wp\/v2\/media?parent=339"}],"curies":[{"name":"wp","href":"https:\/\/api.w.org\/{rel}","templated":true}]}}