{"id":369,"date":"2021-04-02T14:21:15","date_gmt":"2021-04-02T11:21:15","guid":{"rendered":"http:\/\/kreabazsunum.com\/kalkanci\/?page_id=369"},"modified":"2024-08-15T18:22:18","modified_gmt":"2024-08-15T15:22:18","slug":"kalite","status":"publish","type":"page","link":"https:\/\/kalkanci.com\/tr\/kalite\/","title":{"rendered":"Kalite"},"content":{"rendered":"<div class=\"wpb-content-wrapper\"><p>[vc_row bg_type=&#8221;color&#8221; bg_color=&#8221;#f7f7f7&#8243;][vc_column]<div class=\"eut-empty-space eut-height-3x\" style=\"\"><\/div><h1 class=\"eut-element eut-title eut-align-center eut-h1\" style=\"\"><span>Kalite<\/span><\/h1>[\/vc_column][\/vc_row][vc_row bg_type=&#8221;color&#8221; bg_color=&#8221;#f0f0f0&#8243;][vc_column]<div class=\"eut-empty-space eut-height-1x\" style=\"\"><\/div>[vc_row_inner][vc_column_inner width=&#8221;1\/4&#8243;]<div class=\"eut-element eut-box eut-align-center\" style=\"\"><a href=\"https:\/\/kalkanci.com\/tr\/kalite\/x-ray-kontrolu\/\" title=\"X-Ray Kontrol\u00fc\"><figure class=\"eut-image-hover eut-zoom-none\">\t<div class=\"eut-media\">\t\t<div class=\"eut-bg-light eut-hover-overlay eut-opacity-20\"><\/div><img loading=\"lazy\" decoding=\"async\" width=\"1200\" height=\"1200\" src=\"https:\/\/kalkanci.com\/wp-content\/uploads\/2024\/08\/X-Ray-Inspections-01.jpg\" class=\"attachment-full size-full\" alt=\"X-Ray Kontrol\u00fc\" srcset=\"https:\/\/kalkanci.com\/wp-content\/uploads\/2024\/08\/X-Ray-Inspections-01.jpg 1200w, https:\/\/kalkanci.com\/wp-content\/uploads\/2024\/08\/X-Ray-Inspections-01-300x300.jpg 300w, https:\/\/kalkanci.com\/wp-content\/uploads\/2024\/08\/X-Ray-Inspections-01-1024x1024.jpg 1024w, https:\/\/kalkanci.com\/wp-content\/uploads\/2024\/08\/X-Ray-Inspections-01-150x150.jpg 150w, https:\/\/kalkanci.com\/wp-content\/uploads\/2024\/08\/X-Ray-Inspections-01-768x768.jpg 768w, https:\/\/kalkanci.com\/wp-content\/uploads\/2024\/08\/X-Ray-Inspections-01-560x560.jpg 560w, https:\/\/kalkanci.com\/wp-content\/uploads\/2024\/08\/X-Ray-Inspections-01-900x900.jpg 900w\" sizes=\"auto, (max-width: 1200px) 100vw, 1200px\" \/>\t<\/div><\/figure><\/a>  <div class=\"eut-box-content\"><a href=\"https:\/\/kalkanci.com\/tr\/kalite\/x-ray-kontrolu\/\" title=\"X-Ray Kontrol\u00fc\"><h3 class=\"eut-box-title eut-h3\">X-Ray Kontrol\u00fc<\/h3>    <\/a>    <p><\/p>  <\/div><\/div>[\/vc_column_inner][vc_column_inner width=&#8221;1\/4&#8243;]<div class=\"eut-element eut-box eut-align-center\" style=\"\"><a href=\"https:\/\/kalkanci.com\/tr\/kalite\/basma-testi\/\" title=\"Basma Testi\"><figure class=\"eut-image-hover eut-zoom-none\">\t<div class=\"eut-media\">\t\t<div class=\"eut-bg-light eut-hover-overlay eut-opacity-20\"><\/div><img loading=\"lazy\" decoding=\"async\" width=\"1200\" height=\"1200\" src=\"https:\/\/kalkanci.com\/wp-content\/uploads\/2021\/04\/Basma-Cekme-Testi-08.jpg\" class=\"attachment-full size-full\" alt=\"Basma Testi\" srcset=\"https:\/\/kalkanci.com\/wp-content\/uploads\/2021\/04\/Basma-Cekme-Testi-08.jpg 1200w, https:\/\/kalkanci.com\/wp-content\/uploads\/2021\/04\/Basma-Cekme-Testi-08-300x300.jpg 300w, https:\/\/kalkanci.com\/wp-content\/uploads\/2021\/04\/Basma-Cekme-Testi-08-1024x1024.jpg 1024w, https:\/\/kalkanci.com\/wp-content\/uploads\/2021\/04\/Basma-Cekme-Testi-08-150x150.jpg 150w, https:\/\/kalkanci.com\/wp-content\/uploads\/2021\/04\/Basma-Cekme-Testi-08-768x768.jpg 768w, https:\/\/kalkanci.com\/wp-content\/uploads\/2021\/04\/Basma-Cekme-Testi-08-560x560.jpg 560w, https:\/\/kalkanci.com\/wp-content\/uploads\/2021\/04\/Basma-Cekme-Testi-08-900x900.jpg 900w\" sizes=\"auto, (max-width: 1200px) 100vw, 1200px\" \/>\t<\/div><\/figure><\/a>  <div class=\"eut-box-content\"><a href=\"https:\/\/kalkanci.com\/tr\/kalite\/basma-testi\/\" title=\"Basma Testi\"><h3 class=\"eut-box-title eut-h3\">Basma Testi<\/h3>    <\/a>    <p><\/p>  <\/div><\/div>[\/vc_column_inner][vc_column_inner width=&#8221;1\/4&#8243;]<div class=\"eut-element eut-box eut-align-center\" style=\"\"><a href=\"https:\/\/kalkanci.com\/tr\/kalite\/malzeme-analizi-spektometre\/\" title=\"Malzeme Analizi\"><figure class=\"eut-image-hover eut-zoom-none\">\t<div class=\"eut-media\">\t\t<div class=\"eut-bg-light eut-hover-overlay eut-opacity-20\"><\/div><img loading=\"lazy\" decoding=\"async\" width=\"1200\" height=\"1200\" src=\"https:\/\/kalkanci.com\/wp-content\/uploads\/2021\/04\/Malzeme-Analizi-03.jpg\" class=\"attachment-full size-full\" alt=\"Malzeme Analizi\" srcset=\"https:\/\/kalkanci.com\/wp-content\/uploads\/2021\/04\/Malzeme-Analizi-03.jpg 1200w, https:\/\/kalkanci.com\/wp-content\/uploads\/2021\/04\/Malzeme-Analizi-03-300x300.jpg 300w, https:\/\/kalkanci.com\/wp-content\/uploads\/2021\/04\/Malzeme-Analizi-03-1024x1024.jpg 1024w, https:\/\/kalkanci.com\/wp-content\/uploads\/2021\/04\/Malzeme-Analizi-03-150x150.jpg 150w, https:\/\/kalkanci.com\/wp-content\/uploads\/2021\/04\/Malzeme-Analizi-03-768x768.jpg 768w, https:\/\/kalkanci.com\/wp-content\/uploads\/2021\/04\/Malzeme-Analizi-03-560x560.jpg 560w, https:\/\/kalkanci.com\/wp-content\/uploads\/2021\/04\/Malzeme-Analizi-03-900x900.jpg 900w\" sizes=\"auto, (max-width: 1200px) 100vw, 1200px\" \/>\t<\/div><\/figure><\/a>  <div class=\"eut-box-content\"><a href=\"https:\/\/kalkanci.com\/tr\/kalite\/malzeme-analizi-spektometre\/\" title=\"Malzeme Analizi\"><h3 class=\"eut-box-title eut-h3\">Malzeme Analizi<\/h3>    <\/a>    <p><\/p>  <\/div><\/div>[\/vc_column_inner][vc_column_inner width=&#8221;1\/4&#8243;]<div class=\"eut-element eut-box eut-align-center\" style=\"\"><a href=\"https:\/\/kalkanci.com\/tr\/kalite\/yuzey-puruzluluk-testi\/\" title=\"P\u00fcr\u00fczl\u00fcl\u00fck Testi\"><figure class=\"eut-image-hover eut-zoom-none\">\t<div class=\"eut-media\">\t\t<div class=\"eut-bg-light eut-hover-overlay eut-opacity-20\"><\/div><img loading=\"lazy\" decoding=\"async\" width=\"1200\" height=\"1200\" src=\"https:\/\/kalkanci.com\/wp-content\/uploads\/2021\/04\/Yuzey-Puruzluluk-Testi-04.jpg\" class=\"attachment-full size-full\" alt=\"P\u00fcr\u00fczl\u00fcl\u00fck Testi\" srcset=\"https:\/\/kalkanci.com\/wp-content\/uploads\/2021\/04\/Yuzey-Puruzluluk-Testi-04.jpg 1200w, https:\/\/kalkanci.com\/wp-content\/uploads\/2021\/04\/Yuzey-Puruzluluk-Testi-04-300x300.jpg 300w, https:\/\/kalkanci.com\/wp-content\/uploads\/2021\/04\/Yuzey-Puruzluluk-Testi-04-1024x1024.jpg 1024w, https:\/\/kalkanci.com\/wp-content\/uploads\/2021\/04\/Yuzey-Puruzluluk-Testi-04-150x150.jpg 150w, https:\/\/kalkanci.com\/wp-content\/uploads\/2021\/04\/Yuzey-Puruzluluk-Testi-04-768x768.jpg 768w, https:\/\/kalkanci.com\/wp-content\/uploads\/2021\/04\/Yuzey-Puruzluluk-Testi-04-560x560.jpg 560w, https:\/\/kalkanci.com\/wp-content\/uploads\/2021\/04\/Yuzey-Puruzluluk-Testi-04-900x900.jpg 900w\" sizes=\"auto, (max-width: 1200px) 100vw, 1200px\" \/>\t<\/div><\/figure><\/a>  <div class=\"eut-box-content\"><a href=\"https:\/\/kalkanci.com\/tr\/kalite\/yuzey-puruzluluk-testi\/\" title=\"P\u00fcr\u00fczl\u00fcl\u00fck Testi\"><h3 class=\"eut-box-title eut-h3\">P\u00fcr\u00fczl\u00fcl\u00fck Testi<\/h3>    <\/a>    <p><\/p>  <\/div><\/div>[\/vc_column_inner][\/vc_row_inner]<div class=\"eut-empty-space eut-height-1x\" style=\"\"><\/div>[vc_row_inner][vc_column_inner width=&#8221;1\/4&#8243;]<div class=\"eut-element eut-box eut-align-center\" style=\"\"><a href=\"https:\/\/kalkanci.com\/tr\/kalite\/mikroskop-testleri\/\" title=\"Mikroskop Testleri\"><figure class=\"eut-image-hover eut-zoom-none\">\t<div class=\"eut-media\">\t\t<div class=\"eut-bg-light eut-hover-overlay eut-opacity-20\"><\/div><img loading=\"lazy\" decoding=\"async\" width=\"1200\" height=\"1200\" src=\"https:\/\/kalkanci.com\/wp-content\/uploads\/2021\/04\/Mikroskop-Testleri-03.jpg\" class=\"attachment-full size-full\" alt=\"Mikroskop Testleri\" srcset=\"https:\/\/kalkanci.com\/wp-content\/uploads\/2021\/04\/Mikroskop-Testleri-03.jpg 1200w, https:\/\/kalkanci.com\/wp-content\/uploads\/2021\/04\/Mikroskop-Testleri-03-300x300.jpg 300w, https:\/\/kalkanci.com\/wp-content\/uploads\/2021\/04\/Mikroskop-Testleri-03-1024x1024.jpg 1024w, https:\/\/kalkanci.com\/wp-content\/uploads\/2021\/04\/Mikroskop-Testleri-03-150x150.jpg 150w, https:\/\/kalkanci.com\/wp-content\/uploads\/2021\/04\/Mikroskop-Testleri-03-768x768.jpg 768w, https:\/\/kalkanci.com\/wp-content\/uploads\/2021\/04\/Mikroskop-Testleri-03-560x560.jpg 560w, https:\/\/kalkanci.com\/wp-content\/uploads\/2021\/04\/Mikroskop-Testleri-03-900x900.jpg 900w\" sizes=\"auto, (max-width: 1200px) 100vw, 1200px\" \/>\t<\/div><\/figure><\/a>  <div class=\"eut-box-content\"><a href=\"https:\/\/kalkanci.com\/tr\/kalite\/mikroskop-testleri\/\" title=\"Mikroskop Testleri\"><h3 class=\"eut-box-title eut-h3\">Mikroskop Testleri<\/h3>    <\/a>    <p><\/p>  <\/div><\/div>[\/vc_column_inner][vc_column_inner width=&#8221;1\/4&#8243;]<div class=\"eut-element eut-box eut-align-center\" style=\"\"><a href=\"https:\/\/kalkanci.com\/tr\/kalite\/cmm-testi\/\" title=\"CMM Testi\"><figure class=\"eut-image-hover eut-zoom-none\">\t<div class=\"eut-media\">\t\t<div class=\"eut-bg-light eut-hover-overlay eut-opacity-20\"><\/div><img loading=\"lazy\" decoding=\"async\" width=\"1200\" height=\"1200\" src=\"https:\/\/kalkanci.com\/wp-content\/uploads\/2021\/04\/CMM-Testi-06.jpg\" class=\"attachment-full size-full\" alt=\"CMM Testi\" srcset=\"https:\/\/kalkanci.com\/wp-content\/uploads\/2021\/04\/CMM-Testi-06.jpg 1200w, https:\/\/kalkanci.com\/wp-content\/uploads\/2021\/04\/CMM-Testi-06-300x300.jpg 300w, https:\/\/kalkanci.com\/wp-content\/uploads\/2021\/04\/CMM-Testi-06-1024x1024.jpg 1024w, https:\/\/kalkanci.com\/wp-content\/uploads\/2021\/04\/CMM-Testi-06-150x150.jpg 150w, https:\/\/kalkanci.com\/wp-content\/uploads\/2021\/04\/CMM-Testi-06-768x768.jpg 768w, https:\/\/kalkanci.com\/wp-content\/uploads\/2021\/04\/CMM-Testi-06-560x560.jpg 560w, https:\/\/kalkanci.com\/wp-content\/uploads\/2021\/04\/CMM-Testi-06-900x900.jpg 900w\" sizes=\"auto, (max-width: 1200px) 100vw, 1200px\" \/>\t<\/div><\/figure><\/a>  <div class=\"eut-box-content\"><a href=\"https:\/\/kalkanci.com\/tr\/kalite\/cmm-testi\/\" title=\"CMM Testi\"><h3 class=\"eut-box-title eut-h3\">CMM Testi<\/h3>    <\/a>    <p><\/p>  <\/div><\/div>[\/vc_column_inner][vc_column_inner width=&#8221;1\/4&#8243;]<div class=\"eut-element eut-box eut-align-center\" style=\"\"><a href=\"https:\/\/kalkanci.com\/kalite\/mastar-goz-kontrolu\/\" title=\"Mastar \/ G\u00f6z Kontrol\u00fc\"><figure class=\"eut-image-hover eut-zoom-none\">\t<div class=\"eut-media\">\t\t<div class=\"eut-bg-light eut-hover-overlay eut-opacity-20\"><\/div><img loading=\"lazy\" decoding=\"async\" width=\"1200\" height=\"1200\" src=\"https:\/\/kalkanci.com\/wp-content\/uploads\/2021\/04\/CMM-Testi-06.jpg\" class=\"attachment-full size-full\" alt=\"CMM Testi\" srcset=\"https:\/\/kalkanci.com\/wp-content\/uploads\/2021\/04\/CMM-Testi-06.jpg 1200w, https:\/\/kalkanci.com\/wp-content\/uploads\/2021\/04\/CMM-Testi-06-300x300.jpg 300w, https:\/\/kalkanci.com\/wp-content\/uploads\/2021\/04\/CMM-Testi-06-1024x1024.jpg 1024w, https:\/\/kalkanci.com\/wp-content\/uploads\/2021\/04\/CMM-Testi-06-150x150.jpg 150w, https:\/\/kalkanci.com\/wp-content\/uploads\/2021\/04\/CMM-Testi-06-768x768.jpg 768w, https:\/\/kalkanci.com\/wp-content\/uploads\/2021\/04\/CMM-Testi-06-560x560.jpg 560w, https:\/\/kalkanci.com\/wp-content\/uploads\/2021\/04\/CMM-Testi-06-900x900.jpg 900w\" sizes=\"auto, (max-width: 1200px) 100vw, 1200px\" \/>\t<\/div><\/figure><\/a>  <div class=\"eut-box-content\"><a href=\"https:\/\/kalkanci.com\/kalite\/mastar-goz-kontrolu\/\" title=\"Mastar \/ G\u00f6z Kontrol\u00fc\"><h3 class=\"eut-box-title eut-h3\">Mastar \/ G\u00f6z Kontrol\u00fc<\/h3>    <\/a>    <p><\/p>  <\/div><\/div>[\/vc_column_inner][vc_column_inner width=&#8221;1\/4&#8243;][\/vc_column_inner][\/vc_row_inner]<div class=\"eut-empty-space eut-height-1x\" style=\"\"><\/div>[\/vc_column][\/vc_row]<\/p>\n<\/div>","protected":false},"excerpt":{"rendered":"<p>[vc_row bg_type=&#8221;color&#8221; bg_color=&#8221;#f7f7f7&#8243;][vc_column][\/vc_column][\/vc_row][vc_row bg_type=&#8221;color&#8221; bg_color=&#8221;#f0f0f0&#8243;][vc_column][vc_row_inner][vc_column_inner width=&#8221;1\/4&#8243;][\/vc_column_inner][vc_column_inner width=&#8221;1\/4&#8243;][\/vc_column_inner][vc_column_inner width=&#8221;1\/4&#8243;][\/vc_column_inner][vc_column_inner width=&#8221;1\/4&#8243;][\/vc_column_inner][\/vc_row_inner][vc_row_inner][vc_column_inner width=&#8221;1\/4&#8243;][\/vc_column_inner][vc_column_inner width=&#8221;1\/4&#8243;][\/vc_column_inner][vc_column_inner width=&#8221;1\/4&#8243;][\/vc_column_inner][vc_column_inner width=&#8221;1\/4&#8243;][\/vc_column_inner][\/vc_row_inner][\/vc_column][\/vc_row]<\/p>\n","protected":false},"author":1,"featured_media":0,"parent":0,"menu_order":0,"comment_status":"closed","ping_status":"closed","template":"","meta":{"_seopress_robots_primary_cat":"","_seopress_titles_title":"Kalite | Kalkanc\u0131 Pres D\u00f6k\u00fcm ve Kal\u0131p","_seopress_titles_desc":"Kalite kontrol kapsam\u0131nda X-Ray Kontrol\u00fc, Basma Testi, Malzeme Analizi, Y\u00fczey P\u00fcr\u00fczl\u00fcl\u00fck Testi, Mikroskop Testleri, CMM Testi ve Mastar \/ G\u00f6z Kontrollerini uygulamaktay\u0131z.","_seopress_robots_index":"","footnotes":""},"class_list":["post-369","page","type-page","status-publish","hentry"],"_links":{"self":[{"href":"https:\/\/kalkanci.com\/tr\/wp-json\/wp\/v2\/pages\/369","targetHints":{"allow":["GET"]}}],"collection":[{"href":"https:\/\/kalkanci.com\/tr\/wp-json\/wp\/v2\/pages"}],"about":[{"href":"https:\/\/kalkanci.com\/tr\/wp-json\/wp\/v2\/types\/page"}],"author":[{"embeddable":true,"href":"https:\/\/kalkanci.com\/tr\/wp-json\/wp\/v2\/users\/1"}],"replies":[{"embeddable":true,"href":"https:\/\/kalkanci.com\/tr\/wp-json\/wp\/v2\/comments?post=369"}],"version-history":[{"count":3,"href":"https:\/\/kalkanci.com\/tr\/wp-json\/wp\/v2\/pages\/369\/revisions"}],"predecessor-version":[{"id":3698,"href":"https:\/\/kalkanci.com\/tr\/wp-json\/wp\/v2\/pages\/369\/revisions\/3698"}],"wp:attachment":[{"href":"https:\/\/kalkanci.com\/tr\/wp-json\/wp\/v2\/media?parent=369"}],"curies":[{"name":"wp","href":"https:\/\/api.w.org\/{rel}","templated":true}]}}