{"id":379,"date":"2021-04-02T15:12:24","date_gmt":"2021-04-02T12:12:24","guid":{"rendered":"http:\/\/kreabazsunum.com\/kalkanci\/?page_id=379"},"modified":"2021-05-07T18:17:40","modified_gmt":"2021-05-07T15:17:40","slug":"basma-testi","status":"publish","type":"page","link":"https:\/\/kalkanci.com\/tr\/kalite\/basma-testi\/","title":{"rendered":"Basma Testi"},"content":{"rendered":"<div class=\"wpb-content-wrapper\"><p>[vc_row padding_top_multiplier=&#8221;&#8221; padding_bottom_multiplier=&#8221;&#8221; margin_bottom=&#8221;40&#8243;][vc_column width=&#8221;1\/2&#8243;][vc_column_text]<img loading=\"lazy\" decoding=\"async\" class=\"aligncenter size-large wp-image-385\" src=\"https:\/\/kalkanci.com\/wp-content\/uploads\/2021\/04\/Basma-Cekme-Testi-02-1024x683.jpg\" alt=\"Basma \u00c7ekme Testi\" width=\"1024\" height=\"683\" srcset=\"https:\/\/kalkanci.com\/wp-content\/uploads\/2021\/04\/Basma-Cekme-Testi-02-1024x683.jpg 1024w, https:\/\/kalkanci.com\/wp-content\/uploads\/2021\/04\/Basma-Cekme-Testi-02-300x200.jpg 300w, https:\/\/kalkanci.com\/wp-content\/uploads\/2021\/04\/Basma-Cekme-Testi-02-768x512.jpg 768w, https:\/\/kalkanci.com\/wp-content\/uploads\/2021\/04\/Basma-Cekme-Testi-02.jpg 1200w\" sizes=\"auto, (max-width: 1024px) 100vw, 1024px\" \/>[\/vc_column_text][\/vc_column][vc_column width=&#8221;1\/2&#8243;][vc_column_text]<strong>Bast\u0131rma Testi<\/strong>, s\u0131k\u0131\u015ft\u0131rma y\u00fck\u00fc alt\u0131nda numune davran\u0131\u015f\u0131n\u0131 belirleyen temel parametreleri \u00f6l\u00e7erek bir \u00fcr\u00fcn\u00fcn veya malzemenin s\u0131k\u0131\u015ft\u0131r\u0131ld\u0131\u011f\u0131nda, ezildi\u011finde, ezildi\u011finde veya d\u00fczle\u015ftirildi\u011finde nas\u0131l tepki verece\u011fini belirlemek i\u00e7in kullan\u0131l\u0131r.<\/p>\n<p>Bu temel parametreler, malzemeler i\u00e7in yakla\u015f\u0131k olarak orant\u0131l\u0131 s\u0131n\u0131ra e\u015fit olan ve ayn\u0131 zamanda akma noktas\u0131 veya akma dayan\u0131m\u0131 olarak bilinen elastik limiti, Young Mod\u00fcl\u00fc (bunlar, \u00e7o\u011funlukla \u00e7ekme testi ile ili\u015fkili olmas\u0131na ra\u011fmen, bas\u0131n\u00e7 analoglar\u0131na sahip olabilir) ve bas\u0131n\u00e7 dayan\u0131m\u0131.[\/vc_column_text][\/vc_column][\/vc_row][vc_row padding_top_multiplier=&#8221;&#8221; padding_bottom_multiplier=&#8221;&#8221; margin_bottom=&#8221;40&#8243;][vc_column][vc_column_text]<\/p>\n<h2><strong>Bast\u0131rma Testi<\/strong><\/h2>\n<p><strong><u>Basma Testi<\/u><\/strong>, tasar\u0131m s\u00fcrecinin bir par\u00e7as\u0131 olarak, \u00fcretim ortam\u0131nda veya kalite kontrol laboratuvar\u0131nda yap\u0131labilir ve a\u015fa\u011f\u0131dakiler i\u00e7in kullan\u0131labilir:<\/p>\n<ul>\n<li>Bile\u015fenlerin g\u00fcc\u00fcn\u00fc de\u011ferlendirmek. \u00d6rne\u011fin; otomotiv ve havac\u0131l\u0131k kontrol anahtarlar\u0131, s\u0131k\u0131\u015ft\u0131rma yaylar\u0131, k\u00f6r\u00fckler, tu\u015f tak\u0131mlar\u0131, paket contalar, PET kaplar, PVC \/ ABS borular, solenoidler vb.<\/li>\n<li>Malzemelerin s\u0131k\u0131\u015ft\u0131rma \u00f6zelliklerini karakterize etmek. \u00d6rne\u011fin; k\u00f6p\u00fck, metal, PET ve di\u011fer plastikler ve kau\u00e7uk.<\/li>\n<li>\u00dcr\u00fcnlerin performans\u0131n\u0131 de\u011ferlendirmek. \u00d6rne\u011fin; bir \u015f\u0131r\u0131ngan\u0131n ifade g\u00fcc\u00fc veya bir tenis topunun y\u00fck-yer de\u011fi\u015ftirme \u00f6zellikleri.<\/li>\n<\/ul>\n<p>[\/vc_column_text][\/vc_column][\/vc_row][vc_row padding_top_multiplier=&#8221;&#8221; padding_bottom_multiplier=&#8221;&#8221; margin_bottom=&#8221;40&#8243;][vc_column width=&#8221;1\/2&#8243;][vc_column_text]<\/p>\n<h3><strong>Bast\u0131rma Testi T\u00fcrleri Nelerdir?<\/strong><\/h3>\n<p>Bast\u0131rma Testi t\u00fcrleri \u015funlard\u0131r.<\/p>\n<ul>\n<li>E\u011filme \/ B\u00fck\u00fclme<\/li>\n<li>\u00dcst y\u00fck \/ Ezilme<\/li>\n<\/ul>\n<h3><strong>Bast\u0131rma Testinin Faydalar\u0131 Nelerdir?<\/strong><\/h3>\n<p>Bast\u0131rma Testi, malzemelerin, bile\u015fenlerin ve \u00fcr\u00fcnlerin b\u00fct\u00fcnl\u00fc\u011f\u00fc ve g\u00fcvenli\u011fi hakk\u0131nda veri sa\u011flayarak, \u00fcreticilerin bitmi\u015f \u00fcr\u00fcnlerinin amaca uygun ve en y\u00fcksek kalitede \u00fcretildi\u011finden emin olmalar\u0131na yard\u0131mc\u0131 olur.<\/p>\n<p><strong>Bir Bast\u0131rma Testinde \u00fcretilen veriler, a\u015fa\u011f\u0131dakiler d\u00e2hil bir\u00e7ok \u015fekilde kullan\u0131labilir:<\/strong><\/p>\n<ul>\n<li>Parti kalitesini belirlemek i\u00e7in<\/li>\n<li>\u00dcretimde tutarl\u0131l\u0131\u011f\u0131 belirlemek i\u00e7in<\/li>\n<li>Tasar\u0131m s\u00fcrecine yard\u0131mc\u0131 olmak i\u00e7in<\/li>\n<li>Malzeme maliyetlerini d\u00fc\u015f\u00fcrmek ve yal\u0131n \u00fcretim hedeflerine ula\u015fmak i\u00e7in<\/li>\n<li>Uluslararas\u0131 ve end\u00fcstri standartlar\u0131na uyumu sa\u011flamak<\/li>\n<\/ul>\n<p>[\/vc_column_text][\/vc_column][vc_column width=&#8221;1\/2&#8243;][vc_column_text]<img loading=\"lazy\" decoding=\"async\" class=\"aligncenter size-large wp-image-391\" src=\"https:\/\/kalkanci.com\/wp-content\/uploads\/2021\/04\/Basma-Cekme-Testi-05-756x1024.jpg\" alt=\"Basma \u00c7ekme Testi\" width=\"756\" height=\"1024\" srcset=\"https:\/\/kalkanci.com\/wp-content\/uploads\/2021\/04\/Basma-Cekme-Testi-05-756x1024.jpg 756w, https:\/\/kalkanci.com\/wp-content\/uploads\/2021\/04\/Basma-Cekme-Testi-05-222x300.jpg 222w, https:\/\/kalkanci.com\/wp-content\/uploads\/2021\/04\/Basma-Cekme-Testi-05-768x1040.jpg 768w, https:\/\/kalkanci.com\/wp-content\/uploads\/2021\/04\/Basma-Cekme-Testi-05.jpg 960w\" sizes=\"auto, (max-width: 756px) 100vw, 756px\" \/>[\/vc_column_text][\/vc_column][\/vc_row][vc_row padding_top_multiplier=&#8221;&#8221; padding_bottom_multiplier=&#8221;&#8221; margin_bottom=&#8221;40&#8243;][vc_column width=&#8221;1\/2&#8243;][vc_column_text]<\/p>\n<h3><strong>Bast\u0131rma Alt\u0131ndaki Malzemeler<\/strong><\/h3>\n<p>S\u0131k\u0131\u015ft\u0131rma kuvvetine maruz kalan baz\u0131 malzemeler ba\u015flang\u0131\u00e7ta gerilme ve gerinim aras\u0131nda do\u011frusal bir ili\u015fki g\u00f6sterir. Bu Hooke Yasas\u0131n\u0131n fiziksel tezah\u00fcr\u00fcd\u00fcr ve \u015funlar\u0131 ifade eder:<\/p>\n<p><strong>E = Gerilme (ler) \/ Gerinim (e)<\/strong><\/p>\n<p>E, s\u0131k\u0131\u015ft\u0131rma i\u00e7in Young Mod\u00fcl\u00fc olarak bilinir. Bu de\u011fer, malzemenin plastik deformasyon meydana gelmeden \u00f6nce uygulanan s\u0131k\u0131\u015ft\u0131rma y\u00fck\u00fc alt\u0131nda ne kadar deforme olaca\u011f\u0131n\u0131 temsil eder. Bir malzemenin deformasyon meydana geldikten sonra orijinal \u015fekline d\u00f6nme kabiliyeti, elastikiyeti olarak adland\u0131r\u0131l\u0131r.<\/p>\n<p>\u00d6rne\u011fin, vulkanize kau\u00e7u\u011fun \u00e7ok elastik oldu\u011fu s\u00f6yleniyor, \u00e7\u00fcnk\u00fc \u00f6nemli miktarda s\u0131k\u0131\u015ft\u0131rma kuvveti uyguland\u0131ktan sonra orijinal \u015fekline geri d\u00f6necek.[\/vc_column_text][\/vc_column][vc_column width=&#8221;1\/2&#8243;][vc_column_text]Belirli bir kuvvet veya gerilim e\u015fi\u011fine ula\u015f\u0131ld\u0131\u011f\u0131nda, kal\u0131c\u0131 veya plastik deformasyon meydana gelir ve do\u011frusal davran\u0131\u015f\u0131n durdu\u011fu nokta olarak grafiklerde g\u00f6sterilir.<\/p>\n<p>Bu e\u015fik orant\u0131l\u0131 s\u0131n\u0131r olarak bilinir ve malzemenin bu davran\u0131\u015f\u0131 g\u00f6stermeye ba\u015flad\u0131\u011f\u0131 kuvvete akma noktas\u0131 veya akma dayan\u0131m\u0131 denir. Bir \u00f6rnek daha sonra iki t\u00fcr davran\u0131\u015ftan birini sergileyecektir; ya sonunda k\u0131r\u0131l\u0131ncaya kadar deforme olmaya devam edecek ya da d\u00fcz olana kadar deforme olacakt\u0131r. Her iki durumda da, nihai bas\u0131n\u00e7 mukavemeti de\u011ferini sa\u011flayan maksimum bir gerilim veya kuvvet ortaya \u00e7\u0131kacakt\u0131r.<\/p>\n<p>Bu parametrelerin her biri, s\u00f6z konusu malzemenin fiziksel \u00f6zellikleriyle ilgili yararl\u0131 bilgiler sunar.<\/p>\n<p>PET \u015fi\u015fe gibi baz\u0131 malzemeler bir bast\u0131rma testi s\u0131ras\u0131nda deforme olur ve bozulma derecesi ile \u00f6l\u00e7\u00fcl\u00fcr, oysa seramik k\u0131r\u0131\u011f\u0131 gibi di\u011fer malzemeler kesin bir bas\u0131n\u00e7 dayan\u0131m\u0131 de\u011feri \u00fcretir.[\/vc_column_text][\/vc_column][\/vc_row][vc_row padding_top_multiplier=&#8221;&#8221; padding_bottom_multiplier=&#8221;&#8221; margin_bottom=&#8221;40&#8243;][vc_column width=&#8221;1\/2&#8243;][vc_column_text]<\/p>\n<h2><strong>Bast\u0131rma Testinin Uygulamalar\u0131<\/strong><\/h2>\n<p>S\u0131k\u0131\u015ft\u0131rma testi, \u00e7ok \u00e7e\u015fitli end\u00fcstrilerdeki bile\u015fenlerin, malzemelerin ve bitmi\u015f \u00fcr\u00fcnlerin kalitesini garanti etmek i\u00e7in kullan\u0131l\u0131r. Tipik s\u0131k\u0131\u015ft\u0131rma testi uygulamalar\u0131 a\u015fa\u011f\u0131daki b\u00f6l\u00fcmlerde vurgulanm\u0131\u015ft\u0131r:<\/p>\n<ul>\n<li>Havac\u0131l\u0131k ve Otomotiv End\u00fcstrisi<\/li>\n<li>Yap\u0131 sekt\u00f6r\u00fc<\/li>\n<li>Kozmetik Sekt\u00f6r\u00fc<\/li>\n<li>Elektrik ve Elektronik Sanayi<\/li>\n<li>T\u0131bbi Cihaz Sekt\u00f6r\u00fc<\/li>\n<li>Ambalaj Sekt\u00f6r\u00fc<\/li>\n<li>Ka\u011f\u0131t ve Karton Sekt\u00f6r\u00fc<\/li>\n<li>Plastik, Kau\u00e7uk ve Elastomer Sekt\u00f6r\u00fc<\/li>\n<li>G\u00fcvenlik, Sa\u011fl\u0131k, Fitness Sekt\u00f6r\u00fc<\/li>\n<\/ul>\n<p>[\/vc_column_text][\/vc_column][vc_column width=&#8221;1\/2&#8243;][vc_column_text]<\/p>\n<h3><strong>KALKANCI Bast\u0131rma Testi<\/strong><\/h3>\n<p>Kalkanc\u0131 olarak \u00fcr\u00fcnlerimizi en zorlu testlere maruz b\u0131rak\u0131yor, \u00fcr\u00fcnlerimizi olabilecekleri en dayan\u0131kl\u0131 hale gelmeleri i\u00e7in s\u00fcrekli s\u0131n\u0131yoruz. Bast\u0131rma Testi gibi en zorlu testlerden bile ba\u015far\u0131yla \u00e7\u0131kan \u00fcr\u00fcnlerimizle Kalkanc\u0131 olarak gurur duyuyoruz.[\/vc_column_text][vc_column_text css=&#8221;.vc_custom_1617367392843{margin-top: 40px !important;}&#8221;]<img loading=\"lazy\" decoding=\"async\" class=\"aligncenter size-large wp-image-393\" src=\"https:\/\/kalkanci.com\/wp-content\/uploads\/2021\/04\/Basma-Cekme-Testi-06-1024x683.jpg\" alt=\"Basma \u00c7ekme Testi\" width=\"1024\" height=\"683\" srcset=\"https:\/\/kalkanci.com\/wp-content\/uploads\/2021\/04\/Basma-Cekme-Testi-06-1024x683.jpg 1024w, https:\/\/kalkanci.com\/wp-content\/uploads\/2021\/04\/Basma-Cekme-Testi-06-300x200.jpg 300w, https:\/\/kalkanci.com\/wp-content\/uploads\/2021\/04\/Basma-Cekme-Testi-06-768x512.jpg 768w, https:\/\/kalkanci.com\/wp-content\/uploads\/2021\/04\/Basma-Cekme-Testi-06.jpg 1200w\" sizes=\"auto, (max-width: 1024px) 100vw, 1024px\" \/>[\/vc_column_text][\/vc_column][\/vc_row]<\/p>\n<\/div>","protected":false},"excerpt":{"rendered":"<p>[vc_row padding_top_multiplier=&#8221;&#8221; padding_bottom_multiplier=&#8221;&#8221; margin_bottom=&#8221;40&#8243;][vc_column width=&#8221;1\/2&#8243;][vc_column_text][\/vc_column_text][\/vc_column][vc_column width=&#8221;1\/2&#8243;][vc_column_text]Bast\u0131rma Testi, s\u0131k\u0131\u015ft\u0131rma y\u00fck\u00fc alt\u0131nda numune davran\u0131\u015f\u0131n\u0131 belirleyen temel parametreleri \u00f6l\u00e7erek bir \u00fcr\u00fcn\u00fcn veya malzemenin s\u0131k\u0131\u015ft\u0131r\u0131ld\u0131\u011f\u0131nda, ezildi\u011finde, ezildi\u011finde veya d\u00fczle\u015ftirildi\u011finde nas\u0131l tepki verece\u011fini belirlemek i\u00e7in kullan\u0131l\u0131r. Bu temel parametreler, malzemeler i\u00e7in yakla\u015f\u0131k olarak orant\u0131l\u0131 s\u0131n\u0131ra e\u015fit olan ve ayn\u0131 zamanda akma noktas\u0131 veya akma dayan\u0131m\u0131 olarak bilinen elastik limiti, Young [&hellip;]<\/p>\n","protected":false},"author":1,"featured_media":0,"parent":369,"menu_order":0,"comment_status":"closed","ping_status":"closed","template":"","meta":{"_seopress_robots_primary_cat":"","_seopress_titles_title":"Basma Testi | Kalkanc\u0131 Pres D\u00f6k\u00fcm ve Kal\u0131p","_seopress_titles_desc":"Al\u00fcminyum D\u00f6k\u00fcm Kal\u0131p \u00fcretimi s\u00fcrecinde \u00fcr\u00fcnlerimizi en zorlu \u015fartlara sokuyor, Basma Testi kontrollerini sa\u011fl\u0131yoruz.","_seopress_robots_index":"","footnotes":""},"class_list":["post-379","page","type-page","status-publish","hentry"],"_links":{"self":[{"href":"https:\/\/kalkanci.com\/tr\/wp-json\/wp\/v2\/pages\/379","targetHints":{"allow":["GET"]}}],"collection":[{"href":"https:\/\/kalkanci.com\/tr\/wp-json\/wp\/v2\/pages"}],"about":[{"href":"https:\/\/kalkanci.com\/tr\/wp-json\/wp\/v2\/types\/page"}],"author":[{"embeddable":true,"href":"https:\/\/kalkanci.com\/tr\/wp-json\/wp\/v2\/users\/1"}],"replies":[{"embeddable":true,"href":"https:\/\/kalkanci.com\/tr\/wp-json\/wp\/v2\/comments?post=379"}],"version-history":[{"count":0,"href":"https:\/\/kalkanci.com\/tr\/wp-json\/wp\/v2\/pages\/379\/revisions"}],"up":[{"embeddable":true,"href":"https:\/\/kalkanci.com\/tr\/wp-json\/wp\/v2\/pages\/369"}],"wp:attachment":[{"href":"https:\/\/kalkanci.com\/tr\/wp-json\/wp\/v2\/media?parent=379"}],"curies":[{"name":"wp","href":"https:\/\/api.w.org\/{rel}","templated":true}]}}