{"id":3863,"date":"2025-03-11T18:41:40","date_gmt":"2025-03-11T15:41:40","guid":{"rendered":"https:\/\/kalkanci.com\/beyaz-esyalar-icin-aluminyum-yuksek-basincli-dokum\/"},"modified":"2025-03-11T18:41:40","modified_gmt":"2025-03-11T15:41:40","slug":"beyaz-esyalar-icin-aluminyum-yuksek-basincli-dokum","status":"publish","type":"page","link":"https:\/\/kalkanci.com\/tr\/beyaz-esyalar-icin-aluminyum-yuksek-basincli-dokum\/","title":{"rendered":"Beyaz E\u015fyalar i\u00e7in Al\u00fcminyum Y\u00fcksek Bas\u0131n\u00e7l\u0131 D\u00f6k\u00fcm"},"content":{"rendered":"<div class=\"wpb-content-wrapper\"><p>[vc_row padding_top_multiplier=&#8221;&#8221;][vc_column][vc_custom_heading text=&#8221;Beyaz E\u015fya \u00dcreticileri i\u00e7in Premium Al\u00fcminyum Y\u00fcksek Bas\u0131n\u00e7l\u0131 D\u00f6k\u00fcm \u00c7\u00f6z\u00fcmleri&#8221; use_theme_fonts=&#8221;yes&#8221; css=&#8221;&#8221;][vc_column_text css=&#8221;&#8221;]Kalkanc\u0131 olarak, beyaz e\u015fya sekt\u00f6r\u00fcn\u00fcn \u00f6zel ihtiya\u00e7lar\u0131n\u0131 kar\u015f\u0131lamak i\u00e7in y\u00fcksek bas\u0131n\u00e7l\u0131 al\u00fcminyum y\u00fcksek bas\u0131n\u00e7l\u0131 d\u00f6k\u00fcm konusunda uzman\u0131z. En son teknoloji ve hassas m\u00fchendislikle, buzdolaplar\u0131, \u00e7ama\u015f\u0131r makineleri, bula\u015f\u0131k makineleri ve f\u0131r\u0131nlar gibi ev aletleri i\u00e7in y\u00fcksek kaliteli bile\u015fenler \u00fcretiyoruz. Uzmanl\u0131\u011f\u0131m\u0131z sayesinde her par\u00e7a, dayan\u0131kl\u0131l\u0131k, i\u015flevsellik ve estetik a\u00e7\u0131s\u0131ndan en y\u00fcksek standartlar\u0131 kar\u015f\u0131lamaktad\u0131r.[\/vc_column_text][\/vc_column][\/vc_row][vc_row][vc_column][vc_custom_heading text=&#8221;Beyaz E\u015fyalar \u0130\u00e7in Neden Al\u00fcminyum Y\u00fcksek Bas\u0131n\u00e7l\u0131 D\u00f6k\u00fcm Tercih Edilmeli?&#8221; font_container=&#8221;tag:h3|text_align:left&#8221; use_theme_fonts=&#8221;yes&#8221; css=&#8221;&#8221;][vc_column_text css=&#8221;&#8221;]Al\u00fcminyum y\u00fcksek bas\u0131n\u00e7l\u0131 d\u00f6k\u00fcm, sundu\u011fu bir\u00e7ok avantaj nedeniyle beyaz e\u015fya \u00fcretiminde en \u00e7ok tercih edilen \u00fcretim y\u00f6ntemlerinden biridir:[\/vc_column_text][\/vc_column][\/vc_row][vc_row padding_top_multiplier=&#8221;&#8221;][vc_column width=&#8221;1\/3&#8243;][vc_column_text css=&#8221;&#8221;]<strong>Hafif Ama Dayan\u0131kl\u0131<\/strong>: Al\u00fcminyum par\u00e7alar g\u00fc\u00e7l\u00fc ve hafif olup, cihazlar\u0131n toplam a\u011f\u0131rl\u0131\u011f\u0131n\u0131 azalt\u0131rken dayan\u0131kl\u0131l\u0131ktan \u00f6d\u00fcn vermez.[\/vc_column_text][\/vc_column][vc_column width=&#8221;1\/3&#8243;][vc_column_text css=&#8221;&#8221;]<strong>Korozyon Direnci<\/strong>: Al\u00fcminyumun do\u011fal olarak paslanmaya ve korozyona kar\u015f\u0131 diren\u00e7li olmas\u0131, nemli ve y\u00fcksek nem i\u00e7eren ortamlarda uzun \u00f6m\u00fcrl\u00fc performans sa\u011flar.[\/vc_column_text][\/vc_column][vc_column width=&#8221;1\/3&#8243;][vc_column_text css=&#8221;&#8221;]<strong>Is\u0131ya Dayan\u0131kl\u0131l\u0131k<\/strong>: F\u0131r\u0131nlar ve bula\u015f\u0131k makineleri gibi y\u00fcksek s\u0131cakl\u0131klara maruz kalan cihazlar i\u00e7in m\u00fckemmel bir se\u00e7imdir.[\/vc_column_text][\/vc_column][\/vc_row][vc_row padding_top_multiplier=&#8221;&#8221;][vc_column width=&#8221;1\/2&#8243;][vc_column_text css=&#8221;&#8221;]<strong>Tasar\u0131m Esnekli\u011fi:<\/strong> Y\u00fcksek bas\u0131n\u00e7l\u0131 d\u00f6k\u00fcm y\u00f6ntemi, karma\u015f\u0131k \u015fekiller ve detayl\u0131 tasar\u0131mlar olu\u015fturmay\u0131 m\u00fcmk\u00fcn k\u0131lar, b\u00f6ylece cihazlar\u0131n i\u015flevselli\u011fi ve esteti\u011fi art\u0131r\u0131l\u0131r.[\/vc_column_text][\/vc_column][vc_column width=&#8221;1\/2&#8243;][vc_column_text css=&#8221;&#8221;]<strong>Maliyet Etkinli\u011fi:<\/strong> Y\u00fcksek bas\u0131n\u00e7l\u0131 d\u00f6k\u00fcm, seri \u00fcretim i\u00e7in idealdir; birim maliyetlerini d\u00fc\u015f\u00fcr\u00fcrken hassasiyet ve kaliteyi korur.[\/vc_column_text][\/vc_column][\/vc_row][vc_row][vc_column][vc_single_image image=&#8221;3830&#8243; img_size=&#8221;full&#8221; alignment=&#8221;center&#8221; css=&#8221;&#8221;][\/vc_column][\/vc_row][vc_row padding_top_multiplier=&#8221;&#8221;][vc_column][vc_custom_heading text=&#8221;Beyaz E\u015fyalar \u0130\u00e7in Al\u00fcminyum Y\u00fcksek Bas\u0131n\u00e7l\u0131 D\u00f6k\u00fcm Uygulamalar\u0131&#8221; use_theme_fonts=&#8221;yes&#8221; css=&#8221;&#8221;][vc_column_text css=&#8221;&#8221;]Al\u00fcminyum y\u00fcksek bas\u0131n\u00e7l\u0131 d\u00f6k\u00fcm s\u00fcrecimiz, beyaz e\u015fya sekt\u00f6r\u00fcne y\u00f6nelik \u00e7e\u015fitli bile\u015fenlerin \u00fcretimine \u00f6zelle\u015ftirilmi\u015ftir:[\/vc_column_text][\/vc_column][\/vc_row][vc_row padding_top_multiplier=&#8221;&#8221; padding_bottom_multiplier=&#8221;&#8221;][vc_column width=&#8221;1\/4&#8243;][vc_column_text css=&#8221;&#8221;]<strong>Buzdolaplar\u0131<\/strong><\/p>\n<ul>\n<li>Kap\u0131 mente\u015feleri ve kollar\u0131<\/li>\n<li>Kompres\u00f6r muhafazalar\u0131<\/li>\n<li>Yap\u0131sal destekler ve braketler<\/li>\n<\/ul>\n<p>[\/vc_column_text][\/vc_column][vc_column width=&#8221;1\/4&#8243;][vc_column_text css=&#8221;&#8221;]<strong>\u00c7ama\u015f\u0131r Makineleri<\/strong><\/p>\n<ul>\n<li>Motor muhafazalar\u0131<\/li>\n<li>\u015eanz\u0131man bile\u015fenleri<\/li>\n<li>Kar\u015f\u0131 a\u011f\u0131rl\u0131klar ve \u00e7er\u00e7eveler<\/li>\n<\/ul>\n<p>[\/vc_column_text][\/vc_column][vc_column width=&#8221;1\/4&#8243;][vc_column_text css=&#8221;&#8221;]<strong>Bula\u015f\u0131k Makineleri<\/strong><\/p>\n<ul>\n<li>Pompa bile\u015fenleri<\/li>\n<li>Kap\u0131 braketleri<\/li>\n<li>\u0130\u00e7 yap\u0131sal par\u00e7alar<\/li>\n<\/ul>\n<p>[\/vc_column_text][\/vc_column][vc_column width=&#8221;1\/4&#8243;][vc_column_text css=&#8221;&#8221;]<strong>F\u0131r\u0131nlar ve Mikrodalgalar<\/strong><\/p>\n<ul>\n<li>Is\u0131ya dayan\u0131kl\u0131 paneller ve muhafazalar<\/li>\n<li>Kontrol d\u00fc\u011fmeleri ve montaj braketleri<\/li>\n<li>Yap\u0131sal \u00e7er\u00e7eveler<\/li>\n<\/ul>\n<p>[\/vc_column_text][\/vc_column][\/vc_row][vc_row padding_top_multiplier=&#8221;&#8221;][vc_column css=&#8221;.vc_custom_1741628333075{padding-right: 5% !important;padding-left: 5% !important;}&#8221;]<blockquote class=\"eut-element eut-animated-item eut-fade-in-up eut-duration-normal eut-align-center\" style=\"\" data-delay=\"200\"><p>Kalkanc\u0131 ile i\u015f birli\u011fi yaparak, her bile\u015fenin performans, g\u00fcvenilirlik ve tasar\u0131m a\u00e7\u0131s\u0131ndan en iyi \u015fekilde optimize edilmesini sa\u011flayabilirsiniz.<\/p><\/blockquote>[\/vc_column][\/vc_row][vc_row][vc_column width=&#8221;1\/2&#8243;][vc_custom_heading text=&#8221;Al\u00fcminyum Y\u00fcksek Bas\u0131n\u00e7l\u0131 D\u00f6k\u00fcm S\u00fcrecimiz&#8221; font_container=&#8221;tag:h3|text_align:left&#8221; use_theme_fonts=&#8221;yes&#8221; css=&#8221;&#8221;][vc_column_text css=&#8221;&#8221;]Kalkanc\u0131 olarak, ileri seviye y\u00fcksek bas\u0131n\u00e7l\u0131 d\u00f6k\u00fcm teknikleri kullanarak tutarl\u0131 ve kaliteli sonu\u00e7lar sunuyoruz:<\/p>\n<ol>\n<li><strong>Tasar\u0131m ve Prototipleme:<\/strong> Ekibimiz, bile\u015fenlerin tam spesifikasyonlar\u0131n\u0131za uygun \u015fekilde tasarlanmas\u0131 i\u00e7in sizinle i\u015f birli\u011fi yapar.<\/li>\n<li><strong>Y\u00fcksek Bas\u0131n\u00e7l\u0131 D\u00f6k\u00fcm:<\/strong> Son teknoloji ekipmanlar\u0131m\u0131zla, dar toleranslara sahip, \u00fcst\u00fcn y\u00fczey kalitesine sahip par\u00e7alar \u00fcretiriz.<\/li>\n<li><strong>Son \u0130\u015flemler:<\/strong> Kesme, parlatma ve kaplama gibi \u00e7e\u015fitli y\u00fczey i\u015flemleri sunarak, bile\u015fenlerin ihtiya\u00e7lar\u0131n\u0131za tam uyumlu olmas\u0131n\u0131 sa\u011flar\u0131z.<\/li>\n<li><strong>Kalite G\u00fcvencesi:<\/strong> Her \u00fcr\u00fcn, sekt\u00f6r standartlar\u0131n\u0131 ve beklentilerinizi kar\u015f\u0131lamak i\u00e7in titiz testlerden ge\u00e7irilir.<\/li>\n<\/ol>\n<p>[\/vc_column_text][\/vc_column][vc_column width=&#8221;1\/2&#8243;][vc_custom_heading text=&#8221;Neden Kalkanc\u0131 ile \u0130\u015f Birli\u011fi Yapmal\u0131s\u0131n\u0131z?&#8221; font_container=&#8221;tag:h3|text_align:left&#8221; use_theme_fonts=&#8221;yes&#8221; css=&#8221;&#8221;][vc_column_text css=&#8221;&#8221;]<\/p>\n<ul>\n<li><strong>Sekt\u00f6r Uzmanl\u0131\u011f\u0131:<\/strong> Y\u0131llara dayanan al\u00fcminyum y\u00fcksek bas\u0131n\u00e7l\u0131 d\u00f6k\u00fcm deneyimimizle, beyaz e\u015fya \u00fcreticilerinin \u00f6zel ihtiya\u00e7lar\u0131n\u0131 \u00e7ok iyi anl\u0131yoruz.<\/li>\n<li><strong>\u00d6zelle\u015ftirilmi\u015f \u00c7\u00f6z\u00fcmler:<\/strong> S\u00fcre\u00e7lerimizi, tam gereksinimlerinize uygun bile\u015fenler \u00fcretmek i\u00e7in uyarl\u0131yoruz.<\/li>\n<li><strong>Son Teknoloji:<\/strong> Geli\u015fmi\u015f ekipmanlar\u0131m\u0131z, hassasiyet, verimlilik ve \u00f6l\u00e7eklenebilirlik sa\u011flar.<\/li>\n<li><strong>S\u00fcrd\u00fcr\u00fclebilirlik Odakl\u0131 Yakla\u015f\u0131m:<\/strong> Geri d\u00f6n\u00fc\u015ft\u00fcr\u00fclebilir al\u00fcminyum kullanarak ve at\u0131klar\u0131 en aza indirerek \u00e7evre dostu \u00fcretim s\u00fcre\u00e7lerine ba\u011fl\u0131y\u0131z.<\/li>\n<li><strong>Zaman\u0131nda Teslimat:<\/strong> Verimli \u00fcretim s\u00fcrecimiz, projelerinizin zaman\u0131nda tamamlanmas\u0131n\u0131 garanti eder.<\/li>\n<\/ul>\n<p>[\/vc_column_text][\/vc_column][\/vc_row][vc_row padding_top_multiplier=&#8221;&#8221;][vc_column][vc_custom_heading text=&#8221;Al\u00fcminyum Y\u00fcksek Bas\u0131n\u00e7l\u0131 D\u00f6k\u00fcm \u0130htiya\u00e7lar\u0131n\u0131z \u0130\u00e7in Bizimle \u00c7al\u0131\u015f\u0131n&#8221; use_theme_fonts=&#8221;yes&#8221; css=&#8221;&#8221;][vc_column_text css=&#8221;&#8221;]Beyaz e\u015fyalar i\u00e7in g\u00fcvenilir bir al\u00fcminyum y\u00fcksek bas\u0131n\u00e7l\u0131 d\u00f6k\u00fcm orta\u011f\u0131 m\u0131 ar\u0131yorsunuz? Kalkanc\u0131 olarak buraday\u0131z. Y\u00fcksek bas\u0131n\u00e7l\u0131 d\u00f6k\u00fcm \u00e7\u00f6z\u00fcmlerimiz, cihazlar\u0131n\u0131z\u0131n performans\u0131n\u0131 ve kalitesini art\u0131rmak i\u00e7in tasarlanm\u0131\u015ft\u0131r. Bug\u00fcn bizimle ileti\u015fime ge\u00e7erek projenizi tart\u0131\u015f\u0131n ve size \u00f6zel bir teklif al\u0131n. Hassas m\u00fchendislikle \u00fcretilmi\u015f al\u00fcminyum bile\u015fenlerle vizyonunuzu hayata ge\u00e7irelim.[\/vc_column_text][\/vc_column][\/vc_row]<\/p>\n<\/div>","protected":false},"excerpt":{"rendered":"<p>[vc_row padding_top_multiplier=&#8221;&#8221;][vc_column][vc_custom_heading text=&#8221;Beyaz E\u015fya \u00dcreticileri i\u00e7in Premium Al\u00fcminyum Y\u00fcksek Bas\u0131n\u00e7l\u0131 D\u00f6k\u00fcm \u00c7\u00f6z\u00fcmleri&#8221; use_theme_fonts=&#8221;yes&#8221; css=&#8221;&#8221;][vc_column_text css=&#8221;&#8221;]Kalkanc\u0131 olarak, beyaz e\u015fya sekt\u00f6r\u00fcn\u00fcn \u00f6zel ihtiya\u00e7lar\u0131n\u0131 kar\u015f\u0131lamak i\u00e7in y\u00fcksek bas\u0131n\u00e7l\u0131 al\u00fcminyum y\u00fcksek bas\u0131n\u00e7l\u0131 d\u00f6k\u00fcm konusunda uzman\u0131z. En son teknoloji ve hassas m\u00fchendislikle, buzdolaplar\u0131, \u00e7ama\u015f\u0131r makineleri, bula\u015f\u0131k makineleri ve f\u0131r\u0131nlar gibi ev aletleri i\u00e7in y\u00fcksek kaliteli bile\u015fenler \u00fcretiyoruz. Uzmanl\u0131\u011f\u0131m\u0131z sayesinde her [&hellip;]<\/p>\n","protected":false},"author":1,"featured_media":0,"parent":0,"menu_order":0,"comment_status":"closed","ping_status":"closed","template":"","meta":{"_seopress_robots_primary_cat":"","_seopress_titles_title":"Beyaz E\u015fyalar i\u00e7in Al\u00fcminyum Y\u00fcksek Bas\u0131n\u00e7l\u0131 D\u00f6k\u00fcm | KALKANCI","_seopress_titles_desc":"Beyaz E\u015fyalar i\u00e7in Al\u00fcminyum Y\u00fcksek Bas\u0131n\u00e7l\u0131 D\u00f6k\u00fcm, Beyaz E\u015fya \u00dcreticileri i\u00e7in Premium Al\u00fcminyum Y\u00fcksek Bas\u0131n\u00e7l\u0131 D\u00f6k\u00fcm \u00c7\u00f6z\u00fcmleri, Beyaz E\u015fyalar \u0130\u00e7in Neden Al\u00fcminyum Y\u00fcksek Bas\u0131n\u00e7l\u0131 D\u00f6k\u00fcm Tercih Edilmeli?","_seopress_robots_index":"","footnotes":""},"class_list":["post-3863","page","type-page","status-publish","hentry"],"_links":{"self":[{"href":"https:\/\/kalkanci.com\/tr\/wp-json\/wp\/v2\/pages\/3863","targetHints":{"allow":["GET"]}}],"collection":[{"href":"https:\/\/kalkanci.com\/tr\/wp-json\/wp\/v2\/pages"}],"about":[{"href":"https:\/\/kalkanci.com\/tr\/wp-json\/wp\/v2\/types\/page"}],"author":[{"embeddable":true,"href":"https:\/\/kalkanci.com\/tr\/wp-json\/wp\/v2\/users\/1"}],"replies":[{"embeddable":true,"href":"https:\/\/kalkanci.com\/tr\/wp-json\/wp\/v2\/comments?post=3863"}],"version-history":[{"count":3,"href":"https:\/\/kalkanci.com\/tr\/wp-json\/wp\/v2\/pages\/3863\/revisions"}],"predecessor-version":[{"id":3866,"href":"https:\/\/kalkanci.com\/tr\/wp-json\/wp\/v2\/pages\/3863\/revisions\/3866"}],"wp:attachment":[{"href":"https:\/\/kalkanci.com\/tr\/wp-json\/wp\/v2\/media?parent=3863"}],"curies":[{"name":"wp","href":"https:\/\/api.w.org\/{rel}","templated":true}]}}