{"id":3899,"date":"2025-03-13T19:12:26","date_gmt":"2025-03-13T16:12:26","guid":{"rendered":"https:\/\/kalkanci.com\/yenilenebilir-enerji-icin-aluminyum-yuksek-basincli-dokum\/"},"modified":"2025-03-13T19:13:10","modified_gmt":"2025-03-13T16:13:10","slug":"yenilenebilir-enerji-icin-aluminyum-yuksek-basincli-dokum","status":"publish","type":"page","link":"https:\/\/kalkanci.com\/tr\/yenilenebilir-enerji-icin-aluminyum-yuksek-basincli-dokum\/","title":{"rendered":"Yenilenebilir Enerji \u0130\u00e7in Al\u00fcminyum Y\u00fcksek Bas\u0131n\u00e7l\u0131 D\u00f6k\u00fcm"},"content":{"rendered":"<div class=\"wpb-content-wrapper\"><p>[vc_row padding_top_multiplier=&#8221;&#8221;][vc_column][vc_custom_heading text=&#8221;Yenilenebilir Enerji \u0130\u00e7in Al\u00fcminyum Y\u00fcksek Bas\u0131n\u00e7l\u0131 D\u00f6k\u00fcm \u00c7\u00f6z\u00fcmleri&#8221; use_theme_fonts=&#8221;yes&#8221; css=&#8221;&#8221;][vc_column_text css=&#8221;&#8221;]Kalkanc\u0131 olarak, yenilenebilir enerji sekt\u00f6r\u00fcn\u00fcn zorlu gereksinimlerine \u00f6zel y\u00fcksek bas\u0131n\u00e7l\u0131 al\u00fcminyum y\u00fcksek bas\u0131n\u00e7l\u0131 d\u00f6k\u00fcm \u00e7\u00f6z\u00fcmleri sunuyoruz. Hassasiyet ve dayan\u0131kl\u0131l\u0131\u011f\u0131 \u00f6n planda tutarak, g\u00fcne\u015f, r\u00fczg\u00e2r ve di\u011fer s\u00fcrd\u00fcr\u00fclebilir enerji sistemlerinde kullan\u0131lan bile\u015fenler i\u00e7in yenilik\u00e7i \u00e7\u00f6z\u00fcmler sa\u011fl\u0131yoruz. Uzmanl\u0131\u011f\u0131m\u0131z, her bile\u015fenin yenilenebilir enerji teknolojilerinin verimlili\u011fine, g\u00fcvenilirli\u011fine ve uzun vadeli performans\u0131na katk\u0131da bulunmas\u0131n\u0131 garanti eder.[\/vc_column_text][\/vc_column][\/vc_row][vc_row][vc_column][vc_custom_heading text=&#8221;Yenilenebilir Enerji \u0130\u00e7in Neden Al\u00fcminyum Y\u00fcksek Bas\u0131n\u00e7l\u0131 D\u00f6k\u00fcm Tercih Edilmeli?&#8221; font_container=&#8221;tag:h3|text_align:left&#8221; use_theme_fonts=&#8221;yes&#8221; css=&#8221;&#8221;][vc_column_text css=&#8221;&#8221;]Al\u00fcminyum y\u00fcksek bas\u0131n\u00e7l\u0131 d\u00f6k\u00fcm, sundu\u011fu avantajlar sayesinde yenilenebilir enerji uygulamalar\u0131 i\u00e7in ideal bir \u00e7\u00f6z\u00fcmd\u00fcr:[\/vc_column_text][\/vc_column][\/vc_row][vc_row padding_top_multiplier=&#8221;&#8221;][vc_column width=&#8221;1\/3&#8243;][vc_column_text css=&#8221;&#8221;]<strong>Hafif ve Dayan\u0131kl\u0131:<\/strong> Al\u00fcminyum bile\u015fenler, hem hafif hem de g\u00fc\u00e7l\u00fc yap\u0131lar\u0131yla a\u011f\u0131rl\u0131k ve dayan\u0131kl\u0131l\u0131\u011f\u0131n kritik oldu\u011fu kurulumlar i\u00e7in m\u00fckemmel bir se\u00e7imdir.[\/vc_column_text][\/vc_column][vc_column width=&#8221;1\/3&#8243;][vc_column_text css=&#8221;&#8221;]<strong>Korozyon Direnci:<\/strong> Al\u00fcminyumun paslanmaya ve \u00e7evresel a\u015f\u0131nmaya kar\u015f\u0131 do\u011fal direnci, zorlu d\u0131\u015f mekan ko\u015fullar\u0131nda bile uzun \u00f6m\u00fcrl\u00fc kullan\u0131m sa\u011flar.[\/vc_column_text][\/vc_column][vc_column width=&#8221;1\/3&#8243;][vc_column_text css=&#8221;&#8221;]<strong>Is\u0131 \u0130letkenli\u011fi:<\/strong> Al\u00fcminyumun m\u00fckemmel \u0131s\u0131 da\u011f\u0131tma \u00f6zellikleri, enerji sistemlerinde s\u0131cakl\u0131k y\u00f6netimi i\u00e7in kritik bir rol oynar.[\/vc_column_text][\/vc_column][\/vc_row][vc_row padding_top_multiplier=&#8221;&#8221;][vc_column width=&#8221;1\/2&#8243;][vc_column_text css=&#8221;&#8221;]<strong>Tasar\u0131m Esnekli\u011fi:<\/strong> Y\u00fcksek bas\u0131n\u00e7l\u0131 d\u00f6k\u00fcm, karma\u015f\u0131k \u015fekillerin ve entegre tasar\u0131mlar\u0131n \u00fcretilmesine olanak tan\u0131yarak sistem verimlili\u011fini art\u0131r\u0131r.[\/vc_column_text][\/vc_column][vc_column width=&#8221;1\/2&#8243;][vc_column_text css=&#8221;&#8221;]<strong>Maliyet Etkin \u00dcretim:<\/strong> Y\u00fcksek bas\u0131n\u00e7l\u0131 d\u00f6k\u00fcm, b\u00fcy\u00fck \u00f6l\u00e7ekli \u00fcretim i\u00e7in uygundur ve her bile\u015fende tutarl\u0131 kaliteyi koruyarak maliyetleri d\u00fc\u015f\u00fcr\u00fcr.[\/vc_column_text][\/vc_column][\/vc_row][vc_row][vc_column][vc_single_image image=&#8221;3893&#8243; img_size=&#8221;full&#8221; alignment=&#8221;center&#8221; css=&#8221;&#8221;][\/vc_column][\/vc_row][vc_row padding_top_multiplier=&#8221;&#8221;][vc_column][vc_custom_heading text=&#8221;Yenilenebilir Enerji Sistemlerinde Al\u00fcminyum Y\u00fcksek Bas\u0131n\u00e7l\u0131 D\u00f6k\u00fcm Uygulamalar\u0131&#8221; use_theme_fonts=&#8221;yes&#8221; css=&#8221;&#8221;][vc_column_text css=&#8221;&#8221;]Al\u00fcminyum y\u00fcksek bas\u0131n\u00e7l\u0131 d\u00f6k\u00fcm \u00e7\u00f6z\u00fcmlerimiz, yenilenebilir enerji sistemlerinde geni\u015f bir kullan\u0131m alan\u0131na sahiptir:[\/vc_column_text][\/vc_column][\/vc_row][vc_row padding_top_multiplier=&#8221;&#8221; padding_bottom_multiplier=&#8221;&#8221;][vc_column width=&#8221;1\/4&#8243;][vc_column_text css=&#8221;&#8221;]<\/p>\n<h4><strong>G\u00fcne\u015f Enerjisi Sistemleri<\/strong><\/h4>\n<ul>\n<li>\u0130nvert\u00f6rler i\u00e7in \u0131s\u0131 al\u0131c\u0131lar\u0131 ve so\u011futma bile\u015fenleri<\/li>\n<li>Montaj braketleri ve yap\u0131sal destekler<\/li>\n<li>G\u00fcne\u015f panelleri i\u00e7in \u00e7er\u00e7eveler ve muhafazalar<\/li>\n<\/ul>\n<p>[\/vc_column_text][\/vc_column][vc_column width=&#8221;1\/4&#8243;][vc_column_text css=&#8221;&#8221;]<\/p>\n<h4><strong>R\u00fczgar T\u00fcrbinleri<\/strong><\/h4>\n<ul>\n<li>\u015eanz\u0131man muhafazalar\u0131<\/li>\n<li>T\u00fcrbin g\u00f6vdesi (nacelle) yap\u0131sal bile\u015fenleri<\/li>\n<li>Hafif \u00e7er\u00e7eveler ve muhafazalar<\/li>\n<\/ul>\n<p>[\/vc_column_text][\/vc_column][vc_column width=&#8221;1\/4&#8243;][vc_column_text css=&#8221;&#8221;]<\/p>\n<h4><strong>Enerji Depolama Sistemleri<\/strong><\/h4>\n<ul>\n<li>Batarya muhafazalar\u0131 ve kaplamalar<\/li>\n<li>Termal y\u00f6netim bile\u015fenleri<\/li>\n<li>Depolama \u00fcniteleri i\u00e7in yap\u0131sal destekler<\/li>\n<\/ul>\n<p>[\/vc_column_text][\/vc_column][vc_column width=&#8221;1\/4&#8243;][vc_column_text css=&#8221;&#8221;]<\/p>\n<h4><strong>Elektrikli Ara\u00e7 \u015earj \u0130stasyonlar\u0131<\/strong><\/h4>\n<ul>\n<li>\u015earj \u00fcniteleri i\u00e7in kasalar ve muhafazalar<\/li>\n<li>Elektronik bile\u015fenler i\u00e7in so\u011futma elemanlar\u0131<\/li>\n<li>Yap\u0131sal destekler ve montaj braketleri<\/li>\n<\/ul>\n<p>[\/vc_column_text][\/vc_column][\/vc_row][vc_row padding_top_multiplier=&#8221;&#8221;][vc_column css=&#8221;.vc_custom_1741628333075{padding-right: 5% !important;padding-left: 5% !important;}&#8221;]<blockquote class=\"eut-element eut-animated-item eut-fade-in-up eut-duration-normal eut-align-center\" style=\"\" data-delay=\"200\"><p>Kalkanc\u0131 ile i\u015f birli\u011fi yaparak bile\u015fenlerinizin yenilenebilir enerji sistemlerinin performans\u0131n\u0131 en \u00fcst d\u00fczeye \u00e7\u0131karacak \u015fekilde tasarlanmas\u0131n\u0131 ve \u00fcretilmesini sa\u011flayabilirsiniz.<\/p><\/blockquote>[\/vc_column][\/vc_row][vc_row][vc_column width=&#8221;1\/2&#8243;][vc_custom_heading text=&#8221;Al\u00fcminyum Y\u00fcksek Bas\u0131n\u00e7l\u0131 D\u00f6k\u00fcm S\u00fcrecimiz&#8221; font_container=&#8221;tag:h3|text_align:left&#8221; use_theme_fonts=&#8221;yes&#8221; css=&#8221;&#8221;][vc_column_text css=&#8221;&#8221;]Kalkanc\u0131 olarak, geli\u015fmi\u015f y\u00fcksek bas\u0131n\u00e7l\u0131 d\u00f6k\u00fcm tekniklerini kullanarak \u00fcst\u00fcn kaliteli sonu\u00e7lar sunuyoruz:<\/p>\n<ol>\n<li><strong>Tasar\u0131m \u0130\u015f Birli\u011fi:<\/strong> Ekibimiz, bile\u015fenlerin \u00f6zel gereksinimlerinize tam olarak uymas\u0131n\u0131 sa\u011flamak i\u00e7in sizinle yak\u0131n i\u015f birli\u011fi yapar.<\/li>\n<li><strong>Y\u00fcksek bas\u0131n\u00e7l\u0131 d\u00f6k\u00fcm:<\/strong> Son teknoloji ekipmanlar\u0131m\u0131zla, ola\u011fan\u00fcst\u00fc hassasiyete ve \u00fcst\u00fcn y\u00fczey kalitesine sahip bile\u015fenler \u00fcretiyoruz.<\/li>\n<li><strong>\u00dcretim Sonras\u0131 Hizmetler:<\/strong> Kesme, parlatma ve koruyucu kaplama uygulamalar\u0131 dahil olmak \u00fczere kapsaml\u0131 y\u00fczey i\u015flem \u00e7\u00f6z\u00fcmleri sunuyoruz.<\/li>\n<li><strong>Kalite G\u00fcvencesi:<\/strong> Her bile\u015fen, sekt\u00f6r standartlar\u0131na ve performans beklentilerine uygunlu\u011funu sa\u011flamak i\u00e7in titiz testlerden ge\u00e7irilir.<\/li>\n<\/ol>\n<p>[\/vc_column_text][\/vc_column][vc_column width=&#8221;1\/2&#8243;][vc_custom_heading text=&#8221;Neden Kalkanc\u0131 ile \u0130\u015f Birli\u011fi Yapmal\u0131s\u0131n\u0131z?&#8221; font_container=&#8221;tag:h3|text_align:left&#8221; use_theme_fonts=&#8221;yes&#8221; css=&#8221;&#8221;][vc_column_text css=&#8221;&#8221;]<\/p>\n<ul>\n<li><strong>Yenilenebilir Enerji Uzmanl\u0131\u011f\u0131:<\/strong> Y\u0131llara dayanan deneyimimiz sayesinde, yenilenebilir enerji sekt\u00f6r\u00fcn\u00fcn \u00f6zel ihtiya\u00e7lar\u0131n\u0131 ve zorluklar\u0131n\u0131 iyi anl\u0131yoruz.<\/li>\n<li><strong>\u00d6zelle\u015ftirilmi\u015f \u00c7\u00f6z\u00fcmler:<\/strong> S\u00fcre\u00e7lerimizi, yenilenebilir enerji teknolojilerinin \u00f6zel gereksinimlerini kar\u015f\u0131layacak \u015fekilde uyarl\u0131yoruz.<\/li>\n<li><strong>Geli\u015fmi\u015f Teknoloji:<\/strong> Y\u00fcksek bas\u0131n\u00e7l\u0131 d\u00f6k\u00fcm sistemlerimiz, b\u00fcy\u00fck \u00f6l\u00e7ekli projeler i\u00e7in hassasiyet, verimlilik ve \u00f6l\u00e7eklenebilirlik sa\u011flar.<\/li>\n<li><strong>S\u00fcrd\u00fcr\u00fclebilirlik Taahh\u00fcd\u00fc:<\/strong> \u00c7evre dostu \u00fcretim uygulamalar\u0131na \u00f6ncelik veriyor, geri d\u00f6n\u00fc\u015ft\u00fcr\u00fclebilir al\u00fcminyum kullan\u0131yor ve at\u0131klar\u0131 en aza indiriyoruz.<\/li>\n<li><strong>G\u00fcvenilir Teslimat:<\/strong> Verimli operasyonlar\u0131m\u0131z, projelerinizin zaman\u0131nda tamamlanmas\u0131n\u0131 sa\u011flamak i\u00e7in kesintisiz teslimat hizmeti sunar.<\/li>\n<\/ul>\n<p>[\/vc_column_text][\/vc_column][\/vc_row][vc_row padding_top_multiplier=&#8221;&#8221;][vc_column][vc_custom_heading text=&#8221;Yenilenebilir Enerji \u00c7\u00f6z\u00fcmleri \u0130\u00e7in Kalkanc\u0131 ile \u0130\u015f Birli\u011fi Yap\u0131n&#8221; use_theme_fonts=&#8221;yes&#8221; css=&#8221;&#8221;][vc_column_text css=&#8221;&#8221;]Yenilenebilir enerji sekt\u00f6r\u00fcnde al\u00fcminyum y\u00fcksek bas\u0131n\u00e7l\u0131 d\u00f6k\u00fcm i\u00e7in g\u00fcvenilir bir ortak m\u0131 ar\u0131yorsunuz? Kalkanc\u0131, s\u00fcrd\u00fcr\u00fclebilir enerji sistemlerinin verimlili\u011fini ve g\u00fcvenilirli\u011fini art\u0131ran y\u00fcksek bas\u0131n\u00e7l\u0131 d\u00f6k\u00fcm \u00e7\u00f6z\u00fcmleri sunmaktad\u0131r. Bug\u00fcn bizimle ileti\u015fime ge\u00e7erek projenizi tart\u0131\u015f\u0131n ve size \u00f6zel bir teklif al\u0131n. Kalkanc\u0131 ile gelece\u011fi \u015fekillendirelim ve yenilenebilir enerjiye g\u00fc\u00e7 katacak uzman i\u015f\u00e7ilikle \u00fcretilmi\u015f al\u00fcminyum bile\u015fenler sa\u011flayal\u0131m.[\/vc_column_text][\/vc_column][\/vc_row]<\/p>\n<\/div>","protected":false},"excerpt":{"rendered":"<p>[vc_row padding_top_multiplier=&#8221;&#8221;][vc_column][vc_custom_heading text=&#8221;Yenilenebilir Enerji \u0130\u00e7in Al\u00fcminyum Y\u00fcksek Bas\u0131n\u00e7l\u0131 D\u00f6k\u00fcm \u00c7\u00f6z\u00fcmleri&#8221; use_theme_fonts=&#8221;yes&#8221; css=&#8221;&#8221;][vc_column_text css=&#8221;&#8221;]Kalkanc\u0131 olarak, yenilenebilir enerji sekt\u00f6r\u00fcn\u00fcn zorlu gereksinimlerine \u00f6zel y\u00fcksek bas\u0131n\u00e7l\u0131 al\u00fcminyum y\u00fcksek bas\u0131n\u00e7l\u0131 d\u00f6k\u00fcm \u00e7\u00f6z\u00fcmleri sunuyoruz. Hassasiyet ve dayan\u0131kl\u0131l\u0131\u011f\u0131 \u00f6n planda tutarak, g\u00fcne\u015f, r\u00fczg\u00e2r ve di\u011fer s\u00fcrd\u00fcr\u00fclebilir enerji sistemlerinde kullan\u0131lan bile\u015fenler i\u00e7in yenilik\u00e7i \u00e7\u00f6z\u00fcmler sa\u011fl\u0131yoruz. Uzmanl\u0131\u011f\u0131m\u0131z, her bile\u015fenin yenilenebilir enerji teknolojilerinin verimlili\u011fine, g\u00fcvenilirli\u011fine [&hellip;]<\/p>\n","protected":false},"author":1,"featured_media":0,"parent":0,"menu_order":0,"comment_status":"closed","ping_status":"closed","template":"","meta":{"_seopress_robots_primary_cat":"","_seopress_titles_title":"Yenilenebilir Enerji \u0130\u00e7in Al\u00fcminyum Y\u00fcksek Bas\u0131n\u00e7l\u0131 D\u00f6k\u00fcm | KALKANCI","_seopress_titles_desc":"Yenilenebilir Enerji \u0130\u00e7in Al\u00fcminyum Y\u00fcksek Bas\u0131n\u00e7l\u0131 D\u00f6k\u00fcm, Yenilenebilir Enerji \u0130\u00e7in Al\u00fcminyum Y\u00fcksek Bas\u0131n\u00e7l\u0131 D\u00f6k\u00fcm \u00c7\u00f6z\u00fcmleri, Al\u00fcminyum Y\u00fcksek Bas\u0131n\u00e7l\u0131 D\u00f6k\u00fcm S\u00fcrecimiz.","_seopress_robots_index":"","footnotes":""},"class_list":["post-3899","page","type-page","status-publish","hentry"],"_links":{"self":[{"href":"https:\/\/kalkanci.com\/tr\/wp-json\/wp\/v2\/pages\/3899","targetHints":{"allow":["GET"]}}],"collection":[{"href":"https:\/\/kalkanci.com\/tr\/wp-json\/wp\/v2\/pages"}],"about":[{"href":"https:\/\/kalkanci.com\/tr\/wp-json\/wp\/v2\/types\/page"}],"author":[{"embeddable":true,"href":"https:\/\/kalkanci.com\/tr\/wp-json\/wp\/v2\/users\/1"}],"replies":[{"embeddable":true,"href":"https:\/\/kalkanci.com\/tr\/wp-json\/wp\/v2\/comments?post=3899"}],"version-history":[{"count":7,"href":"https:\/\/kalkanci.com\/tr\/wp-json\/wp\/v2\/pages\/3899\/revisions"}],"predecessor-version":[{"id":3906,"href":"https:\/\/kalkanci.com\/tr\/wp-json\/wp\/v2\/pages\/3899\/revisions\/3906"}],"wp:attachment":[{"href":"https:\/\/kalkanci.com\/tr\/wp-json\/wp\/v2\/media?parent=3899"}],"curies":[{"name":"wp","href":"https:\/\/api.w.org\/{rel}","templated":true}]}}