{"id":3932,"date":"2025-03-13T19:47:30","date_gmt":"2025-03-13T16:47:30","guid":{"rendered":"https:\/\/kalkanci.com\/tibbi-ve-saglik-ekipmanlari-icin-aluminyum-yuksek-basincli-dokum\/"},"modified":"2025-03-13T19:47:31","modified_gmt":"2025-03-13T16:47:31","slug":"tibbi-ve-saglik-ekipmanlari-icin-aluminyum-yuksek-basincli-dokum","status":"publish","type":"page","link":"https:\/\/kalkanci.com\/tr\/tibbi-ve-saglik-ekipmanlari-icin-aluminyum-yuksek-basincli-dokum\/","title":{"rendered":"T\u0131bbi ve Sa\u011fl\u0131k Ekipmanlar\u0131 \u0130\u00e7in Al\u00fcminyum Y\u00fcksek Bas\u0131n\u00e7l\u0131 D\u00f6k\u00fcm"},"content":{"rendered":"<div class=\"wpb-content-wrapper\"><p>[vc_row padding_top_multiplier=&#8221;&#8221;][vc_column][vc_custom_heading text=&#8221;T\u0131bbi ve Sa\u011fl\u0131k Ekipmanlar\u0131 \u0130\u00e7in Al\u00fcminyum Y\u00fcksek Bas\u0131n\u00e7l\u0131 D\u00f6k\u00fcm \u00c7\u00f6z\u00fcmleri&#8221; use_theme_fonts=&#8221;yes&#8221; css=&#8221;&#8221;][vc_column_text css=&#8221;&#8221;]Kalkanc\u0131, t\u0131bbi ve sa\u011fl\u0131k ekipmanlar\u0131 sekt\u00f6r\u00fcne \u00f6zel y\u00fcksek bas\u0131n\u00e7l\u0131 al\u00fcminyum y\u00fcksek bas\u0131n\u00e7l\u0131 d\u00f6k\u00fcm \u00e7\u00f6z\u00fcmleri sunmaktad\u0131r. Geli\u015fmi\u015f \u00fcretim s\u00fcre\u00e7lerimiz, sa\u011fl\u0131k sekt\u00f6r\u00fcn\u00fcn s\u0131k\u0131 standartlar\u0131n\u0131 kar\u015f\u0131layan dayan\u0131kl\u0131, hafif ve hassas m\u00fchendislik \u00fcr\u00fcn\u00fc bile\u015fenler \u00fcretmemizi sa\u011flar.[\/vc_column_text][\/vc_column][\/vc_row][vc_row][vc_column][vc_custom_heading text=&#8221;T\u0131bbi ve Sa\u011fl\u0131k Ekipmanlar\u0131nda Neden Al\u00fcminyum Y\u00fcksek Bas\u0131n\u00e7l\u0131 D\u00f6k\u00fcm Tercih Edilmeli?&#8221; font_container=&#8221;tag:h3|text_align:left&#8221; use_theme_fonts=&#8221;yes&#8221; css=&#8221;&#8221;][vc_column_text css=&#8221;&#8221;]Al\u00fcminyum y\u00fcksek bas\u0131n\u00e7l\u0131 d\u00f6k\u00fcm, t\u0131bbi uygulamalarda \u00f6nemli avantajlar sunar:[\/vc_column_text][\/vc_column][\/vc_row][vc_row padding_top_multiplier=&#8221;&#8221;][vc_column width=&#8221;1\/3&#8243;][vc_column_text css=&#8221;&#8221;]<strong>Hafif ve Dayan\u0131kl\u0131:<\/strong> Kullan\u0131m kolayl\u0131\u011f\u0131 sa\u011flar ve uzun \u00f6m\u00fcrl\u00fc performans sunar.[\/vc_column_text][\/vc_column][vc_column width=&#8221;1\/3&#8243;][vc_column_text css=&#8221;&#8221;]<strong>Korozyon Direnci:<\/strong> Steril ve y\u00fcksek nemli ortamlarda g\u00fcvenilirli\u011fi korur.[\/vc_column_text][\/vc_column][vc_column width=&#8221;1\/3&#8243;][vc_column_text css=&#8221;&#8221;]<strong>Is\u0131 Y\u00f6netimi:<\/strong> T\u0131bbi cihazlar i\u00e7in m\u00fckemmel \u0131s\u0131 da\u011f\u0131l\u0131m\u0131 sa\u011flar.[\/vc_column_text][\/vc_column][\/vc_row][vc_row padding_top_multiplier=&#8221;&#8221;][vc_column width=&#8221;1\/2&#8243;][vc_column_text css=&#8221;&#8221;]<strong>Tasar\u0131m Hassasiyeti:<\/strong> Karma\u015f\u0131k geometriler ve dar toleranslarla bile\u015fen \u00fcretimine olanak tan\u0131r.[\/vc_column_text][\/vc_column][vc_column width=&#8221;1\/2&#8243;][vc_column_text css=&#8221;&#8221;]<strong>Uyumluluk ve G\u00fcvenlik:<\/strong> Sa\u011fl\u0131k sekt\u00f6r\u00fcne y\u00f6nelik s\u0131k\u0131 d\u00fczenleyici ve kalite gereksinimlerini kar\u015f\u0131lar.[\/vc_column_text][\/vc_column][\/vc_row][vc_row][vc_column][vc_single_image image=&#8221;3918&#8243; img_size=&#8221;full&#8221; alignment=&#8221;center&#8221; css=&#8221;&#8221;][\/vc_column][\/vc_row][vc_row padding_top_multiplier=&#8221;&#8221;][vc_column][vc_custom_heading text=&#8221;T\u0131bbi ve Sa\u011fl\u0131k Ekipmanlar\u0131nda Al\u00fcminyum Y\u00fcksek Bas\u0131n\u00e7l\u0131 D\u00f6k\u00fcm Uygulamalar\u0131&#8221; use_theme_fonts=&#8221;yes&#8221; css=&#8221;&#8221;][\/vc_column][\/vc_row][vc_row padding_top_multiplier=&#8221;&#8221; padding_bottom_multiplier=&#8221;&#8221;][vc_column width=&#8221;1\/4&#8243;][vc_column_text css=&#8221;&#8221;]<\/p>\n<h4><strong>G\u00f6r\u00fcnt\u00fcleme Ekipmanlar\u0131<\/strong><\/h4>\n<ul>\n<li>MRI ve r\u00f6ntgen cihazlar\u0131 i\u00e7in muhafazalar<\/li>\n<li>So\u011futma sistemi bile\u015fenleri<\/li>\n<li>Hafif \u00e7er\u00e7eveler<\/li>\n<\/ul>\n<p>[\/vc_column_text][\/vc_column][vc_column width=&#8221;1\/4&#8243;][vc_column_text css=&#8221;&#8221;]<\/p>\n<h4><strong>Cerrahi Aletler ve Cihazlar<\/strong><\/h4>\n<ul>\n<li>Elektronik cerrahi alet muhafazalar\u0131<\/li>\n<li>Hafif braketler ve destekler<\/li>\n<li>Hassas m\u00fchendislik \u00fcr\u00fcn\u00fc bile\u015fenler<\/li>\n<\/ul>\n<p>[\/vc_column_text][\/vc_column][vc_column width=&#8221;1\/4&#8243;][vc_column_text css=&#8221;&#8221;]<\/p>\n<h4><strong>Hasta \u0130zleme Sistemleri<\/strong><\/h4>\n<ul>\n<li>Ekran muhafazalar\u0131<\/li>\n<li>Yap\u0131sal destekler<\/li>\n<li>Elektronik sistemler i\u00e7in \u0131s\u0131 al\u0131c\u0131lar\u0131<\/li>\n<\/ul>\n<p>[\/vc_column_text][\/vc_column][vc_column width=&#8221;1\/4&#8243;][vc_column_text css=&#8221;&#8221;]<\/p>\n<h4><strong>Hastane Altyap\u0131s\u0131<\/strong><\/h4>\n<ul>\n<li>Hasta yataklar\u0131 ve ekipman \u00e7er\u00e7eveleri<\/li>\n<li>Hafif yap\u0131sal bile\u015fenler<\/li>\n<li>Korozyona dayan\u0131kl\u0131 ba\u011flant\u0131 par\u00e7alar\u0131<\/li>\n<\/ul>\n<p>[\/vc_column_text][\/vc_column][\/vc_row][vc_row padding_top_multiplier=&#8221;&#8221;][vc_column css=&#8221;.vc_custom_1741628333075{padding-right: 5% !important;padding-left: 5% !important;}&#8221;]<blockquote class=\"eut-element eut-animated-item eut-fade-in-up eut-duration-normal eut-align-center\" style=\"\" data-delay=\"200\"><p>Kalkanc\u0131 ile i\u015f birli\u011fi yaparak, bile\u015fenlerinizin en y\u00fcksek g\u00fcvenlik, i\u015flevsellik ve dayan\u0131kl\u0131l\u0131k standartlar\u0131n\u0131 kar\u015f\u0131lad\u0131\u011f\u0131ndan emin olabilirsiniz.<\/p><\/blockquote>[\/vc_column][\/vc_row][vc_row padding_top_multiplier=&#8221;&#8221;][vc_column][vc_custom_heading text=&#8221;T\u0131bbi Ekipman \u00c7\u00f6z\u00fcmleri \u0130\u00e7in Kalkanc\u0131 ile \u0130\u015f Birli\u011fi Yap\u0131n&#8221; use_theme_fonts=&#8221;yes&#8221; css=&#8221;&#8221;][vc_column_text css=&#8221;&#8221;]T\u0131bbi ve sa\u011fl\u0131k ekipmanlar\u0131 i\u00e7in g\u00fcvenilir bir al\u00fcminyum y\u00fcksek bas\u0131n\u00e7l\u0131 d\u00f6k\u00fcm orta\u011f\u0131 m\u0131 ar\u0131yorsunuz? Kalkanc\u0131, sa\u011fl\u0131k sekt\u00f6r\u00fcn\u00fcn \u00f6zel gereksinimlerine uygun y\u00fcksek bas\u0131n\u00e7l\u0131 d\u00f6k\u00fcm \u00e7\u00f6z\u00fcmleri sunmaktad\u0131r. Bug\u00fcn bizimle ileti\u015fime ge\u00e7erek projenizi tart\u0131\u015f\u0131n ve size \u00f6zel bir teklif al\u0131n.[\/vc_column_text][\/vc_column][\/vc_row]<\/p>\n<\/div>","protected":false},"excerpt":{"rendered":"<p>[vc_row padding_top_multiplier=&#8221;&#8221;][vc_column][vc_custom_heading text=&#8221;T\u0131bbi ve Sa\u011fl\u0131k Ekipmanlar\u0131 \u0130\u00e7in Al\u00fcminyum Y\u00fcksek Bas\u0131n\u00e7l\u0131 D\u00f6k\u00fcm \u00c7\u00f6z\u00fcmleri&#8221; use_theme_fonts=&#8221;yes&#8221; css=&#8221;&#8221;][vc_column_text css=&#8221;&#8221;]Kalkanc\u0131, t\u0131bbi ve sa\u011fl\u0131k ekipmanlar\u0131 sekt\u00f6r\u00fcne \u00f6zel y\u00fcksek bas\u0131n\u00e7l\u0131 al\u00fcminyum y\u00fcksek bas\u0131n\u00e7l\u0131 d\u00f6k\u00fcm \u00e7\u00f6z\u00fcmleri sunmaktad\u0131r. Geli\u015fmi\u015f \u00fcretim s\u00fcre\u00e7lerimiz, sa\u011fl\u0131k sekt\u00f6r\u00fcn\u00fcn s\u0131k\u0131 standartlar\u0131n\u0131 kar\u015f\u0131layan dayan\u0131kl\u0131, hafif ve hassas m\u00fchendislik \u00fcr\u00fcn\u00fc bile\u015fenler \u00fcretmemizi sa\u011flar.[\/vc_column_text][\/vc_column][\/vc_row][vc_row][vc_column][vc_custom_heading text=&#8221;T\u0131bbi ve Sa\u011fl\u0131k Ekipmanlar\u0131nda Neden Al\u00fcminyum Y\u00fcksek Bas\u0131n\u00e7l\u0131 D\u00f6k\u00fcm [&hellip;]<\/p>\n","protected":false},"author":1,"featured_media":0,"parent":0,"menu_order":0,"comment_status":"closed","ping_status":"closed","template":"","meta":{"_seopress_robots_primary_cat":"","_seopress_titles_title":"T\u0131bbi ve Sa\u011fl\u0131k Ekipmanlar\u0131 \u0130\u00e7in Al\u00fcminyum Y\u00fcksek Bas\u0131n\u00e7l\u0131 D\u00f6k\u00fcm","_seopress_titles_desc":"T\u0131bbi ve Sa\u011fl\u0131k Ekipmanlar\u0131 \u0130\u00e7in Al\u00fcminyum Y\u00fcksek Bas\u0131n\u00e7l\u0131 D\u00f6k\u00fcm, Al\u00fcminyum Y\u00fcksek Bas\u0131n\u00e7l\u0131 D\u00f6k\u00fcm \u00c7\u00f6z\u00fcmleri, Kalkanc\u0131 ile \u0130\u015f Birli\u011fi Yap\u0131n","_seopress_robots_index":"","footnotes":""},"class_list":["post-3932","page","type-page","status-publish","hentry"],"_links":{"self":[{"href":"https:\/\/kalkanci.com\/tr\/wp-json\/wp\/v2\/pages\/3932","targetHints":{"allow":["GET"]}}],"collection":[{"href":"https:\/\/kalkanci.com\/tr\/wp-json\/wp\/v2\/pages"}],"about":[{"href":"https:\/\/kalkanci.com\/tr\/wp-json\/wp\/v2\/types\/page"}],"author":[{"embeddable":true,"href":"https:\/\/kalkanci.com\/tr\/wp-json\/wp\/v2\/users\/1"}],"replies":[{"embeddable":true,"href":"https:\/\/kalkanci.com\/tr\/wp-json\/wp\/v2\/comments?post=3932"}],"version-history":[{"count":3,"href":"https:\/\/kalkanci.com\/tr\/wp-json\/wp\/v2\/pages\/3932\/revisions"}],"predecessor-version":[{"id":3935,"href":"https:\/\/kalkanci.com\/tr\/wp-json\/wp\/v2\/pages\/3932\/revisions\/3935"}],"wp:attachment":[{"href":"https:\/\/kalkanci.com\/tr\/wp-json\/wp\/v2\/media?parent=3932"}],"curies":[{"name":"wp","href":"https:\/\/api.w.org\/{rel}","templated":true}]}}