{"id":400,"date":"2021-04-02T15:50:23","date_gmt":"2021-04-02T12:50:23","guid":{"rendered":"http:\/\/kreabazsunum.com\/kalkanci\/?page_id=400"},"modified":"2021-05-07T18:21:07","modified_gmt":"2021-05-07T15:21:07","slug":"malzeme-analizi-spektometre","status":"publish","type":"page","link":"https:\/\/kalkanci.com\/tr\/kalite\/malzeme-analizi-spektometre\/","title":{"rendered":"Malzeme Analizi | Spektometre"},"content":{"rendered":"<div class=\"wpb-content-wrapper\"><p>[vc_row padding_top_multiplier=&#8221;&#8221; padding_bottom_multiplier=&#8221;&#8221; margin_bottom=&#8221;40&#8243;][vc_column][vc_column_text]\u00dcretilecek \u00fcr\u00fcnlerin ve bu \u00fcr\u00fcn\u00fc olu\u015fturacak malzemelerin \u00f6zelliklerini analiz ve kontrol etme s\u00fcreci olan <strong>Malzeme Analizi<\/strong>, kullan\u0131lacak malzemenin fiziksel ve kimyasal \u00f6zelliklerine odaklan\u0131r.<\/p>\n<h2><strong>Malzeme Analizi Nas\u0131l Yap\u0131l\u0131r?<\/strong><\/h2>\n<p>Bu i\u015flem <strong>Spektrometre<\/strong> y\u00fcksek teknoloji cihazlarla yap\u0131l\u0131r. Spektrometreler malzeme analizi yapmak i\u00e7in kullan\u0131lan bir makinedir. Spektrometrelerin, sundu\u011fu verileri analiz etmeden \u00f6nce tam olarak nas\u0131l \u00f6l\u00e7t\u00fc\u011f\u00fcn\u00fc ve sonu\u00e7lar\u0131 sa\u011flad\u0131\u011f\u0131n\u0131 anlaman\u0131z gerekecektir. Verilerin iyi bir k\u0131sm\u0131 nispeten basit olsa da, bir spektrometre i\u00e7in \u00f6l\u00e7\u00fcm birimlerinin onu tam olarak anlamak i\u00e7in biraz daha fazla bilgi gerekebilir. \u00d6l\u00e7\u00fc birimlerini kavramak \u00e7ok zor de\u011fildir, ancak sonu\u00e7lar muhtemelen ba\u015fka bir yerde kar\u015f\u0131la\u015ft\u0131\u011f\u0131n\u0131z bir \u015fekilde sunulmamaktad\u0131r.[\/vc_column_text][\/vc_column][\/vc_row][vc_row padding_top_multiplier=&#8221;&#8221; padding_bottom_multiplier=&#8221;&#8221; margin_bottom=&#8221;40&#8243;][vc_column width=&#8221;1\/2&#8243;][vc_column_text]<\/p>\n<h2>Spektrometre Nedir?<\/h2>\n<p>\u00d6l\u00e7\u00fc birimlerini anlamak i\u00e7in, bir spektrometrenin neyi \u00f6l\u00e7t\u00fc\u011f\u00fcn\u00fc anlaman\u0131z gerekir.<\/p>\n<p>Spektrometre, bir spektroskopi y\u00f6ntemidir; bu, spektrometrenin madde taraf\u0131ndan emilen enerji miktar\u0131n\u0131 ve i\u015flem s\u0131ras\u0131nda yaratt\u0131\u011f\u0131 \u0131\u015f\u0131\u011f\u0131 \u00f6l\u00e7t\u00fc\u011f\u00fc anlam\u0131na gelir. Esasen, her madde \u0131\u015f\u0131\u011f\u0131 iletecek veya so\u011furacakt\u0131r ve maddenin bunu yapma s\u0131kl\u0131\u011f\u0131, maddenin ne oldu\u011funu belirler.<\/p>\n<p>Spektrometreler, analiz edilen maddenin yayd\u0131\u011f\u0131 frekans\u0131 \u00f6l\u00e7er. A\u00e7\u0131k\u00e7a, uzakl\u0131k veya a\u011f\u0131rl\u0131k birimleri kadar kolay veya basit\u00e7e \u00f6l\u00e7\u00fclebilen bir \u015fey olmad\u0131\u011f\u0131 i\u00e7in, bu frekans\u0131 belirleyecek kendi birimleri vard\u0131r.<\/p>\n<p>Bir\u00e7ok spektrometre t\u00fcr\u00fc, numuneden bile\u015fimini tan\u0131mlayacak bir reaksiyona neden olmak i\u00e7in radyasyon (\u00f6rne\u011fin x-\u0131\u015f\u0131nlar\u0131) kullan\u0131r.<\/p>\n<p>Bu t\u00fcr reaksiyonlar, genellikle insan g\u00f6z\u00fcyle g\u00f6r\u00fclemedikleri i\u00e7in reaksiyonu izleyerek belirlenemez. Bu, \u00f6l\u00e7\u00fcmlerin ara\u00e7lar arac\u0131l\u0131\u011f\u0131yla yap\u0131ld\u0131\u011f\u0131 anlam\u0131na gelir.[\/vc_column_text][\/vc_column][vc_column width=&#8221;1\/2&#8243;][vc_column_text]<\/p>\n<h3>Emilim \u00d6l\u00e7\u00fc Birimleri<\/h3>\n<p>I\u015f\u0131k \u00f6l\u00e7\u00fcm\u00fcn\u00fcn insan g\u00f6z\u00fcn\u00fcn g\u00f6rebildi\u011finin a\u00e7\u0131k\u00e7a \u00f6tesine ge\u00e7en y\u00f6ntemleri i\u00e7erdi\u011fi g\u00f6z \u00f6n\u00fcne al\u0131nd\u0131\u011f\u0131nda, spektrometrenin birimleri \u00f6l\u00e7\u00fclen \u015feyin karma\u015f\u0131kl\u0131\u011f\u0131n\u0131 yans\u0131t\u0131r.<\/p>\n<h3>Dalga Uzunlu\u011fu<\/h3>\n<p>I\u015f\u0131k absorpsiyonunun veya ge\u00e7irgenli\u011finin dalga boyu, nanometre cinsinden dalga boyuna g\u00f6re \u00f6l\u00e7\u00fcl\u00fcr. Birim basit g\u00f6r\u00fcnmekle birlikte, bir makine gereklidir \u00e7\u00fcnk\u00fc insan g\u00f6z\u00fc bu kadar k\u00fc\u00e7\u00fck bir uzunlu\u011fun so\u011furma veya ge\u00e7irme s\u0131kl\u0131\u011f\u0131n\u0131 tam olarak alg\u0131layamaz.<\/p>\n<h3>I\u015f\u0131k \u015eiddeti<\/h3>\n<p>Spektrometre ayr\u0131ca \u0131\u015f\u0131\u011f\u0131n yo\u011funlu\u011fu hakk\u0131nda sonu\u00e7lar verir. Bu, incelenen numunenin veya nesnenin spektral ge\u00e7irgenli\u011fini hesaplamak i\u00e7in birka\u00e7 karma\u015f\u0131k form\u00fcl\u00fcn kullan\u0131lmas\u0131n\u0131 gerektirir.<\/p>\n<p>Spektrometrelerle ilgili bilgilerden daha fazlas\u0131n\u0131 kapsamas\u0131na ra\u011fmen, Chemistry Libre Metinleri \u00e7ok ayr\u0131nt\u0131l\u0131 bir d\u00f6k\u00fcm ve k\u0131r\u0131lma dahil spektrofotometrinin \u0131\u015f\u0131\u011f\u0131 nas\u0131l \u00f6l\u00e7t\u00fc\u011f\u00fcne dair ayr\u0131nt\u0131lar sa\u011flar.[\/vc_column_text][\/vc_column][\/vc_row][vc_row padding_top_multiplier=&#8221;&#8221; padding_bottom_multiplier=&#8221;&#8221; margin_bottom=&#8221;40&#8243;][vc_column][vc_column_text]<img loading=\"lazy\" decoding=\"async\" class=\"aligncenter size-large wp-image-404\" src=\"https:\/\/kalkanci.com\/wp-content\/uploads\/2021\/04\/Malzeme-Analizi-02-1024x683.jpg\" alt=\"Malzeme Analizi | Spektometre\" width=\"1024\" height=\"683\" srcset=\"https:\/\/kalkanci.com\/wp-content\/uploads\/2021\/04\/Malzeme-Analizi-02-1024x683.jpg 1024w, https:\/\/kalkanci.com\/wp-content\/uploads\/2021\/04\/Malzeme-Analizi-02-300x200.jpg 300w, https:\/\/kalkanci.com\/wp-content\/uploads\/2021\/04\/Malzeme-Analizi-02-768x512.jpg 768w, https:\/\/kalkanci.com\/wp-content\/uploads\/2021\/04\/Malzeme-Analizi-02.jpg 1200w\" sizes=\"auto, (max-width: 1024px) 100vw, 1024px\" \/>[\/vc_column_text][\/vc_column][\/vc_row][vc_row padding_top_multiplier=&#8221;&#8221; padding_bottom_multiplier=&#8221;&#8221; margin_bottom=&#8221;40&#8243;][vc_column][vc_column_text]<\/p>\n<h3>Kimya Libre Metni<\/h3>\n<p style=\"text-align: justify;\">\u00d6l\u00e7\u00fcmlerin arkas\u0131ndaki t\u00fcm matemati\u011fi anlamak gerekli olmayabilir, ancak ilgilenenler i\u00e7in heyecan verici olabilir. Ek bilgiler ayr\u0131ca, farkl\u0131 y\u00f6ntemlerin \u00e7e\u015fitli ihtiya\u00e7lar i\u00e7in nas\u0131l daha iyi \u00e7\u00f6z\u00fcmler oldu\u011fu konusunda size biraz daha derin bilgi verir.<\/p>\n<p style=\"text-align: justify;\">Spektrometrelerin, \u0131\u015f\u0131\u011f\u0131n dalga boylar\u0131n\u0131n yaln\u0131zca bir k\u0131sm\u0131 olan g\u00f6r\u00fcn\u00fcr \u0131\u015f\u0131ktan \u00e7ok daha geni\u015f bir aral\u0131\u011f\u0131 \u00f6l\u00e7t\u00fc\u011f\u00fcn\u00fc unutmay\u0131n. I\u015f\u0131\u011f\u0131n tam dalga boyu, gama \u0131\u015f\u0131n\u0131ndan (10-5 nanometre) radyo dalgalar\u0131na (1013 nanometre) gider. Radyo dalgalar\u0131 binlerce metre uzunlu\u011funda olabilirken, gama \u0131\u015f\u0131n\u0131 dalga boyu \u00e7ok k\u00fc\u00e7\u00fck oldu\u011fu i\u00e7in insan g\u00f6z\u00fcyle g\u00f6r\u00fclemez.<\/p>\n<h3>Optik Emisyon Spektrometresi (OES)<\/h3>\n<p style=\"text-align: justify;\">Optik Emisyon Spektrometreleri, bir elektrot ve bir metal numune aras\u0131nda \u00fcretilen bir k\u0131v\u0131lc\u0131m \u015feklinde elektrik enerjisinin uygulanmas\u0131n\u0131 i\u00e7erir. Sonu\u00e7 olarak, buharla\u015fan atomlar, de\u015farj plazmas\u0131 ad\u0131 verilen \u015fey i\u00e7inde y\u00fcksek enerji durumuna getirilir. Daha sonra, de\u015farj plazmas\u0131 i\u00e7inde, bu uyar\u0131lm\u0131\u015f atomlar ve iyonlar, her bir elemente \u00f6zg\u00fc belirli bir emisyon spektrumu yarat\u0131r. Sonu\u00e7 olarak, tek bir eleman kolayl\u0131kla \u00e7ok say\u0131da karakteristik emisyon spektral \u00e7izgisi olu\u015fturabilir.<\/p>\n<p style=\"text-align: justify;\">Ayr\u0131ca, de\u015farj taraf\u0131ndan \u00fcretilen herhangi bir \u0131\u015f\u0131\u011f\u0131n, numune i\u00e7indeki elementler taraf\u0131ndan \u00fcretilen spektral \u00e7izgilerin bir koleksiyonu oldu\u011fu s\u00f6ylenebilir. Bu \u0131\u015f\u0131k bir k\u0131r\u0131n\u0131m \u0131zgaras\u0131yla b\u00f6l\u00fcnebilir. Bu, hedef elemanlar i\u00e7in emisyon spektrumunu \u00e7\u0131karmak i\u00e7in yap\u0131l\u0131r. Numunedeki elementin konsantrasyonu, her bir emisyon spektrumunun yo\u011funlu\u011funu belirler. Bir elektrot ve bir metal numune aras\u0131nda \u00fcretilen bir k\u0131v\u0131lc\u0131m \u015feklinde elektrik enerjisi uygulamas\u0131n\u0131 i\u00e7erir. Sonu\u00e7 olarak, buharla\u015fan atomlar, de\u015farj plazmas\u0131 ad\u0131 verilen \u015fey i\u00e7inde y\u00fcksek enerji durumuna getirilir. Daha sonra, de\u015farj plazmas\u0131 i\u00e7inde, bu uyar\u0131lm\u0131\u015f atomlar ve iyonlar, her bir elemente \u00f6zg\u00fc belirli bir emisyon spektrumu yarat\u0131r. Sonu\u00e7 olarak, tek bir eleman kolayl\u0131kla \u00e7ok say\u0131da karakteristik emisyon spektral \u00e7izgisi olu\u015fturabilir.<\/p>\n<h2>Kalkanc\u0131 Malzeme Analizi<\/h2>\n<p style=\"text-align: justify;\">Modern end\u00fcstriyel \u00fcretim yapan her firman\u0131n Kalite Kontrol prosesinde olmas\u0131 gereken Malzeme Analizi, Kalkanc\u0131 olarak bizlerin de \u00f6nem verdi\u011fi bir kontrol basama\u011f\u0131n\u0131 olu\u015fturmaktad\u0131r. Nihai \u00fcr\u00fcnlerin kalite ve g\u00fcvenilirli\u011fi i\u00e7in olmazsa olmaz olan bu s\u00fcre; morfoloji, boyut, safl\u0131k ve \u00fcretim proseslerine ba\u011fl\u0131 olarak ek bir\u00e7ok kontrol maddesini i\u00e7erir.<\/p>\n<p style=\"text-align: justify;\">Laboratuvar\u0131m\u0131zda d\u00fcnyan\u0131n \u00f6nde gelen tedarik\u00e7ilerine ait ekipmanlar kullan\u0131lmaktad\u0131r. <strong>Spectromax, ZwickNikon, Affri ve Mitutoyo\u2019ya <\/strong>ait cihazlarla hem en iyi performans\u0131 ve de\u011ferlendirmeleri al\u0131yor hem de minimum i\u015fletim maliyetiyle s\u00fcre\u00e7lerimizi y\u00f6netiyoruz.<\/p>\n<p style=\"text-align: justify;\">Metalografi analizlerimizde kullanmak \u00fczere Spektrometre, Sertlik \u00d6l\u00e7\u00fcm\u00fc Makro analizi i\u00e7in mikroskop ve Y\u00fczey P\u00fcr\u00fczl\u00fcl\u00fc\u011f\u00fc Cihaz\u0131 Kesme, Parlatma, \u00c7ekme-Basma-E\u011fme Testi vb. fonksiyon testleri i\u00e7in ekipmanlar\u0131m\u0131z bulunmaktad\u0131r. Ayr\u0131ca hammadde giri\u015finden \u00fcr\u00fcn \u00e7\u0131kt\u0131 kontrol\u00fcne kadar, ham malzeme ve \u00fcr\u00fcn kontrolleri her a\u015famada yap\u0131lmaktad\u0131r.<\/p>\n<p>[\/vc_column_text][\/vc_column][\/vc_row]<\/p>\n<\/div>","protected":false},"excerpt":{"rendered":"<p>[vc_row padding_top_multiplier=&#8221;&#8221; padding_bottom_multiplier=&#8221;&#8221; margin_bottom=&#8221;40&#8243;][vc_column][vc_column_text]\u00dcretilecek \u00fcr\u00fcnlerin ve bu \u00fcr\u00fcn\u00fc olu\u015fturacak malzemelerin \u00f6zelliklerini analiz ve kontrol etme s\u00fcreci olan Malzeme Analizi, kullan\u0131lacak malzemenin fiziksel ve kimyasal \u00f6zelliklerine odaklan\u0131r. Malzeme Analizi Nas\u0131l Yap\u0131l\u0131r? Bu i\u015flem Spektrometre y\u00fcksek teknoloji cihazlarla yap\u0131l\u0131r. Spektrometreler malzeme analizi yapmak i\u00e7in kullan\u0131lan bir makinedir. Spektrometrelerin, sundu\u011fu verileri analiz etmeden \u00f6nce tam olarak nas\u0131l \u00f6l\u00e7t\u00fc\u011f\u00fcn\u00fc [&hellip;]<\/p>\n","protected":false},"author":1,"featured_media":0,"parent":369,"menu_order":0,"comment_status":"closed","ping_status":"closed","template":"","meta":{"_seopress_robots_primary_cat":"","_seopress_titles_title":"Malzeme Analizi | Spektometre | Kalkanc\u0131 Pres D\u00f6k\u00fcm ve Kal\u0131p","_seopress_titles_desc":"Al\u00fcminyum D\u00f6k\u00fcm Kal\u0131p \u00fcretimindeki Malzeme Analizi s\u00fcrecimizi Spectromax, Zwick Nikon, Affri ve Mitutoyo\u2019ya ait cihazlarla sa\u011fl\u0131yoruz.","_seopress_robots_index":"","footnotes":""},"class_list":["post-400","page","type-page","status-publish","hentry"],"_links":{"self":[{"href":"https:\/\/kalkanci.com\/tr\/wp-json\/wp\/v2\/pages\/400","targetHints":{"allow":["GET"]}}],"collection":[{"href":"https:\/\/kalkanci.com\/tr\/wp-json\/wp\/v2\/pages"}],"about":[{"href":"https:\/\/kalkanci.com\/tr\/wp-json\/wp\/v2\/types\/page"}],"author":[{"embeddable":true,"href":"https:\/\/kalkanci.com\/tr\/wp-json\/wp\/v2\/users\/1"}],"replies":[{"embeddable":true,"href":"https:\/\/kalkanci.com\/tr\/wp-json\/wp\/v2\/comments?post=400"}],"version-history":[{"count":0,"href":"https:\/\/kalkanci.com\/tr\/wp-json\/wp\/v2\/pages\/400\/revisions"}],"up":[{"embeddable":true,"href":"https:\/\/kalkanci.com\/tr\/wp-json\/wp\/v2\/pages\/369"}],"wp:attachment":[{"href":"https:\/\/kalkanci.com\/tr\/wp-json\/wp\/v2\/media?parent=400"}],"curies":[{"name":"wp","href":"https:\/\/api.w.org\/{rel}","templated":true}]}}