{"id":4041,"date":"2025-03-18T19:54:24","date_gmt":"2025-03-18T16:54:24","guid":{"rendered":"https:\/\/kalkanci.com\/elektrikli-araclar-icin-aluminyum-yuksek-basincli-dokum\/"},"modified":"2025-03-18T19:54:25","modified_gmt":"2025-03-18T16:54:25","slug":"elektrikli-araclar-icin-aluminyum-yuksek-basincli-dokum","status":"publish","type":"page","link":"https:\/\/kalkanci.com\/tr\/elektrikli-araclar-icin-aluminyum-yuksek-basincli-dokum\/","title":{"rendered":"Elektrikli Ara\u00e7lar \u0130\u00e7in Al\u00fcminyum Y\u00fcksek Bas\u0131n\u00e7l\u0131 D\u00f6k\u00fcm"},"content":{"rendered":"<div class=\"wpb-content-wrapper\"><p>[vc_row padding_top_multiplier=&#8221;&#8221;][vc_column][vc_custom_heading text=&#8221;Elektrikli Ara\u00e7lara Y\u00f6nelik Al\u00fcminyum Y\u00fcksek Bas\u0131n\u00e7l\u0131 D\u00f6k\u00fcm \u00c7\u00f6z\u00fcmleri&#8221; use_theme_fonts=&#8221;yes&#8221; css=&#8221;&#8221;][vc_column_text css=&#8221;&#8221;]Kalkanc\u0131 olarak, elektrikli ara\u00e7 (EV) sekt\u00f6r\u00fcn\u00fcn yenilik\u00e7i ve dinamik gereksinimlerini kar\u015f\u0131lamak i\u00e7in y\u00fcksek bas\u0131n\u00e7l\u0131 al\u00fcminyum y\u00fcksek bas\u0131n\u00e7l\u0131 d\u00f6k\u00fcm \u00e7\u00f6z\u00fcmleri sunuyoruz. Bile\u015fenlerimiz, elektrikli ara\u00e7lar\u0131n verimlili\u011fini, dayan\u0131kl\u0131l\u0131\u011f\u0131n\u0131 ve performans\u0131n\u0131 art\u0131rarak k\u00fcresel s\u00fcrd\u00fcr\u00fclebilir ula\u015f\u0131m d\u00f6n\u00fc\u015f\u00fcm\u00fcne katk\u0131 sa\u011flar.[\/vc_column_text][\/vc_column][\/vc_row][vc_row][vc_column][vc_custom_heading text=&#8221;Elektrikli Ara\u00e7lar \u0130\u00e7in Neden Al\u00fcminyum Y\u00fcksek Bas\u0131n\u00e7l\u0131 D\u00f6k\u00fcm Tercih Edilmeli?&#8221; font_container=&#8221;tag:h3|text_align:left&#8221; use_theme_fonts=&#8221;yes&#8221; css=&#8221;&#8221;][vc_column_text css=&#8221;&#8221;]Al\u00fcminyum y\u00fcksek bas\u0131n\u00e7l\u0131 d\u00f6k\u00fcm, elektrikli ara\u00e7 uygulamalar\u0131 i\u00e7in benzersiz avantajlar sunar:[\/vc_column_text][\/vc_column][\/vc_row][vc_row padding_top_multiplier=&#8221;&#8221;][vc_column width=&#8221;1\/3&#8243;][vc_column_text css=&#8221;&#8221;]<strong>Hafif ve Dayan\u0131kl\u0131:<\/strong> Ara\u00e7 a\u011f\u0131rl\u0131\u011f\u0131n\u0131 azaltarak menzili ve enerji verimlili\u011fini art\u0131r\u0131r.[\/vc_column_text][\/vc_column][vc_column width=&#8221;1\/3&#8243;][vc_column_text css=&#8221;&#8221;]<strong>Is\u0131 Y\u00f6netimi:<\/strong> Batarya paketleri ve elektronik sistemler i\u00e7in m\u00fckemmel \u0131s\u0131 da\u011f\u0131t\u0131m\u0131 sa\u011flar.[\/vc_column_text][\/vc_column][vc_column width=&#8221;1\/3&#8243;][vc_column_text css=&#8221;&#8221;]<strong>Korozyon Direnci:<\/strong> Farkl\u0131 \u00e7evresel ko\u015fullarda uzun \u00f6m\u00fcrl\u00fc dayan\u0131kl\u0131l\u0131k sunar.[\/vc_column_text][\/vc_column][\/vc_row][vc_row padding_top_multiplier=&#8221;&#8221;][vc_column width=&#8221;1\/2&#8243;][vc_column_text css=&#8221;&#8221;]<strong>Tasar\u0131m Esnekli\u011fi:<\/strong> Daha karma\u015f\u0131k ve entegre bile\u015fenler \u00fcreterek montaj s\u00fcresini ve maliyetleri d\u00fc\u015f\u00fcr\u00fcr.[\/vc_column_text][\/vc_column][vc_column width=&#8221;1\/2&#8243;][vc_column_text css=&#8221;&#8221;]<strong>Tasar\u0131m Esnekli\u011fi:<\/strong> Daha karma\u015f\u0131k ve entegre bile\u015fenler \u00fcreterek montaj s\u00fcresini ve maliyetleri d\u00fc\u015f\u00fcr\u00fcr.[\/vc_column_text][\/vc_column][\/vc_row][vc_row][vc_column][vc_single_image image=&#8221;4038&#8243; img_size=&#8221;full&#8221; alignment=&#8221;center&#8221; css=&#8221;&#8221;][\/vc_column][\/vc_row][vc_row padding_top_multiplier=&#8221;&#8221;][vc_column][vc_custom_heading text=&#8221;Elektrikli Ara\u00e7larda Al\u00fcminyum Y\u00fcksek Bas\u0131n\u00e7l\u0131 D\u00f6k\u00fcm Kullan\u0131m Alanlar\u0131&#8221; use_theme_fonts=&#8221;yes&#8221; css=&#8221;&#8221;][\/vc_column][\/vc_row][vc_row padding_top_multiplier=&#8221;&#8221; padding_bottom_multiplier=&#8221;&#8221;][vc_column width=&#8221;1\/4&#8243;][vc_column_text css=&#8221;&#8221;]<\/p>\n<h4>Batarya Sistemleri<\/h4>\n<ul>\n<li>Batarya muhafazalar\u0131 ve kasalar\u0131<\/li>\n<li>Is\u0131 y\u00f6netimi bile\u015fenleri<\/li>\n<li>Yap\u0131sal \u00e7er\u00e7eveler<\/li>\n<\/ul>\n<p>[\/vc_column_text][\/vc_column][vc_column width=&#8221;1\/4&#8243;][vc_column_text css=&#8221;&#8221;]<\/p>\n<h4>G\u00fc\u00e7 Aktarma ve Tahrik Sistemleri<\/h4>\n<ul>\n<li>Motor muhafazalar\u0131<\/li>\n<li>\u015eanz\u0131man bile\u015fenleri<\/li>\n<li>Hafif montaj braketleri<\/li>\n<\/ul>\n<p>[\/vc_column_text][\/vc_column][vc_column width=&#8221;1\/4&#8243;][vc_column_text css=&#8221;&#8221;]<\/p>\n<h4>\u015easi ve G\u00f6vde<\/h4>\n<ul>\n<li>Yap\u0131sal destek bile\u015fenleri<\/li>\n<li>\u00c7apraz kiri\u015fler ve alt \u00e7er\u00e7eveler<\/li>\n<li>Hafif paneller<\/li>\n<\/ul>\n<p>[\/vc_column_text][\/vc_column][vc_column width=&#8221;1\/4&#8243;][vc_column_text css=&#8221;&#8221;]<\/p>\n<h4>\u015earj Altyap\u0131s\u0131<\/h4>\n<ul>\n<li>\u015earj istasyonlar\u0131 i\u00e7in muhafazalar<\/li>\n<li>So\u011futma bile\u015fenleri<\/li>\n<li>Montaj braketleri<\/li>\n<\/ul>\n<p>[\/vc_column_text][\/vc_column][\/vc_row][vc_row padding_top_multiplier=&#8221;&#8221;][vc_column css=&#8221;.vc_custom_1741628333075{padding-right: 5% !important;padding-left: 5% !important;}&#8221;]<blockquote class=\"eut-element eut-animated-item eut-fade-in-up eut-duration-normal eut-align-center\" style=\"\" data-delay=\"200\"><p>Kalkanc\u0131 ile i\u015f birli\u011fi yapan elektrikli ara\u00e7 \u00fcreticileri, optimum verimlilik ve g\u00fcvenlik i\u00e7in tasarlanm\u0131\u015f y\u00fcksek performansl\u0131 al\u00fcminyum bile\u015fenlerden faydalanabilirler.<\/p><\/blockquote>[\/vc_column][\/vc_row][vc_row padding_top_multiplier=&#8221;&#8221;][vc_column][vc_custom_heading text=&#8221;Elektrikli Ara\u00e7 \u00c7\u00f6z\u00fcmleri \u0130\u00e7in Kalkanc\u0131 ile \u0130\u015f Birli\u011fi Yap\u0131n&#8221; use_theme_fonts=&#8221;yes&#8221; css=&#8221;&#8221;][vc_column_text css=&#8221;&#8221;]Elektrikli ara\u00e7lar i\u00e7in g\u00fcvenilir bir al\u00fcminyum y\u00fcksek bas\u0131n\u00e7l\u0131 d\u00f6k\u00fcm orta\u011f\u0131 m\u0131 ar\u0131yorsunuz? Kalkanc\u0131, EV sekt\u00f6r\u00fcn\u00fcn benzersiz zorluklar\u0131na \u00f6zel olarak tasarlanm\u0131\u015f y\u00fcksek bas\u0131n\u00e7l\u0131 d\u00f6k\u00fcm \u00e7\u00f6z\u00fcmleri sunar. Projenizi g\u00f6r\u00fc\u015fmek ve size \u00f6zel bir teklif almak i\u00e7in bug\u00fcn bizimle ileti\u015fime ge\u00e7in.[\/vc_column_text][\/vc_column][\/vc_row]<\/p>\n<\/div>","protected":false},"excerpt":{"rendered":"<p>[vc_row padding_top_multiplier=&#8221;&#8221;][vc_column][vc_custom_heading text=&#8221;Elektrikli Ara\u00e7lara Y\u00f6nelik Al\u00fcminyum Y\u00fcksek Bas\u0131n\u00e7l\u0131 D\u00f6k\u00fcm \u00c7\u00f6z\u00fcmleri&#8221; use_theme_fonts=&#8221;yes&#8221; css=&#8221;&#8221;][vc_column_text css=&#8221;&#8221;]Kalkanc\u0131 olarak, elektrikli ara\u00e7 (EV) sekt\u00f6r\u00fcn\u00fcn yenilik\u00e7i ve dinamik gereksinimlerini kar\u015f\u0131lamak i\u00e7in y\u00fcksek bas\u0131n\u00e7l\u0131 al\u00fcminyum y\u00fcksek bas\u0131n\u00e7l\u0131 d\u00f6k\u00fcm \u00e7\u00f6z\u00fcmleri sunuyoruz. Bile\u015fenlerimiz, elektrikli ara\u00e7lar\u0131n verimlili\u011fini, dayan\u0131kl\u0131l\u0131\u011f\u0131n\u0131 ve performans\u0131n\u0131 art\u0131rarak k\u00fcresel s\u00fcrd\u00fcr\u00fclebilir ula\u015f\u0131m d\u00f6n\u00fc\u015f\u00fcm\u00fcne katk\u0131 sa\u011flar.[\/vc_column_text][\/vc_column][\/vc_row][vc_row][vc_column][vc_custom_heading text=&#8221;Elektrikli Ara\u00e7lar \u0130\u00e7in Neden Al\u00fcminyum Y\u00fcksek Bas\u0131n\u00e7l\u0131 D\u00f6k\u00fcm Tercih [&hellip;]<\/p>\n","protected":false},"author":1,"featured_media":0,"parent":0,"menu_order":0,"comment_status":"closed","ping_status":"closed","template":"","meta":{"_seopress_robots_primary_cat":"","_seopress_titles_title":"Elektrikli Ara\u00e7lar \u0130\u00e7in Al\u00fcminyum Y\u00fcksek Bas\u0131n\u00e7l\u0131 D\u00f6k\u00fcm","_seopress_titles_desc":"Elektrikli Ara\u00e7lar \u0130\u00e7in Al\u00fcminyum Y\u00fcksek Bas\u0131n\u00e7l\u0131 D\u00f6k\u00fcm, Elektrikli Ara\u00e7lara Y\u00f6nelik Al\u00fcminyum Y\u00fcksek Bas\u0131n\u00e7l\u0131 D\u00f6k\u00fcm \u00c7\u00f6z\u00fcmleri, Neden KALKANCI?","_seopress_robots_index":"","footnotes":""},"class_list":["post-4041","page","type-page","status-publish","hentry"],"_links":{"self":[{"href":"https:\/\/kalkanci.com\/tr\/wp-json\/wp\/v2\/pages\/4041","targetHints":{"allow":["GET"]}}],"collection":[{"href":"https:\/\/kalkanci.com\/tr\/wp-json\/wp\/v2\/pages"}],"about":[{"href":"https:\/\/kalkanci.com\/tr\/wp-json\/wp\/v2\/types\/page"}],"author":[{"embeddable":true,"href":"https:\/\/kalkanci.com\/tr\/wp-json\/wp\/v2\/users\/1"}],"replies":[{"embeddable":true,"href":"https:\/\/kalkanci.com\/tr\/wp-json\/wp\/v2\/comments?post=4041"}],"version-history":[{"count":3,"href":"https:\/\/kalkanci.com\/tr\/wp-json\/wp\/v2\/pages\/4041\/revisions"}],"predecessor-version":[{"id":4044,"href":"https:\/\/kalkanci.com\/tr\/wp-json\/wp\/v2\/pages\/4041\/revisions\/4044"}],"wp:attachment":[{"href":"https:\/\/kalkanci.com\/tr\/wp-json\/wp\/v2\/media?parent=4041"}],"curies":[{"name":"wp","href":"https:\/\/api.w.org\/{rel}","templated":true}]}}