{"id":410,"date":"2021-04-02T16:08:32","date_gmt":"2021-04-02T13:08:32","guid":{"rendered":"http:\/\/kreabazsunum.com\/kalkanci\/?page_id=410"},"modified":"2021-05-12T12:43:13","modified_gmt":"2021-05-12T09:43:13","slug":"tarihce","status":"publish","type":"page","link":"https:\/\/kalkanci.com\/tr\/tarihce\/","title":{"rendered":"Tarih\u00e7e"},"content":{"rendered":"<div class=\"wpb-content-wrapper\"><p>[vc_row bg_type=&#8221;color&#8221; padding_top_multiplier=&#8221;2x&#8221; bg_color=&#8221;#ffffff&#8221;][vc_column width=&#8221;1\/3&#8243;]<div class=\"eut-empty-space\" style=\"height: 20px;\"><\/div>[vc_column_text]<img loading=\"lazy\" decoding=\"async\" class=\"aligncenter size-large wp-image-853\" src=\"https:\/\/kalkanci.com\/wp-content\/uploads\/2021\/04\/Tarihce-19-1024x811.jpg\" alt=\"Tarihce\" width=\"1024\" height=\"811\" srcset=\"https:\/\/kalkanci.com\/wp-content\/uploads\/2021\/04\/Tarihce-19-1024x811.jpg 1024w, https:\/\/kalkanci.com\/wp-content\/uploads\/2021\/04\/Tarihce-19-300x238.jpg 300w, https:\/\/kalkanci.com\/wp-content\/uploads\/2021\/04\/Tarihce-19-768x608.jpg 768w, https:\/\/kalkanci.com\/wp-content\/uploads\/2021\/04\/Tarihce-19.jpg 1200w\" sizes=\"auto, (max-width: 1024px) 100vw, 1024px\" \/>[\/vc_column_text][\/vc_column][vc_column width=&#8221;2\/3&#8243;]<h1 class=\"eut-element eut-title eut-align-left eut-h1\" style=\"\"><span>Tarih\u00e7e<\/span><\/h1>[vc_column_text]<\/p>\n<p style=\"text-align: justify;\">1981 y\u0131l\u0131nda merhum H\u00fcseyin PA\u00c7ACI taraf\u0131ndan \u0130stanbul\/Maltepe\u2019de kurulan <strong>KALKANCI<\/strong>, faaliyetlerine kal\u0131p imalat\u0131 alan\u0131yla ba\u015flam\u0131\u015f, 1987 y\u0131l\u0131na gelindi\u011finde ise d\u00f6k\u00fcm sekt\u00f6r\u00fcnde de yer almaya ba\u015flam\u0131\u015ft\u0131r. Artan taleplerin kar\u015f\u0131lanabilmesi ad\u0131na 1993 y\u0131l\u0131nda Pendik deki fabrika binas\u0131na ta\u015f\u0131nan firmam\u0131z 2006 y\u0131l\u0131ndan itibaren metal enjeksiyon sekt\u00f6r\u00fcn\u00fcn t\u00fcm gereksinimlerini kar\u015f\u0131layabilecek alt yap\u0131y\u0131 b\u00fcnyesinde bar\u0131nd\u0131ran Tuzla\/\u0130stanbul\u2019daki entegre tesisine ta\u015f\u0131nm\u0131\u015f ve halen burada faaliyetlerini s\u00fcrd\u00fcrmektedir.<\/p>\n<p>[\/vc_column_text]<div class=\"eut-empty-space eut-height-1x\" style=\"\"><\/div>[vc_column_text]<\/p>\n<p style=\"text-align: justify;\">T\u00fcm ana sanayinin ihtiya\u00e7lar\u0131na cevap verebilecek ileri d\u00fczey m\u00fchendislik imk\u00e2n ve kabiliyetleri bulunan, engin deneyim ve kalifiye i\u015f g\u00fcc\u00fcyle bezeli, dinamik ve yenilik\u00e7i vizyona sahip bir firma olarak <strong>KALKANCI; <\/strong>otomotiv, Enerji, Ayd\u0131nlatma ve \u0130n\u015faat gibi bir\u00e7ok farkl\u0131 sekt\u00f6re hizmet sa\u011flamaktad\u0131r.<\/p>\n<p>[\/vc_column_text][\/vc_column][\/vc_row][vc_row bg_type=&#8221;color&#8221; padding_top_multiplier=&#8221;custom&#8221; padding_bottom_multiplier=&#8221;custom&#8221; columns_gap=&#8221;20&#8243; bg_color=&#8221;#f7f7f7&#8243; padding_top=&#8221;50&#8243; padding_bottom=&#8221;20&#8243;][vc_column css=&#8221;.vc_custom_1617185370561{padding-right: 5% !important;padding-left: 5% !important;}&#8221;]<div class=\"eut-element eut-gallery eut-isotope eut-gallery-popup eut-with-gap\" style=\"\" data-columns=\"3\" data-columns-large-screen=\"3\" data-columns-tablet-landscape=\"3\" data-columns-tablet-portrait=\"3\" data-columns-mobile=\"2\" data-layout=\"fitRows\" data-gutter-size=\"30\">  <div class=\"eut-isotope-container\"><div class=\"eut-isotope-item eut-hover-item eut-hover-style-none\"><div class=\"eut-isotope-item-inner eut-zoom-in\">  <figure class=\"eut-image-hover\">    <a class=\"eut-item-url\" href=\"https:\/\/kalkanci.com\/wp-content\/uploads\/2021\/04\/Tarihce-05.jpg\" ><\/a>    <div class=\"eut-hover-overlay eut-bg-blue eut-opacity-30\"><\/div><div class=\"eut-media\"><img loading=\"lazy\" decoding=\"async\" width=\"560\" height=\"560\" src=\"https:\/\/kalkanci.com\/wp-content\/uploads\/2021\/04\/Tarihce-05-560x560.jpg\" class=\"attachment-fildisi-eutf-small-square size-fildisi-eutf-small-square\" alt=\"Tarih\u00e7e\" srcset=\"https:\/\/kalkanci.com\/wp-content\/uploads\/2021\/04\/Tarihce-05-560x560.jpg 560w, https:\/\/kalkanci.com\/wp-content\/uploads\/2021\/04\/Tarihce-05-300x300.jpg 300w, https:\/\/kalkanci.com\/wp-content\/uploads\/2021\/04\/Tarihce-05-1024x1024.jpg 1024w, https:\/\/kalkanci.com\/wp-content\/uploads\/2021\/04\/Tarihce-05-150x150.jpg 150w, https:\/\/kalkanci.com\/wp-content\/uploads\/2021\/04\/Tarihce-05-768x768.jpg 768w, https:\/\/kalkanci.com\/wp-content\/uploads\/2021\/04\/Tarihce-05-900x900.jpg 900w, https:\/\/kalkanci.com\/wp-content\/uploads\/2021\/04\/Tarihce-05.jpg 1200w\" sizes=\"auto, (max-width: 560px) 100vw, 560px\" \/><\/div>  <\/figure><\/div><\/div><div class=\"eut-isotope-item eut-hover-item eut-hover-style-none\"><div class=\"eut-isotope-item-inner eut-zoom-in\">  <figure class=\"eut-image-hover\">    <a class=\"eut-item-url\" href=\"https:\/\/kalkanci.com\/wp-content\/uploads\/2021\/04\/Tarihce-06.jpg\" ><\/a>    <div class=\"eut-hover-overlay eut-bg-blue eut-opacity-30\"><\/div><div class=\"eut-media\"><img loading=\"lazy\" decoding=\"async\" width=\"560\" height=\"560\" src=\"https:\/\/kalkanci.com\/wp-content\/uploads\/2021\/04\/Tarihce-06-560x560.jpg\" class=\"attachment-fildisi-eutf-small-square size-fildisi-eutf-small-square\" alt=\"Tarih\u00e7e\" srcset=\"https:\/\/kalkanci.com\/wp-content\/uploads\/2021\/04\/Tarihce-06-560x560.jpg 560w, https:\/\/kalkanci.com\/wp-content\/uploads\/2021\/04\/Tarihce-06-300x300.jpg 300w, https:\/\/kalkanci.com\/wp-content\/uploads\/2021\/04\/Tarihce-06-1024x1024.jpg 1024w, https:\/\/kalkanci.com\/wp-content\/uploads\/2021\/04\/Tarihce-06-150x150.jpg 150w, https:\/\/kalkanci.com\/wp-content\/uploads\/2021\/04\/Tarihce-06-768x768.jpg 768w, https:\/\/kalkanci.com\/wp-content\/uploads\/2021\/04\/Tarihce-06-900x900.jpg 900w, https:\/\/kalkanci.com\/wp-content\/uploads\/2021\/04\/Tarihce-06.jpg 1200w\" sizes=\"auto, (max-width: 560px) 100vw, 560px\" \/><\/div>  <\/figure><\/div><\/div><div class=\"eut-isotope-item eut-hover-item eut-hover-style-none\"><div class=\"eut-isotope-item-inner eut-zoom-in\">  <figure class=\"eut-image-hover\">    <a class=\"eut-item-url\" href=\"https:\/\/kalkanci.com\/wp-content\/uploads\/2021\/04\/Tarihce-07.jpg\" ><\/a>    <div class=\"eut-hover-overlay eut-bg-blue eut-opacity-30\"><\/div><div class=\"eut-media\"><img loading=\"lazy\" decoding=\"async\" width=\"560\" height=\"560\" src=\"https:\/\/kalkanci.com\/wp-content\/uploads\/2021\/04\/Tarihce-07-560x560.jpg\" class=\"attachment-fildisi-eutf-small-square size-fildisi-eutf-small-square\" alt=\"Tarih\u00e7e\" srcset=\"https:\/\/kalkanci.com\/wp-content\/uploads\/2021\/04\/Tarihce-07-560x560.jpg 560w, https:\/\/kalkanci.com\/wp-content\/uploads\/2021\/04\/Tarihce-07-300x300.jpg 300w, https:\/\/kalkanci.com\/wp-content\/uploads\/2021\/04\/Tarihce-07-1024x1024.jpg 1024w, https:\/\/kalkanci.com\/wp-content\/uploads\/2021\/04\/Tarihce-07-150x150.jpg 150w, https:\/\/kalkanci.com\/wp-content\/uploads\/2021\/04\/Tarihce-07-768x768.jpg 768w, https:\/\/kalkanci.com\/wp-content\/uploads\/2021\/04\/Tarihce-07-900x900.jpg 900w, https:\/\/kalkanci.com\/wp-content\/uploads\/2021\/04\/Tarihce-07.jpg 1200w\" sizes=\"auto, (max-width: 560px) 100vw, 560px\" \/><\/div>  <\/figure><\/div><\/div><div class=\"eut-isotope-item eut-hover-item eut-hover-style-none\"><div class=\"eut-isotope-item-inner eut-zoom-in\">  <figure class=\"eut-image-hover\">    <a class=\"eut-item-url\" href=\"https:\/\/kalkanci.com\/wp-content\/uploads\/2021\/04\/Tarihce-08.jpg\" ><\/a>    <div class=\"eut-hover-overlay eut-bg-blue eut-opacity-30\"><\/div><div class=\"eut-media\"><img loading=\"lazy\" decoding=\"async\" width=\"560\" height=\"560\" src=\"https:\/\/kalkanci.com\/wp-content\/uploads\/2021\/04\/Tarihce-08-560x560.jpg\" class=\"attachment-fildisi-eutf-small-square size-fildisi-eutf-small-square\" alt=\"Tarih\u00e7e\" srcset=\"https:\/\/kalkanci.com\/wp-content\/uploads\/2021\/04\/Tarihce-08-560x560.jpg 560w, https:\/\/kalkanci.com\/wp-content\/uploads\/2021\/04\/Tarihce-08-300x300.jpg 300w, https:\/\/kalkanci.com\/wp-content\/uploads\/2021\/04\/Tarihce-08-1024x1024.jpg 1024w, https:\/\/kalkanci.com\/wp-content\/uploads\/2021\/04\/Tarihce-08-150x150.jpg 150w, https:\/\/kalkanci.com\/wp-content\/uploads\/2021\/04\/Tarihce-08-768x768.jpg 768w, https:\/\/kalkanci.com\/wp-content\/uploads\/2021\/04\/Tarihce-08-900x900.jpg 900w, https:\/\/kalkanci.com\/wp-content\/uploads\/2021\/04\/Tarihce-08.jpg 1200w\" sizes=\"auto, (max-width: 560px) 100vw, 560px\" \/><\/div>  <\/figure><\/div><\/div><div class=\"eut-isotope-item eut-hover-item eut-hover-style-none\"><div class=\"eut-isotope-item-inner eut-zoom-in\">  <figure class=\"eut-image-hover\">    <a class=\"eut-item-url\" href=\"https:\/\/kalkanci.com\/wp-content\/uploads\/2021\/04\/Tarihce-09.jpg\" ><\/a>    <div class=\"eut-hover-overlay eut-bg-blue eut-opacity-30\"><\/div><div class=\"eut-media\"><img loading=\"lazy\" decoding=\"async\" width=\"560\" height=\"560\" src=\"https:\/\/kalkanci.com\/wp-content\/uploads\/2021\/04\/Tarihce-09-560x560.jpg\" class=\"attachment-fildisi-eutf-small-square size-fildisi-eutf-small-square\" alt=\"Tarih\u00e7e\" srcset=\"https:\/\/kalkanci.com\/wp-content\/uploads\/2021\/04\/Tarihce-09-560x560.jpg 560w, https:\/\/kalkanci.com\/wp-content\/uploads\/2021\/04\/Tarihce-09-300x300.jpg 300w, https:\/\/kalkanci.com\/wp-content\/uploads\/2021\/04\/Tarihce-09-1024x1024.jpg 1024w, https:\/\/kalkanci.com\/wp-content\/uploads\/2021\/04\/Tarihce-09-150x150.jpg 150w, https:\/\/kalkanci.com\/wp-content\/uploads\/2021\/04\/Tarihce-09-768x768.jpg 768w, https:\/\/kalkanci.com\/wp-content\/uploads\/2021\/04\/Tarihce-09-900x900.jpg 900w, https:\/\/kalkanci.com\/wp-content\/uploads\/2021\/04\/Tarihce-09.jpg 1200w\" sizes=\"auto, (max-width: 560px) 100vw, 560px\" \/><\/div>  <\/figure><\/div><\/div><div class=\"eut-isotope-item eut-hover-item eut-hover-style-none\"><div class=\"eut-isotope-item-inner eut-zoom-in\">  <figure class=\"eut-image-hover\">    <a class=\"eut-item-url\" href=\"https:\/\/kalkanci.com\/wp-content\/uploads\/2021\/04\/Tarihce-10.jpg\" ><\/a>    <div class=\"eut-hover-overlay eut-bg-blue eut-opacity-30\"><\/div><div class=\"eut-media\"><img loading=\"lazy\" decoding=\"async\" width=\"560\" height=\"560\" src=\"https:\/\/kalkanci.com\/wp-content\/uploads\/2021\/04\/Tarihce-10-560x560.jpg\" class=\"attachment-fildisi-eutf-small-square size-fildisi-eutf-small-square\" alt=\"Tarih\u00e7e\" srcset=\"https:\/\/kalkanci.com\/wp-content\/uploads\/2021\/04\/Tarihce-10-560x560.jpg 560w, https:\/\/kalkanci.com\/wp-content\/uploads\/2021\/04\/Tarihce-10-300x300.jpg 300w, https:\/\/kalkanci.com\/wp-content\/uploads\/2021\/04\/Tarihce-10-1024x1024.jpg 1024w, https:\/\/kalkanci.com\/wp-content\/uploads\/2021\/04\/Tarihce-10-150x150.jpg 150w, https:\/\/kalkanci.com\/wp-content\/uploads\/2021\/04\/Tarihce-10-768x768.jpg 768w, https:\/\/kalkanci.com\/wp-content\/uploads\/2021\/04\/Tarihce-10-900x900.jpg 900w, https:\/\/kalkanci.com\/wp-content\/uploads\/2021\/04\/Tarihce-10.jpg 1200w\" sizes=\"auto, (max-width: 560px) 100vw, 560px\" \/><\/div>  <\/figure><\/div><\/div><div class=\"eut-isotope-item eut-hover-item eut-hover-style-none\"><div class=\"eut-isotope-item-inner eut-zoom-in\">  <figure class=\"eut-image-hover\">    <a class=\"eut-item-url\" href=\"https:\/\/kalkanci.com\/wp-content\/uploads\/2021\/04\/Tarihce-11.jpg\" ><\/a>    <div class=\"eut-hover-overlay eut-bg-blue eut-opacity-30\"><\/div><div class=\"eut-media\"><img loading=\"lazy\" decoding=\"async\" width=\"560\" height=\"560\" src=\"https:\/\/kalkanci.com\/wp-content\/uploads\/2021\/04\/Tarihce-11-560x560.jpg\" class=\"attachment-fildisi-eutf-small-square size-fildisi-eutf-small-square\" alt=\"Tarih\u00e7e\" srcset=\"https:\/\/kalkanci.com\/wp-content\/uploads\/2021\/04\/Tarihce-11-560x560.jpg 560w, https:\/\/kalkanci.com\/wp-content\/uploads\/2021\/04\/Tarihce-11-300x300.jpg 300w, https:\/\/kalkanci.com\/wp-content\/uploads\/2021\/04\/Tarihce-11-1024x1024.jpg 1024w, https:\/\/kalkanci.com\/wp-content\/uploads\/2021\/04\/Tarihce-11-150x150.jpg 150w, https:\/\/kalkanci.com\/wp-content\/uploads\/2021\/04\/Tarihce-11-768x768.jpg 768w, https:\/\/kalkanci.com\/wp-content\/uploads\/2021\/04\/Tarihce-11-900x900.jpg 900w, https:\/\/kalkanci.com\/wp-content\/uploads\/2021\/04\/Tarihce-11.jpg 1200w\" sizes=\"auto, (max-width: 560px) 100vw, 560px\" \/><\/div>  <\/figure><\/div><\/div><div class=\"eut-isotope-item eut-hover-item eut-hover-style-none\"><div class=\"eut-isotope-item-inner eut-zoom-in\">  <figure class=\"eut-image-hover\">    <a class=\"eut-item-url\" href=\"https:\/\/kalkanci.com\/wp-content\/uploads\/2021\/04\/Tarihce-12.jpg\" ><\/a>    <div class=\"eut-hover-overlay eut-bg-blue eut-opacity-30\"><\/div><div class=\"eut-media\"><img loading=\"lazy\" decoding=\"async\" width=\"560\" height=\"560\" src=\"https:\/\/kalkanci.com\/wp-content\/uploads\/2021\/04\/Tarihce-12-560x560.jpg\" class=\"attachment-fildisi-eutf-small-square size-fildisi-eutf-small-square\" alt=\"Tarih\u00e7e\" srcset=\"https:\/\/kalkanci.com\/wp-content\/uploads\/2021\/04\/Tarihce-12-560x560.jpg 560w, https:\/\/kalkanci.com\/wp-content\/uploads\/2021\/04\/Tarihce-12-300x300.jpg 300w, https:\/\/kalkanci.com\/wp-content\/uploads\/2021\/04\/Tarihce-12-1024x1024.jpg 1024w, https:\/\/kalkanci.com\/wp-content\/uploads\/2021\/04\/Tarihce-12-150x150.jpg 150w, https:\/\/kalkanci.com\/wp-content\/uploads\/2021\/04\/Tarihce-12-768x768.jpg 768w, https:\/\/kalkanci.com\/wp-content\/uploads\/2021\/04\/Tarihce-12-900x900.jpg 900w, https:\/\/kalkanci.com\/wp-content\/uploads\/2021\/04\/Tarihce-12.jpg 1200w\" sizes=\"auto, (max-width: 560px) 100vw, 560px\" \/><\/div>  <\/figure><\/div><\/div><div class=\"eut-isotope-item eut-hover-item eut-hover-style-none\"><div class=\"eut-isotope-item-inner eut-zoom-in\">  <figure class=\"eut-image-hover\">    <a class=\"eut-item-url\" href=\"https:\/\/kalkanci.com\/wp-content\/uploads\/2021\/04\/Tarihce-13.jpg\" ><\/a>    <div class=\"eut-hover-overlay eut-bg-blue eut-opacity-30\"><\/div><div class=\"eut-media\"><img loading=\"lazy\" decoding=\"async\" width=\"560\" height=\"560\" src=\"https:\/\/kalkanci.com\/wp-content\/uploads\/2021\/04\/Tarihce-13-560x560.jpg\" class=\"attachment-fildisi-eutf-small-square size-fildisi-eutf-small-square\" alt=\"Tarih\u00e7e\" srcset=\"https:\/\/kalkanci.com\/wp-content\/uploads\/2021\/04\/Tarihce-13-560x560.jpg 560w, https:\/\/kalkanci.com\/wp-content\/uploads\/2021\/04\/Tarihce-13-300x300.jpg 300w, https:\/\/kalkanci.com\/wp-content\/uploads\/2021\/04\/Tarihce-13-1024x1024.jpg 1024w, https:\/\/kalkanci.com\/wp-content\/uploads\/2021\/04\/Tarihce-13-150x150.jpg 150w, https:\/\/kalkanci.com\/wp-content\/uploads\/2021\/04\/Tarihce-13-768x768.jpg 768w, https:\/\/kalkanci.com\/wp-content\/uploads\/2021\/04\/Tarihce-13-900x900.jpg 900w, https:\/\/kalkanci.com\/wp-content\/uploads\/2021\/04\/Tarihce-13.jpg 1200w\" sizes=\"auto, (max-width: 560px) 100vw, 560px\" \/><\/div>  <\/figure><\/div><\/div>  <\/div><\/div>[\/vc_column][\/vc_row][vc_row padding_top_multiplier=&#8221;2x&#8221;][vc_column][vc_column_text]<\/p>\n<p style=\"text-align: justfy;\">Bu denli geni\u015f \u00fcretim potansiyeli olan <strong>KALKANCI<\/strong>; m\u00fc\u015fterilerini kal\u0131p tasar\u0131m\u0131ndan d\u00f6k\u00fcm par\u00e7an\u0131n istenilen herhangi bir \u00fcretim ko\u015fulunda \u00fcretilmesine kadar ki t\u00fcm s\u00fcre\u00e7 boyunca destekleyebilmektedir. T\u00fcm \u00fcretim ser\u00fcvenini tek \u00e7at\u0131 alt\u0131nda sa\u011flayabilen markam\u0131z, m\u00fc\u015fterilerine kal\u0131p tasar\u0131m\u0131 ve \u00fcretimi, al\u00fcminyum d\u00f6k\u00fcm, \u0131s\u0131l i\u015flem, i\u015fleme, y\u0131kama, vibrasyon, kumlama, kalite kontrol ve bitmi\u015f par\u00e7a hizmetlerini sunmaktad\u0131r. Ancak KALKANCI \u00f6zellikle kal\u0131p imal\u0131 konusunda uzmanla\u015fm\u0131\u015ft\u0131r. \u00d6zellikle markam\u0131z\u0131n \u00fcretim hayat\u0131na bu alanda ba\u015flam\u0131\u015f olmas\u0131 ve kal\u0131p imalat\u0131n\u0131n par\u00e7a \u00fcretiminin olmazsa olmaz\u0131 oldu\u011fu ger\u00e7e\u011fini benimsemesi, KALKANCI markas\u0131n\u0131 kal\u0131p imalat\u0131 konusunda \u00f6ne \u00e7\u0131karmaktad\u0131r.<\/p>\n<p style=\"text-align: justfy;\">Bug\u00fcn \u00fcretimimizin %98\u2019ini Almanya, \u00c7ek Cumhuriyeti, Polonya, \u0130ngiltere, Meksika, Amerika ve Romanya gibi yurt d\u0131\u015f\u0131ndaki m\u00fc\u015fterilerimiz i\u00e7in ger\u00e7ekle\u015ftirmekteyiz. Ayr\u0131ca yurti\u00e7inde de faaliyetlerimizi aktif \u015fekilde s\u00fcrd\u00fcrmekteyiz. M\u00fc\u015fterilerimizin beklentilerini kar\u015f\u0131lamak ve a\u015fmak i\u00e7in, \u00fcretim tesislerimizin daha fazla modernizasyonuna g\u00fc\u00e7l\u00fc bir \u015fekilde yat\u0131r\u0131m yapmaya ve \u00fcretim stratejimizi geli\u015ftirmek i\u00e7in ileri teknolojiler ve yeni makineler kullanmaktay\u0131z.<\/p>\n<p>[\/vc_column_text][\/vc_column][\/vc_row][vc_row padding_bottom_multiplier=&#8221;&#8221;][vc_column width=&#8221;1\/2&#8243;][vc_column_text]ARTIRILMI\u015e KAPAS\u0130TE, DAHA Y\u00dcKSEK VE SAB\u0130T VER\u0130ML\u0130L\u0130K, GEL\u0130\u015eT\u0130R\u0130LM\u0130\u015e \u00dcRET\u0130M S\u00dcRES\u0130, EN Y\u00dcKSEK KAL\u0130TE, TESL\u0130MAT S\u00dcRELER\u0130N\u0130N AZALTILMASI VE LOJ\u0130ST\u0130K MAL\u0130YETLER\u0130 gibi kalemlerde kendimizi durmadan geli\u015ftirmeye devam etmekteyiz.<\/p>\n<p>D\u00fcnyan\u0131n \u00f6nde gelen otomotiv ve di\u011fer sanayi firmalar\u0131na \u00fcretim yapan markam\u0131z; sadece bir \u00fcretici de\u011fil, m\u00fc\u015fterileriyle stratejik ortakl\u0131klar kuran giri\u015fimci ve inovatif bir firmad\u0131r. Bu ortakl\u0131k arac\u0131l\u0131\u011f\u0131yla ve \u00e7al\u0131\u015fma anlay\u0131\u015f\u0131yla m\u00fc\u015fterilerimize \u015fu hizmetleri ve \u00e7\u00f6z\u00fcmleri sunmaktay\u0131z;[\/vc_column_text][\/vc_column][vc_column width=&#8221;1\/2&#8243;][vc_column_text]<\/p>\n<ul>\n<li>Hafif A\u011f\u0131rl\u0131k \u00c7\u00f6z\u00fcmleri<\/li>\n<li>Geli\u015ftirilmi\u015f \u00dcr\u00fcn \u00d6zellikleri<\/li>\n<li>Y\u00fckseltilmi\u015f Malzeme \u00d6zellikleri<\/li>\n<li>S\u00fcre\u00e7 G\u00fcvenilirli\u011fi Ve Toleranslar<\/li>\n<li>\u00dcr\u00fcn Tasar\u0131m\u0131 Ve S\u00fcrecinde Maliyet Verimlili\u011fi<\/li>\n<li>Stok Y\u00f6netimine Y\u00f6nelik \u00c7\u00f6z\u00fcmler,<\/li>\n<li>Konsinye Stok \/ Kullan\u0131m Ve \u00d6deme Vb.<\/li>\n<\/ul>\n<p>[\/vc_column_text][\/vc_column][\/vc_row][vc_row][vc_column][vc_column_text]<\/p>\n<p style=\"text-align: justify;\">\u0130\u015fte bu hizmetler ve i\u00e7eriklerle <strong>KALKANCI, <\/strong>d\u00fcn oldu\u011fu gibi bug\u00fcn de T\u00fcrkiye\u2019nin \u00f6nc\u00fc marklar\u0131ndan biri olarak \u00f6ne \u00e7\u0131kmaktad\u0131r. Hem T\u00fcrkiye\u2019nin hem de d\u00fcnyan\u0131n ba\u015far\u0131l\u0131 ve sayg\u0131n kurulu\u015flar\u0131ndan birisi olarak hizmet sa\u011flad\u0131\u011f\u0131m\u0131z t\u00fcm alanlarda \u00f6nc\u00fc ve \u00f6rnek olmaya, yeni faaliyet alanlar\u0131 geli\u015ftirerek istihdam yaratmaya devam edece\u011fiz.<\/p>\n<p>[\/vc_column_text][\/vc_column][\/vc_row]<\/p>\n<\/div>","protected":false},"excerpt":{"rendered":"<p>[vc_row bg_type=&#8221;color&#8221; padding_top_multiplier=&#8221;2x&#8221; bg_color=&#8221;#ffffff&#8221;][vc_column width=&#8221;1\/3&#8243;][vc_column_text][\/vc_column_text][\/vc_column][vc_column width=&#8221;2\/3&#8243;][vc_column_text] 1981 y\u0131l\u0131nda merhum H\u00fcseyin PA\u00c7ACI taraf\u0131ndan \u0130stanbul\/Maltepe\u2019de kurulan KALKANCI, faaliyetlerine kal\u0131p imalat\u0131 alan\u0131yla ba\u015flam\u0131\u015f, 1987 y\u0131l\u0131na gelindi\u011finde ise d\u00f6k\u00fcm sekt\u00f6r\u00fcnde de yer almaya ba\u015flam\u0131\u015ft\u0131r. Artan taleplerin kar\u015f\u0131lanabilmesi ad\u0131na 1993 y\u0131l\u0131nda Pendik deki fabrika binas\u0131na ta\u015f\u0131nan firmam\u0131z 2006 y\u0131l\u0131ndan itibaren metal enjeksiyon sekt\u00f6r\u00fcn\u00fcn t\u00fcm gereksinimlerini kar\u015f\u0131layabilecek alt yap\u0131y\u0131 b\u00fcnyesinde bar\u0131nd\u0131ran [&hellip;]<\/p>\n","protected":false},"author":1,"featured_media":0,"parent":0,"menu_order":0,"comment_status":"closed","ping_status":"closed","template":"","meta":{"_seopress_robots_primary_cat":"","_seopress_titles_title":"Tarih\u00e7e | Kalkanc\u0131 Pres D\u00f6k\u00fcm ve Kal\u0131p","_seopress_titles_desc":"Al\u00fcminyum D\u00f6k\u00fcm Kal\u0131p alan\u0131nda hizmet veren KALKANCI; otomotiv, Enerji, Ayd\u0131nlatma ve \u0130n\u015faat gibi bir\u00e7ok farkl\u0131 sekt\u00f6re hizmet sa\u011flamaktad\u0131r.","_seopress_robots_index":"","footnotes":""},"class_list":["post-410","page","type-page","status-publish","hentry"],"_links":{"self":[{"href":"https:\/\/kalkanci.com\/tr\/wp-json\/wp\/v2\/pages\/410","targetHints":{"allow":["GET"]}}],"collection":[{"href":"https:\/\/kalkanci.com\/tr\/wp-json\/wp\/v2\/pages"}],"about":[{"href":"https:\/\/kalkanci.com\/tr\/wp-json\/wp\/v2\/types\/page"}],"author":[{"embeddable":true,"href":"https:\/\/kalkanci.com\/tr\/wp-json\/wp\/v2\/users\/1"}],"replies":[{"embeddable":true,"href":"https:\/\/kalkanci.com\/tr\/wp-json\/wp\/v2\/comments?post=410"}],"version-history":[{"count":0,"href":"https:\/\/kalkanci.com\/tr\/wp-json\/wp\/v2\/pages\/410\/revisions"}],"wp:attachment":[{"href":"https:\/\/kalkanci.com\/tr\/wp-json\/wp\/v2\/media?parent=410"}],"curies":[{"name":"wp","href":"https:\/\/api.w.org\/{rel}","templated":true}]}}