{"id":4190,"date":"2025-10-23T18:02:01","date_gmt":"2025-10-23T15:02:01","guid":{"rendered":"https:\/\/kalkanci.com\/carbon-footprint\/"},"modified":"2025-11-17T19:08:57","modified_gmt":"2025-11-17T16:08:57","slug":"karbon-ayak-izi","status":"publish","type":"page","link":"https:\/\/kalkanci.com\/tr\/karbon-ayak-izi\/","title":{"rendered":"Karbon Ayak \u0130zi"},"content":{"rendered":"<div class=\"wpb-content-wrapper\"><p>[vc_row bg_type=&#8221;color&#8221; columns_gap=&#8221;none&#8221; bg_color=&#8221;#f7f7f7&#8243;][vc_column css=&#8221;.vc_custom_1650726161857{margin-top: 0px !important;}&#8221;]<h1 class=\"eut-element eut-title eut-align-center eut-h1\" style=\"\"><span>Karbon Ayak \u0130zi<\/span><\/h1>[\/vc_column][\/vc_row][vc_row][vc_column][vc_tta_tabs alignment=&#8221;center&#8221; active_section=&#8221;1&#8243; heading_tag=&#8221;h2&#8243; heading=&#8221;h3&#8243;][vc_tta_section i_type=&#8221;material&#8221; i_icon_material=&#8221;vc-material vc-material-info_outline&#8221; add_icon=&#8221;true&#8221; title=&#8221;2024&#8243; tab_id=&#8221;2024&#8243;][vc_row_inner][vc_column_inner width=&#8221;1\/2&#8243;]<div class=\"eut-element eut-align-left\"><a href=\"http:\/\/kalkanci.com\/_surdurulebilirlik\/karbon-ayakizi\/2024\/Kalkanci-CCF-report-2024.pdf\" title=\"\u015eirket Karbon Ayak \u0130zi\" target=\"_blank\" class=\"eut-btn eut-btn-medium eut-square eut-bg-primary-1 eut-bg-hover-black eut-btn-line eut-fullwidth-btn eut-fluid-btn-short\"><span>\u015eirket Karbon Ayak \u0130zi<\/span><\/a><\/div>[\/vc_column_inner][vc_column_inner width=&#8221;1\/2&#8243;]<div class=\"eut-element eut-align-left\"><a href=\"https:\/\/kalkanci.com\/_surdurulebilirlik\/karbon-ayakizi\/2024\/KALKANCI-2024-GHG-Protocol-Certificate.pdf\" title=\"GHG Protocol Certificate\" target=\"_blank\" class=\"eut-btn eut-btn-medium eut-square eut-bg-primary-1 eut-bg-hover-black eut-btn-line eut-fullwidth-btn eut-fluid-btn-short\"><span>GHG Protocol CERTIFIFATE<\/span><\/a><\/div>[\/vc_column_inner][\/vc_row_inner][vc_row_inner css=&#8221;.vc_custom_1761232752280{margin-top: 25px !important;}&#8221;][vc_column_inner width=&#8221;1\/2&#8243;]<div class=\"eut-element eut-align-left\"><a href=\"https:\/\/kalkanci.com\/_surdurulebilirlik\/karbon-ayakizi\/2024\/KALKANCI-2024-UNITY-GHG-VERIFICATION-STATEMENT.pdf\" title=\"UNITY GHG Verification Statement\" target=\"_blank\" class=\"eut-btn eut-btn-medium eut-square eut-bg-primary-1 eut-bg-hover-black eut-btn-line eut-fullwidth-btn eut-fluid-btn-short\"><span>UNITY GHG VERIFICATION Statement<\/span><\/a><\/div>[\/vc_column_inner][vc_column_inner width=&#8221;1\/2&#8243;]<div class=\"eut-element eut-align-left\"><a href=\"http:\/\/kalkanci.com\/_surdurulebilirlik\/karbon-ayakizi\/2024\/IREC-2024-kalkanci-corporate-carbon-footprint-2024-I-REC.pdf\" title=\"I-REC\" target=\"_blank\" class=\"eut-btn eut-btn-medium eut-square eut-bg-primary-1 eut-bg-hover-black eut-btn-line eut-fullwidth-btn eut-fluid-btn-short\"><span>I-REC<\/span><\/a><\/div>[\/vc_column_inner][\/vc_row_inner][vc_row_inner css=&#8221;.vc_custom_1761232752280{margin-top: 25px !important;}&#8221;][vc_column_inner width=&#8221;1\/2&#8243;]<div class=\"eut-element eut-align-left\"><a href=\"https:\/\/kalkanci.com\/_surdurulebilirlik\/karbon-ayakizi\/2025\/2024-Cancellation-Statement.pdf\" title=\"I-REC CERT\" target=\"_blank\" class=\"eut-btn eut-btn-medium eut-square eut-bg-primary-1 eut-bg-hover-black eut-btn-line eut-fullwidth-btn eut-fluid-btn-short\"><span>I-REC CERT<\/span><\/a><\/div>[\/vc_column_inner][vc_column_inner width=&#8221;1\/2&#8243;][\/vc_column_inner][\/vc_row_inner][\/vc_tta_section][vc_tta_section i_type=&#8221;material&#8221; i_icon_material=&#8221;vc-material vc-material-info_outline&#8221; add_icon=&#8221;true&#8221; title=&#8221;2023&#8243; tab_id=&#8221;2023&#8243;][vc_row_inner][vc_column_inner width=&#8221;1\/2&#8243;]<div class=\"eut-element eut-align-left\"><a href=\"https:\/\/kalkanci.com\/_surdurulebilirlik\/karbon-ayakizi\/2025\/250324-ClimatePartner-CCF-Kalkanci%20Pres-Dokum-ve-Kalip-San-Tic-AS-2023.pdf\" title=\"\u015eirket Karbon Ayak \u0130zi\" target=\"_blank\" class=\"eut-btn eut-btn-medium eut-square eut-bg-primary-1 eut-bg-hover-black eut-btn-line eut-fullwidth-btn eut-fluid-btn-short\"><span>\u015eirket Karbon Ayak \u0130zi<\/span><\/a><\/div>[\/vc_column_inner][vc_column_inner width=&#8221;1\/2&#8243;]<div class=\"eut-element eut-align-left\"><a href=\"https:\/\/kalkanci.com\/_surdurulebilirlik\/karbon-ayakizi\/2023\/KALKANCI-2023-GHG-Protocol-Certificate.pdf\" title=\"GHG Protocol Certificate\" target=\"_blank\" class=\"eut-btn eut-btn-medium eut-square eut-bg-primary-1 eut-bg-hover-black eut-btn-line eut-fullwidth-btn eut-fluid-btn-short\"><span>GHG Protocol Certificate<\/span><\/a><\/div>[\/vc_column_inner][\/vc_row_inner][vc_row_inner css=&#8221;.vc_custom_1761232752280{margin-top: 25px !important;}&#8221;][vc_column_inner width=&#8221;1\/2&#8243;]<div class=\"eut-element eut-align-left\"><a href=\"http:\/\/kalkanci.com\/_surdurulebilirlik\/karbon-ayakizi\/2023\/KALKANCI-2023-UNITY-GHG-VERIFICATION-STATEMENT.pdf\" title=\"UNITY GHG Verification Statement\" target=\"_blank\" class=\"eut-btn eut-btn-medium eut-square eut-bg-primary-1 eut-bg-hover-black eut-btn-line eut-fullwidth-btn eut-fluid-btn-short\"><span>UNITY GHG VERIFICATION Statement<\/span><\/a><\/div>[\/vc_column_inner][vc_column_inner width=&#8221;1\/2&#8243;]<div class=\"eut-element eut-align-left\"><a href=\"https:\/\/kalkanci.com\/_surdurulebilirlik\/karbon-ayakizi\/2023\/Greenhouse-Gases-Verification-Statement.pdf\" title=\"Greenhouse Gases Verification Statement\" target=\"_blank\" class=\"eut-btn eut-btn-medium eut-square eut-bg-primary-1 eut-bg-hover-black eut-btn-line eut-fullwidth-btn eut-fluid-btn-short\"><span>Greenhouse Gases Verification Statement<\/span><\/a><\/div>[\/vc_column_inner][\/vc_row_inner][vc_row_inner css=&#8221;.vc_custom_1761232752280{margin-top: 25px !important;}&#8221;][vc_column_inner width=&#8221;1\/2&#8243;]<div class=\"eut-element eut-align-left\"><a href=\"https:\/\/kalkanci.com\/_surdurulebilirlik\/karbon-ayakizi\/2025\/2023-Cancellation-Statement-6121-MWh-KALKANCI-Pres-Dokum-ve-Kalip-San-Tic-Turkey.pdf\" title=\"I-REC\" target=\"_blank\" class=\"eut-btn eut-btn-medium eut-square eut-bg-primary-1 eut-bg-hover-black eut-btn-line eut-fullwidth-btn eut-fluid-btn-short\"><span>I-REC<\/span><\/a><\/div>[\/vc_column_inner][vc_column_inner width=&#8221;1\/2&#8243;][\/vc_column_inner][\/vc_row_inner][\/vc_tta_section][vc_tta_section i_type=&#8221;material&#8221; i_icon_material=&#8221;vc-material vc-material-info_outline&#8221; add_icon=&#8221;true&#8221; title=&#8221;2022&#8243; tab_id=&#8221;2022&#8243;][vc_row_inner][vc_column_inner width=&#8221;1\/2&#8243;]<div class=\"eut-element eut-align-left\"><a href=\"https:\/\/kalkanci.com\/_surdurulebilirlik\/karbon-ayakizi\/2022-I-REC\/Sirket-Karbon-Ayakizi.pdf\" title=\"\u015eirket Karbon Ayak \u0130zi\" target=\"_blank\" class=\"eut-btn eut-btn-medium eut-square eut-bg-primary-1 eut-bg-hover-black eut-btn-line eut-fullwidth-btn eut-fluid-btn-short\"><span>\u015eirket Karbon Ayak \u0130zi<\/span><\/a><\/div>[\/vc_column_inner][vc_column_inner width=&#8221;1\/2&#8243;]<div class=\"eut-element eut-align-left\"><a href=\"https:\/\/kalkanci.com\/_surdurulebilirlik\/karbon-ayakizi\/2022-I-REC\/230530-ClimatePartner-CCF-Kalkanci-Pres-Dokum-ve-Kalip-San-Tic-AS-Corporate-Carbon-Footprint-2022.pdf\" title=\"I-REC 1\" target=\"_blank\" class=\"eut-btn eut-btn-medium eut-square eut-bg-primary-1 eut-bg-hover-black eut-btn-line eut-fullwidth-btn eut-fluid-btn-short\"><span>I-REC 1<\/span><\/a><\/div>[\/vc_column_inner][\/vc_row_inner][vc_row_inner css=&#8221;.vc_custom_1761232752280{margin-top: 25px !important;}&#8221;][vc_column_inner width=&#8221;1\/2&#8243;]<div class=\"eut-element eut-align-left\"><a href=\"https:\/\/kalkanci.com\/_surdurulebilirlik\/karbon-ayakizi\/2022-I-REC\/2022-Redemption-Statement-6110-MWh-Kalkanci.pdf\" title=\"I-REC 2\" target=\"_blank\" class=\"eut-btn eut-btn-medium eut-square eut-bg-primary-1 eut-bg-hover-black eut-btn-line eut-fullwidth-btn eut-fluid-btn-short\"><span>I-REC 2<\/span><\/a><\/div>[\/vc_column_inner][vc_column_inner width=&#8221;1\/2&#8243;][\/vc_column_inner][\/vc_row_inner][\/vc_tta_section][vc_tta_section i_type=&#8221;material&#8221; i_icon_material=&#8221;vc-material vc-material-info_outline&#8221; add_icon=&#8221;true&#8221; title=&#8221;2021&#8243; tab_id=&#8221;2021&#8243;][vc_row_inner][vc_column_inner width=&#8221;1\/2&#8243;]<div class=\"eut-element eut-align-left\"><a href=\"https:\/\/kalkanci.com\/_surdurulebilirlik\/karbon-ayakizi\/2021-I-REC\/Kalkanci-Pres-Dokum-ve-Kalip-San-Tic-AS-PCF-Report-Aluminium-profil-with-green.pdf\" title=\"\u00dcr\u00fcn Karbon Ayak \u0130zi\" target=\"_blank\" class=\"eut-btn eut-btn-medium eut-square eut-bg-primary-1 eut-bg-hover-black eut-btn-line eut-fullwidth-btn eut-fluid-btn-short\"><span>\u00dcr\u00fcn Karbon Ayak \u0130zi<\/span><\/a><\/div>[\/vc_column_inner][vc_column_inner width=&#8221;1\/2&#8243;]<div class=\"eut-element eut-align-left\"><a href=\"https:\/\/kalkanci.com\/_surdurulebilirlik\/karbon-ayakizi\/2021-I-REC\/Kalkanci-Pres-Dokum-ve-Kalip-San-Tic-AS-Report-2021.pdf\" title=\"\u015eirket Karbon Ayak \u0130zi\" target=\"_blank\" class=\"eut-btn eut-btn-medium eut-square eut-bg-primary-1 eut-bg-hover-black eut-btn-line eut-fullwidth-btn eut-fluid-btn-short\"><span>\u015eirket Karbon Ayak \u0130zi<\/span><\/a><\/div>[\/vc_column_inner][\/vc_row_inner][vc_row_inner css=&#8221;.vc_custom_1761232752280{margin-top: 25px !important;}&#8221;][vc_column_inner width=&#8221;1\/2&#8243;]<div class=\"eut-element eut-align-left\"><a href=\"https:\/\/kalkanci.com\/_surdurulebilirlik\/karbon-ayakizi\/2021-I-REC\/Climate-Partner-Confirmation-Certificate-Kalkanci-Green-elec-2021.pdf\" title=\"I-REC 1\" target=\"_blank\" class=\"eut-btn eut-btn-medium eut-square eut-bg-primary-1 eut-bg-hover-black eut-btn-line eut-fullwidth-btn eut-fluid-btn-short\"><span>I-REC 1<\/span><\/a><\/div>[\/vc_column_inner][vc_column_inner width=&#8221;1\/2&#8243;]<div class=\"eut-element eut-align-left\"><a href=\"https:\/\/kalkanci.com\/_surdurulebilirlik\/karbon-ayakizi\/2021-I-REC\/2021-Retirement-6085-MWh-I-RECs-Kalkanci.pdf\" title=\"I-REC 2\" target=\"_blank\" class=\"eut-btn eut-btn-medium eut-square eut-bg-primary-1 eut-bg-hover-black eut-btn-line eut-fullwidth-btn eut-fluid-btn-short\"><span>I-REC 2<\/span><\/a><\/div>[\/vc_column_inner][\/vc_row_inner][\/vc_tta_section][\/vc_tta_tabs][\/vc_column][\/vc_row]<\/p>\n<\/div>","protected":false},"excerpt":{"rendered":"<p>[vc_row bg_type=&#8221;color&#8221; columns_gap=&#8221;none&#8221; bg_color=&#8221;#f7f7f7&#8243;][vc_column css=&#8221;.vc_custom_1650726161857{margin-top: 0px !important;}&#8221;][\/vc_column][\/vc_row][vc_row][vc_column][vc_tta_tabs alignment=&#8221;center&#8221; active_section=&#8221;1&#8243; heading_tag=&#8221;h2&#8243; heading=&#8221;h3&#8243;][vc_tta_section i_type=&#8221;material&#8221; i_icon_material=&#8221;vc-material vc-material-info_outline&#8221; add_icon=&#8221;true&#8221; title=&#8221;2024&#8243; tab_id=&#8221;2024&#8243;][vc_row_inner][vc_column_inner width=&#8221;1\/2&#8243;][\/vc_column_inner][vc_column_inner width=&#8221;1\/2&#8243;][\/vc_column_inner][\/vc_row_inner][vc_row_inner css=&#8221;.vc_custom_1761232752280{margin-top: 25px !important;}&#8221;][vc_column_inner width=&#8221;1\/2&#8243;][\/vc_column_inner][vc_column_inner width=&#8221;1\/2&#8243;][\/vc_column_inner][\/vc_row_inner][vc_row_inner css=&#8221;.vc_custom_1761232752280{margin-top: 25px !important;}&#8221;][vc_column_inner width=&#8221;1\/2&#8243;][\/vc_column_inner][vc_column_inner width=&#8221;1\/2&#8243;][\/vc_column_inner][\/vc_row_inner][\/vc_tta_section][vc_tta_section i_type=&#8221;material&#8221; i_icon_material=&#8221;vc-material vc-material-info_outline&#8221; add_icon=&#8221;true&#8221; title=&#8221;2023&#8243; tab_id=&#8221;2023&#8243;][vc_row_inner][vc_column_inner width=&#8221;1\/2&#8243;][\/vc_column_inner][vc_column_inner width=&#8221;1\/2&#8243;][\/vc_column_inner][\/vc_row_inner][vc_row_inner css=&#8221;.vc_custom_1761232752280{margin-top: 25px !important;}&#8221;][vc_column_inner width=&#8221;1\/2&#8243;][\/vc_column_inner][vc_column_inner width=&#8221;1\/2&#8243;][\/vc_column_inner][\/vc_row_inner][vc_row_inner css=&#8221;.vc_custom_1761232752280{margin-top: 25px !important;}&#8221;][vc_column_inner width=&#8221;1\/2&#8243;][\/vc_column_inner][vc_column_inner width=&#8221;1\/2&#8243;][\/vc_column_inner][\/vc_row_inner][\/vc_tta_section][vc_tta_section i_type=&#8221;material&#8221; i_icon_material=&#8221;vc-material vc-material-info_outline&#8221; add_icon=&#8221;true&#8221; title=&#8221;2022&#8243; tab_id=&#8221;2022&#8243;][vc_row_inner][vc_column_inner width=&#8221;1\/2&#8243;][\/vc_column_inner][vc_column_inner width=&#8221;1\/2&#8243;][\/vc_column_inner][\/vc_row_inner][vc_row_inner [&hellip;]<\/p>\n","protected":false},"author":1,"featured_media":0,"parent":0,"menu_order":0,"comment_status":"closed","ping_status":"closed","template":"","meta":{"_seopress_robots_primary_cat":"","_seopress_titles_title":"Karbon Ayak \u0130zi | Al\u00fcminyum Y\u00fcksek Bas\u0131n\u00e7l\u0131 D\u00f6k\u00fcm","_seopress_titles_desc":"Karbon Ayak \u0130zi | Al\u00fcminyum Y\u00fcksek Bas\u0131n\u00e7l\u0131 D\u00f6k\u00fcm, \u00dcr\u00fcn Karbon Ayak \u0130zi, I-REC, \u015eirket Karbon Ayak \u0130zi.","_seopress_robots_index":"","footnotes":""},"class_list":["post-4190","page","type-page","status-publish","hentry"],"_links":{"self":[{"href":"https:\/\/kalkanci.com\/tr\/wp-json\/wp\/v2\/pages\/4190","targetHints":{"allow":["GET"]}}],"collection":[{"href":"https:\/\/kalkanci.com\/tr\/wp-json\/wp\/v2\/pages"}],"about":[{"href":"https:\/\/kalkanci.com\/tr\/wp-json\/wp\/v2\/types\/page"}],"author":[{"embeddable":true,"href":"https:\/\/kalkanci.com\/tr\/wp-json\/wp\/v2\/users\/1"}],"replies":[{"embeddable":true,"href":"https:\/\/kalkanci.com\/tr\/wp-json\/wp\/v2\/comments?post=4190"}],"version-history":[{"count":6,"href":"https:\/\/kalkanci.com\/tr\/wp-json\/wp\/v2\/pages\/4190\/revisions"}],"predecessor-version":[{"id":4209,"href":"https:\/\/kalkanci.com\/tr\/wp-json\/wp\/v2\/pages\/4190\/revisions\/4209"}],"wp:attachment":[{"href":"https:\/\/kalkanci.com\/tr\/wp-json\/wp\/v2\/media?parent=4190"}],"curies":[{"name":"wp","href":"https:\/\/api.w.org\/{rel}","templated":true}]}}