{"id":4237,"date":"2025-12-30T17:56:02","date_gmt":"2025-12-30T14:56:02","guid":{"rendered":"https:\/\/kalkanci.com\/?page_id=4237"},"modified":"2025-12-30T17:56:02","modified_gmt":"2025-12-30T14:56:02","slug":"politikalarimiz","status":"publish","type":"page","link":"https:\/\/kalkanci.com\/tr\/politikalarimiz\/","title":{"rendered":"Politikalar\u0131m\u0131z"},"content":{"rendered":"<div class=\"wpb-content-wrapper\"><p>[vc_row bg_type=&#8221;color&#8221; columns_gap=&#8221;none&#8221; bg_color=&#8221;#f7f7f7&#8243;][vc_column css=&#8221;.vc_custom_1650726161857{margin-top: 0px !important;}&#8221;]<h1 class=\"eut-element eut-title eut-align-center eut-h1\" style=\"\"><span>Politikalar\u0131m\u0131z<\/span><\/h1>[\/vc_column][\/vc_row][vc_row][vc_column width=&#8221;1\/3&#8243;]<div class=\"eut-element eut-align-left\"><a href=\"https:\/\/kalkanci.com\/_surdurulebilirlik\/politikalarimiz\/Bilgi-Islem-Politikasi.pdf\" title=\"Bilgi \u0130\u015flem Politikas\u0131\" target=\"_blank\" class=\"eut-btn eut-btn-medium eut-square eut-bg-primary-1 eut-bg-hover-black eut-btn-line eut-fullwidth-btn eut-fluid-btn-short\"><span>Bilgi \u0130\u015flem Politikas\u0131<\/span><\/a><\/div>[\/vc_column][vc_column width=&#8221;1\/3&#8243;]<div class=\"eut-element eut-align-left\"><a href=\"https:\/\/kalkanci.com\/_surdurulebilirlik\/2024-12\/Cevre-Politikasi-05-TR.pdf\" title=\"\u00c7evre Politikas\u0131\" target=\"_blank\" class=\"eut-btn eut-btn-medium eut-square eut-bg-primary-1 eut-bg-hover-black eut-btn-line eut-fullwidth-btn eut-fluid-btn-short\"><span>\u00c7evre Politikas\u0131<\/span><\/a><\/div>[\/vc_column][vc_column width=&#8221;1\/3&#8243;]<div class=\"eut-element eut-align-left\"><a href=\"https:\/\/kalkanci.com\/_surdurulebilirlik\/2024-12\/Enerji-Politikasi-01-TR.pdf\" title=\"Enerji Politikas\u0131\" target=\"_blank\" class=\"eut-btn eut-btn-medium eut-square eut-bg-primary-1 eut-bg-hover-black eut-btn-line eut-fullwidth-btn eut-fluid-btn-short\"><span>Enerji Politikas\u0131<\/span><\/a><\/div>[\/vc_column][\/vc_row][vc_row][vc_column width=&#8221;1\/3&#8243;]<div class=\"eut-element eut-align-left\"><a href=\"https:\/\/kalkanci.com\/_surdurulebilirlik\/2024-12\/Iklim-Degisikligi-Politikasi-00-TR.pdf\" title=\"\u0130klim De\u011fi\u015fikli\u011fi Politikas\u0131\" target=\"_blank\" class=\"eut-btn eut-btn-medium eut-square eut-bg-primary-1 eut-bg-hover-black eut-btn-line eut-fullwidth-btn eut-fluid-btn-short\"><span>\u0130klim De\u011fi\u015fikli\u011fi Politikas\u0131<\/span><\/a><\/div>[\/vc_column][vc_column width=&#8221;1\/3&#8243;]<div class=\"eut-element eut-align-left\"><a href=\"https:\/\/kalkanci.com\/_surdurulebilirlik\/2025-03\/isg-politikasi-2025.pdf\" title=\"\u0130SG Politikas\u0131\" target=\"_blank\" class=\"eut-btn eut-btn-medium eut-square eut-bg-primary-1 eut-bg-hover-black eut-btn-line eut-fullwidth-btn eut-fluid-btn-short\"><span>\u0130SG Politikas\u0131<\/span><\/a><\/div>[\/vc_column][vc_column width=&#8221;1\/3&#8243;]<div class=\"eut-element eut-align-left\"><a href=\"https:\/\/kalkanci.com\/_surdurulebilirlik\/2024-12\/Kalite-Politikasi-05-TR.pdf\" title=\"Kalite Politikas\u0131\" target=\"_blank\" class=\"eut-btn eut-btn-medium eut-square eut-bg-primary-1 eut-bg-hover-black eut-btn-line eut-fullwidth-btn eut-fluid-btn-short\"><span>Kalite Politikas\u0131<\/span><\/a><\/div>[\/vc_column][\/vc_row][vc_row][vc_column width=&#8221;1\/3&#8243;]<div class=\"eut-element eut-align-left\"><a href=\"https:\/\/kalkanci.com\/_surdurulebilirlik\/2024-12\/Atik-Yonetim-Politikasi-00-TR.pdf\" title=\"At\u0131k Y\u00f6netimi Politikas\u0131\" target=\"_blank\" class=\"eut-btn eut-btn-medium eut-square eut-bg-primary-1 eut-bg-hover-black eut-btn-line eut-fullwidth-btn eut-fluid-btn-short\"><span>At\u0131k Y\u00f6netimi Politikas\u0131<\/span><\/a><\/div>[\/vc_column][vc_column width=&#8221;1\/3&#8243;]<div class=\"eut-element eut-align-left\"><a href=\"https:\/\/kalkanci.com\/_surdurulebilirlik\/2024-12\/Su-Yonetimi-Politikasi-00-TR.pdf\" title=\"Su Y\u00f6netimi Politikas\u0131\" target=\"_blank\" class=\"eut-btn eut-btn-medium eut-square eut-bg-primary-1 eut-bg-hover-black eut-btn-line eut-fullwidth-btn eut-fluid-btn-short\"><span>Su Y\u00f6netimi Politikas\u0131<\/span><\/a><\/div>[\/vc_column][vc_column width=&#8221;1\/3&#8243;]<div class=\"eut-element eut-align-left\"><a href=\"https:\/\/kalkanci.com\/_surdurulebilirlik\/2024-12\/Surdurulebilirlik-Politikasi-00-TR.pdf\" title=\"S\u00fcrd\u00fcr\u00fclebilirlik Politikas\u0131\" target=\"_blank\" class=\"eut-btn eut-btn-medium eut-square eut-bg-primary-1 eut-bg-hover-black eut-btn-line eut-fullwidth-btn eut-fluid-btn-short\"><span>S\u00fcrd\u00fcr\u00fclebilirlik Politikas\u0131<\/span><\/a><\/div>[\/vc_column][\/vc_row][vc_row][vc_column width=&#8221;1\/3&#8243;]<div class=\"eut-element eut-align-left\"><a href=\"http:\/\/kalkanci.com\/_surdurulebilirlik\/politikalarimiz\/insan-haklari-etik-ve-toplumsal-cinsiyet-esitlik-politikasi.pdf\" title=\"\u0130nsan Haklar\u0131, \u00c7al\u0131\u015fan Haklar\u0131, Etik ve Toplumsal Cinsiyet E\u015fitli\u011fi Politikas\u0131\" target=\"_blank\" class=\"eut-btn eut-btn-medium eut-square eut-bg-primary-1 eut-bg-hover-black eut-btn-line eut-fullwidth-btn eut-fluid-btn-short\"><span>\u0130nsan Haklar\u0131, \u00c7al\u0131\u015fan Haklar\u0131, Etik ve Toplumsal Cinsiyet E\u015fitli\u011fi Politikas\u0131<\/span><\/a><\/div>[\/vc_column][vc_column width=&#8221;1\/3&#8243;]<div class=\"eut-element eut-align-left\"><a href=\"https:\/\/kalkanci.com\/_surdurulebilirlik\/politikalarimiz\/liderlik-taahhudu-ve-yonetim-beyani.pdf\" title=\"Liderlik Taahh\u00fcd\u00fc ve Y\u00f6netim Beyan\u0131\" target=\"_blank\" class=\"eut-btn eut-btn-medium eut-square eut-bg-primary-1 eut-bg-hover-black eut-btn-line eut-fullwidth-btn eut-fluid-btn-short\"><span>Liderlik Taahh\u00fcd\u00fc ve Y\u00f6netim Beyan\u0131<\/span><\/a><\/div>[\/vc_column][vc_column width=&#8221;1\/3&#8243;][\/vc_column][\/vc_row]<\/p>\n<\/div>","protected":false},"excerpt":{"rendered":"<p>[vc_row bg_type=&#8221;color&#8221; columns_gap=&#8221;none&#8221; bg_color=&#8221;#f7f7f7&#8243;][vc_column css=&#8221;.vc_custom_1650726161857{margin-top: 0px !important;}&#8221;][\/vc_column][\/vc_row][vc_row][vc_column width=&#8221;1\/3&#8243;][\/vc_column][vc_column width=&#8221;1\/3&#8243;][\/vc_column][vc_column width=&#8221;1\/3&#8243;][\/vc_column][\/vc_row][vc_row][vc_column width=&#8221;1\/3&#8243;][\/vc_column][vc_column width=&#8221;1\/3&#8243;][\/vc_column][vc_column width=&#8221;1\/3&#8243;][\/vc_column][\/vc_row][vc_row][vc_column width=&#8221;1\/3&#8243;][\/vc_column][vc_column width=&#8221;1\/3&#8243;][\/vc_column][vc_column width=&#8221;1\/3&#8243;][\/vc_column][\/vc_row][vc_row][vc_column width=&#8221;1\/3&#8243;][\/vc_column][vc_column width=&#8221;1\/3&#8243;][\/vc_column][vc_column width=&#8221;1\/3&#8243;][\/vc_column][\/vc_row]<\/p>\n","protected":false},"author":1,"featured_media":0,"parent":0,"menu_order":0,"comment_status":"closed","ping_status":"closed","template":"","meta":{"_seopress_robots_primary_cat":"","_seopress_titles_title":"Politikalar\u0131m\u0131z | Al\u00fcminyum Y\u00fcksek Bas\u0131n\u00e7l\u0131 D\u00f6k\u00fcm","_seopress_titles_desc":"Politikalar\u0131m\u0131z | Al\u00fcminyum Y\u00fcksek Bas\u0131n\u00e7l\u0131 D\u00f6k\u00fcm, Bilgi \u0130\u015flem, \u00c7evre, Enerji, \u0130SG, \u0130klim De\u011fi\u015fikli\u011fi, Kalite, At\u0131k Y\u00f6netimi, Su Y\u00f6netimi Politikas\u0131.","_seopress_robots_index":"","footnotes":""},"class_list":["post-4237","page","type-page","status-publish","hentry"],"_links":{"self":[{"href":"https:\/\/kalkanci.com\/tr\/wp-json\/wp\/v2\/pages\/4237","targetHints":{"allow":["GET"]}}],"collection":[{"href":"https:\/\/kalkanci.com\/tr\/wp-json\/wp\/v2\/pages"}],"about":[{"href":"https:\/\/kalkanci.com\/tr\/wp-json\/wp\/v2\/types\/page"}],"author":[{"embeddable":true,"href":"https:\/\/kalkanci.com\/tr\/wp-json\/wp\/v2\/users\/1"}],"replies":[{"embeddable":true,"href":"https:\/\/kalkanci.com\/tr\/wp-json\/wp\/v2\/comments?post=4237"}],"version-history":[{"count":3,"href":"https:\/\/kalkanci.com\/tr\/wp-json\/wp\/v2\/pages\/4237\/revisions"}],"predecessor-version":[{"id":4242,"href":"https:\/\/kalkanci.com\/tr\/wp-json\/wp\/v2\/pages\/4237\/revisions\/4242"}],"wp:attachment":[{"href":"https:\/\/kalkanci.com\/tr\/wp-json\/wp\/v2\/media?parent=4237"}],"curies":[{"name":"wp","href":"https:\/\/api.w.org\/{rel}","templated":true}]}}