{"id":437,"date":"2021-04-04T11:58:30","date_gmt":"2021-04-04T08:58:30","guid":{"rendered":"http:\/\/kreabazsunum.com\/kalkanci\/?page_id=437"},"modified":"2026-02-18T18:00:28","modified_gmt":"2026-02-18T15:00:28","slug":"degerlerimiz","status":"publish","type":"page","link":"https:\/\/kalkanci.com\/tr\/degerlerimiz\/","title":{"rendered":"De\u011ferlerimiz"},"content":{"rendered":"<div class=\"wpb-content-wrapper\"><p>[vc_row bg_type=&#8221;color&#8221; padding_top_multiplier=&#8221;2x&#8221; padding_bottom_multiplier=&#8221;2x&#8221; bg_color=&#8221;#ffffff&#8221;][vc_column width=&#8221;1\/3&#8243;][vc_column_text]<img loading=\"lazy\" decoding=\"async\" class=\"aligncenter wp-image-2901 size-medium\" src=\"https:\/\/kalkanci.com\/wp-content\/uploads\/2021\/12\/Kalkanci-Logo-512-Yeni-300x300.png\" alt=\"Kalkanc\u0131 Logo\" width=\"300\" height=\"300\" srcset=\"https:\/\/kalkanci.com\/wp-content\/uploads\/2021\/12\/Kalkanci-Logo-512-Yeni-300x300.png 300w, https:\/\/kalkanci.com\/wp-content\/uploads\/2021\/12\/Kalkanci-Logo-512-Yeni-150x150.png 150w, https:\/\/kalkanci.com\/wp-content\/uploads\/2021\/12\/Kalkanci-Logo-512-Yeni.png 512w\" sizes=\"auto, (max-width: 300px) 100vw, 300px\" \/>[\/vc_column_text][\/vc_column][vc_column width=&#8221;2\/3&#8243;]<h1 class=\"eut-element eut-title eut-align-left eut-h1\" style=\"\"><span>De\u011ferlerimiz<\/span><\/h1>[vc_column_text css=&#8221;&#8221;]Otomotiv, enerji, ayd\u0131nlatma ve in\u015faat gibi bir\u00e7ok farkl\u0131 sekt\u00f6re hizmet veren bir al\u00fcminyum d\u00f6k\u00fcm \u015firketi olarak, uzman kadromuzla her sekt\u00f6re \u00f6zg\u00fcn, kaliteli ve yenilik\u00e7i \u00e7\u00f6z\u00fcmler sunuyoruz.<\/p>\n<p>M\u00fc\u015fterilerimizin ihtiya\u00e7 ve beklentilerine en \u00fcst seviyede cevap verebilmek i\u00e7in taahh\u00fctlerimize sad\u0131k kalarak \u00e7al\u0131\u015f\u0131yor, \u00e7al\u0131\u015fanlar\u0131m\u0131zla birlikte g\u00fc\u00e7l\u00fc ve b\u00fct\u00fcnc\u00fcl bir hizmet zinciri olu\u015fturuyoruz.[\/vc_column_text]<div class=\"eut-empty-space eut-height-1x\" style=\"\"><\/div>[vc_column_text css=&#8221;&#8221;]Bu ba\u015far\u0131y\u0131; ge\u00e7mi\u015ften bug\u00fcne ta\u015f\u0131d\u0131\u011f\u0131m\u0131z, kurum k\u00fclt\u00fcr\u00fcm\u00fcz\u00fc \u015fekillendiren temel de\u011ferlerimize bor\u00e7luyuz. Sahip oldu\u011fumuz bu de\u011ferler, KALKANCI\u2019n\u0131n s\u00fcrd\u00fcr\u00fclebilirlik anlay\u0131\u015f\u0131 ile b\u00fcy\u00fcmesini sa\u011flayan en \u00f6nemli yap\u0131 ta\u015flar\u0131n\u0131 olu\u015fturmaktad\u0131r.<\/p>\n<p>\u015eirketimizin kurumsal duru\u015funu ve i\u015f yap\u0131\u015f bi\u00e7imini tan\u0131mlayan en temel de\u011ferlerimiz:[\/vc_column_text][\/vc_column][\/vc_row][vc_row bg_type=&#8221;color&#8221; padding_top_multiplier=&#8221;custom&#8221; padding_bottom_multiplier=&#8221;custom&#8221; columns_gap=&#8221;20&#8243; bg_color=&#8221;#f7f7f7&#8243; padding_top=&#8221;50&#8243; padding_bottom=&#8221;20&#8243;][vc_column css=&#8221;.vc_custom_1617185370561{padding-right: 5% !important;padding-left: 5% !important;}&#8221;]<div class=\"eut-element eut-gallery eut-isotope eut-gallery-popup eut-with-gap\" style=\"\" data-columns=\"2\" data-columns-large-screen=\"2\" data-columns-tablet-landscape=\"2\" data-columns-tablet-portrait=\"2\" data-columns-mobile=\"2\" data-layout=\"fitRows\" data-gutter-size=\"30\">  <div class=\"eut-isotope-container\"><div class=\"eut-isotope-item eut-hover-item eut-hover-style-none\"><div class=\"eut-isotope-item-inner eut-zoom-in\">  <figure class=\"eut-image-hover\">    <a class=\"eut-item-url\" href=\"https:\/\/kalkanci.com\/wp-content\/uploads\/2021\/04\/Degerlerimiz-01.jpg\" ><\/a>    <div class=\"eut-hover-overlay eut-bg-blue eut-opacity-30\"><\/div><div class=\"eut-media\"><img loading=\"lazy\" decoding=\"async\" width=\"900\" height=\"675\" src=\"https:\/\/kalkanci.com\/wp-content\/uploads\/2021\/04\/Degerlerimiz-01-900x675.jpg\" class=\"attachment-fildisi-eutf-medium-rect-horizontal size-fildisi-eutf-medium-rect-horizontal\" alt=\"Degerlerimiz\" srcset=\"https:\/\/kalkanci.com\/wp-content\/uploads\/2021\/04\/Degerlerimiz-01-900x675.jpg 900w, https:\/\/kalkanci.com\/wp-content\/uploads\/2021\/04\/Degerlerimiz-01-560x420.jpg 560w\" sizes=\"auto, (max-width: 900px) 100vw, 900px\" \/><\/div>  <\/figure><\/div><\/div><div class=\"eut-isotope-item eut-hover-item eut-hover-style-none\"><div class=\"eut-isotope-item-inner eut-zoom-in\">  <figure class=\"eut-image-hover\">    <a class=\"eut-item-url\" href=\"https:\/\/kalkanci.com\/wp-content\/uploads\/2022\/08\/Kalkanci-Building-02.jpg\" ><\/a>    <div class=\"eut-hover-overlay eut-bg-blue eut-opacity-30\"><\/div><div class=\"eut-media\"><img loading=\"lazy\" decoding=\"async\" width=\"900\" height=\"675\" src=\"https:\/\/kalkanci.com\/wp-content\/uploads\/2022\/08\/Kalkanci-Building-02-900x675.jpg\" class=\"attachment-fildisi-eutf-medium-rect-horizontal size-fildisi-eutf-medium-rect-horizontal\" alt=\"Kalkanci\" srcset=\"https:\/\/kalkanci.com\/wp-content\/uploads\/2022\/08\/Kalkanci-Building-02-900x675.jpg 900w, https:\/\/kalkanci.com\/wp-content\/uploads\/2022\/08\/Kalkanci-Building-02-560x420.jpg 560w\" sizes=\"auto, (max-width: 900px) 100vw, 900px\" \/><\/div>  <\/figure><\/div><\/div>  <\/div><\/div>[\/vc_column][\/vc_row][vc_row][vc_column width=&#8221;1\/3&#8243;][vc_column_text css=&#8221;&#8221;]<strong>Do\u011fruluk<\/strong>: T\u00fcm ili\u015fkilerimizde \u015feffaf, d\u00fcr\u00fcst ve g\u00fcvenilir bir yakla\u015f\u0131m sergileriz.[\/vc_column_text][\/vc_column][vc_column width=&#8221;1\/3&#8243;][vc_column_text css=&#8221;&#8221;]<strong>Sayg\u0131<\/strong>: \u00c7al\u0131\u015fanlar\u0131m\u0131zdan i\u015f ortaklar\u0131m\u0131za kadar t\u00fcm payda\u015flar\u0131m\u0131zla kar\u015f\u0131l\u0131kl\u0131 anlay\u0131\u015f ve de\u011fer temelinde ili\u015fki kurar\u0131z.[\/vc_column_text][\/vc_column][vc_column width=&#8221;1\/3&#8243;][vc_column_text css=&#8221;&#8221;]<strong>Adalet<\/strong>: Karar alma s\u00fcre\u00e7lerimizde hakkaniyet ve tarafs\u0131zl\u0131k ilkelerinden \u00f6d\u00fcn vermeyiz. Bu de\u011ferler, hem i\u00e7 s\u00fcre\u00e7lerimizi hem de i\u015f ortaklar\u0131m\u0131zla olan t\u00fcm ili\u015fkilerimizi y\u00f6nlendiren temel ilkelerimizdir.[\/vc_column_text][\/vc_column][\/vc_row]<\/p>\n<\/div>","protected":false},"excerpt":{"rendered":"<p>[vc_row bg_type=&#8221;color&#8221; padding_top_multiplier=&#8221;2x&#8221; padding_bottom_multiplier=&#8221;2x&#8221; bg_color=&#8221;#ffffff&#8221;][vc_column width=&#8221;1\/3&#8243;][vc_column_text][\/vc_column_text][\/vc_column][vc_column width=&#8221;2\/3&#8243;][vc_column_text css=&#8221;&#8221;]Otomotiv, enerji, ayd\u0131nlatma ve in\u015faat gibi bir\u00e7ok farkl\u0131 sekt\u00f6re hizmet veren bir al\u00fcminyum d\u00f6k\u00fcm \u015firketi olarak, uzman kadromuzla her sekt\u00f6re \u00f6zg\u00fcn, kaliteli ve yenilik\u00e7i \u00e7\u00f6z\u00fcmler sunuyoruz. M\u00fc\u015fterilerimizin ihtiya\u00e7 ve beklentilerine en \u00fcst seviyede cevap verebilmek i\u00e7in taahh\u00fctlerimize sad\u0131k kalarak \u00e7al\u0131\u015f\u0131yor, \u00e7al\u0131\u015fanlar\u0131m\u0131zla birlikte g\u00fc\u00e7l\u00fc ve b\u00fct\u00fcnc\u00fcl bir hizmet zinciri [&hellip;]<\/p>\n","protected":false},"author":1,"featured_media":0,"parent":0,"menu_order":0,"comment_status":"closed","ping_status":"closed","template":"","meta":{"_seopress_robots_primary_cat":"","_seopress_titles_title":"De\u011ferlerimiz | Kalkanc\u0131 Pres D\u00f6k\u00fcm ve Kal\u0131p","_seopress_titles_desc":"Ana de\u011ferlerimiz olan misyonumuz ve vizyonumuzla i\u00e7inde yer ald\u0131\u011f\u0131m\u0131z Al\u00fcminyum D\u00f6k\u00fcm Kal\u0131p sekt\u00f6r\u00fcnde \u00f6nc\u00fc olarak faaliyet g\u00f6steriyoruz.","_seopress_robots_index":"","footnotes":""},"class_list":["post-437","page","type-page","status-publish","hentry"],"_links":{"self":[{"href":"https:\/\/kalkanci.com\/tr\/wp-json\/wp\/v2\/pages\/437","targetHints":{"allow":["GET"]}}],"collection":[{"href":"https:\/\/kalkanci.com\/tr\/wp-json\/wp\/v2\/pages"}],"about":[{"href":"https:\/\/kalkanci.com\/tr\/wp-json\/wp\/v2\/types\/page"}],"author":[{"embeddable":true,"href":"https:\/\/kalkanci.com\/tr\/wp-json\/wp\/v2\/users\/1"}],"replies":[{"embeddable":true,"href":"https:\/\/kalkanci.com\/tr\/wp-json\/wp\/v2\/comments?post=437"}],"version-history":[{"count":4,"href":"https:\/\/kalkanci.com\/tr\/wp-json\/wp\/v2\/pages\/437\/revisions"}],"predecessor-version":[{"id":4275,"href":"https:\/\/kalkanci.com\/tr\/wp-json\/wp\/v2\/pages\/437\/revisions\/4275"}],"wp:attachment":[{"href":"https:\/\/kalkanci.com\/tr\/wp-json\/wp\/v2\/media?parent=437"}],"curies":[{"name":"wp","href":"https:\/\/api.w.org\/{rel}","templated":true}]}}