{"id":447,"date":"2021-04-04T12:15:35","date_gmt":"2021-04-04T09:15:35","guid":{"rendered":"http:\/\/kreabazsunum.com\/kalkanci\/?page_id=447"},"modified":"2025-03-19T18:22:12","modified_gmt":"2025-03-19T15:22:12","slug":"inovasyon-ve-egitim","status":"publish","type":"page","link":"https:\/\/kalkanci.com\/tr\/inovasyon-ve-egitim\/","title":{"rendered":"\u0130novasyon ve Kalite"},"content":{"rendered":"<div class=\"wpb-content-wrapper\"><p>[vc_row bg_type=&#8221;color&#8221; padding_top_multiplier=&#8221;2x&#8221; padding_bottom_multiplier=&#8221;2x&#8221; bg_color=&#8221;#ffffff&#8221;][vc_column width=&#8221;1\/3&#8243;][vc_column_text]<img loading=\"lazy\" decoding=\"async\" class=\"aligncenter wp-image-2901 size-medium\" src=\"https:\/\/kalkanci.com\/wp-content\/uploads\/2021\/12\/Kalkanci-Logo-512-Yeni-300x300.png\" alt=\"Kalkanc\u0131 Logo\" width=\"300\" height=\"300\" srcset=\"https:\/\/kalkanci.com\/wp-content\/uploads\/2021\/12\/Kalkanci-Logo-512-Yeni-300x300.png 300w, https:\/\/kalkanci.com\/wp-content\/uploads\/2021\/12\/Kalkanci-Logo-512-Yeni-150x150.png 150w, https:\/\/kalkanci.com\/wp-content\/uploads\/2021\/12\/Kalkanci-Logo-512-Yeni.png 512w\" sizes=\"auto, (max-width: 300px) 100vw, 300px\" \/>[\/vc_column_text][\/vc_column][vc_column width=&#8221;2\/3&#8243;]<h1 class=\"eut-element eut-title eut-align-left eut-h1\" style=\"\"><span>\u0130novasyon ve Kalite<\/span><\/h1>[vc_column_text]<\/p>\n<p style=\"text-align: justify;\">\u0130novasyon, t\u00fcm i\u015f yap\u0131\u015f s\u00fcre\u00e7lerimize adapte etti\u011fimiz; 5S, Kaizen ve Yal\u0131n \u00dcretim uygulamalar\u0131 ile s\u00fcrekli geli\u015ftirme hedefimizin oldu\u011fu bir yakla\u015f\u0131md\u0131r. KALKANCI olarak inovatif fikirler ve yakla\u015f\u0131mlarla hizmet anlay\u0131\u015f\u0131m\u0131z\u0131n, performans\u0131m\u0131z\u0131n ve sorunlara bak\u0131\u015f a\u00e7\u0131m\u0131z\u0131n geli\u015fti\u011fini biliyoruz. H\u0131zl\u0131 geli\u015fen ve de\u011fi\u015fen global d\u00fcnyada inovasyonun, giri\u015fimcili\u011fin ve geli\u015fmenin anahtar\u0131 oldu\u011funa inan\u0131yoruz.<\/p>\n<p>[\/vc_column_text]<div class=\"eut-empty-space eut-height-1x\" style=\"\"><\/div>[vc_column_text]<\/p>\n<p style=\"text-align: justify;\">Bak\u0131\u015f a\u00e7\u0131m\u0131z\u0131 ve d\u00fc\u015f\u00fcnce yap\u0131m\u0131z\u0131 \u00e7e\u015fitlendirmenin hizmet potansiyelimizi geli\u015ftirece\u011fini de tecr\u00fcbelerimizle g\u00f6zlemliyoruz. \u0130\u015fte bu sebeple geli\u015ftirdi\u011fimiz projelerde ve hizmet verdi\u011fimiz sekt\u00f6rlerde daha hesapl\u0131, kaliteli ve de\u011feri y\u00fcksek \u00fcr\u00fcnler sunabilmek i\u00e7in Inovatif yakla\u015f\u0131m ile s\u00fcrekli geli\u015fen bir organizasyon yaratmak ve m\u00fc\u015fteri taleplerinin en \u00fcst d\u00fczeyde kar\u015f\u0131lanmas\u0131n\u0131 sa\u011flamay\u0131 hedefliyoruz.<\/p>\n<p>[\/vc_column_text][\/vc_column][\/vc_row][vc_row bg_type=&#8221;color&#8221; padding_top_multiplier=&#8221;custom&#8221; padding_bottom_multiplier=&#8221;custom&#8221; columns_gap=&#8221;20&#8243; bg_color=&#8221;#f7f7f7&#8243; padding_top=&#8221;50&#8243; padding_bottom=&#8221;20&#8243;][vc_column css=&#8221;.vc_custom_1617185370561{padding-right: 5% !important;padding-left: 5% !important;}&#8221;]<div class=\"eut-element eut-gallery eut-isotope eut-gallery-popup eut-with-gap\" style=\"\" data-columns=\"4\" data-columns-large-screen=\"4\" data-columns-tablet-landscape=\"2\" data-columns-tablet-portrait=\"2\" data-columns-mobile=\"2\" data-layout=\"fitRows\" data-gutter-size=\"30\">  <div class=\"eut-isotope-container\"><div class=\"eut-isotope-item eut-hover-item eut-hover-style-none\"><div class=\"eut-isotope-item-inner eut-zoom-in\">  <figure class=\"eut-image-hover\">    <a class=\"eut-item-url\" href=\"https:\/\/kalkanci.com\/wp-content\/uploads\/2022\/08\/Kalkanci-Building.jpg\" ><\/a>    <div class=\"eut-hover-overlay eut-bg-blue eut-opacity-30\"><\/div><div class=\"eut-media\"><img loading=\"lazy\" decoding=\"async\" width=\"560\" height=\"560\" src=\"https:\/\/kalkanci.com\/wp-content\/uploads\/2022\/08\/Kalkanci-Building-560x560.jpg\" class=\"attachment-fildisi-eutf-small-square size-fildisi-eutf-small-square\" alt=\"Kalkanc\u0131\" srcset=\"https:\/\/kalkanci.com\/wp-content\/uploads\/2022\/08\/Kalkanci-Building-560x560.jpg 560w, https:\/\/kalkanci.com\/wp-content\/uploads\/2022\/08\/Kalkanci-Building-300x300.jpg 300w, https:\/\/kalkanci.com\/wp-content\/uploads\/2022\/08\/Kalkanci-Building-1024x1024.jpg 1024w, https:\/\/kalkanci.com\/wp-content\/uploads\/2022\/08\/Kalkanci-Building-150x150.jpg 150w, https:\/\/kalkanci.com\/wp-content\/uploads\/2022\/08\/Kalkanci-Building-768x768.jpg 768w, https:\/\/kalkanci.com\/wp-content\/uploads\/2022\/08\/Kalkanci-Building-900x900.jpg 900w, https:\/\/kalkanci.com\/wp-content\/uploads\/2022\/08\/Kalkanci-Building.jpg 1200w\" sizes=\"auto, (max-width: 560px) 100vw, 560px\" \/><\/div>  <\/figure><\/div><\/div><div class=\"eut-isotope-item eut-hover-item eut-hover-style-none\"><div class=\"eut-isotope-item-inner eut-zoom-in\">  <figure class=\"eut-image-hover\">    <a class=\"eut-item-url\" href=\"https:\/\/kalkanci.com\/wp-content\/uploads\/2021\/04\/Inovasyon-ve-Kalite-02.jpg\" ><\/a>    <div class=\"eut-hover-overlay eut-bg-blue eut-opacity-30\"><\/div><div class=\"eut-media\"><img loading=\"lazy\" decoding=\"async\" width=\"560\" height=\"560\" src=\"https:\/\/kalkanci.com\/wp-content\/uploads\/2021\/04\/Inovasyon-ve-Kalite-02-560x560.jpg\" class=\"attachment-fildisi-eutf-small-square size-fildisi-eutf-small-square\" alt=\"\u0130novasyon ve Kalite\" srcset=\"https:\/\/kalkanci.com\/wp-content\/uploads\/2021\/04\/Inovasyon-ve-Kalite-02-560x560.jpg 560w, https:\/\/kalkanci.com\/wp-content\/uploads\/2021\/04\/Inovasyon-ve-Kalite-02-300x300.jpg 300w, https:\/\/kalkanci.com\/wp-content\/uploads\/2021\/04\/Inovasyon-ve-Kalite-02-1024x1024.jpg 1024w, https:\/\/kalkanci.com\/wp-content\/uploads\/2021\/04\/Inovasyon-ve-Kalite-02-150x150.jpg 150w, https:\/\/kalkanci.com\/wp-content\/uploads\/2021\/04\/Inovasyon-ve-Kalite-02-768x768.jpg 768w, https:\/\/kalkanci.com\/wp-content\/uploads\/2021\/04\/Inovasyon-ve-Kalite-02-900x900.jpg 900w, https:\/\/kalkanci.com\/wp-content\/uploads\/2021\/04\/Inovasyon-ve-Kalite-02.jpg 1200w\" sizes=\"auto, (max-width: 560px) 100vw, 560px\" \/><\/div>  <\/figure><\/div><\/div><div class=\"eut-isotope-item eut-hover-item eut-hover-style-none\"><div class=\"eut-isotope-item-inner eut-zoom-in\">  <figure class=\"eut-image-hover\">    <a class=\"eut-item-url\" href=\"https:\/\/kalkanci.com\/wp-content\/uploads\/2021\/04\/Inovasyon-ve-Kalite-03.jpg\" ><\/a>    <div class=\"eut-hover-overlay eut-bg-blue eut-opacity-30\"><\/div><div class=\"eut-media\"><img loading=\"lazy\" decoding=\"async\" width=\"560\" height=\"560\" src=\"https:\/\/kalkanci.com\/wp-content\/uploads\/2021\/04\/Inovasyon-ve-Kalite-03-560x560.jpg\" class=\"attachment-fildisi-eutf-small-square size-fildisi-eutf-small-square\" alt=\"\u0130novasyon ve Kalite\" srcset=\"https:\/\/kalkanci.com\/wp-content\/uploads\/2021\/04\/Inovasyon-ve-Kalite-03-560x560.jpg 560w, https:\/\/kalkanci.com\/wp-content\/uploads\/2021\/04\/Inovasyon-ve-Kalite-03-300x300.jpg 300w, https:\/\/kalkanci.com\/wp-content\/uploads\/2021\/04\/Inovasyon-ve-Kalite-03-1024x1024.jpg 1024w, https:\/\/kalkanci.com\/wp-content\/uploads\/2021\/04\/Inovasyon-ve-Kalite-03-150x150.jpg 150w, https:\/\/kalkanci.com\/wp-content\/uploads\/2021\/04\/Inovasyon-ve-Kalite-03-768x768.jpg 768w, https:\/\/kalkanci.com\/wp-content\/uploads\/2021\/04\/Inovasyon-ve-Kalite-03-900x900.jpg 900w, https:\/\/kalkanci.com\/wp-content\/uploads\/2021\/04\/Inovasyon-ve-Kalite-03.jpg 1200w\" sizes=\"auto, (max-width: 560px) 100vw, 560px\" \/><\/div>  <\/figure><\/div><\/div><div class=\"eut-isotope-item eut-hover-item eut-hover-style-none\"><div class=\"eut-isotope-item-inner eut-zoom-in\">  <figure class=\"eut-image-hover\">    <a class=\"eut-item-url\" href=\"https:\/\/kalkanci.com\/wp-content\/uploads\/2021\/04\/Inovasyon-ve-Kalite-05.jpg\" ><\/a>    <div class=\"eut-hover-overlay eut-bg-blue eut-opacity-30\"><\/div><div class=\"eut-media\"><img loading=\"lazy\" decoding=\"async\" width=\"560\" height=\"560\" src=\"https:\/\/kalkanci.com\/wp-content\/uploads\/2021\/04\/Inovasyon-ve-Kalite-05-560x560.jpg\" class=\"attachment-fildisi-eutf-small-square size-fildisi-eutf-small-square\" alt=\"\u0130novasyon ve Kalite\" srcset=\"https:\/\/kalkanci.com\/wp-content\/uploads\/2021\/04\/Inovasyon-ve-Kalite-05-560x560.jpg 560w, https:\/\/kalkanci.com\/wp-content\/uploads\/2021\/04\/Inovasyon-ve-Kalite-05-300x300.jpg 300w, https:\/\/kalkanci.com\/wp-content\/uploads\/2021\/04\/Inovasyon-ve-Kalite-05-1024x1024.jpg 1024w, https:\/\/kalkanci.com\/wp-content\/uploads\/2021\/04\/Inovasyon-ve-Kalite-05-150x150.jpg 150w, https:\/\/kalkanci.com\/wp-content\/uploads\/2021\/04\/Inovasyon-ve-Kalite-05-768x768.jpg 768w, https:\/\/kalkanci.com\/wp-content\/uploads\/2021\/04\/Inovasyon-ve-Kalite-05-900x900.jpg 900w, https:\/\/kalkanci.com\/wp-content\/uploads\/2021\/04\/Inovasyon-ve-Kalite-05.jpg 1200w\" sizes=\"auto, (max-width: 560px) 100vw, 560px\" \/><\/div>  <\/figure><\/div><\/div>  <\/div><\/div>[\/vc_column][\/vc_row][vc_row padding_bottom_multiplier=&#8221;&#8221;][vc_column][vc_column_text]<\/p>\n<h2><strong>Kalite Anlay\u0131\u015f\u0131m\u0131z<\/strong><\/h2>\n<p style=\"text-align: justify;\">Kalite kavram\u0131 KALKANCI olarak asla taviz vermedi\u011fimiz konular\u0131n ba\u015f\u0131nda gelmektedir. ISO 45001, ISO 14001, IATF 16949, ISO 9001 kalite y\u00f6netim sistemi belgelerine sahip olan, farkl\u0131 sekt\u00f6rlerde ve farkl\u0131 bran\u015flarda hizmet veren bir marka olarak, i\u015f kalitemizin sars\u0131lmaz \u015fekilde devam\u0131 i\u00e7in \u201cKalite\u201d kavram\u0131na \u00e7ok geni\u015f bir perspektiften bakmaktay\u0131z. Bizim i\u00e7in kalite sadece \u00fcr\u00fcn\u00fcn ald\u0131\u011f\u0131 son \u015fekil de\u011fildir.<\/p>\n<p style=\"text-align: justify;\">Bizim i\u00e7in kalite b\u00fct\u00fcnsel yakla\u015f\u0131lmas\u0131 gereken bir de\u011ferler toplam\u0131d\u0131r. Bu nedenle kalite; hammaddenin geli\u015f s\u00fcrecinden \u00fcretimine, kontrolden teslimat\u0131na kadarki t\u00fcm s\u00fcre\u00e7leri kapsamaktad\u0131r. \u00dcstelik t\u00fcm bu s\u00fcre\u00e7 boyunca manevi ve vicdani de\u011ferlerin korunmas\u0131 da bizim kalite s\u00fcrecimizin olmazsa olmazlar\u0131 aras\u0131nda yer almaktad\u0131r. T\u00fcm bu de\u011ferler \u0131\u015f\u0131\u011f\u0131nda KALKANCI markam\u0131z\u0131n kalite anlay\u0131\u015f\u0131n\u0131 \u015fu \u015fekilde maddeleyebiliriz;<\/p>\n<p>[\/vc_column_text][\/vc_column][\/vc_row][vc_row padding_bottom_multiplier=&#8221;&#8221; columns_gap=&#8221;25&#8243;][vc_column width=&#8221;1\/3&#8243; mobile_width=&#8221;1-2&#8243;]<div class=\"eut-element eut-align-center eut-animated-item eut-fade-in eut-duration-normal\" data-delay=\"200\"><a href=\"https:\/\/kalkanci.com\/wp-content\/uploads\/2022\/07\/45001-14001-Yeni-Sertifika.pdf\" title=\"45001\" target=\"_blank\" class=\"eut-btn eut-btn-medium eut-round eut-bg-blue eut-bg-hover-black eut-btn-line\"><span><i class=\"fas fa-file-pdf\"><\/i>DIN ISO 45001<\/span><\/a><\/div>[\/vc_column][vc_column width=&#8221;1\/3&#8243; mobile_width=&#8221;1-2&#8243;]<div class=\"eut-element eut-align-center eut-animated-item eut-fade-in eut-duration-normal\" data-delay=\"600\"><a href=\"https:\/\/kalkanci.com\/wp-content\/uploads\/2021\/05\/01_100_012853_Main_TR.pdf\" title=\"ISO 9001\" target=\"_blank\" class=\"eut-btn eut-btn-medium eut-round eut-bg-blue eut-bg-hover-black eut-btn-line\"><span><i class=\"fas fa-file-pdf\"><\/i>ISO 9001<\/span><\/a><\/div>[\/vc_column][vc_column width=&#8221;1\/3&#8243; mobile_width=&#8221;1-2&#8243;]<div class=\"eut-element eut-align-center eut-animated-item eut-fade-in eut-duration-normal\" data-delay=\"800\"><a href=\"http:\/\/kalkanci.com\/wp-content\/uploads\/2025\/03\/01-111-083500_Main_TR.pdf\" title=\"16949\" target=\"_blank\" class=\"eut-btn eut-btn-medium eut-round eut-bg-blue eut-bg-hover-black eut-btn-line\"><span><i class=\"fas fa-file-pdf\"><\/i>16949<\/span><\/a><\/div>[\/vc_column][\/vc_row][vc_row padding_bottom_multiplier=&#8221;&#8221;][vc_column width=&#8221;1\/2&#8243;][vc_column_text]<\/p>\n<ul>\n<li>Geli\u015fmi\u015f \u00fclkelerin sekt\u00f6rel, teknik ve bilimsel geli\u015fmelerini takip ederek s\u00fcrekli geli\u015fimi sa\u011flamak,<\/li>\n<li>D\u00fcnyadaki t\u00fcm yenilikleri takip ederken bu yenilikleri sistemlerimize entegre ederek \u00e7a\u011fda\u015f \u015firket duru\u015fumuzu korumak,<\/li>\n<li>Al\u00fcminyum sekt\u00f6r\u00fcnde ulusal ve uluslararas\u0131 fiyat hareketlerini izleyerek rekabet edebilir fiyatlar belirlemek ve b\u00f6ylelikle i\u015f alma g\u00fcc\u00fcm\u00fcz\u00fc y\u00fcksek tutmak,<\/li>\n<li>\u0130\u015fi ilk seferinde do\u011fru yaparak ve proseslerimizi s\u00fcrekli iyile\u015ftirerek \u00fcretimde s\u0131f\u0131r hataya y\u00f6nelmek,<\/li>\n<li>Ger\u00e7ek\u00e7i hedefler belirlemek ve belirlenen hedeflere ula\u015fmada etkinli\u011fimizi s\u00fcrekli iyile\u015ftirmek. Ancak bunu yaparken de hizmet anlay\u0131\u015f\u0131m\u0131zla m\u00fc\u015fteri beklentilerini a\u015fan sonu\u00e7lar sunmak,<\/li>\n<\/ul>\n<p>[\/vc_column_text][\/vc_column][vc_column width=&#8221;1\/2&#8243;][vc_column_text]<\/p>\n<ul>\n<li>Projeleri i\u015f program\u0131na ve teknik \u015fartnamelere uygun olarak zaman\u0131nda bitirmek ve teslim etmek<\/li>\n<li>\u00dcretim hatt\u0131m\u0131z\u0131 teknolojik geli\u015fmelere g\u00f6re yenileyerek, proseslerimizi izlemek ve s\u00fcrekli iyile\u015ftirmek,<\/li>\n<li>\u0130lgili t\u00fcm taraflar\u0131n tatminini art\u0131rmaya odaklanmak,<\/li>\n<li>\u00c7\u0131kabilecek sorunlar\u0131n \u00e7\u00f6z\u00fcm\u00fcnde sistematik yakla\u015f\u0131mlar ve metotlar uygularken problemler olu\u015fmadan tedbir alma al\u0131\u015fkanl\u0131\u011f\u0131n\u0131 edinmek ve bunun devam\u0131n\u0131 sa\u011flamak,<\/li>\n<li>Yerel ve uluslararas\u0131 kalite sertifikalar\u0131n\u0131 alarak s\u00fcrekli geli\u015fimi sa\u011flamakt\u0131r.<\/li>\n<li>Ayr\u0131ca <strong>KALKANCI<\/strong> markas\u0131n\u0131n y\u0131llar i\u00e7erisinde edindi\u011fi g\u00fcvenilir ve k\u00f6kl\u00fc marka imaj\u0131n\u0131 koruyacak do\u011fru \u00e7al\u0131\u015fma stratejileri olu\u015fturmak da \u201ckalite\u201d anlay\u0131\u015f\u0131m\u0131z i\u00e7inde yer almaktad\u0131r.<\/li>\n<\/ul>\n<p>[\/vc_column_text][\/vc_column][\/vc_row][vc_row padding_top_multiplier=&#8221;&#8221;][vc_column][vc_column_text]<\/p>\n<h3>E\u011fitim ve G\u00fcvenlik<\/h3>\n<p style=\"text-align: justify;\">KALKANCI olarak ba\u015far\u0131n\u0131n ve ilerlemenin hem bireysel hem de ekip olarak geli\u015fmekle sa\u011flanaca\u011f\u0131na inan\u0131yoruz. Bireysel ba\u015far\u0131n\u0131n ve geli\u015fimin gruba getirece\u011fi art\u0131lardan faydalanmak i\u00e7in \u015firket i\u00e7i e\u011fitme ve geli\u015fime \u00f6nem veriyoruz. Performans art\u0131\u015f\u0131, personel tatmini, tutarl\u0131 sonu\u00e7lar ve ba\u015far\u0131 i\u00e7in \u015firket de\u011ferleri \u00e7er\u00e7evesinde aral\u0131klarla personel e\u011fitimleri sa\u011fl\u0131yoruz. Bu e\u011fitimler gerek teknolojik, gerek \u015firket de\u011ferlerini i\u00e7eriyor olsun k\u0131sa ve uzun vadede faydalar\u0131n\u0131 hem \u00e7al\u0131\u015fanlar hem de firma olarak g\u00f6r\u00fcyoruz.<\/p>\n<p style=\"text-align: justify;\">Ba\u015far\u0131n\u0131n ve verimin g\u00fcvenilir bir ortamda sa\u011flanaca\u011f\u0131 biliyoruz. KALKANCI olarak t\u00fcm kazalar\u0131n \u00f6nlenebilir oldu\u011funa inanmaktay\u0131z. Bu sebeple insan sa\u011fl\u0131\u011f\u0131 ve i\u015f g\u00fcvenli\u011fi performans\u0131n\u0131 ve kazalar\u0131n \u00f6nlenmesi ile ilgili faaliyetlerimizi s\u00fcrekli geli\u015ftirmekteyiz. Fabrika saham\u0131zda b\u00fct\u00fcn \u00e7al\u0131\u015fma ve ya\u015fama alanlar\u0131n\u0131n kanun ve y\u00f6netmeliklere uygun, sa\u011fl\u0131kl\u0131 ve g\u00fcvenli olmas\u0131n\u0131 sa\u011flamak ve yap\u0131lan her i\u015fin \u00e7al\u0131\u015fanlar \u00fczerindeki olumsuz etkilerini bertaraf edecek \u00f6nlemleri almaktay\u0131z.<\/p>\n<p>[\/vc_column_text][\/vc_column][\/vc_row]<\/p>\n<\/div>","protected":false},"excerpt":{"rendered":"<p>[vc_row bg_type=&#8221;color&#8221; padding_top_multiplier=&#8221;2x&#8221; padding_bottom_multiplier=&#8221;2x&#8221; bg_color=&#8221;#ffffff&#8221;][vc_column width=&#8221;1\/3&#8243;][vc_column_text][\/vc_column_text][\/vc_column][vc_column width=&#8221;2\/3&#8243;][vc_column_text] \u0130novasyon, t\u00fcm i\u015f yap\u0131\u015f s\u00fcre\u00e7lerimize adapte etti\u011fimiz; 5S, Kaizen ve Yal\u0131n \u00dcretim uygulamalar\u0131 ile s\u00fcrekli geli\u015ftirme hedefimizin oldu\u011fu bir yakla\u015f\u0131md\u0131r. KALKANCI olarak inovatif fikirler ve yakla\u015f\u0131mlarla hizmet anlay\u0131\u015f\u0131m\u0131z\u0131n, performans\u0131m\u0131z\u0131n ve sorunlara bak\u0131\u015f a\u00e7\u0131m\u0131z\u0131n geli\u015fti\u011fini biliyoruz. H\u0131zl\u0131 geli\u015fen ve de\u011fi\u015fen global d\u00fcnyada inovasyonun, giri\u015fimcili\u011fin ve geli\u015fmenin anahtar\u0131 oldu\u011funa inan\u0131yoruz. [&hellip;]<\/p>\n","protected":false},"author":1,"featured_media":0,"parent":0,"menu_order":0,"comment_status":"closed","ping_status":"closed","template":"","meta":{"_seopress_robots_primary_cat":"","_seopress_titles_title":"\u0130novasyon ve Kalite | Kalkanc\u0131 Pres D\u00f6k\u00fcm ve Kal\u0131p","_seopress_titles_desc":"Al\u00fcminyum D\u00f6k\u00fcm Kal\u0131p sekt\u00f6r\u00fcnde kaliteli i\u015flerin inovatif fikirlerle sa\u011flanabilece\u011fine inan\u0131yor, bu yakla\u015f\u0131m ile s\u00fcrekli geli\u015fiyoruz.","_seopress_robots_index":"","footnotes":""},"class_list":["post-447","page","type-page","status-publish","hentry"],"_links":{"self":[{"href":"https:\/\/kalkanci.com\/tr\/wp-json\/wp\/v2\/pages\/447","targetHints":{"allow":["GET"]}}],"collection":[{"href":"https:\/\/kalkanci.com\/tr\/wp-json\/wp\/v2\/pages"}],"about":[{"href":"https:\/\/kalkanci.com\/tr\/wp-json\/wp\/v2\/types\/page"}],"author":[{"embeddable":true,"href":"https:\/\/kalkanci.com\/tr\/wp-json\/wp\/v2\/users\/1"}],"replies":[{"embeddable":true,"href":"https:\/\/kalkanci.com\/tr\/wp-json\/wp\/v2\/comments?post=447"}],"version-history":[{"count":7,"href":"https:\/\/kalkanci.com\/tr\/wp-json\/wp\/v2\/pages\/447\/revisions"}],"predecessor-version":[{"id":4082,"href":"https:\/\/kalkanci.com\/tr\/wp-json\/wp\/v2\/pages\/447\/revisions\/4082"}],"wp:attachment":[{"href":"https:\/\/kalkanci.com\/tr\/wp-json\/wp\/v2\/media?parent=447"}],"curies":[{"name":"wp","href":"https:\/\/api.w.org\/{rel}","templated":true}]}}