{"id":466,"date":"2021-04-04T13:17:09","date_gmt":"2021-04-04T10:17:09","guid":{"rendered":"http:\/\/kreabazsunum.com\/kalkanci\/?page_id=466"},"modified":"2021-05-07T18:26:20","modified_gmt":"2021-05-07T15:26:20","slug":"yuzey-puruzluluk-testi","status":"publish","type":"page","link":"https:\/\/kalkanci.com\/tr\/kalite\/yuzey-puruzluluk-testi\/","title":{"rendered":"Y\u00fczey P\u00fcr\u00fczl\u00fcl\u00fck Testi"},"content":{"rendered":"<div class=\"wpb-content-wrapper\"><p>[vc_row padding_top_multiplier=&#8221;&#8221; padding_bottom_multiplier=&#8221;&#8221; margin_bottom=&#8221;25&#8243;][vc_column width=&#8221;1\/2&#8243;][vc_column_text css=&#8221;.vc_custom_1617533668341{margin-top: 10px !important;}&#8221;]<img loading=\"lazy\" decoding=\"async\" class=\"aligncenter size-large wp-image-470\" src=\"https:\/\/kalkanci.com\/wp-content\/uploads\/2021\/04\/Yuzey-Puruzluluk-Testi-03-1024x683.jpg\" alt=\"Y\u00fczey P\u00fcr\u00fczl\u00fcl\u00fck Testi \" width=\"1024\" height=\"683\" srcset=\"https:\/\/kalkanci.com\/wp-content\/uploads\/2021\/04\/Yuzey-Puruzluluk-Testi-03-1024x683.jpg 1024w, https:\/\/kalkanci.com\/wp-content\/uploads\/2021\/04\/Yuzey-Puruzluluk-Testi-03-300x200.jpg 300w, https:\/\/kalkanci.com\/wp-content\/uploads\/2021\/04\/Yuzey-Puruzluluk-Testi-03-768x512.jpg 768w, https:\/\/kalkanci.com\/wp-content\/uploads\/2021\/04\/Yuzey-Puruzluluk-Testi-03.jpg 1200w\" sizes=\"auto, (max-width: 1024px) 100vw, 1024px\" \/>[\/vc_column_text][\/vc_column][vc_column width=&#8221;1\/2&#8243;][vc_column_text]Y\u00fczey p\u00fcr\u00fczl\u00fcl\u00fc\u011f\u00fc, bir y\u00fczey \u00fczerindeki s\u0131rtlar\u0131n belirli derinli\u011fi ve konturunu ifade eder. Y\u00fczey p\u00fcr\u00fczl\u00fcl\u00fc\u011f\u00fcn\u00fc test etmek neden \u00f6nemlidir? &#8220;S\u0131f\u0131r&#8221; y\u00fczey p\u00fcr\u00fczl\u00fcl\u00fc\u011f\u00fc diye bir \u015fey olmad\u0131\u011f\u0131ndan (yani, tamamen d\u00fcz bir y\u00fczey), her projenin \u00f6l\u00e7\u00fclmesi gereken bir d\u00fczeyde y\u00fczey p\u00fcr\u00fczl\u00fcl\u00fc\u011f\u00fc olacakt\u0131r. Kesin y\u00fczey p\u00fcr\u00fczl\u00fcl\u00fc\u011f\u00fc seviyesine dikkat etmemek, bir \u00fcr\u00fcn\u00fcn genel kalitesi \u00fczerinde \u00f6nemli bir etkiye sahip olabilir. \u00d6rne\u011fin, y\u00fczey p\u00fcr\u00fczl\u00fcl\u00fc\u011f\u00fc \u015funlar\u0131 etkileyebilir:<\/p>\n<ul>\n<li>Bir y\u00fczey nas\u0131l g\u00f6r\u00fcn\u00fcr?<\/li>\n<li>Bir y\u00fczey nas\u0131l \u00e7al\u0131\u015f\u0131r?<\/li>\n<li>Bir kaplama y\u00fczeye ne kadar iyi yap\u0131\u015f\u0131r?<\/li>\n<\/ul>\n<p>[\/vc_column_text][\/vc_column][\/vc_row][vc_row padding_top_multiplier=&#8221;&#8221; padding_bottom_multiplier=&#8221;&#8221; margin_bottom=&#8221;40&#8243;][vc_column][vc_column_text]Araba par\u00e7as\u0131 \u00fcretiminde y\u00fczey p\u00fcr\u00fczl\u00fcl\u00fc\u011f\u00fcn\u00fcn \u00f6nemini g\u00f6z \u00f6n\u00fcnde bulundurun. Araba motorlar\u0131, s\u00fcrekli olarak birbirine s\u00fcrt\u00fcnen par\u00e7alara veya tam olarak birbirine uymas\u0131 gereken par\u00e7alara sahiptir. \u00c7ok p\u00fcr\u00fczl\u00fc veya yeterince p\u00fcr\u00fczl\u00fc olmayan bir y\u00fczey, par\u00e7alar\u0131n \u00e7ok erken a\u015f\u0131nmas\u0131na veya motorun i\u015flevselli\u011fini etkileyen istenmeyen bo\u015fluklara neden olabilir.<\/p>\n<p>Bir \u00fcr\u00fcndeki anormallikleri ve kusurlar\u0131 tespit etmek i\u00e7in bir y\u00fczey p\u00fcr\u00fczl\u00fcl\u00fc\u011f\u00fc \u00f6l\u00e7\u00fcm\u00fc de kullanabilirsiniz. Bu nedenle y\u00fczey p\u00fcr\u00fczl\u00fcl\u00fc\u011f\u00fc \u00f6l\u00e7\u00fcmleri, \u00fcretim s\u0131ras\u0131nda ve kalite kontrol a\u015famas\u0131nda ilgili olabilir.<\/p>\n<p>Her proje y\u00fczey p\u00fcr\u00fczl\u00fcl\u00fc\u011f\u00fc i\u00e7in \u00f6l\u00e7\u00fclmelidir ve par\u00e7alar\u0131n daha b\u00fcy\u00fck par\u00e7alara uymas\u0131 durumunda, gerekli y\u00fczey p\u00fcr\u00fczl\u00fcl\u00fc\u011f\u00fc muhtemelen en ba\u015ftan bir planda belirtilecektir.[\/vc_column_text][\/vc_column][\/vc_row][vc_row padding_top_multiplier=&#8221;&#8221; padding_bottom_multiplier=&#8221;&#8221; margin_bottom=&#8221;40&#8243;][vc_column width=&#8221;1\/2&#8243;][vc_column_text]<\/p>\n<h2>Y\u00fczey P\u00fcr\u00fczl\u00fcl\u00fck Testi Nas\u0131l Yap\u0131l\u0131r?<\/h2>\n<p><strong>Y\u00fczey P\u00fcr\u00fczl\u00fcl\u00fc\u011f\u00fcn\u00fcn \u00d6l\u00e7\u00fclmesi<\/strong><\/p>\n<p>Bir y\u00fczey p\u00fcr\u00fczl\u00fcl\u00fc\u011f\u00fc \u00f6l\u00e7\u00fcm\u00fc, y\u00fcksekli\u011fe, derinli\u011fe ve \u00e7\u0131k\u0131nt\u0131lar\u0131n aral\u0131\u011f\u0131na bakar. Farkl\u0131 malzeme t\u00fcrleri ve hatta farkl\u0131 malzeme t\u00fcrleri i\u00e7in ideal y\u00fczey p\u00fcr\u00fczl\u00fcl\u00fc\u011f\u00fc vard\u0131r. \u00d6rne\u011fin, farkl\u0131 \u00e7elik t\u00fcrleri, farkl\u0131 y\u00fczey p\u00fcr\u00fczl\u00fcl\u00fc\u011f\u00fcn\u00fc korur.[\/vc_column_text][\/vc_column][vc_column width=&#8221;1\/2&#8243;][vc_column_text]<img loading=\"lazy\" decoding=\"async\" class=\"aligncenter size-large wp-image-469\" src=\"https:\/\/kalkanci.com\/wp-content\/uploads\/2021\/04\/Yuzey-Puruzluluk-Testi-02-1024x683.jpg\" alt=\"Y\u00fczey P\u00fcr\u00fczl\u00fcl\u00fck Testi\" width=\"1024\" height=\"683\" srcset=\"https:\/\/kalkanci.com\/wp-content\/uploads\/2021\/04\/Yuzey-Puruzluluk-Testi-02-1024x683.jpg 1024w, https:\/\/kalkanci.com\/wp-content\/uploads\/2021\/04\/Yuzey-Puruzluluk-Testi-02-300x200.jpg 300w, https:\/\/kalkanci.com\/wp-content\/uploads\/2021\/04\/Yuzey-Puruzluluk-Testi-02-768x512.jpg 768w, https:\/\/kalkanci.com\/wp-content\/uploads\/2021\/04\/Yuzey-Puruzluluk-Testi-02.jpg 1200w\" sizes=\"auto, (max-width: 1024px) 100vw, 1024px\" \/>[\/vc_column_text][\/vc_column][\/vc_row][vc_row padding_top_multiplier=&#8221;&#8221; padding_bottom_multiplier=&#8221;&#8221; margin_bottom=&#8221;40&#8243;][vc_column][vc_column_text]Y\u00fczey p\u00fcr\u00fczl\u00fcl\u00fc\u011f\u00fc Ra de\u011fi\u015fkeni ile temsil edilebilir. Ra say\u0131s\u0131 ne kadar b\u00fcy\u00fckse, y\u00fczey o kadar p\u00fcr\u00fczl\u00fcd\u00fcr. Ra, \u00fcreticilerin farkl\u0131 i\u015fleme tekniklerinin y\u00fczey p\u00fcr\u00fczl\u00fcl\u00fc\u011f\u00fcn\u00fc nas\u0131l etkileyece\u011fini g\u00f6stermelerinin bir yolu olarak s\u0131kl\u0131kla kullan\u0131l\u0131r. Ra&#8217;n\u0131n yakalad\u0131\u011f\u0131, ortalama p\u00fcr\u00fczl\u00fcl\u00fckt\u00fcr (y\u00fczeyin d\u00fcz olarak kabul edilenin \u00fcst\u00fcnde ve alt\u0131nda sapma derecesinin aritmetik ortalama de\u011feri).[\/vc_column_text][\/vc_column][\/vc_row][vc_row padding_top_multiplier=&#8221;&#8221; padding_bottom_multiplier=&#8221;&#8221; margin_bottom=&#8221;40&#8243;][vc_column width=&#8221;1\/2&#8243;][vc_column_text]Y\u00fczey p\u00fcr\u00fczl\u00fcl\u00fc\u011f\u00fcn\u00fc \u00f6l\u00e7menin ba\u015fka bir yolu, bir y\u00fczeyin profilinin maksimum y\u00fcksekli\u011fi olan Rz&#8217;dir. Bir profilin ortalama karek\u00f6k sapmas\u0131 olan Rq de vard\u0131r. Say\u0131lar\u0131 hesaplamak konusunda \u00e7ok fazla endi\u015felenmeden \u00f6nce, bu de\u011fi\u015fkenlerin ara\u00e7lar kullan\u0131larak t\u00fcretilebilece\u011fini bilin.<\/p>\n<p>Y\u00fczey p\u00fcr\u00fczl\u00fcl\u00fc\u011f\u00fcn\u00fc bir &#8220;temas tipi&#8221; y\u00f6ntemi (bir prob ucu profilleyicinin ucuyla) veya &#8220;temass\u0131z tip&#8221; y\u00f6ntemi (\u0131\u015f\u0131k \u00f6l\u00e7\u00fcm\u00fc ile) kullanarak \u00f6l\u00e7ebilirsiniz. Stylusprofil olu\u015fturucular\u0131 fiziksel olarak y\u00fczeye dokunur ve y\u00fczey boyunca d\u00fcz bir \u00e7izgide ilerlemek i\u00e7in bir elmas u\u00e7 ve dengeleyici kullan\u0131r. Stylus bir s\u0131rtla kar\u015f\u0131la\u015ft\u0131\u011f\u0131nda, \u00e7izgi sapmay\u0131 yans\u0131t\u0131r ve Ra de\u011feri, d\u00fcz \u00e7izgiden sapma derecesine g\u00f6re hesaplan\u0131r. Elbette, her malzeme b\u00f6yle bir do\u011frudan temasa izin veremez ve do\u011frudan temas her zaman y\u00fczey p\u00fcr\u00fczl\u00fcl\u00fc\u011f\u00fcn\u00fc \u00f6l\u00e7menin en kolay, en h\u0131zl\u0131 veya en kesin yolu de\u011fildir.[\/vc_column_text][\/vc_column][vc_column width=&#8221;1\/2&#8243;][vc_column_text]Temass\u0131z y\u00f6ntemlerin en pop\u00fcler t\u00fcrlerinden biri, bir y\u00fczeyden yans\u0131yan \u0131\u015f\u0131\u011f\u0131n dalga boylar\u0131n\u0131 \u00f6l\u00e7erek milyonlarca veri noktas\u0131n\u0131 yakalayan optik profillemedir. Bu, bir\u00e7o\u011fu farkl\u0131 proje boyutlar\u0131na ve \u00f6l\u00e7\u00fcm ihtiya\u00e7lar\u0131na g\u00f6re yap\u0131land\u0131r\u0131labilen bir optik profilleme makinesinin kullan\u0131lmas\u0131n\u0131 gerektirir.<\/p>\n<p>Projenizin temasl\u0131 veya temass\u0131z \u00f6l\u00e7\u00fcm\u00fc garanti edip etmedi\u011fine bak\u0131lmaks\u0131z\u0131n, y\u00fczey p\u00fcr\u00fczl\u00fcl\u00fc\u011f\u00fc \u00f6l\u00e7\u00fcmlerinin her seferinde tutarl\u0131 bir \u015fekilde, do\u011fru ve kesin bir \u015fekilde al\u0131nmas\u0131 \u00e7ok \u00f6nemlidir. Yanl\u0131\u015f \u00f6l\u00e7\u00fcmler, ba\u015far\u0131s\u0131z kaplama uygulamalar\u0131na, tutars\u0131z \u00fcr\u00fcn \u00e7\u0131kt\u0131s\u0131na, performans kalitesinin d\u00fc\u015fmesine ve dayan\u0131kl\u0131l\u0131\u011f\u0131n zay\u0131flamas\u0131na neden olabilir.[\/vc_column_text][\/vc_column][\/vc_row][vc_row padding_top_multiplier=&#8221;&#8221; padding_bottom_multiplier=&#8221;&#8221; margin_bottom=&#8221;40&#8243;][vc_column][vc_column_text]<\/p>\n<h3><strong>Kalkanc\u0131 Y\u00fczey P\u00fcr\u00fczl\u00fcl\u00fck Testi <\/strong><\/h3>\n<p style=\"text-align: justify;\">Kalite Kontrol prosesimizin bir ba\u015fka aya\u011f\u0131n\u0131 olu\u015fturan <strong>Y\u00fczey P\u00fcr\u00fczl\u00fcl\u00fck Testi<\/strong>; \u00fcr\u00fcnlerimizin performans\u0131n\u0131, \u00f6mr\u00fcn\u00fc ve kalitesini belirleyen en \u00f6nemli s\u00fcre\u00e7lerden biridir. Nitel ve Nicel de\u011ferlendirmelerden ge\u00e7en \u00fcr\u00fcnlerimiz en g\u00fcvenilir ve do\u011fru kontrollerle s\u0131nanmaktad\u0131r.<\/p>\n<p style=\"text-align: justify;\">Kalkanc\u0131 olarak y\u00fczey hatalar\u0131n\u0131 tespit etmek i\u00e7in en hassas ve tahribats\u0131z muayene y\u00f6ntemlerinden olan \u201c<strong>S\u0131v\u0131 Penetrant Muayenesi<\/strong>\u201dni ( bir di\u011fer ad\u0131yla S\u0131v\u0131 Penetrant Testi) tercih etmekteyiz. Tercih sebeplerimizi s\u0131ralayacak olursak;<\/p>\n<ul>\n<li>Olduk\u00e7a hassas bir y\u00f6ntemdir,<\/li>\n<li>Uygulamas\u0131 son derece basit bir testtir,<\/li>\n<li>Di\u011fer bir\u00e7ok y\u00f6nteme g\u00f6re nispeten ucuzdur,<\/li>\n<li>Bir\u00e7ok farkl\u0131 maddeye uygulanabilir,<\/li>\n<li>B\u00fct\u00fcn y\u00fczey kontrolleri tek bir i\u015flemle kontrol edilebildi\u011fi i\u00e7in h\u0131zl\u0131d\u0131r.<\/li>\n<\/ul>\n<p>[\/vc_column_text][\/vc_column][\/vc_row]<\/p>\n<\/div>","protected":false},"excerpt":{"rendered":"<p>[vc_row padding_top_multiplier=&#8221;&#8221; padding_bottom_multiplier=&#8221;&#8221; margin_bottom=&#8221;25&#8243;][vc_column width=&#8221;1\/2&#8243;][vc_column_text css=&#8221;.vc_custom_1617533668341{margin-top: 10px !important;}&#8221;][\/vc_column_text][\/vc_column][vc_column width=&#8221;1\/2&#8243;][vc_column_text]Y\u00fczey p\u00fcr\u00fczl\u00fcl\u00fc\u011f\u00fc, bir y\u00fczey \u00fczerindeki s\u0131rtlar\u0131n belirli derinli\u011fi ve konturunu ifade eder. Y\u00fczey p\u00fcr\u00fczl\u00fcl\u00fc\u011f\u00fcn\u00fc test etmek neden \u00f6nemlidir? &#8220;S\u0131f\u0131r&#8221; y\u00fczey p\u00fcr\u00fczl\u00fcl\u00fc\u011f\u00fc diye bir \u015fey olmad\u0131\u011f\u0131ndan (yani, tamamen d\u00fcz bir y\u00fczey), her projenin \u00f6l\u00e7\u00fclmesi gereken bir d\u00fczeyde y\u00fczey p\u00fcr\u00fczl\u00fcl\u00fc\u011f\u00fc olacakt\u0131r. Kesin y\u00fczey p\u00fcr\u00fczl\u00fcl\u00fc\u011f\u00fc seviyesine dikkat etmemek, bir \u00fcr\u00fcn\u00fcn [&hellip;]<\/p>\n","protected":false},"author":1,"featured_media":0,"parent":369,"menu_order":0,"comment_status":"closed","ping_status":"closed","template":"","meta":{"_seopress_robots_primary_cat":"","_seopress_titles_title":"Y\u00fczey P\u00fcr\u00fczl\u00fcl\u00fck Testi | Kalkanc\u0131 Pres D\u00f6k\u00fcm ve Kal\u0131p","_seopress_titles_desc":"Y\u00fczey P\u00fcr\u00fczl\u00fcl\u00fck Testi yapt\u0131\u011f\u0131m\u0131z Al\u00fcminyum D\u00f6k\u00fcm Kal\u0131p imalat\u0131 s\u00fcrecinde \u00fcr\u00fcnlerimize S\u0131v\u0131 Penetrant Muayenesi uyguluyoruz.","_seopress_robots_index":"","footnotes":""},"class_list":["post-466","page","type-page","status-publish","hentry"],"_links":{"self":[{"href":"https:\/\/kalkanci.com\/tr\/wp-json\/wp\/v2\/pages\/466","targetHints":{"allow":["GET"]}}],"collection":[{"href":"https:\/\/kalkanci.com\/tr\/wp-json\/wp\/v2\/pages"}],"about":[{"href":"https:\/\/kalkanci.com\/tr\/wp-json\/wp\/v2\/types\/page"}],"author":[{"embeddable":true,"href":"https:\/\/kalkanci.com\/tr\/wp-json\/wp\/v2\/users\/1"}],"replies":[{"embeddable":true,"href":"https:\/\/kalkanci.com\/tr\/wp-json\/wp\/v2\/comments?post=466"}],"version-history":[{"count":0,"href":"https:\/\/kalkanci.com\/tr\/wp-json\/wp\/v2\/pages\/466\/revisions"}],"up":[{"embeddable":true,"href":"https:\/\/kalkanci.com\/tr\/wp-json\/wp\/v2\/pages\/369"}],"wp:attachment":[{"href":"https:\/\/kalkanci.com\/tr\/wp-json\/wp\/v2\/media?parent=466"}],"curies":[{"name":"wp","href":"https:\/\/api.w.org\/{rel}","templated":true}]}}