{"id":481,"date":"2021-04-04T14:08:00","date_gmt":"2021-04-04T11:08:00","guid":{"rendered":"http:\/\/kreabazsunum.com\/kalkanci\/?page_id=481"},"modified":"2021-05-07T18:27:38","modified_gmt":"2021-05-07T15:27:38","slug":"mikroskop-testleri","status":"publish","type":"page","link":"https:\/\/kalkanci.com\/tr\/kalite\/mikroskop-testleri\/","title":{"rendered":"Mikroskop Testleri"},"content":{"rendered":"<div class=\"wpb-content-wrapper\"><p>[vc_row padding_top_multiplier=&#8221;&#8221; padding_bottom_multiplier=&#8221;&#8221; margin_bottom=&#8221;40&#8243;][vc_column width=&#8221;1\/2&#8243;][vc_column_text css=&#8221;.vc_custom_1617534542494{margin-top: 10px !important;}&#8221;]<img loading=\"lazy\" decoding=\"async\" class=\"aligncenter size-large wp-image-483\" src=\"https:\/\/kalkanci.com\/wp-content\/uploads\/2021\/04\/Mikroskop-Testleri-02-1024x683.jpg\" alt=\"Mikroskop Testleri \" width=\"1024\" height=\"683\" srcset=\"https:\/\/kalkanci.com\/wp-content\/uploads\/2021\/04\/Mikroskop-Testleri-02-1024x683.jpg 1024w, https:\/\/kalkanci.com\/wp-content\/uploads\/2021\/04\/Mikroskop-Testleri-02-300x200.jpg 300w, https:\/\/kalkanci.com\/wp-content\/uploads\/2021\/04\/Mikroskop-Testleri-02-768x512.jpg 768w, https:\/\/kalkanci.com\/wp-content\/uploads\/2021\/04\/Mikroskop-Testleri-02.jpg 1200w\" sizes=\"auto, (max-width: 1024px) 100vw, 1024px\" \/>[\/vc_column_text][\/vc_column][vc_column width=&#8221;1\/2&#8243;][vc_column_text]Taramal\u0131 Elektron Mikroskobu, bilgi elde etmek i\u00e7in odaklanm\u0131\u015f elektron demetlerini kullanan g\u00fc\u00e7l\u00fc bir b\u00fcy\u00fctme arac\u0131d\u0131r. Yakla\u015f\u0131k 2 ki\u015fi b\u00fcy\u00fckl\u00fc\u011f\u00fcnde olan bu mikroskoplar taraf\u0131ndan \u00fcretilen y\u00fcksek \u00e7\u00f6z\u00fcn\u00fcrl\u00fckl\u00fc, \u00fc\u00e7 boyutlu g\u00f6r\u00fcnt\u00fcler; topografik, morfolojik ve bile\u015fimsel bilgiler sa\u011flar, onlar\u0131 \u00e7e\u015fitli bilim ve end\u00fcstri uygulamalar\u0131nda paha bi\u00e7ilmez k\u0131lar.<\/p>\n<p><strong>Mikroskop \u00d6zellikleri<\/strong><\/p>\n<p>Profes\u00f6r Dr. Charles Oatlev taraf\u0131ndan 1950&#8217;lerde y\u00fcksek lisans \u00f6\u011frencilerinin yard\u0131m\u0131yla geli\u015ftirilen Taramal\u0131 Elektron Mikroskobu, \u00fc\u00e7 t\u00fcr elektron mikroskobundan (EM) biridir.[\/vc_column_text][\/vc_column][\/vc_row][vc_row padding_top_multiplier=&#8221;&#8221; padding_bottom_multiplier=&#8221;&#8221; margin_bottom=&#8221;40&#8243;][vc_column][vc_column_text]Elektron mikroskoplar\u0131, \u0131\u015f\u0131k mikroskoplar\u0131 ile ayn\u0131 temel prensipleri kullan\u0131r, ancak bir nesneyi b\u00fcy\u00fctmek i\u00e7in fotonlar yerine enerjik elektron \u0131\u015f\u0131nlar\u0131na odaklan\u0131r.<\/p>\n<p>I\u015f\u0131k yerine elektron kullan\u0131lmas\u0131n\u0131n temel sebebi \u0131\u015f\u0131k mikroskoplar\u0131 belirli dalga boylar\u0131na, \u0131\u015f\u0131k kalitesine ve duruma ba\u011fl\u0131 olarak de\u011fi\u015fiklik g\u00f6stermesine ra\u011fmen elektron mikroskobunda daha iyi sonu\u00e7lar elde edilebilmesidir. Tabii ki Elektron Mikroskoplar\u0131nda da en iyi sonucu elde edebilmek i\u00e7in Vakum sistemi, so\u011futma sistemi, sa\u011flam \/ oynamayan zemin, manyetik ortamdan ar\u0131nd\u0131r\u0131lm\u0131\u015f test odas\u0131 ve kesintisiz g\u00fc\u00e7 kayna\u011f\u0131 gerekiyor.[\/vc_column_text][\/vc_column][\/vc_row][vc_row padding_top_multiplier=&#8221;&#8221; padding_bottom_multiplier=&#8221;&#8221; margin_bottom=&#8221;40&#8243;][vc_column width=&#8221;1\/2&#8243;][vc_column_text]<\/p>\n<h2>Mikroskop Testleri Ne Yapar?<\/h2>\n<p>Taramal\u0131 Elektron Mikroskobu, bir numuneyi bir elektron \u0131\u015f\u0131n\u0131yla bir tarama modelinde izleyerek ayr\u0131nt\u0131l\u0131 y\u00fczey bilgileri sa\u011flar. S\u00fcre\u00e7, bir elektron tabancas\u0131n\u0131n kolondan a\u015fa\u011f\u0131ya ve bir dizi elektromanyetik mercek \u00fczerine bir enerjik elektron demeti olu\u015fturmas\u0131yla ba\u015flar.<\/p>\n<p>Bu lensler, sarmal i\u00e7ine sar\u0131lan ve solenoidler olarak adland\u0131r\u0131lan t\u00fcplerdir. Bobinler, gelen elektron \u0131\u015f\u0131n\u0131n\u0131 numuneye odaklamak i\u00e7in ayarlan\u0131r; bu ayarlamalar voltajda dalgalanmalara neden olarak elektronlar\u0131n numune y\u00fczeyi ile temas etme h\u0131z\u0131n\u0131 artt\u0131r\u0131r \/ azalt\u0131r.<\/p>\n<p>Bilgisayar arac\u0131l\u0131\u011f\u0131yla kontrol edilen SEM operat\u00f6r\u00fc, b\u00fcy\u00fctmeyi kontrol etmek ve taranacak y\u00fczey alan\u0131n\u0131 belirlemek i\u00e7in \u0131\u015f\u0131n\u0131 ayarlayabilir. I\u015f\u0131n, kat\u0131 bir numunenin yerle\u015ftirildi\u011fi sahneye odaklan\u0131r. \u00d6rneklerin \u00e7o\u011fu, vakum odas\u0131na yerle\u015ftirilmeden \u00f6nce biraz haz\u0131rl\u0131k gerektirir.<\/p>\n<p>\u00c7e\u015fitli farkl\u0131 haz\u0131rlama proseslerinden, SEM analizinden \u00f6nce en yayg\u0131n kullan\u0131lan ikisi, iletken olmayan numuneler i\u00e7in p\u00fcsk\u00fcrtme kaplamas\u0131 ve \u00e7o\u011fu biyolojik numunenin dehidrasyonudur.<\/p>\n<p>Ek olarak, t\u00fcm numunelerin vakum odas\u0131 i\u00e7indeki d\u00fc\u015f\u00fck bas\u0131nc\u0131 kald\u0131rabilmesi gerekir.[\/vc_column_text][\/vc_column][vc_column width=&#8221;1\/2&#8243;][vc_column_text]Gelen elektronlar ile numunenin y\u00fczeyi aras\u0131ndaki etkile\u015fim, numuneye odaklanmadan \u00f6nce \u00f6nemli miktarda kinetik enerji ta\u015f\u0131yan gelen elektronlar\u0131n h\u0131zlanma oran\u0131yla belirlenir.<\/p>\n<p>Gelen elektronlar numune ile temas etti\u011finde, enerjik elektronlar numunenin y\u00fczeyinden sal\u0131n\u0131r. Etkile\u015fim taraf\u0131ndan yap\u0131lan sa\u00e7\u0131lma desenleri, numunenin boyutu, \u015fekli, dokusu ve bile\u015fimi hakk\u0131nda bilgi verir.<\/p>\n<p>\u0130kincil ve geri sa\u00e7\u0131lm\u0131\u015f elektronlar ve x-\u0131\u015f\u0131nlar\u0131 dahil olmak \u00fczere farkl\u0131 sa\u00e7\u0131lm\u0131\u015f elektron t\u00fcrlerini \u00e7ekmek i\u00e7in \u00e7e\u015fitli detekt\u00f6rler kullan\u0131l\u0131r. K\u0131r\u0131n\u0131ml\u0131 geri sa\u00e7\u0131l\u0131m elektronlar\u0131, kristal yap\u0131lar\u0131n yan\u0131 s\u0131ra minerallerin ve mikro kuma\u015flar\u0131n y\u00f6n\u00fcn\u00fc de belirler.<\/p>\n<p>Numune y\u00fczeyinin alt\u0131ndan yay\u0131lan X \u0131\u015f\u0131nlar\u0131 element ve mineral bilgisi sa\u011flayabilir.<\/p>\n<p>Taramal\u0131 elektron mikroskoplar, siyah beyaz, \u00fc\u00e7 boyutlu g\u00f6r\u00fcnt\u00fcler \u00fcretir.<\/p>\n<p>G\u00f6r\u00fcnt\u00fc b\u00fcy\u00fctme 10 nanometreye kadar olabilir, numunenin y\u00fczeyinde ger\u00e7ekle\u015fen yo\u011fun etkile\u015fimler daha b\u00fcy\u00fck bir g\u00f6r\u00fc\u015f derinli\u011fi, daha y\u00fcksek \u00e7\u00f6z\u00fcn\u00fcrl\u00fck ve nihayetinde daha ayr\u0131nt\u0131l\u0131 y\u00fczey resmi olu\u015fturur.[\/vc_column_text][\/vc_column][\/vc_row][vc_row padding_top_multiplier=&#8221;&#8221; padding_bottom_multiplier=&#8221;&#8221; margin_bottom=&#8221;40&#8243;][vc_column][vc_column_text]<\/p>\n<h2>Mikroskop Testleri Nerelerde Kullan\u0131l\u0131r?<\/h2>\n<p>Taramal\u0131 ekelktron mikroskoplar\u0131, \u00f6zellikle kat\u0131 malzemelerin karakterizasyonlar\u0131n\u0131n yararl\u0131 oldu\u011fu, bilimsel ve end\u00fcstri ile ilgili bir dizi alanda \u00e7e\u015fitli uygulamalar\u0131 vard\u0131r. Topografik, morfolojik ve bile\u015fimsel bilgilere ek olarak, Taramal\u0131 Elektron Mikroskobu y\u00fczey k\u0131r\u0131klar\u0131n\u0131 alg\u0131layabilir ve analiz edebilir, mikro yap\u0131larda bilgi sa\u011flayabilir, y\u00fczey kirlenmelerini inceleyebilir, kimyasal bile\u015fimlerdeki uzamsal de\u011fi\u015fiklikleri ortaya \u00e7\u0131karabilir, kalitatif kimyasal analizler sa\u011flayabilir ve kristal yap\u0131lar\u0131 tan\u0131mlayabilir. Canl\u0131 ve yumu\u015fak organizmalarda da kullan\u0131labilir fakat iyi bir \u015fekilde stabil edilmeli ve kimyasal fiksasyon kullan\u0131lmal\u0131d\u0131r. Taramal\u0131 elektron mitroskobu kat\u0131 malzemelerde oldu\u011fu kadar iyi ve do\u011fru sonu\u00e7lar vermeyece\u011fi i\u00e7in canl\u0131 ve yumu\u015fak organizmalarda \u00e7ok fazla kullan\u0131lmaz.<\/p>\n<p>Taramal\u0131 elektron mikroskoplar, ya\u015fam bilimleri, biyoloji, gemoloji, t\u0131p ve adli t\u0131p, metalurji gibi alanlarda temel ara\u015ft\u0131rma arac\u0131 olabilir.Ek olarak, taramal\u0131 elektron mikroskoplar\u0131 iletken denetimi, k\u00fc\u00e7\u00fck \u00fcr\u00fcnlerin \u00fcretim hatt\u0131 ve bilgisayarlar i\u00e7in mikro\u00e7iplerin montaj\u0131 gibi pratik end\u00fcstriyel ve teknolojik uygulamalara sahiptir.<\/p>\n<h3><strong>Kalkanc\u0131 Mikroskop Testleri<\/strong><\/h3>\n<p>\u00dcr\u00fcnlerimizin yetkinlik, kalite ve dayan\u0131kl\u0131l\u0131\u011f\u0131 kontrol edebilmek ad\u0131na Kalite Kontrol Prosesimiz i\u00e7inde yer alan Mikroskop Testleri kalite kontrollerimizi mikro boyutlarda sa\u011flayabiliyoruz.Kalkanc\u0131 Mikroskop Testleriile \u00fcr\u00fcn kalitemizin denetlenmesi, iyile\u015ftirilmesi ve geli\u015ftirilmesi konular\u0131nda i\u015flemler sa\u011fl\u0131yoruz.[\/vc_column_text][\/vc_column][\/vc_row]<\/p>\n<\/div>","protected":false},"excerpt":{"rendered":"<p>[vc_row padding_top_multiplier=&#8221;&#8221; padding_bottom_multiplier=&#8221;&#8221; margin_bottom=&#8221;40&#8243;][vc_column width=&#8221;1\/2&#8243;][vc_column_text css=&#8221;.vc_custom_1617534542494{margin-top: 10px !important;}&#8221;][\/vc_column_text][\/vc_column][vc_column width=&#8221;1\/2&#8243;][vc_column_text]Taramal\u0131 Elektron Mikroskobu, bilgi elde etmek i\u00e7in odaklanm\u0131\u015f elektron demetlerini kullanan g\u00fc\u00e7l\u00fc bir b\u00fcy\u00fctme arac\u0131d\u0131r. Yakla\u015f\u0131k 2 ki\u015fi b\u00fcy\u00fckl\u00fc\u011f\u00fcnde olan bu mikroskoplar taraf\u0131ndan \u00fcretilen y\u00fcksek \u00e7\u00f6z\u00fcn\u00fcrl\u00fckl\u00fc, \u00fc\u00e7 boyutlu g\u00f6r\u00fcnt\u00fcler; topografik, morfolojik ve bile\u015fimsel bilgiler sa\u011flar, onlar\u0131 \u00e7e\u015fitli bilim ve end\u00fcstri uygulamalar\u0131nda paha bi\u00e7ilmez k\u0131lar. Mikroskop \u00d6zellikleri Profes\u00f6r [&hellip;]<\/p>\n","protected":false},"author":1,"featured_media":0,"parent":369,"menu_order":0,"comment_status":"closed","ping_status":"closed","template":"","meta":{"_seopress_robots_primary_cat":"","_seopress_titles_title":"Mikroskop Testleri | Kalkanc\u0131 Pres D\u00f6k\u00fcm ve Kal\u0131p","_seopress_titles_desc":"Yetkinlik, kalite ve dayan\u0131kl\u0131l\u0131\u011f\u0131 kontrol etti\u011fimiz Mikroskop Testleri ile Al\u00fcminyum D\u00f6k\u00fcm Kal\u0131p \u00fcretiminde kusursuzu yakal\u0131yoruz.","_seopress_robots_index":"","footnotes":""},"class_list":["post-481","page","type-page","status-publish","hentry"],"_links":{"self":[{"href":"https:\/\/kalkanci.com\/tr\/wp-json\/wp\/v2\/pages\/481","targetHints":{"allow":["GET"]}}],"collection":[{"href":"https:\/\/kalkanci.com\/tr\/wp-json\/wp\/v2\/pages"}],"about":[{"href":"https:\/\/kalkanci.com\/tr\/wp-json\/wp\/v2\/types\/page"}],"author":[{"embeddable":true,"href":"https:\/\/kalkanci.com\/tr\/wp-json\/wp\/v2\/users\/1"}],"replies":[{"embeddable":true,"href":"https:\/\/kalkanci.com\/tr\/wp-json\/wp\/v2\/comments?post=481"}],"version-history":[{"count":0,"href":"https:\/\/kalkanci.com\/tr\/wp-json\/wp\/v2\/pages\/481\/revisions"}],"up":[{"embeddable":true,"href":"https:\/\/kalkanci.com\/tr\/wp-json\/wp\/v2\/pages\/369"}],"wp:attachment":[{"href":"https:\/\/kalkanci.com\/tr\/wp-json\/wp\/v2\/media?parent=481"}],"curies":[{"name":"wp","href":"https:\/\/api.w.org\/{rel}","templated":true}]}}