{"id":493,"date":"2021-04-04T14:27:39","date_gmt":"2021-04-04T11:27:39","guid":{"rendered":"http:\/\/kreabazsunum.com\/kalkanci\/?page_id=493"},"modified":"2021-05-07T18:28:49","modified_gmt":"2021-05-07T15:28:49","slug":"cmm-testi","status":"publish","type":"page","link":"https:\/\/kalkanci.com\/tr\/kalite\/cmm-testi\/","title":{"rendered":"CMM Testi"},"content":{"rendered":"<div class=\"wpb-content-wrapper\"><p>[vc_row padding_top_multiplier=&#8221;&#8221; padding_bottom_multiplier=&#8221;&#8221; margin_bottom=&#8221;40&#8243;][vc_column width=&#8221;1\/2&#8243;][vc_column_text css=&#8221;.vc_custom_1617535522842{margin-top: 10px !important;}&#8221;]<img loading=\"lazy\" decoding=\"async\" class=\"aligncenter size-large wp-image-498\" src=\"https:\/\/kalkanci.com\/wp-content\/uploads\/2021\/04\/CMM-Testi-05-1024x683.jpg\" alt=\"CMM Testi \" width=\"1024\" height=\"683\" srcset=\"https:\/\/kalkanci.com\/wp-content\/uploads\/2021\/04\/CMM-Testi-05-1024x683.jpg 1024w, https:\/\/kalkanci.com\/wp-content\/uploads\/2021\/04\/CMM-Testi-05-300x200.jpg 300w, https:\/\/kalkanci.com\/wp-content\/uploads\/2021\/04\/CMM-Testi-05-768x512.jpg 768w, https:\/\/kalkanci.com\/wp-content\/uploads\/2021\/04\/CMM-Testi-05.jpg 1200w\" sizes=\"auto, (max-width: 1024px) 100vw, 1024px\" \/>[\/vc_column_text][\/vc_column][vc_column width=&#8221;1\/2&#8243;][vc_column_text]<strong>Coordinate Measuring Machine<\/strong> harflerinin k\u0131saltmas\u0131 olan <strong>CMM\u2019nin <\/strong>T\u00fcrk\u00e7esi \u201c<strong>Koordinat \u00d6l\u00e7me Makinesi<\/strong>\u201d&#8217;dir. CMM, bir nesnenin fiziksel geometrik \u00f6zelliklerini \u00f6l\u00e7mek i\u00e7in kullan\u0131lan bir cihazd\u0131r. Boyutsal inceleme proses kontrol\u00fcnde kullan\u0131l\u0131r; sonu\u00e7lar\u0131 parametrelerini ayarlar. \u0130stenilen \u00e7\u0131kt\u0131lar\u0131 elde etmek i\u00e7in \u00fcretim s\u00fcreci, bilgisayar kontroll\u00fc boyutsal inceleme tipik olarak bir Koordinat \u00d6l\u00e7\u00fcm Makinesi ile ger\u00e7ekle\u015ftirilir. Veya bir \u00f6l\u00e7\u00fcm\u00fc hareket ettirmek i\u00e7in tasarlanm\u0131\u015f \u00e7ok hassas bir mekanik sistem olan CMM bir i\u015f par\u00e7as\u0131 y\u00fczeyindeki noktalar\u0131n koordinatlar\u0131n\u0131 belirlemek i\u00e7in sonda. Bir CMM \u015funlardan olu\u015fur:[\/vc_column_text][\/vc_column][\/vc_row][vc_row padding_top_multiplier=&#8221;&#8221; padding_bottom_multiplier=&#8221;&#8221; margin_bottom=&#8221;40&#8243;][vc_column][vc_column_text]<\/p>\n<ul>\n<li>Par\u00e7alar\u0131n sabitlendi\u011fi bir \u00e7al\u0131\u015fma alan\u0131, par\u00e7a y\u00fczeylerini alg\u0131lamak i\u00e7in bir sens\u00f6r, birpar\u00e7a sens\u00f6r\u00fcn\u00fc \u00e7al\u0131\u015fma alan\u0131 etraf\u0131nda hareket ettirmek i\u00e7in mekanik montaj<\/li>\n<li>Sens\u00f6re g\u00f6re par\u00e7a boyutlar\u0131n\u0131n hesaplanmas\u0131nda kullan\u0131lan yaz\u0131l\u0131ma sahip bilgisayar \u00f6l\u00e7\u00fcmleri<\/li>\n<\/ul>\n<p>[\/vc_column_text][\/vc_column][\/vc_row][vc_row padding_top_multiplier=&#8221;&#8221; padding_bottom_multiplier=&#8221;&#8221; margin_bottom=&#8221;40&#8243;][vc_column]<div class=\"eut-element eut-gallery eut-isotope eut-gallery-popup eut-with-gap\" style=\"\" data-columns=\"3\" data-columns-large-screen=\"3\" data-columns-tablet-landscape=\"3\" data-columns-tablet-portrait=\"3\" data-columns-mobile=\"1\" data-layout=\"fitRows\" data-gutter-size=\"20\">  <div class=\"eut-isotope-container\"><div class=\"eut-isotope-item eut-hover-item eut-hover-style-none\"><div class=\"eut-isotope-item-inner eut-zoom-in\">  <figure class=\"eut-image-hover\">    <a class=\"eut-item-url\" href=\"https:\/\/kalkanci.com\/wp-content\/uploads\/2021\/04\/CMM-Testi-04.jpg\" ><\/a>    <div class=\"eut-hover-overlay eut-bg-blue eut-opacity-30\"><\/div><div class=\"eut-media\"><img loading=\"lazy\" decoding=\"async\" width=\"840\" height=\"800\" src=\"https:\/\/kalkanci.com\/wp-content\/uploads\/2021\/04\/CMM-Testi-04-840x800.jpg\" class=\"attachment-fildisi-eutf-medium-rect-vertical size-fildisi-eutf-medium-rect-vertical\" alt=\"CMM Testi\" \/><\/div>  <\/figure><\/div><\/div><div class=\"eut-isotope-item eut-hover-item eut-hover-style-none\"><div class=\"eut-isotope-item-inner eut-zoom-in\">  <figure class=\"eut-image-hover\">    <a class=\"eut-item-url\" href=\"https:\/\/kalkanci.com\/wp-content\/uploads\/2021\/04\/CMM-Testi-03.jpg\" ><\/a>    <div class=\"eut-hover-overlay eut-bg-blue eut-opacity-30\"><\/div><div class=\"eut-media\"><img loading=\"lazy\" decoding=\"async\" width=\"840\" height=\"800\" src=\"https:\/\/kalkanci.com\/wp-content\/uploads\/2021\/04\/CMM-Testi-03-840x800.jpg\" class=\"attachment-fildisi-eutf-medium-rect-vertical size-fildisi-eutf-medium-rect-vertical\" alt=\"CMM Testi\" \/><\/div>  <\/figure><\/div><\/div><div class=\"eut-isotope-item eut-hover-item eut-hover-style-none\"><div class=\"eut-isotope-item-inner eut-zoom-in\">  <figure class=\"eut-image-hover\">    <a class=\"eut-item-url\" href=\"https:\/\/kalkanci.com\/wp-content\/uploads\/2021\/04\/CMM-Testi-02.jpg\" ><\/a>    <div class=\"eut-hover-overlay eut-bg-blue eut-opacity-30\"><\/div><div class=\"eut-media\"><img loading=\"lazy\" decoding=\"async\" width=\"840\" height=\"800\" src=\"https:\/\/kalkanci.com\/wp-content\/uploads\/2021\/04\/CMM-Testi-02-840x800.jpg\" class=\"attachment-fildisi-eutf-medium-rect-vertical size-fildisi-eutf-medium-rect-vertical\" alt=\"CMM Testi\" \/><\/div>  <\/figure><\/div><\/div>  <\/div><\/div>[\/vc_column][\/vc_row][vc_row padding_top_multiplier=&#8221;&#8221; padding_bottom_multiplier=&#8221;&#8221; margin_bottom=&#8221;40&#8243;][vc_column width=&#8221;1\/2&#8243;][vc_column_text]<\/p>\n<h2>CMM Nas\u0131l \u00c7al\u0131\u015f\u0131r?<\/h2>\n<p>CMM&#8217;ler olarak da adland\u0131r\u0131lan Koordinat \u00d6l\u00e7\u00fcm Makineleri, \u00fcretilen par\u00e7alar\u0131n boyutlar\u0131n\u0131, mikrometreler ve y\u00fckseklik g\u00f6stergeleri gibi geleneksel metroloji enstr\u00fcmanlar\u0131 ile ger\u00e7ekle\u015ftirilen, aerodinamik ve genellikle otomatikle\u015ftirilmi\u015f manuel QC kontrollerinin sunumunda kontrol etmek i\u00e7in kullan\u0131l\u0131r. Birka\u00e7 CMM stili vard\u0131r, ancak hepsi esasen yakut veya benzer u\u00e7lu prob u\u00e7lar\u0131 veya lazer veya benzer temass\u0131z problar kullan\u0131rlar, bunlar par\u00e7a etraf\u0131nda hareket ederek y\u00fczeylerin ve \u00f6zelliklerin koordinatlar\u0131n\u0131 al\u0131p hareket halindeyken al\u0131rlar. Bunlar daha sonra par\u00e7an\u0131n tasarland\u0131\u011f\u0131 CAD dosyas\u0131yla kar\u015f\u0131la\u015ft\u0131r\u0131l\u0131r. CMM&#8217;ler manuel veya tam otomatik olabilir.<\/p>\n<p>CMM\u2019nin boyutsal yetenekleri genellikle konum, yuvarlakl\u0131k, diklik, paralellik, d\u00fczl\u00fck, a\u00e7\u0131sall\u0131k, y\u00fczey profili, bir \u00e7izginin profili, simetri, e\u015f merkezlilik, do\u011frusall\u0131k ve veri nicelemesini i\u00e7erir.[\/vc_column_text][\/vc_column][vc_column width=&#8221;1\/2&#8243;][vc_column_text]<strong>CMM testine hangi sekt\u00f6rlerin ihtiyac\u0131 var?<\/strong><\/p>\n<p>Bir nesnenin fiziksel geometrik \u00f6zelliklerinin \u00f6l\u00e7\u00fclmesi, onaylanm\u0131\u015f \u00fcr\u00fcn \u00f6zellikleriyle kar\u015f\u0131la\u015ft\u0131rma yap\u0131lmas\u0131n\u0131 sa\u011flar. De\u011ferlendirmeler, ilk par\u00e7a de\u011ferlendirmesini ve kritik boyutsal profil \u00f6l\u00e7\u00fcmlerini i\u00e7erir. \u00dcr\u00fcnlerin \u00fcretim ve \/ veya sevkiyat \u00f6ncesinde spesifikasyon gereksinimlerini kar\u015f\u0131lay\u0131p kar\u015f\u0131lamad\u0131\u011f\u0131n\u0131n belirlenmesi, maliyetli yeniden \u00e7al\u0131\u015fmay\u0131 ve daha sonraki gecikmeleri azaltabilir.<\/p>\n<p>Belirtildi\u011fi gibi, CMM testi yerinde veya kurum i\u00e7inde ger\u00e7ekle\u015ftirilebilir. Do\u011fruluk, CMM testinde \u00f6nemli bir fakt\u00f6rd\u00fcr, bu nedenle bir\u00e7ok m\u00fc\u015fteri, fabrikada yerinde olabilecek ekipman\u0131 kullanmak yerine bir \u00fc\u00e7\u00fcnc\u00fc tarafla ortak olmay\u0131 tercih eder. Do\u011fruluk s\u00f6z konusu oldu\u011funda makinelerin kendileri de\u011fi\u015fir, ancak ayn\u0131 derecede \u00f6nemli olan, operat\u00f6r\u00fcn deneyimi ve becerisidir.[\/vc_column_text][\/vc_column][\/vc_row][vc_row padding_top_multiplier=&#8221;&#8221; padding_bottom_multiplier=&#8221;&#8221; margin_bottom=&#8221;40&#8243;][vc_column][vc_column_text]<\/p>\n<h3>Kalkanc\u0131 CMM Testi<\/h3>\n<p style=\"text-align: justify;\">End\u00fcstriyel \u00fcretimin neredeyse her kesiminde kullan\u0131lan ve ortaya \u00e7\u0131kan \u00fcr\u00fcnlerin son kontrollerinde b\u00fcy\u00fck \u00f6nem ta\u015f\u0131yan CMM Testleri, kalite kontrol s\u00fcreci i\u00e7erisinde \u00f6nemli bir yer almaktad\u0131r. En pratik ve bilinen kontrol yollar\u0131ndan biri olan CMM, ayn\u0131 zamanda y\u00fcksek hassasiyetli bir kontrol sa\u011flamas\u0131 a\u00e7\u0131s\u0131ndan da b\u00fcy\u00fck \u00f6nem ta\u015f\u0131maktad\u0131r. De\u011ferli m\u00fc\u015fterilerimize en iyiyi sunabilmek ad\u0131na CMM Testleri, Kalkanc\u0131 markas\u0131 olarak bizlerin de kalite kontrol s\u00fcre\u00e7leri aras\u0131nda yer almaktad\u0131r.<\/p>\n<p style=\"text-align: justify;\">B\u00fcnyemiz laboratuvar\u0131nda; <strong>ZEISS<\/strong>, <strong>Mahr<\/strong> ve <strong>Mora<\/strong> markalar\u0131na ait 3 farkl\u0131 CMM mevcuttur. Proje ve seri \u00fcretim par\u00e7alar\u0131n\u0131n \u00f6l\u00e7\u00fcmleri titizlikle ve h\u0131zl\u0131ca yapan bu cihazlar \u00fcr\u00fcnlerin fiziksel geometrik karakteristik \u00f6zelliklerini y\u00fcksek ba\u015far\u0131yla \u00f6l\u00e7mektedirler. Ayr\u0131ca iyi tasarlanm\u0131\u015f yaz\u0131l\u0131mlar\u0131, kullan\u0131c\u0131 dostu ara y\u00fczleri ve dayanakl\u0131klar\u0131yla Kalkanc\u0131\u2019n\u0131n tercihi olmu\u015flard\u0131r.<\/p>\n<p>[\/vc_column_text][\/vc_column][\/vc_row]<\/p>\n<\/div>","protected":false},"excerpt":{"rendered":"<p>[vc_row padding_top_multiplier=&#8221;&#8221; padding_bottom_multiplier=&#8221;&#8221; margin_bottom=&#8221;40&#8243;][vc_column width=&#8221;1\/2&#8243;][vc_column_text css=&#8221;.vc_custom_1617535522842{margin-top: 10px !important;}&#8221;][\/vc_column_text][\/vc_column][vc_column width=&#8221;1\/2&#8243;][vc_column_text]Coordinate Measuring Machine harflerinin k\u0131saltmas\u0131 olan CMM\u2019nin T\u00fcrk\u00e7esi \u201cKoordinat \u00d6l\u00e7me Makinesi\u201d&#8217;dir. CMM, bir nesnenin fiziksel geometrik \u00f6zelliklerini \u00f6l\u00e7mek i\u00e7in kullan\u0131lan bir cihazd\u0131r. Boyutsal inceleme proses kontrol\u00fcnde kullan\u0131l\u0131r; sonu\u00e7lar\u0131 parametrelerini ayarlar. \u0130stenilen \u00e7\u0131kt\u0131lar\u0131 elde etmek i\u00e7in \u00fcretim s\u00fcreci, bilgisayar kontroll\u00fc boyutsal inceleme tipik olarak bir Koordinat \u00d6l\u00e7\u00fcm Makinesi [&hellip;]<\/p>\n","protected":false},"author":1,"featured_media":0,"parent":369,"menu_order":0,"comment_status":"closed","ping_status":"closed","template":"","meta":{"_seopress_robots_primary_cat":"","_seopress_titles_title":"CMM Testi | Kalkanc\u0131 Pres D\u00f6k\u00fcm ve Kal\u0131p","_seopress_titles_desc":"Al\u00fcminyum D\u00f6k\u00fcm Kal\u0131p \u00fcr\u00fcnlerimizi titizlikle \u00f6l\u00e7t\u00fc\u011f\u00fcm\u00fcz a\u015fama olan CMM Testi ile maksimum kontrol sa\u011fl\u0131yoruz.","_seopress_robots_index":"","footnotes":""},"class_list":["post-493","page","type-page","status-publish","hentry"],"_links":{"self":[{"href":"https:\/\/kalkanci.com\/tr\/wp-json\/wp\/v2\/pages\/493","targetHints":{"allow":["GET"]}}],"collection":[{"href":"https:\/\/kalkanci.com\/tr\/wp-json\/wp\/v2\/pages"}],"about":[{"href":"https:\/\/kalkanci.com\/tr\/wp-json\/wp\/v2\/types\/page"}],"author":[{"embeddable":true,"href":"https:\/\/kalkanci.com\/tr\/wp-json\/wp\/v2\/users\/1"}],"replies":[{"embeddable":true,"href":"https:\/\/kalkanci.com\/tr\/wp-json\/wp\/v2\/comments?post=493"}],"version-history":[{"count":0,"href":"https:\/\/kalkanci.com\/tr\/wp-json\/wp\/v2\/pages\/493\/revisions"}],"up":[{"embeddable":true,"href":"https:\/\/kalkanci.com\/tr\/wp-json\/wp\/v2\/pages\/369"}],"wp:attachment":[{"href":"https:\/\/kalkanci.com\/tr\/wp-json\/wp\/v2\/media?parent=493"}],"curies":[{"name":"wp","href":"https:\/\/api.w.org\/{rel}","templated":true}]}}