{"id":503,"date":"2021-04-04T14:41:54","date_gmt":"2021-04-04T11:41:54","guid":{"rendered":"http:\/\/kreabazsunum.com\/kalkanci\/?page_id=503"},"modified":"2021-05-07T18:32:43","modified_gmt":"2021-05-07T15:32:43","slug":"mastar-goz-kontrolu","status":"publish","type":"page","link":"https:\/\/kalkanci.com\/tr\/kalite\/mastar-goz-kontrolu\/","title":{"rendered":"Mastar \/ G\u00f6z Kontrol\u00fc"},"content":{"rendered":"<div class=\"wpb-content-wrapper\"><p>[vc_row padding_top_multiplier=&#8221;&#8221; padding_bottom_multiplier=&#8221;&#8221; margin_bottom=&#8221;40&#8243;][vc_column width=&#8221;1\/2&#8243;][vc_column_text css=&#8221;.vc_custom_1617536453070{margin-top: 10px !important;}&#8221;][\/vc_column_text][\/vc_column][vc_column width=&#8221;1\/2&#8243;][vc_column_text]Kalite Standartlar\u0131 dahilinde \u00fcr\u00fcn \u00fcretmeye \u00e7al\u0131\u015fan t\u00fcm firmalar\u0131n \u00fcretimin her evresinde ger\u00e7ekle\u015ftirmesi gereken belirli prosed\u00fcrler vard\u0131r. <strong>Mastar \/ G\u00f6z Kontrol\u00fc<\/strong> de bunlardan biridir.<\/p>\n<h2>G\u00f6zle Muayene Testi<\/h2>\n<p>\u00dcretim s\u00fcreci sonunda ortaya \u00e7\u0131kan \u00fcr\u00fcnlerin en eski ve klasik kontrol y\u00f6ntemlerinden biri olan G\u00f6zle Muayene, \u00fcr\u00fcn\u00fcn direkt g\u00f6zle ya da ara ekipmanla kontrol edilmesi s\u00fcrecidir.[\/vc_column_text][\/vc_column][\/vc_row][vc_row padding_top_multiplier=&#8221;&#8221; padding_bottom_multiplier=&#8221;&#8221; margin_bottom=&#8221;40&#8243;][vc_column][vc_column_text]<\/p>\n<ul>\n<li>Par\u00e7alar\u0131n sabitlendi\u011fi bir \u00e7al\u0131\u015fma alan\u0131, par\u00e7a y\u00fczeylerini alg\u0131lamak i\u00e7in bir sens\u00f6r, birpar\u00e7a sens\u00f6r\u00fcn\u00fc \u00e7al\u0131\u015fma alan\u0131 etraf\u0131nda hareket ettirmek i\u00e7in mekanik montaj<\/li>\n<li>Sens\u00f6re g\u00f6re par\u00e7a boyutlar\u0131n\u0131n hesaplanmas\u0131nda kullan\u0131lan yaz\u0131l\u0131ma sahip bilgisayar \u00f6l\u00e7\u00fcmleri<\/li>\n<\/ul>\n<p>[\/vc_column_text][\/vc_column][\/vc_row][vc_row padding_top_multiplier=&#8221;&#8221; padding_bottom_multiplier=&#8221;&#8221; margin_bottom=&#8221;40&#8243;][vc_column]<div class=\"eut-element eut-gallery eut-isotope eut-gallery-popup eut-with-gap\" style=\"\" data-columns=\"3\" data-columns-large-screen=\"3\" data-columns-tablet-landscape=\"3\" data-columns-tablet-portrait=\"3\" data-columns-mobile=\"1\" data-layout=\"fitRows\" data-gutter-size=\"20\">  <div class=\"eut-isotope-container\"><div class=\"eut-isotope-item eut-hover-item eut-hover-style-none\"><div class=\"eut-isotope-item-inner eut-zoom-in\">  <figure class=\"eut-image-hover\">    <a class=\"eut-item-url\" href=\"\" ><\/a>    <div class=\"eut-hover-overlay eut-bg-blue eut-opacity-30\"><\/div><div class=\"eut-media\"><\/div>  <\/figure><\/div><\/div>  <\/div><\/div>[\/vc_column][\/vc_row][vc_row padding_top_multiplier=&#8221;&#8221; padding_bottom_multiplier=&#8221;&#8221; margin_bottom=&#8221;40&#8243;][vc_column width=&#8221;1\/2&#8243;][vc_column_text]<\/p>\n<h3><strong>\u00dcretim \u00d6ncesi Muayene<\/strong><\/h3>\n<p>\u00dcretim \u00d6ncesi Muayene (\u00dcFE), hammadde ve bile\u015fenlerin miktar ve kalitesini ve \u00fcr\u00fcn \u015fartnamelerine uygun olup olmad\u0131klar\u0131n\u0131 de\u011ferlendirmek i\u00e7in \u00fcretim s\u00fcreci ba\u015flamadan \u00f6nce yap\u0131lan bir kalite kontrol muayenesidir. \u00dcretim \u00f6ncesi Hammadde ve aksesuar kontrol\u00fc: Kalite kontrol ekibi \u00fcretim i\u00e7in gerekli hammaddeleri ve bile\u015fenleri kontrol eder.<\/p>\n<h3><strong>\u00dcretim Denetimi S\u0131ras\u0131nda<\/strong><\/h3>\n<p>\u00dcretim Denetimi s\u0131ras\u0131nda (DPI) veya ba\u015fka bir \u015fekilde DUPRO olarak bilinen, \u00fcretim devam ederken yap\u0131lan bir kalite kontrol denetimidir ve \u00f6zellikle s\u00fcrekli \u00fcretimde olan, zaman\u0131nda g\u00f6nderiler i\u00e7in kat\u0131 gereksinimleri olan ve takip eden \u00fcr\u00fcnler i\u00e7in iyidir. \u00dcretim \u00f6ncesi denetim s\u0131ras\u0131nda \u00fcretimden \u00f6nce kalite sorunlar\u0131 tespit edildi\u011finde erkenden m\u00fcdahale etmek \u00f6nemlidir.<\/p>\n<p>\u00dcretim s\u00fcrecinin her a\u015famas\u0131nda, denet\u00e7iler size ihtiyac\u0131n\u0131z olan kapsaml\u0131 bilgi ve verileri sa\u011flamak i\u00e7in eksiksiz ve ayr\u0131nt\u0131l\u0131 bir denetim raporu haz\u0131rlayacakt\u0131r.[\/vc_column_text][\/vc_column][vc_column width=&#8221;1\/2&#8243;][vc_column_text]<\/p>\n<h3><strong>Sevkiyat \u00d6ncesi Muayene<\/strong><\/h3>\n<p>Sevk \u00d6ncesi Muayene (PSI), HQTS taraf\u0131ndan y\u00fcr\u00fct\u00fclen bir\u00e7ok kalite kontrol muayenesinden biridir. Kalite kontrol s\u00fcrecinde \u00f6nemli bir ad\u0131md\u0131r ve sevk edilmeden \u00f6nce mallar\u0131n kalitesini kontrol etme y\u00f6ntemidir. Sevkiyat \u00f6ncesi muayene (veya psi-tefti\u015fler), \u00fcretimin al\u0131c\u0131n\u0131n \u015fartnamelerine ve \/ veya bir sat\u0131n alma emrinin veya akreditifin \u015fartlar\u0131na uygun olmas\u0131n\u0131 sa\u011flar. Bu denetim, sipari\u015fin en az% 80&#8217;i nakliye i\u00e7in paketlendi\u011finde bitmi\u015f \u00fcr\u00fcnler \u00fczerinde yap\u0131l\u0131r. Bu inceleme, \u00fcr\u00fcn i\u00e7in standart Kabul Edilebilir Kalite S\u0131n\u0131rlar\u0131 (AQL) \u00f6zelliklerine g\u00f6re yap\u0131l\u0131r.<\/p>\n<p>Kalite kontrol \u00e7al\u0131\u015fanlar\u0131, \u00fcr\u00fcnlerin do\u011fru ve neredeyse 0 hatayla t\u00fcketicilere ula\u015ft\u0131rmak i\u00e7in test yaparlar ve bunun i\u00e7inde bir\u00e7ok ara\u00e7tan destek al\u0131rlar. Bunlar aras\u0131nda, basit aletlerin yan\u0131 s\u0131ra, CMM\u2019ler gibi \u00f6zel test makineleri de bulunur. Elektrikli cihazlar\u0131 test eden kalite kontrol elemanlar\u0131, s\u0131ras\u0131yla potansiyel fark\u0131, ak\u0131m ak\u0131\u015f\u0131 ve direnci test etmek i\u00e7in voltmetreler, ampermetreler ve ohm metreler kullanabilir.[\/vc_column_text][\/vc_column][\/vc_row][vc_row padding_top_multiplier=&#8221;&#8221; padding_bottom_multiplier=&#8221;&#8221; margin_bottom=&#8221;40&#8243;][vc_column][vc_column_text]Kalite kontrol \u00e7al\u0131\u015fanlar\u0131 yap\u0131lan testler sonucunda rapor haz\u0131rlamakla m\u00fckelleftir. Kalite kontrol sorumlular\u0131 kusurlu \u00fcr\u00fcnlerde amirleri bilgilendirir ve \u00fcretim problemlerinin analiz edilmesine ve d\u00fczeltilmesine yard\u0131mc\u0131 olur. Baz\u0131 firmalar, bu s\u00fcre\u00e7leri bir insan kontrol\u00fcn\u00fcn yan\u0131 s\u0131ra b\u00fcy\u00fck\u00a0 kontrol makinelerinden destek alarak otomatikle\u015ftirmi\u015ftir. Bu firmalardaki kalite kontrol elemanlar\u0131 ekipman\u0131 izler, \u00e7\u0131kt\u0131lar\u0131 g\u00f6zden ge\u00e7irir ve rastgele \u00fcr\u00fcn kontrolleri yapar.<\/p>\n<h2>Kalkanc\u0131 Master \/ G\u00f6z Kontrol<\/h2>\n<p>Mastar \/ G\u00f6z Kontrol y\u00f6ntemi, en eski ama bir o kadar da h\u0131zl\u0131 ve ucuz olan bir metottur. Kalkanc\u0131 olarak teknoloji destekli t\u00fcm kontrollerden ge\u00e7irdi\u011fimiz \u00fcr\u00fcnlerimiz, eri\u015fimi olmayan yerlerin kontrol\u00fcn\u00fc sa\u011flamak ve bunu tahribat yaratmadan yapabilmek ad\u0131na son olarak Mastar \/ G\u00f6z Kontrollerinden ge\u00e7irilir.[\/vc_column_text][\/vc_column][\/vc_row]<\/p>\n<\/div>","protected":false},"excerpt":{"rendered":"<p>[vc_row padding_top_multiplier=&#8221;&#8221; padding_bottom_multiplier=&#8221;&#8221; margin_bottom=&#8221;40&#8243;][vc_column width=&#8221;1\/2&#8243;][vc_column_text css=&#8221;.vc_custom_1617536453070{margin-top: 10px !important;}&#8221;][\/vc_column_text][\/vc_column][vc_column width=&#8221;1\/2&#8243;][vc_column_text]Kalite Standartlar\u0131 dahilinde \u00fcr\u00fcn \u00fcretmeye \u00e7al\u0131\u015fan t\u00fcm firmalar\u0131n \u00fcretimin her evresinde ger\u00e7ekle\u015ftirmesi gereken belirli prosed\u00fcrler vard\u0131r. Mastar \/ G\u00f6z Kontrol\u00fc de bunlardan biridir. G\u00f6zle Muayene Testi \u00dcretim s\u00fcreci sonunda ortaya \u00e7\u0131kan \u00fcr\u00fcnlerin en eski ve klasik kontrol y\u00f6ntemlerinden biri olan G\u00f6zle Muayene, \u00fcr\u00fcn\u00fcn direkt g\u00f6zle ya da [&hellip;]<\/p>\n","protected":false},"author":1,"featured_media":0,"parent":369,"menu_order":0,"comment_status":"closed","ping_status":"closed","template":"","meta":{"_seopress_robots_primary_cat":"","_seopress_titles_title":"Mastar \/ G\u00f6z Kontrol\u00fc | Kalkanc\u0131 Pres D\u00f6k\u00fcm ve Kal\u0131p","_seopress_titles_desc":"Eksiksiz bir Al\u00fcminyum D\u00f6k\u00fcm Kal\u0131p \u00fcretim s\u00fcreci i\u00e7in \u00fcr\u00fcnlerimizi son olarak Mastar \/ G\u00f6z Kontrollerinden ge\u00e7iriyoruz.","_seopress_robots_index":"","footnotes":""},"class_list":["post-503","page","type-page","status-publish","hentry"],"_links":{"self":[{"href":"https:\/\/kalkanci.com\/tr\/wp-json\/wp\/v2\/pages\/503","targetHints":{"allow":["GET"]}}],"collection":[{"href":"https:\/\/kalkanci.com\/tr\/wp-json\/wp\/v2\/pages"}],"about":[{"href":"https:\/\/kalkanci.com\/tr\/wp-json\/wp\/v2\/types\/page"}],"author":[{"embeddable":true,"href":"https:\/\/kalkanci.com\/tr\/wp-json\/wp\/v2\/users\/1"}],"replies":[{"embeddable":true,"href":"https:\/\/kalkanci.com\/tr\/wp-json\/wp\/v2\/comments?post=503"}],"version-history":[{"count":0,"href":"https:\/\/kalkanci.com\/tr\/wp-json\/wp\/v2\/pages\/503\/revisions"}],"up":[{"embeddable":true,"href":"https:\/\/kalkanci.com\/tr\/wp-json\/wp\/v2\/pages\/369"}],"wp:attachment":[{"href":"https:\/\/kalkanci.com\/tr\/wp-json\/wp\/v2\/media?parent=503"}],"curies":[{"name":"wp","href":"https:\/\/api.w.org\/{rel}","templated":true}]}}