{"id":521,"date":"2021-04-04T15:09:12","date_gmt":"2021-04-04T12:09:12","guid":{"rendered":"http:\/\/kreabazsunum.com\/kalkanci\/?page_id=521"},"modified":"2021-12-24T15:59:05","modified_gmt":"2021-12-24T12:59:05","slug":"yetenekler","status":"publish","type":"page","link":"https:\/\/kalkanci.com\/tr\/yetenekler\/","title":{"rendered":"Yetenekler"},"content":{"rendered":"<div class=\"wpb-content-wrapper\"><p>[vc_row bg_type=&#8221;color&#8221; bg_color=&#8221;#f7f7f7&#8243;][vc_column]<div class=\"eut-empty-space eut-height-3x\" style=\"\"><\/div><h1 class=\"eut-element eut-title eut-align-center eut-h1\" style=\"\"><span>Yetenekler<\/span><\/h1>[\/vc_column][\/vc_row][vc_row bg_type=&#8221;color&#8221; bg_color=&#8221;#f0f0f0&#8243;][vc_column]<div class=\"eut-empty-space eut-height-1x\" style=\"\"><\/div><video class=\"eut-element eut-embed-video\"  controls loop=\"loop\" autoplay=\"autoplay\"><source src=\"https:\/\/kalkanci.com\/wp-content\/uploads\/2021\/04\/Kalkanci-Yetenekler.mp4\" type=\"video\/mp4\"><\/video><div class=\"eut-empty-space eut-height-1x\" style=\"\"><\/div>[vc_row_inner][vc_column_inner width=&#8221;1\/4&#8243;]<div class=\"eut-element eut-box eut-align-center\" style=\"\"><a href=\"https:\/\/kalkanci.com\/tr\/yetenekler\/ar-ge-ve-proje-gelistirme\/\" title=\"Ar-Ge ve Proje Geli\u015ftirme\"><figure class=\"eut-image-hover eut-zoom-none\">\t<div class=\"eut-media\">\t\t<div class=\"eut-bg-light eut-hover-overlay eut-opacity-20\"><\/div><img loading=\"lazy\" decoding=\"async\" width=\"1200\" height=\"1200\" src=\"https:\/\/kalkanci.com\/wp-content\/uploads\/2021\/04\/Ar-Ge-ve-Proje-Gelistirme-03.jpg\" class=\"attachment-full size-full\" alt=\"Arge ve Proje\" srcset=\"https:\/\/kalkanci.com\/wp-content\/uploads\/2021\/04\/Ar-Ge-ve-Proje-Gelistirme-03.jpg 1200w, https:\/\/kalkanci.com\/wp-content\/uploads\/2021\/04\/Ar-Ge-ve-Proje-Gelistirme-03-300x300.jpg 300w, https:\/\/kalkanci.com\/wp-content\/uploads\/2021\/04\/Ar-Ge-ve-Proje-Gelistirme-03-1024x1024.jpg 1024w, https:\/\/kalkanci.com\/wp-content\/uploads\/2021\/04\/Ar-Ge-ve-Proje-Gelistirme-03-150x150.jpg 150w, https:\/\/kalkanci.com\/wp-content\/uploads\/2021\/04\/Ar-Ge-ve-Proje-Gelistirme-03-768x768.jpg 768w, https:\/\/kalkanci.com\/wp-content\/uploads\/2021\/04\/Ar-Ge-ve-Proje-Gelistirme-03-560x560.jpg 560w, https:\/\/kalkanci.com\/wp-content\/uploads\/2021\/04\/Ar-Ge-ve-Proje-Gelistirme-03-900x900.jpg 900w\" sizes=\"auto, (max-width: 1200px) 100vw, 1200px\" \/>\t<\/div><\/figure><\/a>  <div class=\"eut-box-content\"><a href=\"https:\/\/kalkanci.com\/tr\/yetenekler\/ar-ge-ve-proje-gelistirme\/\" title=\"Ar-Ge ve Proje Geli\u015ftirme\"><h3 class=\"eut-box-title eut-h3\">Arge ve Proje<\/h3>    <\/a>    <p><\/p>  <\/div><\/div>[\/vc_column_inner][vc_column_inner width=&#8221;1\/4&#8243;]<div class=\"eut-element eut-box eut-align-center\" style=\"\"><a href=\"https:\/\/kalkanci.com\/tr\/yetenekler\/aluminyum-kaliphane\/\" title=\"Kal\u0131phane\"><figure class=\"eut-image-hover eut-zoom-none\">\t<div class=\"eut-media\">\t\t<div class=\"eut-bg-light eut-hover-overlay eut-opacity-20\"><\/div><img loading=\"lazy\" decoding=\"async\" width=\"1200\" height=\"1200\" src=\"https:\/\/kalkanci.com\/wp-content\/uploads\/2021\/04\/Kaliphane-07.jpg\" class=\"attachment-full size-full\" alt=\"Kal\u0131phane\" srcset=\"https:\/\/kalkanci.com\/wp-content\/uploads\/2021\/04\/Kaliphane-07.jpg 1200w, https:\/\/kalkanci.com\/wp-content\/uploads\/2021\/04\/Kaliphane-07-300x300.jpg 300w, https:\/\/kalkanci.com\/wp-content\/uploads\/2021\/04\/Kaliphane-07-1024x1024.jpg 1024w, https:\/\/kalkanci.com\/wp-content\/uploads\/2021\/04\/Kaliphane-07-150x150.jpg 150w, https:\/\/kalkanci.com\/wp-content\/uploads\/2021\/04\/Kaliphane-07-768x768.jpg 768w, https:\/\/kalkanci.com\/wp-content\/uploads\/2021\/04\/Kaliphane-07-560x560.jpg 560w, https:\/\/kalkanci.com\/wp-content\/uploads\/2021\/04\/Kaliphane-07-900x900.jpg 900w\" sizes=\"auto, (max-width: 1200px) 100vw, 1200px\" \/>\t<\/div><\/figure><\/a>  <div class=\"eut-box-content\"><a href=\"https:\/\/kalkanci.com\/tr\/yetenekler\/aluminyum-kaliphane\/\" title=\"Kal\u0131phane\"><h3 class=\"eut-box-title eut-h3\">Kal\u0131phane<\/h3>    <\/a>    <p><\/p>  <\/div><\/div>[\/vc_column_inner][vc_column_inner width=&#8221;1\/4&#8243;]<div class=\"eut-element eut-box eut-align-center\" style=\"margin-bottom: 1px;\"><a href=\"https:\/\/kalkanci.com\/tr\/yetenekler\/aluminyum-malzeme\/\" title=\"Malzeme\"><figure class=\"eut-image-hover eut-zoom-none\">\t<div class=\"eut-media\">\t\t<div class=\"eut-bg-light eut-hover-overlay eut-opacity-20\"><\/div><img loading=\"lazy\" decoding=\"async\" width=\"1200\" height=\"1200\" src=\"https:\/\/kalkanci.com\/wp-content\/uploads\/2021\/04\/Malzeme-03.jpg\" class=\"attachment-full size-full\" alt=\"Malzeme\" srcset=\"https:\/\/kalkanci.com\/wp-content\/uploads\/2021\/04\/Malzeme-03.jpg 1200w, https:\/\/kalkanci.com\/wp-content\/uploads\/2021\/04\/Malzeme-03-300x300.jpg 300w, https:\/\/kalkanci.com\/wp-content\/uploads\/2021\/04\/Malzeme-03-1024x1024.jpg 1024w, https:\/\/kalkanci.com\/wp-content\/uploads\/2021\/04\/Malzeme-03-150x150.jpg 150w, https:\/\/kalkanci.com\/wp-content\/uploads\/2021\/04\/Malzeme-03-768x768.jpg 768w, https:\/\/kalkanci.com\/wp-content\/uploads\/2021\/04\/Malzeme-03-560x560.jpg 560w, https:\/\/kalkanci.com\/wp-content\/uploads\/2021\/04\/Malzeme-03-900x900.jpg 900w\" sizes=\"auto, (max-width: 1200px) 100vw, 1200px\" \/>\t<\/div><\/figure><\/a>  <div class=\"eut-box-content\"><a href=\"https:\/\/kalkanci.com\/tr\/yetenekler\/aluminyum-malzeme\/\" title=\"Malzeme\"><h3 class=\"eut-box-title eut-h3\">Malzeme<\/h3>    <\/a>    <p><\/p>  <\/div><\/div>[\/vc_column_inner][vc_column_inner width=&#8221;1\/4&#8243;]<div class=\"eut-element eut-box eut-align-center\" style=\"margin-bottom: 1px;\"><a href=\"https:\/\/kalkanci.com\/tr\/yetenekler\/aluminyum-ergitme\/\" title=\"Ergitme\"><figure class=\"eut-image-hover eut-zoom-none\">\t<div class=\"eut-media\">\t\t<div class=\"eut-bg-light eut-hover-overlay eut-opacity-20\"><\/div><img loading=\"lazy\" decoding=\"async\" width=\"1200\" height=\"1200\" src=\"https:\/\/kalkanci.com\/wp-content\/uploads\/2021\/04\/Ergitme-02.jpg\" class=\"attachment-full size-full\" alt=\"Ergitme\" srcset=\"https:\/\/kalkanci.com\/wp-content\/uploads\/2021\/04\/Ergitme-02.jpg 1200w, https:\/\/kalkanci.com\/wp-content\/uploads\/2021\/04\/Ergitme-02-300x300.jpg 300w, https:\/\/kalkanci.com\/wp-content\/uploads\/2021\/04\/Ergitme-02-1024x1024.jpg 1024w, https:\/\/kalkanci.com\/wp-content\/uploads\/2021\/04\/Ergitme-02-150x150.jpg 150w, https:\/\/kalkanci.com\/wp-content\/uploads\/2021\/04\/Ergitme-02-768x768.jpg 768w, https:\/\/kalkanci.com\/wp-content\/uploads\/2021\/04\/Ergitme-02-560x560.jpg 560w, https:\/\/kalkanci.com\/wp-content\/uploads\/2021\/04\/Ergitme-02-900x900.jpg 900w\" sizes=\"auto, (max-width: 1200px) 100vw, 1200px\" \/>\t<\/div><\/figure><\/a>  <div class=\"eut-box-content\"><a href=\"https:\/\/kalkanci.com\/tr\/yetenekler\/aluminyum-ergitme\/\" title=\"Ergitme\"><h3 class=\"eut-box-title eut-h3\">Ergitme<\/h3>    <\/a>    <p><\/p>  <\/div><\/div>[\/vc_column_inner][\/vc_row_inner]<div class=\"eut-empty-space eut-height-1x\" style=\"\"><\/div>[vc_row_inner][vc_column_inner width=&#8221;1\/4&#8243;]<div class=\"eut-element eut-box eut-align-center\" style=\"margin-bottom: 1px;\"><a href=\"https:\/\/kalkanci.com\/tr\/yetenekler\/aluminyum-dokum\/\" title=\"D\u00f6k\u00fcm ve D\u00f6k\u00fcmhane\"><figure class=\"eut-image-hover eut-zoom-none\">\t<div class=\"eut-media\">\t\t<div class=\"eut-bg-light eut-hover-overlay eut-opacity-20\"><\/div><img loading=\"lazy\" decoding=\"async\" width=\"1200\" height=\"1200\" src=\"https:\/\/kalkanci.com\/wp-content\/uploads\/2021\/04\/Dokum-Dokumhane-10.jpg\" class=\"attachment-full size-full\" alt=\"D\u00f6k\u00fcm ve D\u00f6k\u00fcmhane\" srcset=\"https:\/\/kalkanci.com\/wp-content\/uploads\/2021\/04\/Dokum-Dokumhane-10.jpg 1200w, https:\/\/kalkanci.com\/wp-content\/uploads\/2021\/04\/Dokum-Dokumhane-10-300x300.jpg 300w, https:\/\/kalkanci.com\/wp-content\/uploads\/2021\/04\/Dokum-Dokumhane-10-1024x1024.jpg 1024w, https:\/\/kalkanci.com\/wp-content\/uploads\/2021\/04\/Dokum-Dokumhane-10-150x150.jpg 150w, https:\/\/kalkanci.com\/wp-content\/uploads\/2021\/04\/Dokum-Dokumhane-10-768x768.jpg 768w, https:\/\/kalkanci.com\/wp-content\/uploads\/2021\/04\/Dokum-Dokumhane-10-560x560.jpg 560w, https:\/\/kalkanci.com\/wp-content\/uploads\/2021\/04\/Dokum-Dokumhane-10-900x900.jpg 900w\" sizes=\"auto, (max-width: 1200px) 100vw, 1200px\" \/>\t<\/div><\/figure><\/a>  <div class=\"eut-box-content\"><a href=\"https:\/\/kalkanci.com\/tr\/yetenekler\/aluminyum-dokum\/\" title=\"D\u00f6k\u00fcm ve D\u00f6k\u00fcmhane\"><h3 class=\"eut-box-title eut-h3\">D\u00f6k\u00fcm ve D\u00f6k\u00fcmhane<\/h3>    <\/a>    <p><\/p>  <\/div><\/div>[\/vc_column_inner][vc_column_inner width=&#8221;1\/4&#8243;]<div class=\"eut-element eut-box eut-align-center\" style=\"margin-bottom: 1px;\"><a href=\"https:\/\/kalkanci.com\/tr\/yetenekler\/aluminyum-cnc-isleme\/\" title=\"CNC \u0130\u015fleme\"><figure class=\"eut-image-hover eut-zoom-none\">\t<div class=\"eut-media\">\t\t<div class=\"eut-bg-light eut-hover-overlay eut-opacity-20\"><\/div><img loading=\"lazy\" decoding=\"async\" width=\"1200\" height=\"1200\" src=\"https:\/\/kalkanci.com\/wp-content\/uploads\/2021\/04\/CNC-Isleme-10.jpg\" class=\"attachment-full size-full\" alt=\"CNC \u0130\u015fleme\" srcset=\"https:\/\/kalkanci.com\/wp-content\/uploads\/2021\/04\/CNC-Isleme-10.jpg 1200w, https:\/\/kalkanci.com\/wp-content\/uploads\/2021\/04\/CNC-Isleme-10-300x300.jpg 300w, https:\/\/kalkanci.com\/wp-content\/uploads\/2021\/04\/CNC-Isleme-10-1024x1024.jpg 1024w, https:\/\/kalkanci.com\/wp-content\/uploads\/2021\/04\/CNC-Isleme-10-150x150.jpg 150w, https:\/\/kalkanci.com\/wp-content\/uploads\/2021\/04\/CNC-Isleme-10-768x768.jpg 768w, https:\/\/kalkanci.com\/wp-content\/uploads\/2021\/04\/CNC-Isleme-10-560x560.jpg 560w, https:\/\/kalkanci.com\/wp-content\/uploads\/2021\/04\/CNC-Isleme-10-900x900.jpg 900w\" sizes=\"auto, (max-width: 1200px) 100vw, 1200px\" \/>\t<\/div><\/figure><\/a>  <div class=\"eut-box-content\"><a href=\"https:\/\/kalkanci.com\/tr\/yetenekler\/aluminyum-cnc-isleme\/\" title=\"CNC \u0130\u015fleme\"><h3 class=\"eut-box-title eut-h3\">CNC \u0130\u015fleme<\/h3>    <\/a>    <p><\/p>  <\/div><\/div>[\/vc_column_inner][vc_column_inner width=&#8221;1\/4&#8243;]<div class=\"eut-element eut-box eut-align-center\" style=\"margin-bottom: 1px;\"><a href=\"https:\/\/kalkanci.com\/tr\/yetenekler\/aluminyum-isil-islem\/\" title=\"Is\u0131l \u0130\u015flem\"><figure class=\"eut-image-hover eut-zoom-none\">\t<div class=\"eut-media\">\t\t<div class=\"eut-bg-light eut-hover-overlay eut-opacity-20\"><\/div><img loading=\"lazy\" decoding=\"async\" width=\"1200\" height=\"1200\" src=\"https:\/\/kalkanci.com\/wp-content\/uploads\/2021\/04\/Isil-Islem-01.jpg\" class=\"attachment-full size-full\" alt=\"Is\u0131l \u0130\u015flem\" srcset=\"https:\/\/kalkanci.com\/wp-content\/uploads\/2021\/04\/Isil-Islem-01.jpg 1200w, https:\/\/kalkanci.com\/wp-content\/uploads\/2021\/04\/Isil-Islem-01-300x300.jpg 300w, https:\/\/kalkanci.com\/wp-content\/uploads\/2021\/04\/Isil-Islem-01-1024x1024.jpg 1024w, https:\/\/kalkanci.com\/wp-content\/uploads\/2021\/04\/Isil-Islem-01-150x150.jpg 150w, https:\/\/kalkanci.com\/wp-content\/uploads\/2021\/04\/Isil-Islem-01-768x768.jpg 768w, https:\/\/kalkanci.com\/wp-content\/uploads\/2021\/04\/Isil-Islem-01-560x560.jpg 560w, https:\/\/kalkanci.com\/wp-content\/uploads\/2021\/04\/Isil-Islem-01-900x900.jpg 900w\" sizes=\"auto, (max-width: 1200px) 100vw, 1200px\" \/>\t<\/div><\/figure><\/a>  <div class=\"eut-box-content\"><a href=\"https:\/\/kalkanci.com\/tr\/yetenekler\/aluminyum-isil-islem\/\" title=\"Is\u0131l \u0130\u015flem\"><h3 class=\"eut-box-title eut-h3\">Is\u0131l \u0130\u015flem<\/h3>    <\/a>    <p><\/p>  <\/div><\/div>[\/vc_column_inner][vc_column_inner width=&#8221;1\/4&#8243;]<div class=\"eut-element eut-box eut-align-center\" style=\"margin-bottom: 1px;\"><a href=\"https:\/\/kalkanci.com\/tr\/yetenekler\/diger-yuzey-islemleri\/\" title=\"Di\u011fer Y\u00fczey \u0130\u015flemleri\"><figure class=\"eut-image-hover eut-zoom-none\">\t<div class=\"eut-media\">\t\t<div class=\"eut-bg-light eut-hover-overlay eut-opacity-20\"><\/div><img loading=\"lazy\" decoding=\"async\" width=\"1200\" height=\"1200\" src=\"https:\/\/kalkanci.com\/wp-content\/uploads\/2021\/04\/Diger-Yuzey-Islemleri-04.jpg\" class=\"attachment-full size-full\" alt=\"Diger Yuzey Islemleri\" srcset=\"https:\/\/kalkanci.com\/wp-content\/uploads\/2021\/04\/Diger-Yuzey-Islemleri-04.jpg 1200w, https:\/\/kalkanci.com\/wp-content\/uploads\/2021\/04\/Diger-Yuzey-Islemleri-04-300x300.jpg 300w, https:\/\/kalkanci.com\/wp-content\/uploads\/2021\/04\/Diger-Yuzey-Islemleri-04-1024x1024.jpg 1024w, https:\/\/kalkanci.com\/wp-content\/uploads\/2021\/04\/Diger-Yuzey-Islemleri-04-150x150.jpg 150w, https:\/\/kalkanci.com\/wp-content\/uploads\/2021\/04\/Diger-Yuzey-Islemleri-04-768x768.jpg 768w, https:\/\/kalkanci.com\/wp-content\/uploads\/2021\/04\/Diger-Yuzey-Islemleri-04-560x560.jpg 560w, https:\/\/kalkanci.com\/wp-content\/uploads\/2021\/04\/Diger-Yuzey-Islemleri-04-900x900.jpg 900w\" sizes=\"auto, (max-width: 1200px) 100vw, 1200px\" \/>\t<\/div><\/figure><\/a>  <div class=\"eut-box-content\"><a href=\"https:\/\/kalkanci.com\/tr\/yetenekler\/diger-yuzey-islemleri\/\" title=\"Di\u011fer Y\u00fczey \u0130\u015flemleri\"><h3 class=\"eut-box-title eut-h3\">Di\u011fer Y\u00fczey i\u015flemleri<\/h3>    <\/a>    <p><\/p>  <\/div><\/div>[\/vc_column_inner][\/vc_row_inner]<div class=\"eut-empty-space eut-height-1x\" style=\"\"><\/div>[\/vc_column][\/vc_row]<\/p>\n<\/div>","protected":false},"excerpt":{"rendered":"<p>[vc_row bg_type=&#8221;color&#8221; bg_color=&#8221;#f7f7f7&#8243;][vc_column][\/vc_column][\/vc_row][vc_row bg_type=&#8221;color&#8221; bg_color=&#8221;#f0f0f0&#8243;][vc_column][vc_row_inner][vc_column_inner width=&#8221;1\/4&#8243;][\/vc_column_inner][vc_column_inner width=&#8221;1\/4&#8243;][\/vc_column_inner][vc_column_inner width=&#8221;1\/4&#8243;][\/vc_column_inner][vc_column_inner width=&#8221;1\/4&#8243;][\/vc_column_inner][\/vc_row_inner][vc_row_inner][vc_column_inner width=&#8221;1\/4&#8243;][\/vc_column_inner][vc_column_inner width=&#8221;1\/4&#8243;][\/vc_column_inner][vc_column_inner width=&#8221;1\/4&#8243;][\/vc_column_inner][vc_column_inner width=&#8221;1\/4&#8243;][\/vc_column_inner][\/vc_row_inner][\/vc_column][\/vc_row]<\/p>\n","protected":false},"author":1,"featured_media":0,"parent":0,"menu_order":0,"comment_status":"closed","ping_status":"closed","template":"","meta":{"_seopress_robots_primary_cat":"","_seopress_titles_title":"Yetenekler | Kalkanc\u0131 Pres D\u00f6k\u00fcm ve Kal\u0131p","_seopress_titles_desc":"\u00dcretim yeteneklerimiz kapsam\u0131nda Ar-GE ve Proje, Kal\u0131phane, Malzeme, Ergitme, D\u00f6k\u00fcm, CNC \u0130\u015fleme, Is\u0131l \u0130\u015flem ve Di\u011fer Y\u00fczey \u0130\u015flemlerini uygulamaktay\u0131z.","_seopress_robots_index":"","footnotes":""},"class_list":["post-521","page","type-page","status-publish","hentry"],"_links":{"self":[{"href":"https:\/\/kalkanci.com\/tr\/wp-json\/wp\/v2\/pages\/521","targetHints":{"allow":["GET"]}}],"collection":[{"href":"https:\/\/kalkanci.com\/tr\/wp-json\/wp\/v2\/pages"}],"about":[{"href":"https:\/\/kalkanci.com\/tr\/wp-json\/wp\/v2\/types\/page"}],"author":[{"embeddable":true,"href":"https:\/\/kalkanci.com\/tr\/wp-json\/wp\/v2\/users\/1"}],"replies":[{"embeddable":true,"href":"https:\/\/kalkanci.com\/tr\/wp-json\/wp\/v2\/comments?post=521"}],"version-history":[{"count":2,"href":"https:\/\/kalkanci.com\/tr\/wp-json\/wp\/v2\/pages\/521\/revisions"}],"predecessor-version":[{"id":2979,"href":"https:\/\/kalkanci.com\/tr\/wp-json\/wp\/v2\/pages\/521\/revisions\/2979"}],"wp:attachment":[{"href":"https:\/\/kalkanci.com\/tr\/wp-json\/wp\/v2\/media?parent=521"}],"curies":[{"name":"wp","href":"https:\/\/api.w.org\/{rel}","templated":true}]}}