{"id":526,"date":"2021-04-04T15:19:42","date_gmt":"2021-04-04T12:19:42","guid":{"rendered":"http:\/\/kreabazsunum.com\/kalkanci\/?page_id=526"},"modified":"2022-01-06T14:57:19","modified_gmt":"2022-01-06T11:57:19","slug":"aluminyum-kaliphane","status":"publish","type":"page","link":"https:\/\/kalkanci.com\/tr\/yetenekler\/aluminyum-kaliphane\/","title":{"rendered":"Al\u00fcminyum Kal\u0131phane"},"content":{"rendered":"<div class=\"wpb-content-wrapper\"><p>[vc_row padding_top_multiplier=&#8221;&#8221; padding_bottom_multiplier=&#8221;&#8221; margin_bottom=&#8221;40&#8243;][vc_column][vc_column_text]<\/p>\n<p style=\"text-align: justify;\">Al\u00fcminyum enjeksiyon d\u00f6k\u00fcm\u00fcn temeli ve en \u00f6nemli basama\u011f\u0131 kal\u0131pt\u0131r. Kalkanc\u0131 kendi b\u00fcnyesinde yer alan kal\u0131phanesiyle bu konuda T\u00fcrkiye\u2019nin en b\u00fcy\u00fck <a title=\"Al\u00fcminyum D\u00f6k\u00fcm \u00dcreticisi\" href=\"https:\/\/kalkanci.com\/tr\/aluminyum-dokum-ureticisi\/\">Al\u00fcminyum enjeksiyon kal\u0131p \u00fcreticilerinden biridir<\/a>. \u00dcretimde kar\u015f\u0131la\u015f\u0131labilecek t\u00fcm sorunlar\u0131n kal\u0131p dizayn\u0131 s\u0131ras\u0131nda sim\u00fcle edilerek gerekli \u00f6nlemlerin al\u0131nmas\u0131 ve buna g\u00f6re en uygun tasar\u0131m\u0131n se\u00e7ilmesi kal\u0131p yap\u0131m\u0131n\u0131n en \u00f6nemli a\u015famalar\u0131ndand\u0131r. Fire, geri d\u00f6n\u00fc\u015f\u00fcm ve \u00e7evrim zamanlar\u0131ndan ba\u015flayarak zaman\u0131nda teslimata kadar olan t\u00fcm bu s\u00fcre\u00e7leri etkileyen kal\u0131p \u00fcretim a\u015famas\u0131 KALKANCI\u2019n\u0131n en g\u00fc\u00e7l\u00fc oldu\u011fu alanlardan birisidir. Son teknoloji ve sistemlerle donat\u0131lm\u0131\u015f b\u00fcnyemizdeki Kal\u0131phanemiz ile siz de\u011ferli m\u00fc\u015fterilerimizin her t\u00fcrl\u00fc ihtiyac\u0131na yan\u0131t verebilmekteyiz.<\/p>\n<p>[\/vc_column_text][\/vc_column][\/vc_row][vc_row padding_top_multiplier=&#8221;&#8221; padding_bottom_multiplier=&#8221;&#8221; margin_bottom=&#8221;40&#8243;][vc_column width=&#8221;1\/2&#8243;][vc_column_text]<\/p>\n<p style=\"text-align: justify;\"><strong>D\u00f6k\u00fcm ve Trim kal\u0131plar\u0131n\u0131n<\/strong> imalat\u0131 ba\u015fta olmak \u00fczere \u00fcretim ve kalite s\u00fcre\u00e7lerinde kullan\u0131lan t\u00fcm fikst\u00fcr, mastar ve di\u011fer yard\u0131mc\u0131 malzemelerin yap\u0131m\u0131 da KALKANCI\u2019n\u0131n kendi tesislerinde ger\u00e7ekle\u015fmektedir. Bunun da firmam\u0131za getirdi\u011fi avantajla en y\u00fcksek kalitedeki \u00fcr\u00fcnleri m\u00fc\u015fterilerimize rekabet\u00e7i bir fiyatla sunabilmekteyiz.<\/p>\n<p style=\"text-align: justify;\">Ayr\u0131ca b\u00fcnyemizde yer alan Kal\u0131phane kontrol s\u00fcrecinin daha ilk basamaktan yap\u0131labilmesi ve vakit kaybetmeden, an\u0131nda m\u00fcdahale edebilme avantajlar\u0131n\u0131 da beraberinde getirmektedir. Kendi kal\u0131phanesi olan bir firma olarak \u00fcretim s\u00fcrecindeki firenin azalmas\u0131n\u0131 sa\u011flayabilmekteyiz. Azalan kal\u0131plama, i\u015f\u00e7ilik ve bitmi\u015f \u00fcr\u00fcn maliyetleri sayesinde m\u00fc\u015fterilerimize \u00e7ok daha uygun fiyat verebilme ayr\u0131cal\u0131\u011f\u0131n\u0131 elde etmekteyiz.<\/p>\n<p>[\/vc_column_text][\/vc_column][vc_column width=&#8221;1\/2&#8243;][vc_column_text]<\/p>\n<h2>Kal\u0131p \u00dcretimi ve Kal\u0131phane<\/h2>\n<p style=\"text-align: justify;\">Kendi Kal\u0131phanemize sahip olman\u0131n bir di\u011fer avantaj\u0131 da \u00fcr\u00fcn \u00e7e\u015fitlili\u011fimize yans\u0131maktad\u0131r. \u00dcretim s\u00fcrecinde otomasyon ile beraber \u00e7al\u0131\u015fan kal\u0131phane sayesinde ayr\u0131cal\u0131k elde etmekteyiz. Tabi bu ayr\u0131cal\u0131\u011f\u0131 da m\u00fc\u015fterilerimize \u00fcr\u00fcn \u00e7e\u015fitlili\u011fi ve fiyat konusunda yans\u0131tabilmekteyiz. Tasar\u0131m a\u015famas\u0131nda kal\u0131planabilirlik, a\u011f\u0131rl\u0131k azalt\u0131m\u0131 ve daha \u00fcst\u00fcn mekanik \u00f6zellikler i\u00e7in m\u00fc\u015fterilerimizle ortakla\u015fa \u00e7al\u0131\u015fmaktay\u0131z. Tasar\u0131m ekibimizden ba\u015flayarak kal\u0131phane b\u00f6l\u00fcm\u00fcm\u00fcz proje ba\u015flang\u0131\u00e7 a\u015famas\u0131nda sadece bir tedarik\u00e7i olman\u0131n d\u0131\u015f\u0131nda m\u00fc\u015fterilerimizle stratejik ortakl\u0131klar kurmaktad\u0131r. T\u00fcm bu s\u00fcre\u00e7 i\u00e7erisinde m\u00fc\u015fterilerimizi do\u011fru \u015fekilde bilgilendirerek, y\u00f6nlendirebilmemiz de m\u00fc\u015fterilerimizle olan g\u00fcvene dayal\u0131 ileti\u015fimimizi art\u0131rmaktad\u0131r.<\/p>\n<p>[\/vc_column_text][\/vc_column][\/vc_row][vc_row padding_top_multiplier=&#8221;&#8221; padding_bottom_multiplier=&#8221;&#8221; margin_bottom=&#8221;40&#8243;][vc_column]<div class=\"eut-element eut-gallery eut-isotope eut-gallery-popup eut-with-gap\" style=\"\" data-columns=\"4\" data-columns-large-screen=\"4\" data-columns-tablet-landscape=\"4\" data-columns-tablet-portrait=\"4\" data-columns-mobile=\"2\" data-layout=\"fitRows\" data-gutter-size=\"20\">  <div class=\"eut-isotope-container\"><div class=\"eut-isotope-item eut-hover-item eut-hover-style-none\"><div class=\"eut-isotope-item-inner eut-zoom-in\">  <figure class=\"eut-image-hover\">    <a class=\"eut-item-url\" href=\"https:\/\/kalkanci.com\/wp-content\/uploads\/2021\/04\/Kaliphane-06.jpg\" ><\/a>    <div class=\"eut-hover-overlay eut-bg-blue eut-opacity-30\"><\/div><div class=\"eut-media\"><img loading=\"lazy\" decoding=\"async\" width=\"560\" height=\"560\" src=\"https:\/\/kalkanci.com\/wp-content\/uploads\/2021\/04\/Kaliphane-06-560x560.jpg\" class=\"attachment-fildisi-eutf-small-square size-fildisi-eutf-small-square\" alt=\"Kal\u0131phane\" srcset=\"https:\/\/kalkanci.com\/wp-content\/uploads\/2021\/04\/Kaliphane-06-560x560.jpg 560w, https:\/\/kalkanci.com\/wp-content\/uploads\/2021\/04\/Kaliphane-06-300x300.jpg 300w, https:\/\/kalkanci.com\/wp-content\/uploads\/2021\/04\/Kaliphane-06-1024x1024.jpg 1024w, https:\/\/kalkanci.com\/wp-content\/uploads\/2021\/04\/Kaliphane-06-150x150.jpg 150w, https:\/\/kalkanci.com\/wp-content\/uploads\/2021\/04\/Kaliphane-06-768x768.jpg 768w, https:\/\/kalkanci.com\/wp-content\/uploads\/2021\/04\/Kaliphane-06-900x900.jpg 900w, https:\/\/kalkanci.com\/wp-content\/uploads\/2021\/04\/Kaliphane-06.jpg 1200w\" sizes=\"auto, (max-width: 560px) 100vw, 560px\" \/><\/div>  <\/figure><\/div><\/div><div class=\"eut-isotope-item eut-hover-item eut-hover-style-none\"><div class=\"eut-isotope-item-inner eut-zoom-in\">  <figure class=\"eut-image-hover\">    <a class=\"eut-item-url\" href=\"https:\/\/kalkanci.com\/wp-content\/uploads\/2021\/04\/Kaliphane-05.jpg\" ><\/a>    <div class=\"eut-hover-overlay eut-bg-blue eut-opacity-30\"><\/div><div class=\"eut-media\"><img loading=\"lazy\" decoding=\"async\" width=\"560\" height=\"560\" src=\"https:\/\/kalkanci.com\/wp-content\/uploads\/2021\/04\/Kaliphane-05-560x560.jpg\" class=\"attachment-fildisi-eutf-small-square size-fildisi-eutf-small-square\" alt=\"Kal\u0131phane\" srcset=\"https:\/\/kalkanci.com\/wp-content\/uploads\/2021\/04\/Kaliphane-05-560x560.jpg 560w, https:\/\/kalkanci.com\/wp-content\/uploads\/2021\/04\/Kaliphane-05-300x300.jpg 300w, https:\/\/kalkanci.com\/wp-content\/uploads\/2021\/04\/Kaliphane-05-1024x1024.jpg 1024w, https:\/\/kalkanci.com\/wp-content\/uploads\/2021\/04\/Kaliphane-05-150x150.jpg 150w, https:\/\/kalkanci.com\/wp-content\/uploads\/2021\/04\/Kaliphane-05-768x768.jpg 768w, https:\/\/kalkanci.com\/wp-content\/uploads\/2021\/04\/Kaliphane-05-900x900.jpg 900w, https:\/\/kalkanci.com\/wp-content\/uploads\/2021\/04\/Kaliphane-05.jpg 1200w\" sizes=\"auto, (max-width: 560px) 100vw, 560px\" \/><\/div>  <\/figure><\/div><\/div><div class=\"eut-isotope-item eut-hover-item eut-hover-style-none\"><div class=\"eut-isotope-item-inner eut-zoom-in\">  <figure class=\"eut-image-hover\">    <a class=\"eut-item-url\" href=\"https:\/\/kalkanci.com\/wp-content\/uploads\/2021\/04\/Kaliphane-04.jpg\" ><\/a>    <div class=\"eut-hover-overlay eut-bg-blue eut-opacity-30\"><\/div><div class=\"eut-media\"><img loading=\"lazy\" decoding=\"async\" width=\"560\" height=\"560\" src=\"https:\/\/kalkanci.com\/wp-content\/uploads\/2021\/04\/Kaliphane-04-560x560.jpg\" class=\"attachment-fildisi-eutf-small-square size-fildisi-eutf-small-square\" alt=\"Kal\u0131phane\" srcset=\"https:\/\/kalkanci.com\/wp-content\/uploads\/2021\/04\/Kaliphane-04-560x560.jpg 560w, https:\/\/kalkanci.com\/wp-content\/uploads\/2021\/04\/Kaliphane-04-300x300.jpg 300w, https:\/\/kalkanci.com\/wp-content\/uploads\/2021\/04\/Kaliphane-04-1024x1024.jpg 1024w, https:\/\/kalkanci.com\/wp-content\/uploads\/2021\/04\/Kaliphane-04-150x150.jpg 150w, https:\/\/kalkanci.com\/wp-content\/uploads\/2021\/04\/Kaliphane-04-768x768.jpg 768w, https:\/\/kalkanci.com\/wp-content\/uploads\/2021\/04\/Kaliphane-04-900x900.jpg 900w, https:\/\/kalkanci.com\/wp-content\/uploads\/2021\/04\/Kaliphane-04.jpg 1200w\" sizes=\"auto, (max-width: 560px) 100vw, 560px\" \/><\/div>  <\/figure><\/div><\/div><div class=\"eut-isotope-item eut-hover-item eut-hover-style-none\"><div class=\"eut-isotope-item-inner eut-zoom-in\">  <figure class=\"eut-image-hover\">    <a class=\"eut-item-url\" href=\"https:\/\/kalkanci.com\/wp-content\/uploads\/2021\/04\/Kaliphane-03.jpg\" ><\/a>    <div class=\"eut-hover-overlay eut-bg-blue eut-opacity-30\"><\/div><div class=\"eut-media\"><img loading=\"lazy\" decoding=\"async\" width=\"560\" height=\"560\" src=\"https:\/\/kalkanci.com\/wp-content\/uploads\/2021\/04\/Kaliphane-03-560x560.jpg\" class=\"attachment-fildisi-eutf-small-square size-fildisi-eutf-small-square\" alt=\"Kal\u0131phane\" srcset=\"https:\/\/kalkanci.com\/wp-content\/uploads\/2021\/04\/Kaliphane-03-560x560.jpg 560w, https:\/\/kalkanci.com\/wp-content\/uploads\/2021\/04\/Kaliphane-03-300x300.jpg 300w, https:\/\/kalkanci.com\/wp-content\/uploads\/2021\/04\/Kaliphane-03-1024x1024.jpg 1024w, https:\/\/kalkanci.com\/wp-content\/uploads\/2021\/04\/Kaliphane-03-150x150.jpg 150w, https:\/\/kalkanci.com\/wp-content\/uploads\/2021\/04\/Kaliphane-03-768x768.jpg 768w, https:\/\/kalkanci.com\/wp-content\/uploads\/2021\/04\/Kaliphane-03-900x900.jpg 900w, https:\/\/kalkanci.com\/wp-content\/uploads\/2021\/04\/Kaliphane-03.jpg 1200w\" sizes=\"auto, (max-width: 560px) 100vw, 560px\" \/><\/div>  <\/figure><\/div><\/div>  <\/div><\/div>[\/vc_column][\/vc_row][vc_row padding_top_multiplier=&#8221;&#8221; padding_bottom_multiplier=&#8221;&#8221; margin_bottom=&#8221;40&#8243;][vc_column width=&#8221;1\/2&#8243;][vc_column_text]<\/p>\n<h3>Kalkanc\u0131 Kal\u0131phane<\/h3>\n<p style=\"text-align: justify;\"><strong>KALKANCI<\/strong> olarak b\u00fcnyemizde sadece yeni kal\u0131p \u00fcretimleri yapmakla kalm\u0131yoruz, ayn\u0131 zamanda bak\u0131m, onar\u0131m ve gerekli d\u00f6k\u00fcm optimizasyonlar\u0131n\u0131 da ger\u00e7ekle\u015ftirebilmekteyiz. B\u00f6ylelikle hem m\u00fc\u015fterilerimizle uzun soluklu bir i\u015f ortakl\u0131\u011f\u0131 kurarak \u00fcr\u00fcn tedarik ettikten sonra da onlara yard\u0131mc\u0131 olabiliyor hem de elde etti\u011fimiz de\u011ferli istatistiklerle yeni \u00fcr\u00fcnlerin geli\u015fimine katk\u0131 sa\u011fl\u0131yoruz.<\/p>\n<p>[\/vc_column_text][vc_column_text]<\/p>\n<p style=\"text-align: justify;\">T\u00fcm bunlara ek olarak firma b\u00fcnyemizde kal\u0131plar\u0131n organize edilmesi ve g\u00fcvenli \u015fekilde saklanabilmesi ad\u0131na kal\u0131p depolama alan\u0131 bulunmaktad\u0131r. \u00dcretti\u011fimiz her \u00fcr\u00fcn\u00fcn de\u011ferini korumas\u0131 ve g\u00fcvenle saklanabilmesinin \u00f6nemini biliyoruz. \u0130\u015fte t\u00fcm do\u011frultusunda KALKANCI olarak m\u00fc\u015fterilerimize \u015fu hizmetleri sunmaktay\u0131z;<\/p>\n<ul>\n<li>Y\u00fcksek Bas\u0131n\u00e7l\u0131 D\u00f6k\u00fcm Kal\u0131plar\u0131<\/li>\n<li>Trim Kal\u0131plar\u0131<\/li>\n<li>CNC \u0130\u015fleme Fikst\u00fcrleri<\/li>\n<li>Mastarlar<\/li>\n<li>Test Aparatlar\u0131 ve di\u011fer t\u00fcm yard\u0131mc\u0131 ekipmanlar<\/li>\n<\/ul>\n<p>[\/vc_column_text][\/vc_column][vc_column width=&#8221;1\/2&#8243;][vc_column_text]<img loading=\"lazy\" decoding=\"async\" class=\"aligncenter size-large wp-image-545\" src=\"https:\/\/kalkanci.com\/wp-content\/uploads\/2021\/04\/Kaliphane-02-1024x1024.jpg\" alt=\"Kal\u0131phane\" width=\"1024\" height=\"1024\" srcset=\"https:\/\/kalkanci.com\/wp-content\/uploads\/2021\/04\/Kaliphane-02-1024x1024.jpg 1024w, https:\/\/kalkanci.com\/wp-content\/uploads\/2021\/04\/Kaliphane-02-300x300.jpg 300w, https:\/\/kalkanci.com\/wp-content\/uploads\/2021\/04\/Kaliphane-02-150x150.jpg 150w, https:\/\/kalkanci.com\/wp-content\/uploads\/2021\/04\/Kaliphane-02-768x768.jpg 768w, https:\/\/kalkanci.com\/wp-content\/uploads\/2021\/04\/Kaliphane-02-560x560.jpg 560w, https:\/\/kalkanci.com\/wp-content\/uploads\/2021\/04\/Kaliphane-02-900x900.jpg 900w, https:\/\/kalkanci.com\/wp-content\/uploads\/2021\/04\/Kaliphane-02.jpg 1200w\" sizes=\"auto, (max-width: 1024px) 100vw, 1024px\" \/>[\/vc_column_text][\/vc_column][\/vc_row][vc_row padding_top_multiplier=&#8221;&#8221;][vc_column][vc_column_text]<\/p>\n<p style=\"text-align: justify;\">KALKANCI, 1981\u2019den bu yana T\u00fcrkiye\u2019nin en k\u00f6kl\u00fc kal\u0131phanelerinden birine sahiptir. \u00c7elik malzeme olarak sto\u011fa giren hammadde, mevcut makine parkuru, teknik bilgi ve kalifiye personel ile iddial\u0131 bir \u00fcretim s\u00fcreci ile kal\u0131ba d\u00f6n\u00fc\u015fmektedir. Siz de\u011ferli m\u00fc\u015fterilerimize daha kaliteli hizmet sa\u011flamak ve \u00f6nc\u00fc firma profilimizi korumak ad\u0131na bu alandaki yat\u0131r\u0131mlar\u0131m\u0131za aral\u0131ks\u0131z devam etmekteyiz.<\/p>\n<p>[\/vc_column_text][\/vc_column][\/vc_row]<\/p>\n<\/div>","protected":false},"excerpt":{"rendered":"<p>[vc_row padding_top_multiplier=&#8221;&#8221; padding_bottom_multiplier=&#8221;&#8221; margin_bottom=&#8221;40&#8243;][vc_column][vc_column_text] Al\u00fcminyum enjeksiyon d\u00f6k\u00fcm\u00fcn temeli ve en \u00f6nemli basama\u011f\u0131 kal\u0131pt\u0131r. Kalkanc\u0131 kendi b\u00fcnyesinde yer alan kal\u0131phanesiyle bu konuda T\u00fcrkiye\u2019nin en b\u00fcy\u00fck Al\u00fcminyum enjeksiyon kal\u0131p \u00fcreticilerinden biridir. \u00dcretimde kar\u015f\u0131la\u015f\u0131labilecek t\u00fcm sorunlar\u0131n kal\u0131p dizayn\u0131 s\u0131ras\u0131nda sim\u00fcle edilerek gerekli \u00f6nlemlerin al\u0131nmas\u0131 ve buna g\u00f6re en uygun tasar\u0131m\u0131n se\u00e7ilmesi kal\u0131p yap\u0131m\u0131n\u0131n en \u00f6nemli a\u015famalar\u0131ndand\u0131r. Fire, geri [&hellip;]<\/p>\n","protected":false},"author":1,"featured_media":0,"parent":521,"menu_order":0,"comment_status":"closed","ping_status":"closed","template":"","meta":{"_seopress_robots_primary_cat":"","_seopress_titles_title":"Al\u00fcminyum Kal\u0131phane | Kalkanc\u0131 Pres D\u00f6k\u00fcm ve Kal\u0131p","_seopress_titles_desc":"Al\u00fcminyum D\u00f6k\u00fcm Kal\u0131p \u00fcr\u00fcnleri konusunda farkl\u0131 sekt\u00f6rlere ve farkl\u0131 projelere profesyonel kal\u0131p hizmetleri sa\u011fl\u0131yoruz.","_seopress_robots_index":"","footnotes":""},"class_list":["post-526","page","type-page","status-publish","hentry"],"_links":{"self":[{"href":"https:\/\/kalkanci.com\/tr\/wp-json\/wp\/v2\/pages\/526","targetHints":{"allow":["GET"]}}],"collection":[{"href":"https:\/\/kalkanci.com\/tr\/wp-json\/wp\/v2\/pages"}],"about":[{"href":"https:\/\/kalkanci.com\/tr\/wp-json\/wp\/v2\/types\/page"}],"author":[{"embeddable":true,"href":"https:\/\/kalkanci.com\/tr\/wp-json\/wp\/v2\/users\/1"}],"replies":[{"embeddable":true,"href":"https:\/\/kalkanci.com\/tr\/wp-json\/wp\/v2\/comments?post=526"}],"version-history":[{"count":2,"href":"https:\/\/kalkanci.com\/tr\/wp-json\/wp\/v2\/pages\/526\/revisions"}],"predecessor-version":[{"id":3012,"href":"https:\/\/kalkanci.com\/tr\/wp-json\/wp\/v2\/pages\/526\/revisions\/3012"}],"up":[{"embeddable":true,"href":"https:\/\/kalkanci.com\/tr\/wp-json\/wp\/v2\/pages\/521"}],"wp:attachment":[{"href":"https:\/\/kalkanci.com\/tr\/wp-json\/wp\/v2\/media?parent=526"}],"curies":[{"name":"wp","href":"https:\/\/api.w.org\/{rel}","templated":true}]}}