{"id":542,"date":"2021-04-05T15:15:28","date_gmt":"2021-04-05T12:15:28","guid":{"rendered":"http:\/\/kreabazsunum.com\/kalkanci\/?page_id=542"},"modified":"2022-08-10T11:11:55","modified_gmt":"2022-08-10T08:11:55","slug":"ar-ge-ve-proje-gelistirme","status":"publish","type":"page","link":"https:\/\/kalkanci.com\/tr\/yetenekler\/ar-ge-ve-proje-gelistirme\/","title":{"rendered":"Ar-Ge ve Proje Geli\u015ftirme"},"content":{"rendered":"<div class=\"wpb-content-wrapper\"><p>[vc_row padding_top_multiplier=&#8221;&#8221; padding_bottom_multiplier=&#8221;&#8221; margin_bottom=&#8221;40&#8243;][vc_column][vc_column_text]<\/p>\n<p style=\"text-align: justify;\">2019 y\u0131l\u0131nda kurulan Tasar\u0131m Merkezimizde alan\u0131nda uzman 18 \u00e7al\u0131\u015fan\u0131m\u0131z bulunuyor. Tasar\u0131m Merkezimizle m\u00fc\u015fterilerimize; <strong>Dizayn<\/strong>, <strong>Magma Soft Sim\u00fclasyonu<\/strong>, <strong>Proje Planlamas\u0131<\/strong>, <strong>End\u00fcstriyel Ara\u015ft\u0131rma<\/strong>, <strong>Laboratuvar<\/strong> gibi bir\u00e7ok konuda profesyonel hizmet sunuyoruz. B\u00fcnyemizde bulunan <strong>Ar-Ge<\/strong> Merkezimizle hem teknolojik temelimizi g\u00fc\u00e7lendiriyor hem de \u00fcretim maliyetlerimizi d\u00fc\u015f\u00fcrerek m\u00fc\u015fterilerimize en kaliteliyi \u00e7ok uygun fiyatlara sunabilme ayr\u0131cal\u0131\u011f\u0131n\u0131 elde ediyoruz.<\/p>\n<p style=\"text-align: justify;\">\u00c7\u00fcnk\u00fc <strong>KALKANCI<\/strong> olarak biliyoruz ki teknoloji her ge\u00e7en g\u00fcn geli\u015fiyor ve bu geli\u015fim \u00fcretim olanaklar\u0131n\u0131 da de\u011fi\u015ftiriyor. \u0130\u015fte bu geli\u015fimde yer alarak katk\u0131 sa\u011flayabilmek ve daha m\u00fckemmeli daha k\u0131sa s\u00fcrede m\u00fc\u015fterilerimize ula\u015ft\u0131rabilmek i\u00e7in <strong>Ar-Ge<\/strong> \u00e7al\u0131\u015fmalar\u0131m\u0131za b\u00fcy\u00fck \u00f6nem veriyoruz. Bu ba\u011flamda m\u00fc\u015fterilerimize sundu\u011fumu hizmet ba\u015fl\u0131klar\u0131m\u0131z \u015fu \u015fekildedir;<\/p>\n<p>[\/vc_column_text][\/vc_column][\/vc_row][vc_row padding_top_multiplier=&#8221;&#8221; padding_bottom_multiplier=&#8221;&#8221; margin_bottom=&#8221;40&#8243;][vc_column width=&#8221;1\/2&#8243;][vc_column_text]<\/p>\n<h2><u>Dizayn ve Sim\u00fclasyon<\/u><\/h2>\n<p style=\"text-align: justify;\">Bu a\u015fama, par\u00e7a \u00fcretiminin en \u00f6nemli a\u015famalar\u0131ndan birini olu\u015fturur. M\u00fc\u015fteri gereksinimleri do\u011frultusunda maksimum performans ve dayan\u0131kl\u0131l\u0131\u011f\u0131 sa\u011flayacak kal\u0131plar bu a\u015famada tasarlan\u0131r ve sim\u00fcle edilir. Son s\u00fcr\u00fcm bilgisayar programlar\u0131yla \u00fcretilecek par\u00e7an\u0131n d\u00f6k\u00fcm prosesine ve m\u00fc\u015fteri taleplerine uygun modellemeleri olu\u015fturulur.<\/p>\n<p style=\"text-align: justify;\">Tasar\u0131m halindeki par\u00e7an\u0131n daha sonra ger\u00e7ekle\u015fecek \u00fcretim a\u015famalar\u0131nda kar\u015f\u0131la\u015fabilece\u011fi t\u00fcm durumlar kontrol edilir, en optimize olarak kal\u0131planabilirli\u011fe haz\u0131r hale getirilir.<\/p>\n<p>[\/vc_column_text][\/vc_column][vc_column width=&#8221;1\/2&#8243;][vc_column_text]<\/p>\n<p style=\"text-align: justify;\">\u00dcr\u00fcne uygun olarak kal\u0131p tasar\u0131m\u0131 haz\u0131r hale getirilir. Dizayn ve Sim\u00fclasyon s\u00fcrecinde izlenen a\u015famalar \u015fu \u015fekildedir;<\/p>\n<ul>\n<li>A\u011f\u0131rl\u0131k azaltmaya ve m\u00fc\u015fteri kalite gereksinimlerine odakl\u0131 ve kal\u0131plamaya tam uyumlu par\u00e7a tasar\u0131m\u0131<\/li>\n<li>\u00c7\u00f6z\u00fcm odakl\u0131l\u0131k ilkesiyle proses ve \u00fcr\u00fcnlerin performanslar\u0131n\u0131 iyile\u015ftirme<\/li>\n<li>D\u00f6k\u00fcm ve trim kal\u0131plar\u0131n\u0131n komple tasar\u0131mlar\u0131<\/li>\n<li>\u0130\u015fleme fikst\u00fcrleri ve di\u011fer t\u00fcm yard\u0131mc\u0131 ekipmanlar\u0131n\u0131n tasar\u0131m\u0131<\/li>\n<li>Modelleme ve 3D yazd\u0131rma<\/li>\n<li>Bas\u0131n\u00e7l\u0131 d\u00f6k\u00fcm kal\u0131p \u00fcretimi i\u00e7in proje y\u00f6netimi a\u015famalar\u0131<\/li>\n<\/ul>\n<p>[\/vc_column_text][\/vc_column][\/vc_row][vc_row padding_top_multiplier=&#8221;&#8221; padding_bottom_multiplier=&#8221;&#8221; margin_bottom=&#8221;40&#8243;][vc_column width=&#8221;1\/2&#8243;][vc_column_text]<\/p>\n<p style=\"text-align: justify;\">Bu a\u015famalar\u0131 ger\u00e7ekle\u015ftirmek ad\u0131na kulland\u0131\u011f\u0131m\u0131z programlar ise \u015funlard\u0131r; Tasar\u0131m Merkezimizdeki kal\u0131p tasar\u0131mlar\u0131; kullan\u0131m\u0131 kolay olan, b\u00fcy\u00fck ve karma\u015f\u0131k kat\u0131 model tasar\u0131mlar\u0131n\u0131 ger\u00e7ekle\u015ftirmeye imkan tan\u0131yan \u201c<strong>NX<\/strong>\u201d ve \u201c<strong>Solidworks<\/strong>\u201d yaz\u0131l\u0131m\u0131 ile yap\u0131lmaktad\u0131r. Analiz ve sim\u00fclasyon a\u015famas\u0131nda ba\u015far\u0131l\u0131 sonu\u00e7lar ve uyar\u0131lar sunan bu programlar, detayl\u0131 teknik modelleme, d\u00fc\u015f\u00fck hata olas\u0131l\u0131\u011f\u0131 ve performans konular\u0131nda b\u00fcy\u00fck kolayl\u0131k sa\u011flamaktad\u0131r.<\/p>\n<p style=\"text-align: justify;\">\u0130\u015fleme programlar\u0131 <strong>NX CAM<\/strong> ve <strong>Auton<\/strong> yaz\u0131l\u0131m\u0131 ile haz\u0131rlan\u0131r. Y\u00fcksek kaliteli par\u00e7a \u00fcretimi ve denetim-\u00fcretim ekipmanlar\u0131n\u0131n kullan\u0131m\u0131n\u0131 \u00fcst seviyeye \u00e7\u0131karan bu yaz\u0131l\u0131mlarla; par\u00e7a \u00fcretiminin kalitesi, do\u011fru ve eksiksiz olu\u015fu sa\u011flan\u0131r.<\/p>\n<p>[\/vc_column_text][\/vc_column][vc_column width=&#8221;1\/2&#8243;][vc_column_text]<img loading=\"lazy\" decoding=\"async\" class=\"aligncenter size-large wp-image-3227\" src=\"https:\/\/kalkanci.com\/wp-content\/uploads\/2022\/08\/Kalkanci-Building-1024x1024.jpg\" alt=\"Kalkanc\u0131\" width=\"1024\" height=\"1024\" srcset=\"https:\/\/kalkanci.com\/wp-content\/uploads\/2022\/08\/Kalkanci-Building-1024x1024.jpg 1024w, https:\/\/kalkanci.com\/wp-content\/uploads\/2022\/08\/Kalkanci-Building-300x300.jpg 300w, https:\/\/kalkanci.com\/wp-content\/uploads\/2022\/08\/Kalkanci-Building-150x150.jpg 150w, https:\/\/kalkanci.com\/wp-content\/uploads\/2022\/08\/Kalkanci-Building-768x768.jpg 768w, https:\/\/kalkanci.com\/wp-content\/uploads\/2022\/08\/Kalkanci-Building-560x560.jpg 560w, https:\/\/kalkanci.com\/wp-content\/uploads\/2022\/08\/Kalkanci-Building-900x900.jpg 900w, https:\/\/kalkanci.com\/wp-content\/uploads\/2022\/08\/Kalkanci-Building.jpg 1200w\" sizes=\"auto, (max-width: 1024px) 100vw, 1024px\" \/>[\/vc_column_text][\/vc_column][\/vc_row][vc_row padding_top_multiplier=&#8221;&#8221; padding_bottom_multiplier=&#8221;&#8221; margin_bottom=&#8221;40&#8243;][vc_column][vc_column_text]<strong>Magma-Soft<\/strong> sim\u00fclasyon program\u0131 kullan\u0131larak tasarlanan par\u00e7alarda performans iyile\u015ftirme ve verimlilik problemlerinin \u00e7\u00f6z\u00fcm\u00fc ile en uygun kal\u0131p tasar\u0131m\u0131 ve d\u00f6k\u00fcm parametrelerinin optimizasyonu i\u00e7in ileri m\u00fchendislik teknikleri kullan\u0131lmaktad\u0131r. Sim\u00fclasyon a\u015famas\u0131nda, d\u00f6k\u00fcm prosesi ger\u00e7ek ko\u015fullar g\u00f6z \u00f6n\u00fcnde bulundurularak muhtemelen olu\u015fabilecek porozite (d\u00f6k\u00fcm bo\u015flu\u011fu), \u00e7ekinti bo\u015fluklar\u0131, so\u011fuk birle\u015fme ve katmer olu\u015fturabilecek alanlar tespit edildikten sonra, yolluk sisteminin tasar\u0131mlar\u0131ndaki de\u011fi\u015fiklikler ile ayn\u0131 zamanda yolluk giri\u015f h\u0131z\u0131, piston vuru\u015f profili, 3. Faz h\u0131z\u0131 gibi bir\u00e7ok d\u00f6k\u00fcm parametresinin optimize edilmesiyle \u00fcretime en uygun hale getirilir.[\/vc_column_text][\/vc_column][\/vc_row][vc_row padding_top_multiplier=&#8221;&#8221; padding_bottom_multiplier=&#8221;&#8221; margin_bottom=&#8221;40&#8243;][vc_column width=&#8221;1\/2&#8243;][vc_column_text]<\/p>\n<h3><u>End\u00fcstriyel Ara\u015ft\u0131rma<\/u><\/h3>\n<p style=\"text-align: justify;\">T\u00fcm <strong>al\u00fcminyum bas\u0131n\u00e7l\u0131 d\u00f6k\u00fcm<\/strong> hizmetlerini tek \u00e7at\u0131 alt\u0131nda sa\u011flayan bir firma olarak, \u00fcr\u00fcn geli\u015ftirme ve \u00fcretme s\u00fcrecindeki en \u00f6nemli basamaklardan birinin de End\u00fcstriyel Ara\u015ft\u0131rma oldu\u011funu biliyoruz. Yeni \u00fcr\u00fcnleri olu\u015fturmak, bu \u00fcr\u00fcnlerin ortaya \u00e7\u0131k\u0131\u015f ve \u00fcretim s\u00fcre\u00e7lerini planlamak, \u00fcr\u00fcnlerin geli\u015ftirilmesini en iyi ve do\u011fru \u015fekilde sa\u011flamak, yasal mevzuatlar\u0131 eksiksiz halletmek i\u00e7in olmazsa olmaz bir ad\u0131m olan bu s\u00fcre\u00e7te, \u00f6zellikle genel teknoloji do\u011frulamas\u0131 ve i\u015flevselli\u011fi sa\u011flamak \u00e7ok \u00f6nemlidir. End\u00fcstriyel Ara\u015ft\u0131rma a\u015famas\u0131yla hem \u00fcr\u00fcn geli\u015ftirme ve iyile\u015ftirme konular\u0131nda ilerleme kaydeder hem de farkl\u0131 kurumlarla (\u00fcniversite gibi) yeni ba\u011flar kurarak farkl\u0131 bak\u0131\u015f a\u00e7\u0131lar\u0131 kazan\u0131l\u0131r. End\u00fcstriyel Ara\u015ft\u0131rma a\u015famas\u0131ndaki hizmetlerimizi \u015fu \u015fekilde s\u0131ralayabiliriz;<\/p>\n<ul>\n<li>End\u00fcstri 4.0 ve dijitalle\u015fme teknolojilerinde iyile\u015ftirme<\/li>\n<li>Minimum \u00fcretim s\u00fcresi i\u00e7in otomasyon \u00e7al\u0131\u015fmalar\u0131<\/li>\n<li>Yeni i\u015f f\u0131rsatlar\u0131 yaratmak i\u00e7in \u00fcniversiteler ve di\u011fer kurumlarla i\u015f birli\u011fi<\/li>\n<li>Teknolojinin t\u00fcm imkanlar\u0131ndan faydalanmak ve yeni malzeme ve teknolojiler kullanmak<\/li>\n<li>Patent \u00e7al\u0131\u015fmalar\u0131, faydal\u0131 model uygulamalar\u0131<\/li>\n<\/ul>\n<p>[\/vc_column_text][\/vc_column][vc_column width=&#8221;1\/2&#8243;][vc_column_text]<\/p>\n<h3><u>Proje ve Planlama<\/u><\/h3>\n<p style=\"text-align: justify;\">\u00dcretim a\u015famas\u0131na ge\u00e7meden \u00f6nce dizayn ve sim\u00fclasyon a\u015famalar\u0131n\u0131 tamamlayan \u00fcr\u00fcnler proje ve planlama s\u00fcrecinden ge\u00e7irilir. Buradaki ama\u00e7 \u00fcretilecek par\u00e7an\u0131n hammadde temininden \u00fcretimine, sat\u0131\u015f hedeflerinden verimlili\u011fe kadar nas\u0131l bir performans g\u00f6sterece\u011finin belirlenmesidir. Fayda- zarar tablosu, mali giderler, risk planlamalar\u0131 gibi \u00f6nemli hesaplamalar bu a\u015famada yap\u0131l\u0131r ve uzun vadede kontroll\u00fc bir \u00fcretim s\u00fcreci planlan\u0131r. Bu ba\u011flamda Proje ve Planlama a\u015famas\u0131nda \u015fu \u00e7al\u0131\u015fmalar yap\u0131l\u0131r;<\/p>\n<p>Bu ba\u011flamda Proje ve Planlama a\u015famas\u0131nda \u015fu \u00e7al\u0131\u015fmalar yap\u0131l\u0131r;<\/p>\n<ul>\n<li>Fizibilite \u00e7al\u0131\u015fmalar\u0131<\/li>\n<li>Proje a\u015famalar\u0131n\u0131n y\u00f6netimi<\/li>\n<li>Maliyet, zaman, kalite i\u00e7in kapsam\u0131n olu\u015fturulmas\u0131 ve hedeflerin tan\u0131mlanmas\u0131<\/li>\n<li>Yeni projeler i\u00e7in s\u00fcrecin planlanmas\u0131 ve optimizasyonu<\/li>\n<li>Denemeler s\u0131ras\u0131nda tasar\u0131m ve sim\u00fclasyon verilerinin do\u011frulanmas\u0131<\/li>\n<li>Verimlilik ve kalite i\u00e7in seri \u00fcretimde iyile\u015ftirme<\/li>\n<\/ul>\n<p>[\/vc_column_text][\/vc_column][\/vc_row][vc_row padding_top_multiplier=&#8221;&#8221; padding_bottom_multiplier=&#8221;&#8221; margin_bottom=&#8221;30&#8243;][vc_column width=&#8221;1\/2&#8243;][vc_column_text]<\/p>\n<h3><strong><u>Malzeme Do\u011frulama<\/u><\/strong><\/h3>\n<p style=\"text-align: justify;\">Malzeme do\u011frulama ve alternatif malzemelerle kar\u015f\u0131la\u015ft\u0131rma s\u00fcre\u00e7lerini ger\u00e7ekle\u015ftirdi\u011fimiz. Do\u011frulama Laboratuvar\u0131nda \u00fcr\u00fcnler m\u00fc\u015fterilerimize ula\u015fmadan \u00f6nce teknik \u015fartname ve teknik resimlere uygun olarak test edilirler. Tam kapsaml\u0131 bir kontrol i\u00e7in \u00fcr\u00fcnlerin hem kimyasal hem de fiziksel kontrolleri sa\u011flan\u0131yor. KALKANCI olarak Do\u011frulama Laboratuvar\u0131m\u0131zda \u00fcr\u00fcnlerimizi \u015fu kontrollerden ge\u00e7iriyoruz;<\/p>\n<ul>\n<li>Kimyasal bile\u015fim<\/li>\n<li>Mekanik \u00f6zellikler<\/li>\n<li>Ergimi\u015f malzeme kalitesi,<\/li>\n<\/ul>\n<h3><strong>Performans Do\u011frulama<\/strong><\/h3>\n<p style=\"text-align: justify;\">Do\u011frulama Laboratuvar\u0131 a\u015famas\u0131yla bir b\u00fct\u00fcn olu\u015fturan Performans Do\u011frulama A\u015famas\u0131, \u00fcr\u00fcnlerin standartlar\u0131 kar\u015f\u0131lamas\u0131 ve gerekti\u011fi takdirde iyile\u015ftirmelerin yap\u0131lmas\u0131 i\u00e7in olduk\u00e7a \u00f6nemli bir ad\u0131md\u0131r. Bu ba\u011flamda Performans Do\u011frulama a\u015famas\u0131nda \u015fu kontroller yap\u0131lmaktad\u0131r;<\/p>\n<ul>\n<li>Sertlik \u00d6l\u00e7\u00fcm\u00fc<\/li>\n<li>Dayan\u0131m testleri, basma ve \u00e7ekme testleri<\/li>\n<li><strong>X-Ray<\/strong> ile porozite denetimi<\/li>\n<\/ul>\n<p>[\/vc_column_text][\/vc_column][vc_column width=&#8221;1\/2&#8243;][vc_column_text]<\/p>\n<h3><strong><u>Boyutsal Do\u011frulama<\/u><\/strong><\/h3>\n<p style=\"text-align: justify;\">\u00dcr\u00fcnlerin belirtilen resim toleranslar\u0131 dahilinde olup olmad\u0131\u011f\u0131n\u0131n kontrol edildi\u011fi Boyutsal Do\u011frulama a\u015famas\u0131nda \u015fu kontrolleri sa\u011flamaktay\u0131z;<\/p>\n<ul>\n<li>CMM \u00f6l\u00e7\u00fcm\u00fc<\/li>\n<li>Y\u00fczey kalitesi \u00f6l\u00e7\u00fcm\u00fc<\/li>\n<\/ul>\n<p>[\/vc_column_text][vc_column_text]<\/p>\n<h3><strong>Kalkanc\u0131 Ar-Ge ve Proje<\/strong><\/h3>\n<p style=\"text-align: justify;\">Dinamik bir firma olmak i\u00e7in Ar-Ge\u2019nin \u00f6nemini bilen Kalkanc\u0131 olarak Temel Ara\u015ft\u0131rma ve Uygulamal\u0131 Ara\u015ft\u0131rma y\u00f6ntemleriyle hizmet kalitemizi s\u00fcrekli derinle\u015ftiriyoruz. \u0130zledi\u011fimiz stratejileri bilimsel ve teknolojik geli\u015fmelerle g\u00fcncelleyerek hem kendimizi hem de hizmet kalitemizi geli\u015ftiriyoruz.<\/p>\n<p>[\/vc_column_text][\/vc_column][\/vc_row]<\/p>\n<\/div>","protected":false},"excerpt":{"rendered":"<p>[vc_row padding_top_multiplier=&#8221;&#8221; padding_bottom_multiplier=&#8221;&#8221; margin_bottom=&#8221;40&#8243;][vc_column][vc_column_text] 2019 y\u0131l\u0131nda kurulan Tasar\u0131m Merkezimizde alan\u0131nda uzman 18 \u00e7al\u0131\u015fan\u0131m\u0131z bulunuyor. Tasar\u0131m Merkezimizle m\u00fc\u015fterilerimize; Dizayn, Magma Soft Sim\u00fclasyonu, Proje Planlamas\u0131, End\u00fcstriyel Ara\u015ft\u0131rma, Laboratuvar gibi bir\u00e7ok konuda profesyonel hizmet sunuyoruz. B\u00fcnyemizde bulunan Ar-Ge Merkezimizle hem teknolojik temelimizi g\u00fc\u00e7lendiriyor hem de \u00fcretim maliyetlerimizi d\u00fc\u015f\u00fcrerek m\u00fc\u015fterilerimize en kaliteliyi \u00e7ok uygun fiyatlara sunabilme ayr\u0131cal\u0131\u011f\u0131n\u0131 elde ediyoruz. [&hellip;]<\/p>\n","protected":false},"author":1,"featured_media":0,"parent":521,"menu_order":0,"comment_status":"closed","ping_status":"closed","template":"","meta":{"_seopress_robots_primary_cat":"","_seopress_titles_title":"Ar-Ge ve Proje Geli\u015ftirme | Kalkanc\u0131 Pres D\u00f6k\u00fcm ve Kal\u0131p","_seopress_titles_desc":"Farkl\u0131 sekt\u00f6rlerde Al\u00fcminyum D\u00f6k\u00fcm Kal\u0131p hizmetleri veriyor, hizmet kalitemizi Ar-Ge \u00e7al\u0131\u015fmalar\u0131m\u0131zla durmaks\u0131z\u0131n geli\u015ftiriyoruz.","_seopress_robots_index":"","footnotes":""},"class_list":["post-542","page","type-page","status-publish","hentry"],"_links":{"self":[{"href":"https:\/\/kalkanci.com\/tr\/wp-json\/wp\/v2\/pages\/542","targetHints":{"allow":["GET"]}}],"collection":[{"href":"https:\/\/kalkanci.com\/tr\/wp-json\/wp\/v2\/pages"}],"about":[{"href":"https:\/\/kalkanci.com\/tr\/wp-json\/wp\/v2\/types\/page"}],"author":[{"embeddable":true,"href":"https:\/\/kalkanci.com\/tr\/wp-json\/wp\/v2\/users\/1"}],"replies":[{"embeddable":true,"href":"https:\/\/kalkanci.com\/tr\/wp-json\/wp\/v2\/comments?post=542"}],"version-history":[{"count":2,"href":"https:\/\/kalkanci.com\/tr\/wp-json\/wp\/v2\/pages\/542\/revisions"}],"predecessor-version":[{"id":3245,"href":"https:\/\/kalkanci.com\/tr\/wp-json\/wp\/v2\/pages\/542\/revisions\/3245"}],"up":[{"embeddable":true,"href":"https:\/\/kalkanci.com\/tr\/wp-json\/wp\/v2\/pages\/521"}],"wp:attachment":[{"href":"https:\/\/kalkanci.com\/tr\/wp-json\/wp\/v2\/media?parent=542"}],"curies":[{"name":"wp","href":"https:\/\/api.w.org\/{rel}","templated":true}]}}