{"id":559,"date":"2021-04-05T15:23:41","date_gmt":"2021-04-05T12:23:41","guid":{"rendered":"http:\/\/kreabazsunum.com\/kalkanci\/?page_id=559"},"modified":"2021-06-27T17:03:52","modified_gmt":"2021-06-27T14:03:52","slug":"aluminyum-malzeme","status":"publish","type":"page","link":"https:\/\/kalkanci.com\/tr\/yetenekler\/aluminyum-malzeme\/","title":{"rendered":"Al\u00fcminyum Malzeme"},"content":{"rendered":"<div class=\"wpb-content-wrapper\"><p>[vc_row padding_top_multiplier=&#8221;&#8221; padding_bottom_multiplier=&#8221;&#8221; margin_bottom=&#8221;20&#8243;][vc_column][vc_column_text]<\/p>\n<h2>Malzeme Tasar\u0131m\u0131 ve Se\u00e7imi<\/h2>\n<p style=\"text-align: justify;\">Maliyet d\u00fc\u015f\u00fcrme, y\u00fcksek mekanik \u00f6zellikler ve hafif \u00e7\u00f6z\u00fcmler i\u00e7in projelere g\u00f6re en uygun malzeme se\u00e7imini yapmaktay\u0131z. Al\u00fcminyum gelece\u011fin malzemesidir ve d\u00fcnya ticareti i\u00e7in \u00f6nemli bir yere sahiptir. Bu ger\u00e7ek do\u011frultusunda \u00f6zellikle son y\u0131llarda al\u00fcminyum kullan\u0131m\u0131 b\u00fct\u00fcn sekt\u00f6rlerde art\u0131\u015f g\u00f6stermi\u015ftir.<\/p>\n<p>[\/vc_column_text][\/vc_column][\/vc_row][vc_row padding_top_multiplier=&#8221;&#8221; padding_bottom_multiplier=&#8221;&#8221; margin_bottom=&#8221;40&#8243;][vc_column][vc_column_text]Y\u00fcksek Bas\u0131n\u00e7l\u0131 D\u00f6k\u00fcmde kullan\u0131lan Al\u00fcminyumun avantajlar\u0131:<\/p>\n<ul>\n<li>Do\u011fru, y\u00fcksek hassasiyetli, p\u00fcr\u00fczs\u00fcz ve\/veya dokulu y\u00fczeylere sahip metal par\u00e7alar \u00fcretmeye m\u00fcsaade eden bir malzeme<\/li>\n<li>Korozyona dayan\u0131kl\u0131<\/li>\n<li>Y\u00fcksek iletkenlik de\u011ferine sahip<\/li>\n<li>\u0130yi bir sertli\u011fe ve g\u00fc\u00e7-a\u011f\u0131rl\u0131k oran\u0131na sahip<\/li>\n<li>H\u0131zl\u0131 ve y\u00fcksek adetli \u00fcretime uygun<\/li>\n<li>Alternatif d\u00f6k\u00fcm i\u015flemlerinden daha uygun maliyetlidir<\/li>\n<\/ul>\n<p>[\/vc_column_text][\/vc_column][\/vc_row][vc_row padding_top_multiplier=&#8221;&#8221; padding_bottom_multiplier=&#8221;&#8221; margin_bottom=&#8221;40&#8243;][vc_column width=&#8221;1\/2&#8243;][vc_column_text]<\/p>\n<p style=\"text-align: justify;\">Al\u00fcminyum bas\u0131n\u00e7l\u0131 d\u00f6k\u00fcm\u00fcn en \u00f6nemli faydalar\u0131ndan biri, di\u011fer d\u00f6k\u00fcm ala\u015f\u0131mlar\u0131ndan daha fazla <a title=\"Di\u011fer Y\u00fczey \u0130\u015flemleri\" href=\"https:\/\/kalkanci.com\/yetenekler\/diger-yuzey-islemleri\/\">y\u00fczey i\u015fleme<\/a> se\u00e7ene\u011fi sunarak daha hafif par\u00e7alar olu\u015fturmas\u0131d\u0131r. Dahas\u0131, al\u00fcminyum \u00e7ok y\u00f6nl\u00fcd\u00fcr ve korozyona dayan\u0131kl\u0131d\u0131r; \u0130nce cidarl\u0131 par\u00e7alar i\u00e7in y\u00fcksek boyutsal kararl\u0131l\u0131\u011f\u0131 korur ve hemen hemen her end\u00fcstride kullan\u0131labilir.<\/p>\n<p style=\"text-align: justify;\">Al\u00fcminyum dayan\u0131kl\u0131 oldu\u011fu kadar hafif bir malzemedir. Bu da hem par\u00e7a \u00fcretiminde de hem de ortaya \u00e7\u0131kan \u00fcr\u00fcn\u00fcn yak\u0131t\/enerji t\u00fcketiminde b\u00fcy\u00fck tasarruf sa\u011flamaktad\u0131r. G\u00fcn\u00fcm\u00fczde en \u00f6nemli gider kalemlerinden olan yak\u0131t\/enerji maliyetlerini d\u00fc\u015f\u00fcrd\u00fc\u011f\u00fc i\u00e7in de Al\u00fcminyum bir\u00e7ok sekt\u00f6rde tercih edilir.<\/p>\n<p style=\"text-align: justify;\">Al\u00fcminyumun bir di\u011fer art\u0131s\u0131 da \u00e7e\u015fitli i\u015flemler sonucunda oksitlenmeye ve korozyona kar\u015f\u0131 olduk\u00e7a diren\u00e7li hale gelebilmesidir. \u00c7evre \u015fartlar\u0131na kar\u015f\u0131 dayan\u0131kl\u0131l\u0131\u011f\u0131 \u00f6ne \u00e7\u0131karan bu \u00f6zellik, \u00fcr\u00fcnlerin uzun soluklu kullan\u0131m\u0131n\u0131 sa\u011flayarak ekonomik fayda sa\u011flar.<\/p>\n<p>[\/vc_column_text][\/vc_column][vc_column width=&#8221;1\/2&#8243;][vc_column_text]<\/p>\n<p style=\"text-align: justify;\">Genellikle Silisyum kullan\u0131m\u0131 tercih edilse de ihtiya\u00e7lar d\u00e2hilinde Al\u00fcminyuma farkl\u0131 elementler kat\u0131larak farkl\u0131 ihtiya\u00e7lar do\u011frultusunda \u015fekillendirilebilir. Bunlar\u0131n ba\u015f\u0131nda bak\u0131r, silisyum, magnezyum, mangan, \u00e7inko, titanyum, demir, nikel, kalay, kur\u015fun, krom ve bor gibi madenler gelir ve kullan\u0131ma g\u00f6re Al\u00fcminyum bir\u00e7ok avantaj sunar hale getirilebilmektedir.<\/p>\n<p style=\"text-align: justify;\">Do\u011faya ve \u00e7evreye de katk\u0131lar\u0131 en y\u00fcksek olan malzemelerden biri olan al\u00fcminyumun nerdeyse %95 kadar \u00f6nemli derecede b\u00fcy\u00fck bir k\u0131sm\u0131 geri d\u00f6n\u00fc\u015ft\u00fcr\u00fclerek tekrar kullan\u0131labilir.<\/p>\n<p style=\"text-align: justify;\">Y\u00fcksek bas\u0131n\u00e7l\u0131 d\u00f6k\u00fcm imalat\u0131n\u0131n en \u00f6nemli etmenlerinden olan Malzeme ve Hammadde, temininden ta\u015f\u0131nmas\u0131na, i\u015flenmesinden depolanmas\u0131na kadar \u00f6zen gerektiren bir s\u00fcre\u00e7tir. KALKANCI olarak m\u00fc\u015fterilerimize en iyiyi sunabilmek i\u00e7in malzeme temininde t\u00fcm gerekli kalite kontrolleri yapmakta, gerekli stok ve \u00fcr\u00fcn takibini profesyonel olarak sa\u011flamaktay\u0131z.<\/p>\n<p>[\/vc_column_text][\/vc_column][\/vc_row][vc_row padding_top_multiplier=&#8221;&#8221; padding_bottom_multiplier=&#8221;&#8221; margin_bottom=&#8221;20&#8243;][vc_column width=&#8221;1\/2&#8243;]<div class=\"eut-empty-space\" style=\"height: 25px;\"><\/div>[vc_column_text]<img loading=\"lazy\" decoding=\"async\" class=\"aligncenter size-large wp-image-562\" src=\"https:\/\/kalkanci.com\/wp-content\/uploads\/2021\/04\/Malzeme-02-1024x1024.jpg\" alt=\"Malzeme\" width=\"1024\" height=\"1024\" srcset=\"https:\/\/kalkanci.com\/wp-content\/uploads\/2021\/04\/Malzeme-02-1024x1024.jpg 1024w, https:\/\/kalkanci.com\/wp-content\/uploads\/2021\/04\/Malzeme-02-300x300.jpg 300w, https:\/\/kalkanci.com\/wp-content\/uploads\/2021\/04\/Malzeme-02-150x150.jpg 150w, https:\/\/kalkanci.com\/wp-content\/uploads\/2021\/04\/Malzeme-02-768x768.jpg 768w, https:\/\/kalkanci.com\/wp-content\/uploads\/2021\/04\/Malzeme-02-560x560.jpg 560w, https:\/\/kalkanci.com\/wp-content\/uploads\/2021\/04\/Malzeme-02-900x900.jpg 900w, https:\/\/kalkanci.com\/wp-content\/uploads\/2021\/04\/Malzeme-02.jpg 1200w\" sizes=\"auto, (max-width: 1024px) 100vw, 1024px\" \/>[\/vc_column_text][\/vc_column][vc_column width=&#8221;1\/2&#8243;][vc_column_text]<\/p>\n<h3>Kalkanc\u0131 Malzeme Tasar\u0131m\u0131 ve Se\u00e7imi<\/h3>\n<p style=\"text-align: justify;\">KALKANCI markas\u0131 olarak \u00fcretim hatt\u0131m\u0131zda EN AC 46000, EN AC 46100, EN AC 44300,EN AC 47100, EN AC 43400, A380 ve A383 gibi standart malzemeleri d\u00f6kebilmenin yan\u0131 s\u0131ra m\u00fc\u015fterilerimizin talepleri do\u011frultusunda 43500 ve 51500 gibi \u00f6zel malzemelerle de sorunsuz \u00fcretim yap\u0131yoruz. T\u00fcm bu malzemelerin yan\u0131nda Kalkanc\u0131 uzun y\u0131llard\u0131r s\u00fcren i\u015f birli\u011fi sonucunda Rheinfelden Alloys firmas\u0131n\u0131n \u00fcretti\u011fi \u00f6zel ala\u015f\u0131mlar konusunda \u00e7ok y\u00fcksek tecr\u00fcbe ve kabiliyete sahiptir. RHEINFELDEN ALLOYS, \u00f6zellikle otomotiv sekt\u00f6r\u00fcnde gelecek nesillerde kullan\u0131lmak \u00fczere yap\u0131sal d\u00f6k\u00fcm bile\u015fenleri i\u00e7in yeni ala\u015f\u0131mlar geli\u015ftirmektedir.<\/p>\n<p style=\"text-align: justify;\">Ba\u015fta Magsimal\u00ae gibi son derece dayan\u0131kl\u0131, mukavemetini ve hassas bi\u00e7imini uzun s\u00fcre korumaya ihtiya\u00e7 duyan hassas par\u00e7alara y\u00f6nelik tasarlanm\u0131\u015f bir ala\u015f\u0131m olmak \u00fczere, di\u011fer t\u00fcm \u00f6zel m\u00fc\u015fteri ihtiya\u00e7lar\u0131 i\u00e7in tasarlanm\u0131\u015f ala\u015f\u0131mlarda \u00a0Kalkanc\u0131 m\u00fc\u015fterilerini desteklemeye devam etmektedir.<\/p>\n<p>[\/vc_column_text][\/vc_column][\/vc_row][vc_row padding_bottom_multiplier=&#8221;&#8221; margin_bottom=&#8221;20&#8243;][vc_column width=&#8221;1\/2&#8243;][vc_column_text]<\/p>\n<h3>Kalkanc\u0131\u2019da Kullan\u0131lan Ala\u015f\u0131mlar<\/h3>\n<p>Geleneksel Ala\u015f\u0131mlar<\/p>\n<ul>\n<li>EN AC 46000,<\/li>\n<li>EN AC 46100,<\/li>\n<li>EN AC 44300,<\/li>\n<li>EN AC 47100,<\/li>\n<li>EN AC 43400,<\/li>\n<li>A380 ve A383<\/li>\n<\/ul>\n<p>[\/vc_column_text][\/vc_column][vc_column width=&#8221;1\/2&#8243;][vc_column_text]Birincil Malzemeden \u00dcretilmi\u015f \u00d6zel Ala\u015f\u0131mlar<\/p>\n<ul>\n<li>EN AC 43500<\/li>\n<li>EN AC 51500<\/li>\n<\/ul>\n<p>Rheinfelden Alloys \u00d6zel Ala\u015f\u0131mlar\u0131<\/p>\n<ul>\n<li>Magsimal\u00ae<\/li>\n<li>Silafont\u00ae<\/li>\n<li>Unifont\u00ae<\/li>\n<\/ul>\n<p>[\/vc_column_text][\/vc_column][\/vc_row]<\/p>\n<\/div>","protected":false},"excerpt":{"rendered":"<p>[vc_row padding_top_multiplier=&#8221;&#8221; padding_bottom_multiplier=&#8221;&#8221; margin_bottom=&#8221;20&#8243;][vc_column][vc_column_text] Malzeme Tasar\u0131m\u0131 ve Se\u00e7imi Maliyet d\u00fc\u015f\u00fcrme, y\u00fcksek mekanik \u00f6zellikler ve hafif \u00e7\u00f6z\u00fcmler i\u00e7in projelere g\u00f6re en uygun malzeme se\u00e7imini yapmaktay\u0131z. Al\u00fcminyum gelece\u011fin malzemesidir ve d\u00fcnya ticareti i\u00e7in \u00f6nemli bir yere sahiptir. Bu ger\u00e7ek do\u011frultusunda \u00f6zellikle son y\u0131llarda al\u00fcminyum kullan\u0131m\u0131 b\u00fct\u00fcn sekt\u00f6rlerde art\u0131\u015f g\u00f6stermi\u015ftir. [\/vc_column_text][\/vc_column][\/vc_row][vc_row padding_top_multiplier=&#8221;&#8221; padding_bottom_multiplier=&#8221;&#8221; margin_bottom=&#8221;40&#8243;][vc_column][vc_column_text]Y\u00fcksek Bas\u0131n\u00e7l\u0131 D\u00f6k\u00fcmde kullan\u0131lan Al\u00fcminyumun [&hellip;]<\/p>\n","protected":false},"author":1,"featured_media":0,"parent":521,"menu_order":0,"comment_status":"closed","ping_status":"closed","template":"","meta":{"_seopress_robots_primary_cat":"","_seopress_titles_title":"Al\u00fcminyum Malzeme | Kalkanc\u0131 Pres D\u00f6k\u00fcm ve Kal\u0131p","_seopress_titles_desc":"M\u00fc\u015fterilerimiz i\u00e7in standart ve \u00f6zel al\u00fcminyum malzeme kullanarak yenilik\u00e7i Al\u00fcminyum D\u00f6k\u00fcm Kal\u0131p hizmetleri sa\u011fl\u0131yoruz.","_seopress_robots_index":"","footnotes":""},"class_list":["post-559","page","type-page","status-publish","hentry"],"_links":{"self":[{"href":"https:\/\/kalkanci.com\/tr\/wp-json\/wp\/v2\/pages\/559","targetHints":{"allow":["GET"]}}],"collection":[{"href":"https:\/\/kalkanci.com\/tr\/wp-json\/wp\/v2\/pages"}],"about":[{"href":"https:\/\/kalkanci.com\/tr\/wp-json\/wp\/v2\/types\/page"}],"author":[{"embeddable":true,"href":"https:\/\/kalkanci.com\/tr\/wp-json\/wp\/v2\/users\/1"}],"replies":[{"embeddable":true,"href":"https:\/\/kalkanci.com\/tr\/wp-json\/wp\/v2\/comments?post=559"}],"version-history":[{"count":0,"href":"https:\/\/kalkanci.com\/tr\/wp-json\/wp\/v2\/pages\/559\/revisions"}],"up":[{"embeddable":true,"href":"https:\/\/kalkanci.com\/tr\/wp-json\/wp\/v2\/pages\/521"}],"wp:attachment":[{"href":"https:\/\/kalkanci.com\/tr\/wp-json\/wp\/v2\/media?parent=559"}],"curies":[{"name":"wp","href":"https:\/\/api.w.org\/{rel}","templated":true}]}}