{"id":569,"date":"2021-04-05T15:49:52","date_gmt":"2021-04-05T12:49:52","guid":{"rendered":"http:\/\/kreabazsunum.com\/kalkanci\/?page_id=569"},"modified":"2021-05-07T17:21:28","modified_gmt":"2021-05-07T14:21:28","slug":"aluminyum-ergitme","status":"publish","type":"page","link":"https:\/\/kalkanci.com\/tr\/yetenekler\/aluminyum-ergitme\/","title":{"rendered":"Al\u00fcminyum Ergitme"},"content":{"rendered":"<div class=\"wpb-content-wrapper\"><p>[vc_row padding_top_multiplier=&#8221;&#8221; padding_bottom_multiplier=&#8221;&#8221; margin_bottom=&#8221;40&#8243;][vc_column][vc_column_text]<strong>Verimlilik ve Maliyetlerde Tasarruf Ergitme ile Ba\u015flar.<\/strong>[\/vc_column_text][vc_column_text]<\/p>\n<p style=\"text-align: justify;\">K\u00fcl\u00e7eden eriyik metali elde etme s\u00fcreci olan \u201c<strong>ERG\u0130TME<\/strong>\u201d, k\u00fcl\u00e7eye \u0131s\u0131 uygulama i\u015flemidir. Ergitme i\u015flemi seri \u00fcretimin ilk a\u015famas\u0131n\u0131 olu\u015fturur. Burada yeterli s\u0131cakl\u0131\u011fa ula\u015fan maden bir sonraki s\u00fcre\u00e7 olan \u201cD\u00f6k\u00fcm\u201d i\u00e7in bu a\u015famada haz\u0131r hale getirilir. Tan\u0131m ve alg\u0131lama a\u00e7\u0131s\u0131ndan olduk\u00e7a basit olsa da ergitme s\u00fcreci san\u0131landan daha komplike ve teknolojiye dayal\u0131 bir s\u00fcre\u00e7tir. En temel haliyle bile ergimeyi sa\u011flayabilmenin iki yolu vard\u0131r. Bunlardan ilki hepimizin bildi\u011fi \u201cs\u0131cakl\u0131k\u201d, di\u011feri ise \u201cbas\u0131n\u00e7\u201dt\u0131r.<\/p>\n<p style=\"text-align: justify;\">Bunun d\u0131\u015f\u0131nda m\u00fc\u015fterilerimize en uygun fiyatlar\u0131 sunabilmemiz i\u00e7in bir d\u00f6k\u00fcmhanenin maliyet durumu b\u00fcy\u00fck \u00f6l\u00e7\u00fcde ergitme b\u00f6l\u00fcm\u00fcn\u00fcn verimlili\u011finden etkilendi\u011fini bilmekteyiz. <strong>Ergitme<\/strong> at\u00f6lyesinde i\u015flenen <strong>al\u00fcminyum<\/strong> giderek artan fiyatlar\u0131 nedeniyle, metal kayb\u0131 \u00f6nemli bir maliyet fakt\u00f6r\u00fcd\u00fcr. Yapt\u0131\u011f\u0131m\u0131z verimlilik \u00e7al\u0131\u015fmalar\u0131 ile hem ergitme maliyetlerimizi azaltmaya, daha az hurda elde etmeye hem de \u00fcr\u00fcnlerimizde en y\u00fcksek kalite standartlar\u0131n\u0131 yakalamaya \u00e7al\u0131\u015f\u0131yoruz.<\/p>\n<p>[\/vc_column_text][\/vc_column][\/vc_row][vc_row padding_top_multiplier=&#8221;&#8221; padding_bottom_multiplier=&#8221;&#8221; margin_bottom=&#8221;40&#8243;][vc_column][vc_column_text]<\/p>\n<div style=\"width: 1080px;\" class=\"wp-video\"><video class=\"wp-video-shortcode\" id=\"video-569-1\" width=\"1080\" height=\"810\" preload=\"metadata\" controls=\"controls\"><source type=\"video\/mp4\" src=\"https:\/\/kalkanci.com\/wp-content\/uploads\/2021\/04\/ergitme.mp4?_=1\" \/><a href=\"https:\/\/kalkanci.com\/wp-content\/uploads\/2021\/04\/ergitme.mp4\">https:\/\/kalkanci.com\/wp-content\/uploads\/2021\/04\/ergitme.mp4<\/a><\/video><\/div>\n<p>[\/vc_column_text][\/vc_column][\/vc_row][vc_row padding_top_multiplier=&#8221;&#8221; padding_bottom_multiplier=&#8221;&#8221; margin_bottom=&#8221;20&#8243;][vc_column][vc_column_text]<\/p>\n<h2>Ergitme Nedir?<\/h2>\n<p style=\"text-align: justify;\">\u00dcretim hatt\u0131n\u0131n en \u00f6nemli basamaklar\u0131ndan olan <strong>Ergitme<\/strong>, sadece \u00fcr\u00fcn\u00fcn eritilmesi de\u011fildir. Ergitme a\u015famas\u0131nda bile\u015fim ayarlama, a\u015f\u0131lama, kat\u0131\u015f\u0131klar\u0131n ve gazlar\u0131n giderilmesi s\u00fcre\u00e7leri de ger\u00e7ekle\u015ftirilir. Yani kullan\u0131lacak \u00fcr\u00fcn gerek dayan\u0131kl\u0131l\u0131\u011f\u0131n\u0131 art\u0131racak gerekse bile\u015fimini kusursuz hal getirecek i\u015flemlerle bu s\u00fcre\u00e7te tamamlan\u0131r ve kullan\u0131ma haz\u0131r hale getirilir. Ergitme s\u00fcrecinde en \u00e7ok kar\u015f\u0131la\u015f\u0131lan problemin metal bile\u015fenlerindeki de\u011fi\u015fimler ve istenen \u00f6zelliklere sahip olamamas\u0131 oldu\u011fu da d\u00fc\u015f\u00fcn\u00fcl\u00fcrse Ergitme s\u00fcrecinin \u00f6nemi daha iyi kavranabilir.<\/p>\n<p style=\"text-align: justify;\">\u0130\u015fte bu ve bunun gibi sebeplerden \u00f6t\u00fcr\u00fc Ergitme i\u015fleminde teknolojinin geli\u015fimi olduk\u00e7a \u00f6nemli bir yere sahiptir. \u00c7\u00fcnk\u00fc ergitme s\u00fcreci i\u015flenecek madenin ve maddenin \u00f6zelliklerine g\u00f6re de\u011fi\u015fkenlik g\u00f6stermektedir. Yukar\u0131da da bahsetti\u011fimiz gibi baz\u0131 metallerin ve madenlerin eritilebilmesi i\u00e7in \u00e7ok \u00e7ok b\u00fcy\u00fck s\u0131cakl\u0131klara ihtiya\u00e7 duyulmaktad\u0131r. Bu s\u0131cakl\u0131\u011f\u0131 sa\u011flayabilecek ekipman ve donan\u0131m\u0131n geli\u015ftirilmesi i\u00e7in de teknolojinin belirli bir seviyeye kadar ilerlemesi gerekmi\u015ftir. Geli\u015fen teknoloji sayesinde ortam bas\u0131nc\u0131n\u0131 de\u011fi\u015ftirerek ya da y\u00fcksek s\u0131cakl\u0131klar \u00e7ok h\u0131zl\u0131 \u015fekilde sa\u011flanarak Ergitme S\u00fcreci h\u0131zland\u0131r\u0131lmakta ve daha kusursuz hale getirilmektedir. Teknolojinin sa\u011flad\u0131\u011f\u0131 avantajlarla \u00e7ok daha Homojen bir \u00fcr\u00fcn elde edilmekte ve buna ba\u011fl\u0131 olarak \u00e7ok daha kusursuz \u00fcr\u00fcnler ortaya \u00e7\u0131kmaktad\u0131r.<\/p>\n<p><strong>Kalkanc\u0131 olarak ergitmenin \u00fcretti\u011fimiz \u00fcr\u00fcnlerde ne kadar \u00f6nemli oldu\u011funun fark\u0131nday\u0131z.<\/strong><\/p>\n<ul>\n<li>Geli\u015ftirilmi\u015f malzeme ak\u0131\u015fkanl\u0131\u011f\u0131, daha iyi kal\u0131p doldurma ve daha az besleme kusuru ile sonu\u00e7lan\u0131r.<\/li>\n<li>Daha y\u00fcksek uzama gibi bir\u00e7ok mekanik \u00f6zellik genellikle yap\u0131sal veya m\u00fchendislik \u00fcr\u00fcn\u00fc al\u00fcminyum d\u00f6k\u00fcmler i\u00e7in kritik bir gereksinimdir ve en iyi mekanik \u00f6zellikler ergitme s\u00fcrecinin m\u00fckemmelli\u011fi ile ili\u015fkilidir.<\/li>\n<li>Artan eriyik temizli\u011fi, mikro g\u00f6zeneklilik ile ilgili daha az sorunla kar\u015f\u0131la\u015fmam\u0131za neden olur.<\/li>\n<li>Kusursuz bir ergitme s\u00fcreci daha az hurda ve daha iyi i\u015flenebilirlik demektir.<\/li>\n<\/ul>\n<h3>Ergitme Oca\u011f\u0131<\/h3>\n<p style=\"text-align: justify;\">T\u00fcm bu detaylar \u0131\u015f\u0131\u011f\u0131nda etkili ve h\u0131zl\u0131 bir ergitme s\u00fcrecinin sa\u011flanabilmesinin \u00f6nemini bilen KALKANCI olarak b\u00fcnyemizde 5 adet ana ergitme oca\u011f\u0131n\u0131 bar\u0131nd\u0131rmaktay\u0131z. Sahip oldu\u011fumuz bu son teknoloji ve yenilik\u00e7i ana ergitme ocaklar\u0131yla talepler ve sipari\u015fler do\u011frultusunda y\u00fcksek miktarda ergitme kapasitesine sahip olabilmekteyiz.<\/p>\n<p>[\/vc_column_text][\/vc_column][\/vc_row][vc_row padding_top_multiplier=&#8221;&#8221; padding_bottom_multiplier=&#8221;&#8221; margin_bottom=&#8221;20&#8243;][vc_column width=&#8221;1\/2&#8243;][vc_column_text]<\/p>\n<p style=\"text-align: justify;\">KALKANCI d\u00f6k\u00fcmhanesinde g\u00fcnl\u00fck ergitme kapasitemiz 50 tonun \u00fczerindedir. M\u00fc\u015fterilerimize h\u0131zl\u0131 teslimatlar verebilmek ve etkili bir i\u015f s\u00fcreci y\u00fcr\u00fctebilmek i\u00e7in ayn\u0131 anda 5 farkl\u0131 malzemeyi ergitebildi\u011fimiz, y\u00fcksek performansl\u0131 be\u015f adet ana f\u0131r\u0131n\u0131 d\u00f6k\u00fcmhanemizde kullanmaktay\u0131z.<\/p>\n<p>[\/vc_column_text][\/vc_column][vc_column width=&#8221;1\/2&#8243;][vc_column_text]Kalkanc\u0131 Ergitme Ocaklar\u0131<\/p>\n<ul>\n<li>1 x 3.000 kg(1.500kg\/h)<\/li>\n<li>2 x 1.500 kg\u00a0(500kg\/h)<\/li>\n<li>1 x 1.000kg(150kg\/h)<\/li>\n<li>1 x 1.000kg(150kg\/h)<\/li>\n<\/ul>\n<p>[\/vc_column_text][\/vc_column][\/vc_row]<\/p>\n<\/div>","protected":false},"excerpt":{"rendered":"<p>[vc_row padding_top_multiplier=&#8221;&#8221; padding_bottom_multiplier=&#8221;&#8221; margin_bottom=&#8221;40&#8243;][vc_column][vc_column_text]Verimlilik ve Maliyetlerde Tasarruf Ergitme ile Ba\u015flar.[\/vc_column_text][vc_column_text] K\u00fcl\u00e7eden eriyik metali elde etme s\u00fcreci olan \u201cERG\u0130TME\u201d, k\u00fcl\u00e7eye \u0131s\u0131 uygulama i\u015flemidir. Ergitme i\u015flemi seri \u00fcretimin ilk a\u015famas\u0131n\u0131 olu\u015fturur. Burada yeterli s\u0131cakl\u0131\u011fa ula\u015fan maden bir sonraki s\u00fcre\u00e7 olan \u201cD\u00f6k\u00fcm\u201d i\u00e7in bu a\u015famada haz\u0131r hale getirilir. Tan\u0131m ve alg\u0131lama a\u00e7\u0131s\u0131ndan olduk\u00e7a basit olsa da ergitme s\u00fcreci [&hellip;]<\/p>\n","protected":false},"author":1,"featured_media":0,"parent":521,"menu_order":0,"comment_status":"closed","ping_status":"closed","template":"","meta":{"_seopress_robots_primary_cat":"","_seopress_titles_title":"Al\u00fcminyum Ergitme | Kalkanc\u0131 Pres D\u00f6k\u00fcm ve Kal\u0131p","_seopress_titles_desc":"Al\u00fcminyum D\u00f6k\u00fcm Kal\u0131p hizmetleri konusunda her t\u00fcrl\u00fc sipari\u015f ve talebi kar\u015f\u0131layabilecek Ergitme ocaklar\u0131m\u0131zla hizmetinizdeyiz.","_seopress_robots_index":"","footnotes":""},"class_list":["post-569","page","type-page","status-publish","hentry"],"_links":{"self":[{"href":"https:\/\/kalkanci.com\/tr\/wp-json\/wp\/v2\/pages\/569","targetHints":{"allow":["GET"]}}],"collection":[{"href":"https:\/\/kalkanci.com\/tr\/wp-json\/wp\/v2\/pages"}],"about":[{"href":"https:\/\/kalkanci.com\/tr\/wp-json\/wp\/v2\/types\/page"}],"author":[{"embeddable":true,"href":"https:\/\/kalkanci.com\/tr\/wp-json\/wp\/v2\/users\/1"}],"replies":[{"embeddable":true,"href":"https:\/\/kalkanci.com\/tr\/wp-json\/wp\/v2\/comments?post=569"}],"version-history":[{"count":0,"href":"https:\/\/kalkanci.com\/tr\/wp-json\/wp\/v2\/pages\/569\/revisions"}],"up":[{"embeddable":true,"href":"https:\/\/kalkanci.com\/tr\/wp-json\/wp\/v2\/pages\/521"}],"wp:attachment":[{"href":"https:\/\/kalkanci.com\/tr\/wp-json\/wp\/v2\/media?parent=569"}],"curies":[{"name":"wp","href":"https:\/\/api.w.org\/{rel}","templated":true}]}}