{"id":576,"date":"2021-04-06T01:28:31","date_gmt":"2021-04-05T22:28:31","guid":{"rendered":"http:\/\/kreabazsunum.com\/kalkanci\/?page_id=576"},"modified":"2024-10-30T19:06:15","modified_gmt":"2024-10-30T16:06:15","slug":"aluminyum-dokum","status":"publish","type":"page","link":"https:\/\/kalkanci.com\/tr\/yetenekler\/aluminyum-dokum\/","title":{"rendered":"Al\u00fcminyum D\u00f6k\u00fcm"},"content":{"rendered":"<div class=\"wpb-content-wrapper\"><p>[vc_row padding_top_multiplier=&#8221;&#8221; padding_bottom_multiplier=&#8221;&#8221; margin_bottom=&#8221;40&#8243;][vc_column][vc_column_text]<\/p>\n<p style=\"text-align: justify;\">\u201cD\u00f6kmek\u201d eyleminden alan ismini alan D\u00f6k\u00fcm, en yal\u0131n haliyle ergitilen madde ya da madenlerin belirli kal\u0131plara d\u00f6k\u00fclerek \u015fekillendirilmesi s\u00fcrecidir. D\u00f6k\u00fcm eylemindeki nihai ama\u00e7 maddelerin eritilerek fayda sa\u011flayan kullan\u0131labilir \u00fcr\u00fcnlere d\u00f6n\u00fc\u015ft\u00fcr\u00fclmesidir. <strong>Metal <a title=\"enjeksiyon\" href=\"https:\/\/kalkanci.com\/tr\/aluminyum-enjeksiyon-dokum\/\">enjeksiyon<\/a><\/strong>, veya Bas\u0131n\u00e7l\u0131 d\u00f6k\u00fcm erimi\u015f metalin y\u00fcksek bas\u0131n\u00e7 alt\u0131nda kal\u0131p bo\u015flu\u011fu i\u00e7ine bas\u0131lmas\u0131yla yap\u0131lan bir metal d\u00f6k\u00fcm i\u015flemidir. Kal\u0131p bo\u015flu\u011fu, \u015fekillendirilmi\u015f ve i\u015flem s\u0131ras\u0131nda bir enjeksiyon kal\u0131b\u0131 ile benzer \u015fekilde i\u015flenmi\u015f iki sertle\u015ftirilmi\u015f tak\u0131m \u00e7eli\u011fi kal\u0131p kullan\u0131larak olu\u015fturulur. \u00c7o\u011fu bas\u0131n\u00e7l\u0131 d\u00f6k\u00fcm, demir d\u0131\u015f\u0131 metalden \u00f6zellikle \u00e7inko, bak\u0131r, al\u00fcminyum, magnezyum, kur\u015fun, kalay ve kalay bazl\u0131 ala\u015f\u0131mlarla yap\u0131l\u0131r. Kullan\u0131lan metalin t\u00fcr\u00fcne ba\u011fl\u0131 olarak s\u0131cak kamaral\u0131 makine veya so\u011fuk kamaral\u0131 makine kullan\u0131l\u0131r. Al\u00fcminyum, zamak (bir \u00e7inko ve al\u00fcminyum ala\u015f\u0131m\u0131), pirin\u00e7, magnezyum ve kur\u015fun, metal enjeksiyonda en \u00e7ok kullan\u0131lan metaller ve ala\u015f\u0131mlard\u0131r.<\/p>\n<p>[\/vc_column_text][\/vc_column][\/vc_row][vc_row padding_top_multiplier=&#8221;&#8221; padding_bottom_multiplier=&#8221;&#8221; margin_bottom=&#8221;40&#8243;][vc_column width=&#8221;1\/2&#8243;][vc_column_text]<\/p>\n<h2>D\u00f6k\u00fcmhane<\/h2>\n<p style=\"text-align: justify;\">D\u00f6k\u00fcm i\u015fleminin yap\u0131ld\u0131\u011f\u0131 yer olan <strong>D\u00f6k\u00fcmhane<\/strong>, eritilen ve s\u0131v\u0131 haline gelen metaller istenilen \u015fekildeki bir kal\u0131ba d\u00f6k\u00fclerek so\u011fumas\u0131n\u0131n ard\u0131ndan elde edilen y\u00fcksek kaliteli \u00fcr\u00fcnlerin elde edildi\u011fi yerdir.<\/p>\n<p>[\/vc_column_text][\/vc_column][vc_column width=&#8221;1\/2&#8243;][vc_column_text]<\/p>\n<h2><a title=\"Y\u00fcksek Bas\u0131n\u00e7l\u0131 D\u00f6k\u00fcm\" href=\"https:\/\/kalkanci.com\/tr\/yuksek-basincli-aluminyum-dokum\/\">Y\u00fcksek Bas\u0131n\u00e7l\u0131 D\u00f6k\u00fcm<\/a><\/h2>\n<p style=\"text-align: justify;\"><strong>Al\u00fcminyum par\u00e7a \u00fcretiminde<\/strong> en \u00e7ok tercih edilen y\u00f6ntem olan <strong>Y\u00fcksek Bas\u0131n\u00e7l\u0131 D\u00f6k\u00fcm<\/strong> y\u00f6ntemi, hem y\u00fcksek adet \u00fcretim (seri \u00fcretim) i\u00e7in fiyat avantaj\u0131 sa\u011flar hem de karma\u015f\u0131k \u015fekilli \u00fcr\u00fcnlerin bile y\u00fcksek kaliteyle \u00fcretilebilmesine imk\u00e2n tan\u0131r.<\/p>\n<p>[\/vc_column_text][\/vc_column][\/vc_row][vc_row padding_top_multiplier=&#8221;&#8221; padding_bottom_multiplier=&#8221;&#8221; margin_bottom=&#8221;20&#8243;][vc_column width=&#8221;1\/2&#8243;][vc_column_text]<img loading=\"lazy\" decoding=\"async\" class=\"aligncenter size-large wp-image-3332\" src=\"https:\/\/kalkanci.com\/wp-content\/uploads\/2022\/09\/Dokumhane-1024x1024.jpg\" alt=\"Al\u00fcminyum D\u00f6k\u00fcm\" width=\"1024\" height=\"1024\" srcset=\"https:\/\/kalkanci.com\/wp-content\/uploads\/2022\/09\/Dokumhane-1024x1024.jpg 1024w, https:\/\/kalkanci.com\/wp-content\/uploads\/2022\/09\/Dokumhane-300x300.jpg 300w, https:\/\/kalkanci.com\/wp-content\/uploads\/2022\/09\/Dokumhane-150x150.jpg 150w, https:\/\/kalkanci.com\/wp-content\/uploads\/2022\/09\/Dokumhane-768x768.jpg 768w, https:\/\/kalkanci.com\/wp-content\/uploads\/2022\/09\/Dokumhane-560x560.jpg 560w, https:\/\/kalkanci.com\/wp-content\/uploads\/2022\/09\/Dokumhane-900x900.jpg 900w, https:\/\/kalkanci.com\/wp-content\/uploads\/2022\/09\/Dokumhane.jpg 1200w\" sizes=\"auto, (max-width: 1024px) 100vw, 1024px\" \/>[\/vc_column_text][\/vc_column][vc_column width=&#8221;1\/2&#8243;][vc_column_text]<\/p>\n<p style=\"text-align: justify;\"><strong>KALKANCI<\/strong>, basma kuvveti 4000 kN ile 20.000 kN aras\u0131nda de\u011fi\u015fen 18 proses kontroll\u00fc <strong>Al\u00fcminyum So\u011fuk Kamaral\u0131 D\u00f6k\u00fcm<\/strong> Tezgah\u0131na sahiptir. Bunlardan 8 tanesi, y\u00fcksek hacimlerde bile tutarl\u0131 kaliteyi garanti eden end\u00fcstriyel robotlarla donat\u0131lm\u0131\u015ft\u0131r. \u00c7evrimi\u00e7i \u00fcretim y\u00f6netim sistemi ile \u00e7evrimi\u00e7i izleme ve planlama, g\u00fcnde 24 saat ger\u00e7ekle\u015ftirilir ve veriler otomatik olarak toplan\u0131r. Bu ba\u011flamda sahip oldu\u011fumuz di\u011fer ekipmanlar \u015funlard\u0131r;<\/p>\n<ul>\n<li>T\u00fcm tezgahlar\u0131m\u0131z otomatik kal\u0131p ya\u011flama robotuna sahiptir.<\/li>\n<li>7 tanesi dozajl\u0131 ocaklarla olmak \u00fczere t\u00fcm tezgahlar\u0131m\u0131z tam otomatik kep\u00e7e sistemi kullan\u0131larak <strong><a title=\"Al\u00fcminyum Ala\u015f\u0131mlar\u0131\" href=\"https:\/\/kalkanci.com\/tr\/basincli-dokumde-kullanilan-aluminyum-alasimlari\/\">malzeme<\/a><\/strong> ile beslenmektedir.<\/li>\n<li>H\u00fccre sistemine uygun olarak \u00e7al\u0131\u015fan, y\u00fcksek adetli par\u00e7alarda en uygun fiyat avantaj\u0131n\u0131 ve en y\u00fcksek kalite standartlar\u0131n\u0131 sa\u011flayan 8 adet 6 eksenli d\u00f6k\u00fcm robotu kullan\u0131larak \u00fcretim yapmaktay\u0131z.<\/li>\n<\/ul>\n<p>[\/vc_column_text][\/vc_column][\/vc_row][vc_row padding_top_multiplier=&#8221;&#8221; padding_bottom_multiplier=&#8221;&#8221; margin_bottom=&#8221;20&#8243;][vc_column][vc_column_text]<\/p>\n<p style=\"text-align: justify;\">Kalkanc\u0131 olarak, yak\u0131n bir zamanda t\u00fcm tezgahlar\u0131m\u0131z\u0131 h\u00fccre sistemine uygun hale getirerek verimlili\u011fimizi ve fiyat avantaj\u0131m\u0131z\u0131 daha da artt\u0131rmay\u0131 hedefliyoruz.<\/p>\n<p>[\/vc_column_text][\/vc_column][\/vc_row][vc_row padding_top_multiplier=&#8221;&#8221; padding_bottom_multiplier=&#8221;&#8221; margin_bottom=&#8221;20&#8243;][vc_column]<div class=\"eut-element eut-gallery eut-isotope eut-gallery-popup eut-with-gap\" style=\"\" data-columns=\"3\" data-columns-large-screen=\"3\" data-columns-tablet-landscape=\"3\" data-columns-tablet-portrait=\"3\" data-columns-mobile=\"2\" data-layout=\"fitRows\" data-gutter-size=\"40\">  <div class=\"eut-isotope-container\"><div class=\"eut-isotope-item eut-hover-item eut-hover-style-none\"><div class=\"eut-isotope-item-inner eut-zoom-in\">  <figure class=\"eut-image-hover\">    <a class=\"eut-item-url\" href=\"https:\/\/kalkanci.com\/wp-content\/uploads\/2021\/04\/Dokum-Dokumhane-09.jpg\" ><\/a>    <div class=\"eut-hover-overlay eut-bg-blue eut-opacity-30\"><\/div><div class=\"eut-media\"><img loading=\"lazy\" decoding=\"async\" width=\"560\" height=\"560\" src=\"https:\/\/kalkanci.com\/wp-content\/uploads\/2021\/04\/Dokum-Dokumhane-09-560x560.jpg\" class=\"attachment-fildisi-eutf-small-square size-fildisi-eutf-small-square\" alt=\"D\u00f6k\u00fcm ve D\u00f6k\u00fcmhane\" srcset=\"https:\/\/kalkanci.com\/wp-content\/uploads\/2021\/04\/Dokum-Dokumhane-09-560x560.jpg 560w, https:\/\/kalkanci.com\/wp-content\/uploads\/2021\/04\/Dokum-Dokumhane-09-300x300.jpg 300w, https:\/\/kalkanci.com\/wp-content\/uploads\/2021\/04\/Dokum-Dokumhane-09-1024x1024.jpg 1024w, https:\/\/kalkanci.com\/wp-content\/uploads\/2021\/04\/Dokum-Dokumhane-09-150x150.jpg 150w, https:\/\/kalkanci.com\/wp-content\/uploads\/2021\/04\/Dokum-Dokumhane-09-768x768.jpg 768w, https:\/\/kalkanci.com\/wp-content\/uploads\/2021\/04\/Dokum-Dokumhane-09-900x900.jpg 900w, https:\/\/kalkanci.com\/wp-content\/uploads\/2021\/04\/Dokum-Dokumhane-09.jpg 1200w\" sizes=\"auto, (max-width: 560px) 100vw, 560px\" \/><\/div>  <\/figure><\/div><\/div><div class=\"eut-isotope-item eut-hover-item eut-hover-style-none\"><div class=\"eut-isotope-item-inner eut-zoom-in\">  <figure class=\"eut-image-hover\">    <a class=\"eut-item-url\" href=\"https:\/\/kalkanci.com\/wp-content\/uploads\/2021\/04\/Dokum-Dokumhane-06.jpg\" ><\/a>    <div class=\"eut-hover-overlay eut-bg-blue eut-opacity-30\"><\/div><div class=\"eut-media\"><img loading=\"lazy\" decoding=\"async\" width=\"560\" height=\"560\" src=\"https:\/\/kalkanci.com\/wp-content\/uploads\/2021\/04\/Dokum-Dokumhane-06-560x560.jpg\" class=\"attachment-fildisi-eutf-small-square size-fildisi-eutf-small-square\" alt=\"D\u00f6k\u00fcm ve D\u00f6k\u00fcmhane\" srcset=\"https:\/\/kalkanci.com\/wp-content\/uploads\/2021\/04\/Dokum-Dokumhane-06-560x560.jpg 560w, https:\/\/kalkanci.com\/wp-content\/uploads\/2021\/04\/Dokum-Dokumhane-06-300x300.jpg 300w, https:\/\/kalkanci.com\/wp-content\/uploads\/2021\/04\/Dokum-Dokumhane-06-1024x1024.jpg 1024w, https:\/\/kalkanci.com\/wp-content\/uploads\/2021\/04\/Dokum-Dokumhane-06-150x150.jpg 150w, https:\/\/kalkanci.com\/wp-content\/uploads\/2021\/04\/Dokum-Dokumhane-06-768x768.jpg 768w, https:\/\/kalkanci.com\/wp-content\/uploads\/2021\/04\/Dokum-Dokumhane-06-900x900.jpg 900w, https:\/\/kalkanci.com\/wp-content\/uploads\/2021\/04\/Dokum-Dokumhane-06.jpg 1200w\" sizes=\"auto, (max-width: 560px) 100vw, 560px\" \/><\/div>  <\/figure><\/div><\/div><div class=\"eut-isotope-item eut-hover-item eut-hover-style-none\"><div class=\"eut-isotope-item-inner eut-zoom-in\">  <figure class=\"eut-image-hover\">    <a class=\"eut-item-url\" href=\"https:\/\/kalkanci.com\/wp-content\/uploads\/2021\/04\/Dokum-Dokumhane-05.jpg\" ><\/a>    <div class=\"eut-hover-overlay eut-bg-blue eut-opacity-30\"><\/div><div class=\"eut-media\"><img loading=\"lazy\" decoding=\"async\" width=\"560\" height=\"560\" src=\"https:\/\/kalkanci.com\/wp-content\/uploads\/2021\/04\/Dokum-Dokumhane-05-560x560.jpg\" class=\"attachment-fildisi-eutf-small-square size-fildisi-eutf-small-square\" alt=\"D\u00f6k\u00fcm ve D\u00f6k\u00fcmhane\" srcset=\"https:\/\/kalkanci.com\/wp-content\/uploads\/2021\/04\/Dokum-Dokumhane-05-560x560.jpg 560w, https:\/\/kalkanci.com\/wp-content\/uploads\/2021\/04\/Dokum-Dokumhane-05-300x300.jpg 300w, https:\/\/kalkanci.com\/wp-content\/uploads\/2021\/04\/Dokum-Dokumhane-05-1024x1024.jpg 1024w, https:\/\/kalkanci.com\/wp-content\/uploads\/2021\/04\/Dokum-Dokumhane-05-150x150.jpg 150w, https:\/\/kalkanci.com\/wp-content\/uploads\/2021\/04\/Dokum-Dokumhane-05-768x768.jpg 768w, https:\/\/kalkanci.com\/wp-content\/uploads\/2021\/04\/Dokum-Dokumhane-05-900x900.jpg 900w, https:\/\/kalkanci.com\/wp-content\/uploads\/2021\/04\/Dokum-Dokumhane-05.jpg 1200w\" sizes=\"auto, (max-width: 560px) 100vw, 560px\" \/><\/div>  <\/figure><\/div><\/div><div class=\"eut-isotope-item eut-hover-item eut-hover-style-none\"><div class=\"eut-isotope-item-inner eut-zoom-in\">  <figure class=\"eut-image-hover\">    <a class=\"eut-item-url\" href=\"https:\/\/kalkanci.com\/wp-content\/uploads\/2021\/04\/Dokum-Dokumhane-04.jpg\" ><\/a>    <div class=\"eut-hover-overlay eut-bg-blue eut-opacity-30\"><\/div><div class=\"eut-media\"><img loading=\"lazy\" decoding=\"async\" width=\"560\" height=\"560\" src=\"https:\/\/kalkanci.com\/wp-content\/uploads\/2021\/04\/Dokum-Dokumhane-04-560x560.jpg\" class=\"attachment-fildisi-eutf-small-square size-fildisi-eutf-small-square\" alt=\"D\u00f6k\u00fcm ve D\u00f6k\u00fcmhane\" srcset=\"https:\/\/kalkanci.com\/wp-content\/uploads\/2021\/04\/Dokum-Dokumhane-04-560x560.jpg 560w, https:\/\/kalkanci.com\/wp-content\/uploads\/2021\/04\/Dokum-Dokumhane-04-300x300.jpg 300w, https:\/\/kalkanci.com\/wp-content\/uploads\/2021\/04\/Dokum-Dokumhane-04-1024x1024.jpg 1024w, https:\/\/kalkanci.com\/wp-content\/uploads\/2021\/04\/Dokum-Dokumhane-04-150x150.jpg 150w, https:\/\/kalkanci.com\/wp-content\/uploads\/2021\/04\/Dokum-Dokumhane-04-768x768.jpg 768w, https:\/\/kalkanci.com\/wp-content\/uploads\/2021\/04\/Dokum-Dokumhane-04-900x900.jpg 900w, https:\/\/kalkanci.com\/wp-content\/uploads\/2021\/04\/Dokum-Dokumhane-04.jpg 1200w\" sizes=\"auto, (max-width: 560px) 100vw, 560px\" \/><\/div>  <\/figure><\/div><\/div><div class=\"eut-isotope-item eut-hover-item eut-hover-style-none\"><div class=\"eut-isotope-item-inner eut-zoom-in\">  <figure class=\"eut-image-hover\">    <a class=\"eut-item-url\" href=\"https:\/\/kalkanci.com\/wp-content\/uploads\/2021\/04\/Dokum-Dokumhane-03.jpg\" ><\/a>    <div class=\"eut-hover-overlay eut-bg-blue eut-opacity-30\"><\/div><div class=\"eut-media\"><img loading=\"lazy\" decoding=\"async\" width=\"560\" height=\"560\" src=\"https:\/\/kalkanci.com\/wp-content\/uploads\/2021\/04\/Dokum-Dokumhane-03-560x560.jpg\" class=\"attachment-fildisi-eutf-small-square size-fildisi-eutf-small-square\" alt=\"D\u00f6k\u00fcm ve D\u00f6k\u00fcmhane\" srcset=\"https:\/\/kalkanci.com\/wp-content\/uploads\/2021\/04\/Dokum-Dokumhane-03-560x560.jpg 560w, https:\/\/kalkanci.com\/wp-content\/uploads\/2021\/04\/Dokum-Dokumhane-03-300x300.jpg 300w, https:\/\/kalkanci.com\/wp-content\/uploads\/2021\/04\/Dokum-Dokumhane-03-1024x1024.jpg 1024w, https:\/\/kalkanci.com\/wp-content\/uploads\/2021\/04\/Dokum-Dokumhane-03-150x150.jpg 150w, https:\/\/kalkanci.com\/wp-content\/uploads\/2021\/04\/Dokum-Dokumhane-03-768x768.jpg 768w, https:\/\/kalkanci.com\/wp-content\/uploads\/2021\/04\/Dokum-Dokumhane-03-900x900.jpg 900w, https:\/\/kalkanci.com\/wp-content\/uploads\/2021\/04\/Dokum-Dokumhane-03.jpg 1200w\" sizes=\"auto, (max-width: 560px) 100vw, 560px\" \/><\/div>  <\/figure><\/div><\/div><div class=\"eut-isotope-item eut-hover-item eut-hover-style-none\"><div class=\"eut-isotope-item-inner eut-zoom-in\">  <figure class=\"eut-image-hover\">    <a class=\"eut-item-url\" href=\"https:\/\/kalkanci.com\/wp-content\/uploads\/2021\/04\/Dokum-Dokumhane-02.jpg\" ><\/a>    <div class=\"eut-hover-overlay eut-bg-blue eut-opacity-30\"><\/div><div class=\"eut-media\"><img loading=\"lazy\" decoding=\"async\" width=\"560\" height=\"560\" src=\"https:\/\/kalkanci.com\/wp-content\/uploads\/2021\/04\/Dokum-Dokumhane-02-560x560.jpg\" class=\"attachment-fildisi-eutf-small-square size-fildisi-eutf-small-square\" alt=\"D\u00f6k\u00fcm ve D\u00f6k\u00fcmhane\" srcset=\"https:\/\/kalkanci.com\/wp-content\/uploads\/2021\/04\/Dokum-Dokumhane-02-560x560.jpg 560w, https:\/\/kalkanci.com\/wp-content\/uploads\/2021\/04\/Dokum-Dokumhane-02-300x300.jpg 300w, https:\/\/kalkanci.com\/wp-content\/uploads\/2021\/04\/Dokum-Dokumhane-02-1024x1024.jpg 1024w, https:\/\/kalkanci.com\/wp-content\/uploads\/2021\/04\/Dokum-Dokumhane-02-150x150.jpg 150w, https:\/\/kalkanci.com\/wp-content\/uploads\/2021\/04\/Dokum-Dokumhane-02-768x768.jpg 768w, https:\/\/kalkanci.com\/wp-content\/uploads\/2021\/04\/Dokum-Dokumhane-02-900x900.jpg 900w, https:\/\/kalkanci.com\/wp-content\/uploads\/2021\/04\/Dokum-Dokumhane-02.jpg 1200w\" sizes=\"auto, (max-width: 560px) 100vw, 560px\" \/><\/div>  <\/figure><\/div><\/div>  <\/div><\/div>[\/vc_column][\/vc_row][vc_row padding_top_multiplier=&#8221;&#8221; padding_bottom_multiplier=&#8221;&#8221; margin_bottom=&#8221;20&#8243;][vc_column width=&#8221;1\/2&#8243;][vc_column_text]<\/p>\n<p style=\"text-align: justify;\">KALKANCI olarak \u00fcr\u00fcn kalitesi ve m\u00fc\u015fteri memnuniyetini en \u00fcst seviyede sa\u011flayabilmek i\u00e7in hem <strong>ala\u015f\u0131mland\u0131rma<\/strong> s\u00fcrecinde hem de d\u00f6k\u00fcm sonras\u0131ndaki\u00a0<strong>billet <\/strong>s\u00fcrecinde \u00fcr\u00fcnlerden numuneler toplayarak kontrol sa\u011fl\u0131yoruz.<\/p>\n<h3>\u00dcretim Y\u00f6netim \u0130zleme S\u00fcreci<\/h3>\n<p style=\"text-align: justify;\">T\u00fcrkiye\u2019nin \u00f6nde gelen \u00fcretim y\u00f6netim sistemlerini ger\u00e7ekle\u015ftiren firma ile g\u00fc\u00e7l\u00fc i\u015fbirli\u011fimiz sayesinde t\u00fcm tezgahlar\u0131m\u0131zdan ve CNC i\u015fleme merkezlerimizden 7 \u2013 24 online olarak veri toplamaktay\u0131z.<\/p>\n<p style=\"text-align: justify;\">Operasyonlar\u0131m\u0131z\u0131 anl\u0131k olarak takip ederek belli kriterlere g\u00f6re \u00fcretimimize s\u00fcrekli geri beslemeler sunarak verimlili\u011fimizi ve kullan\u0131labilirli\u011fimizi artt\u0131rmaktay\u0131z.<\/p>\n<p>[\/vc_column_text][\/vc_column][vc_column width=&#8221;1\/2&#8243;][vc_column_text]<img loading=\"lazy\" decoding=\"async\" class=\"aligncenter size-large wp-image-583\" src=\"https:\/\/kalkanci.com\/wp-content\/uploads\/2021\/04\/Dokum-Dokumhane-07-1024x1024.jpg\" alt=\"D\u00f6k\u00fcm ve D\u00f6k\u00fcmhane\" width=\"1024\" height=\"1024\" srcset=\"https:\/\/kalkanci.com\/wp-content\/uploads\/2021\/04\/Dokum-Dokumhane-07-1024x1024.jpg 1024w, https:\/\/kalkanci.com\/wp-content\/uploads\/2021\/04\/Dokum-Dokumhane-07-300x300.jpg 300w, https:\/\/kalkanci.com\/wp-content\/uploads\/2021\/04\/Dokum-Dokumhane-07-150x150.jpg 150w, https:\/\/kalkanci.com\/wp-content\/uploads\/2021\/04\/Dokum-Dokumhane-07-768x768.jpg 768w, https:\/\/kalkanci.com\/wp-content\/uploads\/2021\/04\/Dokum-Dokumhane-07-560x560.jpg 560w, https:\/\/kalkanci.com\/wp-content\/uploads\/2021\/04\/Dokum-Dokumhane-07-900x900.jpg 900w, https:\/\/kalkanci.com\/wp-content\/uploads\/2021\/04\/Dokum-Dokumhane-07.jpg 1200w\" sizes=\"auto, (max-width: 1024px) 100vw, 1024px\" \/>[\/vc_column_text][\/vc_column][\/vc_row][vc_row padding_top_multiplier=&#8221;&#8221; padding_bottom_multiplier=&#8221;&#8221; margin_bottom=&#8221;20&#8243;][vc_column][vc_column_text]<\/p>\n<p style=\"text-align: justify;\">Anl\u0131k \u00fcretim organizasyonlar\u0131n\u0131n yap\u0131lmas\u0131na ek olarak i\u015fletmede normalde fark edilmeyen h\u0131z d\u00fc\u015f\u00fcm\u00fc, duru\u015f, ar\u0131za, bekleme, kalite kay\u0131plar\u0131n\u0131n nedenleri ile birlikte g\u00f6r\u00fcn\u00fcr olmas\u0131n\u0131 ve analizler yap\u0131larak k\u00f6k nedenlerinin tespit edilmesi yolu ile daha sa\u011fl\u0131kl\u0131 \u00fcretim yapmaktay\u0131z. Yapt\u0131\u011f\u0131m\u0131z t\u00fcm yat\u0131r\u0131mlar ve iyile\u015ftirmeler ile <strong>end\u00fcstri 4.0<\/strong> \u00e7er\u00e7evesinde ak\u0131ll\u0131 ve dijital fabrika d\u00f6n\u00fc\u015f\u00fcmlerimize devam etmekteyiz.<\/p>\n<p>[\/vc_column_text][\/vc_column][\/vc_row]<\/p>\n<\/div>","protected":false},"excerpt":{"rendered":"<p>[vc_row padding_top_multiplier=&#8221;&#8221; padding_bottom_multiplier=&#8221;&#8221; margin_bottom=&#8221;40&#8243;][vc_column][vc_column_text] \u201cD\u00f6kmek\u201d eyleminden alan ismini alan D\u00f6k\u00fcm, en yal\u0131n haliyle ergitilen madde ya da madenlerin belirli kal\u0131plara d\u00f6k\u00fclerek \u015fekillendirilmesi s\u00fcrecidir. D\u00f6k\u00fcm eylemindeki nihai ama\u00e7 maddelerin eritilerek fayda sa\u011flayan kullan\u0131labilir \u00fcr\u00fcnlere d\u00f6n\u00fc\u015ft\u00fcr\u00fclmesidir. Metal enjeksiyon, veya Bas\u0131n\u00e7l\u0131 d\u00f6k\u00fcm erimi\u015f metalin y\u00fcksek bas\u0131n\u00e7 alt\u0131nda kal\u0131p bo\u015flu\u011fu i\u00e7ine bas\u0131lmas\u0131yla yap\u0131lan bir metal d\u00f6k\u00fcm i\u015flemidir. Kal\u0131p bo\u015flu\u011fu, [&hellip;]<\/p>\n","protected":false},"author":1,"featured_media":0,"parent":521,"menu_order":0,"comment_status":"closed","ping_status":"closed","template":"","meta":{"_seopress_robots_primary_cat":"","_seopress_titles_title":"Al\u00fcminyum D\u00f6k\u00fcm | Kalkanc\u0131 Pres D\u00f6k\u00fcm ve Kal\u0131p","_seopress_titles_desc":"Firmam\u0131zda yer alan Al\u00fcminyum So\u011fuk Kamara Makineleri ile Al\u00fcminyum D\u00f6k\u00fcm Kal\u0131p alan\u0131nda h\u0131zl\u0131 \u00e7\u00f6z\u00fcmler sa\u011fl\u0131yoruz.","_seopress_robots_index":"","footnotes":""},"class_list":["post-576","page","type-page","status-publish","hentry"],"_links":{"self":[{"href":"https:\/\/kalkanci.com\/tr\/wp-json\/wp\/v2\/pages\/576","targetHints":{"allow":["GET"]}}],"collection":[{"href":"https:\/\/kalkanci.com\/tr\/wp-json\/wp\/v2\/pages"}],"about":[{"href":"https:\/\/kalkanci.com\/tr\/wp-json\/wp\/v2\/types\/page"}],"author":[{"embeddable":true,"href":"https:\/\/kalkanci.com\/tr\/wp-json\/wp\/v2\/users\/1"}],"replies":[{"embeddable":true,"href":"https:\/\/kalkanci.com\/tr\/wp-json\/wp\/v2\/comments?post=576"}],"version-history":[{"count":2,"href":"https:\/\/kalkanci.com\/tr\/wp-json\/wp\/v2\/pages\/576\/revisions"}],"predecessor-version":[{"id":3717,"href":"https:\/\/kalkanci.com\/tr\/wp-json\/wp\/v2\/pages\/576\/revisions\/3717"}],"up":[{"embeddable":true,"href":"https:\/\/kalkanci.com\/tr\/wp-json\/wp\/v2\/pages\/521"}],"wp:attachment":[{"href":"https:\/\/kalkanci.com\/tr\/wp-json\/wp\/v2\/media?parent=576"}],"curies":[{"name":"wp","href":"https:\/\/api.w.org\/{rel}","templated":true}]}}