{"id":591,"date":"2021-04-06T01:42:48","date_gmt":"2021-04-05T22:42:48","guid":{"rendered":"http:\/\/kreabazsunum.com\/kalkanci\/?page_id=591"},"modified":"2022-09-29T16:20:54","modified_gmt":"2022-09-29T13:20:54","slug":"aluminyum-cnc-isleme","status":"publish","type":"page","link":"https:\/\/kalkanci.com\/tr\/yetenekler\/aluminyum-cnc-isleme\/","title":{"rendered":"Al\u00fcminyum CNC \u0130\u015fleme"},"content":{"rendered":"<div class=\"wpb-content-wrapper\"><p>[vc_row padding_top_multiplier=&#8221;&#8221; padding_bottom_multiplier=&#8221;&#8221; margin_bottom=&#8221;40&#8243;][vc_column][vc_column_text]<\/p>\n<p style=\"text-align: justify;\">\u0130malat s\u00fcrecini i\u00e7inde bar\u0131nd\u0131ran b\u00fct\u00fcn sekt\u00f6rler i\u00e7in vazge\u00e7ilmezbir yere sahip olan CNC makineleri ve CNC \u0130\u015fleme; otomotivden havac\u0131l\u0131\u011fa, uzay teknolojilerinden savunma sanayine, end\u00fcstriyel makinelerden enerji ve medikal sekt\u00f6rlere kadar farkl\u0131 bir\u00e7ok end\u00fcstride kullan\u0131lmaktad\u0131r. KALKANCI olarak bizlerin \u00fcretim s\u00fcrecimizde de CNC \u0130\u015fleme b\u00fcy\u00fck bir \u00f6neme sahiptir.<\/p>\n<p>[\/vc_column_text][\/vc_column][\/vc_row][vc_row padding_top_multiplier=&#8221;&#8221; padding_bottom_multiplier=&#8221;&#8221; margin_bottom=&#8221;10&#8243;][vc_column]<div class=\"eut-element eut-gallery eut-isotope eut-gallery-popup eut-with-gap\" style=\"\" data-columns=\"4\" data-columns-large-screen=\"4\" data-columns-tablet-landscape=\"4\" data-columns-tablet-portrait=\"4\" data-columns-mobile=\"2\" data-layout=\"fitRows\" data-gutter-size=\"40\">  <div class=\"eut-isotope-container\"><div class=\"eut-isotope-item eut-hover-item eut-hover-style-none\"><div class=\"eut-isotope-item-inner eut-zoom-in\">  <figure class=\"eut-image-hover\">    <a class=\"eut-item-url\" href=\"https:\/\/kalkanci.com\/wp-content\/uploads\/2021\/04\/CNC-Isleme-02.jpg\" ><\/a>    <div class=\"eut-hover-overlay eut-bg-blue eut-opacity-30\"><\/div><div class=\"eut-media\"><img loading=\"lazy\" decoding=\"async\" width=\"560\" height=\"560\" src=\"https:\/\/kalkanci.com\/wp-content\/uploads\/2021\/04\/CNC-Isleme-02-560x560.jpg\" class=\"attachment-fildisi-eutf-small-square size-fildisi-eutf-small-square\" alt=\"CNC \u0130\u015fleme Nedir?\" srcset=\"https:\/\/kalkanci.com\/wp-content\/uploads\/2021\/04\/CNC-Isleme-02-560x560.jpg 560w, https:\/\/kalkanci.com\/wp-content\/uploads\/2021\/04\/CNC-Isleme-02-150x150.jpg 150w, https:\/\/kalkanci.com\/wp-content\/uploads\/2021\/04\/CNC-Isleme-02-900x900.jpg 900w\" sizes=\"auto, (max-width: 560px) 100vw, 560px\" \/><\/div>  <\/figure><\/div><\/div><div class=\"eut-isotope-item eut-hover-item eut-hover-style-none\"><div class=\"eut-isotope-item-inner eut-zoom-in\">  <figure class=\"eut-image-hover\">    <a class=\"eut-item-url\" href=\"https:\/\/kalkanci.com\/wp-content\/uploads\/2022\/09\/CNC.jpg\" ><\/a>    <div class=\"eut-hover-overlay eut-bg-blue eut-opacity-30\"><\/div><div class=\"eut-media\"><img loading=\"lazy\" decoding=\"async\" width=\"560\" height=\"560\" src=\"https:\/\/kalkanci.com\/wp-content\/uploads\/2022\/09\/CNC-560x560.jpg\" class=\"attachment-fildisi-eutf-small-square size-fildisi-eutf-small-square\" alt=\"cnc\" srcset=\"https:\/\/kalkanci.com\/wp-content\/uploads\/2022\/09\/CNC-560x560.jpg 560w, https:\/\/kalkanci.com\/wp-content\/uploads\/2022\/09\/CNC-150x150.jpg 150w, https:\/\/kalkanci.com\/wp-content\/uploads\/2022\/09\/CNC-900x900.jpg 900w\" sizes=\"auto, (max-width: 560px) 100vw, 560px\" \/><\/div>  <\/figure><\/div><\/div><div class=\"eut-isotope-item eut-hover-item eut-hover-style-none\"><div class=\"eut-isotope-item-inner eut-zoom-in\">  <figure class=\"eut-image-hover\">    <a class=\"eut-item-url\" href=\"https:\/\/kalkanci.com\/wp-content\/uploads\/2021\/04\/CNC-Isleme-04.jpg\" ><\/a>    <div class=\"eut-hover-overlay eut-bg-blue eut-opacity-30\"><\/div><div class=\"eut-media\"><img loading=\"lazy\" decoding=\"async\" width=\"560\" height=\"560\" src=\"https:\/\/kalkanci.com\/wp-content\/uploads\/2021\/04\/CNC-Isleme-04-560x560.jpg\" class=\"attachment-fildisi-eutf-small-square size-fildisi-eutf-small-square\" alt=\"CNC \u0130\u015fleme Nedir?\" srcset=\"https:\/\/kalkanci.com\/wp-content\/uploads\/2021\/04\/CNC-Isleme-04-560x560.jpg 560w, https:\/\/kalkanci.com\/wp-content\/uploads\/2021\/04\/CNC-Isleme-04-150x150.jpg 150w, https:\/\/kalkanci.com\/wp-content\/uploads\/2021\/04\/CNC-Isleme-04-900x900.jpg 900w\" sizes=\"auto, (max-width: 560px) 100vw, 560px\" \/><\/div>  <\/figure><\/div><\/div><div class=\"eut-isotope-item eut-hover-item eut-hover-style-none\"><div class=\"eut-isotope-item-inner eut-zoom-in\">  <figure class=\"eut-image-hover\">    <a class=\"eut-item-url\" href=\"https:\/\/kalkanci.com\/wp-content\/uploads\/2021\/04\/CNC-Isleme-05.jpg\" ><\/a>    <div class=\"eut-hover-overlay eut-bg-blue eut-opacity-30\"><\/div><div class=\"eut-media\"><img loading=\"lazy\" decoding=\"async\" width=\"560\" height=\"560\" src=\"https:\/\/kalkanci.com\/wp-content\/uploads\/2021\/04\/CNC-Isleme-05-560x560.jpg\" class=\"attachment-fildisi-eutf-small-square size-fildisi-eutf-small-square\" alt=\"CNC \u0130\u015fleme Nedir?\" srcset=\"https:\/\/kalkanci.com\/wp-content\/uploads\/2021\/04\/CNC-Isleme-05-560x560.jpg 560w, https:\/\/kalkanci.com\/wp-content\/uploads\/2021\/04\/CNC-Isleme-05-150x150.jpg 150w, https:\/\/kalkanci.com\/wp-content\/uploads\/2021\/04\/CNC-Isleme-05-900x900.jpg 900w\" sizes=\"auto, (max-width: 560px) 100vw, 560px\" \/><\/div>  <\/figure><\/div><\/div><div class=\"eut-isotope-item eut-hover-item eut-hover-style-none\"><div class=\"eut-isotope-item-inner eut-zoom-in\">  <figure class=\"eut-image-hover\">    <a class=\"eut-item-url\" href=\"https:\/\/kalkanci.com\/wp-content\/uploads\/2021\/04\/CNC-Isleme-06.jpg\" ><\/a>    <div class=\"eut-hover-overlay eut-bg-blue eut-opacity-30\"><\/div><div class=\"eut-media\"><img loading=\"lazy\" decoding=\"async\" width=\"560\" height=\"560\" src=\"https:\/\/kalkanci.com\/wp-content\/uploads\/2021\/04\/CNC-Isleme-06-560x560.jpg\" class=\"attachment-fildisi-eutf-small-square size-fildisi-eutf-small-square\" alt=\"CNC \u0130\u015fleme Nedir?\" srcset=\"https:\/\/kalkanci.com\/wp-content\/uploads\/2021\/04\/CNC-Isleme-06-560x560.jpg 560w, https:\/\/kalkanci.com\/wp-content\/uploads\/2021\/04\/CNC-Isleme-06-150x150.jpg 150w, https:\/\/kalkanci.com\/wp-content\/uploads\/2021\/04\/CNC-Isleme-06-900x900.jpg 900w\" sizes=\"auto, (max-width: 560px) 100vw, 560px\" \/><\/div>  <\/figure><\/div><\/div><div class=\"eut-isotope-item eut-hover-item eut-hover-style-none\"><div class=\"eut-isotope-item-inner eut-zoom-in\">  <figure class=\"eut-image-hover\">    <a class=\"eut-item-url\" href=\"https:\/\/kalkanci.com\/wp-content\/uploads\/2021\/04\/CNC-Isleme-07.jpg\" ><\/a>    <div class=\"eut-hover-overlay eut-bg-blue eut-opacity-30\"><\/div><div class=\"eut-media\"><img loading=\"lazy\" decoding=\"async\" width=\"560\" height=\"560\" src=\"https:\/\/kalkanci.com\/wp-content\/uploads\/2021\/04\/CNC-Isleme-07-560x560.jpg\" class=\"attachment-fildisi-eutf-small-square size-fildisi-eutf-small-square\" alt=\"CNC \u0130\u015fleme Nedir?\" srcset=\"https:\/\/kalkanci.com\/wp-content\/uploads\/2021\/04\/CNC-Isleme-07-560x560.jpg 560w, https:\/\/kalkanci.com\/wp-content\/uploads\/2021\/04\/CNC-Isleme-07-150x150.jpg 150w, https:\/\/kalkanci.com\/wp-content\/uploads\/2021\/04\/CNC-Isleme-07-900x900.jpg 900w\" sizes=\"auto, (max-width: 560px) 100vw, 560px\" \/><\/div>  <\/figure><\/div><\/div><div class=\"eut-isotope-item eut-hover-item eut-hover-style-none\"><div class=\"eut-isotope-item-inner eut-zoom-in\">  <figure class=\"eut-image-hover\">    <a class=\"eut-item-url\" href=\"https:\/\/kalkanci.com\/wp-content\/uploads\/2021\/04\/CNC-Isleme-08.jpg\" ><\/a>    <div class=\"eut-hover-overlay eut-bg-blue eut-opacity-30\"><\/div><div class=\"eut-media\"><img loading=\"lazy\" decoding=\"async\" width=\"560\" height=\"560\" src=\"https:\/\/kalkanci.com\/wp-content\/uploads\/2021\/04\/CNC-Isleme-08-560x560.jpg\" class=\"attachment-fildisi-eutf-small-square size-fildisi-eutf-small-square\" alt=\"CNC \u0130\u015fleme Nedir?\" srcset=\"https:\/\/kalkanci.com\/wp-content\/uploads\/2021\/04\/CNC-Isleme-08-560x560.jpg 560w, https:\/\/kalkanci.com\/wp-content\/uploads\/2021\/04\/CNC-Isleme-08-150x150.jpg 150w, https:\/\/kalkanci.com\/wp-content\/uploads\/2021\/04\/CNC-Isleme-08-900x900.jpg 900w\" sizes=\"auto, (max-width: 560px) 100vw, 560px\" \/><\/div>  <\/figure><\/div><\/div><div class=\"eut-isotope-item eut-hover-item eut-hover-style-none\"><div class=\"eut-isotope-item-inner eut-zoom-in\">  <figure class=\"eut-image-hover\">    <a class=\"eut-item-url\" href=\"https:\/\/kalkanci.com\/wp-content\/uploads\/2021\/04\/CNC-Isleme-09.jpg\" ><\/a>    <div class=\"eut-hover-overlay eut-bg-blue eut-opacity-30\"><\/div><div class=\"eut-media\"><img loading=\"lazy\" decoding=\"async\" width=\"560\" height=\"560\" src=\"https:\/\/kalkanci.com\/wp-content\/uploads\/2021\/04\/CNC-Isleme-09-560x560.jpg\" class=\"attachment-fildisi-eutf-small-square size-fildisi-eutf-small-square\" alt=\"CNC \u0130\u015fleme Nedir?\" srcset=\"https:\/\/kalkanci.com\/wp-content\/uploads\/2021\/04\/CNC-Isleme-09-560x560.jpg 560w, https:\/\/kalkanci.com\/wp-content\/uploads\/2021\/04\/CNC-Isleme-09-150x150.jpg 150w, https:\/\/kalkanci.com\/wp-content\/uploads\/2021\/04\/CNC-Isleme-09-900x900.jpg 900w\" sizes=\"auto, (max-width: 560px) 100vw, 560px\" \/><\/div>  <\/figure><\/div><\/div>  <\/div><\/div>[\/vc_column][\/vc_row][vc_row padding_top_multiplier=&#8221;&#8221; padding_bottom_multiplier=&#8221;&#8221; margin_bottom=&#8221;20&#8243;][vc_column][vc_column_text]<\/p>\n<h2>CNC Nedir?<\/h2>\n<p style=\"text-align: justify;\">Bir k\u0131saltma olan CNC, \u0130ngilizce \u201cComputer Numerical Control\u201d kelimelerinin ba\u015f harflerinden olu\u015fur ve T\u00fcrk\u00e7e kar\u015f\u0131l\u0131\u011f\u0131 \u201c<strong>Bilgisayar Say\u0131l\u0131ml\u0131 Y\u00f6netim<\/strong>\u201ddir. Geli\u015fen teknolojinin \u00fcretim s\u00fcrecine en \u00f6nemli katk\u0131lar\u0131ndan biri olan CNC, tezgah \u00fczerinde yer alan i\u015f milinin verilen koordinatlar\u0131 takip ederek \u00fcr\u00fcn\u00fc ortaya \u00e7\u0131karmas\u0131 s\u00fcrecidir. Farkl\u0131 kesme ve delme aletlerine sahip olan makine, \u00fczerindeki blok ya da plakalar\u0131 y\u00fcksek hassasiyetle i\u015flemektedir.<\/p>\n<p style=\"text-align: justify;\"><strong>CNC Tezgahlar\u0131 <\/strong>ve teknolojisi hem imalattaki \u00fcretim s\u00fcresini hem de fire oran\u0131n\u0131 bir hayli azaltmaktad\u0131r.<\/p>\n<p style=\"text-align: justify;\">Bilgisayar teknolojisi ve programlama ile b\u00fct\u00fcnle\u015fik olan <strong>CNC Makinesi<\/strong>; \u00fcretim s\u00fcrecini daha h\u0131zl\u0131, g\u00fcvenilir ve verimli hale getirmektedir. \u0130malatta seri ve hatas\u0131z \u00fcretim avantaj\u0131 sundu\u011fu i\u00e7in CNC Makineleri arz talep dengesinde de b\u00fcy\u00fck \u00f6neme sahiptir.<\/p>\n<p>[\/vc_column_text][\/vc_column][\/vc_row][vc_row padding_top_multiplier=&#8221;&#8221; padding_bottom_multiplier=&#8221;&#8221; margin_bottom=&#8221;20&#8243;][vc_column][vc_column_text]<\/p>\n<h3>CNC Hizmetlerimiz<\/h3>\n<p style=\"text-align: justify;\">\u00c7ok eksenli CNC cihazlar\u0131m\u0131zla kompleks ya da basit fark etmeksizin diledi\u011finiz \u015fekil, boyut ve hassasl\u0131ktaki \u00fcr\u00fcnleri haz\u0131r hale getirebiliyoruz. <strong>KALKANCI<\/strong> olarak b\u00fcnyemizde yer alan y\u00fcksek kabiliyetli <strong>CNC Makinelerimiz<\/strong>, yetkin personelimiz ve y\u0131llara dayanan tecr\u00fcbemiz ile siz de\u011ferli m\u00fc\u015fterilerimizin talep etti\u011fi al\u00fcminyum par\u00e7alar\u0131n \u00fcretimini hassasiyetle yapabiliyoruz.<\/p>\n<p>\u00dcretim hatt\u0131m\u0131zda yer alan CNC \u0130\u015fleme ile \u015fu avantajlar\u0131 siz de\u011ferli m\u00fc\u015fterilerimize sunmaktay\u0131z;<\/p>\n<ul>\n<li>CNC \u0130\u015fleme ile \u00fcretilen \u00fcr\u00fcnlerin hem mekanik hem de \u0131s\u0131 dayan\u0131m\u0131 olduk\u00e7a y\u00fcksek olmaktad\u0131r.<\/li>\n<li>Y\u00fcksek hassasiyete sahip olan CNC makineleri ile ince i\u015f\u00e7ilik gerektiren tasar\u0131mlar bile olduk\u00e7a etkili \u015fekilde ortaya \u00e7\u0131kar\u0131labilmektedir.<\/li>\n<li>Prototip olu\u015fturma ve seri \u00fcretim gibi iki farkl\u0131 u\u00e7taki ama\u00e7 i\u00e7in hizmet sa\u011flanabilmektedir.<\/li>\n<li>Makinalar\u0131m\u0131z\u0131n \u00e7ok eksenli olmas\u0131 sayesinde karma\u015f\u0131k yap\u0131l\u0131 \u00fcr\u00fcnler bile kolayl\u0131kla \u00fcretilebilmektedir.<\/li>\n<\/ul>\n<p>[\/vc_column_text][\/vc_column][\/vc_row]<\/p>\n<\/div>","protected":false},"excerpt":{"rendered":"<p>[vc_row padding_top_multiplier=&#8221;&#8221; padding_bottom_multiplier=&#8221;&#8221; margin_bottom=&#8221;40&#8243;][vc_column][vc_column_text] \u0130malat s\u00fcrecini i\u00e7inde bar\u0131nd\u0131ran b\u00fct\u00fcn sekt\u00f6rler i\u00e7in vazge\u00e7ilmezbir yere sahip olan CNC makineleri ve CNC \u0130\u015fleme; otomotivden havac\u0131l\u0131\u011fa, uzay teknolojilerinden savunma sanayine, end\u00fcstriyel makinelerden enerji ve medikal sekt\u00f6rlere kadar farkl\u0131 bir\u00e7ok end\u00fcstride kullan\u0131lmaktad\u0131r. KALKANCI olarak bizlerin \u00fcretim s\u00fcrecimizde de CNC \u0130\u015fleme b\u00fcy\u00fck bir \u00f6neme sahiptir. [\/vc_column_text][\/vc_column][\/vc_row][vc_row padding_top_multiplier=&#8221;&#8221; padding_bottom_multiplier=&#8221;&#8221; margin_bottom=&#8221;10&#8243;][vc_column][\/vc_column][\/vc_row][vc_row padding_top_multiplier=&#8221;&#8221; padding_bottom_multiplier=&#8221;&#8221; [&hellip;]<\/p>\n","protected":false},"author":1,"featured_media":0,"parent":521,"menu_order":0,"comment_status":"closed","ping_status":"closed","template":"","meta":{"_seopress_robots_primary_cat":"","_seopress_titles_title":"Al\u00fcminyum CNC \u0130\u015fleme | Kalkanc\u0131 Pres D\u00f6k\u00fcm ve Kal\u0131p","_seopress_titles_desc":"CNC cihazlar\u0131m\u0131zla her t\u00fcrl\u00fc Al\u00fcminyum D\u00f6k\u00fcm Kal\u0131p \u00fcr\u00fcnlerini i\u015fleyebiliyor, farkl\u0131 sekt\u00f6rlerde hizmet sa\u011flayabiliyoruz.","_seopress_robots_index":"","footnotes":""},"class_list":["post-591","page","type-page","status-publish","hentry"],"_links":{"self":[{"href":"https:\/\/kalkanci.com\/tr\/wp-json\/wp\/v2\/pages\/591","targetHints":{"allow":["GET"]}}],"collection":[{"href":"https:\/\/kalkanci.com\/tr\/wp-json\/wp\/v2\/pages"}],"about":[{"href":"https:\/\/kalkanci.com\/tr\/wp-json\/wp\/v2\/types\/page"}],"author":[{"embeddable":true,"href":"https:\/\/kalkanci.com\/tr\/wp-json\/wp\/v2\/users\/1"}],"replies":[{"embeddable":true,"href":"https:\/\/kalkanci.com\/tr\/wp-json\/wp\/v2\/comments?post=591"}],"version-history":[{"count":1,"href":"https:\/\/kalkanci.com\/tr\/wp-json\/wp\/v2\/pages\/591\/revisions"}],"predecessor-version":[{"id":3341,"href":"https:\/\/kalkanci.com\/tr\/wp-json\/wp\/v2\/pages\/591\/revisions\/3341"}],"up":[{"embeddable":true,"href":"https:\/\/kalkanci.com\/tr\/wp-json\/wp\/v2\/pages\/521"}],"wp:attachment":[{"href":"https:\/\/kalkanci.com\/tr\/wp-json\/wp\/v2\/media?parent=591"}],"curies":[{"name":"wp","href":"https:\/\/api.w.org\/{rel}","templated":true}]}}