{"id":619,"date":"2021-04-06T10:47:13","date_gmt":"2021-04-06T07:47:13","guid":{"rendered":"http:\/\/kreabazsunum.com\/kalkanci\/?page_id=619"},"modified":"2021-06-27T17:04:01","modified_gmt":"2021-06-27T14:04:01","slug":"diger-yuzey-islemleri","status":"publish","type":"page","link":"https:\/\/kalkanci.com\/tr\/yetenekler\/diger-yuzey-islemleri\/","title":{"rendered":"Di\u011fer Y\u00fczey \u0130\u015flemleri"},"content":{"rendered":"<div class=\"wpb-content-wrapper\"><p>[vc_row padding_top_multiplier=&#8221;&#8221; padding_bottom_multiplier=&#8221;&#8221; margin_bottom=&#8221;40&#8243;][vc_column][vc_column_text]<\/p>\n<p style=\"text-align: justify;\">KALKANCI \u00fcretim hatt\u0131n\u0131n son aya\u011f\u0131n\u0131 olu\u015fturan \u2018\u2019<strong>Y\u00fczey \u0130\u015flemleri<\/strong>\u201d; Vibrasyon, Y\u0131kama, Kumlama ve polisaj a\u015famalar\u0131n\u0131 i\u00e7inde bar\u0131nd\u0131rmaktad\u0131r. Bu a\u015famalar \u00fcr\u00fcn\u00fcn \u00e7apaklardan, ya\u011flardan kurtulmas\u0131na, parlamas\u0131na ve e\u011fer yap\u0131lacaksa kaplama veya boya i\u015flemine haz\u0131r hale getirilmesini sa\u011flar. <strong>Vibrasyon<\/strong>, <strong>Y\u0131kama<\/strong>, <strong>Kumlama<\/strong> ve <strong>Polisaj<\/strong> i\u015flemleriyle \u00fcr\u00fcnler \u00e7evreye ve korozyona kar\u015f\u0131 \u00e7ok daha diren\u00e7li olurlar. Ayr\u0131ca bu uygulanan y\u00fczey i\u015flemleri par\u00e7alar\u0131n\u0131n g\u00f6r\u00fcn\u00fcm\u00fc ve performans\u0131 etkiler.<\/p>\n<p>Ekibimiz, \u00e7ok \u00e7e\u015fitli se\u00e7eneklerden en etkili y\u00fczey i\u015fleme uygulamalar\u0131n\u0131 belirleyerek ihtiya\u00e7lar\u0131n\u0131z\u0131 de\u011ferlendirmek i\u00e7in sizinle birlikte \u00e7al\u0131\u015f\u0131rken, tasar\u0131m a\u015famas\u0131n\u0131n ba\u015flar\u0131nda, ayr\u0131m hatt\u0131, itici ve yolluk giri\u015fi gibi belirli \u00f6zellikler dikkate al\u0131n\u0131r.[\/vc_column_text][\/vc_column][\/vc_row][vc_row padding_top_multiplier=&#8221;&#8221; padding_bottom_multiplier=&#8221;&#8221; margin_bottom=&#8221;40&#8243;][vc_column width=&#8221;1\/2&#8243;][vc_column_text]<\/p>\n<h2>Vibrasyon \u0130\u015flemi<\/h2>\n<p style=\"text-align: justify;\">Sanayide \u00fcretim s\u00fcrecinin sonunda uygulanan Vibrasyon; bir\u00e7ok farkl\u0131 ama\u00e7 nedeniyle uygulanabilmektedir. Farkl\u0131 kimyasal s\u0131v\u0131lar\u0131n ve ta\u015flar\u0131n bir kazan i\u00e7erisinde titre\u015fmesi \u015feklinde uygulanan <strong>Vibrasyon i\u015flemi<\/strong> ile \u00fcr\u00fcn\u00fcn y\u00fczeyindeki \u00e7apak, p\u00fcr\u00fcz, kir, pas ve lekeler temizlenir. Ayr\u0131ca \u00fcr\u00fcn\u00fcn y\u00fczeyinin parlamas\u0131 i\u00e7in de <strong>Vibrasyon i\u015flemi<\/strong> uygulan\u0131r. <strong>Vibrasyon<\/strong> i\u015fleminin uygulanma ama\u00e7lar\u0131 \u015fu \u015fekilde s\u0131ralanabilir.<\/p>\n<p>[\/vc_column_text][\/vc_column][vc_column width=&#8221;1\/2&#8243;][vc_column_text]<\/p>\n<ul>\n<li><em>\u00c7apak Alma,<\/em><\/li>\n<li><em>Pas Alma,<\/em><\/li>\n<li><em>A\u015f\u0131nd\u0131rma,<\/em><\/li>\n<li><em>Tufal Alma<\/em><\/li>\n<li><em>Parlatma<\/em><\/li>\n<li><em>K\u00f6\u015fe K\u0131rma.<\/em><\/li>\n<\/ul>\n<p>[\/vc_column_text][\/vc_column][\/vc_row][vc_row padding_top_multiplier=&#8221;&#8221; padding_bottom_multiplier=&#8221;&#8221; margin_bottom=&#8221;20&#8243;][vc_column][vc_column_text]<\/p>\n<p style=\"text-align: justify;\">Vibrasyon i\u015fleminde kullan\u0131lan a\u015f\u0131nd\u0131r\u0131c\u0131 maddeler <strong>Seramik A\u015f\u0131nd\u0131r\u0131c\u0131lar<\/strong> ve <strong>Plastik A\u015f\u0131nd\u0131r\u0131c\u0131lar<\/strong> olarak ikiye ayr\u0131l\u0131r. A\u015f\u0131nd\u0131r\u0131c\u0131lar\u0131n bu i\u015flemdeki g\u00f6revi mekanik etki ile y\u00fczey p\u00fcr\u00fczs\u00fczl\u00fc\u011f\u00fcn\u00fc sa\u011flamakt\u0131r. Vibrasyon i\u015fleminde kullan\u0131lan kimyasal s\u0131v\u0131lar ise S\u0131v\u0131 ve Toz olarak ikiye ayr\u0131l\u0131r. Vibrasyon i\u015flemindeki kimyasallar\u0131n g\u00f6revi ise ya\u011flama yaparak s\u00fcrt\u00fcnme etkisini yani a\u015f\u0131nmay\u0131 azaltmak, \u00fcr\u00fcnler \u00fczerinde koruma sa\u011flamak ve y\u00fczeyden temizlenen her t\u00fcrl\u00fc kiri uzakla\u015ft\u0131rmakt\u0131r.<\/p>\n<p>[\/vc_column_text][\/vc_column][\/vc_row][vc_row padding_top_multiplier=&#8221;&#8221; padding_bottom_multiplier=&#8221;&#8221; margin_bottom=&#8221;20&#8243;][vc_column][vc_column_text]<\/p>\n<h3>Y\u0131kama \u0130\u015flemi<\/h3>\n<p style=\"text-align: justify;\">Metal y\u00fczeylerin parlat\u0131lmas\u0131 ve korunmas\u0131 kapsam\u0131nda yap\u0131lan Y\u0131kama i\u015flemi, \u00fcr\u00fcn\u00fcn hem korunmas\u0131 hem de uzun \u00f6m\u00fcrl\u00fc olmas\u0131 a\u00e7\u0131s\u0131ndan son derece \u00f6nemlidir. \u00dcretim s\u00fcrecinde \u00fcr\u00fcn \u00fczerinde kalan bir\u00e7ok kimyasal vard\u0131r ve bu kimyasallar\u0131n temizlenmesi gerekmektedir. Y\u0131kama ve durulama i\u015flemlerinde kullan\u0131lan malzemeler ve uygulama s\u00fcresi Y\u0131kama i\u015fleminin en \u00f6nemli ve dikkat edilmesi gereken noktas\u0131d\u0131r.<\/p>\n<p>[\/vc_column_text][\/vc_column][\/vc_row][vc_row padding_top_multiplier=&#8221;&#8221; padding_bottom_multiplier=&#8221;&#8221; margin_bottom=&#8221;20&#8243;][vc_column][vc_column_text]<\/p>\n<h3>Polisaj \u0130\u015flemi<\/h3>\n<p style=\"text-align: justify;\"><strong>Polisaj<\/strong> veya <strong>parlatma a\u015f\u0131nd\u0131r\u0131c\u0131 ta\u015f<\/strong>, a\u015f\u0131nd\u0131r\u0131c\u0131 pasta veya s\u0131v\u0131larla y\u00fczey parlatma i\u015flemidir. Polisaj malzemenin parlat\u0131lan y\u00fczeyden en az miktarda uzakla\u015ft\u0131r\u0131lmas\u0131d\u0131r. Ama\u00e7 y\u00fczeyi d\u00fczeltmek ve parlakl\u0131k sa\u011flamakt\u0131r. Bunu yapmak i\u00e7in, parlat\u0131c\u0131 tanecikleri belirli bir bas\u0131n\u00e7la parlat\u0131lacak y\u00fczeye bast\u0131r\u0131l\u0131r. Bu parlat\u0131c\u0131 tanecikler macun, cila vb ortam\u0131 i\u00e7indedirler. Ger\u00e7ekte i\u015flem ta\u015flamaya kar\u015f\u0131l\u0131k gelir ancak parlatmada y\u00fczeyden m\u00fcmk\u00fcn oldu\u011funca az <a title=\"Malzeme\" href=\"https:\/\/kalkanci.com\/yetenekler\/aluminyum-malzeme\/\">malzeme<\/a> \u00e7\u0131kar\u0131lmal\u0131d\u0131r. Parlat\u0131lan malzemenin kal\u0131nl\u0131\u011f\u0131 \u00e7ok az miktarda azal\u0131r.<\/p>\n<p>[\/vc_column_text][\/vc_column][\/vc_row][vc_row padding_top_multiplier=&#8221;&#8221; padding_bottom_multiplier=&#8221;&#8221; margin_bottom=&#8221;20&#8243;][vc_column][vc_column_text]<\/p>\n<h3>Kumlama \u0130\u015flemi<\/h3>\n<p style=\"text-align: justify;\">\u00dcretim esnas\u0131nda par\u00e7alar\u0131n \u00fczerinde kalan her t\u00fcrl\u00fc ya\u011f, kir, boya, \u00e7apak, pis, pas ve di\u011fer yabanc\u0131 maddelerin temizlenmesini sa\u011flayan Kumlama i\u015flemi, \u00fcr\u00fcn\u00fcn \u00f6mr\u00fcn\u00fc uzatmak ad\u0131na \u00f6nemli bir ad\u0131md\u0131r. Grit ad\u0131 verilen ve \u00f6zel \u00fcretim mikro d\u00fczeydeki kum tanelerinin \u00fcr\u00fcn\u00fcn \u00fczerine p\u00fcsk\u00fcrt\u00fclmesi s\u00fcreci olan Kumlama sonras\u0131 \u00fcr\u00fcnler koruyucu boya ve malzemelerle kaplan\u0131r.<\/p>\n<p>[\/vc_column_text][\/vc_column][\/vc_row][vc_row padding_top_multiplier=&#8221;&#8221; padding_bottom_multiplier=&#8221;&#8221; margin_bottom=&#8221;20&#8243;][vc_column width=&#8221;1\/2&#8243;][vc_column_text]<\/p>\n<p style=\"text-align: juetify;\">Kumlamada a\u015f\u0131nd\u0131r\u0131c\u0131 olarak Metal Esasl\u0131 Kumlaman\u0131n yap\u0131laca\u011f\u0131 \u00fcr\u00fcn\u00fcn \u00f6zelliklerine g\u00f6re do\u011fru tane boyutunu se\u00e7mek do\u011fru i\u015f ve i\u015f\u00e7ilik i\u00e7in son derece \u00f6nemlidir. Kumlama yapman\u0131n birka\u00e7 farkl\u0131 yolu vard\u0131r. Kumlamaya maruz kalacak \u00fcr\u00fcn\u00fcn \u015fekli, boyutu ve \u00f6zelliklerine g\u00f6re farkl\u0131 kumlama y\u00f6ntemleri uygulanmaktad\u0131r. Kalkanc\u0131 b\u00fcnyesinde kullan\u0131lmakta olan kumlama y\u00f6ntemleri a\u015fa\u011f\u0131daki gibidir;<\/p>\n<p>[\/vc_column_text][\/vc_column][vc_column width=&#8221;1\/2&#8243;][vc_column_text]<\/p>\n<ul>\n<li>Ask\u0131l\u0131 Kumlama<\/li>\n<li>Tamburlu Kumlama<\/li>\n<li>Bunun ile birlikte maksimum 60 Rz de\u011feri aral\u0131klar\u0131 sa\u011flanmaktad\u0131r.<\/li>\n<\/ul>\n<p>[\/vc_column_text][\/vc_column][\/vc_row][vc_row padding_bottom_multiplier=&#8221;&#8221; margin_bottom=&#8221;20&#8243;][vc_column width=&#8221;1\/3&#8243;][vc_column_text]<\/p>\n<p style=\"text-align: justify;\">Kumlama i\u015flemlerinin sa\u011flad\u0131\u011f\u0131 y\u00fczey temizli\u011fi ISO 8501-1:1998 ve TSE EN ISO 8501-1 standard\u0131na g\u00f6re de\u011ferlendirilir ve temizlik de\u011ferleri \u015fu \u015fekilde s\u0131n\u0131fland\u0131r\u0131l\u0131r;<\/p>\n<ul>\n<li>Sa 1 &lt; %80 Hafif temizlenmi\u015f<\/li>\n<li>Sa 2 %80 \u0130yi temizlenmi\u015f<\/li>\n<li>Sa 2.5 %96 \u00c7ok iyi temizlenmi\u015f<\/li>\n<li>Sa 3 %99 Komple temizlenmi\u015f<\/li>\n<\/ul>\n<p>[\/vc_column_text][\/vc_column][vc_column width=&#8221;2\/3&#8243;][vc_column_text]<\/p>\n<h3><strong>Kalkanc\u0131 Y\u00fczey \u0130\u015flemleri<\/strong><\/h3>\n<p style=\"text-align: justify;\">\u00dcr\u00fcn\u00fc korumak ve i\u015flenmeye en uygun hale getirmek i\u00e7in olduk\u00e7a b\u00fcy\u00fck \u00f6neme sahip olan Malzeme Y\u00fczey \u0130\u015flemleri s\u00fcreci, \u00fcr\u00fcnlerin sa\u011flaml\u0131\u011f\u0131n\u0131 art\u0131rd\u0131\u011f\u0131 gibi \u00f6mr\u00fcn\u00fc de uzat\u0131r. Bu da uzun vadede ekonomik art\u0131lar sunmaktad\u0131r. Kalkanc\u0131 markas\u0131 olarak Y\u00fczey \u0130\u015flemleri s\u00fcre\u00e7lerine b\u00fcy\u00fck \u00f6nem veriyor, \u00fcr\u00fcn kalitemizin kontrollerini her a\u015famada sa\u011fl\u0131yoruz.<\/p>\n<p>[\/vc_column_text][\/vc_column][\/vc_row]<\/p>\n<\/div>","protected":false},"excerpt":{"rendered":"<p>[vc_row padding_top_multiplier=&#8221;&#8221; padding_bottom_multiplier=&#8221;&#8221; margin_bottom=&#8221;40&#8243;][vc_column][vc_column_text] KALKANCI \u00fcretim hatt\u0131n\u0131n son aya\u011f\u0131n\u0131 olu\u015fturan \u2018\u2019Y\u00fczey \u0130\u015flemleri\u201d; Vibrasyon, Y\u0131kama, Kumlama ve polisaj a\u015famalar\u0131n\u0131 i\u00e7inde bar\u0131nd\u0131rmaktad\u0131r. Bu a\u015famalar \u00fcr\u00fcn\u00fcn \u00e7apaklardan, ya\u011flardan kurtulmas\u0131na, parlamas\u0131na ve e\u011fer yap\u0131lacaksa kaplama veya boya i\u015flemine haz\u0131r hale getirilmesini sa\u011flar. Vibrasyon, Y\u0131kama, Kumlama ve Polisaj i\u015flemleriyle \u00fcr\u00fcnler \u00e7evreye ve korozyona kar\u015f\u0131 \u00e7ok daha diren\u00e7li olurlar. Ayr\u0131ca bu [&hellip;]<\/p>\n","protected":false},"author":1,"featured_media":0,"parent":521,"menu_order":0,"comment_status":"closed","ping_status":"closed","template":"","meta":{"_seopress_robots_primary_cat":"","_seopress_titles_title":"Di\u011fer Y\u00fczey \u0130\u015flemleri | Kalkanc\u0131 Pres D\u00f6k\u00fcm ve Kal\u0131p","_seopress_titles_desc":"Al\u00fcminyum D\u00f6k\u00fcm Kal\u0131p imalat s\u00fcrecinde \u00fcr\u00fcnlerimizin kusursuz hale getirmek i\u00e7in Y\u00fczey \u0130\u015flemleri s\u00fcre\u00e7lerini uyguluyoruz.","_seopress_robots_index":"","footnotes":""},"class_list":["post-619","page","type-page","status-publish","hentry"],"_links":{"self":[{"href":"https:\/\/kalkanci.com\/tr\/wp-json\/wp\/v2\/pages\/619","targetHints":{"allow":["GET"]}}],"collection":[{"href":"https:\/\/kalkanci.com\/tr\/wp-json\/wp\/v2\/pages"}],"about":[{"href":"https:\/\/kalkanci.com\/tr\/wp-json\/wp\/v2\/types\/page"}],"author":[{"embeddable":true,"href":"https:\/\/kalkanci.com\/tr\/wp-json\/wp\/v2\/users\/1"}],"replies":[{"embeddable":true,"href":"https:\/\/kalkanci.com\/tr\/wp-json\/wp\/v2\/comments?post=619"}],"version-history":[{"count":0,"href":"https:\/\/kalkanci.com\/tr\/wp-json\/wp\/v2\/pages\/619\/revisions"}],"up":[{"embeddable":true,"href":"https:\/\/kalkanci.com\/tr\/wp-json\/wp\/v2\/pages\/521"}],"wp:attachment":[{"href":"https:\/\/kalkanci.com\/tr\/wp-json\/wp\/v2\/media?parent=619"}],"curies":[{"name":"wp","href":"https:\/\/api.w.org\/{rel}","templated":true}]}}