{"id":703,"date":"2021-04-08T13:36:23","date_gmt":"2021-04-08T10:36:23","guid":{"rendered":"http:\/\/kreabazsunum.com\/kalkanci\/?page_id=703"},"modified":"2021-05-07T17:21:32","modified_gmt":"2021-05-07T14:21:32","slug":"aluminyum-isil-islem","status":"publish","type":"page","link":"https:\/\/kalkanci.com\/tr\/yetenekler\/aluminyum-isil-islem\/","title":{"rendered":"Al\u00fcminyum Is\u0131l \u0130\u015flem"},"content":{"rendered":"<div class=\"wpb-content-wrapper\"><p>[vc_row padding_top_multiplier=&#8221;&#8221; padding_bottom_multiplier=&#8221;&#8221; margin_bottom=&#8221;40&#8243;][vc_column][vc_column_text]<\/p>\n<p style=\"text-align: justify;\">En genel tan\u0131m\u0131yla <strong>Is\u0131l \u0130\u015flem<\/strong>; metallerin sahip olduklar\u0131 sertlik, mukavemet vb. mekanik \u00f6zelliklerini art\u0131rmak ve metalleri daha dayan\u0131kl\u0131 hale getirmek amac\u0131yla uygulanan i\u015flemlerin genel ad\u0131d\u0131r. Bu s\u00fcre\u00e7te metallerin mikro yap\u0131lar\u0131 de\u011fi\u015ftirilerek; dayan\u0131kl\u0131l\u0131k, a\u015f\u0131nmazl\u0131k, s\u00fcneklik, s\u0131cakl\u0131k gibi konularda diren\u00e7 kazanmalar\u0131 sa\u011flan\u0131r. Asl\u0131nda hepimizin a\u015fina oldu\u011fu bir s\u00fcre\u00e7 olan Is\u0131l \u0130\u015flem, \u00e7ok uzun zamand\u0131r uygulanan bir y\u00f6ntemdir. Eski zamanlarda dahi prati\u011fi ve faydas\u0131 bilinen Is\u0131l \u0130\u015flem, (\u00e7ok basit d\u00fczeyde olsa dahi) eski demirci ustalar\u0131 taraf\u0131ndan balta, ok ucu, k\u0131l\u0131\u00e7 gibi silahlar\u0131 yaparken bile uygulanmaktayd\u0131. G\u00fcn\u00fcm\u00fczde ise Is\u0131l \u0130\u015flem Karbonizasyon ad\u0131 verilen bir teknikle, \u00e7ok daha geli\u015fmi\u015f teknolojiye sahip, atmosfer kontroll\u00fc f\u0131r\u0131nlarda, her metale uygun derecelendirmelerle yap\u0131lmaktad\u0131r.<\/p>\n<p>[\/vc_column_text][\/vc_column][\/vc_row][vc_row padding_top_multiplier=&#8221;&#8221; padding_bottom_multiplier=&#8221;&#8221; margin_bottom=&#8221;20&#8243;][vc_column][vc_column_text]<\/p>\n<h2>Is\u0131l \u0130\u015flem Nedir?<\/h2>\n<p style=\"text-align: justify;\">Genel kan\u0131n\u0131n aksine Is\u0131l \u0130\u015flem sadece metali sertle\u015ftirmek i\u00e7in kullan\u0131lmaz. \u0130stekler ve ihtiya\u00e7lar do\u011frultusunda \u00fcr\u00fcnlere esneklik ve yumu\u015fakl\u0131k kazand\u0131rma da Is\u0131l \u0130\u015flem s\u00fcrecine d\u00e2hildir. \u0130\u015fte bu sebeple <strong>Is\u0131l \u0130\u015flem<\/strong>, s\u00fcre\u00e7 olarak kolay g\u00f6z\u00fckse de olduk\u00e7a hassas bir dengeye ve kontrole ihtiya\u00e7 duyar. Zira Is\u0131l \u0130\u015flem sonras\u0131 metalin sertli\u011fi artar ve a\u015f\u0131nmaya kar\u015f\u0131 daha diren\u00e7li olur. Ancak, \u0131s\u0131l i\u015flem sonras\u0131 malzeme daha k\u0131r\u0131lgan hale de gelir. Esneme pay\u0131n\u0131 yitirerek k\u0131r\u0131lganl\u0131\u011f\u0131 artan malzemelerin optimum \u0131s\u0131tma ve so\u011futmaya maruz kalmas\u0131 \u00e7ok hassas bir s\u00fcre\u00e7tir. Bu sebeple kullan\u0131lan metal i\u00e7in en uygun s\u0131cakl\u0131k, atmosfer bas\u0131nc\u0131 ve maruz kal\u0131nan zaman\u0131 bilmek olduk\u00e7a \u00f6nemlidir.<\/p>\n<p>\u0130htiya\u00e7 ve metallere g\u00f6re de\u011fi\u015fmekle beraber <strong>Is\u0131l \u0130\u015flem<\/strong> temelde 4 a\u015famadan olu\u015fur.<\/p>\n<ul>\n<li>Belirlenen minimum s\u0131cakl\u0131\u011fa kadar \u201c<strong>Is\u0131tma<\/strong>\u201d.<\/li>\n<li>Gerekti\u011fi kadar bu s\u0131cakl\u0131kta \u201c<strong>Bekleme<\/strong>\u201d.<\/li>\n<li>Metale ve ihtiyac\u0131na g\u00f6re \u201c<strong>Su Verme<\/strong>\u201d<\/li>\n<li>\u201c<strong>Ya\u015fland\u0131rma<\/strong>\u201d<\/li>\n<\/ul>\n<p>[\/vc_column_text][\/vc_column][\/vc_row][vc_row padding_top_multiplier=&#8221;&#8221; padding_bottom_multiplier=&#8221;&#8221; margin_bottom=&#8221;20&#8243;][vc_column][vc_column_text]<\/p>\n<h3>Al\u00fcminyum Is\u0131l \u0130\u015flem<\/h3>\n<p style=\"text-align: justify;\">Al\u00fcminyum Is\u0131l \u0130\u015flem prosesi yukar\u0131da belirtti\u011fimiz temel 4 a\u015famayla tamamlan\u0131r. T\u00fcm bu s\u00fcre\u00e7 i\u00e7erisinde KALKANCI olarak b\u00fcnyemizdeki makinalarla Al\u00fcminyum Is\u0131l \u0130\u015flem prosesinde \u015fu <strong>Is\u0131l \u0130\u015flem \u00e7e\u015fitlerini<\/strong> uygulayabilmekteyiz.(T: Is\u0131l i\u015fleme tabi tutulmu\u015f)<\/p>\n<ul>\n<li><strong>T4:<\/strong> \u00c7\u00f6zeltiye alma i\u015flemi tamamlanan ve <strong>tabii ya\u015flanmaya<\/strong> b\u0131rak\u0131lan stabil \u00fcr\u00fcnler,<\/li>\n<li><strong>T5:<\/strong> S\u0131cakl\u0131k \u015fekillendirme i\u015flemi tamamlanarak so\u011futulan ve <strong>suni ya\u015fland\u0131rma<\/strong> yap\u0131lan \u00fcr\u00fcnler,<\/li>\n<li><strong>T6:<\/strong> \u00c7\u00f6zeltiye alma i\u015flemi tamamlanan ve <strong>suni ya\u015flanmaya<\/strong> b\u0131rak\u0131lan \u00fcr\u00fcnler,<\/li>\n<li><strong>T7:<\/strong>\u00c7\u00f6zeltiye alma i\u015flemi tamamlanan ve <strong>a\u015f\u0131r\u0131 ya\u015fland\u0131rma<\/strong> yap\u0131lan \u00fcr\u00fcnler<\/li>\n<\/ul>\n<p style=\"text-align: justify;\">\u00dcretim hatt\u0131m\u0131zda yer alan f\u0131r\u0131n ve di\u011fer <strong>Is\u0131l \u0130\u015flem<\/strong> ekipmanlar\u0131m\u0131zla siz de\u011ferli m\u00fc\u015fterilerimize y\u00fcksek s\u0131cakl\u0131k tolerans\u0131 olan, tutarl\u0131l\u0131\u011f\u0131 ve verimi daha y\u00fcksek \u00fcr\u00fcnler sunabilmekteyiz. T\u00fcm standartlara uygun \u015fekilde y\u00f6netti\u011fimiz, alan\u0131nda uzman m\u00fchendis ve teknisyenlerimizle y\u00fcr\u00fctt\u00fc\u011f\u00fcm\u00fcz Is\u0131l \u0130\u015flem s\u00fcreciyle maksimum dayan\u0131kl\u0131l\u0131kta \u00fcr\u00fcnler ortaya \u00e7\u0131karmaktay\u0131z.<\/p>\n<p>[\/vc_column_text][\/vc_column][\/vc_row]<\/p>\n<\/div>","protected":false},"excerpt":{"rendered":"<p>[vc_row padding_top_multiplier=&#8221;&#8221; padding_bottom_multiplier=&#8221;&#8221; margin_bottom=&#8221;40&#8243;][vc_column][vc_column_text] En genel tan\u0131m\u0131yla Is\u0131l \u0130\u015flem; metallerin sahip olduklar\u0131 sertlik, mukavemet vb. mekanik \u00f6zelliklerini art\u0131rmak ve metalleri daha dayan\u0131kl\u0131 hale getirmek amac\u0131yla uygulanan i\u015flemlerin genel ad\u0131d\u0131r. Bu s\u00fcre\u00e7te metallerin mikro yap\u0131lar\u0131 de\u011fi\u015ftirilerek; dayan\u0131kl\u0131l\u0131k, a\u015f\u0131nmazl\u0131k, s\u00fcneklik, s\u0131cakl\u0131k gibi konularda diren\u00e7 kazanmalar\u0131 sa\u011flan\u0131r. Asl\u0131nda hepimizin a\u015fina oldu\u011fu bir s\u00fcre\u00e7 olan Is\u0131l \u0130\u015flem, \u00e7ok uzun [&hellip;]<\/p>\n","protected":false},"author":1,"featured_media":0,"parent":521,"menu_order":0,"comment_status":"closed","ping_status":"closed","template":"","meta":{"_seopress_robots_primary_cat":"","_seopress_titles_title":"Al\u00fcminyum Is\u0131l \u0130\u015flem | Kalkanc\u0131 Pres D\u00f6k\u00fcm ve Kal\u0131p","_seopress_titles_desc":"Al\u00fcminyum D\u00f6k\u00fcm Kal\u0131p \u00fcretimimiz kapsam\u0131nda Al\u00fcminyum Is\u0131l \u0130\u015flem proseslerini ba\u015far\u0131yla uygulamaktay\u0131z.","_seopress_robots_index":"","footnotes":""},"class_list":["post-703","page","type-page","status-publish","hentry"],"_links":{"self":[{"href":"https:\/\/kalkanci.com\/tr\/wp-json\/wp\/v2\/pages\/703","targetHints":{"allow":["GET"]}}],"collection":[{"href":"https:\/\/kalkanci.com\/tr\/wp-json\/wp\/v2\/pages"}],"about":[{"href":"https:\/\/kalkanci.com\/tr\/wp-json\/wp\/v2\/types\/page"}],"author":[{"embeddable":true,"href":"https:\/\/kalkanci.com\/tr\/wp-json\/wp\/v2\/users\/1"}],"replies":[{"embeddable":true,"href":"https:\/\/kalkanci.com\/tr\/wp-json\/wp\/v2\/comments?post=703"}],"version-history":[{"count":0,"href":"https:\/\/kalkanci.com\/tr\/wp-json\/wp\/v2\/pages\/703\/revisions"}],"up":[{"embeddable":true,"href":"https:\/\/kalkanci.com\/tr\/wp-json\/wp\/v2\/pages\/521"}],"wp:attachment":[{"href":"https:\/\/kalkanci.com\/tr\/wp-json\/wp\/v2\/media?parent=703"}],"curies":[{"name":"wp","href":"https:\/\/api.w.org\/{rel}","templated":true}]}}