{"id":858,"date":"2021-04-29T11:06:49","date_gmt":"2021-04-29T08:06:49","guid":{"rendered":"http:\/\/kreabazsunum.com\/kalkanci\/?page_id=858"},"modified":"2021-05-07T18:35:29","modified_gmt":"2021-05-07T15:35:29","slug":"sunum-talep","status":"publish","type":"page","link":"https:\/\/kalkanci.com\/tr\/sunum-talep\/","title":{"rendered":"Sunum Talep"},"content":{"rendered":"<div class=\"wpb-content-wrapper\"><p>[vc_row bg_type=&#8221;color&#8221; padding_top_multiplier=&#8221;2x&#8221; bg_color=&#8221;#ffffff&#8221;][vc_column]<h1 class=\"eut-element eut-title eut-align-center eut-h1\" style=\"\"><span>Sunum Talep Et<\/span><\/h1><div class=\"eut-empty-space\" style=\"height: 15px;\"><\/div><style type=\"text\/css\">.super-form:not(.super-initialized) *:not(.super-load-icon) { visibility: hidden !important; }<\/style><div id=\"super-form-856\" style=\"margin:0px 0px 0px 0px;\" class=\"super-form super-form-856  super-default-squared super-field-size-medium super-adaptive\" data-hide=\"true\" data-overlay=\"true\" data-field-size=\"medium\"><span class=\"super-load-icon\"><\/span><form tabindex=\"0\" autocomplete=\"on\" enctype=\"multipart\/form-data\"><input type=\"hidden\" name=\"sf_nonce\" value=\"\" \/><input type=\"text\" name=\"super_hp\" size=\"25\" value=\"\" \/><div class=\"super-shortcode super-field super-hidden\"><input class=\"super-shortcode-field\" type=\"hidden\" value=\"856\" name=\"hidden_form_id\" \/><\/div><div class=\"super-grid super-shortcode\"><div class=\"super-shortcode super_one_half super-column grid-level-0 column-number-1 first-column \"><div class=\"super-shortcode super-field super-text   super-ungrouped  \"><div class=\"super-field-wrapper \"><input tabindex=\"-1\" class=\"super-shortcode-field\" type=\"text\" name=\"irket_Ad\" data-oname=\"irket_Ad\" data-validation=\"empty\" data-email=\"\u015eirket Ad\u0131\" data-exclude=\"0\" data-absolute-default=\"\" data-default-value=\"\" \/><span class=\"super-adaptive-placeholder\" data-placeholder=\"\u015eirket Ad\u0131\" data-placeholderFilled=\"\u015eirket Ad\u0131\"><span>\u015eirket Ad\u0131<\/span><\/span><\/div><div class=\"super-error-msg\">Alan gereklidir!<\/div><div class=\"super-empty-error-msg\">Alan gereklidir!<\/div><\/div><\/div><div class=\"super-shortcode super_one_half super-column grid-level-0 column-number-2  \"><div class=\"super-shortcode super-field super-text   super-ungrouped  \"><div class=\"super-field-wrapper \"><input tabindex=\"-1\" class=\"super-shortcode-field\" type=\"text\" name=\"Ad_Soyad\" data-oname=\"Ad_Soyad\" data-validation=\"empty\" data-email=\"Ad Soyad\" data-exclude=\"0\" data-absolute-default=\"\" data-default-value=\"\" \/><span class=\"super-adaptive-placeholder\" data-placeholder=\"Ad Soyad\" data-placeholderFilled=\"Ad Soyad\"><span>Ad Soyad<\/span><\/span><\/div><div class=\"super-error-msg\">Alan gereklidir!<\/div><div class=\"super-empty-error-msg\">Alan gereklidir!<\/div><\/div><\/div><\/div><div class=\"super-grid super-shortcode\"><div class=\"super-shortcode super_one_half super-column grid-level-0 column-number-1 first-column \"><div class=\"super-shortcode super-field super-text   super-ungrouped  \"><div class=\"super-field-wrapper \"><input tabindex=\"-1\" class=\"super-shortcode-field\" type=\"text\" name=\"Unvan\" data-oname=\"Unvan\" data-validation=\"empty\" data-email=\"\u00dcnvan\" data-exclude=\"0\" data-absolute-default=\"\" data-default-value=\"\" \/><span class=\"super-adaptive-placeholder\" data-placeholder=\"\u00dcnvan\" data-placeholderFilled=\"\u00dcnvan\"><span>\u00dcnvan<\/span><\/span><\/div><div class=\"super-error-msg\">Alan gereklidir!<\/div><div class=\"super-empty-error-msg\">Alan gereklidir!<\/div><\/div><\/div><div class=\"super-shortcode super_one_half super-column grid-level-0 column-number-2  \"><div class=\"super-shortcode super-field super-text   super-ungrouped  \"><div class=\"super-field-wrapper \"><input tabindex=\"-1\" class=\"super-shortcode-field\" type=\"email\" name=\"e-posta\" data-oname=\"e-posta\" data-validation=\"email\" data-email=\"e-Posta Adresi\" data-exclude=\"0\" data-absolute-default=\"\" data-default-value=\"\" \/><span class=\"super-adaptive-placeholder\" data-placeholder=\"e-Posta Adresi\" data-placeholderFilled=\"e-Posta Adresi\"><span>e-Posta Adresi<\/span><\/span><\/div><div class=\"super-error-msg\">Alan gereklidir!<\/div><div class=\"super-empty-error-msg\">Alan gereklidir!<\/div><\/div><\/div><\/div><div class=\"super-grid super-shortcode\"><div class=\"super-shortcode super_one_full super-column grid-level-0 column-number-1 first-column \"><div class=\"super-shortcode super-field super-textarea   super-ungrouped  \"><div class=\"super-field-wrapper \"><textarea tabindex=\"-1\" class=\"super-shortcode-field\" name=\"Mesaj_\" style=\"min-height:200px;\"  data-oname=\"Mesaj_\" data-email=\"Mesaj:\" data-exclude=\"0\" data-absolute-default=\"\" data-default-value=\"\" ><\/textarea><span class=\"super-adaptive-placeholder\" data-placeholder=\"Mesaj ...\" data-placeholderFilled=\"Mesaj \"><span>Mesaj ...<\/span><\/span><\/div><div class=\"super-error-msg\">Alan gereklidir!<\/div><div class=\"super-empty-error-msg\">Alan gereklidir!<\/div><\/div><\/div><\/div><div data-color=\"#f26c68\" data-light=\"#ff807c\" data-dark=\"#d44e4a\" data-hover-color=\"#444444\" data-hover-light=\"#585858\" data-hover-dark=\"#262626\" data-font=\"#ffffff\" data-font-hover=\"#ffffff\" data-radius=\"rounded\" data-type=\"flat\" class=\"super-extra-shortcode super-shortcode super-field super-button super-clear-none super-form-button super-radius-rounded super-type-flat super-button-medium super-button-align-left super-button-width-auto\"><div data-href=\"\" class=\"super-button-wrap no_link\"><div class=\"super-button-name\" data-action=\"submit\" data-normal=\"G\u00f6nder\" data-loading=\"Y\u00fckleniyor...\">G\u00f6nder<\/div><span class=\"super-after\"><\/span><\/div><\/div><\/form><\/div>[\/vc_column][\/vc_row]<\/p>\n<\/div>","protected":false},"excerpt":{"rendered":"<p>[vc_row bg_type=&#8221;color&#8221; padding_top_multiplier=&#8221;2x&#8221; bg_color=&#8221;#ffffff&#8221;][vc_column][\/vc_column][\/vc_row]<\/p>\n","protected":false},"author":1,"featured_media":0,"parent":0,"menu_order":0,"comment_status":"closed","ping_status":"closed","template":"","meta":{"_seopress_robots_primary_cat":"","_seopress_titles_title":"Sunum Talep | Kalkanc\u0131 Pres D\u00f6k\u00fcm ve Kal\u0131p","_seopress_titles_desc":"Kalkanc\u0131 markas\u0131n\u0131n hizmetleri ve sunduklar\u0131 hakk\u0131nda bilgi sahibi olmak istiyorsan\u0131z Sunum Talep Etmek i\u00e7in formu doldurabilirsiniz. ","_seopress_robots_index":"","footnotes":""},"class_list":["post-858","page","type-page","status-publish","hentry"],"_links":{"self":[{"href":"https:\/\/kalkanci.com\/tr\/wp-json\/wp\/v2\/pages\/858","targetHints":{"allow":["GET"]}}],"collection":[{"href":"https:\/\/kalkanci.com\/tr\/wp-json\/wp\/v2\/pages"}],"about":[{"href":"https:\/\/kalkanci.com\/tr\/wp-json\/wp\/v2\/types\/page"}],"author":[{"embeddable":true,"href":"https:\/\/kalkanci.com\/tr\/wp-json\/wp\/v2\/users\/1"}],"replies":[{"embeddable":true,"href":"https:\/\/kalkanci.com\/tr\/wp-json\/wp\/v2\/comments?post=858"}],"version-history":[{"count":0,"href":"https:\/\/kalkanci.com\/tr\/wp-json\/wp\/v2\/pages\/858\/revisions"}],"wp:attachment":[{"href":"https:\/\/kalkanci.com\/tr\/wp-json\/wp\/v2\/media?parent=858"}],"curies":[{"name":"wp","href":"https:\/\/api.w.org\/{rel}","templated":true}]}}